{"id":11894,"date":"2022-05-13T16:03:09","date_gmt":"2022-05-13T14:03:09","guid":{"rendered":"https:\/\/bolting.eu\/?post_type=product&#038;p=11894"},"modified":"2026-04-11T12:19:04","modified_gmt":"2026-04-11T10:19:04","slug":"petzl-puranneau-bandschlinge","status":"publish","type":"product","link":"https:\/\/bolting.eu\/en\/shop\/petzl-puranneau-bandschlinge\/","title":{"rendered":"Petzl Pur&#8217;Anneau Bandschlinge"},"content":{"rendered":"<p>Die Petzl Pur&#8217;Anneau <a href=\"https:\/\/bolting.eu\/produkt-kategorie\/kletterausruestung\/bandschlinge\/\">Bandschlinge<\/a> ist ein ultraleichtes Produkt. Denn es besteht aus hochdichtem Polyethylen, auch als Dyneema bekannt.<\/p>\n<p>Bei diesem Schlingenmaterial treffen hohe Schnittfestigkeit, geschmeidiges Material und perfektes Handling aufeinander.<\/p>\n<p>Die ultraleichten Bandschlingen gibt es in drei L\u00e4ngen. Erstens 60cm, zweitens 120cm und drittens 180cm.<\/p>\n<p>Dieses Produkt ist zum einen etwas f\u00fcr anspruchsvolle Alpinisten, welche bei ihrer <a href=\"https:\/\/bolting.eu\/kletterausruestung\/\">Kletterausr\u00fcstung<\/a> auf jedes Gramm achten m\u00fcssen. Und zum anderen f\u00fcr alle Bergsportler, die einfach DAS top Produkt in ihrer Ausr\u00fcstung haben wollen.<\/p>\n<h2>Eigenschaften Petzl Pur&#8217;Anneau Bandschlinge<\/h2>\n<ul>\n<li>Hersteller: <a href=\"https:\/\/bolting.eu\/produkt-kategorie\/petzl\/\">Petzl<\/a><\/li>\n<li>Material: hochdichtes Polyethylen (&#8220;Dyneema&#8221;), N\u00e4hte Polyamid<\/li>\n<li>L\u00e4ngen \/ Umfang: 60cm \/ 120cm, 120cm \/ 240cm, 180cm \/ 360cm;<\/li>\n<li>Gewicht: 18 Gramm, 32 Gramm, 48 Gramm;<\/li>\n<li>Bruchlast: 22 kN<\/li>\n<li>Normen: EN 566, EN 795<\/li>\n<li>nur 2mm dick und 10mm breit<\/li>\n<li>nimmt kein Wasser auf = friert nicht<\/li>\n<li>sehr geschmeidig f\u00fcr perfektes Handling<\/li>\n<li>ideal f\u00fcr Bau verl\u00e4ngerbare <a href=\"https:\/\/bolting.eu\/produkt-kategorie\/kletterausruestung\/expressschlingen\/\">Expressschlinge<\/a><\/li>\n<li>geringstes Gewicht<\/li>\n<li><a href=\"https:\/\/www.petzl.com\/sfc\/servlet.shepherd\/version\/download\/0681r0000078duFAAQ\">Bedienungsanleitung<\/a><\/li>\n<\/ul>\n<h3>Modell\u00fcbersicht <span style=\"font-size: 110%;\">Petzl Pur`Anneau<\/span><\/h3>\n<table style=\"border-collapse: collapse; width: 325pt;\" border=\"0\" width=\"435\" cellspacing=\"0\" cellpadding=\"0\">\n<tbody>\n<tr style=\"height: 16.0pt;\">\n<td class=\"xl63\" style=\"height: 16pt; width: 325pt; text-align: center;\" colspan=\"5\" width=\"435\" height=\"21\"><strong><span style=\"font-size: 110%;\">Produkt\u00fcbersicht\u00a0<\/span><\/strong><\/td>\n<\/tr>\n<tr style=\"height: 16.0pt;\">\n<td style=\"height: 16pt; text-align: center;\" height=\"21\"><strong>L\u00e4nge<\/strong><\/td>\n<td style=\"text-align: center;\"><strong>Umfang<\/strong><\/td>\n<td style=\"text-align: center;\"><strong>Gewicht<\/strong><\/td>\n<td style=\"text-align: center;\"><strong>Farbe Naht<\/strong><\/td>\n<td style=\"text-align: center;\"><strong>Artikelnummer<\/strong><\/td>\n<\/tr>\n<tr style=\"height: 16.0pt;\">\n<td style=\"height: 16pt; text-align: center;\" height=\"21\">60cm<\/td>\n<td style=\"text-align: center;\">120cm<\/td>\n<td style=\"text-align: center;\">18 Gramm<\/td>\n<td style=\"text-align: center;\">gelb<\/td>\n<td style=\"text-align: center;\">G006AA00<\/td>\n<\/tr>\n<tr style=\"height: 16.0pt;\">\n<td style=\"height: 16pt; text-align: center;\" height=\"21\">120cm<\/td>\n<td style=\"text-align: center;\">240cm<\/td>\n<td style=\"text-align: center;\">32 Gramm<\/td>\n<td style=\"text-align: center;\">rot<\/td>\n<td style=\"text-align: center;\">G006AA01<\/td>\n<\/tr>\n<tr style=\"height: 16.0pt;\">\n<td style=\"height: 16pt; text-align: center;\" height=\"21\">180cm<\/td>\n<td style=\"text-align: center;\">360cm<\/td>\n<td style=\"text-align: center;\">48 Gramm<\/td>\n<td style=\"text-align: center;\">violett<\/td>\n<td style=\"text-align: center;\">G006AA02<\/td>\n<\/tr>\n<\/tbody>\n<\/table>\n<h3>Vorteile dieses Produkts<\/h3>\n<p>Wer auf der Suche nach super Handling und geringstem Gewicht ist, der ist hier richtig. Denn das Material &#8220;hochdichtes Polyethylen&#8221;, auch als Dyneema bekannt, vereint klasse Vorteile.<\/p>\n<p>Zum einen ist das Material extrem geschmeidig und hat eine hohe Schnittfestigkeit. Zum anderen ist es aber auch extrem leicht und nimmt kein Wasser auf.<\/p>\n<p>Folglich werden die Schlingen bei Regen nicht schwerer bzw. k\u00f6nnen sie im Winter oder am Gletscher nicht frieren.<\/p>\n<p>Ideal ist die 60cm Variante zum Bau einer &#8220;<a href=\"https:\/\/bolting.eu\/verlaengerbare-expressschlinge\/\">verl\u00e4ngerbaren Expressschlinge<\/a>&#8220;.<\/p>\n<h3>Nachteile dieses Produkts<\/h3>\n<p>Dieses Material ist sehr glatt und hitzeempfindlich. Das bedeutet f\u00fcr die Anwendungen im Alpinsport aus unserer Sicht ganz klar zwei Dinge.<\/p>\n<p>Erstens. Diese Schlingen lassen sich nicht so gut knoten. Hier sind Schlingen aus Polyamid einfach besser. Und zweitens. Der niedrige Schmelzpunkt bedeutet, dass man die Schlingen nicht mit Klemmknoten als &#8220;<a href=\"https:\/\/bolting.eu\/kurzprusik\/\">Prusikschlinge<\/a> Ersatz&#8221; nehmen sollte.<\/p>\n<h3>Hinweis zur Lebensdauer der <span style=\"font-size: 110%;\">Petzl Pur`Anneau<\/span><\/h3>\n<p>UV Strahlung, st\u00e4ndiges Biegen bzw. Knicken der Fasern sowie Reibung am Fels setzen jeder Bandschlinge zu. Deswegen lautet die Empfehlung der DAV Sicherheitsforschung, seine Bandschlingen bereits alle 3 (!) Jahre zu tauschen.<\/p>\n<p>Nat\u00fcrlich halten diese Produkte unter regul\u00e4ren Umst\u00e4nden durchschnittliche Kr\u00e4fte auch nach 3 Jahren noch aus. Untersuchungen haben aber gezeigt, da\u00df bei ung\u00fcnstigen Rahmenbedingungen die Normwerte nicht mehr erreicht werden.<\/p>\n<p>Wir geben eine Verwendungsdauer bei sporadischem Gebrauch von 5 Jahren an. Die maximale Lagerfrist ohne Gebrauch betr\u00e4gt 10 Jahr.<\/p>\n<p>In jedem Fall immer an schattigem und trockenem Ort lagern!<\/p>\n","protected":false},"excerpt":{"rendered":"<p>Ultraleichte Bandschlinge mit 60cm, 120cm und 180cm L\u00e4nge aus hochdichtem Polyethylen a.k.a. Dyneema.<\/p>\n<p>Ein Top Produkt von Petzl f\u00fcr anspruchsvolle Alpinisten und alle, die auf geringstes Gewicht Wert legen.<\/p>\n<p>Versandkostenfrei bis 2kg in <img decoding=\"async\" class=\"emoji\" role=\"img\" draggable=\"false\" src=\"https:\/\/s.w.org\/images\/core\/emoji\/14.0.0\/svg\/1f1e6-1f1f9.svg\" alt=\"\ud83c\udde6\ud83c\uddf9\" \/> ab \u20ac 100,- und <img decoding=\"async\" class=\"emoji\" role=\"img\" draggable=\"false\" src=\"https:\/\/s.w.org\/images\/core\/emoji\/14.0.0\/svg\/1f1e9-1f1ea.svg\" alt=\"\ud83c\udde9\ud83c\uddea\" \/> ab \u20ac 200,- <img decoding=\"async\" class=\"emoji\" role=\"img\" draggable=\"false\" src=\"https:\/\/s.w.org\/images\/core\/emoji\/14.0.0\/svg\/2705.svg\" alt=\"\u2705\" \/>Trusted Shop zertifiziert<\/p>\n","protected":false},"featured_media":11901,"comment_status":"open","ping_status":"closed","template":"","meta":[],"product_brand":[],"product_cat":[29,259,7707,14093,14319],"product_tag":[],"class_list":{"0":"post-11894","1":"product","2":"type-product","3":"status-publish","4":"has-post-thumbnail","6":"product_cat-kletterausruestung","7":"product_cat-bandschlinge","8":"product_cat-dyneema-bandschlingen","9":"product_cat-petzl","10":"product_cat-sale-klettern","12":"first","13":"instock","14":"sale","15":"taxable","16":"shipping-taxable","17":"purchasable","18":"product-type-variable"},"yoast_head":"<!-- This site is optimized with the Yoast SEO Premium plugin v26.9 (Yoast SEO v26.9) - https:\/\/yoast.com\/product\/yoast-seo-premium-wordpress\/ -->\n<title>Petzl Pur&#039;Anneau Bandschlinge - ultraleicht aus Dyneema | bolting.eu<\/title>\n<meta name=\"description\" content=\"PETZL PUR\u00b4ANNEAU BANDSCHLINGEN beim Kletterprofi aus Innsbruck kaufen \u2705 Trusted Shop \u2705 kostenloser Versand* \u2705 14 Tage R\u00fcckgaberecht \u2705 Co2 neutraler Versand\" \/>\n<meta name=\"robots\" content=\"index, follow, max-snippet:-1, max-image-preview:large, max-video-preview:-1\" \/>\n<link rel=\"canonical\" href=\"https:\/\/bolting.eu\/en\/shop\/petzl-puranneau-bandschlinge\/\" \/>\n<meta property=\"og:locale\" content=\"en_US\" \/>\n<meta property=\"og:type\" content=\"article\" \/>\n<meta property=\"og:title\" content=\"Petzl Pur&#039;Anneau Bandschlinge\" \/>\n<meta property=\"og:description\" content=\"PETZL PUR\u00b4ANNEAU BANDSCHLINGEN beim Kletterprofi aus Innsbruck kaufen \u2705 Trusted Shop \u2705 kostenloser Versand* \u2705 14 Tage R\u00fcckgaberecht \u2705 Co2 neutraler Versand\" \/>\n<meta property=\"og:url\" content=\"https:\/\/bolting.eu\/en\/shop\/petzl-puranneau-bandschlinge\/\" \/>\n<meta property=\"og:site_name\" content=\"bolting.eu\" \/>\n<meta property=\"article:publisher\" content=\"https:\/\/www.facebook.com\/bolting.eu\" \/>\n<meta property=\"article:modified_time\" content=\"2026-04-11T10:19:04+00:00\" \/>\n<meta property=\"og:image\" content=\"https:\/\/bolting.eu\/wp-content\/uploads\/2022\/05\/Petzl-Pur-Anneau-1.jpg\" \/>\n\t<meta property=\"og:image:width\" content=\"700\" \/>\n\t<meta property=\"og:image:height\" content=\"700\" \/>\n\t<meta property=\"og:image:type\" content=\"image\/jpeg\" \/>\n<meta name=\"twitter:card\" content=\"summary_large_image\" \/>\n<meta name=\"twitter:label1\" content=\"Availability\" \/>\n\t<meta name=\"twitter:data1\" content=\"In stock\" \/>\n<script type=\"application\/ld+json\" class=\"yoast-schema-graph\">{\"@context\":\"https:\/\/schema.org\",\"@graph\":[{\"@type\":[\"WebPage\",\"ItemPage\"],\"@id\":\"https:\/\/bolting.eu\/en\/shop\/petzl-puranneau-bandschlinge\/\",\"url\":\"https:\/\/bolting.eu\/en\/shop\/petzl-puranneau-bandschlinge\/\",\"name\":\"Petzl Pur'Anneau Bandschlinge - ultraleicht aus Dyneema | bolting.eu\",\"isPartOf\":{\"@id\":\"https:\/\/bolting.eu\/en\/#website\"},\"primaryImageOfPage\":{\"@id\":\"https:\/\/bolting.eu\/en\/shop\/petzl-puranneau-bandschlinge\/#primaryimage\"},\"image\":{\"@id\":\"https:\/\/bolting.eu\/en\/shop\/petzl-puranneau-bandschlinge\/#primaryimage\"},\"thumbnailUrl\":\"https:\/\/bolting.eu\/wp-content\/uploads\/2022\/05\/Petzl-Pur-Anneau-1.jpg\",\"datePublished\":\"2022-05-13T14:03:09+00:00\",\"dateModified\":\"2026-04-11T10:19:04+00:00\",\"description\":\"PETZL PUR\u00b4ANNEAU BANDSCHLINGEN beim Kletterprofi aus Innsbruck kaufen \u2705 Trusted Shop \u2705 kostenloser Versand* \u2705 14 Tage R\u00fcckgaberecht \u2705 Co2 neutraler Versand\",\"breadcrumb\":{\"@id\":\"https:\/\/bolting.eu\/en\/shop\/petzl-puranneau-bandschlinge\/#breadcrumb\"},\"inLanguage\":\"en-US\",\"potentialAction\":[{\"@type\":\"ReadAction\",\"target\":[\"https:\/\/bolting.eu\/en\/shop\/petzl-puranneau-bandschlinge\/\"]}]},{\"@type\":\"ImageObject\",\"inLanguage\":\"en-US\",\"@id\":\"https:\/\/bolting.eu\/en\/shop\/petzl-puranneau-bandschlinge\/#primaryimage\",\"url\":\"https:\/\/bolting.eu\/wp-content\/uploads\/2022\/05\/Petzl-Pur-Anneau-1.jpg\",\"contentUrl\":\"https:\/\/bolting.eu\/wp-content\/uploads\/2022\/05\/Petzl-Pur-Anneau-1.jpg\",\"width\":700,\"height\":700,\"caption\":\"Das Bild zeigt die drei Petzl Pur\u00b4Anneau Bandschlingen direkt nebeneinander mit den bunten N\u00e4hten.\"},{\"@type\":\"BreadcrumbList\",\"@id\":\"https:\/\/bolting.eu\/en\/shop\/petzl-puranneau-bandschlinge\/#breadcrumb\",\"itemListElement\":[{\"@type\":\"ListItem\",\"position\":1,\"name\":\"Shop\",\"item\":\"https:\/\/bolting.eu\/en\/shop\/\"},{\"@type\":\"ListItem\",\"position\":2,\"name\":\"climbing equipment\",\"item\":\"https:\/\/bolting.eu\/en\/produkt-kategorie\/climbing-equipment\/\"},{\"@type\":\"ListItem\",\"position\":3,\"name\":\"Bandschlinge\",\"item\":\"https:\/\/bolting.eu\/produkt-kategorie\/kletterausruestung\/bandschlinge\/\"},{\"@type\":\"ListItem\",\"position\":4,\"name\":\"Dyneema Bandschlingen\",\"item\":\"https:\/\/bolting.eu\/produkt-kategorie\/kletterausruestung\/bandschlinge\/dyneema-bandschlingen\/\"},{\"@type\":\"ListItem\",\"position\":5,\"name\":\"Petzl Pur&#8217;Anneau Bandschlinge\"}]},{\"@type\":\"WebSite\",\"@id\":\"https:\/\/bolting.eu\/en\/#website\",\"url\":\"https:\/\/bolting.eu\/en\/\",\"name\":\"bolting.eu\",\"description\":\"we make climbs happen\",\"publisher\":{\"@id\":\"https:\/\/bolting.eu\/en\/#organization\"},\"potentialAction\":[{\"@type\":\"SearchAction\",\"target\":{\"@type\":\"EntryPoint\",\"urlTemplate\":\"https:\/\/bolting.eu\/en\/?s={search_term_string}\"},\"query-input\":{\"@type\":\"PropertyValueSpecification\",\"valueRequired\":true,\"valueName\":\"search_term_string\"}}],\"inLanguage\":\"en-US\"},{\"@type\":[\"Organization\",\"Place\",\"SportingGoodsStore\"],\"@id\":\"https:\/\/bolting.eu\/en\/#organization\",\"name\":\"bolting.eu\",\"url\":\"https:\/\/bolting.eu\/en\/\",\"logo\":{\"@id\":\"https:\/\/bolting.eu\/en\/shop\/petzl-puranneau-bandschlinge\/#local-main-organization-logo\"},\"image\":{\"@id\":\"https:\/\/bolting.eu\/en\/shop\/petzl-puranneau-bandschlinge\/#local-main-organization-logo\"},\"sameAs\":[\"https:\/\/www.facebook.com\/bolting.eu\",\"https:\/\/www.instagram.com\/bolting.eu\/\"],\"address\":{\"@id\":\"https:\/\/bolting.eu\/en\/shop\/petzl-puranneau-bandschlinge\/#local-main-place-address\"},\"geo\":{\"@type\":\"GeoCoordinates\",\"latitude\":\"47.264176340396226\",\"longitude\":\"11.380109057672346\"},\"telephone\":[\"+43 699 19083372\"],\"openingHoursSpecification\":[{\"@type\":\"OpeningHoursSpecification\",\"dayOfWeek\":[\"Monday\",\"Wednesday\",\"Friday\"],\"opens\":\"14:00\",\"closes\":\"18:00\"},{\"@type\":\"OpeningHoursSpecification\",\"dayOfWeek\":[\"Tuesday\",\"Thursday\",\"Saturday\",\"Sunday\"],\"opens\":\"00:00\",\"closes\":\"00:00\"}],\"email\":\"office@bolting.eu\",\"vatID\":\"ATU59999728\",\"priceRange\":\"$$\",\"currenciesAccepted\":\"Euro\"},{\"@type\":\"PostalAddress\",\"@id\":\"https:\/\/bolting.eu\/en\/shop\/petzl-puranneau-bandschlinge\/#local-main-place-address\",\"streetAddress\":\"Fischnalerstra\u00dfe 4\",\"addressLocality\":\"Innsbruck\",\"postalCode\":\"6020\",\"addressRegion\":\"Tirol\",\"addressCountry\":\"AT\"},{\"@type\":\"ImageObject\",\"inLanguage\":\"en-US\",\"@id\":\"https:\/\/bolting.eu\/en\/shop\/petzl-puranneau-bandschlinge\/#local-main-organization-logo\",\"url\":\"https:\/\/bolting.eu\/wp-content\/uploads\/2019\/09\/bolting-logo.png\",\"contentUrl\":\"https:\/\/bolting.eu\/wp-content\/uploads\/2019\/09\/bolting-logo.png\",\"width\":400,\"height\":211,\"caption\":\"bolting.eu\"}]}<\/script>\n<meta property=\"og:availability\" content=\"instock\" \/>\n<meta property=\"product:availability\" content=\"instock\" \/>\n<meta property=\"product:condition\" content=\"new\" \/>\n<meta name=\"geo.placename\" content=\"Innsbruck\" \/>\n<meta name=\"geo.position\" content=\"47.264176340396226;11.380109057672346\" \/>\n<meta name=\"geo.region\" content=\"Austria\" \/>\n<!-- \/ Yoast SEO Premium plugin. -->","yoast_head_json":{"title":"Petzl Pur'Anneau Bandschlinge - ultraleicht aus Dyneema | bolting.eu","description":"PETZL PUR\u00b4ANNEAU BANDSCHLINGEN beim Kletterprofi aus Innsbruck kaufen \u2705 Trusted Shop \u2705 kostenloser Versand* \u2705 14 Tage R\u00fcckgaberecht \u2705 Co2 neutraler Versand","robots":{"index":"index","follow":"follow","max-snippet":"max-snippet:-1","max-image-preview":"max-image-preview:large","max-video-preview":"max-video-preview:-1"},"canonical":"https:\/\/bolting.eu\/en\/shop\/petzl-puranneau-bandschlinge\/","og_locale":"en_US","og_type":"article","og_title":"Petzl Pur'Anneau Bandschlinge","og_description":"PETZL PUR\u00b4ANNEAU BANDSCHLINGEN beim Kletterprofi aus Innsbruck kaufen \u2705 Trusted Shop \u2705 kostenloser Versand* \u2705 14 Tage R\u00fcckgaberecht \u2705 Co2 neutraler Versand","og_url":"https:\/\/bolting.eu\/en\/shop\/petzl-puranneau-bandschlinge\/","og_site_name":"bolting.eu","article_publisher":"https:\/\/www.facebook.com\/bolting.eu","article_modified_time":"2026-04-11T10:19:04+00:00","og_image":[{"width":700,"height":700,"url":"https:\/\/bolting.eu\/wp-content\/uploads\/2022\/05\/Petzl-Pur-Anneau-1.jpg","type":"image\/jpeg"}],"twitter_card":"summary_large_image","twitter_misc":{"Availability":"In stock"},"schema":{"@context":"https:\/\/schema.org","@graph":[{"@type":["WebPage","ItemPage"],"@id":"https:\/\/bolting.eu\/en\/shop\/petzl-puranneau-bandschlinge\/","url":"https:\/\/bolting.eu\/en\/shop\/petzl-puranneau-bandschlinge\/","name":"Petzl Pur'Anneau Bandschlinge - ultraleicht aus Dyneema | bolting.eu","isPartOf":{"@id":"https:\/\/bolting.eu\/en\/#website"},"primaryImageOfPage":{"@id":"https:\/\/bolting.eu\/en\/shop\/petzl-puranneau-bandschlinge\/#primaryimage"},"image":{"@id":"https:\/\/bolting.eu\/en\/shop\/petzl-puranneau-bandschlinge\/#primaryimage"},"thumbnailUrl":"https:\/\/bolting.eu\/wp-content\/uploads\/2022\/05\/Petzl-Pur-Anneau-1.jpg","datePublished":"2022-05-13T14:03:09+00:00","dateModified":"2026-04-11T10:19:04+00:00","description":"PETZL PUR\u00b4ANNEAU BANDSCHLINGEN beim Kletterprofi aus Innsbruck kaufen \u2705 Trusted Shop \u2705 kostenloser Versand* \u2705 14 Tage R\u00fcckgaberecht \u2705 Co2 neutraler Versand","breadcrumb":{"@id":"https:\/\/bolting.eu\/en\/shop\/petzl-puranneau-bandschlinge\/#breadcrumb"},"inLanguage":"en-US","potentialAction":[{"@type":"ReadAction","target":["https:\/\/bolting.eu\/en\/shop\/petzl-puranneau-bandschlinge\/"]}]},{"@type":"ImageObject","inLanguage":"en-US","@id":"https:\/\/bolting.eu\/en\/shop\/petzl-puranneau-bandschlinge\/#primaryimage","url":"https:\/\/bolting.eu\/wp-content\/uploads\/2022\/05\/Petzl-Pur-Anneau-1.jpg","contentUrl":"https:\/\/bolting.eu\/wp-content\/uploads\/2022\/05\/Petzl-Pur-Anneau-1.jpg","width":700,"height":700,"caption":"Das Bild zeigt die drei Petzl Pur\u00b4Anneau Bandschlingen direkt nebeneinander mit den bunten N\u00e4hten."},{"@type":"BreadcrumbList","@id":"https:\/\/bolting.eu\/en\/shop\/petzl-puranneau-bandschlinge\/#breadcrumb","itemListElement":[{"@type":"ListItem","position":1,"name":"Shop","item":"https:\/\/bolting.eu\/en\/shop\/"},{"@type":"ListItem","position":2,"name":"climbing equipment","item":"https:\/\/bolting.eu\/en\/produkt-kategorie\/climbing-equipment\/"},{"@type":"ListItem","position":3,"name":"Bandschlinge","item":"https:\/\/bolting.eu\/produkt-kategorie\/kletterausruestung\/bandschlinge\/"},{"@type":"ListItem","position":4,"name":"Dyneema Bandschlingen","item":"https:\/\/bolting.eu\/produkt-kategorie\/kletterausruestung\/bandschlinge\/dyneema-bandschlingen\/"},{"@type":"ListItem","position":5,"name":"Petzl Pur&#8217;Anneau Bandschlinge"}]},{"@type":"WebSite","@id":"https:\/\/bolting.eu\/en\/#website","url":"https:\/\/bolting.eu\/en\/","name":"bolting.eu","description":"we make climbs happen","publisher":{"@id":"https:\/\/bolting.eu\/en\/#organization"},"potentialAction":[{"@type":"SearchAction","target":{"@type":"EntryPoint","urlTemplate":"https:\/\/bolting.eu\/en\/?s={search_term_string}"},"query-input":{"@type":"PropertyValueSpecification","valueRequired":true,"valueName":"search_term_string"}}],"inLanguage":"en-US"},{"@type":["Organization","Place","SportingGoodsStore"],"@id":"https:\/\/bolting.eu\/en\/#organization","name":"bolting.eu","url":"https:\/\/bolting.eu\/en\/","logo":{"@id":"https:\/\/bolting.eu\/en\/shop\/petzl-puranneau-bandschlinge\/#local-main-organization-logo"},"image":{"@id":"https:\/\/bolting.eu\/en\/shop\/petzl-puranneau-bandschlinge\/#local-main-organization-logo"},"sameAs":["https:\/\/www.facebook.com\/bolting.eu","https:\/\/www.instagram.com\/bolting.eu\/"],"address":{"@id":"https:\/\/bolting.eu\/en\/shop\/petzl-puranneau-bandschlinge\/#local-main-place-address"},"geo":{"@type":"GeoCoordinates","latitude":"47.264176340396226","longitude":"11.380109057672346"},"telephone":["+43 699 19083372"],"openingHoursSpecification":[{"@type":"OpeningHoursSpecification","dayOfWeek":["Monday","Wednesday","Friday"],"opens":"14:00","closes":"18:00"},{"@type":"OpeningHoursSpecification","dayOfWeek":["Tuesday","Thursday","Saturday","Sunday"],"opens":"00:00","closes":"00:00"}],"email":"office@bolting.eu","vatID":"ATU59999728","priceRange":"$$","currenciesAccepted":"Euro"},{"@type":"PostalAddress","@id":"https:\/\/bolting.eu\/en\/shop\/petzl-puranneau-bandschlinge\/#local-main-place-address","streetAddress":"Fischnalerstra\u00dfe 4","addressLocality":"Innsbruck","postalCode":"6020","addressRegion":"Tirol","addressCountry":"AT"},{"@type":"ImageObject","inLanguage":"en-US","@id":"https:\/\/bolting.eu\/en\/shop\/petzl-puranneau-bandschlinge\/#local-main-organization-logo","url":"https:\/\/bolting.eu\/wp-content\/uploads\/2019\/09\/bolting-logo.png","contentUrl":"https:\/\/bolting.eu\/wp-content\/uploads\/2019\/09\/bolting-logo.png","width":400,"height":211,"caption":"bolting.eu"}]},"og_availability":"instock","product_availability":"instock","product_condition":"new","geo.placename":"Innsbruck","geo.position":{"lat":"47.264176340396226","long":"11.380109057672346"},"geo.region":"Austria"},"_links":{"self":[{"href":"https:\/\/bolting.eu\/en\/wp-json\/wp\/v2\/product\/11894","targetHints":{"allow":["GET"]}}],"collection":[{"href":"https:\/\/bolting.eu\/en\/wp-json\/wp\/v2\/product"}],"about":[{"href":"https:\/\/bolting.eu\/en\/wp-json\/wp\/v2\/types\/product"}],"replies":[{"embeddable":true,"href":"https:\/\/bolting.eu\/en\/wp-json\/wp\/v2\/comments?post=11894"}],"wp:featuredmedia":[{"embeddable":true,"href":"https:\/\/bolting.eu\/en\/wp-json\/wp\/v2\/media\/11901"}],"wp:attachment":[{"href":"https:\/\/bolting.eu\/en\/wp-json\/wp\/v2\/media?parent=11894"}],"wp:term":[{"taxonomy":"product_brand","embeddable":true,"href":"https:\/\/bolting.eu\/en\/wp-json\/wp\/v2\/product_brand?post=11894"},{"taxonomy":"product_cat","embeddable":true,"href":"https:\/\/bolting.eu\/en\/wp-json\/wp\/v2\/product_cat?post=11894"},{"taxonomy":"product_tag","embeddable":true,"href":"https:\/\/bolting.eu\/en\/wp-json\/wp\/v2\/product_tag?post=11894"}],"curies":[{"name":"wp","href":"https:\/\/api.w.org\/{rel}","templated":true}]}}