{"id":11889,"date":"2022-05-13T14:40:25","date_gmt":"2022-05-13T12:40:25","guid":{"rendered":"https:\/\/bolting.eu\/?post_type=product&#038;p=11889"},"modified":"2025-08-01T18:15:00","modified_gmt":"2025-08-01T16:15:00","slug":"petzl-tiptop-umlenkkarabiner","status":"publish","type":"product","link":"https:\/\/bolting.eu\/en\/shop\/petzl-tiptop-umlenkkarabiner\/","title":{"rendered":"Petzl Tiptop Umlenkkarabiner"},"content":{"rendered":"<p>Der Petzl Tiptop Umlenkkarabiner ist ein <a href=\"https:\/\/bolting.eu\/produkt-kategorie\/kletterausruestung\/kletterkarabiner\/stahlkarabiner\/\">Stahlkarabiner<\/a> f\u00fcr Indoor Kletteranlagen. Denn er besteht aus verzinktem Stahl und wird somit nicht f\u00fcr Drau\u00dfen empfohlen.<\/p>\n<p>Dieses Karabiner erf\u00fcllt seine Funktion als Umlenkkarabiner mit Bravour. Zum einen ist er n\u00e4mlich extrem abriebfest und seilschonend. Zum anderen ist er aber auch preiswert.<\/p>\n<p>Wer in seinem Indoor Bereich neue Umlenkkarabiner ben\u00f6tigt, findet hier ein hochwertiges Produkt.<\/p>\n<h2>Eigenschaften Petzl Tiptop Umlenkkarabiner<\/h2>\n<ul>\n<li>Hersteller: <a href=\"https:\/\/bolting.eu\/produkt-kategorie\/petzl\/\">Petzl<\/a><\/li>\n<li>Material: verzinkter Karbonstahl und Alu (Schnapper)<\/li>\n<li>Gewicht: 195 Gramm<\/li>\n<li>Ma\u00dfe: 63 x 120mm<\/li>\n<li>Schnapper\u00f6ffnung: 23mm<\/li>\n<li>Bruchlasten: l\u00e4ngs 25 kN \u2013 offen 10 kN<\/li>\n<li>Normen: <a href=\"https:\/\/bolting.eu\/en-12275-norm\/\">EN 12275<\/a><\/li>\n<li>fixe \u00d6se f\u00fcr <a href=\"https:\/\/bolting.eu\/produkt-kategorie\/einbohrartikel\/schraubglied-rapidglied\/\">Schraubglied<\/a> mit 14mm Durchmessser<\/li>\n<li>kann <strong>nur mit Schraubglied installiert werden<\/strong><\/li>\n<li>empfohlenes Zubeh\u00f6r: Petzl Go 8mm, Petzl K-Link;<\/li>\n<li>hochwertiger Umlenkkarabiner f\u00fcr den Indoor Bereich<\/li>\n<li>extrem abriebfest und seilschonend<\/li>\n<li>Schnappermechanismus ebenso langlebig<\/li>\n<li><a href=\"https:\/\/www.petzl.com\/sfc\/servlet.shepherd\/version\/download\/068680000068T6oAAE\" target=\"_blank\" rel=\"noopener\">Bedienungsanleitung<\/a><\/li>\n<\/ul>\n<h3>Installation<\/h3>\n<p>Der Petzl Tiptop Umlenkkarabiner kann <strong>nur mit einem Rapidglied installiert werden<\/strong>. D.h. der Kettenstand braucht entweder gar keinen Ring, denn das Rapidglied wird direkt in die untere Lasche eingeh\u00e4ngt.<\/p>\n<p>K\u00fcnstliche Kletterw\u00e4nde haben zudem meistens eine &#8220;Umlenkplatte&#8221; wo die Karabiner ohnehin nur mit einem Schraubglied installiert werden k\u00f6nnen.<\/p>\n<p>Acht geben! Kein Edelstahl Schraubglied verwenden, denn das ergibt <a href=\"https:\/\/bolting.eu\/galvanische-korrosion-bei-bohrhaken\/\">galvanische Korrosion<\/a>.<\/p>\n<h3>Wartung Petzl Tiptop Umlenkkarabiner<\/h3>\n<p>Ihr seid Kletterwandverantwortlicher, der seine Umlenkkarabiner warten m\u00f6chte? Dann geben wir euch folgenden Tipp.<\/p>\n<p>Erstens solltet ihr den Karabiner ausbauen.<\/p>\n<p>Zweitens mit Wasser das Schnappergelenk waschen und den feinen Staub \u201eherausschlagen\u201c. Hierzu einfach den Karabiner in die Hand \u201eschlagen\u201c.<\/p>\n<p>Drittens zwei Tropfen <a href=\"https:\/\/bolting.eu\/shop\/kong-kletterausruestung-pflegeoel\/\">Karabiner Pflege\u00f6l<\/a> auf das Schnappergelenk und wieder in die Umlenkung h\u00e4ngen. Fertig!<\/p>\n","protected":false},"excerpt":{"rendered":"<p>Hochwertiger Umlenkkarabiner von Petzl f\u00fcr den Indoor Bereich. Zu installieren ausschlie\u00dflich mit einem Schraubglied.<\/p>\n<p>Extrem abriebfest, langlebig und mit gro\u00dfer Schnapper\u00f6ffnung.<\/p>\n<p>Versandkostenfrei bis 2kg in <img decoding=\"async\" class=\"emoji\" role=\"img\" draggable=\"false\" src=\"https:\/\/s.w.org\/images\/core\/emoji\/14.0.0\/svg\/1f1e6-1f1f9.svg\" alt=\"\ud83c\udde6\ud83c\uddf9\" \/> ab \u20ac 100,- und <img decoding=\"async\" class=\"emoji\" role=\"img\" draggable=\"false\" src=\"https:\/\/s.w.org\/images\/core\/emoji\/14.0.0\/svg\/1f1e9-1f1ea.svg\" alt=\"\ud83c\udde9\ud83c\uddea\" \/> ab \u20ac 200,-!<\/p>\n<p>&nbsp;<\/p>\n","protected":false},"featured_media":11893,"comment_status":"open","ping_status":"closed","template":"","meta":[],"product_brand":[],"product_cat":[14093,29,15211,44,58,1210,3003],"product_tag":[],"class_list":{"0":"post-11889","1":"product","2":"type-product","3":"status-publish","4":"has-post-thumbnail","6":"product_cat-petzl","7":"product_cat-kletterausruestung","8":"product_cat-kletterwand-zubehoer","9":"product_cat-kletterkarabiner","10":"product_cat-umlenker-kettenstand","11":"product_cat-einbohrartikel","12":"product_cat-stahlkarabiner","14":"first","15":"instock","16":"taxable","17":"shipping-taxable","18":"purchasable","19":"product-type-simple"},"yoast_head":"<!-- This site is optimized with the Yoast SEO Premium plugin v26.9 (Yoast SEO v26.9) - https:\/\/yoast.com\/product\/yoast-seo-premium-wordpress\/ -->\n<title>Petzl Tiptop Umlenkkarabiner - f\u00fcr Indoor aus verzinktem Stahl | bolting.eu<\/title>\n<meta name=\"description\" content=\"PETZL TIPTOP UMLENKKARABINER beim Kletterprofi kaufen \u2705 Trusted Shop \u2705 kostenloser Versand* \u2705 14 Tage R\u00fcckgaberecht \u2705 Co2 neutrale Zustellung\" \/>\n<meta name=\"robots\" content=\"index, follow, max-snippet:-1, max-image-preview:large, max-video-preview:-1\" \/>\n<link rel=\"canonical\" href=\"https:\/\/bolting.eu\/en\/shop\/petzl-tiptop-umlenkkarabiner\/\" \/>\n<meta property=\"og:locale\" content=\"en_US\" \/>\n<meta property=\"og:type\" content=\"article\" \/>\n<meta property=\"og:title\" content=\"Petzl Tiptop Umlenkkarabiner\" \/>\n<meta property=\"og:description\" content=\"PETZL TIPTOP UMLENKKARABINER beim Kletterprofi kaufen \u2705 Trusted Shop \u2705 kostenloser Versand* \u2705 14 Tage R\u00fcckgaberecht \u2705 Co2 neutrale Zustellung\" \/>\n<meta property=\"og:url\" content=\"https:\/\/bolting.eu\/en\/shop\/petzl-tiptop-umlenkkarabiner\/\" \/>\n<meta property=\"og:site_name\" content=\"bolting.eu\" \/>\n<meta property=\"article:publisher\" content=\"https:\/\/www.facebook.com\/bolting.eu\" \/>\n<meta property=\"article:modified_time\" content=\"2025-08-01T16:15:00+00:00\" \/>\n<meta property=\"og:image\" content=\"https:\/\/bolting.eu\/wp-content\/uploads\/2022\/05\/Petzl-Tiptop-Umlenkkarabiner1.jpg\" \/>\n\t<meta property=\"og:image:width\" content=\"700\" \/>\n\t<meta property=\"og:image:height\" content=\"700\" \/>\n\t<meta property=\"og:image:type\" content=\"image\/jpeg\" \/>\n<meta name=\"twitter:card\" content=\"summary_large_image\" \/>\n<meta name=\"twitter:label1\" content=\"Price\" \/>\n\t<meta name=\"twitter:data1\" content=\"&euro;&nbsp;18,90\" \/>\n\t<meta name=\"twitter:label2\" content=\"Availability\" \/>\n\t<meta name=\"twitter:data2\" content=\"In stock\" \/>\n<script type=\"application\/ld+json\" class=\"yoast-schema-graph\">{\"@context\":\"https:\/\/schema.org\",\"@graph\":[{\"@type\":[\"WebPage\",\"ItemPage\"],\"@id\":\"https:\/\/bolting.eu\/en\/shop\/petzl-tiptop-umlenkkarabiner\/\",\"url\":\"https:\/\/bolting.eu\/en\/shop\/petzl-tiptop-umlenkkarabiner\/\",\"name\":\"Petzl Tiptop Umlenkkarabiner - f\u00fcr Indoor aus verzinktem Stahl | bolting.eu\",\"isPartOf\":{\"@id\":\"https:\/\/bolting.eu\/en\/#website\"},\"primaryImageOfPage\":{\"@id\":\"https:\/\/bolting.eu\/en\/shop\/petzl-tiptop-umlenkkarabiner\/#primaryimage\"},\"image\":{\"@id\":\"https:\/\/bolting.eu\/en\/shop\/petzl-tiptop-umlenkkarabiner\/#primaryimage\"},\"thumbnailUrl\":\"https:\/\/bolting.eu\/wp-content\/uploads\/2022\/05\/Petzl-Tiptop-Umlenkkarabiner1.jpg\",\"datePublished\":\"2022-05-13T12:40:25+00:00\",\"dateModified\":\"2025-08-01T16:15:00+00:00\",\"description\":\"PETZL TIPTOP UMLENKKARABINER beim Kletterprofi kaufen \u2705 Trusted Shop \u2705 kostenloser Versand* \u2705 14 Tage R\u00fcckgaberecht \u2705 Co2 neutrale Zustellung\",\"breadcrumb\":{\"@id\":\"https:\/\/bolting.eu\/en\/shop\/petzl-tiptop-umlenkkarabiner\/#breadcrumb\"},\"inLanguage\":\"en-US\",\"potentialAction\":[{\"@type\":\"ReadAction\",\"target\":[\"https:\/\/bolting.eu\/en\/shop\/petzl-tiptop-umlenkkarabiner\/\"]}]},{\"@type\":\"ImageObject\",\"inLanguage\":\"en-US\",\"@id\":\"https:\/\/bolting.eu\/en\/shop\/petzl-tiptop-umlenkkarabiner\/#primaryimage\",\"url\":\"https:\/\/bolting.eu\/wp-content\/uploads\/2022\/05\/Petzl-Tiptop-Umlenkkarabiner1.jpg\",\"contentUrl\":\"https:\/\/bolting.eu\/wp-content\/uploads\/2022\/05\/Petzl-Tiptop-Umlenkkarabiner1.jpg\",\"width\":700,\"height\":700,\"caption\":\"Das Bild zeigt den silbernen Petzl Tiptop Umlenkkarabiner mit orangem Schnapper.\"},{\"@type\":\"BreadcrumbList\",\"@id\":\"https:\/\/bolting.eu\/en\/shop\/petzl-tiptop-umlenkkarabiner\/#breadcrumb\",\"itemListElement\":[{\"@type\":\"ListItem\",\"position\":1,\"name\":\"Shop\",\"item\":\"https:\/\/bolting.eu\/en\/shop\/\"},{\"@type\":\"ListItem\",\"position\":2,\"name\":\"climbing equipment\",\"item\":\"https:\/\/bolting.eu\/en\/produkt-kategorie\/climbing-equipment\/\"},{\"@type\":\"ListItem\",\"position\":3,\"name\":\"Climbing carabiner\",\"item\":\"https:\/\/bolting.eu\/en\/produkt-kategorie\/climbing-carabiner\/\"},{\"@type\":\"ListItem\",\"position\":4,\"name\":\"Steel carabiner\",\"item\":\"https:\/\/bolting.eu\/en\/produkt-kategorie\/steel-carabiner\/\"},{\"@type\":\"ListItem\",\"position\":5,\"name\":\"Petzl Tiptop Umlenkkarabiner\"}]},{\"@type\":\"WebSite\",\"@id\":\"https:\/\/bolting.eu\/en\/#website\",\"url\":\"https:\/\/bolting.eu\/en\/\",\"name\":\"bolting.eu\",\"description\":\"we make climbs happen\",\"publisher\":{\"@id\":\"https:\/\/bolting.eu\/en\/#organization\"},\"potentialAction\":[{\"@type\":\"SearchAction\",\"target\":{\"@type\":\"EntryPoint\",\"urlTemplate\":\"https:\/\/bolting.eu\/en\/?s={search_term_string}\"},\"query-input\":{\"@type\":\"PropertyValueSpecification\",\"valueRequired\":true,\"valueName\":\"search_term_string\"}}],\"inLanguage\":\"en-US\"},{\"@type\":[\"Organization\",\"Place\",\"SportingGoodsStore\"],\"@id\":\"https:\/\/bolting.eu\/en\/#organization\",\"name\":\"bolting.eu\",\"url\":\"https:\/\/bolting.eu\/en\/\",\"logo\":{\"@id\":\"https:\/\/bolting.eu\/en\/shop\/petzl-tiptop-umlenkkarabiner\/#local-main-organization-logo\"},\"image\":{\"@id\":\"https:\/\/bolting.eu\/en\/shop\/petzl-tiptop-umlenkkarabiner\/#local-main-organization-logo\"},\"sameAs\":[\"https:\/\/www.facebook.com\/bolting.eu\",\"https:\/\/www.instagram.com\/bolting.eu\/\"],\"address\":{\"@id\":\"https:\/\/bolting.eu\/en\/shop\/petzl-tiptop-umlenkkarabiner\/#local-main-place-address\"},\"geo\":{\"@type\":\"GeoCoordinates\",\"latitude\":\"47.264176340396226\",\"longitude\":\"11.380109057672346\"},\"telephone\":[\"+43 699 19083372\"],\"openingHoursSpecification\":[{\"@type\":\"OpeningHoursSpecification\",\"dayOfWeek\":[\"Monday\",\"Wednesday\",\"Friday\"],\"opens\":\"14:00\",\"closes\":\"18:00\"},{\"@type\":\"OpeningHoursSpecification\",\"dayOfWeek\":[\"Tuesday\",\"Thursday\",\"Saturday\",\"Sunday\"],\"opens\":\"00:00\",\"closes\":\"00:00\"}],\"email\":\"office@bolting.eu\",\"vatID\":\"ATU59999728\",\"priceRange\":\"$$\",\"currenciesAccepted\":\"Euro\"},{\"@type\":\"PostalAddress\",\"@id\":\"https:\/\/bolting.eu\/en\/shop\/petzl-tiptop-umlenkkarabiner\/#local-main-place-address\",\"streetAddress\":\"Fischnalerstra\u00dfe 4\",\"addressLocality\":\"Innsbruck\",\"postalCode\":\"6020\",\"addressRegion\":\"Tirol\",\"addressCountry\":\"AT\"},{\"@type\":\"ImageObject\",\"inLanguage\":\"en-US\",\"@id\":\"https:\/\/bolting.eu\/en\/shop\/petzl-tiptop-umlenkkarabiner\/#local-main-organization-logo\",\"url\":\"https:\/\/bolting.eu\/wp-content\/uploads\/2019\/09\/bolting-logo.png\",\"contentUrl\":\"https:\/\/bolting.eu\/wp-content\/uploads\/2019\/09\/bolting-logo.png\",\"width\":400,\"height\":211,\"caption\":\"bolting.eu\"}]}<\/script>\n<meta property=\"product:price:amount\" content=\"18.90\" \/>\n<meta property=\"product:price:currency\" content=\"EUR\" \/>\n<meta property=\"og:availability\" content=\"instock\" \/>\n<meta property=\"product:availability\" content=\"instock\" \/>\n<meta property=\"product:retailer_item_id\" content=\"M002AA00\" \/>\n<meta property=\"product:condition\" content=\"new\" \/>\n<meta name=\"geo.placename\" content=\"Innsbruck\" \/>\n<meta name=\"geo.position\" content=\"47.264176340396226;11.380109057672346\" \/>\n<meta name=\"geo.region\" content=\"Austria\" \/>\n<!-- \/ Yoast SEO Premium plugin. -->","yoast_head_json":{"title":"Petzl Tiptop Umlenkkarabiner - f\u00fcr Indoor aus verzinktem Stahl | bolting.eu","description":"PETZL TIPTOP UMLENKKARABINER beim Kletterprofi kaufen \u2705 Trusted Shop \u2705 kostenloser Versand* \u2705 14 Tage R\u00fcckgaberecht \u2705 Co2 neutrale Zustellung","robots":{"index":"index","follow":"follow","max-snippet":"max-snippet:-1","max-image-preview":"max-image-preview:large","max-video-preview":"max-video-preview:-1"},"canonical":"https:\/\/bolting.eu\/en\/shop\/petzl-tiptop-umlenkkarabiner\/","og_locale":"en_US","og_type":"article","og_title":"Petzl Tiptop Umlenkkarabiner","og_description":"PETZL TIPTOP UMLENKKARABINER beim Kletterprofi kaufen \u2705 Trusted Shop \u2705 kostenloser Versand* \u2705 14 Tage R\u00fcckgaberecht \u2705 Co2 neutrale Zustellung","og_url":"https:\/\/bolting.eu\/en\/shop\/petzl-tiptop-umlenkkarabiner\/","og_site_name":"bolting.eu","article_publisher":"https:\/\/www.facebook.com\/bolting.eu","article_modified_time":"2025-08-01T16:15:00+00:00","og_image":[{"width":700,"height":700,"url":"https:\/\/bolting.eu\/wp-content\/uploads\/2022\/05\/Petzl-Tiptop-Umlenkkarabiner1.jpg","type":"image\/jpeg"}],"twitter_card":"summary_large_image","twitter_misc":{"Price":"&euro;&nbsp;18,90","Availability":"In stock"},"schema":{"@context":"https:\/\/schema.org","@graph":[{"@type":["WebPage","ItemPage"],"@id":"https:\/\/bolting.eu\/en\/shop\/petzl-tiptop-umlenkkarabiner\/","url":"https:\/\/bolting.eu\/en\/shop\/petzl-tiptop-umlenkkarabiner\/","name":"Petzl Tiptop Umlenkkarabiner - f\u00fcr Indoor aus verzinktem Stahl | bolting.eu","isPartOf":{"@id":"https:\/\/bolting.eu\/en\/#website"},"primaryImageOfPage":{"@id":"https:\/\/bolting.eu\/en\/shop\/petzl-tiptop-umlenkkarabiner\/#primaryimage"},"image":{"@id":"https:\/\/bolting.eu\/en\/shop\/petzl-tiptop-umlenkkarabiner\/#primaryimage"},"thumbnailUrl":"https:\/\/bolting.eu\/wp-content\/uploads\/2022\/05\/Petzl-Tiptop-Umlenkkarabiner1.jpg","datePublished":"2022-05-13T12:40:25+00:00","dateModified":"2025-08-01T16:15:00+00:00","description":"PETZL TIPTOP UMLENKKARABINER beim Kletterprofi kaufen \u2705 Trusted Shop \u2705 kostenloser Versand* \u2705 14 Tage R\u00fcckgaberecht \u2705 Co2 neutrale Zustellung","breadcrumb":{"@id":"https:\/\/bolting.eu\/en\/shop\/petzl-tiptop-umlenkkarabiner\/#breadcrumb"},"inLanguage":"en-US","potentialAction":[{"@type":"ReadAction","target":["https:\/\/bolting.eu\/en\/shop\/petzl-tiptop-umlenkkarabiner\/"]}]},{"@type":"ImageObject","inLanguage":"en-US","@id":"https:\/\/bolting.eu\/en\/shop\/petzl-tiptop-umlenkkarabiner\/#primaryimage","url":"https:\/\/bolting.eu\/wp-content\/uploads\/2022\/05\/Petzl-Tiptop-Umlenkkarabiner1.jpg","contentUrl":"https:\/\/bolting.eu\/wp-content\/uploads\/2022\/05\/Petzl-Tiptop-Umlenkkarabiner1.jpg","width":700,"height":700,"caption":"Das Bild zeigt den silbernen Petzl Tiptop Umlenkkarabiner mit orangem Schnapper."},{"@type":"BreadcrumbList","@id":"https:\/\/bolting.eu\/en\/shop\/petzl-tiptop-umlenkkarabiner\/#breadcrumb","itemListElement":[{"@type":"ListItem","position":1,"name":"Shop","item":"https:\/\/bolting.eu\/en\/shop\/"},{"@type":"ListItem","position":2,"name":"climbing equipment","item":"https:\/\/bolting.eu\/en\/produkt-kategorie\/climbing-equipment\/"},{"@type":"ListItem","position":3,"name":"Climbing carabiner","item":"https:\/\/bolting.eu\/en\/produkt-kategorie\/climbing-carabiner\/"},{"@type":"ListItem","position":4,"name":"Steel carabiner","item":"https:\/\/bolting.eu\/en\/produkt-kategorie\/steel-carabiner\/"},{"@type":"ListItem","position":5,"name":"Petzl Tiptop Umlenkkarabiner"}]},{"@type":"WebSite","@id":"https:\/\/bolting.eu\/en\/#website","url":"https:\/\/bolting.eu\/en\/","name":"bolting.eu","description":"we make climbs happen","publisher":{"@id":"https:\/\/bolting.eu\/en\/#organization"},"potentialAction":[{"@type":"SearchAction","target":{"@type":"EntryPoint","urlTemplate":"https:\/\/bolting.eu\/en\/?s={search_term_string}"},"query-input":{"@type":"PropertyValueSpecification","valueRequired":true,"valueName":"search_term_string"}}],"inLanguage":"en-US"},{"@type":["Organization","Place","SportingGoodsStore"],"@id":"https:\/\/bolting.eu\/en\/#organization","name":"bolting.eu","url":"https:\/\/bolting.eu\/en\/","logo":{"@id":"https:\/\/bolting.eu\/en\/shop\/petzl-tiptop-umlenkkarabiner\/#local-main-organization-logo"},"image":{"@id":"https:\/\/bolting.eu\/en\/shop\/petzl-tiptop-umlenkkarabiner\/#local-main-organization-logo"},"sameAs":["https:\/\/www.facebook.com\/bolting.eu","https:\/\/www.instagram.com\/bolting.eu\/"],"address":{"@id":"https:\/\/bolting.eu\/en\/shop\/petzl-tiptop-umlenkkarabiner\/#local-main-place-address"},"geo":{"@type":"GeoCoordinates","latitude":"47.264176340396226","longitude":"11.380109057672346"},"telephone":["+43 699 19083372"],"openingHoursSpecification":[{"@type":"OpeningHoursSpecification","dayOfWeek":["Monday","Wednesday","Friday"],"opens":"14:00","closes":"18:00"},{"@type":"OpeningHoursSpecification","dayOfWeek":["Tuesday","Thursday","Saturday","Sunday"],"opens":"00:00","closes":"00:00"}],"email":"office@bolting.eu","vatID":"ATU59999728","priceRange":"$$","currenciesAccepted":"Euro"},{"@type":"PostalAddress","@id":"https:\/\/bolting.eu\/en\/shop\/petzl-tiptop-umlenkkarabiner\/#local-main-place-address","streetAddress":"Fischnalerstra\u00dfe 4","addressLocality":"Innsbruck","postalCode":"6020","addressRegion":"Tirol","addressCountry":"AT"},{"@type":"ImageObject","inLanguage":"en-US","@id":"https:\/\/bolting.eu\/en\/shop\/petzl-tiptop-umlenkkarabiner\/#local-main-organization-logo","url":"https:\/\/bolting.eu\/wp-content\/uploads\/2019\/09\/bolting-logo.png","contentUrl":"https:\/\/bolting.eu\/wp-content\/uploads\/2019\/09\/bolting-logo.png","width":400,"height":211,"caption":"bolting.eu"}]},"product_price_amount":"18.90","product_price_currency":"EUR","og_availability":"instock","product_availability":"instock","product_retailer_item_id":"M002AA00","product_condition":"new","geo.placename":"Innsbruck","geo.position":{"lat":"47.264176340396226","long":"11.380109057672346"},"geo.region":"Austria"},"_links":{"self":[{"href":"https:\/\/bolting.eu\/en\/wp-json\/wp\/v2\/product\/11889","targetHints":{"allow":["GET"]}}],"collection":[{"href":"https:\/\/bolting.eu\/en\/wp-json\/wp\/v2\/product"}],"about":[{"href":"https:\/\/bolting.eu\/en\/wp-json\/wp\/v2\/types\/product"}],"replies":[{"embeddable":true,"href":"https:\/\/bolting.eu\/en\/wp-json\/wp\/v2\/comments?post=11889"}],"wp:featuredmedia":[{"embeddable":true,"href":"https:\/\/bolting.eu\/en\/wp-json\/wp\/v2\/media\/11893"}],"wp:attachment":[{"href":"https:\/\/bolting.eu\/en\/wp-json\/wp\/v2\/media?parent=11889"}],"wp:term":[{"taxonomy":"product_brand","embeddable":true,"href":"https:\/\/bolting.eu\/en\/wp-json\/wp\/v2\/product_brand?post=11889"},{"taxonomy":"product_cat","embeddable":true,"href":"https:\/\/bolting.eu\/en\/wp-json\/wp\/v2\/product_cat?post=11889"},{"taxonomy":"product_tag","embeddable":true,"href":"https:\/\/bolting.eu\/en\/wp-json\/wp\/v2\/product_tag?post=11889"}],"curies":[{"name":"wp","href":"https:\/\/api.w.org\/{rel}","templated":true}]}}