{"id":11879,"date":"2022-05-13T09:26:02","date_gmt":"2022-05-13T07:26:02","guid":{"rendered":"https:\/\/bolting.eu\/?post_type=product&#038;p=11879"},"modified":"2026-04-17T13:23:30","modified_gmt":"2026-04-17T11:23:30","slug":"6mm-reepschnur-schwarz","status":"publish","type":"product","link":"https:\/\/bolting.eu\/en\/shop\/6mm-reepschnur-schwarz\/","title":{"rendered":"6mm Reepschnur schwarz"},"content":{"rendered":"<p>Diese 6mm <a href=\"https:\/\/bolting.eu\/produkt-kategorie\/kletterausruestung\/reepschnur\/\">Reepschnur<\/a> schwarz ist von Beal und einer unserer &#8220;best seller&#8221; im Shop. Denn viele Kletterer nehmen gerne zwei unterschiedlich lange Schn\u00fcre mit. Wie z.B. eine blaue mit 3m f\u00fcr den Standbau, und eben eine zweite ca. 5m lange f\u00fcr aufwendigere Aktionen. Beispielsweise eine Ausgleichsverankerung mit mehreren <a href=\"https:\/\/bolting.eu\/produkt-kategorie\/klemmkeile\/\">Klemmkeilen<\/a> oder <a href=\"https:\/\/bolting.eu\/produkt-kategorie\/kletterausruestung\/klemmgeraete-friends\/\">Klemmger\u00e4ten &#8211; Friends<\/a>.<\/p>\n<p>D.h. wir bieten hier neben dem blauen 6mm Modell ganz bewusst eine weitere Farbe. Damit ihr drau\u00dfen beim Klettern eure unterschiedlichen Schnurl\u00e4ngen sofort erkennen k\u00f6nnt.<\/p>\n<h2>Eigenschaften 6mm Reepschnur schwarz<\/h2>\n<ul>\n<li>Hersteller: <a href=\"https:\/\/bolting.eu\/produkt-kategorie\/beal\/\">Beal<\/a><\/li>\n<li>EN Norm 564<\/li>\n<li>Durchmesser: 6mm<\/li>\n<li>Material: Polyamid<\/li>\n<li>Bruchlast: 800 daN (800 kg)<\/li>\n<li>Gewicht: 23 Gramm \/ Meter<\/li>\n<li>max. Rollenl\u00e4nge 120m<\/li>\n<li>ideal f\u00fcr Bergsport, Camping und Haushalt<\/li>\n<li><strong>Verkaufseinheit = 1 Meter<\/strong><\/li>\n<\/ul>\n<p><strong>Wichtiger Hinweis!<\/strong> Bitte gebt beim Check &#8211; Out im Kommentarfeld ggf. an, in welchen L\u00e4ngen ihr eure Reepschn\u00fcre haben wollt. Z.B. bei gesamt Bestellmenge 12 = 12 Meter: 1 x 6m, 2 x 3m;<\/p>\n<p>\u00dcbrigens: f\u00fcr das F\u00e4deln von Sanduhren bzw. dem Abbinden von Felsk\u00f6pfen, empfehlen wir:<\/p>\n<ul>\n<li>die steife 5,5mm <a href=\"https:\/\/bolting.eu\/shop\/beal-55mm-kevlar-reepschnur\/\">Kevlar Reepschnur<\/a> a.k.a. <a href=\"https:\/\/bolting.eu\/shop\/aramid-reepschnur-6mm\/\">Aramid Reepschnur<\/a><\/li>\n<li>die weiche <a href=\"https:\/\/bolting.eu\/shop\/beal-55mm-dyneema-reepschnur\/\">5,5mm Dyneema Reepschnur<\/a><\/li>\n<\/ul>\n<h3>Einsatzbereiche<\/h3>\n<p>Die 6mm Reepschnur schwarz ist einen typischen Standard Durchmesser f\u00fcr folgende klassische Anwendungen.<\/p>\n<p>Erstens als Prusikschlinge beim Abseilen. Hier sollte ein ca. 1m &#8211; 1,2m St\u00fcck eine perfekte Schlinge ergeben. Zweitens ist dieser Durchmesser ein Standard f\u00fcr diverse Rettungstechniken bei Berg- und Kletterkursen. D.h. die Schnur sollte in keiner Bergsteigerausr\u00fcstung fehlen. Denn egal ob Flaschenzug, Abbinden eines &#8220;Toten Mannes&#8221;, <a href=\"https:\/\/bolting.eu\/abalakov-eissanduhr\/\">Abalakov Eissanduhr<\/a>, usw&#8230;. Sie wird extrem h\u00e4ufig verwendet.<\/p>\n<p>Wozu dieses Produkt aus Polyamid <strong>nicht taugt<\/strong>, ist das F\u00e4deln von Sanduhren bzw. das Legen um Felsk\u00f6pfe. Hier sollte man auf die wesentlich schnittsichere bzw. st\u00e4rkere Kevlar \/ Aramid Schn\u00fcre oder Dyneema Schn\u00fcre zur\u00fcck greifen!<\/p>\n","protected":false},"excerpt":{"rendered":"<p>Standard Reepschnur aus Polyamid mit 6mm Durchmesser in der <strong>Farbe schwarz<\/strong>. Gedacht als weitere farbliche Alternative, damit man seine unterschiedlich Langen Schn\u00fcre sofort auseinander kennt.<\/p>\n<p>Ideal als Prusikschlinge, zum Bau von Trad-Ausgleichsverankerungen oder f\u00fcr div. Rettungstechniken wie Flaschenzug.<\/p>\n<p>Versandkostenfrei bis 2kg in <img decoding=\"async\" class=\"emoji\" role=\"img\" draggable=\"false\" src=\"https:\/\/s.w.org\/images\/core\/emoji\/14.0.0\/svg\/1f1e6-1f1f9.svg\" alt=\"\ud83c\udde6\ud83c\uddf9\" \/> ab \u20ac 100,- und <img decoding=\"async\" class=\"emoji\" role=\"img\" draggable=\"false\" src=\"https:\/\/s.w.org\/images\/core\/emoji\/14.0.0\/svg\/1f1e9-1f1ea.svg\" alt=\"\ud83c\udde9\ud83c\uddea\" \/> ab \u20ac 200,-!<\/p>\n","protected":false},"featured_media":11881,"comment_status":"open","ping_status":"closed","template":"","meta":[],"product_brand":[],"product_cat":[29,55,4663,7760],"product_tag":[],"class_list":{"0":"post-11879","1":"product","2":"type-product","3":"status-publish","4":"has-post-thumbnail","6":"product_cat-kletterausruestung","7":"product_cat-reepschnur","8":"product_cat-beal","9":"product_cat-reepschnur-meterware","11":"first","12":"instock","13":"taxable","14":"shipping-taxable","15":"purchasable","16":"product-type-simple"},"yoast_head":"<!-- This site is optimized with the Yoast SEO Premium plugin v26.9 (Yoast SEO v26.9) - https:\/\/yoast.com\/product\/yoast-seo-premium-wordpress\/ -->\n<title>6mm Reepschnur schwarz - Beal aus Polyamid | bolting.eu<\/title>\n<meta name=\"description\" content=\"6mm REEPSCHNUR SCHWARZ von Beal beim Kletter Hardwareprofi aus Innsbruck kaufen \u2705 kostenloser Versand* \u2705 14 Tage R\u00fcckgaberecht \u2705 Co2 neutraler Versand\" \/>\n<meta name=\"robots\" content=\"index, follow, max-snippet:-1, max-image-preview:large, max-video-preview:-1\" \/>\n<link rel=\"canonical\" href=\"https:\/\/bolting.eu\/en\/shop\/6mm-reepschnur-schwarz\/\" \/>\n<meta property=\"og:locale\" content=\"en_US\" \/>\n<meta property=\"og:type\" content=\"article\" \/>\n<meta property=\"og:title\" content=\"6mm Reepschnur schwarz\" \/>\n<meta property=\"og:description\" content=\"6mm REEPSCHNUR SCHWARZ von Beal beim Kletter Hardwareprofi aus Innsbruck kaufen \u2705 kostenloser Versand* \u2705 14 Tage R\u00fcckgaberecht \u2705 Co2 neutraler Versand\" \/>\n<meta property=\"og:url\" content=\"https:\/\/bolting.eu\/en\/shop\/6mm-reepschnur-schwarz\/\" \/>\n<meta property=\"og:site_name\" content=\"bolting.eu\" \/>\n<meta property=\"article:publisher\" content=\"https:\/\/www.facebook.com\/bolting.eu\" \/>\n<meta property=\"article:modified_time\" content=\"2026-04-17T11:23:30+00:00\" \/>\n<meta property=\"og:image\" content=\"https:\/\/bolting.eu\/wp-content\/uploads\/2022\/05\/Aramid-Reepschnur.jpeg\" \/>\n\t<meta property=\"og:image:width\" content=\"700\" \/>\n\t<meta property=\"og:image:height\" content=\"700\" \/>\n\t<meta property=\"og:image:type\" content=\"image\/jpeg\" \/>\n<meta name=\"twitter:card\" content=\"summary_large_image\" \/>\n<meta name=\"twitter:label1\" content=\"Price\" \/>\n\t<meta name=\"twitter:data1\" content=\"&euro;&nbsp;1,19\" \/>\n\t<meta name=\"twitter:label2\" content=\"Availability\" \/>\n\t<meta name=\"twitter:data2\" content=\"In stock\" \/>\n<script type=\"application\/ld+json\" class=\"yoast-schema-graph\">{\"@context\":\"https:\/\/schema.org\",\"@graph\":[{\"@type\":[\"WebPage\",\"ItemPage\"],\"@id\":\"https:\/\/bolting.eu\/en\/shop\/6mm-reepschnur-schwarz\/\",\"url\":\"https:\/\/bolting.eu\/en\/shop\/6mm-reepschnur-schwarz\/\",\"name\":\"6mm Reepschnur schwarz - Beal aus Polyamid | bolting.eu\",\"isPartOf\":{\"@id\":\"https:\/\/bolting.eu\/en\/#website\"},\"primaryImageOfPage\":{\"@id\":\"https:\/\/bolting.eu\/en\/shop\/6mm-reepschnur-schwarz\/#primaryimage\"},\"image\":{\"@id\":\"https:\/\/bolting.eu\/en\/shop\/6mm-reepschnur-schwarz\/#primaryimage\"},\"thumbnailUrl\":\"https:\/\/bolting.eu\/wp-content\/uploads\/2022\/05\/Aramid-Reepschnur.jpeg\",\"datePublished\":\"2022-05-13T07:26:02+00:00\",\"dateModified\":\"2026-04-17T11:23:30+00:00\",\"description\":\"6mm REEPSCHNUR SCHWARZ von Beal beim Kletter Hardwareprofi aus Innsbruck kaufen \u2705 kostenloser Versand* \u2705 14 Tage R\u00fcckgaberecht \u2705 Co2 neutraler Versand\",\"breadcrumb\":{\"@id\":\"https:\/\/bolting.eu\/en\/shop\/6mm-reepschnur-schwarz\/#breadcrumb\"},\"inLanguage\":\"en-US\",\"potentialAction\":[{\"@type\":\"ReadAction\",\"target\":[\"https:\/\/bolting.eu\/en\/shop\/6mm-reepschnur-schwarz\/\"]}]},{\"@type\":\"ImageObject\",\"inLanguage\":\"en-US\",\"@id\":\"https:\/\/bolting.eu\/en\/shop\/6mm-reepschnur-schwarz\/#primaryimage\",\"url\":\"https:\/\/bolting.eu\/wp-content\/uploads\/2022\/05\/Aramid-Reepschnur.jpeg\",\"contentUrl\":\"https:\/\/bolting.eu\/wp-content\/uploads\/2022\/05\/Aramid-Reepschnur.jpeg\",\"width\":700,\"height\":700,\"caption\":\"Das Bild zeigt ein kurzes St\u00fcck 6mm Reepschnur schwarz aufrecht in einem wei\u00dfem Quadrat.\"},{\"@type\":\"BreadcrumbList\",\"@id\":\"https:\/\/bolting.eu\/en\/shop\/6mm-reepschnur-schwarz\/#breadcrumb\",\"itemListElement\":[{\"@type\":\"ListItem\",\"position\":1,\"name\":\"Shop\",\"item\":\"https:\/\/bolting.eu\/en\/shop\/\"},{\"@type\":\"ListItem\",\"position\":2,\"name\":\"climbing equipment\",\"item\":\"https:\/\/bolting.eu\/en\/produkt-kategorie\/climbing-equipment\/\"},{\"@type\":\"ListItem\",\"position\":3,\"name\":\"Reepschnur\",\"item\":\"https:\/\/bolting.eu\/produkt-kategorie\/kletterausruestung\/reepschnur\/\"},{\"@type\":\"ListItem\",\"position\":4,\"name\":\"6mm Reepschnur schwarz\"}]},{\"@type\":\"WebSite\",\"@id\":\"https:\/\/bolting.eu\/en\/#website\",\"url\":\"https:\/\/bolting.eu\/en\/\",\"name\":\"bolting.eu\",\"description\":\"we make climbs happen\",\"publisher\":{\"@id\":\"https:\/\/bolting.eu\/en\/#organization\"},\"potentialAction\":[{\"@type\":\"SearchAction\",\"target\":{\"@type\":\"EntryPoint\",\"urlTemplate\":\"https:\/\/bolting.eu\/en\/?s={search_term_string}\"},\"query-input\":{\"@type\":\"PropertyValueSpecification\",\"valueRequired\":true,\"valueName\":\"search_term_string\"}}],\"inLanguage\":\"en-US\"},{\"@type\":[\"Organization\",\"Place\",\"SportingGoodsStore\"],\"@id\":\"https:\/\/bolting.eu\/en\/#organization\",\"name\":\"bolting.eu\",\"url\":\"https:\/\/bolting.eu\/en\/\",\"logo\":{\"@id\":\"https:\/\/bolting.eu\/en\/shop\/6mm-reepschnur-schwarz\/#local-main-organization-logo\"},\"image\":{\"@id\":\"https:\/\/bolting.eu\/en\/shop\/6mm-reepschnur-schwarz\/#local-main-organization-logo\"},\"sameAs\":[\"https:\/\/www.facebook.com\/bolting.eu\",\"https:\/\/www.instagram.com\/bolting.eu\/\"],\"address\":{\"@id\":\"https:\/\/bolting.eu\/en\/shop\/6mm-reepschnur-schwarz\/#local-main-place-address\"},\"geo\":{\"@type\":\"GeoCoordinates\",\"latitude\":\"47.264176340396226\",\"longitude\":\"11.380109057672346\"},\"telephone\":[\"+43 699 19083372\"],\"openingHoursSpecification\":[{\"@type\":\"OpeningHoursSpecification\",\"dayOfWeek\":[\"Monday\",\"Wednesday\",\"Friday\"],\"opens\":\"14:00\",\"closes\":\"18:00\"},{\"@type\":\"OpeningHoursSpecification\",\"dayOfWeek\":[\"Tuesday\",\"Thursday\",\"Saturday\",\"Sunday\"],\"opens\":\"00:00\",\"closes\":\"00:00\"}],\"email\":\"office@bolting.eu\",\"vatID\":\"ATU59999728\",\"priceRange\":\"$$\",\"currenciesAccepted\":\"Euro\"},{\"@type\":\"PostalAddress\",\"@id\":\"https:\/\/bolting.eu\/en\/shop\/6mm-reepschnur-schwarz\/#local-main-place-address\",\"streetAddress\":\"Fischnalerstra\u00dfe 4\",\"addressLocality\":\"Innsbruck\",\"postalCode\":\"6020\",\"addressRegion\":\"Tirol\",\"addressCountry\":\"AT\"},{\"@type\":\"ImageObject\",\"inLanguage\":\"en-US\",\"@id\":\"https:\/\/bolting.eu\/en\/shop\/6mm-reepschnur-schwarz\/#local-main-organization-logo\",\"url\":\"https:\/\/bolting.eu\/wp-content\/uploads\/2019\/09\/bolting-logo.png\",\"contentUrl\":\"https:\/\/bolting.eu\/wp-content\/uploads\/2019\/09\/bolting-logo.png\",\"width\":400,\"height\":211,\"caption\":\"bolting.eu\"}]}<\/script>\n<meta property=\"product:price:amount\" content=\"1.19\" \/>\n<meta property=\"product:price:currency\" content=\"EUR\" \/>\n<meta property=\"og:availability\" content=\"instock\" \/>\n<meta property=\"product:availability\" content=\"instock\" \/>\n<meta property=\"product:retailer_item_id\" content=\"BC06.120.N\" \/>\n<meta property=\"product:condition\" content=\"new\" \/>\n<meta name=\"geo.placename\" content=\"Innsbruck\" \/>\n<meta name=\"geo.position\" content=\"47.264176340396226;11.380109057672346\" \/>\n<meta name=\"geo.region\" content=\"Austria\" \/>\n<!-- \/ Yoast SEO Premium plugin. -->","yoast_head_json":{"title":"6mm Reepschnur schwarz - Beal aus Polyamid | bolting.eu","description":"6mm REEPSCHNUR SCHWARZ von Beal beim Kletter Hardwareprofi aus Innsbruck kaufen \u2705 kostenloser Versand* \u2705 14 Tage R\u00fcckgaberecht \u2705 Co2 neutraler Versand","robots":{"index":"index","follow":"follow","max-snippet":"max-snippet:-1","max-image-preview":"max-image-preview:large","max-video-preview":"max-video-preview:-1"},"canonical":"https:\/\/bolting.eu\/en\/shop\/6mm-reepschnur-schwarz\/","og_locale":"en_US","og_type":"article","og_title":"6mm Reepschnur schwarz","og_description":"6mm REEPSCHNUR SCHWARZ von Beal beim Kletter Hardwareprofi aus Innsbruck kaufen \u2705 kostenloser Versand* \u2705 14 Tage R\u00fcckgaberecht \u2705 Co2 neutraler Versand","og_url":"https:\/\/bolting.eu\/en\/shop\/6mm-reepschnur-schwarz\/","og_site_name":"bolting.eu","article_publisher":"https:\/\/www.facebook.com\/bolting.eu","article_modified_time":"2026-04-17T11:23:30+00:00","og_image":[{"width":700,"height":700,"url":"https:\/\/bolting.eu\/wp-content\/uploads\/2022\/05\/Aramid-Reepschnur.jpeg","type":"image\/jpeg"}],"twitter_card":"summary_large_image","twitter_misc":{"Price":"&euro;&nbsp;1,19","Availability":"In stock"},"schema":{"@context":"https:\/\/schema.org","@graph":[{"@type":["WebPage","ItemPage"],"@id":"https:\/\/bolting.eu\/en\/shop\/6mm-reepschnur-schwarz\/","url":"https:\/\/bolting.eu\/en\/shop\/6mm-reepschnur-schwarz\/","name":"6mm Reepschnur schwarz - Beal aus Polyamid | bolting.eu","isPartOf":{"@id":"https:\/\/bolting.eu\/en\/#website"},"primaryImageOfPage":{"@id":"https:\/\/bolting.eu\/en\/shop\/6mm-reepschnur-schwarz\/#primaryimage"},"image":{"@id":"https:\/\/bolting.eu\/en\/shop\/6mm-reepschnur-schwarz\/#primaryimage"},"thumbnailUrl":"https:\/\/bolting.eu\/wp-content\/uploads\/2022\/05\/Aramid-Reepschnur.jpeg","datePublished":"2022-05-13T07:26:02+00:00","dateModified":"2026-04-17T11:23:30+00:00","description":"6mm REEPSCHNUR SCHWARZ von Beal beim Kletter Hardwareprofi aus Innsbruck kaufen \u2705 kostenloser Versand* \u2705 14 Tage R\u00fcckgaberecht \u2705 Co2 neutraler Versand","breadcrumb":{"@id":"https:\/\/bolting.eu\/en\/shop\/6mm-reepschnur-schwarz\/#breadcrumb"},"inLanguage":"en-US","potentialAction":[{"@type":"ReadAction","target":["https:\/\/bolting.eu\/en\/shop\/6mm-reepschnur-schwarz\/"]}]},{"@type":"ImageObject","inLanguage":"en-US","@id":"https:\/\/bolting.eu\/en\/shop\/6mm-reepschnur-schwarz\/#primaryimage","url":"https:\/\/bolting.eu\/wp-content\/uploads\/2022\/05\/Aramid-Reepschnur.jpeg","contentUrl":"https:\/\/bolting.eu\/wp-content\/uploads\/2022\/05\/Aramid-Reepschnur.jpeg","width":700,"height":700,"caption":"Das Bild zeigt ein kurzes St\u00fcck 6mm Reepschnur schwarz aufrecht in einem wei\u00dfem Quadrat."},{"@type":"BreadcrumbList","@id":"https:\/\/bolting.eu\/en\/shop\/6mm-reepschnur-schwarz\/#breadcrumb","itemListElement":[{"@type":"ListItem","position":1,"name":"Shop","item":"https:\/\/bolting.eu\/en\/shop\/"},{"@type":"ListItem","position":2,"name":"climbing equipment","item":"https:\/\/bolting.eu\/en\/produkt-kategorie\/climbing-equipment\/"},{"@type":"ListItem","position":3,"name":"Reepschnur","item":"https:\/\/bolting.eu\/produkt-kategorie\/kletterausruestung\/reepschnur\/"},{"@type":"ListItem","position":4,"name":"6mm Reepschnur schwarz"}]},{"@type":"WebSite","@id":"https:\/\/bolting.eu\/en\/#website","url":"https:\/\/bolting.eu\/en\/","name":"bolting.eu","description":"we make climbs happen","publisher":{"@id":"https:\/\/bolting.eu\/en\/#organization"},"potentialAction":[{"@type":"SearchAction","target":{"@type":"EntryPoint","urlTemplate":"https:\/\/bolting.eu\/en\/?s={search_term_string}"},"query-input":{"@type":"PropertyValueSpecification","valueRequired":true,"valueName":"search_term_string"}}],"inLanguage":"en-US"},{"@type":["Organization","Place","SportingGoodsStore"],"@id":"https:\/\/bolting.eu\/en\/#organization","name":"bolting.eu","url":"https:\/\/bolting.eu\/en\/","logo":{"@id":"https:\/\/bolting.eu\/en\/shop\/6mm-reepschnur-schwarz\/#local-main-organization-logo"},"image":{"@id":"https:\/\/bolting.eu\/en\/shop\/6mm-reepschnur-schwarz\/#local-main-organization-logo"},"sameAs":["https:\/\/www.facebook.com\/bolting.eu","https:\/\/www.instagram.com\/bolting.eu\/"],"address":{"@id":"https:\/\/bolting.eu\/en\/shop\/6mm-reepschnur-schwarz\/#local-main-place-address"},"geo":{"@type":"GeoCoordinates","latitude":"47.264176340396226","longitude":"11.380109057672346"},"telephone":["+43 699 19083372"],"openingHoursSpecification":[{"@type":"OpeningHoursSpecification","dayOfWeek":["Monday","Wednesday","Friday"],"opens":"14:00","closes":"18:00"},{"@type":"OpeningHoursSpecification","dayOfWeek":["Tuesday","Thursday","Saturday","Sunday"],"opens":"00:00","closes":"00:00"}],"email":"office@bolting.eu","vatID":"ATU59999728","priceRange":"$$","currenciesAccepted":"Euro"},{"@type":"PostalAddress","@id":"https:\/\/bolting.eu\/en\/shop\/6mm-reepschnur-schwarz\/#local-main-place-address","streetAddress":"Fischnalerstra\u00dfe 4","addressLocality":"Innsbruck","postalCode":"6020","addressRegion":"Tirol","addressCountry":"AT"},{"@type":"ImageObject","inLanguage":"en-US","@id":"https:\/\/bolting.eu\/en\/shop\/6mm-reepschnur-schwarz\/#local-main-organization-logo","url":"https:\/\/bolting.eu\/wp-content\/uploads\/2019\/09\/bolting-logo.png","contentUrl":"https:\/\/bolting.eu\/wp-content\/uploads\/2019\/09\/bolting-logo.png","width":400,"height":211,"caption":"bolting.eu"}]},"product_price_amount":"1.19","product_price_currency":"EUR","og_availability":"instock","product_availability":"instock","product_retailer_item_id":"BC06.120.N","product_condition":"new","geo.placename":"Innsbruck","geo.position":{"lat":"47.264176340396226","long":"11.380109057672346"},"geo.region":"Austria"},"_links":{"self":[{"href":"https:\/\/bolting.eu\/en\/wp-json\/wp\/v2\/product\/11879","targetHints":{"allow":["GET"]}}],"collection":[{"href":"https:\/\/bolting.eu\/en\/wp-json\/wp\/v2\/product"}],"about":[{"href":"https:\/\/bolting.eu\/en\/wp-json\/wp\/v2\/types\/product"}],"replies":[{"embeddable":true,"href":"https:\/\/bolting.eu\/en\/wp-json\/wp\/v2\/comments?post=11879"}],"wp:featuredmedia":[{"embeddable":true,"href":"https:\/\/bolting.eu\/en\/wp-json\/wp\/v2\/media\/11881"}],"wp:attachment":[{"href":"https:\/\/bolting.eu\/en\/wp-json\/wp\/v2\/media?parent=11879"}],"wp:term":[{"taxonomy":"product_brand","embeddable":true,"href":"https:\/\/bolting.eu\/en\/wp-json\/wp\/v2\/product_brand?post=11879"},{"taxonomy":"product_cat","embeddable":true,"href":"https:\/\/bolting.eu\/en\/wp-json\/wp\/v2\/product_cat?post=11879"},{"taxonomy":"product_tag","embeddable":true,"href":"https:\/\/bolting.eu\/en\/wp-json\/wp\/v2\/product_tag?post=11879"}],"curies":[{"name":"wp","href":"https:\/\/api.w.org\/{rel}","templated":true}]}}