{"id":11844,"date":"2022-05-09T11:15:50","date_gmt":"2022-05-09T09:15:50","guid":{"rendered":"https:\/\/bolting.eu\/?post_type=product&#038;p=11844"},"modified":"2026-02-04T02:33:54","modified_gmt":"2026-02-04T01:33:54","slug":"camp-nano-22-rack-pack","status":"publish","type":"product","link":"https:\/\/bolting.eu\/en\/shop\/camp-nano-22-rack-pack\/","title":{"rendered":"Camp Nano 22 Rack Pack"},"content":{"rendered":"<p>Der Camp Nano 22 Rack Pack ist ein Set aus 6 verschiedenf\u00e4rbigen Micro <a href=\"https:\/\/bolting.eu\/produkt-kategorie\/kletterausruestung\/kletterkarabiner\/schnappkarabiner\/\">Schnappkarabinern<\/a>. Bei diesem Modell handelt es sich um extrem kleine und leichte Schnapper, die f\u00fcr ein Standard Set <a href=\"https:\/\/bolting.eu\/produkt-kategorie\/kletterausruestung\/klemmgeraete-friends\/\">Klemmger\u00e4te &#8211; Friends<\/a> gedacht sind. Wie z.B. den Camalots #0.4 bis #3.<\/p>\n<p>Die Farben sind folglich: grau, violett, gr\u00fcn, rot, golden und blau.<\/p>\n<p>Was diese hei\u00df geschmiedeten Karabiner auszeichnet, sind zum einen ihre geringe Gr\u00f6\u00dfe bzw. geringes Gewicht. Und zum anderen der leichtg\u00e4ngige Wire Gate Verschluss und der &#8220;hedderfreie&#8221; Verschluss.<\/p>\n<p>Mit dem Gewicht von nur 22 Gramm pro Karabiner z\u00e4hlt dieses Modell zu den leichtesten mit <a href=\"https:\/\/bolting.eu\/en-12275-norm\/\">EN 12275<\/a> Norm auf dem Weltmarkt \u00fcberhaupt. Gegen\u00fcber herk\u00f6mmlichen Karabinern spart das bei zwei Sets Friends gleich mal ganze 300 Gramm.<\/p>\n<p>Kurzum. Diese Microkarabiner sind etwas f\u00fcr alle, die auf geringstes Gewicht Wert legen!<\/p>\n<h2>Eigenschaften Camp Nano 22 Rack Pack<\/h2>\n<ul>\n<li>Hersteller:\u00a0<a href=\"https:\/\/bolting.eu\/produkt-kategorie\/camp-cassin\/\">Camp-Cassin<\/a><\/li>\n<li>Material: Aluminium eloxiert<\/li>\n<li>Farben: grau, violett, gr\u00fcn, rot, golden und blau<\/li>\n<li>EN Norm 12275<\/li>\n<li>Verschluss: Drahtschnapper<\/li>\n<li>Bruchlasten 21kN l\u00e4ngs \/ 9kN offen \/ 8kN Querachse<\/li>\n<li>Gr\u00f6\u00dfe 86 x 52mm<\/li>\n<li>Schnapper\u00f6ffnung: 21mm<\/li>\n<li>Gewicht: 22 Gramm<\/li>\n<li>perfekt f\u00fcr Ausstattung von Standard Friends Set<\/li>\n<li>Made in China<\/li>\n<li><a href=\"https:\/\/www.camp.it\/api\/GetSystemResource\/207\/MOSCHETTONI_MANUALE01%20r15.pdf\" target=\"_blank\" rel=\"noopener\">Gebrauchsanleitung<\/a><\/li>\n<\/ul>\n<h3>Extrem klein, leicht und stark!<\/h3>\n<p>Das &#8220;Geheimnis&#8221; des Camp Nano 22 Rack Pack liegt in der Herstellung. Denn diese Micro Karabiner sind hei\u00df geschmiedet. Dabei wird sowohl die Alu-Legierung als auch das Werkzeug (die Formen der Press Maschine) extrem erhitzt. Beim Formen sind dadurch g\u00e4nzlich andere Querschnitte in H oder T Form m\u00f6glich, als z.B. beim kalt Schmieden.<\/p>\n<p>Deswegen sind die Nanos an den Au\u00dfenseiten normal breit, aber der innere Steg kann extrem d\u00fcnn produziert werden.<\/p>\n<p>Nur so ist das extrem geringe Gewicht, die kleine Gr\u00f6\u00dfe aber die verh\u00e4ltnism\u00e4\u00dfig gro\u00dfe Bruchlast erreichbar.<\/p>\n<h3>Camp Nano 22 Rack Pack &#8211; angenehmer Draht Schnapper<\/h3>\n<p>Diese Microkarabiner sind mit einem Drahtschnapper ausgestattet. Dieser spart zum einen Gewicht. und zum anderen verhindern Drahtschnapper den sogenannten &#8220;Peitschenschlag-Effekt&#8221;. Darunter versteht man das \u00d6ffnen des Schnappers bei einem Sturz aufgrund seiner Tr\u00e4gheit.<\/p>\n<p>Der Drahtschnapper hat eine derart geringe Masse, dass seine Tr\u00e4gheit zu klein ist, um sich bei einem Sturz zu \u00f6ffnen.<\/p>\n<p>Nebeneffekt am Rande. Die gegen\u00fcberliegende Nase ist so gebaut, dass sich weder Finger noch das Seil verheddern k\u00f6nnen.<\/p>\n<p>&nbsp;<\/p>\n","protected":false},"excerpt":{"rendered":"<p>Set von 6 Stk. Micro Karabinern f\u00fcr das Best\u00fccken eines Standard Friends Set.<\/p>\n<p>Die extrem kleinen und leichten Karabiner z\u00e4hlen zu den kleinsten Modellen am Markt mit EN 122275 Norm.<\/p>\n","protected":false},"featured_media":11846,"comment_status":"open","ping_status":"closed","template":"","meta":[],"product_brand":[],"product_cat":[3004,4653,29,44],"product_tag":[],"class_list":{"0":"post-11844","1":"product","2":"type-product","3":"status-publish","4":"has-post-thumbnail","6":"product_cat-schnappkarabiner","7":"product_cat-camp-cassin","8":"product_cat-kletterausruestung","9":"product_cat-kletterkarabiner","11":"first","12":"instock","13":"taxable","14":"shipping-taxable","15":"purchasable","16":"product-type-simple"},"yoast_head":"<!-- This site is optimized with the Yoast SEO Premium plugin v26.9 (Yoast SEO v26.9) - https:\/\/yoast.com\/product\/yoast-seo-premium-wordpress\/ -->\n<title>Camp Nano 22 Rack Pack - Schnapper f\u00fcr Friend Set | bolting.eu<\/title>\n<meta name=\"description\" content=\"Her findest Du den CAMP NANO 22 RACK PACK. Ein Set von 6 Micro Karabinern in verschiedenen Farben zur Best\u00fcckung eines Friend Set.\" \/>\n<meta name=\"robots\" content=\"index, follow, max-snippet:-1, max-image-preview:large, max-video-preview:-1\" \/>\n<link rel=\"canonical\" href=\"https:\/\/bolting.eu\/en\/shop\/camp-nano-22-rack-pack\/\" \/>\n<meta property=\"og:locale\" content=\"en_US\" \/>\n<meta property=\"og:type\" content=\"article\" \/>\n<meta property=\"og:title\" content=\"Camp Nano 22 Rack Pack\" \/>\n<meta property=\"og:description\" content=\"Her findest Du den CAMP NANO 22 RACK PACK. Ein Set von 6 Micro Karabinern in verschiedenen Farben zur Best\u00fcckung eines Friend Set.\" \/>\n<meta property=\"og:url\" content=\"https:\/\/bolting.eu\/en\/shop\/camp-nano-22-rack-pack\/\" \/>\n<meta property=\"og:site_name\" content=\"bolting.eu\" \/>\n<meta property=\"article:publisher\" content=\"https:\/\/www.facebook.com\/bolting.eu\" \/>\n<meta property=\"article:modified_time\" content=\"2026-02-04T01:33:54+00:00\" \/>\n<meta property=\"og:image\" content=\"https:\/\/bolting.eu\/wp-content\/uploads\/2022\/05\/Camp-Nano-22-Rack-Pack-1.jpg\" \/>\n\t<meta property=\"og:image:width\" content=\"700\" \/>\n\t<meta property=\"og:image:height\" content=\"700\" \/>\n\t<meta property=\"og:image:type\" content=\"image\/jpeg\" \/>\n<meta name=\"twitter:card\" content=\"summary_large_image\" \/>\n<meta name=\"twitter:label1\" content=\"Price\" \/>\n\t<meta name=\"twitter:data1\" content=\"&euro;&nbsp;49,50\" \/>\n\t<meta name=\"twitter:label2\" content=\"Availability\" \/>\n\t<meta name=\"twitter:data2\" content=\"In stock\" \/>\n<script type=\"application\/ld+json\" class=\"yoast-schema-graph\">{\"@context\":\"https:\/\/schema.org\",\"@graph\":[{\"@type\":[\"WebPage\",\"ItemPage\"],\"@id\":\"https:\/\/bolting.eu\/en\/shop\/camp-nano-22-rack-pack\/\",\"url\":\"https:\/\/bolting.eu\/en\/shop\/camp-nano-22-rack-pack\/\",\"name\":\"Camp Nano 22 Rack Pack - Schnapper f\u00fcr Friend Set | bolting.eu\",\"isPartOf\":{\"@id\":\"https:\/\/bolting.eu\/en\/#website\"},\"primaryImageOfPage\":{\"@id\":\"https:\/\/bolting.eu\/en\/shop\/camp-nano-22-rack-pack\/#primaryimage\"},\"image\":{\"@id\":\"https:\/\/bolting.eu\/en\/shop\/camp-nano-22-rack-pack\/#primaryimage\"},\"thumbnailUrl\":\"https:\/\/bolting.eu\/wp-content\/uploads\/2022\/05\/Camp-Nano-22-Rack-Pack-1.jpg\",\"datePublished\":\"2022-05-09T09:15:50+00:00\",\"dateModified\":\"2026-02-04T01:33:54+00:00\",\"description\":\"Her findest Du den CAMP NANO 22 RACK PACK. Ein Set von 6 Micro Karabinern in verschiedenen Farben zur Best\u00fcckung eines Friend Set.\",\"breadcrumb\":{\"@id\":\"https:\/\/bolting.eu\/en\/shop\/camp-nano-22-rack-pack\/#breadcrumb\"},\"inLanguage\":\"en-US\",\"potentialAction\":[{\"@type\":\"ReadAction\",\"target\":[\"https:\/\/bolting.eu\/en\/shop\/camp-nano-22-rack-pack\/\"]}]},{\"@type\":\"ImageObject\",\"inLanguage\":\"en-US\",\"@id\":\"https:\/\/bolting.eu\/en\/shop\/camp-nano-22-rack-pack\/#primaryimage\",\"url\":\"https:\/\/bolting.eu\/wp-content\/uploads\/2022\/05\/Camp-Nano-22-Rack-Pack-1.jpg\",\"contentUrl\":\"https:\/\/bolting.eu\/wp-content\/uploads\/2022\/05\/Camp-Nano-22-Rack-Pack-1.jpg\",\"width\":700,\"height\":700,\"caption\":\"Das Bild zeigt die verschiedenf\u00e4rbigen Camp Nano 22 Rack Pack Micro Karabiner an einem Plastikschild h\u00e4ngen.\"},{\"@type\":\"BreadcrumbList\",\"@id\":\"https:\/\/bolting.eu\/en\/shop\/camp-nano-22-rack-pack\/#breadcrumb\",\"itemListElement\":[{\"@type\":\"ListItem\",\"position\":1,\"name\":\"Shop\",\"item\":\"https:\/\/bolting.eu\/en\/shop\/\"},{\"@type\":\"ListItem\",\"position\":2,\"name\":\"climbing equipment\",\"item\":\"https:\/\/bolting.eu\/en\/produkt-kategorie\/climbing-equipment\/\"},{\"@type\":\"ListItem\",\"position\":3,\"name\":\"Climbing carabiner\",\"item\":\"https:\/\/bolting.eu\/en\/produkt-kategorie\/climbing-carabiner\/\"},{\"@type\":\"ListItem\",\"position\":4,\"name\":\"snapgate carabiner\",\"item\":\"https:\/\/bolting.eu\/en\/produkt-kategorie\/snapgate-carabiner\/\"},{\"@type\":\"ListItem\",\"position\":5,\"name\":\"Camp Nano 22 Rack Pack\"}]},{\"@type\":\"WebSite\",\"@id\":\"https:\/\/bolting.eu\/en\/#website\",\"url\":\"https:\/\/bolting.eu\/en\/\",\"name\":\"bolting.eu\",\"description\":\"we make climbs happen\",\"publisher\":{\"@id\":\"https:\/\/bolting.eu\/en\/#organization\"},\"potentialAction\":[{\"@type\":\"SearchAction\",\"target\":{\"@type\":\"EntryPoint\",\"urlTemplate\":\"https:\/\/bolting.eu\/en\/?s={search_term_string}\"},\"query-input\":{\"@type\":\"PropertyValueSpecification\",\"valueRequired\":true,\"valueName\":\"search_term_string\"}}],\"inLanguage\":\"en-US\"},{\"@type\":[\"Organization\",\"Place\",\"SportingGoodsStore\"],\"@id\":\"https:\/\/bolting.eu\/en\/#organization\",\"name\":\"bolting.eu\",\"url\":\"https:\/\/bolting.eu\/en\/\",\"logo\":{\"@id\":\"https:\/\/bolting.eu\/en\/shop\/camp-nano-22-rack-pack\/#local-main-organization-logo\"},\"image\":{\"@id\":\"https:\/\/bolting.eu\/en\/shop\/camp-nano-22-rack-pack\/#local-main-organization-logo\"},\"sameAs\":[\"https:\/\/www.facebook.com\/bolting.eu\",\"https:\/\/www.instagram.com\/bolting.eu\/\"],\"address\":{\"@id\":\"https:\/\/bolting.eu\/en\/shop\/camp-nano-22-rack-pack\/#local-main-place-address\"},\"geo\":{\"@type\":\"GeoCoordinates\",\"latitude\":\"47.264176340396226\",\"longitude\":\"11.380109057672346\"},\"telephone\":[\"+43 699 19083372\"],\"openingHoursSpecification\":[{\"@type\":\"OpeningHoursSpecification\",\"dayOfWeek\":[\"Monday\",\"Wednesday\",\"Friday\"],\"opens\":\"14:00\",\"closes\":\"18:00\"},{\"@type\":\"OpeningHoursSpecification\",\"dayOfWeek\":[\"Tuesday\",\"Thursday\",\"Saturday\",\"Sunday\"],\"opens\":\"00:00\",\"closes\":\"00:00\"}],\"email\":\"office@bolting.eu\",\"vatID\":\"ATU59999728\",\"priceRange\":\"$$\",\"currenciesAccepted\":\"Euro\"},{\"@type\":\"PostalAddress\",\"@id\":\"https:\/\/bolting.eu\/en\/shop\/camp-nano-22-rack-pack\/#local-main-place-address\",\"streetAddress\":\"Fischnalerstra\u00dfe 4\",\"addressLocality\":\"Innsbruck\",\"postalCode\":\"6020\",\"addressRegion\":\"Tirol\",\"addressCountry\":\"AT\"},{\"@type\":\"ImageObject\",\"inLanguage\":\"en-US\",\"@id\":\"https:\/\/bolting.eu\/en\/shop\/camp-nano-22-rack-pack\/#local-main-organization-logo\",\"url\":\"https:\/\/bolting.eu\/wp-content\/uploads\/2019\/09\/bolting-logo.png\",\"contentUrl\":\"https:\/\/bolting.eu\/wp-content\/uploads\/2019\/09\/bolting-logo.png\",\"width\":400,\"height\":211,\"caption\":\"bolting.eu\"}]}<\/script>\n<meta property=\"product:price:amount\" content=\"49.50\" \/>\n<meta property=\"product:price:currency\" content=\"EUR\" \/>\n<meta property=\"og:availability\" content=\"instock\" \/>\n<meta property=\"product:availability\" content=\"instock\" \/>\n<meta property=\"product:retailer_item_id\" content=\"2479\" \/>\n<meta property=\"product:condition\" content=\"new\" \/>\n<meta name=\"geo.placename\" content=\"Innsbruck\" \/>\n<meta name=\"geo.position\" content=\"47.264176340396226;11.380109057672346\" \/>\n<meta name=\"geo.region\" content=\"Austria\" \/>\n<!-- \/ Yoast SEO Premium plugin. -->","yoast_head_json":{"title":"Camp Nano 22 Rack Pack - Schnapper f\u00fcr Friend Set | bolting.eu","description":"Her findest Du den CAMP NANO 22 RACK PACK. Ein Set von 6 Micro Karabinern in verschiedenen Farben zur Best\u00fcckung eines Friend Set.","robots":{"index":"index","follow":"follow","max-snippet":"max-snippet:-1","max-image-preview":"max-image-preview:large","max-video-preview":"max-video-preview:-1"},"canonical":"https:\/\/bolting.eu\/en\/shop\/camp-nano-22-rack-pack\/","og_locale":"en_US","og_type":"article","og_title":"Camp Nano 22 Rack Pack","og_description":"Her findest Du den CAMP NANO 22 RACK PACK. Ein Set von 6 Micro Karabinern in verschiedenen Farben zur Best\u00fcckung eines Friend Set.","og_url":"https:\/\/bolting.eu\/en\/shop\/camp-nano-22-rack-pack\/","og_site_name":"bolting.eu","article_publisher":"https:\/\/www.facebook.com\/bolting.eu","article_modified_time":"2026-02-04T01:33:54+00:00","og_image":[{"width":700,"height":700,"url":"https:\/\/bolting.eu\/wp-content\/uploads\/2022\/05\/Camp-Nano-22-Rack-Pack-1.jpg","type":"image\/jpeg"}],"twitter_card":"summary_large_image","twitter_misc":{"Price":"&euro;&nbsp;49,50","Availability":"In stock"},"schema":{"@context":"https:\/\/schema.org","@graph":[{"@type":["WebPage","ItemPage"],"@id":"https:\/\/bolting.eu\/en\/shop\/camp-nano-22-rack-pack\/","url":"https:\/\/bolting.eu\/en\/shop\/camp-nano-22-rack-pack\/","name":"Camp Nano 22 Rack Pack - Schnapper f\u00fcr Friend Set | bolting.eu","isPartOf":{"@id":"https:\/\/bolting.eu\/en\/#website"},"primaryImageOfPage":{"@id":"https:\/\/bolting.eu\/en\/shop\/camp-nano-22-rack-pack\/#primaryimage"},"image":{"@id":"https:\/\/bolting.eu\/en\/shop\/camp-nano-22-rack-pack\/#primaryimage"},"thumbnailUrl":"https:\/\/bolting.eu\/wp-content\/uploads\/2022\/05\/Camp-Nano-22-Rack-Pack-1.jpg","datePublished":"2022-05-09T09:15:50+00:00","dateModified":"2026-02-04T01:33:54+00:00","description":"Her findest Du den CAMP NANO 22 RACK PACK. Ein Set von 6 Micro Karabinern in verschiedenen Farben zur Best\u00fcckung eines Friend Set.","breadcrumb":{"@id":"https:\/\/bolting.eu\/en\/shop\/camp-nano-22-rack-pack\/#breadcrumb"},"inLanguage":"en-US","potentialAction":[{"@type":"ReadAction","target":["https:\/\/bolting.eu\/en\/shop\/camp-nano-22-rack-pack\/"]}]},{"@type":"ImageObject","inLanguage":"en-US","@id":"https:\/\/bolting.eu\/en\/shop\/camp-nano-22-rack-pack\/#primaryimage","url":"https:\/\/bolting.eu\/wp-content\/uploads\/2022\/05\/Camp-Nano-22-Rack-Pack-1.jpg","contentUrl":"https:\/\/bolting.eu\/wp-content\/uploads\/2022\/05\/Camp-Nano-22-Rack-Pack-1.jpg","width":700,"height":700,"caption":"Das Bild zeigt die verschiedenf\u00e4rbigen Camp Nano 22 Rack Pack Micro Karabiner an einem Plastikschild h\u00e4ngen."},{"@type":"BreadcrumbList","@id":"https:\/\/bolting.eu\/en\/shop\/camp-nano-22-rack-pack\/#breadcrumb","itemListElement":[{"@type":"ListItem","position":1,"name":"Shop","item":"https:\/\/bolting.eu\/en\/shop\/"},{"@type":"ListItem","position":2,"name":"climbing equipment","item":"https:\/\/bolting.eu\/en\/produkt-kategorie\/climbing-equipment\/"},{"@type":"ListItem","position":3,"name":"Climbing carabiner","item":"https:\/\/bolting.eu\/en\/produkt-kategorie\/climbing-carabiner\/"},{"@type":"ListItem","position":4,"name":"snapgate carabiner","item":"https:\/\/bolting.eu\/en\/produkt-kategorie\/snapgate-carabiner\/"},{"@type":"ListItem","position":5,"name":"Camp Nano 22 Rack Pack"}]},{"@type":"WebSite","@id":"https:\/\/bolting.eu\/en\/#website","url":"https:\/\/bolting.eu\/en\/","name":"bolting.eu","description":"we make climbs happen","publisher":{"@id":"https:\/\/bolting.eu\/en\/#organization"},"potentialAction":[{"@type":"SearchAction","target":{"@type":"EntryPoint","urlTemplate":"https:\/\/bolting.eu\/en\/?s={search_term_string}"},"query-input":{"@type":"PropertyValueSpecification","valueRequired":true,"valueName":"search_term_string"}}],"inLanguage":"en-US"},{"@type":["Organization","Place","SportingGoodsStore"],"@id":"https:\/\/bolting.eu\/en\/#organization","name":"bolting.eu","url":"https:\/\/bolting.eu\/en\/","logo":{"@id":"https:\/\/bolting.eu\/en\/shop\/camp-nano-22-rack-pack\/#local-main-organization-logo"},"image":{"@id":"https:\/\/bolting.eu\/en\/shop\/camp-nano-22-rack-pack\/#local-main-organization-logo"},"sameAs":["https:\/\/www.facebook.com\/bolting.eu","https:\/\/www.instagram.com\/bolting.eu\/"],"address":{"@id":"https:\/\/bolting.eu\/en\/shop\/camp-nano-22-rack-pack\/#local-main-place-address"},"geo":{"@type":"GeoCoordinates","latitude":"47.264176340396226","longitude":"11.380109057672346"},"telephone":["+43 699 19083372"],"openingHoursSpecification":[{"@type":"OpeningHoursSpecification","dayOfWeek":["Monday","Wednesday","Friday"],"opens":"14:00","closes":"18:00"},{"@type":"OpeningHoursSpecification","dayOfWeek":["Tuesday","Thursday","Saturday","Sunday"],"opens":"00:00","closes":"00:00"}],"email":"office@bolting.eu","vatID":"ATU59999728","priceRange":"$$","currenciesAccepted":"Euro"},{"@type":"PostalAddress","@id":"https:\/\/bolting.eu\/en\/shop\/camp-nano-22-rack-pack\/#local-main-place-address","streetAddress":"Fischnalerstra\u00dfe 4","addressLocality":"Innsbruck","postalCode":"6020","addressRegion":"Tirol","addressCountry":"AT"},{"@type":"ImageObject","inLanguage":"en-US","@id":"https:\/\/bolting.eu\/en\/shop\/camp-nano-22-rack-pack\/#local-main-organization-logo","url":"https:\/\/bolting.eu\/wp-content\/uploads\/2019\/09\/bolting-logo.png","contentUrl":"https:\/\/bolting.eu\/wp-content\/uploads\/2019\/09\/bolting-logo.png","width":400,"height":211,"caption":"bolting.eu"}]},"product_price_amount":"49.50","product_price_currency":"EUR","og_availability":"instock","product_availability":"instock","product_retailer_item_id":"2479","product_condition":"new","geo.placename":"Innsbruck","geo.position":{"lat":"47.264176340396226","long":"11.380109057672346"},"geo.region":"Austria"},"_links":{"self":[{"href":"https:\/\/bolting.eu\/en\/wp-json\/wp\/v2\/product\/11844","targetHints":{"allow":["GET"]}}],"collection":[{"href":"https:\/\/bolting.eu\/en\/wp-json\/wp\/v2\/product"}],"about":[{"href":"https:\/\/bolting.eu\/en\/wp-json\/wp\/v2\/types\/product"}],"replies":[{"embeddable":true,"href":"https:\/\/bolting.eu\/en\/wp-json\/wp\/v2\/comments?post=11844"}],"wp:featuredmedia":[{"embeddable":true,"href":"https:\/\/bolting.eu\/en\/wp-json\/wp\/v2\/media\/11846"}],"wp:attachment":[{"href":"https:\/\/bolting.eu\/en\/wp-json\/wp\/v2\/media?parent=11844"}],"wp:term":[{"taxonomy":"product_brand","embeddable":true,"href":"https:\/\/bolting.eu\/en\/wp-json\/wp\/v2\/product_brand?post=11844"},{"taxonomy":"product_cat","embeddable":true,"href":"https:\/\/bolting.eu\/en\/wp-json\/wp\/v2\/product_cat?post=11844"},{"taxonomy":"product_tag","embeddable":true,"href":"https:\/\/bolting.eu\/en\/wp-json\/wp\/v2\/product_tag?post=11844"}],"curies":[{"name":"wp","href":"https:\/\/api.w.org\/{rel}","templated":true}]}}