{"id":11740,"date":"2022-04-12T08:38:37","date_gmt":"2022-04-12T06:38:37","guid":{"rendered":"https:\/\/bolting.eu\/?post_type=product&#038;p=11740"},"modified":"2023-11-01T12:20:42","modified_gmt":"2023-11-01T11:20:42","slug":"fischer-ehs-m10-x-40-plus","status":"publish","type":"product","link":"https:\/\/bolting.eu\/en\/shop\/fischer-ehs-m10-x-40-plus\/","title":{"rendered":"Fischer EHS M10 x 40 Plus"},"content":{"rendered":"<p>Der Fischer EHS M10 x 40 Plus ist ein Setzwerkzeug f\u00fcr den <a href=\"https:\/\/bolting.eu\/shop\/fischer-betonduebel-ea-ii-m-10-x-40\/\">Fischer Betond\u00fcbel EA II M10 x 40<\/a>. Er ist notwendig, um diese D\u00fcbel zum Verkeilen im Untergrund zu bringen.<\/p>\n<p>Hierf\u00fcr wird der D\u00fcbel ins Bohrloch geschlagen. Dann muss man das Setzwerkzeug einf\u00fchren und mit einigen kr\u00e4ftigen Schl\u00e4gen darauf, den Konus in den Schaft schlagen.<\/p>\n<p>Unsere Kunden verwenden dieses Produkt haupts\u00e4chlich, um im Beton oder festen Fels <a href=\"https:\/\/bolting.eu\/produkt-kategorie\/einbohrartikel\/klettergriffe-befestigen\/\">Klettergriffe befestigen<\/a> zu k\u00f6nnen.<\/p>\n<h2>Eigenschaften Fischer EHS M10 x 40 Plus<\/h2>\n<ul>\n<li>Hersteller: Fischer Befestigungstechnik<\/li>\n<li>Material: verzinkter Stahl, Kunststoff<\/li>\n<li>Gewicht: 510 Gramm<\/li>\n<li>nur f\u00fcr f\u00fcr Betond\u00fcbel EA II M10 x 40<\/li>\n<\/ul>\n","protected":false},"excerpt":{"rendered":"<p>Notwendiges Setzwerkzeug f\u00fcr den Fischer Betond\u00fcbel EA II M10 x 40.<\/p>\n","protected":false},"featured_media":11730,"comment_status":"open","ping_status":"closed","template":"","meta":[],"product_brand":[],"product_cat":[1210,4652,13954],"product_tag":[],"class_list":{"0":"post-11740","1":"product","2":"type-product","3":"status-publish","4":"has-post-thumbnail","6":"product_cat-einbohrartikel","7":"product_cat-fischer","8":"product_cat-klettergriffe-befestigen","10":"first","11":"instock","12":"taxable","13":"shipping-taxable","14":"purchasable","15":"product-type-simple"},"yoast_head":"<!-- This site is optimized with the Yoast SEO Premium plugin v26.9 (Yoast SEO v26.9) - https:\/\/yoast.com\/product\/yoast-seo-premium-wordpress\/ -->\n<title>Fischer EHS M10 x 40 Plus - Setzwerkzeug | bolting.eu<\/title>\n<meta name=\"description\" content=\"Hier findest Du das Fischer EHS M10 x 40 Plus Setzwerkzeug f\u00fcr den Betond\u00fcbel EA II M10 x 40. Verspreizt den Konus fest im Schaft!\" \/>\n<meta name=\"robots\" content=\"index, follow, max-snippet:-1, max-image-preview:large, max-video-preview:-1\" \/>\n<link rel=\"canonical\" href=\"https:\/\/bolting.eu\/en\/shop\/fischer-ehs-m10-x-40-plus\/\" \/>\n<meta property=\"og:locale\" content=\"en_US\" \/>\n<meta property=\"og:type\" content=\"article\" \/>\n<meta property=\"og:title\" content=\"Fischer EHS M10 x 40 Plus\" \/>\n<meta property=\"og:description\" content=\"Hier findest Du das Fischer EHS M10 x 40 Plus Setzwerkzeug f\u00fcr den Betond\u00fcbel EA II M10 x 40. Verspreizt den Konus fest im Schaft!\" \/>\n<meta property=\"og:url\" content=\"https:\/\/bolting.eu\/en\/shop\/fischer-ehs-m10-x-40-plus\/\" \/>\n<meta property=\"og:site_name\" content=\"bolting.eu\" \/>\n<meta property=\"article:publisher\" content=\"https:\/\/www.facebook.com\/bolting.eu\" \/>\n<meta property=\"article:modified_time\" content=\"2023-11-01T11:20:42+00:00\" \/>\n<meta property=\"og:image\" content=\"https:\/\/bolting.eu\/wp-content\/uploads\/2022\/04\/EHS-M10-x-40-1.jpg\" \/>\n\t<meta property=\"og:image:width\" content=\"700\" \/>\n\t<meta property=\"og:image:height\" content=\"700\" \/>\n\t<meta property=\"og:image:type\" content=\"image\/jpeg\" \/>\n<meta name=\"twitter:card\" content=\"summary_large_image\" \/>\n<meta name=\"twitter:label1\" content=\"Price\" \/>\n\t<meta name=\"twitter:data1\" content=\"&euro;&nbsp;26,90\" \/>\n\t<meta name=\"twitter:label2\" content=\"Availability\" \/>\n\t<meta name=\"twitter:data2\" content=\"In stock\" \/>\n<script type=\"application\/ld+json\" class=\"yoast-schema-graph\">{\"@context\":\"https:\/\/schema.org\",\"@graph\":[{\"@type\":[\"WebPage\",\"ItemPage\"],\"@id\":\"https:\/\/bolting.eu\/en\/shop\/fischer-ehs-m10-x-40-plus\/\",\"url\":\"https:\/\/bolting.eu\/en\/shop\/fischer-ehs-m10-x-40-plus\/\",\"name\":\"Fischer EHS M10 x 40 Plus - Setzwerkzeug | bolting.eu\",\"isPartOf\":{\"@id\":\"https:\/\/bolting.eu\/en\/#website\"},\"primaryImageOfPage\":{\"@id\":\"https:\/\/bolting.eu\/en\/shop\/fischer-ehs-m10-x-40-plus\/#primaryimage\"},\"image\":{\"@id\":\"https:\/\/bolting.eu\/en\/shop\/fischer-ehs-m10-x-40-plus\/#primaryimage\"},\"thumbnailUrl\":\"https:\/\/bolting.eu\/wp-content\/uploads\/2022\/04\/EHS-M10-x-40-1.jpg\",\"datePublished\":\"2022-04-12T06:38:37+00:00\",\"dateModified\":\"2023-11-01T11:20:42+00:00\",\"description\":\"Hier findest Du das Fischer EHS M10 x 40 Plus Setzwerkzeug f\u00fcr den Betond\u00fcbel EA II M10 x 40. Verspreizt den Konus fest im Schaft!\",\"breadcrumb\":{\"@id\":\"https:\/\/bolting.eu\/en\/shop\/fischer-ehs-m10-x-40-plus\/#breadcrumb\"},\"inLanguage\":\"en-US\",\"potentialAction\":[{\"@type\":\"ReadAction\",\"target\":[\"https:\/\/bolting.eu\/en\/shop\/fischer-ehs-m10-x-40-plus\/\"]}]},{\"@type\":\"ImageObject\",\"inLanguage\":\"en-US\",\"@id\":\"https:\/\/bolting.eu\/en\/shop\/fischer-ehs-m10-x-40-plus\/#primaryimage\",\"url\":\"https:\/\/bolting.eu\/wp-content\/uploads\/2022\/04\/EHS-M10-x-40-1.jpg\",\"contentUrl\":\"https:\/\/bolting.eu\/wp-content\/uploads\/2022\/04\/EHS-M10-x-40-1.jpg\",\"width\":700,\"height\":700,\"caption\":\"Das Bild zeigt das rote Setzwerkzeug Fischer EHS M10 x 40 Plus in einem wei\u00dfem Quadrat.\"},{\"@type\":\"BreadcrumbList\",\"@id\":\"https:\/\/bolting.eu\/en\/shop\/fischer-ehs-m10-x-40-plus\/#breadcrumb\",\"itemListElement\":[{\"@type\":\"ListItem\",\"position\":1,\"name\":\"Shop\",\"item\":\"https:\/\/bolting.eu\/en\/shop\/\"},{\"@type\":\"ListItem\",\"position\":2,\"name\":\"bolting products\",\"item\":\"https:\/\/bolting.eu\/en\/produkt-kategorie\/bolting-products\/\"},{\"@type\":\"ListItem\",\"position\":3,\"name\":\"Attaching climbing holds\",\"item\":\"https:\/\/bolting.eu\/en\/produkt-kategorie\/attaching-climbing-holds\/\"},{\"@type\":\"ListItem\",\"position\":4,\"name\":\"Fischer EHS M10 x 40 Plus\"}]},{\"@type\":\"WebSite\",\"@id\":\"https:\/\/bolting.eu\/en\/#website\",\"url\":\"https:\/\/bolting.eu\/en\/\",\"name\":\"bolting.eu\",\"description\":\"we make climbs happen\",\"publisher\":{\"@id\":\"https:\/\/bolting.eu\/en\/#organization\"},\"potentialAction\":[{\"@type\":\"SearchAction\",\"target\":{\"@type\":\"EntryPoint\",\"urlTemplate\":\"https:\/\/bolting.eu\/en\/?s={search_term_string}\"},\"query-input\":{\"@type\":\"PropertyValueSpecification\",\"valueRequired\":true,\"valueName\":\"search_term_string\"}}],\"inLanguage\":\"en-US\"},{\"@type\":[\"Organization\",\"Place\",\"SportingGoodsStore\"],\"@id\":\"https:\/\/bolting.eu\/en\/#organization\",\"name\":\"bolting.eu\",\"url\":\"https:\/\/bolting.eu\/en\/\",\"logo\":{\"@id\":\"https:\/\/bolting.eu\/en\/shop\/fischer-ehs-m10-x-40-plus\/#local-main-organization-logo\"},\"image\":{\"@id\":\"https:\/\/bolting.eu\/en\/shop\/fischer-ehs-m10-x-40-plus\/#local-main-organization-logo\"},\"sameAs\":[\"https:\/\/www.facebook.com\/bolting.eu\",\"https:\/\/www.instagram.com\/bolting.eu\/\"],\"address\":{\"@id\":\"https:\/\/bolting.eu\/en\/shop\/fischer-ehs-m10-x-40-plus\/#local-main-place-address\"},\"geo\":{\"@type\":\"GeoCoordinates\",\"latitude\":\"47.264176340396226\",\"longitude\":\"11.380109057672346\"},\"telephone\":[\"+43 699 19083372\"],\"openingHoursSpecification\":[{\"@type\":\"OpeningHoursSpecification\",\"dayOfWeek\":[\"Monday\",\"Wednesday\",\"Friday\"],\"opens\":\"14:00\",\"closes\":\"18:00\"},{\"@type\":\"OpeningHoursSpecification\",\"dayOfWeek\":[\"Tuesday\",\"Thursday\",\"Saturday\",\"Sunday\"],\"opens\":\"00:00\",\"closes\":\"00:00\"}],\"email\":\"office@bolting.eu\",\"vatID\":\"ATU59999728\",\"priceRange\":\"$$\",\"currenciesAccepted\":\"Euro\"},{\"@type\":\"PostalAddress\",\"@id\":\"https:\/\/bolting.eu\/en\/shop\/fischer-ehs-m10-x-40-plus\/#local-main-place-address\",\"streetAddress\":\"Fischnalerstra\u00dfe 4\",\"addressLocality\":\"Innsbruck\",\"postalCode\":\"6020\",\"addressRegion\":\"Tirol\",\"addressCountry\":\"AT\"},{\"@type\":\"ImageObject\",\"inLanguage\":\"en-US\",\"@id\":\"https:\/\/bolting.eu\/en\/shop\/fischer-ehs-m10-x-40-plus\/#local-main-organization-logo\",\"url\":\"https:\/\/bolting.eu\/wp-content\/uploads\/2019\/09\/bolting-logo.png\",\"contentUrl\":\"https:\/\/bolting.eu\/wp-content\/uploads\/2019\/09\/bolting-logo.png\",\"width\":400,\"height\":211,\"caption\":\"bolting.eu\"}]}<\/script>\n<meta property=\"product:price:amount\" content=\"26.90\" \/>\n<meta property=\"product:price:currency\" content=\"EUR\" \/>\n<meta property=\"og:availability\" content=\"instock\" \/>\n<meta property=\"product:availability\" content=\"instock\" \/>\n<meta property=\"product:retailer_item_id\" content=\"44633\" \/>\n<meta property=\"product:condition\" content=\"new\" \/>\n<meta name=\"geo.placename\" content=\"Innsbruck\" \/>\n<meta name=\"geo.position\" content=\"47.264176340396226;11.380109057672346\" \/>\n<meta name=\"geo.region\" content=\"Austria\" \/>\n<!-- \/ Yoast SEO Premium plugin. -->","yoast_head_json":{"title":"Fischer EHS M10 x 40 Plus - Setzwerkzeug | bolting.eu","description":"Hier findest Du das Fischer EHS M10 x 40 Plus Setzwerkzeug f\u00fcr den Betond\u00fcbel EA II M10 x 40. Verspreizt den Konus fest im Schaft!","robots":{"index":"index","follow":"follow","max-snippet":"max-snippet:-1","max-image-preview":"max-image-preview:large","max-video-preview":"max-video-preview:-1"},"canonical":"https:\/\/bolting.eu\/en\/shop\/fischer-ehs-m10-x-40-plus\/","og_locale":"en_US","og_type":"article","og_title":"Fischer EHS M10 x 40 Plus","og_description":"Hier findest Du das Fischer EHS M10 x 40 Plus Setzwerkzeug f\u00fcr den Betond\u00fcbel EA II M10 x 40. Verspreizt den Konus fest im Schaft!","og_url":"https:\/\/bolting.eu\/en\/shop\/fischer-ehs-m10-x-40-plus\/","og_site_name":"bolting.eu","article_publisher":"https:\/\/www.facebook.com\/bolting.eu","article_modified_time":"2023-11-01T11:20:42+00:00","og_image":[{"width":700,"height":700,"url":"https:\/\/bolting.eu\/wp-content\/uploads\/2022\/04\/EHS-M10-x-40-1.jpg","type":"image\/jpeg"}],"twitter_card":"summary_large_image","twitter_misc":{"Price":"&euro;&nbsp;26,90","Availability":"In stock"},"schema":{"@context":"https:\/\/schema.org","@graph":[{"@type":["WebPage","ItemPage"],"@id":"https:\/\/bolting.eu\/en\/shop\/fischer-ehs-m10-x-40-plus\/","url":"https:\/\/bolting.eu\/en\/shop\/fischer-ehs-m10-x-40-plus\/","name":"Fischer EHS M10 x 40 Plus - Setzwerkzeug | bolting.eu","isPartOf":{"@id":"https:\/\/bolting.eu\/en\/#website"},"primaryImageOfPage":{"@id":"https:\/\/bolting.eu\/en\/shop\/fischer-ehs-m10-x-40-plus\/#primaryimage"},"image":{"@id":"https:\/\/bolting.eu\/en\/shop\/fischer-ehs-m10-x-40-plus\/#primaryimage"},"thumbnailUrl":"https:\/\/bolting.eu\/wp-content\/uploads\/2022\/04\/EHS-M10-x-40-1.jpg","datePublished":"2022-04-12T06:38:37+00:00","dateModified":"2023-11-01T11:20:42+00:00","description":"Hier findest Du das Fischer EHS M10 x 40 Plus Setzwerkzeug f\u00fcr den Betond\u00fcbel EA II M10 x 40. Verspreizt den Konus fest im Schaft!","breadcrumb":{"@id":"https:\/\/bolting.eu\/en\/shop\/fischer-ehs-m10-x-40-plus\/#breadcrumb"},"inLanguage":"en-US","potentialAction":[{"@type":"ReadAction","target":["https:\/\/bolting.eu\/en\/shop\/fischer-ehs-m10-x-40-plus\/"]}]},{"@type":"ImageObject","inLanguage":"en-US","@id":"https:\/\/bolting.eu\/en\/shop\/fischer-ehs-m10-x-40-plus\/#primaryimage","url":"https:\/\/bolting.eu\/wp-content\/uploads\/2022\/04\/EHS-M10-x-40-1.jpg","contentUrl":"https:\/\/bolting.eu\/wp-content\/uploads\/2022\/04\/EHS-M10-x-40-1.jpg","width":700,"height":700,"caption":"Das Bild zeigt das rote Setzwerkzeug Fischer EHS M10 x 40 Plus in einem wei\u00dfem Quadrat."},{"@type":"BreadcrumbList","@id":"https:\/\/bolting.eu\/en\/shop\/fischer-ehs-m10-x-40-plus\/#breadcrumb","itemListElement":[{"@type":"ListItem","position":1,"name":"Shop","item":"https:\/\/bolting.eu\/en\/shop\/"},{"@type":"ListItem","position":2,"name":"bolting products","item":"https:\/\/bolting.eu\/en\/produkt-kategorie\/bolting-products\/"},{"@type":"ListItem","position":3,"name":"Attaching climbing holds","item":"https:\/\/bolting.eu\/en\/produkt-kategorie\/attaching-climbing-holds\/"},{"@type":"ListItem","position":4,"name":"Fischer EHS M10 x 40 Plus"}]},{"@type":"WebSite","@id":"https:\/\/bolting.eu\/en\/#website","url":"https:\/\/bolting.eu\/en\/","name":"bolting.eu","description":"we make climbs happen","publisher":{"@id":"https:\/\/bolting.eu\/en\/#organization"},"potentialAction":[{"@type":"SearchAction","target":{"@type":"EntryPoint","urlTemplate":"https:\/\/bolting.eu\/en\/?s={search_term_string}"},"query-input":{"@type":"PropertyValueSpecification","valueRequired":true,"valueName":"search_term_string"}}],"inLanguage":"en-US"},{"@type":["Organization","Place","SportingGoodsStore"],"@id":"https:\/\/bolting.eu\/en\/#organization","name":"bolting.eu","url":"https:\/\/bolting.eu\/en\/","logo":{"@id":"https:\/\/bolting.eu\/en\/shop\/fischer-ehs-m10-x-40-plus\/#local-main-organization-logo"},"image":{"@id":"https:\/\/bolting.eu\/en\/shop\/fischer-ehs-m10-x-40-plus\/#local-main-organization-logo"},"sameAs":["https:\/\/www.facebook.com\/bolting.eu","https:\/\/www.instagram.com\/bolting.eu\/"],"address":{"@id":"https:\/\/bolting.eu\/en\/shop\/fischer-ehs-m10-x-40-plus\/#local-main-place-address"},"geo":{"@type":"GeoCoordinates","latitude":"47.264176340396226","longitude":"11.380109057672346"},"telephone":["+43 699 19083372"],"openingHoursSpecification":[{"@type":"OpeningHoursSpecification","dayOfWeek":["Monday","Wednesday","Friday"],"opens":"14:00","closes":"18:00"},{"@type":"OpeningHoursSpecification","dayOfWeek":["Tuesday","Thursday","Saturday","Sunday"],"opens":"00:00","closes":"00:00"}],"email":"office@bolting.eu","vatID":"ATU59999728","priceRange":"$$","currenciesAccepted":"Euro"},{"@type":"PostalAddress","@id":"https:\/\/bolting.eu\/en\/shop\/fischer-ehs-m10-x-40-plus\/#local-main-place-address","streetAddress":"Fischnalerstra\u00dfe 4","addressLocality":"Innsbruck","postalCode":"6020","addressRegion":"Tirol","addressCountry":"AT"},{"@type":"ImageObject","inLanguage":"en-US","@id":"https:\/\/bolting.eu\/en\/shop\/fischer-ehs-m10-x-40-plus\/#local-main-organization-logo","url":"https:\/\/bolting.eu\/wp-content\/uploads\/2019\/09\/bolting-logo.png","contentUrl":"https:\/\/bolting.eu\/wp-content\/uploads\/2019\/09\/bolting-logo.png","width":400,"height":211,"caption":"bolting.eu"}]},"product_price_amount":"26.90","product_price_currency":"EUR","og_availability":"instock","product_availability":"instock","product_retailer_item_id":"44633","product_condition":"new","geo.placename":"Innsbruck","geo.position":{"lat":"47.264176340396226","long":"11.380109057672346"},"geo.region":"Austria"},"_links":{"self":[{"href":"https:\/\/bolting.eu\/en\/wp-json\/wp\/v2\/product\/11740","targetHints":{"allow":["GET"]}}],"collection":[{"href":"https:\/\/bolting.eu\/en\/wp-json\/wp\/v2\/product"}],"about":[{"href":"https:\/\/bolting.eu\/en\/wp-json\/wp\/v2\/types\/product"}],"replies":[{"embeddable":true,"href":"https:\/\/bolting.eu\/en\/wp-json\/wp\/v2\/comments?post=11740"}],"wp:featuredmedia":[{"embeddable":true,"href":"https:\/\/bolting.eu\/en\/wp-json\/wp\/v2\/media\/11730"}],"wp:attachment":[{"href":"https:\/\/bolting.eu\/en\/wp-json\/wp\/v2\/media?parent=11740"}],"wp:term":[{"taxonomy":"product_brand","embeddable":true,"href":"https:\/\/bolting.eu\/en\/wp-json\/wp\/v2\/product_brand?post=11740"},{"taxonomy":"product_cat","embeddable":true,"href":"https:\/\/bolting.eu\/en\/wp-json\/wp\/v2\/product_cat?post=11740"},{"taxonomy":"product_tag","embeddable":true,"href":"https:\/\/bolting.eu\/en\/wp-json\/wp\/v2\/product_tag?post=11740"}],"curies":[{"name":"wp","href":"https:\/\/api.w.org\/{rel}","templated":true}]}}