{"id":11726,"date":"2022-04-12T08:20:09","date_gmt":"2022-04-12T06:20:09","guid":{"rendered":"https:\/\/bolting.eu\/?post_type=product&#038;p=11726"},"modified":"2025-07-02T18:19:25","modified_gmt":"2025-07-02T16:19:25","slug":"fischer-betonduebel-ea-ii-m-10-x-40","status":"publish","type":"product","link":"https:\/\/bolting.eu\/en\/shop\/fischer-betonduebel-ea-ii-m-10-x-40\/","title":{"rendered":"Fischer Betond\u00fcbel EA II M 10 x 40"},"content":{"rendered":"<p>Der Fischer Betond\u00fcbel EA II M 10 x 40 ist ein ideal Produkt um <a href=\"https:\/\/bolting.eu\/produkt-kategorie\/einbohrartikel\/klettergriffe-befestigen\/\">Klettergriffe befestigen<\/a> zu k\u00f6nnen. Es handelt sich dabei um einen D\u00fcbel, der <strong>verpflichtend mit dem Setzwerkzeug<\/strong> <a href=\"https:\/\/bolting.eu\/shop\/fischer-ehs-m10-x-40-plus\/\">EHS M10 x 40 Plus<\/a> zu installieren ist.<\/p>\n<p>Hierf\u00fcr wird erstens ein 12mm Loch gebohrt. Dabei ist wichtig, die notwendige Tiefe exakt einzuhalten. D.h. das Loch darf nicht zu tief gebohrt werden. Nur so l\u00e4sst sich das Spreizelement mit dem Setzwerkzeug EHS M10 x 40 einschlagen bzw. sitzt der D\u00fcbel dann sch\u00f6n fest.<\/p>\n<p>Das Gewinde innen im D\u00fcbel hat eine Tiefe von 20mm. Folglich m\u00fcsst ihr beim Befestigen der Griffe darauf achten, dass die Schrauben nicht mehr als 20mm aus dem Griff heraus stehen.<\/p>\n<h2>Eigenschaften Fischer Betond\u00fcbel EA II M 10 x 40<\/h2>\n<ul>\n<li>\u00a0Hersteller: Fischer Befestigungstechnik<\/li>\n<li>Material: <strong>verzinkter Stahl<\/strong><\/li>\n<li>Innengewinde: M10<\/li>\n<li>Gewinde Tiefe: 20mm (Schraubenl\u00e4nge darauf abstimmen!)<\/li>\n<li>ben\u00f6tigter Bohrloch Durchmessser: 12mm<\/li>\n<li>empfohlener Bohrer: <a href=\"https:\/\/bolting.eu\/shop\/bohrer-sds-quattric-ii\/\">Fischer Quattric 12mm<\/a><\/li>\n<li>verpflichtendes Setzwerkzeug: <a href=\"https:\/\/bolting.eu\/shop\/fischer-ehs-m10-x-40-plus\/\">EHS M10 x 40 Plus<\/a><\/li>\n<li>max. Drehmoment der Schrauben: 15 Nm<\/li>\n<li><strong>Verpackungseinheit: 1 St\u00fcck<\/strong><\/li>\n<li>nicht mit Edelstahl Schrauben verwenden! (galvanische Korrosion!)<\/li>\n<li>zum <a href=\"https:\/\/fischer.de\" target=\"_blank\" rel=\"noopener\">Hersteller<\/a><\/li>\n<\/ul>\n<h3>Setzanleitung Video<\/h3>\n<p>Im folgenden Video seht ihr, wie die Installation funktioniert.<\/p>\n<p><iframe loading=\"lazy\" title=\"Einschlaganker  fischer  EA II  zur Befestigung f\u00fcr Rohrleitungen in Beton\" width=\"1020\" height=\"574\" src=\"https:\/\/www.youtube.com\/embed\/xiXzrK7BaoU?feature=oembed\" frameborder=\"0\" allow=\"accelerometer; autoplay; clipboard-write; encrypted-media; gyroscope; picture-in-picture; web-share\" referrerpolicy=\"strict-origin-when-cross-origin\" allowfullscreen><\/iframe><\/p>\n<p>1.) 12mm Loch bohren &#8211; Tiefe = D\u00fcbell\u00e4nge minus 5mm<\/p>\n<p>2.) Ausbl\u00e4ser verwenden &#8211; Bohrmehl entfernen<\/p>\n<p>3.) D\u00fcbel einschlagen<\/p>\n<p>4.) mit Setzwerkzeug Konus in den D\u00fcbel schlagen, nur so sitzt der D\u00fcbel fest<\/p>\n<p>5.) Schrauben eindrehen (L\u00e4nge beachten, das Gewinde ist nur 20mm tief!)<\/p>\n<p><a href=\"https:\/\/bolting.eu\/wp-content\/uploads\/2022\/04\/W1_M_L_01_EAII_F_SALL_AQQ_V1.jpg\"><img loading=\"lazy\" decoding=\"async\" class=\"alignleft wp-image-11731\" src=\"https:\/\/bolting.eu\/wp-content\/uploads\/2022\/04\/W1_M_L_01_EAII_F_SALL_AQQ_V1.jpg\" alt=\"\" width=\"120\" height=\"99\" \/><\/a> <a href=\"https:\/\/bolting.eu\/wp-content\/uploads\/2022\/04\/W1_M_L_02_EAII_F_SALL_AQQ_V1.jpg\"><img loading=\"lazy\" decoding=\"async\" class=\"alignleft wp-image-11732\" src=\"https:\/\/bolting.eu\/wp-content\/uploads\/2022\/04\/W1_M_L_02_EAII_F_SALL_AQQ_V1.jpg\" alt=\"\" width=\"120\" height=\"99\" \/><\/a> <a href=\"https:\/\/bolting.eu\/wp-content\/uploads\/2022\/04\/W1_M_L_03_EAII_F_SALL_AQQ_V1.jpg\"><img loading=\"lazy\" decoding=\"async\" class=\"wp-image-11733 alignleft\" src=\"https:\/\/bolting.eu\/wp-content\/uploads\/2022\/04\/W1_M_L_03_EAII_F_SALL_AQQ_V1.jpg\" alt=\"\" width=\"120\" height=\"99\" \/><\/a> <a href=\"https:\/\/bolting.eu\/wp-content\/uploads\/2022\/04\/W1_M_L_05_EAII_F_SALL_AQQ_V1.jpg\"><img loading=\"lazy\" decoding=\"async\" class=\"wp-image-11735 alignleft\" src=\"https:\/\/bolting.eu\/wp-content\/uploads\/2022\/04\/W1_M_L_05_EAII_F_SALL_AQQ_V1.jpg\" alt=\"\" width=\"120\" height=\"99\" \/><\/a><\/p>\n<p>&nbsp;<\/p>\n<h3><\/h3>\n<h3><\/h3>\n<h3>Beim Fischer Betond\u00fcbel EA II M 10 x 40 Schraubenl\u00e4nge beachten!<\/h3>\n<p>Das Gewinde dieses D\u00fcbels ist 20mm tief. Folglich m\u00fcsst ihr bei der Best\u00fcckung der Klettergriffe auf den \u00dcberstand achten. Dieser darf die 20mm nicht \u00fcberschreiten, da euch die Schraube sonst am Konus &#8220;ansteht&#8221; und der Griff sich nicht ganz festziehen l\u00e4sst.<\/p>\n<p>Hier geht es zu unseren <a href=\"https:\/\/bolting.eu\/shop\/klettergriff-schrauben\/\">Klettergriff Schrauben<\/a>!<\/p>\n","protected":false},"excerpt":{"rendered":"<p>Betond\u00fcbel zum befestigen von Klettergriffen in Vollbeton bzw. festem Gestein wie z.B. Granit oder Kalk.<\/p>\n<p>Dieser D\u00fcbel ist die einfache L\u00f6sung f\u00fcr alle festen Untergr\u00fcnde. Man braucht zur Installation das Setzwerkzeug EA II M10 x 40.<\/p>\n<p>Schraubenl\u00e4nge beachten, Gewindetiefe nur 20mm!<\/p>\n","protected":false},"featured_media":11728,"comment_status":"open","ping_status":"closed","template":"","meta":[],"product_brand":[],"product_cat":[1210,4652,13954],"product_tag":[],"class_list":{"0":"post-11726","1":"product","2":"type-product","3":"status-publish","4":"has-post-thumbnail","6":"product_cat-einbohrartikel","7":"product_cat-fischer","8":"product_cat-klettergriffe-befestigen","10":"first","11":"instock","12":"taxable","13":"shipping-taxable","14":"purchasable","15":"product-type-simple"},"yoast_head":"<!-- This site is optimized with the Yoast SEO Premium plugin v26.9 (Yoast SEO v26.9) - https:\/\/yoast.com\/product\/yoast-seo-premium-wordpress\/ -->\n<title>Fischer Betond\u00fcbel EA II M 10 x 40 - verzinkt | bolting.eu<\/title>\n<meta name=\"description\" content=\"Hier findest Du den Fischer Betond\u00fcbel EA II M 10 x 40 verzinkt. Einen Innengewinded\u00fcbel f\u00fcr die Klettergriff Montage mit M10 Schrauben.\" \/>\n<meta name=\"robots\" content=\"index, follow, max-snippet:-1, max-image-preview:large, max-video-preview:-1\" \/>\n<link rel=\"canonical\" href=\"https:\/\/bolting.eu\/en\/shop\/fischer-betonduebel-ea-ii-m-10-x-40\/\" \/>\n<meta property=\"og:locale\" content=\"en_US\" \/>\n<meta property=\"og:type\" content=\"article\" \/>\n<meta property=\"og:title\" content=\"Fischer Betond\u00fcbel EA II M 10 x 40\" \/>\n<meta property=\"og:description\" content=\"Hier findest Du den Fischer Betond\u00fcbel EA II M 10 x 40 verzinkt. Einen Innengewinded\u00fcbel f\u00fcr die Klettergriff Montage mit M10 Schrauben.\" \/>\n<meta property=\"og:url\" content=\"https:\/\/bolting.eu\/en\/shop\/fischer-betonduebel-ea-ii-m-10-x-40\/\" \/>\n<meta property=\"og:site_name\" content=\"bolting.eu\" \/>\n<meta property=\"article:publisher\" content=\"https:\/\/www.facebook.com\/bolting.eu\" \/>\n<meta property=\"article:modified_time\" content=\"2025-07-02T16:19:25+00:00\" \/>\n<meta property=\"og:image\" content=\"https:\/\/bolting.eu\/wp-content\/uploads\/2022\/04\/EA-II-M10-x-40-1.jpg\" \/>\n\t<meta property=\"og:image:width\" content=\"700\" \/>\n\t<meta property=\"og:image:height\" content=\"700\" \/>\n\t<meta property=\"og:image:type\" content=\"image\/jpeg\" \/>\n<meta name=\"twitter:card\" content=\"summary_large_image\" \/>\n<meta name=\"twitter:label1\" content=\"Price\" \/>\n\t<meta name=\"twitter:data1\" content=\"&euro;&nbsp;1,59\" \/>\n\t<meta name=\"twitter:label2\" content=\"Availability\" \/>\n\t<meta name=\"twitter:data2\" content=\"In stock\" \/>\n<script type=\"application\/ld+json\" class=\"yoast-schema-graph\">{\"@context\":\"https:\/\/schema.org\",\"@graph\":[{\"@type\":[\"WebPage\",\"ItemPage\"],\"@id\":\"https:\/\/bolting.eu\/en\/shop\/fischer-betonduebel-ea-ii-m-10-x-40\/\",\"url\":\"https:\/\/bolting.eu\/en\/shop\/fischer-betonduebel-ea-ii-m-10-x-40\/\",\"name\":\"Fischer Betond\u00fcbel EA II M 10 x 40 - verzinkt | bolting.eu\",\"isPartOf\":{\"@id\":\"https:\/\/bolting.eu\/en\/#website\"},\"primaryImageOfPage\":{\"@id\":\"https:\/\/bolting.eu\/en\/shop\/fischer-betonduebel-ea-ii-m-10-x-40\/#primaryimage\"},\"image\":{\"@id\":\"https:\/\/bolting.eu\/en\/shop\/fischer-betonduebel-ea-ii-m-10-x-40\/#primaryimage\"},\"thumbnailUrl\":\"https:\/\/bolting.eu\/wp-content\/uploads\/2022\/04\/EA-II-M10-x-40-1.jpg\",\"datePublished\":\"2022-04-12T06:20:09+00:00\",\"dateModified\":\"2025-07-02T16:19:25+00:00\",\"description\":\"Hier findest Du den Fischer Betond\u00fcbel EA II M 10 x 40 verzinkt. Einen Innengewinded\u00fcbel f\u00fcr die Klettergriff Montage mit M10 Schrauben.\",\"breadcrumb\":{\"@id\":\"https:\/\/bolting.eu\/en\/shop\/fischer-betonduebel-ea-ii-m-10-x-40\/#breadcrumb\"},\"inLanguage\":\"en-US\",\"potentialAction\":[{\"@type\":\"ReadAction\",\"target\":[\"https:\/\/bolting.eu\/en\/shop\/fischer-betonduebel-ea-ii-m-10-x-40\/\"]}]},{\"@type\":\"ImageObject\",\"inLanguage\":\"en-US\",\"@id\":\"https:\/\/bolting.eu\/en\/shop\/fischer-betonduebel-ea-ii-m-10-x-40\/#primaryimage\",\"url\":\"https:\/\/bolting.eu\/wp-content\/uploads\/2022\/04\/EA-II-M10-x-40-1.jpg\",\"contentUrl\":\"https:\/\/bolting.eu\/wp-content\/uploads\/2022\/04\/EA-II-M10-x-40-1.jpg\",\"width\":700,\"height\":700,\"caption\":\"Das Bild zeigt den silbernen Fischer Betond\u00fcbel EA II M 10 x 40 waagrecht in einem wei\u00dfem Quadrat.\"},{\"@type\":\"BreadcrumbList\",\"@id\":\"https:\/\/bolting.eu\/en\/shop\/fischer-betonduebel-ea-ii-m-10-x-40\/#breadcrumb\",\"itemListElement\":[{\"@type\":\"ListItem\",\"position\":1,\"name\":\"Shop\",\"item\":\"https:\/\/bolting.eu\/en\/shop\/\"},{\"@type\":\"ListItem\",\"position\":2,\"name\":\"bolting products\",\"item\":\"https:\/\/bolting.eu\/en\/produkt-kategorie\/bolting-products\/\"},{\"@type\":\"ListItem\",\"position\":3,\"name\":\"Attaching climbing holds\",\"item\":\"https:\/\/bolting.eu\/en\/produkt-kategorie\/attaching-climbing-holds\/\"},{\"@type\":\"ListItem\",\"position\":4,\"name\":\"Fischer Betond\u00fcbel EA II M 10 x 40\"}]},{\"@type\":\"WebSite\",\"@id\":\"https:\/\/bolting.eu\/en\/#website\",\"url\":\"https:\/\/bolting.eu\/en\/\",\"name\":\"bolting.eu\",\"description\":\"we make climbs happen\",\"publisher\":{\"@id\":\"https:\/\/bolting.eu\/en\/#organization\"},\"potentialAction\":[{\"@type\":\"SearchAction\",\"target\":{\"@type\":\"EntryPoint\",\"urlTemplate\":\"https:\/\/bolting.eu\/en\/?s={search_term_string}\"},\"query-input\":{\"@type\":\"PropertyValueSpecification\",\"valueRequired\":true,\"valueName\":\"search_term_string\"}}],\"inLanguage\":\"en-US\"},{\"@type\":[\"Organization\",\"Place\",\"SportingGoodsStore\"],\"@id\":\"https:\/\/bolting.eu\/en\/#organization\",\"name\":\"bolting.eu\",\"url\":\"https:\/\/bolting.eu\/en\/\",\"logo\":{\"@id\":\"https:\/\/bolting.eu\/en\/shop\/fischer-betonduebel-ea-ii-m-10-x-40\/#local-main-organization-logo\"},\"image\":{\"@id\":\"https:\/\/bolting.eu\/en\/shop\/fischer-betonduebel-ea-ii-m-10-x-40\/#local-main-organization-logo\"},\"sameAs\":[\"https:\/\/www.facebook.com\/bolting.eu\",\"https:\/\/www.instagram.com\/bolting.eu\/\"],\"address\":{\"@id\":\"https:\/\/bolting.eu\/en\/shop\/fischer-betonduebel-ea-ii-m-10-x-40\/#local-main-place-address\"},\"geo\":{\"@type\":\"GeoCoordinates\",\"latitude\":\"47.264176340396226\",\"longitude\":\"11.380109057672346\"},\"telephone\":[\"+43 699 19083372\"],\"openingHoursSpecification\":[{\"@type\":\"OpeningHoursSpecification\",\"dayOfWeek\":[\"Monday\",\"Wednesday\",\"Friday\"],\"opens\":\"14:00\",\"closes\":\"18:00\"},{\"@type\":\"OpeningHoursSpecification\",\"dayOfWeek\":[\"Tuesday\",\"Thursday\",\"Saturday\",\"Sunday\"],\"opens\":\"00:00\",\"closes\":\"00:00\"}],\"email\":\"office@bolting.eu\",\"vatID\":\"ATU59999728\",\"priceRange\":\"$$\",\"currenciesAccepted\":\"Euro\"},{\"@type\":\"PostalAddress\",\"@id\":\"https:\/\/bolting.eu\/en\/shop\/fischer-betonduebel-ea-ii-m-10-x-40\/#local-main-place-address\",\"streetAddress\":\"Fischnalerstra\u00dfe 4\",\"addressLocality\":\"Innsbruck\",\"postalCode\":\"6020\",\"addressRegion\":\"Tirol\",\"addressCountry\":\"AT\"},{\"@type\":\"ImageObject\",\"inLanguage\":\"en-US\",\"@id\":\"https:\/\/bolting.eu\/en\/shop\/fischer-betonduebel-ea-ii-m-10-x-40\/#local-main-organization-logo\",\"url\":\"https:\/\/bolting.eu\/wp-content\/uploads\/2019\/09\/bolting-logo.png\",\"contentUrl\":\"https:\/\/bolting.eu\/wp-content\/uploads\/2019\/09\/bolting-logo.png\",\"width\":400,\"height\":211,\"caption\":\"bolting.eu\"}]}<\/script>\n<meta property=\"og:video\" content=\"https:\/\/www.youtube.com\/embed\/xiXzrK7BaoU\" \/>\n<meta property=\"og:video:type\" content=\"text\/html\" \/>\n<meta property=\"og:video:duration\" content=\"116\" \/>\n<meta property=\"og:video:width\" content=\"480\" \/>\n<meta property=\"og:video:height\" content=\"270\" \/>\n<meta property=\"ya:ovs:adult\" content=\"false\" \/>\n<meta property=\"ya:ovs:upload_date\" content=\"2022-04-12T06:20:09+00:00\" \/>\n<meta property=\"ya:ovs:allow_embed\" content=\"true\" \/>\n<meta property=\"product:price:amount\" content=\"1.59\" \/>\n<meta property=\"product:price:currency\" content=\"EUR\" \/>\n<meta property=\"og:availability\" content=\"instock\" \/>\n<meta property=\"product:availability\" content=\"instock\" \/>\n<meta property=\"product:retailer_item_id\" content=\"048339\" \/>\n<meta property=\"product:condition\" content=\"new\" \/>\n<meta name=\"geo.placename\" content=\"Innsbruck\" \/>\n<meta name=\"geo.position\" content=\"47.264176340396226;11.380109057672346\" \/>\n<meta name=\"geo.region\" content=\"Austria\" \/>\n<!-- \/ Yoast SEO Premium plugin. -->","yoast_head_json":{"title":"Fischer Betond\u00fcbel EA II M 10 x 40 - verzinkt | bolting.eu","description":"Hier findest Du den Fischer Betond\u00fcbel EA II M 10 x 40 verzinkt. Einen Innengewinded\u00fcbel f\u00fcr die Klettergriff Montage mit M10 Schrauben.","robots":{"index":"index","follow":"follow","max-snippet":"max-snippet:-1","max-image-preview":"max-image-preview:large","max-video-preview":"max-video-preview:-1"},"canonical":"https:\/\/bolting.eu\/en\/shop\/fischer-betonduebel-ea-ii-m-10-x-40\/","og_locale":"en_US","og_type":"article","og_title":"Fischer Betond\u00fcbel EA II M 10 x 40","og_description":"Hier findest Du den Fischer Betond\u00fcbel EA II M 10 x 40 verzinkt. Einen Innengewinded\u00fcbel f\u00fcr die Klettergriff Montage mit M10 Schrauben.","og_url":"https:\/\/bolting.eu\/en\/shop\/fischer-betonduebel-ea-ii-m-10-x-40\/","og_site_name":"bolting.eu","article_publisher":"https:\/\/www.facebook.com\/bolting.eu","article_modified_time":"2025-07-02T16:19:25+00:00","og_image":[{"width":700,"height":700,"url":"https:\/\/bolting.eu\/wp-content\/uploads\/2022\/04\/EA-II-M10-x-40-1.jpg","type":"image\/jpeg"}],"twitter_card":"summary_large_image","twitter_misc":{"Price":"&euro;&nbsp;1,59","Availability":"In stock"},"schema":{"@context":"https:\/\/schema.org","@graph":[{"@type":["WebPage","ItemPage"],"@id":"https:\/\/bolting.eu\/en\/shop\/fischer-betonduebel-ea-ii-m-10-x-40\/","url":"https:\/\/bolting.eu\/en\/shop\/fischer-betonduebel-ea-ii-m-10-x-40\/","name":"Fischer Betond\u00fcbel EA II M 10 x 40 - verzinkt | bolting.eu","isPartOf":{"@id":"https:\/\/bolting.eu\/en\/#website"},"primaryImageOfPage":{"@id":"https:\/\/bolting.eu\/en\/shop\/fischer-betonduebel-ea-ii-m-10-x-40\/#primaryimage"},"image":{"@id":"https:\/\/bolting.eu\/en\/shop\/fischer-betonduebel-ea-ii-m-10-x-40\/#primaryimage"},"thumbnailUrl":"https:\/\/bolting.eu\/wp-content\/uploads\/2022\/04\/EA-II-M10-x-40-1.jpg","datePublished":"2022-04-12T06:20:09+00:00","dateModified":"2025-07-02T16:19:25+00:00","description":"Hier findest Du den Fischer Betond\u00fcbel EA II M 10 x 40 verzinkt. Einen Innengewinded\u00fcbel f\u00fcr die Klettergriff Montage mit M10 Schrauben.","breadcrumb":{"@id":"https:\/\/bolting.eu\/en\/shop\/fischer-betonduebel-ea-ii-m-10-x-40\/#breadcrumb"},"inLanguage":"en-US","potentialAction":[{"@type":"ReadAction","target":["https:\/\/bolting.eu\/en\/shop\/fischer-betonduebel-ea-ii-m-10-x-40\/"]}]},{"@type":"ImageObject","inLanguage":"en-US","@id":"https:\/\/bolting.eu\/en\/shop\/fischer-betonduebel-ea-ii-m-10-x-40\/#primaryimage","url":"https:\/\/bolting.eu\/wp-content\/uploads\/2022\/04\/EA-II-M10-x-40-1.jpg","contentUrl":"https:\/\/bolting.eu\/wp-content\/uploads\/2022\/04\/EA-II-M10-x-40-1.jpg","width":700,"height":700,"caption":"Das Bild zeigt den silbernen Fischer Betond\u00fcbel EA II M 10 x 40 waagrecht in einem wei\u00dfem Quadrat."},{"@type":"BreadcrumbList","@id":"https:\/\/bolting.eu\/en\/shop\/fischer-betonduebel-ea-ii-m-10-x-40\/#breadcrumb","itemListElement":[{"@type":"ListItem","position":1,"name":"Shop","item":"https:\/\/bolting.eu\/en\/shop\/"},{"@type":"ListItem","position":2,"name":"bolting products","item":"https:\/\/bolting.eu\/en\/produkt-kategorie\/bolting-products\/"},{"@type":"ListItem","position":3,"name":"Attaching climbing holds","item":"https:\/\/bolting.eu\/en\/produkt-kategorie\/attaching-climbing-holds\/"},{"@type":"ListItem","position":4,"name":"Fischer Betond\u00fcbel EA II M 10 x 40"}]},{"@type":"WebSite","@id":"https:\/\/bolting.eu\/en\/#website","url":"https:\/\/bolting.eu\/en\/","name":"bolting.eu","description":"we make climbs happen","publisher":{"@id":"https:\/\/bolting.eu\/en\/#organization"},"potentialAction":[{"@type":"SearchAction","target":{"@type":"EntryPoint","urlTemplate":"https:\/\/bolting.eu\/en\/?s={search_term_string}"},"query-input":{"@type":"PropertyValueSpecification","valueRequired":true,"valueName":"search_term_string"}}],"inLanguage":"en-US"},{"@type":["Organization","Place","SportingGoodsStore"],"@id":"https:\/\/bolting.eu\/en\/#organization","name":"bolting.eu","url":"https:\/\/bolting.eu\/en\/","logo":{"@id":"https:\/\/bolting.eu\/en\/shop\/fischer-betonduebel-ea-ii-m-10-x-40\/#local-main-organization-logo"},"image":{"@id":"https:\/\/bolting.eu\/en\/shop\/fischer-betonduebel-ea-ii-m-10-x-40\/#local-main-organization-logo"},"sameAs":["https:\/\/www.facebook.com\/bolting.eu","https:\/\/www.instagram.com\/bolting.eu\/"],"address":{"@id":"https:\/\/bolting.eu\/en\/shop\/fischer-betonduebel-ea-ii-m-10-x-40\/#local-main-place-address"},"geo":{"@type":"GeoCoordinates","latitude":"47.264176340396226","longitude":"11.380109057672346"},"telephone":["+43 699 19083372"],"openingHoursSpecification":[{"@type":"OpeningHoursSpecification","dayOfWeek":["Monday","Wednesday","Friday"],"opens":"14:00","closes":"18:00"},{"@type":"OpeningHoursSpecification","dayOfWeek":["Tuesday","Thursday","Saturday","Sunday"],"opens":"00:00","closes":"00:00"}],"email":"office@bolting.eu","vatID":"ATU59999728","priceRange":"$$","currenciesAccepted":"Euro"},{"@type":"PostalAddress","@id":"https:\/\/bolting.eu\/en\/shop\/fischer-betonduebel-ea-ii-m-10-x-40\/#local-main-place-address","streetAddress":"Fischnalerstra\u00dfe 4","addressLocality":"Innsbruck","postalCode":"6020","addressRegion":"Tirol","addressCountry":"AT"},{"@type":"ImageObject","inLanguage":"en-US","@id":"https:\/\/bolting.eu\/en\/shop\/fischer-betonduebel-ea-ii-m-10-x-40\/#local-main-organization-logo","url":"https:\/\/bolting.eu\/wp-content\/uploads\/2019\/09\/bolting-logo.png","contentUrl":"https:\/\/bolting.eu\/wp-content\/uploads\/2019\/09\/bolting-logo.png","width":400,"height":211,"caption":"bolting.eu"}]},"og_video":"https:\/\/www.youtube.com\/embed\/xiXzrK7BaoU","og_video_type":"text\/html","og_video_duration":"116","og_video_width":"480","og_video_height":"270","ya_ovs_adult":"false","ya_ovs_upload_date":"2022-04-12T06:20:09+00:00","ya_ovs_allow_embed":"true","product_price_amount":"1.59","product_price_currency":"EUR","og_availability":"instock","product_availability":"instock","product_retailer_item_id":"048339","product_condition":"new","geo.placename":"Innsbruck","geo.position":{"lat":"47.264176340396226","long":"11.380109057672346"},"geo.region":"Austria"},"_links":{"self":[{"href":"https:\/\/bolting.eu\/en\/wp-json\/wp\/v2\/product\/11726","targetHints":{"allow":["GET"]}}],"collection":[{"href":"https:\/\/bolting.eu\/en\/wp-json\/wp\/v2\/product"}],"about":[{"href":"https:\/\/bolting.eu\/en\/wp-json\/wp\/v2\/types\/product"}],"replies":[{"embeddable":true,"href":"https:\/\/bolting.eu\/en\/wp-json\/wp\/v2\/comments?post=11726"}],"wp:featuredmedia":[{"embeddable":true,"href":"https:\/\/bolting.eu\/en\/wp-json\/wp\/v2\/media\/11728"}],"wp:attachment":[{"href":"https:\/\/bolting.eu\/en\/wp-json\/wp\/v2\/media?parent=11726"}],"wp:term":[{"taxonomy":"product_brand","embeddable":true,"href":"https:\/\/bolting.eu\/en\/wp-json\/wp\/v2\/product_brand?post=11726"},{"taxonomy":"product_cat","embeddable":true,"href":"https:\/\/bolting.eu\/en\/wp-json\/wp\/v2\/product_cat?post=11726"},{"taxonomy":"product_tag","embeddable":true,"href":"https:\/\/bolting.eu\/en\/wp-json\/wp\/v2\/product_tag?post=11726"}],"curies":[{"name":"wp","href":"https:\/\/api.w.org\/{rel}","templated":true}]}}