{"id":11713,"date":"2022-04-11T14:41:11","date_gmt":"2022-04-11T12:41:11","guid":{"rendered":"https:\/\/bolting.eu\/?post_type=product&#038;p=11713"},"modified":"2026-01-09T09:46:10","modified_gmt":"2026-01-09T08:46:10","slug":"camp-supercargo","status":"publish","type":"product","link":"https:\/\/bolting.eu\/en\/shop\/camp-supercargo\/","title":{"rendered":"Camp Supercargo Haulbag"},"content":{"rendered":"<p>Der Camp Supercargo Haulbag ist erst seit kurzem auf dem Markt. Das Modell gibt es in 40 und 70 Litern. D.h. als langlebiger <a href=\"https:\/\/bolting.eu\/produkt-kategorie\/kletterausruestung\/kletterrucksack\/\">Kletterrucksack<\/a> bzw. f\u00fcr k\u00fcrzere Big Walls.<\/p>\n<p>Die neuen Modelle haben sich aber bereits eine hervorragende Stellung erarbeitet.<\/p>\n<p>Denn die Italiener stellen die Bags nun mit einem extrem hochwertigen Tarpaulin PU her. Die Einzelteile werden dabei hitze-verschwei\u00dft. D.h. noch mehr Langlebigkeit, erh\u00f6hte Abriebfestigkeit bei gleichzeitig &#8220;weichem&#8221; Material.<\/p>\n<p>Ansonsten haben die Bags eine durchdachte Ausstattung.<\/p>\n<p>Erstens gute Loops zum Fixieren am <a href=\"https:\/\/bolting.eu\/shop\/beal-segment-statikseil\/\">Statikseil<\/a>. Zweitens eine gute Gr\u00f6\u00dfe bei der Innentasche f\u00fcr <a href=\"https:\/\/bolting.eu\/produkt-kategorie\/kletterausruestung\/kletterzubehoer\/\">Kletterzubeh\u00f6r<\/a> mit RV. Auch die innenliegenden Materialschlaufen f\u00fcr z.B. zus\u00e4tzliche <a href=\"https:\/\/bolting.eu\/produkt-kategorie\/kletterausruestung\/klemmgeraete-friends\/\">Friends<\/a> sind gut angebracht.<\/p>\n<p>Erw\u00e4hnenswert finden wir auch das Tragesystem. Denn die Tr\u00e4ger k\u00f6nnt ihr prima verstauen. Der H\u00fcftgurt ist sehr bequem und ihr k\u00f6nnt ihn als Sitzunterlage verwenden.<\/p>\n<p>Kurzum. Diese Bags k\u00f6nnt ihr getrost in eure <a href=\"https:\/\/bolting.eu\/big-wall-ausruestung\/\">Big Wall Ausr\u00fcstung<\/a> aufnehmen!<\/p>\n<h2>Eigenschaften Camp Supercargo Haulbag<\/h2>\n<ul>\n<li>Herstreller: <a href=\"https:\/\/bolting.eu\/produkt-kategorie\/camp-cassin\/\">Camp<\/a><\/li>\n<li>Volumen: 40 Liter oder 70 Liter<\/li>\n<li>Material: hochwertiges Tarpaulin PU 4500D Material, Polyamid<\/li>\n<li>Gewicht: 2,9kg bzw. 3,40 kg<\/li>\n<li>super widerstandsf\u00e4hig dank des hochwertigen PU Materials<\/li>\n<li>PU Teile am Bag hitzeverschwei\u00dft<\/li>\n<li>zwei starke Hauling Loops<\/li>\n<li>ausziehbarer Rollverschluss mit Tanka Verschluss bzw. Riemen und Plastik Steckschnalle<\/li>\n<li>verst\u00e4rkter Boden<\/li>\n<li>\u00dcber -Kreuz Schlaufen au\u00dfen am Boden f\u00fcr Poop Tube<\/li>\n<li>2 Abfluss\u00f6ffnungen im Boden<\/li>\n<li>H\u00fcftgurt gepolstert und abnehmbar bzw. als Sitzpolster zu verwenden<\/li>\n<li>gepolsterte Trageriemen abnehmbar \/ verstaubar<\/li>\n<li>Brustriemen h\u00f6henverstellbar<\/li>\n<li>Innentasche mit Schlaufe und RV<\/li>\n<li>drei Materialschlaufen innen<\/li>\n<li><a href=\"http:\/\/doc.camp.it\/Manuali\/TORRE%2040_PACKAGING_r0.pdf\" target=\"_blank\" rel=\"noopener\">Bedienungsanleitung<\/a><\/li>\n<\/ul>\n<h3>Widerstandsf\u00e4higes Tarpaulin Material<\/h3>\n<p>Was die Camp Supercargo Haulbags von den Metolius, Climbing Technology und Black Diamond Haulbags unterscheidet, ist das Material.<\/p>\n<p>Denn das Tarpaulin 4500 D Material ist ein PU beschichtetes Nylon Gewebe, welches thermobehandelt wurde. So wurde die Hauptstruktur eben w\u00e4rmeversiegelt und sorgt f\u00fcr maximale Festigkeit auch bei kalten Temperaturen.<\/p>\n<p>D.h. wo andere Modelle sehr steif und leicht br\u00fcchig werden, bleibt dieses Material sch\u00f6n weich und belastbar.<\/p>\n<h3>40 Liter Modell<\/h3>\n<p>Diese Variante hat zwei designierte Einsatzbereiche.<\/p>\n<p>Erstens ist der kleine Supercargo ein extrem langlebiger Kletterrucksack. Hier kann nichts kaputt gehen bzw. einrei\u00dfen. Wer einen unkaputtbaren Top-Loader haben will, ist hier genau richtig!<\/p>\n<p>Zweitens als Haulbag f\u00fcr Tagestouren. Wie z.B. bei schweren Sportkletter Mehrseill\u00e4ngen oder &#8220;Nose in a day&#8221; Aktionen, wo ihr einen Bag nachzieht.<\/p>\n<p>In Verbindung mit der <a href=\"https:\/\/bolting.eu\/shop\/petzl-pur-line-6mm\/\">Petzl Pur Line 6mm<\/a> und einer <a href=\"https:\/\/bolting.eu\/shop\/petzl-nano-traxion\/\">Nano Traxion<\/a> ist das der ideale Bag.<\/p>\n<h3>70 Liter Modell<\/h3>\n<p>Camp empfiehlt den gro\u00dfen Supercargo f\u00fcr k\u00fcrzere Big Walls. Wir sehen das auch genau so. Wer z.B. die Nose oder die Salath\u00e9 Wall in 2 Tagen machen will, ist hier richtig.<\/p>\n<p>Ebenso ist dieses Modell ein sehr guter Cargo Bag. Denn mit 70 Liter Volumen ist das Gewicht meist noch &#8220;tragbar&#8221;. Wer z.B. ein Lager im Hochalpinen Bereich einrichten will, ist hier gut aufgehoben.<\/p>\n<p>F\u00fcr aufwendigere Walls finden wir den Bag allerdings zu klein. Hier m\u00fcsst ihr mind. auf ein Volumen von ca. 100 Litern gehen.<\/p>\n<h3>bolting.eu Praxistipp Camp Supercargo<\/h3>\n<p>Faltet euren Bag bei Lagerung in keinem Fall. Es ist viel besser, wenn ihr ihn einfach an einem Haken aufh\u00e4ngt. Oder ungefaltet in ein Regal legt.<\/p>\n<p>Ein &#8220;Knick&#8221; im TPU Material kann sich im Laufe der Zeit bis zu einem kleinen Riss weiter entwickeln.<\/p>\n<p>Zudem solltet ihr den Bag immer komplett entleeren. Ansonsten wird er &#8220;modrig&#8221; bis &#8220;stinkig&#8221;. Ideal ist der trockene Keller. Schlecht ist die kalte und feuchte Garage.<\/p>\n","protected":false},"excerpt":{"rendered":"<p>Durchdachtes Haulbag Modell mit 40 oder 70 Litern Volumen. Ideal f\u00fcr kleiner Walls, MSL Projekte, als Kletterrucksack oder f\u00fcr H\u00f6henarbeiten.<\/p>\n<p>Hauptmerkmal ist das extrem hochwertige Tarpaulin PU 4500 D Material.<\/p>\n<p>Versandkostenfrei bis 2kg in <img decoding=\"async\" class=\"emoji\" role=\"img\" draggable=\"false\" src=\"https:\/\/s.w.org\/images\/core\/emoji\/14.0.0\/svg\/1f1e6-1f1f9.svg\" alt=\"\ud83c\udde6\ud83c\uddf9\" \/> ab \u20ac 100,- und <img decoding=\"async\" class=\"emoji\" role=\"img\" draggable=\"false\" src=\"https:\/\/s.w.org\/images\/core\/emoji\/14.0.0\/svg\/1f1e9-1f1ea.svg\" alt=\"\ud83c\udde9\ud83c\uddea\" \/> ab \u20ac 200,-!<\/p>\n","protected":false},"featured_media":21976,"comment_status":"open","ping_status":"closed","template":"","meta":[],"product_brand":[],"product_cat":[31,4653,42],"product_tag":[],"class_list":{"0":"post-11713","1":"product","2":"type-product","3":"status-publish","4":"has-post-thumbnail","6":"product_cat-big-wall-ausruestung","7":"product_cat-camp-cassin","8":"product_cat-haulbag","10":"first","11":"instock","12":"sale","13":"taxable","14":"shipping-taxable","15":"purchasable","16":"product-type-variable"},"yoast_head":"<!-- This site is optimized with the Yoast SEO Premium plugin v26.9 (Yoast SEO v26.9) - https:\/\/yoast.com\/product\/yoast-seo-premium-wordpress\/ -->\n<title>Camp Supercargo Haulbag - f\u00fcr Big Wall &amp; Expeditionen | bolting.eu<\/title>\n<meta name=\"description\" content=\"Camp Supercargo Haulbag 40 &amp; 70 Liter beim Hardwareprofi kaufen \u2705 Trusted Shop \u2705 kostenloser Versand* \u2705 14 Tage R\u00fcckgaberecht \u2705 Co2 neutrale Zustellung\" \/>\n<meta name=\"robots\" content=\"index, follow, max-snippet:-1, max-image-preview:large, max-video-preview:-1\" \/>\n<link rel=\"canonical\" href=\"https:\/\/bolting.eu\/en\/shop\/camp-supercargo\/\" \/>\n<meta property=\"og:locale\" content=\"en_US\" \/>\n<meta property=\"og:type\" content=\"article\" \/>\n<meta property=\"og:title\" content=\"Camp Supercargo Haulbag\" \/>\n<meta property=\"og:description\" content=\"Camp Supercargo Haulbag 40 &amp; 70 Liter beim Hardwareprofi kaufen \u2705 Trusted Shop \u2705 kostenloser Versand* \u2705 14 Tage R\u00fcckgaberecht \u2705 Co2 neutrale Zustellung\" \/>\n<meta property=\"og:url\" content=\"https:\/\/bolting.eu\/en\/shop\/camp-supercargo\/\" \/>\n<meta property=\"og:site_name\" content=\"bolting.eu\" \/>\n<meta property=\"article:publisher\" content=\"https:\/\/www.facebook.com\/bolting.eu\" \/>\n<meta property=\"article:modified_time\" content=\"2026-01-09T08:46:10+00:00\" \/>\n<meta property=\"og:image\" content=\"https:\/\/bolting.eu\/wp-content\/uploads\/2022\/04\/Camp-Supercargo-40-1-1.jpg\" \/>\n\t<meta property=\"og:image:width\" content=\"700\" \/>\n\t<meta property=\"og:image:height\" content=\"700\" \/>\n\t<meta property=\"og:image:type\" content=\"image\/jpeg\" \/>\n<meta name=\"twitter:card\" content=\"summary_large_image\" \/>\n<meta name=\"twitter:label1\" content=\"Availability\" \/>\n\t<meta name=\"twitter:data1\" content=\"In stock\" \/>\n<script type=\"application\/ld+json\" class=\"yoast-schema-graph\">{\"@context\":\"https:\/\/schema.org\",\"@graph\":[{\"@type\":[\"WebPage\",\"ItemPage\"],\"@id\":\"https:\/\/bolting.eu\/en\/shop\/camp-supercargo\/\",\"url\":\"https:\/\/bolting.eu\/en\/shop\/camp-supercargo\/\",\"name\":\"Camp Supercargo Haulbag - f\u00fcr Big Wall & Expeditionen | bolting.eu\",\"isPartOf\":{\"@id\":\"https:\/\/bolting.eu\/en\/#website\"},\"primaryImageOfPage\":{\"@id\":\"https:\/\/bolting.eu\/en\/shop\/camp-supercargo\/#primaryimage\"},\"image\":{\"@id\":\"https:\/\/bolting.eu\/en\/shop\/camp-supercargo\/#primaryimage\"},\"thumbnailUrl\":\"https:\/\/bolting.eu\/wp-content\/uploads\/2022\/04\/Camp-Supercargo-40-1-1.jpg\",\"datePublished\":\"2022-04-11T12:41:11+00:00\",\"dateModified\":\"2026-01-09T08:46:10+00:00\",\"description\":\"Camp Supercargo Haulbag 40 & 70 Liter beim Hardwareprofi kaufen \u2705 Trusted Shop \u2705 kostenloser Versand* \u2705 14 Tage R\u00fcckgaberecht \u2705 Co2 neutrale Zustellung\",\"breadcrumb\":{\"@id\":\"https:\/\/bolting.eu\/en\/shop\/camp-supercargo\/#breadcrumb\"},\"inLanguage\":\"en-US\",\"potentialAction\":[{\"@type\":\"ReadAction\",\"target\":[\"https:\/\/bolting.eu\/en\/shop\/camp-supercargo\/\"]}]},{\"@type\":\"ImageObject\",\"inLanguage\":\"en-US\",\"@id\":\"https:\/\/bolting.eu\/en\/shop\/camp-supercargo\/#primaryimage\",\"url\":\"https:\/\/bolting.eu\/wp-content\/uploads\/2022\/04\/Camp-Supercargo-40-1-1.jpg\",\"contentUrl\":\"https:\/\/bolting.eu\/wp-content\/uploads\/2022\/04\/Camp-Supercargo-40-1-1.jpg\",\"width\":700,\"height\":700,\"caption\":\"Grau-schwarzer Camp Supercargo Haulbag mit gestreckten Haul Schlaufen. Rechts oben buntes bolting.eu Logo.\"},{\"@type\":\"BreadcrumbList\",\"@id\":\"https:\/\/bolting.eu\/en\/shop\/camp-supercargo\/#breadcrumb\",\"itemListElement\":[{\"@type\":\"ListItem\",\"position\":1,\"name\":\"Shop\",\"item\":\"https:\/\/bolting.eu\/en\/shop\/\"},{\"@type\":\"ListItem\",\"position\":2,\"name\":\"Big Wall gear\",\"item\":\"https:\/\/bolting.eu\/en\/produkt-kategorie\/big-wall-gear\/\"},{\"@type\":\"ListItem\",\"position\":3,\"name\":\"Haulbag\",\"item\":\"https:\/\/bolting.eu\/produkt-kategorie\/big-wall-ausruestung\/haulbag\/\"},{\"@type\":\"ListItem\",\"position\":4,\"name\":\"Camp Supercargo Haulbag\"}]},{\"@type\":\"WebSite\",\"@id\":\"https:\/\/bolting.eu\/en\/#website\",\"url\":\"https:\/\/bolting.eu\/en\/\",\"name\":\"bolting.eu\",\"description\":\"we make climbs happen\",\"publisher\":{\"@id\":\"https:\/\/bolting.eu\/en\/#organization\"},\"potentialAction\":[{\"@type\":\"SearchAction\",\"target\":{\"@type\":\"EntryPoint\",\"urlTemplate\":\"https:\/\/bolting.eu\/en\/?s={search_term_string}\"},\"query-input\":{\"@type\":\"PropertyValueSpecification\",\"valueRequired\":true,\"valueName\":\"search_term_string\"}}],\"inLanguage\":\"en-US\"},{\"@type\":[\"Organization\",\"Place\",\"SportingGoodsStore\"],\"@id\":\"https:\/\/bolting.eu\/en\/#organization\",\"name\":\"bolting.eu\",\"url\":\"https:\/\/bolting.eu\/en\/\",\"logo\":{\"@id\":\"https:\/\/bolting.eu\/en\/shop\/camp-supercargo\/#local-main-organization-logo\"},\"image\":{\"@id\":\"https:\/\/bolting.eu\/en\/shop\/camp-supercargo\/#local-main-organization-logo\"},\"sameAs\":[\"https:\/\/www.facebook.com\/bolting.eu\",\"https:\/\/www.instagram.com\/bolting.eu\/\"],\"address\":{\"@id\":\"https:\/\/bolting.eu\/en\/shop\/camp-supercargo\/#local-main-place-address\"},\"geo\":{\"@type\":\"GeoCoordinates\",\"latitude\":\"47.264176340396226\",\"longitude\":\"11.380109057672346\"},\"telephone\":[\"+43 699 19083372\"],\"openingHoursSpecification\":[{\"@type\":\"OpeningHoursSpecification\",\"dayOfWeek\":[\"Monday\",\"Wednesday\",\"Friday\"],\"opens\":\"14:00\",\"closes\":\"18:00\"},{\"@type\":\"OpeningHoursSpecification\",\"dayOfWeek\":[\"Tuesday\",\"Thursday\",\"Saturday\",\"Sunday\"],\"opens\":\"00:00\",\"closes\":\"00:00\"}],\"email\":\"office@bolting.eu\",\"vatID\":\"ATU59999728\",\"priceRange\":\"$$\",\"currenciesAccepted\":\"Euro\"},{\"@type\":\"PostalAddress\",\"@id\":\"https:\/\/bolting.eu\/en\/shop\/camp-supercargo\/#local-main-place-address\",\"streetAddress\":\"Fischnalerstra\u00dfe 4\",\"addressLocality\":\"Innsbruck\",\"postalCode\":\"6020\",\"addressRegion\":\"Tirol\",\"addressCountry\":\"AT\"},{\"@type\":\"ImageObject\",\"inLanguage\":\"en-US\",\"@id\":\"https:\/\/bolting.eu\/en\/shop\/camp-supercargo\/#local-main-organization-logo\",\"url\":\"https:\/\/bolting.eu\/wp-content\/uploads\/2019\/09\/bolting-logo.png\",\"contentUrl\":\"https:\/\/bolting.eu\/wp-content\/uploads\/2019\/09\/bolting-logo.png\",\"width\":400,\"height\":211,\"caption\":\"bolting.eu\"}]}<\/script>\n<meta property=\"og:availability\" content=\"instock\" \/>\n<meta property=\"product:availability\" content=\"instock\" \/>\n<meta property=\"product:condition\" content=\"new\" \/>\n<meta name=\"geo.placename\" content=\"Innsbruck\" \/>\n<meta name=\"geo.position\" content=\"47.264176340396226;11.380109057672346\" \/>\n<meta name=\"geo.region\" content=\"Austria\" \/>\n<!-- \/ Yoast SEO Premium plugin. -->","yoast_head_json":{"title":"Camp Supercargo Haulbag - f\u00fcr Big Wall & Expeditionen | bolting.eu","description":"Camp Supercargo Haulbag 40 & 70 Liter beim Hardwareprofi kaufen \u2705 Trusted Shop \u2705 kostenloser Versand* \u2705 14 Tage R\u00fcckgaberecht \u2705 Co2 neutrale Zustellung","robots":{"index":"index","follow":"follow","max-snippet":"max-snippet:-1","max-image-preview":"max-image-preview:large","max-video-preview":"max-video-preview:-1"},"canonical":"https:\/\/bolting.eu\/en\/shop\/camp-supercargo\/","og_locale":"en_US","og_type":"article","og_title":"Camp Supercargo Haulbag","og_description":"Camp Supercargo Haulbag 40 & 70 Liter beim Hardwareprofi kaufen \u2705 Trusted Shop \u2705 kostenloser Versand* \u2705 14 Tage R\u00fcckgaberecht \u2705 Co2 neutrale Zustellung","og_url":"https:\/\/bolting.eu\/en\/shop\/camp-supercargo\/","og_site_name":"bolting.eu","article_publisher":"https:\/\/www.facebook.com\/bolting.eu","article_modified_time":"2026-01-09T08:46:10+00:00","og_image":[{"width":700,"height":700,"url":"https:\/\/bolting.eu\/wp-content\/uploads\/2022\/04\/Camp-Supercargo-40-1-1.jpg","type":"image\/jpeg"}],"twitter_card":"summary_large_image","twitter_misc":{"Availability":"In stock"},"schema":{"@context":"https:\/\/schema.org","@graph":[{"@type":["WebPage","ItemPage"],"@id":"https:\/\/bolting.eu\/en\/shop\/camp-supercargo\/","url":"https:\/\/bolting.eu\/en\/shop\/camp-supercargo\/","name":"Camp Supercargo Haulbag - f\u00fcr Big Wall & Expeditionen | bolting.eu","isPartOf":{"@id":"https:\/\/bolting.eu\/en\/#website"},"primaryImageOfPage":{"@id":"https:\/\/bolting.eu\/en\/shop\/camp-supercargo\/#primaryimage"},"image":{"@id":"https:\/\/bolting.eu\/en\/shop\/camp-supercargo\/#primaryimage"},"thumbnailUrl":"https:\/\/bolting.eu\/wp-content\/uploads\/2022\/04\/Camp-Supercargo-40-1-1.jpg","datePublished":"2022-04-11T12:41:11+00:00","dateModified":"2026-01-09T08:46:10+00:00","description":"Camp Supercargo Haulbag 40 & 70 Liter beim Hardwareprofi kaufen \u2705 Trusted Shop \u2705 kostenloser Versand* \u2705 14 Tage R\u00fcckgaberecht \u2705 Co2 neutrale Zustellung","breadcrumb":{"@id":"https:\/\/bolting.eu\/en\/shop\/camp-supercargo\/#breadcrumb"},"inLanguage":"en-US","potentialAction":[{"@type":"ReadAction","target":["https:\/\/bolting.eu\/en\/shop\/camp-supercargo\/"]}]},{"@type":"ImageObject","inLanguage":"en-US","@id":"https:\/\/bolting.eu\/en\/shop\/camp-supercargo\/#primaryimage","url":"https:\/\/bolting.eu\/wp-content\/uploads\/2022\/04\/Camp-Supercargo-40-1-1.jpg","contentUrl":"https:\/\/bolting.eu\/wp-content\/uploads\/2022\/04\/Camp-Supercargo-40-1-1.jpg","width":700,"height":700,"caption":"Grau-schwarzer Camp Supercargo Haulbag mit gestreckten Haul Schlaufen. Rechts oben buntes bolting.eu Logo."},{"@type":"BreadcrumbList","@id":"https:\/\/bolting.eu\/en\/shop\/camp-supercargo\/#breadcrumb","itemListElement":[{"@type":"ListItem","position":1,"name":"Shop","item":"https:\/\/bolting.eu\/en\/shop\/"},{"@type":"ListItem","position":2,"name":"Big Wall gear","item":"https:\/\/bolting.eu\/en\/produkt-kategorie\/big-wall-gear\/"},{"@type":"ListItem","position":3,"name":"Haulbag","item":"https:\/\/bolting.eu\/produkt-kategorie\/big-wall-ausruestung\/haulbag\/"},{"@type":"ListItem","position":4,"name":"Camp Supercargo Haulbag"}]},{"@type":"WebSite","@id":"https:\/\/bolting.eu\/en\/#website","url":"https:\/\/bolting.eu\/en\/","name":"bolting.eu","description":"we make climbs happen","publisher":{"@id":"https:\/\/bolting.eu\/en\/#organization"},"potentialAction":[{"@type":"SearchAction","target":{"@type":"EntryPoint","urlTemplate":"https:\/\/bolting.eu\/en\/?s={search_term_string}"},"query-input":{"@type":"PropertyValueSpecification","valueRequired":true,"valueName":"search_term_string"}}],"inLanguage":"en-US"},{"@type":["Organization","Place","SportingGoodsStore"],"@id":"https:\/\/bolting.eu\/en\/#organization","name":"bolting.eu","url":"https:\/\/bolting.eu\/en\/","logo":{"@id":"https:\/\/bolting.eu\/en\/shop\/camp-supercargo\/#local-main-organization-logo"},"image":{"@id":"https:\/\/bolting.eu\/en\/shop\/camp-supercargo\/#local-main-organization-logo"},"sameAs":["https:\/\/www.facebook.com\/bolting.eu","https:\/\/www.instagram.com\/bolting.eu\/"],"address":{"@id":"https:\/\/bolting.eu\/en\/shop\/camp-supercargo\/#local-main-place-address"},"geo":{"@type":"GeoCoordinates","latitude":"47.264176340396226","longitude":"11.380109057672346"},"telephone":["+43 699 19083372"],"openingHoursSpecification":[{"@type":"OpeningHoursSpecification","dayOfWeek":["Monday","Wednesday","Friday"],"opens":"14:00","closes":"18:00"},{"@type":"OpeningHoursSpecification","dayOfWeek":["Tuesday","Thursday","Saturday","Sunday"],"opens":"00:00","closes":"00:00"}],"email":"office@bolting.eu","vatID":"ATU59999728","priceRange":"$$","currenciesAccepted":"Euro"},{"@type":"PostalAddress","@id":"https:\/\/bolting.eu\/en\/shop\/camp-supercargo\/#local-main-place-address","streetAddress":"Fischnalerstra\u00dfe 4","addressLocality":"Innsbruck","postalCode":"6020","addressRegion":"Tirol","addressCountry":"AT"},{"@type":"ImageObject","inLanguage":"en-US","@id":"https:\/\/bolting.eu\/en\/shop\/camp-supercargo\/#local-main-organization-logo","url":"https:\/\/bolting.eu\/wp-content\/uploads\/2019\/09\/bolting-logo.png","contentUrl":"https:\/\/bolting.eu\/wp-content\/uploads\/2019\/09\/bolting-logo.png","width":400,"height":211,"caption":"bolting.eu"}]},"og_availability":"instock","product_availability":"instock","product_condition":"new","geo.placename":"Innsbruck","geo.position":{"lat":"47.264176340396226","long":"11.380109057672346"},"geo.region":"Austria"},"_links":{"self":[{"href":"https:\/\/bolting.eu\/en\/wp-json\/wp\/v2\/product\/11713","targetHints":{"allow":["GET"]}}],"collection":[{"href":"https:\/\/bolting.eu\/en\/wp-json\/wp\/v2\/product"}],"about":[{"href":"https:\/\/bolting.eu\/en\/wp-json\/wp\/v2\/types\/product"}],"replies":[{"embeddable":true,"href":"https:\/\/bolting.eu\/en\/wp-json\/wp\/v2\/comments?post=11713"}],"wp:featuredmedia":[{"embeddable":true,"href":"https:\/\/bolting.eu\/en\/wp-json\/wp\/v2\/media\/21976"}],"wp:attachment":[{"href":"https:\/\/bolting.eu\/en\/wp-json\/wp\/v2\/media?parent=11713"}],"wp:term":[{"taxonomy":"product_brand","embeddable":true,"href":"https:\/\/bolting.eu\/en\/wp-json\/wp\/v2\/product_brand?post=11713"},{"taxonomy":"product_cat","embeddable":true,"href":"https:\/\/bolting.eu\/en\/wp-json\/wp\/v2\/product_cat?post=11713"},{"taxonomy":"product_tag","embeddable":true,"href":"https:\/\/bolting.eu\/en\/wp-json\/wp\/v2\/product_tag?post=11713"}],"curies":[{"name":"wp","href":"https:\/\/api.w.org\/{rel}","templated":true}]}}