{"id":11681,"date":"2022-04-07T10:26:52","date_gmt":"2022-04-07T08:26:52","guid":{"rendered":"https:\/\/bolting.eu\/?post_type=product&#038;p=11681"},"modified":"2024-12-09T13:07:21","modified_gmt":"2024-12-09T12:07:21","slug":"petzl-summit-evo-eispickel","status":"publish","type":"product","link":"https:\/\/bolting.eu\/en\/shop\/petzl-summit-evo-eispickel\/","title":{"rendered":"Petzl Summit Evo Eispickel"},"content":{"rendered":"<p>Der Petzl Summit Evo <a href=\"https:\/\/bolting.eu\/produkt-kategorie\/bergsteiger-ausruestung\/eispickel\/\">Eispickel<\/a> ist ein technisches Modell zum klassischen Bergsteigen.<\/p>\n<p>Was dieses Modell auszeichnet, ist seine elegante Kompaktheit. D.h. er besitzt ein super elegantes Design, bei gleichzeitig h\u00f6chster Funktionalit\u00e4t. Entgegen den Leichtpickeln ist die Ausf\u00fchrung dabei in allen Bereichen solider, was diesem Modell eine bewusste Robustheit verleiht.<\/p>\n<p>Das dr\u00fcckt sich in dem hydrogeformten, mit einem Gummigriff best\u00fcckten Schaft aus. Dieser ist gebogen, um sowohl im flachen als auch steilen Gel\u00e4nde f\u00fcr besten Halt zu sorgen. Die Haue bzw. Schaufel und der Stahl Dorn am Schaftende runden diesen tollen Pickel perfekt ab. Wird sehr gerne gekauft mit dem <a href=\"https:\/\/bolting.eu\/shop\/petzl-sarken-steigeisen\/\">Allrounder Steigeisen Sarken<\/a>!<\/p>\n<h3>Eigenschaften Summit Evo<\/h3>\n<ul>\n<li>Hersteller: <a href=\"https:\/\/bolting.eu\/shop\/coeur-stainless-petzl\/\">Petzl<\/a><\/li>\n<li>Material: Schaft \u2013 Alu, Haue \u2013 geh\u00e4rteter Stahl<\/li>\n<li>L\u00e4ngen: 52cm, 59cm und 66cm<\/li>\n<li>Gewicht: 420 Gramm (59cm)<\/li>\n<li>Normen: EN 13089<\/li>\n<li>spitz zulaufende Haue (3mm) zum festen Einschlagen<\/li>\n<li>hydrogeformter, gebogener Schaft<\/li>\n<li>Gummigriff mit ergonomischen Halt<\/li>\n<li>Haue zum besseren Angreifen bei Kopfst\u00fctz-Technik<\/li>\n<li>sehr leicht<\/li>\n<li>ausgewogene Eigenschaften in hartem Schnee und Eis<\/li>\n<li>Schaufel ideal zum Schlagen von Stufen<\/li>\n<li>kompatibel mit der \u201e<a href=\"https:\/\/bolting.eu\/shop\/petzl-pick-and-spike-protection\/\">Pick and Spike Protection<\/a>\u201c\u00a0 und Handschlaufe \u201e<a href=\"https:\/\/bolting.eu\/shop\/petzl-linkin-eispickel-handschlaufe\/\">Linkin<\/a>\u201c<\/li>\n<li><a href=\"https:\/\/www.petzl.com\/sfc\/servlet.shepherd\/version\/download\/0686800000LK3W9AAL\" target=\"_blank\" rel=\"noopener\">Bedienungsanleitung<\/a><\/li>\n<\/ul>\n<h2>Produktvideo<\/h2>\n<p>Im folgenden Video stellen wir euch den Summit Evo nochmals ausf\u00fchrlicher vor.<\/p>\n<p><iframe loading=\"lazy\" title=\"SUMMIT &amp; SUMMIT EVO - Ice axes for classic mountaineering\" src=\"https:\/\/player.vimeo.com\/video\/122009206?dnt=1&amp;app_id=122963\" width=\"1020\" height=\"574\" frameborder=\"0\" allow=\"autoplay; fullscreen; picture-in-picture; clipboard-write\"><\/iframe><\/p>\n<p>&nbsp;<\/p>\n<h3>Der alpine Allrounder<\/h3>\n<p>Diesen Eispickel darf man gerne als perfekten Allrounder und Allesk\u00f6nner bezeichnen. Denn seine Eigenschaften sind auf einen universalen Anwendungsbereich ausgelegt.<\/p>\n<p>Die L\u00e4nge des Summit Evo erlaubt den Einsatz sowohl im flachen Gel\u00e4nde als auch in steilen Rinnen. Dazu tr\u00e4gt auch der gebogene Schaft bei, welche mit seinem Gummigriff f\u00fcr sehr guten Halt sorgt.<\/p>\n<p>Des weiteren ist die Haue bzw. die Schaufel etwas robuster ausgef\u00fchrt als bei den Leichtmodellen. D.h. hiermit l\u00e4sst &#8220;kr\u00e4ftiger&#8221; Zuschlagen und man hat etwas mehr &#8220;Punch&#8221;.<\/p>\n<p>Durch die \u00d6ffnung in der Haue kann man wahlweise die optionale Handschlaufe f\u00e4deln, oder ggf. einen <a href=\"https:\/\/bolting.eu\/produkt-kategorie\/kletterausruestung\/kletterkarabiner\/\">Karabiner<\/a> einh\u00e4ngen. D.h. folglich macht der Pickel auch als Anker eine sehr gute Figur.<\/p>\n<h3>Welche L\u00e4nge sollte der Petzl Summit Evo haben?<\/h3>\n<p>Stellt euch mit Bergschuhen gerade hin. In dieser Stellung sollte der Pickel bis zu euren Sprunggelenken reichen.<\/p>\n<p>Das ist die ideale L\u00e4nge f\u00fcr euren Eispickel, wenn ihr im Schnee steht.<\/p>\n<h3>Tipps zur Pflege<\/h3>\n<p>Ihr wollt lange eine Freude mit eurem Kauf? Dann beachtet diese wenigen Pflegehinweise.<\/p>\n<p>Ihr solltet den Pickel nach Tour ordentlich trocknen. Mit einem Tuch abwischen und einfach an einem schattigen Ort offen liegen lassen. Dann an einem trockenen Ort bei Zimmertemperatur verstauen.<\/p>\n<p>Schlecht ist die kalte und feuchte Garage. Besser der trockene Keller.<\/p>\n<p>Weiters solltet ihr den Pickel nie lange in der Sonne liegen lassen. Das schadet der Gummiauflage am Schaft sehr. Diese kann entweder sehr spr\u00f6der werden. Oder zu &#8220;picken&#8221; anfangen.<\/p>\n","protected":false},"excerpt":{"rendered":"<p>Ein eleganter, technischer Eispickel f\u00fcr das klassische Bergsteigen mit nur 420 Gramm.<\/p>\n<p>Eine geh\u00e4rtete Stahlklinge und Schaufel mit verh\u00e4ltnism\u00e4\u00dfig viel &#8220;Punch&#8221; und ein Dorn am Schaftende sorgen f\u00fcr lange Lebensdauer.<\/p>\n<p>Versandkostenfrei \u2705 bis 2kg in \ud83c\udde6\ud83c\uddf9 ab \u20ac 100,- und \ud83c\udde9\ud83c\uddea ab \u20ac 200,-!<\/p>\n","protected":false},"featured_media":11692,"comment_status":"open","ping_status":"closed","template":"","meta":[],"product_brand":[],"product_cat":[13938,14093,11054],"product_tag":[],"class_list":{"0":"post-11681","1":"product","2":"type-product","3":"status-publish","4":"has-post-thumbnail","6":"product_cat-bergsteiger-ausruestung","7":"product_cat-petzl","8":"product_cat-eispickel","10":"first","11":"instock","12":"sale","13":"taxable","14":"shipping-taxable","15":"purchasable","16":"product-type-variable"},"yoast_head":"<!-- This site is optimized with the Yoast SEO Premium plugin v26.9 (Yoast SEO v26.9) - https:\/\/yoast.com\/product\/yoast-seo-premium-wordpress\/ -->\n<title>Petzl Summit Evo Eispickel - f\u00fcr klassisches Bergsteigen | bolting.eu<\/title>\n<meta name=\"description\" content=\"PETZL SUMMIT EVO klassischer Eispickel beim Hardwareprofi kaufen \u2713 Trusted Shop \u2713 kostenloser Versand \u2713 14 Tage R\u00fcckgaberecht \u2713 co2 neutraler Versand\" \/>\n<meta name=\"robots\" content=\"index, follow, max-snippet:-1, max-image-preview:large, max-video-preview:-1\" \/>\n<link rel=\"canonical\" href=\"https:\/\/bolting.eu\/en\/shop\/petzl-summit-evo-eispickel\/\" \/>\n<meta property=\"og:locale\" content=\"en_US\" \/>\n<meta property=\"og:type\" content=\"article\" \/>\n<meta property=\"og:title\" content=\"Petzl Summit Evo Eispickel\" \/>\n<meta property=\"og:description\" content=\"PETZL SUMMIT EVO klassischer Eispickel beim Hardwareprofi kaufen \u2713 Trusted Shop \u2713 kostenloser Versand \u2713 14 Tage R\u00fcckgaberecht \u2713 co2 neutraler Versand\" \/>\n<meta property=\"og:url\" content=\"https:\/\/bolting.eu\/en\/shop\/petzl-summit-evo-eispickel\/\" \/>\n<meta property=\"og:site_name\" content=\"bolting.eu\" \/>\n<meta property=\"article:publisher\" content=\"https:\/\/www.facebook.com\/bolting.eu\" \/>\n<meta property=\"article:modified_time\" content=\"2024-12-09T12:07:21+00:00\" \/>\n<meta property=\"og:image\" content=\"https:\/\/bolting.eu\/wp-content\/uploads\/2022\/04\/Petzl-Summit-Evo-Eispickel.jpg\" \/>\n\t<meta property=\"og:image:width\" content=\"700\" \/>\n\t<meta property=\"og:image:height\" content=\"700\" \/>\n\t<meta property=\"og:image:type\" content=\"image\/jpeg\" \/>\n<meta name=\"twitter:card\" content=\"summary_large_image\" \/>\n<meta name=\"twitter:label1\" content=\"Availability\" \/>\n\t<meta name=\"twitter:data1\" content=\"In stock\" \/>\n<script type=\"application\/ld+json\" class=\"yoast-schema-graph\">{\"@context\":\"https:\/\/schema.org\",\"@graph\":[{\"@type\":[\"WebPage\",\"ItemPage\"],\"@id\":\"https:\/\/bolting.eu\/en\/shop\/petzl-summit-evo-eispickel\/\",\"url\":\"https:\/\/bolting.eu\/en\/shop\/petzl-summit-evo-eispickel\/\",\"name\":\"Petzl Summit Evo Eispickel - f\u00fcr klassisches Bergsteigen | bolting.eu\",\"isPartOf\":{\"@id\":\"https:\/\/bolting.eu\/en\/#website\"},\"primaryImageOfPage\":{\"@id\":\"https:\/\/bolting.eu\/en\/shop\/petzl-summit-evo-eispickel\/#primaryimage\"},\"image\":{\"@id\":\"https:\/\/bolting.eu\/en\/shop\/petzl-summit-evo-eispickel\/#primaryimage\"},\"thumbnailUrl\":\"https:\/\/bolting.eu\/wp-content\/uploads\/2022\/04\/Petzl-Summit-Evo-Eispickel.jpg\",\"datePublished\":\"2022-04-07T08:26:52+00:00\",\"dateModified\":\"2024-12-09T12:07:21+00:00\",\"description\":\"PETZL SUMMIT EVO klassischer Eispickel beim Hardwareprofi kaufen \u2713 Trusted Shop \u2713 kostenloser Versand \u2713 14 Tage R\u00fcckgaberecht \u2713 co2 neutraler Versand\",\"breadcrumb\":{\"@id\":\"https:\/\/bolting.eu\/en\/shop\/petzl-summit-evo-eispickel\/#breadcrumb\"},\"inLanguage\":\"en-US\",\"potentialAction\":[{\"@type\":\"ReadAction\",\"target\":[\"https:\/\/bolting.eu\/en\/shop\/petzl-summit-evo-eispickel\/\"]}]},{\"@type\":\"ImageObject\",\"inLanguage\":\"en-US\",\"@id\":\"https:\/\/bolting.eu\/en\/shop\/petzl-summit-evo-eispickel\/#primaryimage\",\"url\":\"https:\/\/bolting.eu\/wp-content\/uploads\/2022\/04\/Petzl-Summit-Evo-Eispickel.jpg\",\"contentUrl\":\"https:\/\/bolting.eu\/wp-content\/uploads\/2022\/04\/Petzl-Summit-Evo-Eispickel.jpg\",\"width\":700,\"height\":700,\"caption\":\"Das Bild zeigt den orange-schwarzen Petzl Summit Evo Eispickel aufrecht in einem wei\u00dfem Quadrat.\"},{\"@type\":\"BreadcrumbList\",\"@id\":\"https:\/\/bolting.eu\/en\/shop\/petzl-summit-evo-eispickel\/#breadcrumb\",\"itemListElement\":[{\"@type\":\"ListItem\",\"position\":1,\"name\":\"Shop\",\"item\":\"https:\/\/bolting.eu\/en\/shop\/\"},{\"@type\":\"ListItem\",\"position\":2,\"name\":\"Bergsteiger Ausr\u00fcstung\",\"item\":\"https:\/\/bolting.eu\/produkt-kategorie\/bergsteiger-ausruestung\/\"},{\"@type\":\"ListItem\",\"position\":3,\"name\":\"Eispickel\",\"item\":\"https:\/\/bolting.eu\/produkt-kategorie\/bergsteiger-ausruestung\/eispickel\/\"},{\"@type\":\"ListItem\",\"position\":4,\"name\":\"Petzl Summit Evo Eispickel\"}]},{\"@type\":\"WebSite\",\"@id\":\"https:\/\/bolting.eu\/en\/#website\",\"url\":\"https:\/\/bolting.eu\/en\/\",\"name\":\"bolting.eu\",\"description\":\"we make climbs happen\",\"publisher\":{\"@id\":\"https:\/\/bolting.eu\/en\/#organization\"},\"potentialAction\":[{\"@type\":\"SearchAction\",\"target\":{\"@type\":\"EntryPoint\",\"urlTemplate\":\"https:\/\/bolting.eu\/en\/?s={search_term_string}\"},\"query-input\":{\"@type\":\"PropertyValueSpecification\",\"valueRequired\":true,\"valueName\":\"search_term_string\"}}],\"inLanguage\":\"en-US\"},{\"@type\":[\"Organization\",\"Place\",\"SportingGoodsStore\"],\"@id\":\"https:\/\/bolting.eu\/en\/#organization\",\"name\":\"bolting.eu\",\"url\":\"https:\/\/bolting.eu\/en\/\",\"logo\":{\"@id\":\"https:\/\/bolting.eu\/en\/shop\/petzl-summit-evo-eispickel\/#local-main-organization-logo\"},\"image\":{\"@id\":\"https:\/\/bolting.eu\/en\/shop\/petzl-summit-evo-eispickel\/#local-main-organization-logo\"},\"sameAs\":[\"https:\/\/www.facebook.com\/bolting.eu\",\"https:\/\/www.instagram.com\/bolting.eu\/\"],\"address\":{\"@id\":\"https:\/\/bolting.eu\/en\/shop\/petzl-summit-evo-eispickel\/#local-main-place-address\"},\"geo\":{\"@type\":\"GeoCoordinates\",\"latitude\":\"47.264176340396226\",\"longitude\":\"11.380109057672346\"},\"telephone\":[\"+43 699 19083372\"],\"openingHoursSpecification\":[{\"@type\":\"OpeningHoursSpecification\",\"dayOfWeek\":[\"Monday\",\"Wednesday\",\"Friday\"],\"opens\":\"14:00\",\"closes\":\"18:00\"},{\"@type\":\"OpeningHoursSpecification\",\"dayOfWeek\":[\"Tuesday\",\"Thursday\",\"Saturday\",\"Sunday\"],\"opens\":\"00:00\",\"closes\":\"00:00\"}],\"email\":\"office@bolting.eu\",\"vatID\":\"ATU59999728\",\"priceRange\":\"$$\",\"currenciesAccepted\":\"Euro\"},{\"@type\":\"PostalAddress\",\"@id\":\"https:\/\/bolting.eu\/en\/shop\/petzl-summit-evo-eispickel\/#local-main-place-address\",\"streetAddress\":\"Fischnalerstra\u00dfe 4\",\"addressLocality\":\"Innsbruck\",\"postalCode\":\"6020\",\"addressRegion\":\"Tirol\",\"addressCountry\":\"AT\"},{\"@type\":\"ImageObject\",\"inLanguage\":\"en-US\",\"@id\":\"https:\/\/bolting.eu\/en\/shop\/petzl-summit-evo-eispickel\/#local-main-organization-logo\",\"url\":\"https:\/\/bolting.eu\/wp-content\/uploads\/2019\/09\/bolting-logo.png\",\"contentUrl\":\"https:\/\/bolting.eu\/wp-content\/uploads\/2019\/09\/bolting-logo.png\",\"width\":400,\"height\":211,\"caption\":\"bolting.eu\"}]}<\/script>\n<meta property=\"og:video\" content=\"https:\/\/player.vimeo.com\/video\/122009206\" \/>\n<meta property=\"og:video:type\" content=\"text\/html\" \/>\n<meta property=\"og:video:duration\" content=\"102\" \/>\n<meta property=\"og:video:width\" content=\"1280\" \/>\n<meta property=\"og:video:height\" content=\"720\" \/>\n<meta property=\"ya:ovs:adult\" content=\"false\" \/>\n<meta property=\"ya:ovs:upload_date\" content=\"2022-04-07T08:26:52+00:00\" \/>\n<meta property=\"ya:ovs:allow_embed\" content=\"true\" \/>\n<meta property=\"og:availability\" content=\"instock\" \/>\n<meta property=\"product:availability\" content=\"instock\" \/>\n<meta property=\"product:condition\" content=\"new\" \/>\n<meta name=\"geo.placename\" content=\"Innsbruck\" \/>\n<meta name=\"geo.position\" content=\"47.264176340396226;11.380109057672346\" \/>\n<meta name=\"geo.region\" content=\"Austria\" \/>\n<!-- \/ Yoast SEO Premium plugin. -->","yoast_head_json":{"title":"Petzl Summit Evo Eispickel - f\u00fcr klassisches Bergsteigen | bolting.eu","description":"PETZL SUMMIT EVO klassischer Eispickel beim Hardwareprofi kaufen \u2713 Trusted Shop \u2713 kostenloser Versand \u2713 14 Tage R\u00fcckgaberecht \u2713 co2 neutraler Versand","robots":{"index":"index","follow":"follow","max-snippet":"max-snippet:-1","max-image-preview":"max-image-preview:large","max-video-preview":"max-video-preview:-1"},"canonical":"https:\/\/bolting.eu\/en\/shop\/petzl-summit-evo-eispickel\/","og_locale":"en_US","og_type":"article","og_title":"Petzl Summit Evo Eispickel","og_description":"PETZL SUMMIT EVO klassischer Eispickel beim Hardwareprofi kaufen \u2713 Trusted Shop \u2713 kostenloser Versand \u2713 14 Tage R\u00fcckgaberecht \u2713 co2 neutraler Versand","og_url":"https:\/\/bolting.eu\/en\/shop\/petzl-summit-evo-eispickel\/","og_site_name":"bolting.eu","article_publisher":"https:\/\/www.facebook.com\/bolting.eu","article_modified_time":"2024-12-09T12:07:21+00:00","og_image":[{"width":700,"height":700,"url":"https:\/\/bolting.eu\/wp-content\/uploads\/2022\/04\/Petzl-Summit-Evo-Eispickel.jpg","type":"image\/jpeg"}],"twitter_card":"summary_large_image","twitter_misc":{"Availability":"In stock"},"schema":{"@context":"https:\/\/schema.org","@graph":[{"@type":["WebPage","ItemPage"],"@id":"https:\/\/bolting.eu\/en\/shop\/petzl-summit-evo-eispickel\/","url":"https:\/\/bolting.eu\/en\/shop\/petzl-summit-evo-eispickel\/","name":"Petzl Summit Evo Eispickel - f\u00fcr klassisches Bergsteigen | bolting.eu","isPartOf":{"@id":"https:\/\/bolting.eu\/en\/#website"},"primaryImageOfPage":{"@id":"https:\/\/bolting.eu\/en\/shop\/petzl-summit-evo-eispickel\/#primaryimage"},"image":{"@id":"https:\/\/bolting.eu\/en\/shop\/petzl-summit-evo-eispickel\/#primaryimage"},"thumbnailUrl":"https:\/\/bolting.eu\/wp-content\/uploads\/2022\/04\/Petzl-Summit-Evo-Eispickel.jpg","datePublished":"2022-04-07T08:26:52+00:00","dateModified":"2024-12-09T12:07:21+00:00","description":"PETZL SUMMIT EVO klassischer Eispickel beim Hardwareprofi kaufen \u2713 Trusted Shop \u2713 kostenloser Versand \u2713 14 Tage R\u00fcckgaberecht \u2713 co2 neutraler Versand","breadcrumb":{"@id":"https:\/\/bolting.eu\/en\/shop\/petzl-summit-evo-eispickel\/#breadcrumb"},"inLanguage":"en-US","potentialAction":[{"@type":"ReadAction","target":["https:\/\/bolting.eu\/en\/shop\/petzl-summit-evo-eispickel\/"]}]},{"@type":"ImageObject","inLanguage":"en-US","@id":"https:\/\/bolting.eu\/en\/shop\/petzl-summit-evo-eispickel\/#primaryimage","url":"https:\/\/bolting.eu\/wp-content\/uploads\/2022\/04\/Petzl-Summit-Evo-Eispickel.jpg","contentUrl":"https:\/\/bolting.eu\/wp-content\/uploads\/2022\/04\/Petzl-Summit-Evo-Eispickel.jpg","width":700,"height":700,"caption":"Das Bild zeigt den orange-schwarzen Petzl Summit Evo Eispickel aufrecht in einem wei\u00dfem Quadrat."},{"@type":"BreadcrumbList","@id":"https:\/\/bolting.eu\/en\/shop\/petzl-summit-evo-eispickel\/#breadcrumb","itemListElement":[{"@type":"ListItem","position":1,"name":"Shop","item":"https:\/\/bolting.eu\/en\/shop\/"},{"@type":"ListItem","position":2,"name":"Bergsteiger Ausr\u00fcstung","item":"https:\/\/bolting.eu\/produkt-kategorie\/bergsteiger-ausruestung\/"},{"@type":"ListItem","position":3,"name":"Eispickel","item":"https:\/\/bolting.eu\/produkt-kategorie\/bergsteiger-ausruestung\/eispickel\/"},{"@type":"ListItem","position":4,"name":"Petzl Summit Evo Eispickel"}]},{"@type":"WebSite","@id":"https:\/\/bolting.eu\/en\/#website","url":"https:\/\/bolting.eu\/en\/","name":"bolting.eu","description":"we make climbs happen","publisher":{"@id":"https:\/\/bolting.eu\/en\/#organization"},"potentialAction":[{"@type":"SearchAction","target":{"@type":"EntryPoint","urlTemplate":"https:\/\/bolting.eu\/en\/?s={search_term_string}"},"query-input":{"@type":"PropertyValueSpecification","valueRequired":true,"valueName":"search_term_string"}}],"inLanguage":"en-US"},{"@type":["Organization","Place","SportingGoodsStore"],"@id":"https:\/\/bolting.eu\/en\/#organization","name":"bolting.eu","url":"https:\/\/bolting.eu\/en\/","logo":{"@id":"https:\/\/bolting.eu\/en\/shop\/petzl-summit-evo-eispickel\/#local-main-organization-logo"},"image":{"@id":"https:\/\/bolting.eu\/en\/shop\/petzl-summit-evo-eispickel\/#local-main-organization-logo"},"sameAs":["https:\/\/www.facebook.com\/bolting.eu","https:\/\/www.instagram.com\/bolting.eu\/"],"address":{"@id":"https:\/\/bolting.eu\/en\/shop\/petzl-summit-evo-eispickel\/#local-main-place-address"},"geo":{"@type":"GeoCoordinates","latitude":"47.264176340396226","longitude":"11.380109057672346"},"telephone":["+43 699 19083372"],"openingHoursSpecification":[{"@type":"OpeningHoursSpecification","dayOfWeek":["Monday","Wednesday","Friday"],"opens":"14:00","closes":"18:00"},{"@type":"OpeningHoursSpecification","dayOfWeek":["Tuesday","Thursday","Saturday","Sunday"],"opens":"00:00","closes":"00:00"}],"email":"office@bolting.eu","vatID":"ATU59999728","priceRange":"$$","currenciesAccepted":"Euro"},{"@type":"PostalAddress","@id":"https:\/\/bolting.eu\/en\/shop\/petzl-summit-evo-eispickel\/#local-main-place-address","streetAddress":"Fischnalerstra\u00dfe 4","addressLocality":"Innsbruck","postalCode":"6020","addressRegion":"Tirol","addressCountry":"AT"},{"@type":"ImageObject","inLanguage":"en-US","@id":"https:\/\/bolting.eu\/en\/shop\/petzl-summit-evo-eispickel\/#local-main-organization-logo","url":"https:\/\/bolting.eu\/wp-content\/uploads\/2019\/09\/bolting-logo.png","contentUrl":"https:\/\/bolting.eu\/wp-content\/uploads\/2019\/09\/bolting-logo.png","width":400,"height":211,"caption":"bolting.eu"}]},"og_video":"https:\/\/player.vimeo.com\/video\/122009206","og_video_type":"text\/html","og_video_duration":"102","og_video_width":"1280","og_video_height":"720","ya_ovs_adult":"false","ya_ovs_upload_date":"2022-04-07T08:26:52+00:00","ya_ovs_allow_embed":"true","og_availability":"instock","product_availability":"instock","product_condition":"new","geo.placename":"Innsbruck","geo.position":{"lat":"47.264176340396226","long":"11.380109057672346"},"geo.region":"Austria"},"_links":{"self":[{"href":"https:\/\/bolting.eu\/en\/wp-json\/wp\/v2\/product\/11681","targetHints":{"allow":["GET"]}}],"collection":[{"href":"https:\/\/bolting.eu\/en\/wp-json\/wp\/v2\/product"}],"about":[{"href":"https:\/\/bolting.eu\/en\/wp-json\/wp\/v2\/types\/product"}],"replies":[{"embeddable":true,"href":"https:\/\/bolting.eu\/en\/wp-json\/wp\/v2\/comments?post=11681"}],"wp:featuredmedia":[{"embeddable":true,"href":"https:\/\/bolting.eu\/en\/wp-json\/wp\/v2\/media\/11692"}],"wp:attachment":[{"href":"https:\/\/bolting.eu\/en\/wp-json\/wp\/v2\/media?parent=11681"}],"wp:term":[{"taxonomy":"product_brand","embeddable":true,"href":"https:\/\/bolting.eu\/en\/wp-json\/wp\/v2\/product_brand?post=11681"},{"taxonomy":"product_cat","embeddable":true,"href":"https:\/\/bolting.eu\/en\/wp-json\/wp\/v2\/product_cat?post=11681"},{"taxonomy":"product_tag","embeddable":true,"href":"https:\/\/bolting.eu\/en\/wp-json\/wp\/v2\/product_tag?post=11681"}],"curies":[{"name":"wp","href":"https:\/\/api.w.org\/{rel}","templated":true}]}}