{"id":11670,"date":"2022-04-06T14:43:24","date_gmt":"2022-04-06T12:43:24","guid":{"rendered":"https:\/\/bolting.eu\/?post_type=product&#038;p=11670"},"modified":"2025-07-13T23:13:26","modified_gmt":"2025-07-13T21:13:26","slug":"petzl-glacier-eispickel","status":"publish","type":"product","link":"https:\/\/bolting.eu\/en\/shop\/petzl-glacier-eispickel\/","title":{"rendered":"Petzl Glacier Eispickel"},"content":{"rendered":"<p>Der Petzl Glacier Eispickel ist ein leichtes Modell speziell f\u00fcr Hochtouren. Denn dieser Leichtpickel erf\u00fcllt besonders die Anforderungen an lange Gletscher Aufstiege.<\/p>\n<p>Wie z.B. eine passende L\u00e4nge mit 60cm, eine Handschlaufe sowie eine hochwertige Haue bzw. Schaufel aus geh\u00e4rtetem Stahl.<\/p>\n<p>Dieser hochwertige Petzl Pickel bietet &#8211; wie alle Petzl Produkte &#8211; nat\u00fcrlich h\u00f6chste Verarbeitungsqualit\u00e4t. Kurzum. Wer sich einen der beliebtesten Hochtouren Pickel am Markt anschaffen m\u00f6chte, der ist hier richtig. Das Modell gibt es \u00fcbrigens auch in einer ultraleichten Variante, den <a href=\"https:\/\/bolting.eu\/shop\/petzl-glacier-literide\/\">Petzl Glacier Literide<\/a>Literide!<\/p>\n<h2>Eigenschaften Petzl Glacier Eispickel<\/h2>\n<ul>\n<li>Hersteller: <a href=\"https:\/\/bolting.eu\/shop\/coeur-stainless-petzl\/\">Petzl<\/a><\/li>\n<li>Material: Schaft \u2013 Alu, Haue \u2013 geh\u00e4rteter Stahl<\/li>\n<li>L\u00e4nge: 60cm<\/li>\n<li>Gewicht: 350 Gramm<\/li>\n<li>Normen: EN 13089<\/li>\n<li>spitz zulaufende Haue (3mm) zum festen Einschlagen<\/li>\n<li>langer Schaft mit ergonomischen Halt<\/li>\n<li>ergonomische Haue zum besseren Angreifen bei Kopfst\u00fctz-Technik<\/li>\n<li>ultraleicht<\/li>\n<li>sehr gute Eigenschaften in hartem Schnee und Eis<\/li>\n<li>Schaufel ideal zum Schlagen von Stufen<\/li>\n<li>kompatibel mit der \u201ePick and Spike Protection\u201c<\/li>\n<li><a href=\"https:\/\/www.petzl.com\/sfc\/servlet.shepherd\/version\/download\/0681r0000078a1gAAA\">Bedinungsanleitung<\/a><\/li>\n<\/ul>\n<h3>Produktvideo<\/h3>\n<p>Das folgende Video stellt euch die beiden Modelle der Glacier Serie vor. Zum einen den hier angebotenen Glacier. Und zum anderen den Glacier Literide.<\/p>\n<p><iframe loading=\"lazy\" title=\"GLACIER &amp; GLACIER LITERIDE - Lightweight performance ice axes for glacier travel\" src=\"https:\/\/player.vimeo.com\/video\/121760768?dnt=1&amp;app_id=122963\" width=\"1020\" height=\"574\" frameborder=\"0\" allow=\"autoplay; fullscreen; picture-in-picture; clipboard-write; encrypted-media\"><\/iframe><\/p>\n<h3>Tous va bien!<\/h3>\n<p>Bei diesem Leichtpickel ist alles gut. D.h. alle Features dieses Modells sind wie \u00fcblich bei Petzl bis ins Detail ausgewogen, passend dimensioniert und von der Form und Funktion einmalig umgesetzt.<\/p>\n<p>Konkret hei\u00dft das beim Beim Petzl Glacier Eispickel:<\/p>\n<p>Erstens ist das Gesamtgewicht super gering. Gerade mal 350 Gramm bringt der Pickel auf die Waage. Zweitens ist die Haue bzw. Schaufel super auf harten Schnee und Eis ausgerichtet. Einschlagen im Eis, Einstecken im Schnee, Schlagen von Stufen? Kein Problem!<\/p>\n<h3>Petzl Glacier &#8211; versteckte Features<\/h3>\n<p>Nicht alle Eigenschaften sind bei diesem Leichtpickel sofort erkennbar. Oft braucht es einen zweiten Blick bzw. dezenten Hinweis.<\/p>\n<p>Die \u00d6ffnungen am Kopf z.B. erlauben auch ein Einh\u00e4ngen von Karabinern bei der Verwendung als Anker. Des weiteren passt die Ergonomie des Kopfes zum Einhalten bei der Kopf &#8211; St\u00fctztechnik.<\/p>\n<p>Abschlie\u00dfend sollte noch der Dorn am Ende des Schaftes erw\u00e4hnt werden. Denn er ist aus Stahl und garantiert eine lange Lebensdauer, egal wie viel und stark man im Gletschereis andr\u00fcckt oder im harten Schnee einsticht.<\/p>\n","protected":false},"excerpt":{"rendered":"<p>Leichter Allround Eispickel f\u00fcr Hochtouren. Ein Schaft aus Alu, Haue und Schaufel aus geh\u00e4rtetem Stahl und eine fix integrierte Handschlaufe zeichnen das Model aus.<\/p>\n<p>Ideal f\u00fcr lange M\u00e4rsche am Gletscher.<\/p>\n<p>Versandkostenfrei bis 2kg in <img decoding=\"async\" class=\"emoji\" role=\"img\" draggable=\"false\" src=\"https:\/\/s.w.org\/images\/core\/emoji\/13.1.0\/svg\/1f1e6-1f1f9.svg\" alt=\"\ud83c\udde6\ud83c\uddf9\" \/> ab \u20ac 100,- und <img decoding=\"async\" class=\"emoji\" role=\"img\" draggable=\"false\" src=\"https:\/\/s.w.org\/images\/core\/emoji\/13.1.0\/svg\/1f1e9-1f1ea.svg\" alt=\"\ud83c\udde9\ud83c\uddea\" \/> ab \u20ac 200,-!<\/p>\n","protected":false},"featured_media":11674,"comment_status":"open","ping_status":"closed","template":"","meta":[],"product_brand":[],"product_cat":[11054,13938,14093],"product_tag":[],"class_list":{"0":"post-11670","1":"product","2":"type-product","3":"status-publish","4":"has-post-thumbnail","6":"product_cat-eispickel","7":"product_cat-bergsteiger-ausruestung","8":"product_cat-petzl","10":"first","11":"instock","12":"taxable","13":"shipping-taxable","14":"purchasable","15":"product-type-variable"},"yoast_head":"<!-- This site is optimized with the Yoast SEO Premium plugin v26.9 (Yoast SEO v26.9) - https:\/\/yoast.com\/product\/yoast-seo-premium-wordpress\/ -->\n<title>Petzl Glacier Eispickel - ultraleichtes Modell f\u00fcr Hochtouren | bolting.eu<\/title>\n<meta name=\"description\" content=\"PETZL GLACIER EISPICKEL f\u00fcr Hochtouren beim Hardwareprofi kaufen. Versandkostenfrei bis 2kg in \ud83c\udde6\ud83c\uddf9 ab \u20ac 100,- und \ud83c\udde9\ud83c\uddea ab \u20ac 200,-!\" \/>\n<meta name=\"robots\" content=\"index, follow, max-snippet:-1, max-image-preview:large, max-video-preview:-1\" \/>\n<link rel=\"canonical\" href=\"https:\/\/bolting.eu\/en\/shop\/petzl-glacier-eispickel\/\" \/>\n<meta property=\"og:locale\" content=\"en_US\" \/>\n<meta property=\"og:type\" content=\"article\" \/>\n<meta property=\"og:title\" content=\"Petzl Glacier Eispickel\" \/>\n<meta property=\"og:description\" content=\"PETZL GLACIER EISPICKEL f\u00fcr Hochtouren beim Hardwareprofi kaufen. Versandkostenfrei bis 2kg in \ud83c\udde6\ud83c\uddf9 ab \u20ac 100,- und \ud83c\udde9\ud83c\uddea ab \u20ac 200,-!\" \/>\n<meta property=\"og:url\" content=\"https:\/\/bolting.eu\/en\/shop\/petzl-glacier-eispickel\/\" \/>\n<meta property=\"og:site_name\" content=\"bolting.eu\" \/>\n<meta property=\"article:publisher\" content=\"https:\/\/www.facebook.com\/bolting.eu\" \/>\n<meta property=\"article:modified_time\" content=\"2025-07-13T21:13:26+00:00\" \/>\n<meta property=\"og:image\" content=\"https:\/\/bolting.eu\/wp-content\/uploads\/2022\/04\/Petzl-Glacier-Eispickel-1.jpg\" \/>\n\t<meta property=\"og:image:width\" content=\"700\" \/>\n\t<meta property=\"og:image:height\" content=\"700\" \/>\n\t<meta property=\"og:image:type\" content=\"image\/jpeg\" \/>\n<meta name=\"twitter:card\" content=\"summary_large_image\" \/>\n<meta name=\"twitter:label1\" content=\"Availability\" \/>\n\t<meta name=\"twitter:data1\" content=\"In stock\" \/>\n<script type=\"application\/ld+json\" class=\"yoast-schema-graph\">{\"@context\":\"https:\/\/schema.org\",\"@graph\":[{\"@type\":[\"WebPage\",\"ItemPage\"],\"@id\":\"https:\/\/bolting.eu\/en\/shop\/petzl-glacier-eispickel\/\",\"url\":\"https:\/\/bolting.eu\/en\/shop\/petzl-glacier-eispickel\/\",\"name\":\"Petzl Glacier Eispickel - ultraleichtes Modell f\u00fcr Hochtouren | bolting.eu\",\"isPartOf\":{\"@id\":\"https:\/\/bolting.eu\/en\/#website\"},\"primaryImageOfPage\":{\"@id\":\"https:\/\/bolting.eu\/en\/shop\/petzl-glacier-eispickel\/#primaryimage\"},\"image\":{\"@id\":\"https:\/\/bolting.eu\/en\/shop\/petzl-glacier-eispickel\/#primaryimage\"},\"thumbnailUrl\":\"https:\/\/bolting.eu\/wp-content\/uploads\/2022\/04\/Petzl-Glacier-Eispickel-1.jpg\",\"datePublished\":\"2022-04-06T12:43:24+00:00\",\"dateModified\":\"2025-07-13T21:13:26+00:00\",\"description\":\"PETZL GLACIER EISPICKEL f\u00fcr Hochtouren beim Hardwareprofi kaufen. Versandkostenfrei bis 2kg in \ud83c\udde6\ud83c\uddf9 ab \u20ac 100,- und \ud83c\udde9\ud83c\uddea ab \u20ac 200,-!\",\"breadcrumb\":{\"@id\":\"https:\/\/bolting.eu\/en\/shop\/petzl-glacier-eispickel\/#breadcrumb\"},\"inLanguage\":\"en-US\",\"potentialAction\":[{\"@type\":\"ReadAction\",\"target\":[\"https:\/\/bolting.eu\/en\/shop\/petzl-glacier-eispickel\/\"]}]},{\"@type\":\"ImageObject\",\"inLanguage\":\"en-US\",\"@id\":\"https:\/\/bolting.eu\/en\/shop\/petzl-glacier-eispickel\/#primaryimage\",\"url\":\"https:\/\/bolting.eu\/wp-content\/uploads\/2022\/04\/Petzl-Glacier-Eispickel-1.jpg\",\"contentUrl\":\"https:\/\/bolting.eu\/wp-content\/uploads\/2022\/04\/Petzl-Glacier-Eispickel-1.jpg\",\"width\":700,\"height\":700,\"caption\":\"Das Bild zeigt den grauen Petzl Glacier Eispickel mit schwarzer HAndschlaufe. Er steht aufrecht im Bild mit der Haue nach rechts.\"},{\"@type\":\"BreadcrumbList\",\"@id\":\"https:\/\/bolting.eu\/en\/shop\/petzl-glacier-eispickel\/#breadcrumb\",\"itemListElement\":[{\"@type\":\"ListItem\",\"position\":1,\"name\":\"Shop\",\"item\":\"https:\/\/bolting.eu\/en\/shop\/\"},{\"@type\":\"ListItem\",\"position\":2,\"name\":\"Bergsteiger Ausr\u00fcstung\",\"item\":\"https:\/\/bolting.eu\/produkt-kategorie\/bergsteiger-ausruestung\/\"},{\"@type\":\"ListItem\",\"position\":3,\"name\":\"Eispickel\",\"item\":\"https:\/\/bolting.eu\/produkt-kategorie\/bergsteiger-ausruestung\/eispickel\/\"},{\"@type\":\"ListItem\",\"position\":4,\"name\":\"Petzl Glacier Eispickel\"}]},{\"@type\":\"WebSite\",\"@id\":\"https:\/\/bolting.eu\/en\/#website\",\"url\":\"https:\/\/bolting.eu\/en\/\",\"name\":\"bolting.eu\",\"description\":\"we make climbs happen\",\"publisher\":{\"@id\":\"https:\/\/bolting.eu\/en\/#organization\"},\"potentialAction\":[{\"@type\":\"SearchAction\",\"target\":{\"@type\":\"EntryPoint\",\"urlTemplate\":\"https:\/\/bolting.eu\/en\/?s={search_term_string}\"},\"query-input\":{\"@type\":\"PropertyValueSpecification\",\"valueRequired\":true,\"valueName\":\"search_term_string\"}}],\"inLanguage\":\"en-US\"},{\"@type\":[\"Organization\",\"Place\",\"SportingGoodsStore\"],\"@id\":\"https:\/\/bolting.eu\/en\/#organization\",\"name\":\"bolting.eu\",\"url\":\"https:\/\/bolting.eu\/en\/\",\"logo\":{\"@id\":\"https:\/\/bolting.eu\/en\/shop\/petzl-glacier-eispickel\/#local-main-organization-logo\"},\"image\":{\"@id\":\"https:\/\/bolting.eu\/en\/shop\/petzl-glacier-eispickel\/#local-main-organization-logo\"},\"sameAs\":[\"https:\/\/www.facebook.com\/bolting.eu\",\"https:\/\/www.instagram.com\/bolting.eu\/\"],\"address\":{\"@id\":\"https:\/\/bolting.eu\/en\/shop\/petzl-glacier-eispickel\/#local-main-place-address\"},\"geo\":{\"@type\":\"GeoCoordinates\",\"latitude\":\"47.264176340396226\",\"longitude\":\"11.380109057672346\"},\"telephone\":[\"+43 699 19083372\"],\"openingHoursSpecification\":[{\"@type\":\"OpeningHoursSpecification\",\"dayOfWeek\":[\"Monday\",\"Wednesday\",\"Friday\"],\"opens\":\"14:00\",\"closes\":\"18:00\"},{\"@type\":\"OpeningHoursSpecification\",\"dayOfWeek\":[\"Tuesday\",\"Thursday\",\"Saturday\",\"Sunday\"],\"opens\":\"00:00\",\"closes\":\"00:00\"}],\"email\":\"office@bolting.eu\",\"vatID\":\"ATU59999728\",\"priceRange\":\"$$\",\"currenciesAccepted\":\"Euro\"},{\"@type\":\"PostalAddress\",\"@id\":\"https:\/\/bolting.eu\/en\/shop\/petzl-glacier-eispickel\/#local-main-place-address\",\"streetAddress\":\"Fischnalerstra\u00dfe 4\",\"addressLocality\":\"Innsbruck\",\"postalCode\":\"6020\",\"addressRegion\":\"Tirol\",\"addressCountry\":\"AT\"},{\"@type\":\"ImageObject\",\"inLanguage\":\"en-US\",\"@id\":\"https:\/\/bolting.eu\/en\/shop\/petzl-glacier-eispickel\/#local-main-organization-logo\",\"url\":\"https:\/\/bolting.eu\/wp-content\/uploads\/2019\/09\/bolting-logo.png\",\"contentUrl\":\"https:\/\/bolting.eu\/wp-content\/uploads\/2019\/09\/bolting-logo.png\",\"width\":400,\"height\":211,\"caption\":\"bolting.eu\"}]}<\/script>\n<meta property=\"og:video\" content=\"https:\/\/player.vimeo.com\/video\/121760768\" \/>\n<meta property=\"og:video:type\" content=\"text\/html\" \/>\n<meta property=\"og:video:duration\" content=\"86\" \/>\n<meta property=\"og:video:width\" content=\"1280\" \/>\n<meta property=\"og:video:height\" content=\"720\" \/>\n<meta property=\"ya:ovs:adult\" content=\"false\" \/>\n<meta property=\"ya:ovs:upload_date\" content=\"2022-04-06T12:43:24+00:00\" \/>\n<meta property=\"ya:ovs:allow_embed\" content=\"true\" \/>\n<meta property=\"og:availability\" content=\"instock\" \/>\n<meta property=\"product:availability\" content=\"instock\" \/>\n<meta property=\"product:retailer_item_id\" content=\"U01B060\" \/>\n<meta property=\"product:condition\" content=\"new\" \/>\n<meta name=\"geo.placename\" content=\"Innsbruck\" \/>\n<meta name=\"geo.position\" content=\"47.264176340396226;11.380109057672346\" \/>\n<meta name=\"geo.region\" content=\"Austria\" \/>\n<!-- \/ Yoast SEO Premium plugin. -->","yoast_head_json":{"title":"Petzl Glacier Eispickel - ultraleichtes Modell f\u00fcr Hochtouren | bolting.eu","description":"PETZL GLACIER EISPICKEL f\u00fcr Hochtouren beim Hardwareprofi kaufen. Versandkostenfrei bis 2kg in \ud83c\udde6\ud83c\uddf9 ab \u20ac 100,- und \ud83c\udde9\ud83c\uddea ab \u20ac 200,-!","robots":{"index":"index","follow":"follow","max-snippet":"max-snippet:-1","max-image-preview":"max-image-preview:large","max-video-preview":"max-video-preview:-1"},"canonical":"https:\/\/bolting.eu\/en\/shop\/petzl-glacier-eispickel\/","og_locale":"en_US","og_type":"article","og_title":"Petzl Glacier Eispickel","og_description":"PETZL GLACIER EISPICKEL f\u00fcr Hochtouren beim Hardwareprofi kaufen. Versandkostenfrei bis 2kg in \ud83c\udde6\ud83c\uddf9 ab \u20ac 100,- und \ud83c\udde9\ud83c\uddea ab \u20ac 200,-!","og_url":"https:\/\/bolting.eu\/en\/shop\/petzl-glacier-eispickel\/","og_site_name":"bolting.eu","article_publisher":"https:\/\/www.facebook.com\/bolting.eu","article_modified_time":"2025-07-13T21:13:26+00:00","og_image":[{"width":700,"height":700,"url":"https:\/\/bolting.eu\/wp-content\/uploads\/2022\/04\/Petzl-Glacier-Eispickel-1.jpg","type":"image\/jpeg"}],"twitter_card":"summary_large_image","twitter_misc":{"Availability":"In stock"},"schema":{"@context":"https:\/\/schema.org","@graph":[{"@type":["WebPage","ItemPage"],"@id":"https:\/\/bolting.eu\/en\/shop\/petzl-glacier-eispickel\/","url":"https:\/\/bolting.eu\/en\/shop\/petzl-glacier-eispickel\/","name":"Petzl Glacier Eispickel - ultraleichtes Modell f\u00fcr Hochtouren | bolting.eu","isPartOf":{"@id":"https:\/\/bolting.eu\/en\/#website"},"primaryImageOfPage":{"@id":"https:\/\/bolting.eu\/en\/shop\/petzl-glacier-eispickel\/#primaryimage"},"image":{"@id":"https:\/\/bolting.eu\/en\/shop\/petzl-glacier-eispickel\/#primaryimage"},"thumbnailUrl":"https:\/\/bolting.eu\/wp-content\/uploads\/2022\/04\/Petzl-Glacier-Eispickel-1.jpg","datePublished":"2022-04-06T12:43:24+00:00","dateModified":"2025-07-13T21:13:26+00:00","description":"PETZL GLACIER EISPICKEL f\u00fcr Hochtouren beim Hardwareprofi kaufen. Versandkostenfrei bis 2kg in \ud83c\udde6\ud83c\uddf9 ab \u20ac 100,- und \ud83c\udde9\ud83c\uddea ab \u20ac 200,-!","breadcrumb":{"@id":"https:\/\/bolting.eu\/en\/shop\/petzl-glacier-eispickel\/#breadcrumb"},"inLanguage":"en-US","potentialAction":[{"@type":"ReadAction","target":["https:\/\/bolting.eu\/en\/shop\/petzl-glacier-eispickel\/"]}]},{"@type":"ImageObject","inLanguage":"en-US","@id":"https:\/\/bolting.eu\/en\/shop\/petzl-glacier-eispickel\/#primaryimage","url":"https:\/\/bolting.eu\/wp-content\/uploads\/2022\/04\/Petzl-Glacier-Eispickel-1.jpg","contentUrl":"https:\/\/bolting.eu\/wp-content\/uploads\/2022\/04\/Petzl-Glacier-Eispickel-1.jpg","width":700,"height":700,"caption":"Das Bild zeigt den grauen Petzl Glacier Eispickel mit schwarzer HAndschlaufe. Er steht aufrecht im Bild mit der Haue nach rechts."},{"@type":"BreadcrumbList","@id":"https:\/\/bolting.eu\/en\/shop\/petzl-glacier-eispickel\/#breadcrumb","itemListElement":[{"@type":"ListItem","position":1,"name":"Shop","item":"https:\/\/bolting.eu\/en\/shop\/"},{"@type":"ListItem","position":2,"name":"Bergsteiger Ausr\u00fcstung","item":"https:\/\/bolting.eu\/produkt-kategorie\/bergsteiger-ausruestung\/"},{"@type":"ListItem","position":3,"name":"Eispickel","item":"https:\/\/bolting.eu\/produkt-kategorie\/bergsteiger-ausruestung\/eispickel\/"},{"@type":"ListItem","position":4,"name":"Petzl Glacier Eispickel"}]},{"@type":"WebSite","@id":"https:\/\/bolting.eu\/en\/#website","url":"https:\/\/bolting.eu\/en\/","name":"bolting.eu","description":"we make climbs happen","publisher":{"@id":"https:\/\/bolting.eu\/en\/#organization"},"potentialAction":[{"@type":"SearchAction","target":{"@type":"EntryPoint","urlTemplate":"https:\/\/bolting.eu\/en\/?s={search_term_string}"},"query-input":{"@type":"PropertyValueSpecification","valueRequired":true,"valueName":"search_term_string"}}],"inLanguage":"en-US"},{"@type":["Organization","Place","SportingGoodsStore"],"@id":"https:\/\/bolting.eu\/en\/#organization","name":"bolting.eu","url":"https:\/\/bolting.eu\/en\/","logo":{"@id":"https:\/\/bolting.eu\/en\/shop\/petzl-glacier-eispickel\/#local-main-organization-logo"},"image":{"@id":"https:\/\/bolting.eu\/en\/shop\/petzl-glacier-eispickel\/#local-main-organization-logo"},"sameAs":["https:\/\/www.facebook.com\/bolting.eu","https:\/\/www.instagram.com\/bolting.eu\/"],"address":{"@id":"https:\/\/bolting.eu\/en\/shop\/petzl-glacier-eispickel\/#local-main-place-address"},"geo":{"@type":"GeoCoordinates","latitude":"47.264176340396226","longitude":"11.380109057672346"},"telephone":["+43 699 19083372"],"openingHoursSpecification":[{"@type":"OpeningHoursSpecification","dayOfWeek":["Monday","Wednesday","Friday"],"opens":"14:00","closes":"18:00"},{"@type":"OpeningHoursSpecification","dayOfWeek":["Tuesday","Thursday","Saturday","Sunday"],"opens":"00:00","closes":"00:00"}],"email":"office@bolting.eu","vatID":"ATU59999728","priceRange":"$$","currenciesAccepted":"Euro"},{"@type":"PostalAddress","@id":"https:\/\/bolting.eu\/en\/shop\/petzl-glacier-eispickel\/#local-main-place-address","streetAddress":"Fischnalerstra\u00dfe 4","addressLocality":"Innsbruck","postalCode":"6020","addressRegion":"Tirol","addressCountry":"AT"},{"@type":"ImageObject","inLanguage":"en-US","@id":"https:\/\/bolting.eu\/en\/shop\/petzl-glacier-eispickel\/#local-main-organization-logo","url":"https:\/\/bolting.eu\/wp-content\/uploads\/2019\/09\/bolting-logo.png","contentUrl":"https:\/\/bolting.eu\/wp-content\/uploads\/2019\/09\/bolting-logo.png","width":400,"height":211,"caption":"bolting.eu"}]},"og_video":"https:\/\/player.vimeo.com\/video\/121760768","og_video_type":"text\/html","og_video_duration":"86","og_video_width":"1280","og_video_height":"720","ya_ovs_adult":"false","ya_ovs_upload_date":"2022-04-06T12:43:24+00:00","ya_ovs_allow_embed":"true","og_availability":"instock","product_availability":"instock","product_retailer_item_id":"U01B060","product_condition":"new","geo.placename":"Innsbruck","geo.position":{"lat":"47.264176340396226","long":"11.380109057672346"},"geo.region":"Austria"},"_links":{"self":[{"href":"https:\/\/bolting.eu\/en\/wp-json\/wp\/v2\/product\/11670","targetHints":{"allow":["GET"]}}],"collection":[{"href":"https:\/\/bolting.eu\/en\/wp-json\/wp\/v2\/product"}],"about":[{"href":"https:\/\/bolting.eu\/en\/wp-json\/wp\/v2\/types\/product"}],"replies":[{"embeddable":true,"href":"https:\/\/bolting.eu\/en\/wp-json\/wp\/v2\/comments?post=11670"}],"wp:featuredmedia":[{"embeddable":true,"href":"https:\/\/bolting.eu\/en\/wp-json\/wp\/v2\/media\/11674"}],"wp:attachment":[{"href":"https:\/\/bolting.eu\/en\/wp-json\/wp\/v2\/media?parent=11670"}],"wp:term":[{"taxonomy":"product_brand","embeddable":true,"href":"https:\/\/bolting.eu\/en\/wp-json\/wp\/v2\/product_brand?post=11670"},{"taxonomy":"product_cat","embeddable":true,"href":"https:\/\/bolting.eu\/en\/wp-json\/wp\/v2\/product_cat?post=11670"},{"taxonomy":"product_tag","embeddable":true,"href":"https:\/\/bolting.eu\/en\/wp-json\/wp\/v2\/product_tag?post=11670"}],"curies":[{"name":"wp","href":"https:\/\/api.w.org\/{rel}","templated":true}]}}