{"id":11662,"date":"2022-04-06T13:40:11","date_gmt":"2022-04-06T11:40:11","guid":{"rendered":"https:\/\/bolting.eu\/?post_type=product&#038;p=11662"},"modified":"2026-04-30T12:41:32","modified_gmt":"2026-04-30T10:41:32","slug":"petzl-ride","status":"publish","type":"product","link":"https:\/\/bolting.eu\/en\/shop\/petzl-ride\/","title":{"rendered":"Petzl Ride"},"content":{"rendered":"<p>Der Petzl Ride ist ein ultraleichter Eispickel f\u00fcr Freerider und Skitourengeher. Denn dieser Pickel wiegt gerade einmal 240 Gramm. D.h. er f\u00e4llt beim Gewicht der Ausr\u00fcstung fast gar nicht &#8211; sprichw\u00f6rtlich &#8211; ins Gewicht.<\/p>\n<p>Dennoch ist er ein Pickel der in allen Situationen extrem handy ist und sogar in sehr steilen Passagen ordentlich performt.<\/p>\n<p>Neben der leichten Bauweise zeichnen dieses Modell der gebogene Schaft, die ergonomische Schaufel (Kopfst\u00fctz &#8211; Technik) und die Rillen am Schaftende f\u00fcr besseren Halt aus.<\/p>\n<h2>Eigenschaften Ride<\/h2>\n<ul>\n<li>Hersteller: <a href=\"https:\/\/bolting.eu\/shop\/coeur-stainless-petzl\/\">Petzl<\/a><\/li>\n<li>Material: Schaft \u2013 Alu, Haue \u2013 geh\u00e4rteter Stahl<\/li>\n<li>L\u00e4nge: 45cm<\/li>\n<li>Gewicht: 240 Gramm<\/li>\n<li>Normen: EN 13089<\/li>\n<li>spitz zulaufende Haue (3mm) zum festen Einschlagen<\/li>\n<li>gebogener Schaft mit ergonomischen Halt<\/li>\n<li>ergonomische Haue zum besseren Angreifen bei Kopfst\u00fctz-Technik<\/li>\n<li>ultraleicht<\/li>\n<li>verstaubar im Rucksack<\/li>\n<li>kompatibel mit der &#8220;Pick and Spike Protection&#8221; sowie &#8220;Linkin Handschlaufe&#8221;<\/li>\n<li><a href=\"https:\/\/www.petzl.com\/sfc\/servlet.shepherd\/version\/download\/0681r0000078a1gAAA\">Bedinungsanleitung<\/a><\/li>\n<\/ul>\n<h3>Produktvideo<\/h3>\n<p><iframe loading=\"lazy\" title=\"RIDE - Compact, ultra-light ice axe for ski touring and freeriding\" src=\"https:\/\/player.vimeo.com\/video\/201098171?dnt=1&amp;app_id=122963\" width=\"1020\" height=\"574\" frameborder=\"0\" allow=\"autoplay; fullscreen; picture-in-picture; clipboard-write; encrypted-media; web-share\" referrerpolicy=\"strict-origin-when-cross-origin\"><\/iframe><\/p>\n<h3>Top Modell der leichten Eispickel<\/h3>\n<p>Der Ride ist ohne Zweifel DAS Top Modell unter den leichten Eispickeln. Dabei mag es vielleicht noch leichtere geben. Aber die hohe Produktqualit\u00e4t und die tolle Funktionalit\u00e4t machen den Petzl Ride ohne Zweifel zum beliebtesten, ultraleichten Pickel am Markt.<\/p>\n<p>&nbsp;<\/p>\n","protected":false},"excerpt":{"rendered":"<p>Ultraleichter und kleiner Eispickel speziell f\u00fcr Skitouren und das Freeriden mit nur 240 Gramm.<\/p>\n<p>Ein gebogener Schaft, eine Haue bzw. Schaufel aus Stahl und eine tolle Ergonomie zeichnen dieses Petzl Qualit\u00e4tsprodukt aus.<\/p>\n<p>Versandkostenfrei \u2705 bis 2kg in \ud83c\udde6\ud83c\uddf9 ab \u20ac 100,- und \ud83c\udde9\ud83c\uddea ab \u20ac 200,-!<\/p>\n","protected":false},"featured_media":11668,"comment_status":"open","ping_status":"closed","template":"","meta":[],"product_brand":[],"product_cat":[14093,11054,13938],"product_tag":[],"class_list":{"0":"post-11662","1":"product","2":"type-product","3":"status-publish","4":"has-post-thumbnail","6":"product_cat-petzl","7":"product_cat-eispickel","8":"product_cat-bergsteiger-ausruestung","10":"first","11":"instock","12":"taxable","13":"shipping-taxable","14":"purchasable","15":"product-type-simple"},"yoast_head":"<!-- This site is optimized with the Yoast SEO Premium plugin v26.9 (Yoast SEO v26.9) - https:\/\/yoast.com\/product\/yoast-seo-premium-wordpress\/ -->\n<title>Petzl Ride - ultraleichter Eispickel f\u00fcr Skitouren &amp; Freeride | bolting.eu<\/title>\n<meta name=\"description\" content=\"PETZL RIDE ultraleichter Eispickel beim Hardwareprofi kaufen. Versandkostenfrei \u2705 bis 2kg in \ud83c\udde6\ud83c\uddf9 ab \u20ac 100,- und \ud83c\udde9\ud83c\uddea ab \u20ac 200,-!\" \/>\n<meta name=\"robots\" content=\"index, follow, max-snippet:-1, max-image-preview:large, max-video-preview:-1\" \/>\n<link rel=\"canonical\" href=\"https:\/\/bolting.eu\/en\/shop\/petzl-ride\/\" \/>\n<meta property=\"og:locale\" content=\"en_US\" \/>\n<meta property=\"og:type\" content=\"article\" \/>\n<meta property=\"og:title\" content=\"Petzl Ride\" \/>\n<meta property=\"og:description\" content=\"PETZL RIDE ultraleichter Eispickel beim Hardwareprofi kaufen. Versandkostenfrei \u2705 bis 2kg in \ud83c\udde6\ud83c\uddf9 ab \u20ac 100,- und \ud83c\udde9\ud83c\uddea ab \u20ac 200,-!\" \/>\n<meta property=\"og:url\" content=\"https:\/\/bolting.eu\/en\/shop\/petzl-ride\/\" \/>\n<meta property=\"og:site_name\" content=\"bolting.eu\" \/>\n<meta property=\"article:publisher\" content=\"https:\/\/www.facebook.com\/bolting.eu\" \/>\n<meta property=\"article:modified_time\" content=\"2026-04-30T10:41:32+00:00\" \/>\n<meta property=\"og:image\" content=\"https:\/\/bolting.eu\/wp-content\/uploads\/2022\/04\/Petzl-Ride-Eispickel-1.jpg\" \/>\n\t<meta property=\"og:image:width\" content=\"700\" \/>\n\t<meta property=\"og:image:height\" content=\"700\" \/>\n\t<meta property=\"og:image:type\" content=\"image\/jpeg\" \/>\n<meta name=\"twitter:card\" content=\"summary_large_image\" \/>\n<meta name=\"twitter:label1\" content=\"Price\" \/>\n\t<meta name=\"twitter:data1\" content=\"&euro;&nbsp;110,00\" \/>\n\t<meta name=\"twitter:label2\" content=\"Availability\" \/>\n\t<meta name=\"twitter:data2\" content=\"In stock\" \/>\n<script type=\"application\/ld+json\" class=\"yoast-schema-graph\">{\"@context\":\"https:\/\/schema.org\",\"@graph\":[{\"@type\":[\"WebPage\",\"ItemPage\"],\"@id\":\"https:\/\/bolting.eu\/en\/shop\/petzl-ride\/\",\"url\":\"https:\/\/bolting.eu\/en\/shop\/petzl-ride\/\",\"name\":\"Petzl Ride - ultraleichter Eispickel f\u00fcr Skitouren & Freeride | bolting.eu\",\"isPartOf\":{\"@id\":\"https:\/\/bolting.eu\/en\/#website\"},\"primaryImageOfPage\":{\"@id\":\"https:\/\/bolting.eu\/en\/shop\/petzl-ride\/#primaryimage\"},\"image\":{\"@id\":\"https:\/\/bolting.eu\/en\/shop\/petzl-ride\/#primaryimage\"},\"thumbnailUrl\":\"https:\/\/bolting.eu\/wp-content\/uploads\/2022\/04\/Petzl-Ride-Eispickel-1.jpg\",\"datePublished\":\"2022-04-06T11:40:11+00:00\",\"dateModified\":\"2026-04-30T10:41:32+00:00\",\"description\":\"PETZL RIDE ultraleichter Eispickel beim Hardwareprofi kaufen. Versandkostenfrei \u2705 bis 2kg in \ud83c\udde6\ud83c\uddf9 ab \u20ac 100,- und \ud83c\udde9\ud83c\uddea ab \u20ac 200,-!\",\"breadcrumb\":{\"@id\":\"https:\/\/bolting.eu\/en\/shop\/petzl-ride\/#breadcrumb\"},\"inLanguage\":\"en-US\",\"potentialAction\":[{\"@type\":\"ReadAction\",\"target\":[\"https:\/\/bolting.eu\/en\/shop\/petzl-ride\/\"]}]},{\"@type\":\"ImageObject\",\"inLanguage\":\"en-US\",\"@id\":\"https:\/\/bolting.eu\/en\/shop\/petzl-ride\/#primaryimage\",\"url\":\"https:\/\/bolting.eu\/wp-content\/uploads\/2022\/04\/Petzl-Ride-Eispickel-1.jpg\",\"contentUrl\":\"https:\/\/bolting.eu\/wp-content\/uploads\/2022\/04\/Petzl-Ride-Eispickel-1.jpg\",\"width\":700,\"height\":700,\"caption\":\"Das Bild zeigt den orangen Petzl Ride Eispickel mit silbernen Stahlhaue aufrecht in einem wei\u00dfem Quadrat.\"},{\"@type\":\"BreadcrumbList\",\"@id\":\"https:\/\/bolting.eu\/en\/shop\/petzl-ride\/#breadcrumb\",\"itemListElement\":[{\"@type\":\"ListItem\",\"position\":1,\"name\":\"Shop\",\"item\":\"https:\/\/bolting.eu\/en\/shop\/\"},{\"@type\":\"ListItem\",\"position\":2,\"name\":\"Bergsteiger Ausr\u00fcstung\",\"item\":\"https:\/\/bolting.eu\/produkt-kategorie\/bergsteiger-ausruestung\/\"},{\"@type\":\"ListItem\",\"position\":3,\"name\":\"Eispickel\",\"item\":\"https:\/\/bolting.eu\/produkt-kategorie\/bergsteiger-ausruestung\/eispickel\/\"},{\"@type\":\"ListItem\",\"position\":4,\"name\":\"Petzl Ride\"}]},{\"@type\":\"WebSite\",\"@id\":\"https:\/\/bolting.eu\/en\/#website\",\"url\":\"https:\/\/bolting.eu\/en\/\",\"name\":\"bolting.eu\",\"description\":\"we make climbs happen\",\"publisher\":{\"@id\":\"https:\/\/bolting.eu\/en\/#organization\"},\"potentialAction\":[{\"@type\":\"SearchAction\",\"target\":{\"@type\":\"EntryPoint\",\"urlTemplate\":\"https:\/\/bolting.eu\/en\/?s={search_term_string}\"},\"query-input\":{\"@type\":\"PropertyValueSpecification\",\"valueRequired\":true,\"valueName\":\"search_term_string\"}}],\"inLanguage\":\"en-US\"},{\"@type\":[\"Organization\",\"Place\",\"SportingGoodsStore\"],\"@id\":\"https:\/\/bolting.eu\/en\/#organization\",\"name\":\"bolting.eu\",\"url\":\"https:\/\/bolting.eu\/en\/\",\"logo\":{\"@id\":\"https:\/\/bolting.eu\/en\/shop\/petzl-ride\/#local-main-organization-logo\"},\"image\":{\"@id\":\"https:\/\/bolting.eu\/en\/shop\/petzl-ride\/#local-main-organization-logo\"},\"sameAs\":[\"https:\/\/www.facebook.com\/bolting.eu\",\"https:\/\/www.instagram.com\/bolting.eu\/\"],\"address\":{\"@id\":\"https:\/\/bolting.eu\/en\/shop\/petzl-ride\/#local-main-place-address\"},\"geo\":{\"@type\":\"GeoCoordinates\",\"latitude\":\"47.264176340396226\",\"longitude\":\"11.380109057672346\"},\"telephone\":[\"+43 699 19083372\"],\"openingHoursSpecification\":[{\"@type\":\"OpeningHoursSpecification\",\"dayOfWeek\":[\"Monday\",\"Wednesday\",\"Friday\"],\"opens\":\"14:00\",\"closes\":\"18:00\"},{\"@type\":\"OpeningHoursSpecification\",\"dayOfWeek\":[\"Tuesday\",\"Thursday\",\"Saturday\",\"Sunday\"],\"opens\":\"00:00\",\"closes\":\"00:00\"}],\"email\":\"office@bolting.eu\",\"vatID\":\"ATU59999728\",\"priceRange\":\"$$\",\"currenciesAccepted\":\"Euro\"},{\"@type\":\"PostalAddress\",\"@id\":\"https:\/\/bolting.eu\/en\/shop\/petzl-ride\/#local-main-place-address\",\"streetAddress\":\"Fischnalerstra\u00dfe 4\",\"addressLocality\":\"Innsbruck\",\"postalCode\":\"6020\",\"addressRegion\":\"Tirol\",\"addressCountry\":\"AT\"},{\"@type\":\"ImageObject\",\"inLanguage\":\"en-US\",\"@id\":\"https:\/\/bolting.eu\/en\/shop\/petzl-ride\/#local-main-organization-logo\",\"url\":\"https:\/\/bolting.eu\/wp-content\/uploads\/2019\/09\/bolting-logo.png\",\"contentUrl\":\"https:\/\/bolting.eu\/wp-content\/uploads\/2019\/09\/bolting-logo.png\",\"width\":400,\"height\":211,\"caption\":\"bolting.eu\"}]}<\/script>\n<meta property=\"og:video\" content=\"https:\/\/player.vimeo.com\/video\/201098171\" \/>\n<meta property=\"og:video:type\" content=\"text\/html\" \/>\n<meta property=\"og:video:duration\" content=\"62\" \/>\n<meta property=\"og:video:width\" content=\"1920\" \/>\n<meta property=\"og:video:height\" content=\"1080\" \/>\n<meta property=\"ya:ovs:adult\" content=\"false\" \/>\n<meta property=\"ya:ovs:upload_date\" content=\"2022-04-06T11:40:11+00:00\" \/>\n<meta property=\"ya:ovs:allow_embed\" content=\"true\" \/>\n<meta property=\"product:price:amount\" content=\"110.00\" \/>\n<meta property=\"product:price:currency\" content=\"EUR\" \/>\n<meta property=\"og:availability\" content=\"instock\" \/>\n<meta property=\"product:availability\" content=\"instock\" \/>\n<meta property=\"product:retailer_item_id\" content=\"U04A 45\" \/>\n<meta property=\"product:condition\" content=\"new\" \/>\n<meta name=\"geo.placename\" content=\"Innsbruck\" \/>\n<meta name=\"geo.position\" content=\"47.264176340396226;11.380109057672346\" \/>\n<meta name=\"geo.region\" content=\"Austria\" \/>\n<!-- \/ Yoast SEO Premium plugin. -->","yoast_head_json":{"title":"Petzl Ride - ultraleichter Eispickel f\u00fcr Skitouren & Freeride | bolting.eu","description":"PETZL RIDE ultraleichter Eispickel beim Hardwareprofi kaufen. Versandkostenfrei \u2705 bis 2kg in \ud83c\udde6\ud83c\uddf9 ab \u20ac 100,- und \ud83c\udde9\ud83c\uddea ab \u20ac 200,-!","robots":{"index":"index","follow":"follow","max-snippet":"max-snippet:-1","max-image-preview":"max-image-preview:large","max-video-preview":"max-video-preview:-1"},"canonical":"https:\/\/bolting.eu\/en\/shop\/petzl-ride\/","og_locale":"en_US","og_type":"article","og_title":"Petzl Ride","og_description":"PETZL RIDE ultraleichter Eispickel beim Hardwareprofi kaufen. Versandkostenfrei \u2705 bis 2kg in \ud83c\udde6\ud83c\uddf9 ab \u20ac 100,- und \ud83c\udde9\ud83c\uddea ab \u20ac 200,-!","og_url":"https:\/\/bolting.eu\/en\/shop\/petzl-ride\/","og_site_name":"bolting.eu","article_publisher":"https:\/\/www.facebook.com\/bolting.eu","article_modified_time":"2026-04-30T10:41:32+00:00","og_image":[{"width":700,"height":700,"url":"https:\/\/bolting.eu\/wp-content\/uploads\/2022\/04\/Petzl-Ride-Eispickel-1.jpg","type":"image\/jpeg"}],"twitter_card":"summary_large_image","twitter_misc":{"Price":"&euro;&nbsp;110,00","Availability":"In stock"},"schema":{"@context":"https:\/\/schema.org","@graph":[{"@type":["WebPage","ItemPage"],"@id":"https:\/\/bolting.eu\/en\/shop\/petzl-ride\/","url":"https:\/\/bolting.eu\/en\/shop\/petzl-ride\/","name":"Petzl Ride - ultraleichter Eispickel f\u00fcr Skitouren & Freeride | bolting.eu","isPartOf":{"@id":"https:\/\/bolting.eu\/en\/#website"},"primaryImageOfPage":{"@id":"https:\/\/bolting.eu\/en\/shop\/petzl-ride\/#primaryimage"},"image":{"@id":"https:\/\/bolting.eu\/en\/shop\/petzl-ride\/#primaryimage"},"thumbnailUrl":"https:\/\/bolting.eu\/wp-content\/uploads\/2022\/04\/Petzl-Ride-Eispickel-1.jpg","datePublished":"2022-04-06T11:40:11+00:00","dateModified":"2026-04-30T10:41:32+00:00","description":"PETZL RIDE ultraleichter Eispickel beim Hardwareprofi kaufen. Versandkostenfrei \u2705 bis 2kg in \ud83c\udde6\ud83c\uddf9 ab \u20ac 100,- und \ud83c\udde9\ud83c\uddea ab \u20ac 200,-!","breadcrumb":{"@id":"https:\/\/bolting.eu\/en\/shop\/petzl-ride\/#breadcrumb"},"inLanguage":"en-US","potentialAction":[{"@type":"ReadAction","target":["https:\/\/bolting.eu\/en\/shop\/petzl-ride\/"]}]},{"@type":"ImageObject","inLanguage":"en-US","@id":"https:\/\/bolting.eu\/en\/shop\/petzl-ride\/#primaryimage","url":"https:\/\/bolting.eu\/wp-content\/uploads\/2022\/04\/Petzl-Ride-Eispickel-1.jpg","contentUrl":"https:\/\/bolting.eu\/wp-content\/uploads\/2022\/04\/Petzl-Ride-Eispickel-1.jpg","width":700,"height":700,"caption":"Das Bild zeigt den orangen Petzl Ride Eispickel mit silbernen Stahlhaue aufrecht in einem wei\u00dfem Quadrat."},{"@type":"BreadcrumbList","@id":"https:\/\/bolting.eu\/en\/shop\/petzl-ride\/#breadcrumb","itemListElement":[{"@type":"ListItem","position":1,"name":"Shop","item":"https:\/\/bolting.eu\/en\/shop\/"},{"@type":"ListItem","position":2,"name":"Bergsteiger Ausr\u00fcstung","item":"https:\/\/bolting.eu\/produkt-kategorie\/bergsteiger-ausruestung\/"},{"@type":"ListItem","position":3,"name":"Eispickel","item":"https:\/\/bolting.eu\/produkt-kategorie\/bergsteiger-ausruestung\/eispickel\/"},{"@type":"ListItem","position":4,"name":"Petzl Ride"}]},{"@type":"WebSite","@id":"https:\/\/bolting.eu\/en\/#website","url":"https:\/\/bolting.eu\/en\/","name":"bolting.eu","description":"we make climbs happen","publisher":{"@id":"https:\/\/bolting.eu\/en\/#organization"},"potentialAction":[{"@type":"SearchAction","target":{"@type":"EntryPoint","urlTemplate":"https:\/\/bolting.eu\/en\/?s={search_term_string}"},"query-input":{"@type":"PropertyValueSpecification","valueRequired":true,"valueName":"search_term_string"}}],"inLanguage":"en-US"},{"@type":["Organization","Place","SportingGoodsStore"],"@id":"https:\/\/bolting.eu\/en\/#organization","name":"bolting.eu","url":"https:\/\/bolting.eu\/en\/","logo":{"@id":"https:\/\/bolting.eu\/en\/shop\/petzl-ride\/#local-main-organization-logo"},"image":{"@id":"https:\/\/bolting.eu\/en\/shop\/petzl-ride\/#local-main-organization-logo"},"sameAs":["https:\/\/www.facebook.com\/bolting.eu","https:\/\/www.instagram.com\/bolting.eu\/"],"address":{"@id":"https:\/\/bolting.eu\/en\/shop\/petzl-ride\/#local-main-place-address"},"geo":{"@type":"GeoCoordinates","latitude":"47.264176340396226","longitude":"11.380109057672346"},"telephone":["+43 699 19083372"],"openingHoursSpecification":[{"@type":"OpeningHoursSpecification","dayOfWeek":["Monday","Wednesday","Friday"],"opens":"14:00","closes":"18:00"},{"@type":"OpeningHoursSpecification","dayOfWeek":["Tuesday","Thursday","Saturday","Sunday"],"opens":"00:00","closes":"00:00"}],"email":"office@bolting.eu","vatID":"ATU59999728","priceRange":"$$","currenciesAccepted":"Euro"},{"@type":"PostalAddress","@id":"https:\/\/bolting.eu\/en\/shop\/petzl-ride\/#local-main-place-address","streetAddress":"Fischnalerstra\u00dfe 4","addressLocality":"Innsbruck","postalCode":"6020","addressRegion":"Tirol","addressCountry":"AT"},{"@type":"ImageObject","inLanguage":"en-US","@id":"https:\/\/bolting.eu\/en\/shop\/petzl-ride\/#local-main-organization-logo","url":"https:\/\/bolting.eu\/wp-content\/uploads\/2019\/09\/bolting-logo.png","contentUrl":"https:\/\/bolting.eu\/wp-content\/uploads\/2019\/09\/bolting-logo.png","width":400,"height":211,"caption":"bolting.eu"}]},"og_video":"https:\/\/player.vimeo.com\/video\/201098171","og_video_type":"text\/html","og_video_duration":"62","og_video_width":"1920","og_video_height":"1080","ya_ovs_adult":"false","ya_ovs_upload_date":"2022-04-06T11:40:11+00:00","ya_ovs_allow_embed":"true","product_price_amount":"110.00","product_price_currency":"EUR","og_availability":"instock","product_availability":"instock","product_retailer_item_id":"U04A 45","product_condition":"new","geo.placename":"Innsbruck","geo.position":{"lat":"47.264176340396226","long":"11.380109057672346"},"geo.region":"Austria"},"_links":{"self":[{"href":"https:\/\/bolting.eu\/en\/wp-json\/wp\/v2\/product\/11662","targetHints":{"allow":["GET"]}}],"collection":[{"href":"https:\/\/bolting.eu\/en\/wp-json\/wp\/v2\/product"}],"about":[{"href":"https:\/\/bolting.eu\/en\/wp-json\/wp\/v2\/types\/product"}],"replies":[{"embeddable":true,"href":"https:\/\/bolting.eu\/en\/wp-json\/wp\/v2\/comments?post=11662"}],"wp:featuredmedia":[{"embeddable":true,"href":"https:\/\/bolting.eu\/en\/wp-json\/wp\/v2\/media\/11668"}],"wp:attachment":[{"href":"https:\/\/bolting.eu\/en\/wp-json\/wp\/v2\/media?parent=11662"}],"wp:term":[{"taxonomy":"product_brand","embeddable":true,"href":"https:\/\/bolting.eu\/en\/wp-json\/wp\/v2\/product_brand?post=11662"},{"taxonomy":"product_cat","embeddable":true,"href":"https:\/\/bolting.eu\/en\/wp-json\/wp\/v2\/product_cat?post=11662"},{"taxonomy":"product_tag","embeddable":true,"href":"https:\/\/bolting.eu\/en\/wp-json\/wp\/v2\/product_tag?post=11662"}],"curies":[{"name":"wp","href":"https:\/\/api.w.org\/{rel}","templated":true}]}}