{"id":11653,"date":"2022-04-06T12:23:27","date_gmt":"2022-04-06T10:23:27","guid":{"rendered":"https:\/\/bolting.eu\/?post_type=product&#038;p=11653"},"modified":"2022-05-08T20:40:08","modified_gmt":"2022-05-08T18:40:08","slug":"camp-horai-klettersteigkarabiner","status":"publish","type":"product","link":"https:\/\/bolting.eu\/en\/shop\/camp-horai-klettersteigkarabiner\/","title":{"rendered":"Camp Horai Klettersteigkarabiner"},"content":{"rendered":"<p>Der Camp Horai <a href=\"https:\/\/bolting.eu\/produkt-kategorie\/kletterausruestung\/kletterkarabiner\/klettersteigkarabiner\/\">Klettersteigkarabiner<\/a> ist ein Modell der neuesten Generation. D.h. er besitzt die typische, flache Bauweise der modernen Handballen Karabiner.<\/p>\n<p>Diese sorgt f\u00fcr ein angenehmes Handling auch f\u00fcr kleine Personen oder Kindern. Zudem bringt die sich verj\u00fcngende Form leichte Vorteile bei der Belastung in Querrichtung.<\/p>\n<p>Die abgerundete Keylock Nase sorgt daf\u00fcr, dass man nirgend h\u00e4ngen bleibt. Abgerundet wird dieses Modell durch die Geometrie, welche die Finger vor dem Zerkratzen am Fels sch\u00fctzt und unbeabsichtigtes \u00d6ffnen bei einem Stur verhindert.<\/p>\n<h2>Eigenschaften Camp Horai Klettersteigkarabiner<\/h2>\n<ul>\n<li>Herstreller: CAMP<\/li>\n<li>Material: Aluminium, Kunststoff<\/li>\n<li>Gewicht: 120 Gramm<\/li>\n<li>Gr\u00f6\u00dfe: 16 x 7,6cm<\/li>\n<li>Schnapper\u00f6ffnung: 27mm<\/li>\n<li>Bruchlasten l\u00e4ngs &#8211; quer &#8211; offen: 28 kN &#8211; 7 kN &#8211; 12 kN<\/li>\n<li>Normen: <a href=\"https:\/\/bolting.eu\/en-362-norm\/\">EN 362<\/a><\/li>\n<li><a href=\"https:\/\/www.camp.it\/prodotti3.aspx?CAT=73&amp;CDV=09&amp;ART=~1806#:~:text=Download%20der%20technischen%20Anleitung\" target=\"_blank\" rel=\"noopener\">Bedienungsanleitung<\/a><\/li>\n<\/ul>\n<h3>Produktvideo<\/h3>\n<p>Im folgenden Video seht ihr, wie dieser Karabiner bedient wird.<\/p>\n<p><iframe loading=\"lazy\" title=\"Mosquet\u00f3n para v\u00edas ferratas &quot;Horai&quot; de Camp - Ferratic\" width=\"1020\" height=\"574\" src=\"https:\/\/www.youtube.com\/embed\/MQz8IqHtYhk?feature=oembed\" frameborder=\"0\" allow=\"accelerometer; autoplay; clipboard-write; encrypted-media; gyroscope; picture-in-picture\" allowfullscreen><\/iframe><\/p>\n<h3>\u00a0Funktionalit\u00e4t steht an 1. Stelle<\/h3>\n<p>Beim Camp Horai Klettersteigkarabiner steht die Funktionalit\u00e4t ganz vorne. Das merkt man in vielerlei Belangen.<\/p>\n<p>Erstens bei der Ergonomie, welche sehr gut ist. Auch kleine H\u00e4nde k\u00f6nnen den Handballenverschluss leicht bedienen. Zweitens kann sich die Nase durch den abgerundeten Keylock Verschluss nicht verhaken. Somit ist leichtes Einh\u00e4ngen garantiert. Das Schlie\u00dfen geht dann ja automatisch wie bei allen Klettersteigkarabinern.<\/p>\n<p>Abschlie\u00dfend gef\u00e4llt uns die R\u00fcckseite. Hier ist der Handballenverschluss tiefer gelegt. D.h. der Handr\u00fccken kann zum einen nicht am Fels zerkratzt werden. Und zum anderen kann sich der Karabiner bei einem Sturz nicht so leicht \u00f6ffnen.<\/p>\n","protected":false},"excerpt":{"rendered":"<p>Extrem robuster Klettersteigkarabiner mit hohen Bruchlasten. Die tolle Ergonomie sorgt f\u00fcr hohe Bedienerfreundlichkeit, auch f\u00fcr kleine H\u00e4nde.<\/p>\n<p>Die R\u00fcckseite ist so gestaltet, dass der Handr\u00fccken vor dem Zerkratzen gesch\u00fctzt wird.<\/p>\n","protected":false},"featured_media":11657,"comment_status":"open","ping_status":"closed","template":"","meta":[],"product_brand":[],"product_cat":[29,44,3010,4653],"product_tag":[],"class_list":{"0":"post-11653","1":"product","2":"type-product","3":"status-publish","4":"has-post-thumbnail","6":"product_cat-kletterausruestung","7":"product_cat-kletterkarabiner","8":"product_cat-klettersteigkarabiner","9":"product_cat-camp-cassin","11":"first","12":"outofstock","13":"taxable","14":"shipping-taxable","15":"purchasable","16":"product-type-simple"},"yoast_head":"<!-- This site is optimized with the Yoast SEO Premium plugin v26.9 (Yoast SEO v26.9) - https:\/\/yoast.com\/product\/yoast-seo-premium-wordpress\/ -->\n<title>Camp Horai Klettersteigkarabiner - mit Handballensicherung | bolting.eu<\/title>\n<meta name=\"description\" content=\"Hier findest Du den CAMP HORAI KLETTERSTEIGKARABINER. Einen modernen Karabiner mit Handballensicherung und toller Funktionalit\u00e4t.\" \/>\n<meta name=\"robots\" content=\"index, follow, max-snippet:-1, max-image-preview:large, max-video-preview:-1\" \/>\n<link rel=\"canonical\" href=\"https:\/\/bolting.eu\/en\/shop\/camp-horai-klettersteigkarabiner\/\" \/>\n<meta property=\"og:locale\" content=\"en_US\" \/>\n<meta property=\"og:type\" content=\"article\" \/>\n<meta property=\"og:title\" content=\"Camp Horai Klettersteigkarabiner\" \/>\n<meta property=\"og:description\" content=\"Hier findest Du den CAMP HORAI KLETTERSTEIGKARABINER. Einen modernen Karabiner mit Handballensicherung und toller Funktionalit\u00e4t.\" \/>\n<meta property=\"og:url\" content=\"https:\/\/bolting.eu\/en\/shop\/camp-horai-klettersteigkarabiner\/\" \/>\n<meta property=\"og:site_name\" content=\"bolting.eu\" \/>\n<meta property=\"article:publisher\" content=\"https:\/\/www.facebook.com\/bolting.eu\" \/>\n<meta property=\"article:modified_time\" content=\"2022-05-08T18:40:08+00:00\" \/>\n<meta property=\"og:image\" content=\"https:\/\/bolting.eu\/wp-content\/uploads\/2022\/04\/Camp-Horai-Klettersteigkarabiner-1.jpg\" \/>\n\t<meta property=\"og:image:width\" content=\"700\" \/>\n\t<meta property=\"og:image:height\" content=\"700\" \/>\n\t<meta property=\"og:image:type\" content=\"image\/jpeg\" \/>\n<meta name=\"twitter:card\" content=\"summary_large_image\" \/>\n<meta name=\"twitter:label1\" content=\"Price\" \/>\n\t<meta name=\"twitter:data1\" content=\"&euro;&nbsp;27,90\" \/>\n\t<meta name=\"twitter:label2\" content=\"Availability\" \/>\n\t<meta name=\"twitter:data2\" content=\"Out of stock\" \/>\n<script type=\"application\/ld+json\" class=\"yoast-schema-graph\">{\"@context\":\"https:\/\/schema.org\",\"@graph\":[{\"@type\":[\"WebPage\",\"ItemPage\"],\"@id\":\"https:\/\/bolting.eu\/en\/shop\/camp-horai-klettersteigkarabiner\/\",\"url\":\"https:\/\/bolting.eu\/en\/shop\/camp-horai-klettersteigkarabiner\/\",\"name\":\"Camp Horai Klettersteigkarabiner - mit Handballensicherung | bolting.eu\",\"isPartOf\":{\"@id\":\"https:\/\/bolting.eu\/en\/#website\"},\"primaryImageOfPage\":{\"@id\":\"https:\/\/bolting.eu\/en\/shop\/camp-horai-klettersteigkarabiner\/#primaryimage\"},\"image\":{\"@id\":\"https:\/\/bolting.eu\/en\/shop\/camp-horai-klettersteigkarabiner\/#primaryimage\"},\"thumbnailUrl\":\"https:\/\/bolting.eu\/wp-content\/uploads\/2022\/04\/Camp-Horai-Klettersteigkarabiner-1.jpg\",\"datePublished\":\"2022-04-06T10:23:27+00:00\",\"dateModified\":\"2022-05-08T18:40:08+00:00\",\"description\":\"Hier findest Du den CAMP HORAI KLETTERSTEIGKARABINER. Einen modernen Karabiner mit Handballensicherung und toller Funktionalit\u00e4t.\",\"breadcrumb\":{\"@id\":\"https:\/\/bolting.eu\/en\/shop\/camp-horai-klettersteigkarabiner\/#breadcrumb\"},\"inLanguage\":\"en-US\",\"potentialAction\":[{\"@type\":\"ReadAction\",\"target\":[\"https:\/\/bolting.eu\/en\/shop\/camp-horai-klettersteigkarabiner\/\"]}]},{\"@type\":\"ImageObject\",\"inLanguage\":\"en-US\",\"@id\":\"https:\/\/bolting.eu\/en\/shop\/camp-horai-klettersteigkarabiner\/#primaryimage\",\"url\":\"https:\/\/bolting.eu\/wp-content\/uploads\/2022\/04\/Camp-Horai-Klettersteigkarabiner-1.jpg\",\"contentUrl\":\"https:\/\/bolting.eu\/wp-content\/uploads\/2022\/04\/Camp-Horai-Klettersteigkarabiner-1.jpg\",\"width\":700,\"height\":700,\"caption\":\"as Bild zeigt den blau - silbernen Camp Horai Klettersteigkarabiner aufrecht in einem wei\u00dfem Quadrat.\"},{\"@type\":\"BreadcrumbList\",\"@id\":\"https:\/\/bolting.eu\/en\/shop\/camp-horai-klettersteigkarabiner\/#breadcrumb\",\"itemListElement\":[{\"@type\":\"ListItem\",\"position\":1,\"name\":\"Shop\",\"item\":\"https:\/\/bolting.eu\/en\/shop\/\"},{\"@type\":\"ListItem\",\"position\":2,\"name\":\"climbing equipment\",\"item\":\"https:\/\/bolting.eu\/en\/produkt-kategorie\/climbing-equipment\/\"},{\"@type\":\"ListItem\",\"position\":3,\"name\":\"Climbing carabiner\",\"item\":\"https:\/\/bolting.eu\/en\/produkt-kategorie\/climbing-carabiner\/\"},{\"@type\":\"ListItem\",\"position\":4,\"name\":\"Klettersteigkarabiner\",\"item\":\"https:\/\/bolting.eu\/produkt-kategorie\/kletterausruestung\/kletterkarabiner\/klettersteigkarabiner\/\"},{\"@type\":\"ListItem\",\"position\":5,\"name\":\"Camp Horai Klettersteigkarabiner\"}]},{\"@type\":\"WebSite\",\"@id\":\"https:\/\/bolting.eu\/en\/#website\",\"url\":\"https:\/\/bolting.eu\/en\/\",\"name\":\"bolting.eu\",\"description\":\"we make climbs happen\",\"publisher\":{\"@id\":\"https:\/\/bolting.eu\/en\/#organization\"},\"potentialAction\":[{\"@type\":\"SearchAction\",\"target\":{\"@type\":\"EntryPoint\",\"urlTemplate\":\"https:\/\/bolting.eu\/en\/?s={search_term_string}\"},\"query-input\":{\"@type\":\"PropertyValueSpecification\",\"valueRequired\":true,\"valueName\":\"search_term_string\"}}],\"inLanguage\":\"en-US\"},{\"@type\":[\"Organization\",\"Place\",\"SportingGoodsStore\"],\"@id\":\"https:\/\/bolting.eu\/en\/#organization\",\"name\":\"bolting.eu\",\"url\":\"https:\/\/bolting.eu\/en\/\",\"logo\":{\"@id\":\"https:\/\/bolting.eu\/en\/shop\/camp-horai-klettersteigkarabiner\/#local-main-organization-logo\"},\"image\":{\"@id\":\"https:\/\/bolting.eu\/en\/shop\/camp-horai-klettersteigkarabiner\/#local-main-organization-logo\"},\"sameAs\":[\"https:\/\/www.facebook.com\/bolting.eu\",\"https:\/\/www.instagram.com\/bolting.eu\/\"],\"address\":{\"@id\":\"https:\/\/bolting.eu\/en\/shop\/camp-horai-klettersteigkarabiner\/#local-main-place-address\"},\"geo\":{\"@type\":\"GeoCoordinates\",\"latitude\":\"47.264176340396226\",\"longitude\":\"11.380109057672346\"},\"telephone\":[\"+43 699 19083372\"],\"openingHoursSpecification\":[{\"@type\":\"OpeningHoursSpecification\",\"dayOfWeek\":[\"Monday\",\"Wednesday\",\"Friday\"],\"opens\":\"14:00\",\"closes\":\"18:00\"},{\"@type\":\"OpeningHoursSpecification\",\"dayOfWeek\":[\"Tuesday\",\"Thursday\",\"Saturday\",\"Sunday\"],\"opens\":\"00:00\",\"closes\":\"00:00\"}],\"email\":\"office@bolting.eu\",\"vatID\":\"ATU59999728\",\"priceRange\":\"$$\",\"currenciesAccepted\":\"Euro\"},{\"@type\":\"PostalAddress\",\"@id\":\"https:\/\/bolting.eu\/en\/shop\/camp-horai-klettersteigkarabiner\/#local-main-place-address\",\"streetAddress\":\"Fischnalerstra\u00dfe 4\",\"addressLocality\":\"Innsbruck\",\"postalCode\":\"6020\",\"addressRegion\":\"Tirol\",\"addressCountry\":\"AT\"},{\"@type\":\"ImageObject\",\"inLanguage\":\"en-US\",\"@id\":\"https:\/\/bolting.eu\/en\/shop\/camp-horai-klettersteigkarabiner\/#local-main-organization-logo\",\"url\":\"https:\/\/bolting.eu\/wp-content\/uploads\/2019\/09\/bolting-logo.png\",\"contentUrl\":\"https:\/\/bolting.eu\/wp-content\/uploads\/2019\/09\/bolting-logo.png\",\"width\":400,\"height\":211,\"caption\":\"bolting.eu\"}]}<\/script>\n<meta property=\"product:price:amount\" content=\"27.90\" \/>\n<meta property=\"product:price:currency\" content=\"EUR\" \/>\n<meta property=\"og:availability\" content=\"out of stock\" \/>\n<meta property=\"product:availability\" content=\"out of stock\" \/>\n<meta property=\"product:retailer_item_id\" content=\"2128\" \/>\n<meta property=\"product:condition\" content=\"new\" \/>\n<meta name=\"geo.placename\" content=\"Innsbruck\" \/>\n<meta name=\"geo.position\" content=\"47.264176340396226;11.380109057672346\" \/>\n<meta name=\"geo.region\" content=\"Austria\" \/>\n<!-- \/ Yoast SEO Premium plugin. -->","yoast_head_json":{"title":"Camp Horai Klettersteigkarabiner - mit Handballensicherung | bolting.eu","description":"Hier findest Du den CAMP HORAI KLETTERSTEIGKARABINER. Einen modernen Karabiner mit Handballensicherung und toller Funktionalit\u00e4t.","robots":{"index":"index","follow":"follow","max-snippet":"max-snippet:-1","max-image-preview":"max-image-preview:large","max-video-preview":"max-video-preview:-1"},"canonical":"https:\/\/bolting.eu\/en\/shop\/camp-horai-klettersteigkarabiner\/","og_locale":"en_US","og_type":"article","og_title":"Camp Horai Klettersteigkarabiner","og_description":"Hier findest Du den CAMP HORAI KLETTERSTEIGKARABINER. Einen modernen Karabiner mit Handballensicherung und toller Funktionalit\u00e4t.","og_url":"https:\/\/bolting.eu\/en\/shop\/camp-horai-klettersteigkarabiner\/","og_site_name":"bolting.eu","article_publisher":"https:\/\/www.facebook.com\/bolting.eu","article_modified_time":"2022-05-08T18:40:08+00:00","og_image":[{"width":700,"height":700,"url":"https:\/\/bolting.eu\/wp-content\/uploads\/2022\/04\/Camp-Horai-Klettersteigkarabiner-1.jpg","type":"image\/jpeg"}],"twitter_card":"summary_large_image","twitter_misc":{"Price":"&euro;&nbsp;27,90","Availability":"Out of stock"},"schema":{"@context":"https:\/\/schema.org","@graph":[{"@type":["WebPage","ItemPage"],"@id":"https:\/\/bolting.eu\/en\/shop\/camp-horai-klettersteigkarabiner\/","url":"https:\/\/bolting.eu\/en\/shop\/camp-horai-klettersteigkarabiner\/","name":"Camp Horai Klettersteigkarabiner - mit Handballensicherung | bolting.eu","isPartOf":{"@id":"https:\/\/bolting.eu\/en\/#website"},"primaryImageOfPage":{"@id":"https:\/\/bolting.eu\/en\/shop\/camp-horai-klettersteigkarabiner\/#primaryimage"},"image":{"@id":"https:\/\/bolting.eu\/en\/shop\/camp-horai-klettersteigkarabiner\/#primaryimage"},"thumbnailUrl":"https:\/\/bolting.eu\/wp-content\/uploads\/2022\/04\/Camp-Horai-Klettersteigkarabiner-1.jpg","datePublished":"2022-04-06T10:23:27+00:00","dateModified":"2022-05-08T18:40:08+00:00","description":"Hier findest Du den CAMP HORAI KLETTERSTEIGKARABINER. Einen modernen Karabiner mit Handballensicherung und toller Funktionalit\u00e4t.","breadcrumb":{"@id":"https:\/\/bolting.eu\/en\/shop\/camp-horai-klettersteigkarabiner\/#breadcrumb"},"inLanguage":"en-US","potentialAction":[{"@type":"ReadAction","target":["https:\/\/bolting.eu\/en\/shop\/camp-horai-klettersteigkarabiner\/"]}]},{"@type":"ImageObject","inLanguage":"en-US","@id":"https:\/\/bolting.eu\/en\/shop\/camp-horai-klettersteigkarabiner\/#primaryimage","url":"https:\/\/bolting.eu\/wp-content\/uploads\/2022\/04\/Camp-Horai-Klettersteigkarabiner-1.jpg","contentUrl":"https:\/\/bolting.eu\/wp-content\/uploads\/2022\/04\/Camp-Horai-Klettersteigkarabiner-1.jpg","width":700,"height":700,"caption":"as Bild zeigt den blau - silbernen Camp Horai Klettersteigkarabiner aufrecht in einem wei\u00dfem Quadrat."},{"@type":"BreadcrumbList","@id":"https:\/\/bolting.eu\/en\/shop\/camp-horai-klettersteigkarabiner\/#breadcrumb","itemListElement":[{"@type":"ListItem","position":1,"name":"Shop","item":"https:\/\/bolting.eu\/en\/shop\/"},{"@type":"ListItem","position":2,"name":"climbing equipment","item":"https:\/\/bolting.eu\/en\/produkt-kategorie\/climbing-equipment\/"},{"@type":"ListItem","position":3,"name":"Climbing carabiner","item":"https:\/\/bolting.eu\/en\/produkt-kategorie\/climbing-carabiner\/"},{"@type":"ListItem","position":4,"name":"Klettersteigkarabiner","item":"https:\/\/bolting.eu\/produkt-kategorie\/kletterausruestung\/kletterkarabiner\/klettersteigkarabiner\/"},{"@type":"ListItem","position":5,"name":"Camp Horai Klettersteigkarabiner"}]},{"@type":"WebSite","@id":"https:\/\/bolting.eu\/en\/#website","url":"https:\/\/bolting.eu\/en\/","name":"bolting.eu","description":"we make climbs happen","publisher":{"@id":"https:\/\/bolting.eu\/en\/#organization"},"potentialAction":[{"@type":"SearchAction","target":{"@type":"EntryPoint","urlTemplate":"https:\/\/bolting.eu\/en\/?s={search_term_string}"},"query-input":{"@type":"PropertyValueSpecification","valueRequired":true,"valueName":"search_term_string"}}],"inLanguage":"en-US"},{"@type":["Organization","Place","SportingGoodsStore"],"@id":"https:\/\/bolting.eu\/en\/#organization","name":"bolting.eu","url":"https:\/\/bolting.eu\/en\/","logo":{"@id":"https:\/\/bolting.eu\/en\/shop\/camp-horai-klettersteigkarabiner\/#local-main-organization-logo"},"image":{"@id":"https:\/\/bolting.eu\/en\/shop\/camp-horai-klettersteigkarabiner\/#local-main-organization-logo"},"sameAs":["https:\/\/www.facebook.com\/bolting.eu","https:\/\/www.instagram.com\/bolting.eu\/"],"address":{"@id":"https:\/\/bolting.eu\/en\/shop\/camp-horai-klettersteigkarabiner\/#local-main-place-address"},"geo":{"@type":"GeoCoordinates","latitude":"47.264176340396226","longitude":"11.380109057672346"},"telephone":["+43 699 19083372"],"openingHoursSpecification":[{"@type":"OpeningHoursSpecification","dayOfWeek":["Monday","Wednesday","Friday"],"opens":"14:00","closes":"18:00"},{"@type":"OpeningHoursSpecification","dayOfWeek":["Tuesday","Thursday","Saturday","Sunday"],"opens":"00:00","closes":"00:00"}],"email":"office@bolting.eu","vatID":"ATU59999728","priceRange":"$$","currenciesAccepted":"Euro"},{"@type":"PostalAddress","@id":"https:\/\/bolting.eu\/en\/shop\/camp-horai-klettersteigkarabiner\/#local-main-place-address","streetAddress":"Fischnalerstra\u00dfe 4","addressLocality":"Innsbruck","postalCode":"6020","addressRegion":"Tirol","addressCountry":"AT"},{"@type":"ImageObject","inLanguage":"en-US","@id":"https:\/\/bolting.eu\/en\/shop\/camp-horai-klettersteigkarabiner\/#local-main-organization-logo","url":"https:\/\/bolting.eu\/wp-content\/uploads\/2019\/09\/bolting-logo.png","contentUrl":"https:\/\/bolting.eu\/wp-content\/uploads\/2019\/09\/bolting-logo.png","width":400,"height":211,"caption":"bolting.eu"}]},"product_price_amount":"27.90","product_price_currency":"EUR","og_availability":"out of stock","product_availability":"out of stock","product_retailer_item_id":"2128","product_condition":"new","geo.placename":"Innsbruck","geo.position":{"lat":"47.264176340396226","long":"11.380109057672346"},"geo.region":"Austria"},"_links":{"self":[{"href":"https:\/\/bolting.eu\/en\/wp-json\/wp\/v2\/product\/11653","targetHints":{"allow":["GET"]}}],"collection":[{"href":"https:\/\/bolting.eu\/en\/wp-json\/wp\/v2\/product"}],"about":[{"href":"https:\/\/bolting.eu\/en\/wp-json\/wp\/v2\/types\/product"}],"replies":[{"embeddable":true,"href":"https:\/\/bolting.eu\/en\/wp-json\/wp\/v2\/comments?post=11653"}],"wp:featuredmedia":[{"embeddable":true,"href":"https:\/\/bolting.eu\/en\/wp-json\/wp\/v2\/media\/11657"}],"wp:attachment":[{"href":"https:\/\/bolting.eu\/en\/wp-json\/wp\/v2\/media?parent=11653"}],"wp:term":[{"taxonomy":"product_brand","embeddable":true,"href":"https:\/\/bolting.eu\/en\/wp-json\/wp\/v2\/product_brand?post=11653"},{"taxonomy":"product_cat","embeddable":true,"href":"https:\/\/bolting.eu\/en\/wp-json\/wp\/v2\/product_cat?post=11653"},{"taxonomy":"product_tag","embeddable":true,"href":"https:\/\/bolting.eu\/en\/wp-json\/wp\/v2\/product_tag?post=11653"}],"curies":[{"name":"wp","href":"https:\/\/api.w.org\/{rel}","templated":true}]}}