{"id":11647,"date":"2022-04-06T11:49:10","date_gmt":"2022-04-06T09:49:10","guid":{"rendered":"https:\/\/bolting.eu\/?post_type=product&#038;p=11647"},"modified":"2025-07-09T17:46:02","modified_gmt":"2025-07-09T15:46:02","slug":"camp-core-belay-lock","status":"publish","type":"product","link":"https:\/\/bolting.eu\/en\/shop\/camp-core-belay-lock\/","title":{"rendered":"Camp Core Belay Lock"},"content":{"rendered":"<p>Der Camp Core Belay Lock ist ein klasse <a href=\"https:\/\/bolting.eu\/produkt-kategorie\/kletterausruestung\/kletterkarabiner\/sicherungskarabiner\/\">Sicherungskarabiner<\/a>. Er ist speziell f\u00fcr Halbautomaten bzw. Tuber mit Einfachseilen gemacht.<\/p>\n<p>Durch seinen kleinen Schnapper im kleinen Scheitel werden gef\u00e4hrliche Querbelastungen vermieden. Der kleine Radius im gro\u00dfen Scheitel sorgt f\u00fcr eine passende Ausrichtung der <a href=\"https:\/\/bolting.eu\/produkt-kategorie\/kletterausruestung\/sicherungsgeraete-klettern\/\">Sicherungsger\u00e4te<\/a>.<\/p>\n<p>Was den Karabiner weiters auszeichnet ist der funktionelle Schraubverschluss sowie der SphereLock Verschluss.<\/p>\n<p>Kurzum. Ein super Modell zum Sichern mit den Standard Ger\u00e4ten f\u00fcr Einfachseile!<\/p>\n<h2>Eigenschaften Camp Core Belay Lock<\/h2>\n<ul>\n<li>Hersteller:\u00a0<a href=\"https:\/\/bolting.eu\/produkt-kategorie\/camp-cassin\/\">CAMP<\/a><\/li>\n<li>Material: Aluminium, Kunststoff<\/li>\n<li>Gewicht: 84 Gramm<\/li>\n<li>Ma\u00dfe: 114 x 77mm<\/li>\n<li>Schnapper\u00f6ffnung: 25mm<\/li>\n<li>Normen:\u00a0<a href=\"https:\/\/bolting.eu\/en-12275-norm\/\">EN 12275<\/a>,\u00a0<a href=\"https:\/\/bolting.eu\/en-362-norm\/\">EN 362<\/a><\/li>\n<li>kleiner Schnapper im Scheitel<\/li>\n<li>verhindert Querbelastungen<\/li>\n<li>ideal f\u00fcr\u00a0<strong>Sichern mit Ger\u00e4ten f\u00fcr Einfachseile<\/strong><\/li>\n<li><a href=\"https:\/\/www.camp.it\/prodotti3.aspx?CAT=73&amp;CDV=09&amp;ART=~2279#:~:text=Download%20der%20technischen%20Anleitung\">Bedienungsanleitung<\/a><\/li>\n<\/ul>\n<h3>Produktvideo<\/h3>\n<p>Im folgenden Video erf\u00e4hrt ihr alles Wissenswerte \u00fcber die neueste Karabiner Palette von Camp. Somit auch \u00fcber den Core Belay Lock.<\/p>\n<p><iframe loading=\"lazy\" title=\"Spotlight: CAMP - Locking Carabiners\" width=\"1020\" height=\"574\" src=\"https:\/\/www.youtube.com\/embed\/9LDwu5VKxOk?feature=oembed\" frameborder=\"0\" allow=\"accelerometer; autoplay; clipboard-write; encrypted-media; gyroscope; picture-in-picture; web-share\" referrerpolicy=\"strict-origin-when-cross-origin\" allowfullscreen><\/iframe><\/p>\n<p>&nbsp;<\/p>\n<h3>Ideal f\u00fcr Sicherungsger\u00e4te mit Einfachseil<\/h3>\n<p>Dieser Karabiner ist ideal f\u00fcr die Verwendung mit Sicherungsger\u00e4ten mit Einfachseil. Denn der breite Schenkel hat einen kleinen Radius. D.h. das Sicherungsger\u00e4t wird automatisch in der L\u00e4ngsrichtung ausgerichtet.<\/p>\n<p>Der kleine Schenkel des Camp Core Belay Lock kann sich ja ohnehin nicht verdrehen, weil der kleine Schnapper den Karabiner fixiert.<\/p>\n<p>Folglich liegt jedes Sicherungsger\u00e4t perfekt im Karabiner. Egal ob <a href=\"https:\/\/bolting.eu\/shop\/petzl-grigri-2\/\">GriGri 2<\/a>\u00a0oder <a href=\"https:\/\/bolting.eu\/shop\/petzl-grigri-plus\/\">GriGri +<\/a> oder ein Tuber mit Bremsunterst\u00fctzung. Dieser Karabiner kann bei fast allen Modellen f\u00fcr Einfachseile perfekt eingesetzt werden.<\/p>\n<p>Beachtet die spezifischen Karabiner f\u00fcr Ger\u00e4te wie das Smart oder Click-Up!<\/p>\n","protected":false},"excerpt":{"rendered":"<p>Sicherungskarabiner mit kleinen Schnapper im Scheitel, damit es zu keinen Querbelastungen kommen kann.<\/p>\n<p>Ideal f\u00fcr alle <strong>Sicherungsger\u00e4te, die f\u00fcr Einfachseile konzipiert sind<\/strong>!<\/p>\n","protected":false},"featured_media":11652,"comment_status":"open","ping_status":"closed","template":"","meta":[],"product_brand":[],"product_cat":[13358,14193,29,44,4653],"product_tag":[],"class_list":{"0":"post-11647","1":"product","2":"type-product","3":"status-publish","4":"has-post-thumbnail","6":"product_cat-hms-karabiner","7":"product_cat-sicherungskarabiner","8":"product_cat-kletterausruestung","9":"product_cat-kletterkarabiner","10":"product_cat-camp-cassin","12":"first","13":"instock","14":"taxable","15":"shipping-taxable","16":"purchasable","17":"product-type-simple"},"yoast_head":"<!-- This site is optimized with the Yoast SEO Premium plugin v26.9 (Yoast SEO v26.9) - https:\/\/yoast.com\/product\/yoast-seo-premium-wordpress\/ -->\n<title>Camp Core Belay Lock - Sicherungskarabiner | bolting.eu<\/title>\n<meta name=\"description\" content=\"Hier findest Du den Camp Core Belay Lock. Einen Sicherungskarabiner speziell f\u00fcr Sicherungsger\u00e4te die mit Einfachseilen funktionieren!\" \/>\n<meta name=\"robots\" content=\"index, follow, max-snippet:-1, max-image-preview:large, max-video-preview:-1\" \/>\n<link rel=\"canonical\" href=\"https:\/\/bolting.eu\/en\/shop\/camp-core-belay-lock\/\" \/>\n<meta property=\"og:locale\" content=\"en_US\" \/>\n<meta property=\"og:type\" content=\"article\" \/>\n<meta property=\"og:title\" content=\"Camp Core Belay Lock\" \/>\n<meta property=\"og:description\" content=\"Hier findest Du den Camp Core Belay Lock. Einen Sicherungskarabiner speziell f\u00fcr Sicherungsger\u00e4te die mit Einfachseilen funktionieren!\" \/>\n<meta property=\"og:url\" content=\"https:\/\/bolting.eu\/en\/shop\/camp-core-belay-lock\/\" \/>\n<meta property=\"og:site_name\" content=\"bolting.eu\" \/>\n<meta property=\"article:publisher\" content=\"https:\/\/www.facebook.com\/bolting.eu\" \/>\n<meta property=\"article:modified_time\" content=\"2025-07-09T15:46:02+00:00\" \/>\n<meta property=\"og:image\" content=\"https:\/\/bolting.eu\/wp-content\/uploads\/2022\/04\/Camp-Core-Belay-Lock-1.jpg\" \/>\n\t<meta property=\"og:image:width\" content=\"700\" \/>\n\t<meta property=\"og:image:height\" content=\"700\" \/>\n\t<meta property=\"og:image:type\" content=\"image\/jpeg\" \/>\n<meta name=\"twitter:card\" content=\"summary_large_image\" \/>\n<meta name=\"twitter:label1\" content=\"Price\" \/>\n\t<meta name=\"twitter:data1\" content=\"&euro;&nbsp;21,50\" \/>\n\t<meta name=\"twitter:label2\" content=\"Availability\" \/>\n\t<meta name=\"twitter:data2\" content=\"In stock\" \/>\n<script type=\"application\/ld+json\" class=\"yoast-schema-graph\">{\"@context\":\"https:\/\/schema.org\",\"@graph\":[{\"@type\":[\"WebPage\",\"ItemPage\"],\"@id\":\"https:\/\/bolting.eu\/en\/shop\/camp-core-belay-lock\/\",\"url\":\"https:\/\/bolting.eu\/en\/shop\/camp-core-belay-lock\/\",\"name\":\"Camp Core Belay Lock - Sicherungskarabiner | bolting.eu\",\"isPartOf\":{\"@id\":\"https:\/\/bolting.eu\/en\/#website\"},\"primaryImageOfPage\":{\"@id\":\"https:\/\/bolting.eu\/en\/shop\/camp-core-belay-lock\/#primaryimage\"},\"image\":{\"@id\":\"https:\/\/bolting.eu\/en\/shop\/camp-core-belay-lock\/#primaryimage\"},\"thumbnailUrl\":\"https:\/\/bolting.eu\/wp-content\/uploads\/2022\/04\/Camp-Core-Belay-Lock-1.jpg\",\"datePublished\":\"2022-04-06T09:49:10+00:00\",\"dateModified\":\"2025-07-09T15:46:02+00:00\",\"description\":\"Hier findest Du den Camp Core Belay Lock. Einen Sicherungskarabiner speziell f\u00fcr Sicherungsger\u00e4te die mit Einfachseilen funktionieren!\",\"breadcrumb\":{\"@id\":\"https:\/\/bolting.eu\/en\/shop\/camp-core-belay-lock\/#breadcrumb\"},\"inLanguage\":\"en-US\",\"potentialAction\":[{\"@type\":\"ReadAction\",\"target\":[\"https:\/\/bolting.eu\/en\/shop\/camp-core-belay-lock\/\"]}]},{\"@type\":\"ImageObject\",\"inLanguage\":\"en-US\",\"@id\":\"https:\/\/bolting.eu\/en\/shop\/camp-core-belay-lock\/#primaryimage\",\"url\":\"https:\/\/bolting.eu\/wp-content\/uploads\/2022\/04\/Camp-Core-Belay-Lock-1.jpg\",\"contentUrl\":\"https:\/\/bolting.eu\/wp-content\/uploads\/2022\/04\/Camp-Core-Belay-Lock-1.jpg\",\"width\":700,\"height\":700,\"caption\":\"Das Bild zeigt den Camp Core Belay Sicherungskarabiner in grau mit orangem Drehverschluss. Der Karabiner steht aufrecht im Bild.\"},{\"@type\":\"BreadcrumbList\",\"@id\":\"https:\/\/bolting.eu\/en\/shop\/camp-core-belay-lock\/#breadcrumb\",\"itemListElement\":[{\"@type\":\"ListItem\",\"position\":1,\"name\":\"Shop\",\"item\":\"https:\/\/bolting.eu\/en\/shop\/\"},{\"@type\":\"ListItem\",\"position\":2,\"name\":\"climbing equipment\",\"item\":\"https:\/\/bolting.eu\/en\/produkt-kategorie\/climbing-equipment\/\"},{\"@type\":\"ListItem\",\"position\":3,\"name\":\"Climbing carabiner\",\"item\":\"https:\/\/bolting.eu\/en\/produkt-kategorie\/climbing-carabiner\/\"},{\"@type\":\"ListItem\",\"position\":4,\"name\":\"Sicherungskarabiner\",\"item\":\"https:\/\/bolting.eu\/produkt-kategorie\/kletterausruestung\/kletterkarabiner\/sicherungskarabiner\/\"},{\"@type\":\"ListItem\",\"position\":5,\"name\":\"Camp Core Belay Lock\"}]},{\"@type\":\"WebSite\",\"@id\":\"https:\/\/bolting.eu\/en\/#website\",\"url\":\"https:\/\/bolting.eu\/en\/\",\"name\":\"bolting.eu\",\"description\":\"we make climbs happen\",\"publisher\":{\"@id\":\"https:\/\/bolting.eu\/en\/#organization\"},\"potentialAction\":[{\"@type\":\"SearchAction\",\"target\":{\"@type\":\"EntryPoint\",\"urlTemplate\":\"https:\/\/bolting.eu\/en\/?s={search_term_string}\"},\"query-input\":{\"@type\":\"PropertyValueSpecification\",\"valueRequired\":true,\"valueName\":\"search_term_string\"}}],\"inLanguage\":\"en-US\"},{\"@type\":[\"Organization\",\"Place\",\"SportingGoodsStore\"],\"@id\":\"https:\/\/bolting.eu\/en\/#organization\",\"name\":\"bolting.eu\",\"url\":\"https:\/\/bolting.eu\/en\/\",\"logo\":{\"@id\":\"https:\/\/bolting.eu\/en\/shop\/camp-core-belay-lock\/#local-main-organization-logo\"},\"image\":{\"@id\":\"https:\/\/bolting.eu\/en\/shop\/camp-core-belay-lock\/#local-main-organization-logo\"},\"sameAs\":[\"https:\/\/www.facebook.com\/bolting.eu\",\"https:\/\/www.instagram.com\/bolting.eu\/\"],\"address\":{\"@id\":\"https:\/\/bolting.eu\/en\/shop\/camp-core-belay-lock\/#local-main-place-address\"},\"geo\":{\"@type\":\"GeoCoordinates\",\"latitude\":\"47.264176340396226\",\"longitude\":\"11.380109057672346\"},\"telephone\":[\"+43 699 19083372\"],\"openingHoursSpecification\":[{\"@type\":\"OpeningHoursSpecification\",\"dayOfWeek\":[\"Monday\",\"Wednesday\",\"Friday\"],\"opens\":\"14:00\",\"closes\":\"18:00\"},{\"@type\":\"OpeningHoursSpecification\",\"dayOfWeek\":[\"Tuesday\",\"Thursday\",\"Saturday\",\"Sunday\"],\"opens\":\"00:00\",\"closes\":\"00:00\"}],\"email\":\"office@bolting.eu\",\"vatID\":\"ATU59999728\",\"priceRange\":\"$$\",\"currenciesAccepted\":\"Euro\"},{\"@type\":\"PostalAddress\",\"@id\":\"https:\/\/bolting.eu\/en\/shop\/camp-core-belay-lock\/#local-main-place-address\",\"streetAddress\":\"Fischnalerstra\u00dfe 4\",\"addressLocality\":\"Innsbruck\",\"postalCode\":\"6020\",\"addressRegion\":\"Tirol\",\"addressCountry\":\"AT\"},{\"@type\":\"ImageObject\",\"inLanguage\":\"en-US\",\"@id\":\"https:\/\/bolting.eu\/en\/shop\/camp-core-belay-lock\/#local-main-organization-logo\",\"url\":\"https:\/\/bolting.eu\/wp-content\/uploads\/2019\/09\/bolting-logo.png\",\"contentUrl\":\"https:\/\/bolting.eu\/wp-content\/uploads\/2019\/09\/bolting-logo.png\",\"width\":400,\"height\":211,\"caption\":\"bolting.eu\"}]}<\/script>\n<meta property=\"og:video\" content=\"https:\/\/www.youtube.com\/embed\/9LDwu5VKxOk\" \/>\n<meta property=\"og:video:type\" content=\"text\/html\" \/>\n<meta property=\"og:video:duration\" content=\"550\" \/>\n<meta property=\"og:video:width\" content=\"480\" \/>\n<meta property=\"og:video:height\" content=\"270\" \/>\n<meta property=\"ya:ovs:adult\" content=\"false\" \/>\n<meta property=\"ya:ovs:upload_date\" content=\"2022-04-06T09:49:10+00:00\" \/>\n<meta property=\"ya:ovs:allow_embed\" content=\"true\" \/>\n<meta property=\"product:price:amount\" content=\"21.50\" \/>\n<meta property=\"product:price:currency\" content=\"EUR\" \/>\n<meta property=\"og:availability\" content=\"instock\" \/>\n<meta property=\"product:availability\" content=\"instock\" \/>\n<meta property=\"product:retailer_item_id\" content=\"2926\" \/>\n<meta property=\"product:condition\" content=\"new\" \/>\n<meta name=\"geo.placename\" content=\"Innsbruck\" \/>\n<meta name=\"geo.position\" content=\"47.264176340396226;11.380109057672346\" \/>\n<meta name=\"geo.region\" content=\"Austria\" \/>\n<!-- \/ Yoast SEO Premium plugin. -->","yoast_head_json":{"title":"Camp Core Belay Lock - Sicherungskarabiner | bolting.eu","description":"Hier findest Du den Camp Core Belay Lock. Einen Sicherungskarabiner speziell f\u00fcr Sicherungsger\u00e4te die mit Einfachseilen funktionieren!","robots":{"index":"index","follow":"follow","max-snippet":"max-snippet:-1","max-image-preview":"max-image-preview:large","max-video-preview":"max-video-preview:-1"},"canonical":"https:\/\/bolting.eu\/en\/shop\/camp-core-belay-lock\/","og_locale":"en_US","og_type":"article","og_title":"Camp Core Belay Lock","og_description":"Hier findest Du den Camp Core Belay Lock. Einen Sicherungskarabiner speziell f\u00fcr Sicherungsger\u00e4te die mit Einfachseilen funktionieren!","og_url":"https:\/\/bolting.eu\/en\/shop\/camp-core-belay-lock\/","og_site_name":"bolting.eu","article_publisher":"https:\/\/www.facebook.com\/bolting.eu","article_modified_time":"2025-07-09T15:46:02+00:00","og_image":[{"width":700,"height":700,"url":"https:\/\/bolting.eu\/wp-content\/uploads\/2022\/04\/Camp-Core-Belay-Lock-1.jpg","type":"image\/jpeg"}],"twitter_card":"summary_large_image","twitter_misc":{"Price":"&euro;&nbsp;21,50","Availability":"In stock"},"schema":{"@context":"https:\/\/schema.org","@graph":[{"@type":["WebPage","ItemPage"],"@id":"https:\/\/bolting.eu\/en\/shop\/camp-core-belay-lock\/","url":"https:\/\/bolting.eu\/en\/shop\/camp-core-belay-lock\/","name":"Camp Core Belay Lock - Sicherungskarabiner | bolting.eu","isPartOf":{"@id":"https:\/\/bolting.eu\/en\/#website"},"primaryImageOfPage":{"@id":"https:\/\/bolting.eu\/en\/shop\/camp-core-belay-lock\/#primaryimage"},"image":{"@id":"https:\/\/bolting.eu\/en\/shop\/camp-core-belay-lock\/#primaryimage"},"thumbnailUrl":"https:\/\/bolting.eu\/wp-content\/uploads\/2022\/04\/Camp-Core-Belay-Lock-1.jpg","datePublished":"2022-04-06T09:49:10+00:00","dateModified":"2025-07-09T15:46:02+00:00","description":"Hier findest Du den Camp Core Belay Lock. Einen Sicherungskarabiner speziell f\u00fcr Sicherungsger\u00e4te die mit Einfachseilen funktionieren!","breadcrumb":{"@id":"https:\/\/bolting.eu\/en\/shop\/camp-core-belay-lock\/#breadcrumb"},"inLanguage":"en-US","potentialAction":[{"@type":"ReadAction","target":["https:\/\/bolting.eu\/en\/shop\/camp-core-belay-lock\/"]}]},{"@type":"ImageObject","inLanguage":"en-US","@id":"https:\/\/bolting.eu\/en\/shop\/camp-core-belay-lock\/#primaryimage","url":"https:\/\/bolting.eu\/wp-content\/uploads\/2022\/04\/Camp-Core-Belay-Lock-1.jpg","contentUrl":"https:\/\/bolting.eu\/wp-content\/uploads\/2022\/04\/Camp-Core-Belay-Lock-1.jpg","width":700,"height":700,"caption":"Das Bild zeigt den Camp Core Belay Sicherungskarabiner in grau mit orangem Drehverschluss. Der Karabiner steht aufrecht im Bild."},{"@type":"BreadcrumbList","@id":"https:\/\/bolting.eu\/en\/shop\/camp-core-belay-lock\/#breadcrumb","itemListElement":[{"@type":"ListItem","position":1,"name":"Shop","item":"https:\/\/bolting.eu\/en\/shop\/"},{"@type":"ListItem","position":2,"name":"climbing equipment","item":"https:\/\/bolting.eu\/en\/produkt-kategorie\/climbing-equipment\/"},{"@type":"ListItem","position":3,"name":"Climbing carabiner","item":"https:\/\/bolting.eu\/en\/produkt-kategorie\/climbing-carabiner\/"},{"@type":"ListItem","position":4,"name":"Sicherungskarabiner","item":"https:\/\/bolting.eu\/produkt-kategorie\/kletterausruestung\/kletterkarabiner\/sicherungskarabiner\/"},{"@type":"ListItem","position":5,"name":"Camp Core Belay Lock"}]},{"@type":"WebSite","@id":"https:\/\/bolting.eu\/en\/#website","url":"https:\/\/bolting.eu\/en\/","name":"bolting.eu","description":"we make climbs happen","publisher":{"@id":"https:\/\/bolting.eu\/en\/#organization"},"potentialAction":[{"@type":"SearchAction","target":{"@type":"EntryPoint","urlTemplate":"https:\/\/bolting.eu\/en\/?s={search_term_string}"},"query-input":{"@type":"PropertyValueSpecification","valueRequired":true,"valueName":"search_term_string"}}],"inLanguage":"en-US"},{"@type":["Organization","Place","SportingGoodsStore"],"@id":"https:\/\/bolting.eu\/en\/#organization","name":"bolting.eu","url":"https:\/\/bolting.eu\/en\/","logo":{"@id":"https:\/\/bolting.eu\/en\/shop\/camp-core-belay-lock\/#local-main-organization-logo"},"image":{"@id":"https:\/\/bolting.eu\/en\/shop\/camp-core-belay-lock\/#local-main-organization-logo"},"sameAs":["https:\/\/www.facebook.com\/bolting.eu","https:\/\/www.instagram.com\/bolting.eu\/"],"address":{"@id":"https:\/\/bolting.eu\/en\/shop\/camp-core-belay-lock\/#local-main-place-address"},"geo":{"@type":"GeoCoordinates","latitude":"47.264176340396226","longitude":"11.380109057672346"},"telephone":["+43 699 19083372"],"openingHoursSpecification":[{"@type":"OpeningHoursSpecification","dayOfWeek":["Monday","Wednesday","Friday"],"opens":"14:00","closes":"18:00"},{"@type":"OpeningHoursSpecification","dayOfWeek":["Tuesday","Thursday","Saturday","Sunday"],"opens":"00:00","closes":"00:00"}],"email":"office@bolting.eu","vatID":"ATU59999728","priceRange":"$$","currenciesAccepted":"Euro"},{"@type":"PostalAddress","@id":"https:\/\/bolting.eu\/en\/shop\/camp-core-belay-lock\/#local-main-place-address","streetAddress":"Fischnalerstra\u00dfe 4","addressLocality":"Innsbruck","postalCode":"6020","addressRegion":"Tirol","addressCountry":"AT"},{"@type":"ImageObject","inLanguage":"en-US","@id":"https:\/\/bolting.eu\/en\/shop\/camp-core-belay-lock\/#local-main-organization-logo","url":"https:\/\/bolting.eu\/wp-content\/uploads\/2019\/09\/bolting-logo.png","contentUrl":"https:\/\/bolting.eu\/wp-content\/uploads\/2019\/09\/bolting-logo.png","width":400,"height":211,"caption":"bolting.eu"}]},"og_video":"https:\/\/www.youtube.com\/embed\/9LDwu5VKxOk","og_video_type":"text\/html","og_video_duration":"550","og_video_width":"480","og_video_height":"270","ya_ovs_adult":"false","ya_ovs_upload_date":"2022-04-06T09:49:10+00:00","ya_ovs_allow_embed":"true","product_price_amount":"21.50","product_price_currency":"EUR","og_availability":"instock","product_availability":"instock","product_retailer_item_id":"2926","product_condition":"new","geo.placename":"Innsbruck","geo.position":{"lat":"47.264176340396226","long":"11.380109057672346"},"geo.region":"Austria"},"_links":{"self":[{"href":"https:\/\/bolting.eu\/en\/wp-json\/wp\/v2\/product\/11647","targetHints":{"allow":["GET"]}}],"collection":[{"href":"https:\/\/bolting.eu\/en\/wp-json\/wp\/v2\/product"}],"about":[{"href":"https:\/\/bolting.eu\/en\/wp-json\/wp\/v2\/types\/product"}],"replies":[{"embeddable":true,"href":"https:\/\/bolting.eu\/en\/wp-json\/wp\/v2\/comments?post=11647"}],"wp:featuredmedia":[{"embeddable":true,"href":"https:\/\/bolting.eu\/en\/wp-json\/wp\/v2\/media\/11652"}],"wp:attachment":[{"href":"https:\/\/bolting.eu\/en\/wp-json\/wp\/v2\/media?parent=11647"}],"wp:term":[{"taxonomy":"product_brand","embeddable":true,"href":"https:\/\/bolting.eu\/en\/wp-json\/wp\/v2\/product_brand?post=11647"},{"taxonomy":"product_cat","embeddable":true,"href":"https:\/\/bolting.eu\/en\/wp-json\/wp\/v2\/product_cat?post=11647"},{"taxonomy":"product_tag","embeddable":true,"href":"https:\/\/bolting.eu\/en\/wp-json\/wp\/v2\/product_tag?post=11647"}],"curies":[{"name":"wp","href":"https:\/\/api.w.org\/{rel}","templated":true}]}}