{"id":11628,"date":"2022-04-05T16:52:02","date_gmt":"2022-04-05T14:52:02","guid":{"rendered":"https:\/\/bolting.eu\/?post_type=product&#038;p=11628"},"modified":"2023-01-28T21:15:40","modified_gmt":"2023-01-28T20:15:40","slug":"edelrid-attila-lite-eispickel","status":"publish","type":"product","link":"https:\/\/bolting.eu\/en\/shop\/edelrid-attila-lite-eispickel\/","title":{"rendered":"Edelrid Attila Lite Eispickel"},"content":{"rendered":"<p>Der Edelrid Attila Lite Eispickel ist ein ultraleichtes Modell f\u00fcr all jene, die auf jedes einzelne Gramm bzw. kleinstes Packma\u00df schauen. Wie z.B. ambitionierte Skitourengeher oder Alpinisten bei schnellen Begehungen.<\/p>\n<p>Hierf\u00fcr wurde der Pickel aus einem leicht gekr\u00fcmmten Aluminium Schaft gefertigt. Darauf sitzt eine bissige Haue aus geh\u00e4rtetem Stahl.<\/p>\n<p>Was dieses Model zudem auszeichnet ist die breite Haue zum Schlagen von Stufen. Des weiteren besitzt der Schaft eine Markierung des Fl\u00e4chenschwerpunktes. Somit kann man einen Toten-Mann sicher und rasch aufbauen.<\/p>\n<p>Abschlie\u00dfend liegt die ergonomisch geformte Haue bei der Kopfst\u00fctz-Technik gut in der Hand.<\/p>\n<p>Wer auf extrem leichtes Material Wert legt, sollte dieses Modell in seiner <a href=\"https:\/\/bolting.eu\/bergsteiger-ausruestung\/\">Bergsteiger Ausr\u00fcstung<\/a> haben!<\/p>\n<p><a href=\"https:\/\/bolting.eu\/wp-content\/uploads\/2022\/04\/Edelrid-Attila-Lite-4.jpg\"><img loading=\"lazy\" decoding=\"async\" class=\"alignnone size-full wp-image-11632\" src=\"https:\/\/bolting.eu\/wp-content\/uploads\/2022\/04\/Edelrid-Attila-Lite-4.jpg\" alt=\"Das Bild zeigt zwei Bergsteiger im Aufsteig im Hochgebirge mit dem blauen Edelrid Attila Lite Eispickel in der Hand.\" width=\"1024\" height=\"683\" srcset=\"https:\/\/bolting.eu\/wp-content\/uploads\/2022\/04\/Edelrid-Attila-Lite-4.jpg 1024w, https:\/\/bolting.eu\/wp-content\/uploads\/2022\/04\/Edelrid-Attila-Lite-4-510x340.jpg 510w, https:\/\/bolting.eu\/wp-content\/uploads\/2022\/04\/Edelrid-Attila-Lite-4-600x400.jpg 600w, https:\/\/bolting.eu\/wp-content\/uploads\/2022\/04\/Edelrid-Attila-Lite-4-768x512.jpg 768w\" sizes=\"auto, (max-width: 1024px) 100vw, 1024px\" \/><\/a><\/p>\n<h2>Eigenschaften Edelrid Attila Lite Eispickel<\/h2>\n<ul>\n<li>Hersteller: <a href=\"https:\/\/bolting.eu\/produkt-kategorie\/edelrid\/\">Edelrid<\/a><\/li>\n<li>Material: Schaft &#8211; Alu, Haue &#8211; geh\u00e4rteter Stahl<\/li>\n<li>L\u00e4nge: 47cm<\/li>\n<li>Gewicht: 420 Gramm<\/li>\n<li>Normen: EN 13089<\/li>\n<li>Markierung Fl\u00e4chenschwerpunkt zum raschen Aufbau des &#8220;Toten Mannes&#8221;<\/li>\n<li>breite Schaufel zum Tritte schlagen<\/li>\n<li>ergonomische Haue zum besseren Angreifen bei Kopfst\u00fctz-Technik<\/li>\n<li><a href=\"https:\/\/avs.edelrid22.de\/images\/attribut\/54540_GAL_Eisger%C3%A4te_ANSICHT.pdf\" target=\"_blank\" rel=\"noopener\">Bedinungsanleitung<\/a><\/li>\n<\/ul>\n<h3>Leicht &amp; klein<\/h3>\n<p>So k\u00f6nnte man die Haupteigenschaften des Edelrid Attila Lite zusammen fassen. Denn dieses Modell ist wirklich etwas f\u00fcr alle, die schnell unterwegs sein wollen und kein zus\u00e4tzlich Gramm extra mitnehmen wollen.<\/p>\n<p>Dabei macht dieser Pickel keine Kompromisse. Er l\u00e4sst sich super im Schnee versenken. Zum einen wegen der guten Ergnomie der Klinge, die klasse in der Hand liegt. Und zum einen wegen des gebogenen Schafts bzw. dem Kunststoffeinsatz an der Spitze. So gleitet der Schnee an der Schaft \u00d6ffnung einfach ab.<\/p>\n<p>Und dank der Stahl Spitze l\u00e4sst sich dieses &#8220;Leichtgewicht&#8221; dennoch gut einschlagen. Top: die Markierung f\u00fcr die Bandschlinge, wenn man einen &#8220;toten Mann&#8221; braucht.<\/p>\n<p><a href=\"https:\/\/bolting.eu\/wp-content\/uploads\/2022\/04\/Edelrid-Attila-Lite-3.jpg\"><img loading=\"lazy\" decoding=\"async\" class=\"alignnone size-full wp-image-11633\" src=\"https:\/\/bolting.eu\/wp-content\/uploads\/2022\/04\/Edelrid-Attila-Lite-3.jpg\" alt=\"Das bild zeigt einen Alpinist an einem verschneiten Grat mit einem Eispickel im Schnee. Dahinter ein BErgpanorama.\" width=\"1024\" height=\"683\" srcset=\"https:\/\/bolting.eu\/wp-content\/uploads\/2022\/04\/Edelrid-Attila-Lite-3.jpg 1024w, https:\/\/bolting.eu\/wp-content\/uploads\/2022\/04\/Edelrid-Attila-Lite-3-510x340.jpg 510w, https:\/\/bolting.eu\/wp-content\/uploads\/2022\/04\/Edelrid-Attila-Lite-3-600x400.jpg 600w, https:\/\/bolting.eu\/wp-content\/uploads\/2022\/04\/Edelrid-Attila-Lite-3-768x512.jpg 768w\" sizes=\"auto, (max-width: 1024px) 100vw, 1024px\" \/><\/a><\/p>\n","protected":false},"excerpt":{"rendered":"<p>Extrem leichter und kleiner Eispickel f\u00fcr Skitouren und schnelle Begehungen. Wer auf geringstes Gewicht Wert legt, ist hier richtig!<\/p>\n<p>Gebogener Alu Schaft, geh\u00e4rtete Stahl Klinge welche ergonomisch geformt ist zeichnen dieses &#8220;Leichtgewicht&#8221; aus.<\/p>\n","protected":false},"featured_media":11635,"comment_status":"open","ping_status":"closed","template":"","meta":[],"product_brand":[],"product_cat":[4655,11054,13938],"product_tag":[],"class_list":{"0":"post-11628","1":"product","2":"type-product","3":"status-publish","4":"has-post-thumbnail","6":"product_cat-edelrid","7":"product_cat-eispickel","8":"product_cat-bergsteiger-ausruestung","10":"first","11":"instock","12":"taxable","13":"shipping-taxable","14":"purchasable","15":"product-type-simple"},"yoast_head":"<!-- This site is optimized with the Yoast SEO Premium plugin v26.9 (Yoast SEO v26.9) - https:\/\/yoast.com\/product\/yoast-seo-premium-wordpress\/ -->\n<title>Edelrid Attila Lite Eispickel - 420 Gramm &amp; kleines Packma\u00df | bolting.eu<\/title>\n<meta name=\"description\" content=\"Hier findest Du den EDELRID ATTILA LITE EISPICKEL. Ein extrem leichtes und kleines Modell f\u00fcr alle, die minimales Gewicht wollen!\" \/>\n<meta name=\"robots\" content=\"index, follow, max-snippet:-1, max-image-preview:large, max-video-preview:-1\" \/>\n<link rel=\"canonical\" href=\"https:\/\/bolting.eu\/en\/shop\/edelrid-attila-lite-eispickel\/\" \/>\n<meta property=\"og:locale\" content=\"en_US\" \/>\n<meta property=\"og:type\" content=\"article\" \/>\n<meta property=\"og:title\" content=\"Edelrid Attila Lite Eispickel\" \/>\n<meta property=\"og:description\" content=\"Hier findest Du den EDELRID ATTILA LITE EISPICKEL. Ein extrem leichtes und kleines Modell f\u00fcr alle, die minimales Gewicht wollen!\" \/>\n<meta property=\"og:url\" content=\"https:\/\/bolting.eu\/en\/shop\/edelrid-attila-lite-eispickel\/\" \/>\n<meta property=\"og:site_name\" content=\"bolting.eu\" \/>\n<meta property=\"article:publisher\" content=\"https:\/\/www.facebook.com\/bolting.eu\" \/>\n<meta property=\"article:modified_time\" content=\"2023-01-28T20:15:40+00:00\" \/>\n<meta property=\"og:image\" content=\"https:\/\/bolting.eu\/wp-content\/uploads\/2022\/04\/delrid-Attila-Lite-1.jpg\" \/>\n\t<meta property=\"og:image:width\" content=\"700\" \/>\n\t<meta property=\"og:image:height\" content=\"700\" \/>\n\t<meta property=\"og:image:type\" content=\"image\/jpeg\" \/>\n<meta name=\"twitter:card\" content=\"summary_large_image\" \/>\n<meta name=\"twitter:label1\" content=\"Price\" \/>\n\t<meta name=\"twitter:data1\" content=\"&euro;&nbsp;80,00\" \/>\n\t<meta name=\"twitter:label2\" content=\"Availability\" \/>\n\t<meta name=\"twitter:data2\" content=\"In stock\" \/>\n<script type=\"application\/ld+json\" class=\"yoast-schema-graph\">{\"@context\":\"https:\/\/schema.org\",\"@graph\":[{\"@type\":[\"WebPage\",\"ItemPage\"],\"@id\":\"https:\/\/bolting.eu\/en\/shop\/edelrid-attila-lite-eispickel\/\",\"url\":\"https:\/\/bolting.eu\/en\/shop\/edelrid-attila-lite-eispickel\/\",\"name\":\"Edelrid Attila Lite Eispickel - 420 Gramm & kleines Packma\u00df | bolting.eu\",\"isPartOf\":{\"@id\":\"https:\/\/bolting.eu\/en\/#website\"},\"primaryImageOfPage\":{\"@id\":\"https:\/\/bolting.eu\/en\/shop\/edelrid-attila-lite-eispickel\/#primaryimage\"},\"image\":{\"@id\":\"https:\/\/bolting.eu\/en\/shop\/edelrid-attila-lite-eispickel\/#primaryimage\"},\"thumbnailUrl\":\"https:\/\/bolting.eu\/wp-content\/uploads\/2022\/04\/delrid-Attila-Lite-1.jpg\",\"datePublished\":\"2022-04-05T14:52:02+00:00\",\"dateModified\":\"2023-01-28T20:15:40+00:00\",\"description\":\"Hier findest Du den EDELRID ATTILA LITE EISPICKEL. Ein extrem leichtes und kleines Modell f\u00fcr alle, die minimales Gewicht wollen!\",\"breadcrumb\":{\"@id\":\"https:\/\/bolting.eu\/en\/shop\/edelrid-attila-lite-eispickel\/#breadcrumb\"},\"inLanguage\":\"en-US\",\"potentialAction\":[{\"@type\":\"ReadAction\",\"target\":[\"https:\/\/bolting.eu\/en\/shop\/edelrid-attila-lite-eispickel\/\"]}]},{\"@type\":\"ImageObject\",\"inLanguage\":\"en-US\",\"@id\":\"https:\/\/bolting.eu\/en\/shop\/edelrid-attila-lite-eispickel\/#primaryimage\",\"url\":\"https:\/\/bolting.eu\/wp-content\/uploads\/2022\/04\/delrid-Attila-Lite-1.jpg\",\"contentUrl\":\"https:\/\/bolting.eu\/wp-content\/uploads\/2022\/04\/delrid-Attila-Lite-1.jpg\",\"width\":700,\"height\":700,\"caption\":\"Das Bild zeigt den Edelrid Attila Lite Eispickel mit blauem Schaft und silberner Haue.\"},{\"@type\":\"BreadcrumbList\",\"@id\":\"https:\/\/bolting.eu\/en\/shop\/edelrid-attila-lite-eispickel\/#breadcrumb\",\"itemListElement\":[{\"@type\":\"ListItem\",\"position\":1,\"name\":\"Shop\",\"item\":\"https:\/\/bolting.eu\/en\/shop\/\"},{\"@type\":\"ListItem\",\"position\":2,\"name\":\"Bergsteiger Ausr\u00fcstung\",\"item\":\"https:\/\/bolting.eu\/produkt-kategorie\/bergsteiger-ausruestung\/\"},{\"@type\":\"ListItem\",\"position\":3,\"name\":\"Eispickel\",\"item\":\"https:\/\/bolting.eu\/produkt-kategorie\/bergsteiger-ausruestung\/eispickel\/\"},{\"@type\":\"ListItem\",\"position\":4,\"name\":\"Edelrid Attila Lite Eispickel\"}]},{\"@type\":\"WebSite\",\"@id\":\"https:\/\/bolting.eu\/en\/#website\",\"url\":\"https:\/\/bolting.eu\/en\/\",\"name\":\"bolting.eu\",\"description\":\"we make climbs happen\",\"publisher\":{\"@id\":\"https:\/\/bolting.eu\/en\/#organization\"},\"potentialAction\":[{\"@type\":\"SearchAction\",\"target\":{\"@type\":\"EntryPoint\",\"urlTemplate\":\"https:\/\/bolting.eu\/en\/?s={search_term_string}\"},\"query-input\":{\"@type\":\"PropertyValueSpecification\",\"valueRequired\":true,\"valueName\":\"search_term_string\"}}],\"inLanguage\":\"en-US\"},{\"@type\":[\"Organization\",\"Place\",\"SportingGoodsStore\"],\"@id\":\"https:\/\/bolting.eu\/en\/#organization\",\"name\":\"bolting.eu\",\"url\":\"https:\/\/bolting.eu\/en\/\",\"logo\":{\"@id\":\"https:\/\/bolting.eu\/en\/shop\/edelrid-attila-lite-eispickel\/#local-main-organization-logo\"},\"image\":{\"@id\":\"https:\/\/bolting.eu\/en\/shop\/edelrid-attila-lite-eispickel\/#local-main-organization-logo\"},\"sameAs\":[\"https:\/\/www.facebook.com\/bolting.eu\",\"https:\/\/www.instagram.com\/bolting.eu\/\"],\"address\":{\"@id\":\"https:\/\/bolting.eu\/en\/shop\/edelrid-attila-lite-eispickel\/#local-main-place-address\"},\"geo\":{\"@type\":\"GeoCoordinates\",\"latitude\":\"47.264176340396226\",\"longitude\":\"11.380109057672346\"},\"telephone\":[\"+43 699 19083372\"],\"openingHoursSpecification\":[{\"@type\":\"OpeningHoursSpecification\",\"dayOfWeek\":[\"Monday\",\"Wednesday\",\"Friday\"],\"opens\":\"14:00\",\"closes\":\"18:00\"},{\"@type\":\"OpeningHoursSpecification\",\"dayOfWeek\":[\"Tuesday\",\"Thursday\",\"Saturday\",\"Sunday\"],\"opens\":\"00:00\",\"closes\":\"00:00\"}],\"email\":\"office@bolting.eu\",\"vatID\":\"ATU59999728\",\"priceRange\":\"$$\",\"currenciesAccepted\":\"Euro\"},{\"@type\":\"PostalAddress\",\"@id\":\"https:\/\/bolting.eu\/en\/shop\/edelrid-attila-lite-eispickel\/#local-main-place-address\",\"streetAddress\":\"Fischnalerstra\u00dfe 4\",\"addressLocality\":\"Innsbruck\",\"postalCode\":\"6020\",\"addressRegion\":\"Tirol\",\"addressCountry\":\"AT\"},{\"@type\":\"ImageObject\",\"inLanguage\":\"en-US\",\"@id\":\"https:\/\/bolting.eu\/en\/shop\/edelrid-attila-lite-eispickel\/#local-main-organization-logo\",\"url\":\"https:\/\/bolting.eu\/wp-content\/uploads\/2019\/09\/bolting-logo.png\",\"contentUrl\":\"https:\/\/bolting.eu\/wp-content\/uploads\/2019\/09\/bolting-logo.png\",\"width\":400,\"height\":211,\"caption\":\"bolting.eu\"}]}<\/script>\n<meta property=\"product:price:amount\" content=\"80.00\" \/>\n<meta property=\"product:price:currency\" content=\"EUR\" \/>\n<meta property=\"og:availability\" content=\"instock\" \/>\n<meta property=\"product:availability\" content=\"instock\" \/>\n<meta property=\"product:retailer_item_id\" content=\"744020453290\" \/>\n<meta property=\"product:condition\" content=\"new\" \/>\n<meta name=\"geo.placename\" content=\"Innsbruck\" \/>\n<meta name=\"geo.position\" content=\"47.264176340396226;11.380109057672346\" \/>\n<meta name=\"geo.region\" content=\"Austria\" \/>\n<!-- \/ Yoast SEO Premium plugin. -->","yoast_head_json":{"title":"Edelrid Attila Lite Eispickel - 420 Gramm & kleines Packma\u00df | bolting.eu","description":"Hier findest Du den EDELRID ATTILA LITE EISPICKEL. Ein extrem leichtes und kleines Modell f\u00fcr alle, die minimales Gewicht wollen!","robots":{"index":"index","follow":"follow","max-snippet":"max-snippet:-1","max-image-preview":"max-image-preview:large","max-video-preview":"max-video-preview:-1"},"canonical":"https:\/\/bolting.eu\/en\/shop\/edelrid-attila-lite-eispickel\/","og_locale":"en_US","og_type":"article","og_title":"Edelrid Attila Lite Eispickel","og_description":"Hier findest Du den EDELRID ATTILA LITE EISPICKEL. Ein extrem leichtes und kleines Modell f\u00fcr alle, die minimales Gewicht wollen!","og_url":"https:\/\/bolting.eu\/en\/shop\/edelrid-attila-lite-eispickel\/","og_site_name":"bolting.eu","article_publisher":"https:\/\/www.facebook.com\/bolting.eu","article_modified_time":"2023-01-28T20:15:40+00:00","og_image":[{"width":700,"height":700,"url":"https:\/\/bolting.eu\/wp-content\/uploads\/2022\/04\/delrid-Attila-Lite-1.jpg","type":"image\/jpeg"}],"twitter_card":"summary_large_image","twitter_misc":{"Price":"&euro;&nbsp;80,00","Availability":"In stock"},"schema":{"@context":"https:\/\/schema.org","@graph":[{"@type":["WebPage","ItemPage"],"@id":"https:\/\/bolting.eu\/en\/shop\/edelrid-attila-lite-eispickel\/","url":"https:\/\/bolting.eu\/en\/shop\/edelrid-attila-lite-eispickel\/","name":"Edelrid Attila Lite Eispickel - 420 Gramm & kleines Packma\u00df | bolting.eu","isPartOf":{"@id":"https:\/\/bolting.eu\/en\/#website"},"primaryImageOfPage":{"@id":"https:\/\/bolting.eu\/en\/shop\/edelrid-attila-lite-eispickel\/#primaryimage"},"image":{"@id":"https:\/\/bolting.eu\/en\/shop\/edelrid-attila-lite-eispickel\/#primaryimage"},"thumbnailUrl":"https:\/\/bolting.eu\/wp-content\/uploads\/2022\/04\/delrid-Attila-Lite-1.jpg","datePublished":"2022-04-05T14:52:02+00:00","dateModified":"2023-01-28T20:15:40+00:00","description":"Hier findest Du den EDELRID ATTILA LITE EISPICKEL. Ein extrem leichtes und kleines Modell f\u00fcr alle, die minimales Gewicht wollen!","breadcrumb":{"@id":"https:\/\/bolting.eu\/en\/shop\/edelrid-attila-lite-eispickel\/#breadcrumb"},"inLanguage":"en-US","potentialAction":[{"@type":"ReadAction","target":["https:\/\/bolting.eu\/en\/shop\/edelrid-attila-lite-eispickel\/"]}]},{"@type":"ImageObject","inLanguage":"en-US","@id":"https:\/\/bolting.eu\/en\/shop\/edelrid-attila-lite-eispickel\/#primaryimage","url":"https:\/\/bolting.eu\/wp-content\/uploads\/2022\/04\/delrid-Attila-Lite-1.jpg","contentUrl":"https:\/\/bolting.eu\/wp-content\/uploads\/2022\/04\/delrid-Attila-Lite-1.jpg","width":700,"height":700,"caption":"Das Bild zeigt den Edelrid Attila Lite Eispickel mit blauem Schaft und silberner Haue."},{"@type":"BreadcrumbList","@id":"https:\/\/bolting.eu\/en\/shop\/edelrid-attila-lite-eispickel\/#breadcrumb","itemListElement":[{"@type":"ListItem","position":1,"name":"Shop","item":"https:\/\/bolting.eu\/en\/shop\/"},{"@type":"ListItem","position":2,"name":"Bergsteiger Ausr\u00fcstung","item":"https:\/\/bolting.eu\/produkt-kategorie\/bergsteiger-ausruestung\/"},{"@type":"ListItem","position":3,"name":"Eispickel","item":"https:\/\/bolting.eu\/produkt-kategorie\/bergsteiger-ausruestung\/eispickel\/"},{"@type":"ListItem","position":4,"name":"Edelrid Attila Lite Eispickel"}]},{"@type":"WebSite","@id":"https:\/\/bolting.eu\/en\/#website","url":"https:\/\/bolting.eu\/en\/","name":"bolting.eu","description":"we make climbs happen","publisher":{"@id":"https:\/\/bolting.eu\/en\/#organization"},"potentialAction":[{"@type":"SearchAction","target":{"@type":"EntryPoint","urlTemplate":"https:\/\/bolting.eu\/en\/?s={search_term_string}"},"query-input":{"@type":"PropertyValueSpecification","valueRequired":true,"valueName":"search_term_string"}}],"inLanguage":"en-US"},{"@type":["Organization","Place","SportingGoodsStore"],"@id":"https:\/\/bolting.eu\/en\/#organization","name":"bolting.eu","url":"https:\/\/bolting.eu\/en\/","logo":{"@id":"https:\/\/bolting.eu\/en\/shop\/edelrid-attila-lite-eispickel\/#local-main-organization-logo"},"image":{"@id":"https:\/\/bolting.eu\/en\/shop\/edelrid-attila-lite-eispickel\/#local-main-organization-logo"},"sameAs":["https:\/\/www.facebook.com\/bolting.eu","https:\/\/www.instagram.com\/bolting.eu\/"],"address":{"@id":"https:\/\/bolting.eu\/en\/shop\/edelrid-attila-lite-eispickel\/#local-main-place-address"},"geo":{"@type":"GeoCoordinates","latitude":"47.264176340396226","longitude":"11.380109057672346"},"telephone":["+43 699 19083372"],"openingHoursSpecification":[{"@type":"OpeningHoursSpecification","dayOfWeek":["Monday","Wednesday","Friday"],"opens":"14:00","closes":"18:00"},{"@type":"OpeningHoursSpecification","dayOfWeek":["Tuesday","Thursday","Saturday","Sunday"],"opens":"00:00","closes":"00:00"}],"email":"office@bolting.eu","vatID":"ATU59999728","priceRange":"$$","currenciesAccepted":"Euro"},{"@type":"PostalAddress","@id":"https:\/\/bolting.eu\/en\/shop\/edelrid-attila-lite-eispickel\/#local-main-place-address","streetAddress":"Fischnalerstra\u00dfe 4","addressLocality":"Innsbruck","postalCode":"6020","addressRegion":"Tirol","addressCountry":"AT"},{"@type":"ImageObject","inLanguage":"en-US","@id":"https:\/\/bolting.eu\/en\/shop\/edelrid-attila-lite-eispickel\/#local-main-organization-logo","url":"https:\/\/bolting.eu\/wp-content\/uploads\/2019\/09\/bolting-logo.png","contentUrl":"https:\/\/bolting.eu\/wp-content\/uploads\/2019\/09\/bolting-logo.png","width":400,"height":211,"caption":"bolting.eu"}]},"product_price_amount":"80.00","product_price_currency":"EUR","og_availability":"instock","product_availability":"instock","product_retailer_item_id":"744020453290","product_condition":"new","geo.placename":"Innsbruck","geo.position":{"lat":"47.264176340396226","long":"11.380109057672346"},"geo.region":"Austria"},"_links":{"self":[{"href":"https:\/\/bolting.eu\/en\/wp-json\/wp\/v2\/product\/11628","targetHints":{"allow":["GET"]}}],"collection":[{"href":"https:\/\/bolting.eu\/en\/wp-json\/wp\/v2\/product"}],"about":[{"href":"https:\/\/bolting.eu\/en\/wp-json\/wp\/v2\/types\/product"}],"replies":[{"embeddable":true,"href":"https:\/\/bolting.eu\/en\/wp-json\/wp\/v2\/comments?post=11628"}],"wp:featuredmedia":[{"embeddable":true,"href":"https:\/\/bolting.eu\/en\/wp-json\/wp\/v2\/media\/11635"}],"wp:attachment":[{"href":"https:\/\/bolting.eu\/en\/wp-json\/wp\/v2\/media?parent=11628"}],"wp:term":[{"taxonomy":"product_brand","embeddable":true,"href":"https:\/\/bolting.eu\/en\/wp-json\/wp\/v2\/product_brand?post=11628"},{"taxonomy":"product_cat","embeddable":true,"href":"https:\/\/bolting.eu\/en\/wp-json\/wp\/v2\/product_cat?post=11628"},{"taxonomy":"product_tag","embeddable":true,"href":"https:\/\/bolting.eu\/en\/wp-json\/wp\/v2\/product_tag?post=11628"}],"curies":[{"name":"wp","href":"https:\/\/api.w.org\/{rel}","templated":true}]}}