{"id":11611,"date":"2022-04-05T12:47:03","date_gmt":"2022-04-05T10:47:03","guid":{"rendered":"https:\/\/bolting.eu\/?post_type=product&#038;p=11611"},"modified":"2025-06-13T16:09:06","modified_gmt":"2025-06-13T14:09:06","slug":"singing-rock-dome-big-wall-gurt","status":"publish","type":"product","link":"https:\/\/bolting.eu\/en\/shop\/singing-rock-dome-big-wall-gurt\/","title":{"rendered":"Singing Rock Dome Big Wall Gurt"},"content":{"rendered":"<p>Der Singing Rock Dome Big Wall Gurt ist ein perfekter <a href=\"https:\/\/bolting.eu\/produkt-kategorie\/kletterausruestung\/klettergurte\/\">Klettergurt<\/a> f\u00fcr alle, die lange in der Wand h\u00e4ngen. Das ist zum einen &#8211; nomen est omen &#8211; nat\u00fcrlich beim Big Wall Klettern der Fall.<\/p>\n<p>Zum anderen ist er aber auch perfekt f\u00fcr H\u00f6henarbeiten und T\u00e4tigkeiten wie z.B. <a href=\"https:\/\/bolting.eu\/kletterroute-einbohren\/\">Kletterroute einbohren<\/a> oder <a href=\"https:\/\/bolting.eu\/klettersteigbau\/\">Klettersteigbau<\/a>.<\/p>\n<p>Dieses Modell ist folglich mit allen Features ausgestattet, welche man sich f\u00fcr ein bequemes Tragen w\u00fcnscht. Beachte hierf\u00fcr die Produktbeschreibung bzw. das Produktvideo.<\/p>\n<h2>Eigenschaften Singing Rock Dome Big Wall Gurt<\/h2>\n<ul>\n<li>Hersteller: Singing Rock<\/li>\n<li>Materialien: Polyamid, div. Schaumstoffe, Aluminium<\/li>\n<li>Gewicht: 560 Gramm (Gr\u00f6\u00dfe S\/M\/L) und 575 Gramm (Gr\u00f6\u00dfe XL)<\/li>\n<li>3 Gr\u00f6\u00dfen: S, M &#8211; L und XL<\/li>\n<li>super komfortabel durch perfekte Ausstattung<\/li>\n<li>widerstandsf\u00e4hige Materialien<\/li>\n<li>ergonomische Polsterung f\u00fcr h\u00f6chsten Komfort<\/li>\n<li>2 Verstellschnallen zum Zentrieren des Gurtes<\/li>\n<li>Beinschlaufen verstellbar<\/li>\n<li>2 Sicherungsschlaufen<\/li>\n<li>Anseilschlaufen extra verst\u00e4rkt<\/li>\n<li>7 Metarielschlaufen<\/li>\n<li>r\u00fcckw\u00e4rtige Schlaufen 50kg belastbar<\/li>\n<li>2 Schlitze f\u00fcr Zusatzkarabiner &#8220;Porter&#8221;<\/li>\n<li>Beinschlaufen r\u00fcckseitig abnehmbar f\u00fcr Toilettengang<\/li>\n<li><a href=\"https:\/\/www.singingrock.com\/data\/downloads\/pdf1\/IOU_16S97022716_DOME.pdf\" target=\"_blank\" rel=\"noopener\">Bedienungsanleitung<\/a><\/li>\n<\/ul>\n<h3>Gr\u00f6\u00dfentabelle<\/h3>\n<p>Die folgende Gr\u00f6\u00dfentabelle des Singing Rock Dome soll euch helfen, die passende Dimension f\u00fcr euch zu finden. Praktisch dabei ist, das die Uni Gr\u00f6\u00dfe M-L einen gro\u00dfen Bereich abdeckt. Nur sehr gro\u00dfe Kletterer brauchen den XL Gurt bzw. sehr kleine den S.<\/p>\n<table style=\"height: 140px;\" width=\"463\">\n<tbody>\n<tr>\n<td style=\"text-align: center;\" colspan=\"3\" width=\"261\"><strong>Dimensionen<\/strong><\/td>\n<\/tr>\n<tr>\n<td style=\"text-align: center;\"><strong>Gr\u00f6\u00dfe<\/strong><\/td>\n<td style=\"text-align: center;\"><strong>H\u00fcftschlaufe (A)<\/strong><\/td>\n<td style=\"text-align: center;\"><strong>Beinschlaufen (B)<\/strong><\/td>\n<\/tr>\n<tr>\n<td style=\"text-align: center;\">S<\/td>\n<td style=\"text-align: center;\">65 &#8211; 80cm<\/td>\n<td style=\"text-align: center;\">50 &#8211; 59cm<\/td>\n<\/tr>\n<tr>\n<td style=\"text-align: center;\">M-L<\/td>\n<td style=\"text-align: center;\">75 &#8211; 90cm<\/td>\n<td style=\"text-align: center;\">55 &#8211; 64cm<\/td>\n<\/tr>\n<tr>\n<td style=\"text-align: center;\">XL<\/td>\n<td style=\"text-align: center;\">85 &#8211; 100cm<\/td>\n<td style=\"text-align: center;\">60 &#8211; 69cm<\/td>\n<\/tr>\n<\/tbody>\n<\/table>\n<h3>\u00a0<a href=\"https:\/\/bolting.eu\/wp-content\/uploads\/2022\/04\/Groessenchart-Singing-Rock-Klettergurte.jpg\"><img loading=\"lazy\" decoding=\"async\" class=\"alignnone size-full wp-image-15958\" src=\"https:\/\/bolting.eu\/wp-content\/uploads\/2022\/04\/Groessenchart-Singing-Rock-Klettergurte.jpg\" alt=\"DAs Bild zeigt eine Tabelle zu den Gr\u00f6\u00dfen von Singing Rock Klettergurten.\" width=\"1024\" height=\"343\" srcset=\"https:\/\/bolting.eu\/wp-content\/uploads\/2022\/04\/Groessenchart-Singing-Rock-Klettergurte.jpg 1024w, https:\/\/bolting.eu\/wp-content\/uploads\/2022\/04\/Groessenchart-Singing-Rock-Klettergurte-800x268.jpg 800w, https:\/\/bolting.eu\/wp-content\/uploads\/2022\/04\/Groessenchart-Singing-Rock-Klettergurte-768x257.jpg 768w, https:\/\/bolting.eu\/wp-content\/uploads\/2022\/04\/Groessenchart-Singing-Rock-Klettergurte-510x171.jpg 510w, https:\/\/bolting.eu\/wp-content\/uploads\/2022\/04\/Groessenchart-Singing-Rock-Klettergurte-100x33.jpg 100w\" sizes=\"auto, (max-width: 1024px) 100vw, 1024px\" \/><\/a><\/h3>\n<h3>Produktvideo<\/h3>\n<p>Im Folgenden Video bekommt ihr einen genauen Eindruck dieses Klettergurtes.<\/p>\n<p><iframe loading=\"lazy\" title=\"Built For The Big-Wall - Singing Rock Dome Harness | Sneak Peek 2022\" width=\"1020\" height=\"574\" src=\"https:\/\/www.youtube.com\/embed\/u5TMz8gcUes?feature=oembed\" frameborder=\"0\" allow=\"accelerometer; autoplay; clipboard-write; encrypted-media; gyroscope; picture-in-picture; web-share\" referrerpolicy=\"strict-origin-when-cross-origin\" allowfullscreen><\/iframe><\/p>\n<h3>Tolles Preis-Leistungsverh\u00e4ltnis beim Singing Rock Dome<\/h3>\n<p>Wie so ziemlich alle Singing Rock Produkte, bietet auch dieser Gurt ein sehr gutes Preis-Leistungsverh\u00e4ltnis.<\/p>\n<p>W\u00e4hrend viele Big Wall Klettergurte weit jenseits der \u20ac 100,- liegen, ist dieses Modell genau an dieser Grenze zu haben. Ein wirklich cooler Deal wenn ihr uns fragt!<\/p>\n<p>Insbesonders, wenn man die vielen aufwendigen Details mit in Betracht zieht. Kurzum. Hier bekommt man wirklich ordentlich viel Gurt f\u00fcr sein Geld!<\/p>\n","protected":false},"excerpt":{"rendered":"<p>Ein aufwendig gestalteter, super komfortabler Big Wall Klettergurt. Aus unserer Sicht ein einmaliges Preis &#8211; Leistungsverh\u00e4ltnis und unbedingte Empfehlung.<\/p>\n<p>Auch sehr beliebt bei Erschlie\u00dfern, H\u00f6henarbeitern und Klettersteigbauern, weil man den ganzen Tag bequem im Gurt h\u00e4ngen kann.<\/p>\n<p>Versandkostenfrei bis 2kg in <img decoding=\"async\" class=\"emoji\" role=\"img\" draggable=\"false\" src=\"https:\/\/s.w.org\/images\/core\/emoji\/14.0.0\/svg\/1f1e6-1f1f9.svg\" alt=\"\ud83c\udde6\ud83c\uddf9\" \/> ab \u20ac 100,- und <img decoding=\"async\" class=\"emoji\" role=\"img\" draggable=\"false\" src=\"https:\/\/s.w.org\/images\/core\/emoji\/14.0.0\/svg\/1f1e9-1f1ea.svg\" alt=\"\ud83c\udde9\ud83c\uddea\" \/> ab \u20ac 200,-!<\/p>\n","protected":false},"featured_media":11616,"comment_status":"open","ping_status":"closed","template":"","meta":[],"product_brand":[],"product_cat":[29,31,14060,6359,12141],"product_tag":[],"class_list":{"0":"post-11611","1":"product","2":"type-product","3":"status-publish","4":"has-post-thumbnail","6":"product_cat-kletterausruestung","7":"product_cat-big-wall-ausruestung","8":"product_cat-klettergurt-xxl","9":"product_cat-klettergurte","10":"product_cat-singing-rock","12":"first","13":"instock","14":"sale","15":"taxable","16":"shipping-taxable","17":"purchasable","18":"product-type-variable"},"yoast_head":"<!-- This site is optimized with the Yoast SEO Premium plugin v26.9 (Yoast SEO v26.9) - https:\/\/yoast.com\/product\/yoast-seo-premium-wordpress\/ -->\n<title>Singing Rock Dome Big Wall Gurt Gr. S\/M\/L und XL | bolting.eu<\/title>\n<meta name=\"description\" content=\"Hier findest Du den SINGING ROCK DOME BIG WALL KLETTERGURT. Ein super komfortabler Gurt in zwei Gr\u00f6\u00dfen: S\/M\/L und XL. Auch f\u00fcr H\u00f6henarbeiten!\" \/>\n<meta name=\"robots\" content=\"index, follow, max-snippet:-1, max-image-preview:large, max-video-preview:-1\" \/>\n<link rel=\"canonical\" href=\"https:\/\/bolting.eu\/en\/shop\/singing-rock-dome-big-wall-gurt\/\" \/>\n<meta property=\"og:locale\" content=\"en_US\" \/>\n<meta property=\"og:type\" content=\"article\" \/>\n<meta property=\"og:title\" content=\"Singing Rock Dome Big Wall Gurt\" \/>\n<meta property=\"og:description\" content=\"Hier findest Du den SINGING ROCK DOME BIG WALL KLETTERGURT. Ein super komfortabler Gurt in zwei Gr\u00f6\u00dfen: S\/M\/L und XL. Auch f\u00fcr H\u00f6henarbeiten!\" \/>\n<meta property=\"og:url\" content=\"https:\/\/bolting.eu\/en\/shop\/singing-rock-dome-big-wall-gurt\/\" \/>\n<meta property=\"og:site_name\" content=\"bolting.eu\" \/>\n<meta property=\"article:publisher\" content=\"https:\/\/www.facebook.com\/bolting.eu\" \/>\n<meta property=\"article:modified_time\" content=\"2025-06-13T14:09:06+00:00\" \/>\n<meta property=\"og:image\" content=\"https:\/\/bolting.eu\/wp-content\/uploads\/2022\/04\/Singing-Rock-Dome-Big-Wall-Gurt-1.jpg\" \/>\n\t<meta property=\"og:image:width\" content=\"700\" \/>\n\t<meta property=\"og:image:height\" content=\"700\" \/>\n\t<meta property=\"og:image:type\" content=\"image\/jpeg\" \/>\n<meta name=\"twitter:card\" content=\"summary_large_image\" \/>\n<meta name=\"twitter:label1\" content=\"Availability\" \/>\n\t<meta name=\"twitter:data1\" content=\"In stock\" \/>\n<script type=\"application\/ld+json\" class=\"yoast-schema-graph\">{\"@context\":\"https:\/\/schema.org\",\"@graph\":[{\"@type\":[\"WebPage\",\"ItemPage\"],\"@id\":\"https:\/\/bolting.eu\/en\/shop\/singing-rock-dome-big-wall-gurt\/\",\"url\":\"https:\/\/bolting.eu\/en\/shop\/singing-rock-dome-big-wall-gurt\/\",\"name\":\"Singing Rock Dome Big Wall Gurt Gr. S\/M\/L und XL | bolting.eu\",\"isPartOf\":{\"@id\":\"https:\/\/bolting.eu\/en\/#website\"},\"primaryImageOfPage\":{\"@id\":\"https:\/\/bolting.eu\/en\/shop\/singing-rock-dome-big-wall-gurt\/#primaryimage\"},\"image\":{\"@id\":\"https:\/\/bolting.eu\/en\/shop\/singing-rock-dome-big-wall-gurt\/#primaryimage\"},\"thumbnailUrl\":\"https:\/\/bolting.eu\/wp-content\/uploads\/2022\/04\/Singing-Rock-Dome-Big-Wall-Gurt-1.jpg\",\"datePublished\":\"2022-04-05T10:47:03+00:00\",\"dateModified\":\"2025-06-13T14:09:06+00:00\",\"description\":\"Hier findest Du den SINGING ROCK DOME BIG WALL KLETTERGURT. Ein super komfortabler Gurt in zwei Gr\u00f6\u00dfen: S\/M\/L und XL. Auch f\u00fcr H\u00f6henarbeiten!\",\"breadcrumb\":{\"@id\":\"https:\/\/bolting.eu\/en\/shop\/singing-rock-dome-big-wall-gurt\/#breadcrumb\"},\"inLanguage\":\"en-US\",\"potentialAction\":[{\"@type\":\"ReadAction\",\"target\":[\"https:\/\/bolting.eu\/en\/shop\/singing-rock-dome-big-wall-gurt\/\"]}]},{\"@type\":\"ImageObject\",\"inLanguage\":\"en-US\",\"@id\":\"https:\/\/bolting.eu\/en\/shop\/singing-rock-dome-big-wall-gurt\/#primaryimage\",\"url\":\"https:\/\/bolting.eu\/wp-content\/uploads\/2022\/04\/Singing-Rock-Dome-Big-Wall-Gurt-1.jpg\",\"contentUrl\":\"https:\/\/bolting.eu\/wp-content\/uploads\/2022\/04\/Singing-Rock-Dome-Big-Wall-Gurt-1.jpg\",\"width\":700,\"height\":700,\"caption\":\"Das Bild zeigt den schwarz-blauen Singing Rock Dome Big Wall Klettergurt von vorne auf einem wei\u00dfem Hintergrund.\"},{\"@type\":\"BreadcrumbList\",\"@id\":\"https:\/\/bolting.eu\/en\/shop\/singing-rock-dome-big-wall-gurt\/#breadcrumb\",\"itemListElement\":[{\"@type\":\"ListItem\",\"position\":1,\"name\":\"Shop\",\"item\":\"https:\/\/bolting.eu\/en\/shop\/\"},{\"@type\":\"ListItem\",\"position\":2,\"name\":\"climbing equipment\",\"item\":\"https:\/\/bolting.eu\/en\/produkt-kategorie\/climbing-equipment\/\"},{\"@type\":\"ListItem\",\"position\":3,\"name\":\"Klettergurte\",\"item\":\"https:\/\/bolting.eu\/produkt-kategorie\/kletterausruestung\/klettergurte\/\"},{\"@type\":\"ListItem\",\"position\":4,\"name\":\"Singing Rock Dome Big Wall Gurt\"}]},{\"@type\":\"WebSite\",\"@id\":\"https:\/\/bolting.eu\/en\/#website\",\"url\":\"https:\/\/bolting.eu\/en\/\",\"name\":\"bolting.eu\",\"description\":\"we make climbs happen\",\"publisher\":{\"@id\":\"https:\/\/bolting.eu\/en\/#organization\"},\"potentialAction\":[{\"@type\":\"SearchAction\",\"target\":{\"@type\":\"EntryPoint\",\"urlTemplate\":\"https:\/\/bolting.eu\/en\/?s={search_term_string}\"},\"query-input\":{\"@type\":\"PropertyValueSpecification\",\"valueRequired\":true,\"valueName\":\"search_term_string\"}}],\"inLanguage\":\"en-US\"},{\"@type\":[\"Organization\",\"Place\",\"SportingGoodsStore\"],\"@id\":\"https:\/\/bolting.eu\/en\/#organization\",\"name\":\"bolting.eu\",\"url\":\"https:\/\/bolting.eu\/en\/\",\"logo\":{\"@id\":\"https:\/\/bolting.eu\/en\/shop\/singing-rock-dome-big-wall-gurt\/#local-main-organization-logo\"},\"image\":{\"@id\":\"https:\/\/bolting.eu\/en\/shop\/singing-rock-dome-big-wall-gurt\/#local-main-organization-logo\"},\"sameAs\":[\"https:\/\/www.facebook.com\/bolting.eu\",\"https:\/\/www.instagram.com\/bolting.eu\/\"],\"address\":{\"@id\":\"https:\/\/bolting.eu\/en\/shop\/singing-rock-dome-big-wall-gurt\/#local-main-place-address\"},\"geo\":{\"@type\":\"GeoCoordinates\",\"latitude\":\"47.264176340396226\",\"longitude\":\"11.380109057672346\"},\"telephone\":[\"+43 699 19083372\"],\"openingHoursSpecification\":[{\"@type\":\"OpeningHoursSpecification\",\"dayOfWeek\":[\"Monday\",\"Wednesday\",\"Friday\"],\"opens\":\"14:00\",\"closes\":\"18:00\"},{\"@type\":\"OpeningHoursSpecification\",\"dayOfWeek\":[\"Tuesday\",\"Thursday\",\"Saturday\",\"Sunday\"],\"opens\":\"00:00\",\"closes\":\"00:00\"}],\"email\":\"office@bolting.eu\",\"vatID\":\"ATU59999728\",\"priceRange\":\"$$\",\"currenciesAccepted\":\"Euro\"},{\"@type\":\"PostalAddress\",\"@id\":\"https:\/\/bolting.eu\/en\/shop\/singing-rock-dome-big-wall-gurt\/#local-main-place-address\",\"streetAddress\":\"Fischnalerstra\u00dfe 4\",\"addressLocality\":\"Innsbruck\",\"postalCode\":\"6020\",\"addressRegion\":\"Tirol\",\"addressCountry\":\"AT\"},{\"@type\":\"ImageObject\",\"inLanguage\":\"en-US\",\"@id\":\"https:\/\/bolting.eu\/en\/shop\/singing-rock-dome-big-wall-gurt\/#local-main-organization-logo\",\"url\":\"https:\/\/bolting.eu\/wp-content\/uploads\/2019\/09\/bolting-logo.png\",\"contentUrl\":\"https:\/\/bolting.eu\/wp-content\/uploads\/2019\/09\/bolting-logo.png\",\"width\":400,\"height\":211,\"caption\":\"bolting.eu\"}]}<\/script>\n<meta property=\"og:video\" content=\"https:\/\/www.youtube.com\/embed\/u5TMz8gcUes\" \/>\n<meta property=\"og:video:type\" content=\"text\/html\" \/>\n<meta property=\"og:video:duration\" content=\"103\" \/>\n<meta property=\"og:video:width\" content=\"480\" \/>\n<meta property=\"og:video:height\" content=\"270\" \/>\n<meta property=\"ya:ovs:adult\" content=\"false\" \/>\n<meta property=\"ya:ovs:upload_date\" content=\"2022-04-05T10:47:03+00:00\" \/>\n<meta property=\"ya:ovs:allow_embed\" content=\"true\" \/>\n<meta property=\"og:availability\" content=\"instock\" \/>\n<meta property=\"product:availability\" content=\"instock\" \/>\n<meta property=\"product:condition\" content=\"new\" \/>\n<meta name=\"geo.placename\" content=\"Innsbruck\" \/>\n<meta name=\"geo.position\" content=\"47.264176340396226;11.380109057672346\" \/>\n<meta name=\"geo.region\" content=\"Austria\" \/>\n<!-- \/ Yoast SEO Premium plugin. -->","yoast_head_json":{"title":"Singing Rock Dome Big Wall Gurt Gr. S\/M\/L und XL | bolting.eu","description":"Hier findest Du den SINGING ROCK DOME BIG WALL KLETTERGURT. Ein super komfortabler Gurt in zwei Gr\u00f6\u00dfen: S\/M\/L und XL. Auch f\u00fcr H\u00f6henarbeiten!","robots":{"index":"index","follow":"follow","max-snippet":"max-snippet:-1","max-image-preview":"max-image-preview:large","max-video-preview":"max-video-preview:-1"},"canonical":"https:\/\/bolting.eu\/en\/shop\/singing-rock-dome-big-wall-gurt\/","og_locale":"en_US","og_type":"article","og_title":"Singing Rock Dome Big Wall Gurt","og_description":"Hier findest Du den SINGING ROCK DOME BIG WALL KLETTERGURT. Ein super komfortabler Gurt in zwei Gr\u00f6\u00dfen: S\/M\/L und XL. Auch f\u00fcr H\u00f6henarbeiten!","og_url":"https:\/\/bolting.eu\/en\/shop\/singing-rock-dome-big-wall-gurt\/","og_site_name":"bolting.eu","article_publisher":"https:\/\/www.facebook.com\/bolting.eu","article_modified_time":"2025-06-13T14:09:06+00:00","og_image":[{"width":700,"height":700,"url":"https:\/\/bolting.eu\/wp-content\/uploads\/2022\/04\/Singing-Rock-Dome-Big-Wall-Gurt-1.jpg","type":"image\/jpeg"}],"twitter_card":"summary_large_image","twitter_misc":{"Availability":"In stock"},"schema":{"@context":"https:\/\/schema.org","@graph":[{"@type":["WebPage","ItemPage"],"@id":"https:\/\/bolting.eu\/en\/shop\/singing-rock-dome-big-wall-gurt\/","url":"https:\/\/bolting.eu\/en\/shop\/singing-rock-dome-big-wall-gurt\/","name":"Singing Rock Dome Big Wall Gurt Gr. S\/M\/L und XL | bolting.eu","isPartOf":{"@id":"https:\/\/bolting.eu\/en\/#website"},"primaryImageOfPage":{"@id":"https:\/\/bolting.eu\/en\/shop\/singing-rock-dome-big-wall-gurt\/#primaryimage"},"image":{"@id":"https:\/\/bolting.eu\/en\/shop\/singing-rock-dome-big-wall-gurt\/#primaryimage"},"thumbnailUrl":"https:\/\/bolting.eu\/wp-content\/uploads\/2022\/04\/Singing-Rock-Dome-Big-Wall-Gurt-1.jpg","datePublished":"2022-04-05T10:47:03+00:00","dateModified":"2025-06-13T14:09:06+00:00","description":"Hier findest Du den SINGING ROCK DOME BIG WALL KLETTERGURT. Ein super komfortabler Gurt in zwei Gr\u00f6\u00dfen: S\/M\/L und XL. Auch f\u00fcr H\u00f6henarbeiten!","breadcrumb":{"@id":"https:\/\/bolting.eu\/en\/shop\/singing-rock-dome-big-wall-gurt\/#breadcrumb"},"inLanguage":"en-US","potentialAction":[{"@type":"ReadAction","target":["https:\/\/bolting.eu\/en\/shop\/singing-rock-dome-big-wall-gurt\/"]}]},{"@type":"ImageObject","inLanguage":"en-US","@id":"https:\/\/bolting.eu\/en\/shop\/singing-rock-dome-big-wall-gurt\/#primaryimage","url":"https:\/\/bolting.eu\/wp-content\/uploads\/2022\/04\/Singing-Rock-Dome-Big-Wall-Gurt-1.jpg","contentUrl":"https:\/\/bolting.eu\/wp-content\/uploads\/2022\/04\/Singing-Rock-Dome-Big-Wall-Gurt-1.jpg","width":700,"height":700,"caption":"Das Bild zeigt den schwarz-blauen Singing Rock Dome Big Wall Klettergurt von vorne auf einem wei\u00dfem Hintergrund."},{"@type":"BreadcrumbList","@id":"https:\/\/bolting.eu\/en\/shop\/singing-rock-dome-big-wall-gurt\/#breadcrumb","itemListElement":[{"@type":"ListItem","position":1,"name":"Shop","item":"https:\/\/bolting.eu\/en\/shop\/"},{"@type":"ListItem","position":2,"name":"climbing equipment","item":"https:\/\/bolting.eu\/en\/produkt-kategorie\/climbing-equipment\/"},{"@type":"ListItem","position":3,"name":"Klettergurte","item":"https:\/\/bolting.eu\/produkt-kategorie\/kletterausruestung\/klettergurte\/"},{"@type":"ListItem","position":4,"name":"Singing Rock Dome Big Wall Gurt"}]},{"@type":"WebSite","@id":"https:\/\/bolting.eu\/en\/#website","url":"https:\/\/bolting.eu\/en\/","name":"bolting.eu","description":"we make climbs happen","publisher":{"@id":"https:\/\/bolting.eu\/en\/#organization"},"potentialAction":[{"@type":"SearchAction","target":{"@type":"EntryPoint","urlTemplate":"https:\/\/bolting.eu\/en\/?s={search_term_string}"},"query-input":{"@type":"PropertyValueSpecification","valueRequired":true,"valueName":"search_term_string"}}],"inLanguage":"en-US"},{"@type":["Organization","Place","SportingGoodsStore"],"@id":"https:\/\/bolting.eu\/en\/#organization","name":"bolting.eu","url":"https:\/\/bolting.eu\/en\/","logo":{"@id":"https:\/\/bolting.eu\/en\/shop\/singing-rock-dome-big-wall-gurt\/#local-main-organization-logo"},"image":{"@id":"https:\/\/bolting.eu\/en\/shop\/singing-rock-dome-big-wall-gurt\/#local-main-organization-logo"},"sameAs":["https:\/\/www.facebook.com\/bolting.eu","https:\/\/www.instagram.com\/bolting.eu\/"],"address":{"@id":"https:\/\/bolting.eu\/en\/shop\/singing-rock-dome-big-wall-gurt\/#local-main-place-address"},"geo":{"@type":"GeoCoordinates","latitude":"47.264176340396226","longitude":"11.380109057672346"},"telephone":["+43 699 19083372"],"openingHoursSpecification":[{"@type":"OpeningHoursSpecification","dayOfWeek":["Monday","Wednesday","Friday"],"opens":"14:00","closes":"18:00"},{"@type":"OpeningHoursSpecification","dayOfWeek":["Tuesday","Thursday","Saturday","Sunday"],"opens":"00:00","closes":"00:00"}],"email":"office@bolting.eu","vatID":"ATU59999728","priceRange":"$$","currenciesAccepted":"Euro"},{"@type":"PostalAddress","@id":"https:\/\/bolting.eu\/en\/shop\/singing-rock-dome-big-wall-gurt\/#local-main-place-address","streetAddress":"Fischnalerstra\u00dfe 4","addressLocality":"Innsbruck","postalCode":"6020","addressRegion":"Tirol","addressCountry":"AT"},{"@type":"ImageObject","inLanguage":"en-US","@id":"https:\/\/bolting.eu\/en\/shop\/singing-rock-dome-big-wall-gurt\/#local-main-organization-logo","url":"https:\/\/bolting.eu\/wp-content\/uploads\/2019\/09\/bolting-logo.png","contentUrl":"https:\/\/bolting.eu\/wp-content\/uploads\/2019\/09\/bolting-logo.png","width":400,"height":211,"caption":"bolting.eu"}]},"og_video":"https:\/\/www.youtube.com\/embed\/u5TMz8gcUes","og_video_type":"text\/html","og_video_duration":"103","og_video_width":"480","og_video_height":"270","ya_ovs_adult":"false","ya_ovs_upload_date":"2022-04-05T10:47:03+00:00","ya_ovs_allow_embed":"true","og_availability":"instock","product_availability":"instock","product_condition":"new","geo.placename":"Innsbruck","geo.position":{"lat":"47.264176340396226","long":"11.380109057672346"},"geo.region":"Austria"},"_links":{"self":[{"href":"https:\/\/bolting.eu\/en\/wp-json\/wp\/v2\/product\/11611","targetHints":{"allow":["GET"]}}],"collection":[{"href":"https:\/\/bolting.eu\/en\/wp-json\/wp\/v2\/product"}],"about":[{"href":"https:\/\/bolting.eu\/en\/wp-json\/wp\/v2\/types\/product"}],"replies":[{"embeddable":true,"href":"https:\/\/bolting.eu\/en\/wp-json\/wp\/v2\/comments?post=11611"}],"wp:featuredmedia":[{"embeddable":true,"href":"https:\/\/bolting.eu\/en\/wp-json\/wp\/v2\/media\/11616"}],"wp:attachment":[{"href":"https:\/\/bolting.eu\/en\/wp-json\/wp\/v2\/media?parent=11611"}],"wp:term":[{"taxonomy":"product_brand","embeddable":true,"href":"https:\/\/bolting.eu\/en\/wp-json\/wp\/v2\/product_brand?post=11611"},{"taxonomy":"product_cat","embeddable":true,"href":"https:\/\/bolting.eu\/en\/wp-json\/wp\/v2\/product_cat?post=11611"},{"taxonomy":"product_tag","embeddable":true,"href":"https:\/\/bolting.eu\/en\/wp-json\/wp\/v2\/product_tag?post=11611"}],"curies":[{"name":"wp","href":"https:\/\/api.w.org\/{rel}","templated":true}]}}