{"id":11584,"date":"2022-04-01T14:57:34","date_gmt":"2022-04-01T12:57:34","guid":{"rendered":"https:\/\/bolting.eu\/?post_type=product&#038;p=11584"},"modified":"2023-04-14T15:51:26","modified_gmt":"2023-04-14T13:51:26","slug":"skylotech-resistor-klettersteigkarabiner","status":"publish","type":"product","link":"https:\/\/bolting.eu\/en\/shop\/skylotech-resistor-klettersteigkarabiner\/","title":{"rendered":"Skylotech Resistor Klettersteigkarabiner"},"content":{"rendered":"<p>Der Skylotech Resistor <a href=\"https:\/\/bolting.eu\/produkt-kategorie\/kletterausruestung\/kletterkarabiner\/klettersteigkarabiner\/\">Klettersteigkarabiner<\/a> ist so etwas wie der K\u00f6nig dieser Produktkategorie. Denn dieses Modell ist mit einigen absoluten Top Features ausgestattet, wie z.B. dem Stahl Inlet im Scheitel f\u00fcr lange Lebensdauer.<\/p>\n<p>Des weiteren z\u00e4hlen eine perfekte Ergonomie sowie eine hoch-funktionelle Handballensicherung zu seinen Eigenschaften. Dar\u00fcber hinaus tragen diese Features zu seiner au\u00dfergew\u00f6hnlichen Qualit\u00e4t bei.<\/p>\n<p>Erstens der geschmiedete Schnapper. Zweitens der sich verj\u00fcngende Querschnitt zur Bedienung auch mit kleinen H\u00e4nden. Und drittens das Biegeverhalten bzw. die Sicherheitsreserven bei Belastungen an Kanten. Hier erreicht der Resistor satte 10kN!<\/p>\n<p>Kurzum. Dieser Karabiner ist ein absolutes Top Modell!<\/p>\n<h2>Eigenschaften Skylotech Resistor Klettersteigkarabiner<\/h2>\n<ul>\n<li>Hersteller: Skylotech<\/li>\n<li>Material: Aluminium, Edelstahl<\/li>\n<li>Gewicht: 173 Gramm<\/li>\n<li>Normen: <a href=\"https:\/\/bolting.eu\/en-12275-norm\/\">EN 12275<\/a>, <a href=\"https:\/\/bolting.eu\/en-362-norm\/\">EN 362<\/a><\/li>\n<li>Edelstahl Inlet im Scheitel f\u00fcr langeLebensdauer<\/li>\n<li>geschmiedeter Schnapper<\/li>\n<li>leichtg\u00e4ngige Handballensicherung<\/li>\n<li>Bruchlasten: 28 kN &#8211; 10 kN &#8211; 10 kN<\/li>\n<li><a href=\"https:\/\/webmodules.skylotec.com\/api\/sources\/13\/files\/1218844?website=true&amp;public=true&amp;download=true\" target=\"_blank\" rel=\"noopener\">Bedienungsanleitung<\/a><\/li>\n<\/ul>\n<h3>\u00d6se f\u00fcr Bandschlingen und Seilmaterial<\/h3>\n<p>Die \u00d6se f\u00fcr das Verbindungsmittel ist beim Skylotech Resistor so beschaffen, da\u00df sowohl Bandschlingen als als Seilmaterial (wie z.B. Cow\u00b4s Tail) hindurch passen.<\/p>\n<p>Das gibt diesen Klettersteigkarabiner viele Anwendungsm\u00f6glichkeiten. Ob als Teil einer Rastschlinge beim Via Ferrata eben, oder bei H\u00f6henarbeiten.<\/p>\n","protected":false},"excerpt":{"rendered":"<p>Dieser Klettersteigkarabiner ist das Top Produkt dieser Kategorie. Ein absolutes Top Modell mit Stahl Inlet im Scheitel und extrem sauberer Verarbeitung.<\/p>\n<p>Das Design ergibt auch ein Plus an Sicherheit durch st\u00e4rkere Bruchlasten an Kanten!<\/p>\n","protected":false},"featured_media":11586,"comment_status":"open","ping_status":"closed","template":"","meta":[],"product_brand":[],"product_cat":[44,3010],"product_tag":[],"class_list":{"0":"post-11584","1":"product","2":"type-product","3":"status-publish","4":"has-post-thumbnail","6":"product_cat-kletterkarabiner","7":"product_cat-klettersteigkarabiner","9":"first","10":"instock","11":"taxable","12":"shipping-taxable","13":"purchasable","14":"product-type-simple"},"yoast_head":"<!-- This site is optimized with the Yoast SEO Premium plugin v26.9 (Yoast SEO v26.9) - https:\/\/yoast.com\/product\/yoast-seo-premium-wordpress\/ -->\n<title>Skylotech Resistor Klettersteigkarabiner - mit Stahl Inlet | bolting.eu<\/title>\n<meta name=\"description\" content=\"Hier findest Du den SKYLOTECH RESISTOR Klettersteigkarabiner. Das absolute Top Modell mit Stahl Inlet im Scheitel f\u00fcr lange Lebensdauer!\" \/>\n<meta name=\"robots\" content=\"index, follow, max-snippet:-1, max-image-preview:large, max-video-preview:-1\" \/>\n<link rel=\"canonical\" href=\"https:\/\/bolting.eu\/en\/shop\/skylotech-resistor-klettersteigkarabiner\/\" \/>\n<meta property=\"og:locale\" content=\"en_US\" \/>\n<meta property=\"og:type\" content=\"article\" \/>\n<meta property=\"og:title\" content=\"Skylotech Resistor Klettersteigkarabiner\" \/>\n<meta property=\"og:description\" content=\"Hier findest Du den SKYLOTECH RESISTOR Klettersteigkarabiner. Das absolute Top Modell mit Stahl Inlet im Scheitel f\u00fcr lange Lebensdauer!\" \/>\n<meta property=\"og:url\" content=\"https:\/\/bolting.eu\/en\/shop\/skylotech-resistor-klettersteigkarabiner\/\" \/>\n<meta property=\"og:site_name\" content=\"bolting.eu\" \/>\n<meta property=\"article:publisher\" content=\"https:\/\/www.facebook.com\/bolting.eu\" \/>\n<meta property=\"article:modified_time\" content=\"2023-04-14T13:51:26+00:00\" \/>\n<meta property=\"og:image\" content=\"https:\/\/bolting.eu\/wp-content\/uploads\/2022\/04\/Skylotech-Resistor-2.jpg\" \/>\n\t<meta property=\"og:image:width\" content=\"700\" \/>\n\t<meta property=\"og:image:height\" content=\"700\" \/>\n\t<meta property=\"og:image:type\" content=\"image\/jpeg\" \/>\n<meta name=\"twitter:card\" content=\"summary_large_image\" \/>\n<meta name=\"twitter:label1\" content=\"Price\" \/>\n\t<meta name=\"twitter:data1\" content=\"&euro;&nbsp;54,90\" \/>\n\t<meta name=\"twitter:label2\" content=\"Availability\" \/>\n\t<meta name=\"twitter:data2\" content=\"In stock\" \/>\n<script type=\"application\/ld+json\" class=\"yoast-schema-graph\">{\"@context\":\"https:\/\/schema.org\",\"@graph\":[{\"@type\":[\"WebPage\",\"ItemPage\"],\"@id\":\"https:\/\/bolting.eu\/en\/shop\/skylotech-resistor-klettersteigkarabiner\/\",\"url\":\"https:\/\/bolting.eu\/en\/shop\/skylotech-resistor-klettersteigkarabiner\/\",\"name\":\"Skylotech Resistor Klettersteigkarabiner - mit Stahl Inlet | bolting.eu\",\"isPartOf\":{\"@id\":\"https:\/\/bolting.eu\/en\/#website\"},\"primaryImageOfPage\":{\"@id\":\"https:\/\/bolting.eu\/en\/shop\/skylotech-resistor-klettersteigkarabiner\/#primaryimage\"},\"image\":{\"@id\":\"https:\/\/bolting.eu\/en\/shop\/skylotech-resistor-klettersteigkarabiner\/#primaryimage\"},\"thumbnailUrl\":\"https:\/\/bolting.eu\/wp-content\/uploads\/2022\/04\/Skylotech-Resistor-2.jpg\",\"datePublished\":\"2022-04-01T12:57:34+00:00\",\"dateModified\":\"2023-04-14T13:51:26+00:00\",\"description\":\"Hier findest Du den SKYLOTECH RESISTOR Klettersteigkarabiner. Das absolute Top Modell mit Stahl Inlet im Scheitel f\u00fcr lange Lebensdauer!\",\"breadcrumb\":{\"@id\":\"https:\/\/bolting.eu\/en\/shop\/skylotech-resistor-klettersteigkarabiner\/#breadcrumb\"},\"inLanguage\":\"en-US\",\"potentialAction\":[{\"@type\":\"ReadAction\",\"target\":[\"https:\/\/bolting.eu\/en\/shop\/skylotech-resistor-klettersteigkarabiner\/\"]}]},{\"@type\":\"ImageObject\",\"inLanguage\":\"en-US\",\"@id\":\"https:\/\/bolting.eu\/en\/shop\/skylotech-resistor-klettersteigkarabiner\/#primaryimage\",\"url\":\"https:\/\/bolting.eu\/wp-content\/uploads\/2022\/04\/Skylotech-Resistor-2.jpg\",\"contentUrl\":\"https:\/\/bolting.eu\/wp-content\/uploads\/2022\/04\/Skylotech-Resistor-2.jpg\",\"width\":700,\"height\":700,\"caption\":\"Das Bild zeigt den orangen Skylotech Resistor Klettersteigkarabinermit grauem Stahl Inlet, Schnapper und Handballensicherung auf wei\u00dfem Hintergrund.\"},{\"@type\":\"BreadcrumbList\",\"@id\":\"https:\/\/bolting.eu\/en\/shop\/skylotech-resistor-klettersteigkarabiner\/#breadcrumb\",\"itemListElement\":[{\"@type\":\"ListItem\",\"position\":1,\"name\":\"Shop\",\"item\":\"https:\/\/bolting.eu\/en\/shop\/\"},{\"@type\":\"ListItem\",\"position\":2,\"name\":\"climbing equipment\",\"item\":\"https:\/\/bolting.eu\/en\/produkt-kategorie\/climbing-equipment\/\"},{\"@type\":\"ListItem\",\"position\":3,\"name\":\"Climbing carabiner\",\"item\":\"https:\/\/bolting.eu\/en\/produkt-kategorie\/climbing-carabiner\/\"},{\"@type\":\"ListItem\",\"position\":4,\"name\":\"Klettersteigkarabiner\",\"item\":\"https:\/\/bolting.eu\/en\/produkt-kategorie\/climbing-carabiner\/klettersteigkarabiner\/\"},{\"@type\":\"ListItem\",\"position\":5,\"name\":\"Skylotech Resistor Klettersteigkarabiner\"}]},{\"@type\":\"WebSite\",\"@id\":\"https:\/\/bolting.eu\/en\/#website\",\"url\":\"https:\/\/bolting.eu\/en\/\",\"name\":\"bolting.eu\",\"description\":\"we make climbs happen\",\"publisher\":{\"@id\":\"https:\/\/bolting.eu\/en\/#organization\"},\"potentialAction\":[{\"@type\":\"SearchAction\",\"target\":{\"@type\":\"EntryPoint\",\"urlTemplate\":\"https:\/\/bolting.eu\/en\/?s={search_term_string}\"},\"query-input\":{\"@type\":\"PropertyValueSpecification\",\"valueRequired\":true,\"valueName\":\"search_term_string\"}}],\"inLanguage\":\"en-US\"},{\"@type\":[\"Organization\",\"Place\",\"SportingGoodsStore\"],\"@id\":\"https:\/\/bolting.eu\/en\/#organization\",\"name\":\"bolting.eu\",\"url\":\"https:\/\/bolting.eu\/en\/\",\"logo\":{\"@id\":\"https:\/\/bolting.eu\/en\/shop\/skylotech-resistor-klettersteigkarabiner\/#local-main-organization-logo\"},\"image\":{\"@id\":\"https:\/\/bolting.eu\/en\/shop\/skylotech-resistor-klettersteigkarabiner\/#local-main-organization-logo\"},\"sameAs\":[\"https:\/\/www.facebook.com\/bolting.eu\",\"https:\/\/www.instagram.com\/bolting.eu\/\"],\"address\":{\"@id\":\"https:\/\/bolting.eu\/en\/shop\/skylotech-resistor-klettersteigkarabiner\/#local-main-place-address\"},\"geo\":{\"@type\":\"GeoCoordinates\",\"latitude\":\"47.264176340396226\",\"longitude\":\"11.380109057672346\"},\"telephone\":[\"+43 699 19083372\"],\"openingHoursSpecification\":[{\"@type\":\"OpeningHoursSpecification\",\"dayOfWeek\":[\"Monday\",\"Wednesday\",\"Friday\"],\"opens\":\"14:00\",\"closes\":\"18:00\"},{\"@type\":\"OpeningHoursSpecification\",\"dayOfWeek\":[\"Tuesday\",\"Thursday\",\"Saturday\",\"Sunday\"],\"opens\":\"00:00\",\"closes\":\"00:00\"}],\"email\":\"office@bolting.eu\",\"vatID\":\"ATU59999728\",\"priceRange\":\"$$\",\"currenciesAccepted\":\"Euro\"},{\"@type\":\"PostalAddress\",\"@id\":\"https:\/\/bolting.eu\/en\/shop\/skylotech-resistor-klettersteigkarabiner\/#local-main-place-address\",\"streetAddress\":\"Fischnalerstra\u00dfe 4\",\"addressLocality\":\"Innsbruck\",\"postalCode\":\"6020\",\"addressRegion\":\"Tirol\",\"addressCountry\":\"AT\"},{\"@type\":\"ImageObject\",\"inLanguage\":\"en-US\",\"@id\":\"https:\/\/bolting.eu\/en\/shop\/skylotech-resistor-klettersteigkarabiner\/#local-main-organization-logo\",\"url\":\"https:\/\/bolting.eu\/wp-content\/uploads\/2019\/09\/bolting-logo.png\",\"contentUrl\":\"https:\/\/bolting.eu\/wp-content\/uploads\/2019\/09\/bolting-logo.png\",\"width\":400,\"height\":211,\"caption\":\"bolting.eu\"}]}<\/script>\n<meta property=\"product:price:amount\" content=\"54.90\" \/>\n<meta property=\"product:price:currency\" content=\"EUR\" \/>\n<meta property=\"og:availability\" content=\"instock\" \/>\n<meta property=\"product:availability\" content=\"instock\" \/>\n<meta property=\"product:retailer_item_id\" content=\"H-1000-20\" \/>\n<meta property=\"product:condition\" content=\"new\" \/>\n<meta name=\"geo.placename\" content=\"Innsbruck\" \/>\n<meta name=\"geo.position\" content=\"47.264176340396226;11.380109057672346\" \/>\n<meta name=\"geo.region\" content=\"Austria\" \/>\n<!-- \/ Yoast SEO Premium plugin. -->","yoast_head_json":{"title":"Skylotech Resistor Klettersteigkarabiner - mit Stahl Inlet | bolting.eu","description":"Hier findest Du den SKYLOTECH RESISTOR Klettersteigkarabiner. Das absolute Top Modell mit Stahl Inlet im Scheitel f\u00fcr lange Lebensdauer!","robots":{"index":"index","follow":"follow","max-snippet":"max-snippet:-1","max-image-preview":"max-image-preview:large","max-video-preview":"max-video-preview:-1"},"canonical":"https:\/\/bolting.eu\/en\/shop\/skylotech-resistor-klettersteigkarabiner\/","og_locale":"en_US","og_type":"article","og_title":"Skylotech Resistor Klettersteigkarabiner","og_description":"Hier findest Du den SKYLOTECH RESISTOR Klettersteigkarabiner. Das absolute Top Modell mit Stahl Inlet im Scheitel f\u00fcr lange Lebensdauer!","og_url":"https:\/\/bolting.eu\/en\/shop\/skylotech-resistor-klettersteigkarabiner\/","og_site_name":"bolting.eu","article_publisher":"https:\/\/www.facebook.com\/bolting.eu","article_modified_time":"2023-04-14T13:51:26+00:00","og_image":[{"width":700,"height":700,"url":"https:\/\/bolting.eu\/wp-content\/uploads\/2022\/04\/Skylotech-Resistor-2.jpg","type":"image\/jpeg"}],"twitter_card":"summary_large_image","twitter_misc":{"Price":"&euro;&nbsp;54,90","Availability":"In stock"},"schema":{"@context":"https:\/\/schema.org","@graph":[{"@type":["WebPage","ItemPage"],"@id":"https:\/\/bolting.eu\/en\/shop\/skylotech-resistor-klettersteigkarabiner\/","url":"https:\/\/bolting.eu\/en\/shop\/skylotech-resistor-klettersteigkarabiner\/","name":"Skylotech Resistor Klettersteigkarabiner - mit Stahl Inlet | bolting.eu","isPartOf":{"@id":"https:\/\/bolting.eu\/en\/#website"},"primaryImageOfPage":{"@id":"https:\/\/bolting.eu\/en\/shop\/skylotech-resistor-klettersteigkarabiner\/#primaryimage"},"image":{"@id":"https:\/\/bolting.eu\/en\/shop\/skylotech-resistor-klettersteigkarabiner\/#primaryimage"},"thumbnailUrl":"https:\/\/bolting.eu\/wp-content\/uploads\/2022\/04\/Skylotech-Resistor-2.jpg","datePublished":"2022-04-01T12:57:34+00:00","dateModified":"2023-04-14T13:51:26+00:00","description":"Hier findest Du den SKYLOTECH RESISTOR Klettersteigkarabiner. Das absolute Top Modell mit Stahl Inlet im Scheitel f\u00fcr lange Lebensdauer!","breadcrumb":{"@id":"https:\/\/bolting.eu\/en\/shop\/skylotech-resistor-klettersteigkarabiner\/#breadcrumb"},"inLanguage":"en-US","potentialAction":[{"@type":"ReadAction","target":["https:\/\/bolting.eu\/en\/shop\/skylotech-resistor-klettersteigkarabiner\/"]}]},{"@type":"ImageObject","inLanguage":"en-US","@id":"https:\/\/bolting.eu\/en\/shop\/skylotech-resistor-klettersteigkarabiner\/#primaryimage","url":"https:\/\/bolting.eu\/wp-content\/uploads\/2022\/04\/Skylotech-Resistor-2.jpg","contentUrl":"https:\/\/bolting.eu\/wp-content\/uploads\/2022\/04\/Skylotech-Resistor-2.jpg","width":700,"height":700,"caption":"Das Bild zeigt den orangen Skylotech Resistor Klettersteigkarabinermit grauem Stahl Inlet, Schnapper und Handballensicherung auf wei\u00dfem Hintergrund."},{"@type":"BreadcrumbList","@id":"https:\/\/bolting.eu\/en\/shop\/skylotech-resistor-klettersteigkarabiner\/#breadcrumb","itemListElement":[{"@type":"ListItem","position":1,"name":"Shop","item":"https:\/\/bolting.eu\/en\/shop\/"},{"@type":"ListItem","position":2,"name":"climbing equipment","item":"https:\/\/bolting.eu\/en\/produkt-kategorie\/climbing-equipment\/"},{"@type":"ListItem","position":3,"name":"Climbing carabiner","item":"https:\/\/bolting.eu\/en\/produkt-kategorie\/climbing-carabiner\/"},{"@type":"ListItem","position":4,"name":"Klettersteigkarabiner","item":"https:\/\/bolting.eu\/en\/produkt-kategorie\/climbing-carabiner\/klettersteigkarabiner\/"},{"@type":"ListItem","position":5,"name":"Skylotech Resistor Klettersteigkarabiner"}]},{"@type":"WebSite","@id":"https:\/\/bolting.eu\/en\/#website","url":"https:\/\/bolting.eu\/en\/","name":"bolting.eu","description":"we make climbs happen","publisher":{"@id":"https:\/\/bolting.eu\/en\/#organization"},"potentialAction":[{"@type":"SearchAction","target":{"@type":"EntryPoint","urlTemplate":"https:\/\/bolting.eu\/en\/?s={search_term_string}"},"query-input":{"@type":"PropertyValueSpecification","valueRequired":true,"valueName":"search_term_string"}}],"inLanguage":"en-US"},{"@type":["Organization","Place","SportingGoodsStore"],"@id":"https:\/\/bolting.eu\/en\/#organization","name":"bolting.eu","url":"https:\/\/bolting.eu\/en\/","logo":{"@id":"https:\/\/bolting.eu\/en\/shop\/skylotech-resistor-klettersteigkarabiner\/#local-main-organization-logo"},"image":{"@id":"https:\/\/bolting.eu\/en\/shop\/skylotech-resistor-klettersteigkarabiner\/#local-main-organization-logo"},"sameAs":["https:\/\/www.facebook.com\/bolting.eu","https:\/\/www.instagram.com\/bolting.eu\/"],"address":{"@id":"https:\/\/bolting.eu\/en\/shop\/skylotech-resistor-klettersteigkarabiner\/#local-main-place-address"},"geo":{"@type":"GeoCoordinates","latitude":"47.264176340396226","longitude":"11.380109057672346"},"telephone":["+43 699 19083372"],"openingHoursSpecification":[{"@type":"OpeningHoursSpecification","dayOfWeek":["Monday","Wednesday","Friday"],"opens":"14:00","closes":"18:00"},{"@type":"OpeningHoursSpecification","dayOfWeek":["Tuesday","Thursday","Saturday","Sunday"],"opens":"00:00","closes":"00:00"}],"email":"office@bolting.eu","vatID":"ATU59999728","priceRange":"$$","currenciesAccepted":"Euro"},{"@type":"PostalAddress","@id":"https:\/\/bolting.eu\/en\/shop\/skylotech-resistor-klettersteigkarabiner\/#local-main-place-address","streetAddress":"Fischnalerstra\u00dfe 4","addressLocality":"Innsbruck","postalCode":"6020","addressRegion":"Tirol","addressCountry":"AT"},{"@type":"ImageObject","inLanguage":"en-US","@id":"https:\/\/bolting.eu\/en\/shop\/skylotech-resistor-klettersteigkarabiner\/#local-main-organization-logo","url":"https:\/\/bolting.eu\/wp-content\/uploads\/2019\/09\/bolting-logo.png","contentUrl":"https:\/\/bolting.eu\/wp-content\/uploads\/2019\/09\/bolting-logo.png","width":400,"height":211,"caption":"bolting.eu"}]},"product_price_amount":"54.90","product_price_currency":"EUR","og_availability":"instock","product_availability":"instock","product_retailer_item_id":"H-1000-20","product_condition":"new","geo.placename":"Innsbruck","geo.position":{"lat":"47.264176340396226","long":"11.380109057672346"},"geo.region":"Austria"},"_links":{"self":[{"href":"https:\/\/bolting.eu\/en\/wp-json\/wp\/v2\/product\/11584","targetHints":{"allow":["GET"]}}],"collection":[{"href":"https:\/\/bolting.eu\/en\/wp-json\/wp\/v2\/product"}],"about":[{"href":"https:\/\/bolting.eu\/en\/wp-json\/wp\/v2\/types\/product"}],"replies":[{"embeddable":true,"href":"https:\/\/bolting.eu\/en\/wp-json\/wp\/v2\/comments?post=11584"}],"wp:featuredmedia":[{"embeddable":true,"href":"https:\/\/bolting.eu\/en\/wp-json\/wp\/v2\/media\/11586"}],"wp:attachment":[{"href":"https:\/\/bolting.eu\/en\/wp-json\/wp\/v2\/media?parent=11584"}],"wp:term":[{"taxonomy":"product_brand","embeddable":true,"href":"https:\/\/bolting.eu\/en\/wp-json\/wp\/v2\/product_brand?post=11584"},{"taxonomy":"product_cat","embeddable":true,"href":"https:\/\/bolting.eu\/en\/wp-json\/wp\/v2\/product_cat?post=11584"},{"taxonomy":"product_tag","embeddable":true,"href":"https:\/\/bolting.eu\/en\/wp-json\/wp\/v2\/product_tag?post=11584"}],"curies":[{"name":"wp","href":"https:\/\/api.w.org\/{rel}","templated":true}]}}