{"id":11560,"date":"2022-04-01T13:03:43","date_gmt":"2022-04-01T11:03:43","guid":{"rendered":"https:\/\/bolting.eu\/?post_type=product&#038;p=11560"},"modified":"2026-04-10T05:56:02","modified_gmt":"2026-04-10T03:56:02","slug":"beal-dynaloop-seilschlinge","status":"publish","type":"product","link":"https:\/\/bolting.eu\/en\/shop\/beal-dynaloop-seilschlinge\/","title":{"rendered":"Beal Dynaloop Seilschlinge"},"content":{"rendered":"<p>Die Beal Dynaloop Seilschlinge geh\u00f6rt zur neuesten Generation von <a href=\"https:\/\/bolting.eu\/produkt-kategorie\/klettersteigausruestung\/klettersteigset\/\">Bandschlingen<\/a> \/ <a href=\"https:\/\/bolting.eu\/produkt-kategorie\/kletterausruestung\/reepschnur\/\">Reepschn\u00fcren<\/a>. Denn diese fix vern\u00e4hte Schlinge in drei L\u00e4ngen ist aus dynamischen Seilmaterial gemacht.<\/p>\n<p>D.h. sie hat in vielen Bereichen deutlich g\u00fcnstigere Eigenschaften als eine statische Reepschnur bzw. Bandschlinge. So kann das <a href=\"https:\/\/bolting.eu\/en-566-norm\/\">EN 566<\/a> (Schlingen im Bergsport) und <a href=\"https:\/\/bolting.eu\/en-354-norm-fuer-verbindungsmittel-psaga\/\">EN 354<\/a> (<a href=\"https:\/\/bolting.eu\/produkt-kategorie\/industriekletter-ausruestung\/verbindungsmittel\/\">Verbindungsmittel<\/a> <a href=\"https:\/\/bolting.eu\/produkt-kategorie\/industriekletter-ausruestung\/psaga\/\">PSAgA<\/a>) zertifizierte Produkt gleich in mehreren Anwendungsgebieten perfekt eingesetzt werden.<\/p>\n<p>Wie z.B. als Selbstsicherungsschlinge, als Zwischensicherung sowie als Standplatzschlinge.<\/p>\n<h2>Eigenschaften Beal Dynaloop Seilschlinge<\/h2>\n<ul>\n<li>Hersteller: <a href=\"https:\/\/bolting.eu\/produkt-kategorie\/beal\/\">Beal<\/a><\/li>\n<li>Material: Polyamid<\/li>\n<li>L\u00e4ngen: 60cm, 120cm, 150cm<\/li>\n<li>Durchmesser: 8,3mm<\/li>\n<li>Bruchlast: 2200 daN<\/li>\n<li>Normen: EN 566 f\u00fcr Bergsport und EN 354 f\u00fcr Industrieklettern<\/li>\n<li>dynamische, fix vern\u00e4hte Seilschlinge<\/li>\n<li>nimmt Fallenergie auf<\/li>\n<li>Naht durch Schrumpfschlauch gesch\u00fctzt<\/li>\n<li><a href=\"https:\/\/www.beal-planet.com\/en\/index.php?controller=attachment&amp;id_attachment=8136\" target=\"_blank\" rel=\"noopener\">Gebrauchsanleitung<\/a><\/li>\n<\/ul>\n<h3>Multi &#8211; Funktionsschlinge<\/h3>\n<p>Die Beal Dynaloop Seilschlinge hat drei Hauptanwendungsbereiche.<\/p>\n<p><a href=\"https:\/\/bolting.eu\/wp-content\/uploads\/2022\/04\/Selbstsicherung-Dynaloop.jpg\"><img loading=\"lazy\" decoding=\"async\" class=\"wp-image-11569\" src=\"https:\/\/bolting.eu\/wp-content\/uploads\/2022\/04\/Selbstsicherung-Dynaloop-280x280.jpg\" alt=\"Das Bild zeigt eine Grafik zur Verwendung einer Selbstsicherungsschlinge. Ein Kletterer f\u00e4delt dabei gerade am Standplatz um.\" width=\"200\" height=\"200\" srcset=\"https:\/\/bolting.eu\/wp-content\/uploads\/2022\/04\/Selbstsicherung-Dynaloop-280x280.jpg 280w, https:\/\/bolting.eu\/wp-content\/uploads\/2022\/04\/Selbstsicherung-Dynaloop-247x247.jpg 247w, https:\/\/bolting.eu\/wp-content\/uploads\/2022\/04\/Selbstsicherung-Dynaloop-100x100.jpg 100w, https:\/\/bolting.eu\/wp-content\/uploads\/2022\/04\/Selbstsicherung-Dynaloop-510x510.jpg 510w, https:\/\/bolting.eu\/wp-content\/uploads\/2022\/04\/Selbstsicherung-Dynaloop-400x400.jpg 400w, https:\/\/bolting.eu\/wp-content\/uploads\/2022\/04\/Selbstsicherung-Dynaloop-300x300.jpg 300w, https:\/\/bolting.eu\/wp-content\/uploads\/2022\/04\/Selbstsicherung-Dynaloop-600x600.jpg 600w, https:\/\/bolting.eu\/wp-content\/uploads\/2022\/04\/Selbstsicherung-Dynaloop.jpg 700w\" sizes=\"auto, (max-width: 200px) 100vw, 200px\" \/><\/a><\/p>\n<p>Erstens als klassische Selbstsicherungsschlinge.<\/p>\n<p>Dabei kommt bereits der enorme Vorteil zu tragen, dass die Schlinge dynamische Eigenschaften hat. Folglich verzeiht sie ein &#8220;Hineinfallen&#8221; aus kleiner H\u00f6he, was bei einer statischen Schlinge ja extrem gef\u00e4hrlich werden kann.<\/p>\n<p>&nbsp;<\/p>\n<p><a href=\"https:\/\/bolting.eu\/wp-content\/uploads\/2022\/04\/Zwischensicherung-Dynaloop.jpg\"><img loading=\"lazy\" decoding=\"async\" class=\"alignleft wp-image-11570\" src=\"https:\/\/bolting.eu\/wp-content\/uploads\/2022\/04\/Zwischensicherung-Dynaloop.jpg\" alt=\"Das Bild zeigt die Verwendung der BEal Dybnaloop Rundschlinge als Zwischensicherung an Felsk\u00f6pfen.\" width=\"200\" height=\"200\" srcset=\"https:\/\/bolting.eu\/wp-content\/uploads\/2022\/04\/Zwischensicherung-Dynaloop.jpg 700w, https:\/\/bolting.eu\/wp-content\/uploads\/2022\/04\/Zwischensicherung-Dynaloop-247x247.jpg 247w, https:\/\/bolting.eu\/wp-content\/uploads\/2022\/04\/Zwischensicherung-Dynaloop-100x100.jpg 100w, https:\/\/bolting.eu\/wp-content\/uploads\/2022\/04\/Zwischensicherung-Dynaloop-510x510.jpg 510w, https:\/\/bolting.eu\/wp-content\/uploads\/2022\/04\/Zwischensicherung-Dynaloop-400x400.jpg 400w, https:\/\/bolting.eu\/wp-content\/uploads\/2022\/04\/Zwischensicherung-Dynaloop-280x280.jpg 280w, https:\/\/bolting.eu\/wp-content\/uploads\/2022\/04\/Zwischensicherung-Dynaloop-300x300.jpg 300w, https:\/\/bolting.eu\/wp-content\/uploads\/2022\/04\/Zwischensicherung-Dynaloop-600x600.jpg 600w\" sizes=\"auto, (max-width: 200px) 100vw, 200px\" \/><\/a><\/p>\n<p>&nbsp;<\/p>\n<p>Zweitens kann man die Dynaloop Seilschlinge ganz normal mit zwei Karabinern als Zwischensicherung verwenden.<\/p>\n<p>&nbsp;<\/p>\n<p>Mit dem Vorteil, dass sie durch die Dehnung fangsto\u00dfd\u00e4mpfend wirkt. Dabei kann die Schlinge auch \u00fcber Felsk\u00f6pfeln gelegt werden wie z.B. eine Kevlar Schlinge.<\/p>\n<p>&nbsp;<\/p>\n<p><a href=\"https:\/\/bolting.eu\/wp-content\/uploads\/2022\/04\/Standplatz-Dynaloop.jpg\"><img loading=\"lazy\" decoding=\"async\" class=\"alignleft wp-image-11571\" src=\"https:\/\/bolting.eu\/wp-content\/uploads\/2022\/04\/Standplatz-Dynaloop.jpg\" alt=\"Das Bild zeigt eine Grafik zur vErwendung einer Standplatzschlinge. Zwei Kletterer befinden sich am Standplatz.\" width=\"200\" height=\"200\" srcset=\"https:\/\/bolting.eu\/wp-content\/uploads\/2022\/04\/Standplatz-Dynaloop.jpg 700w, https:\/\/bolting.eu\/wp-content\/uploads\/2022\/04\/Standplatz-Dynaloop-247x247.jpg 247w, https:\/\/bolting.eu\/wp-content\/uploads\/2022\/04\/Standplatz-Dynaloop-100x100.jpg 100w, https:\/\/bolting.eu\/wp-content\/uploads\/2022\/04\/Standplatz-Dynaloop-510x510.jpg 510w, https:\/\/bolting.eu\/wp-content\/uploads\/2022\/04\/Standplatz-Dynaloop-400x400.jpg 400w, https:\/\/bolting.eu\/wp-content\/uploads\/2022\/04\/Standplatz-Dynaloop-280x280.jpg 280w, https:\/\/bolting.eu\/wp-content\/uploads\/2022\/04\/Standplatz-Dynaloop-300x300.jpg 300w, https:\/\/bolting.eu\/wp-content\/uploads\/2022\/04\/Standplatz-Dynaloop-600x600.jpg 600w\" sizes=\"auto, (max-width: 200px) 100vw, 200px\" \/><\/a>Und drittens k\u00f6nnen die Loops auch f\u00fcr den Standplatzbau verwendet werden. Hier wirken sie wiederum belastungsmindernd. Denn das dynamische Material nimmt Energie auf und setzt sie in Dehnung um.<\/p>\n<p>Selbstverst\u00e4ndlich kann diese Schlinge auch als &#8220;Abseilschlinge&#8221; verwendet werden.<\/p>\n<h3>Beal Dynaloop Seilschlinge &#8211; Sicher ist sicher!<\/h3>\n<p>Neben der Energieaufnahme &#8211; Dehnung, hat diese dynamische Rundschlinge einen entscheidenden Vorteil gegen\u00fcber den statischen Bandschlingen. Einen gesch\u00fctzten Kern!<\/p>\n<p>Denn die Bauweise basiert auf einen lasttragenden &#8220;Kern&#8221; aus mehreren Litzen, um welchen sich ein sch\u00fctzender Mantel befindet.<\/p>\n<p>Somit ist der Kern zum einen bestens gesch\u00fctzt. Und zum anderen sieht man sofort, wenn sich die Schlinge z.B. an einer scharfen Kante aufgerieben hat und ausgetauscht werden muss.<\/p>\n<h3>Wann ist die Schlinge auszutauschen?<\/h3>\n<p>Wie jedes PSA Produkt hat auch die Beal Dynaloop seine Limits. Die Gebrauchsdauer liegt je nach Intensit\u00e4t der Verwendung in der Regel zwischen 3-5 Jahren.<\/p>\n<p>Sofort auszutauschen sind die Schlingen einerseits, wenn der Mantel aufgeplatzt oder besch\u00e4digt ist. Und andererseits, wenn die haptische Kontrolle einen &#8220;Knick&#8221; im Kern offenbart.<\/p>\n<p>Die Lagerfrist betr\u00e4gt ca. 10 Jahre.<\/p>\n<h4><strong>Beal Dynaloop Warnhinweis<\/strong><\/h4>\n<p>Diese Rundschlinge ist NICHT als Ersatz f\u00fcr ein <a href=\"https:\/\/bolting.eu\/produkt-kategorie\/klettersteigausruestung\/klettersteigset\/\">Klettersteigset<\/a> geeignet! Ein Sturz in die eingeh\u00e4ngte Schlinge &#8211; aus der vollen H\u00f6he der jeweiligen L\u00e4nge der Schlinge entsprechend &#8211; ist ebenso extrem gef\u00e4hrlich.<\/p>\n<p>Dieses Produkt ist ausschlie\u00dflich in der Lage, St\u00fcrze direkt in die Schlinge aus sehr kleiner H\u00f6he aufzunehmen!<\/p>\n","protected":false},"excerpt":{"rendered":"<p>Diese dynamische, fix vern\u00e4hte 8,3mm Seilschlinge ist eine Multifunktions-Schlinge. Sie kann als Selbstsicherung, Standplatzschlinge und als Zwischensicherung benutzt werden.<\/p>\n<p>Die dynamischen Eigenschaften bringen Sicherheitsreserven gegen\u00fcber klassischen, statischen Bandschlingen!<\/p>\n","protected":false},"featured_media":11567,"comment_status":"open","ping_status":"closed","template":"","meta":[],"product_brand":[],"product_cat":[14748,29,259,4663,14513,14692,14739],"product_tag":[],"class_list":{"0":"post-11560","1":"product","2":"type-product","3":"status-publish","4":"has-post-thumbnail","6":"product_cat-verbindungsmittel","7":"product_cat-kletterausruestung","8":"product_cat-bandschlinge","9":"product_cat-beal","10":"product_cat-industriekletter-ausruestung","11":"product_cat-seilschlingen","12":"product_cat-selbstsicherungsschlinge","14":"first","15":"instock","16":"taxable","17":"shipping-taxable","18":"purchasable","19":"product-type-variable"},"yoast_head":"<!-- This site is optimized with the Yoast SEO Premium plugin v26.9 (Yoast SEO v26.9) - https:\/\/yoast.com\/product\/yoast-seo-premium-wordpress\/ -->\n<title>Beal Dynaloop Seilschlinge - 60cm, 120cm, 150cm | bolting.eu<\/title>\n<meta name=\"description\" content=\"Hier findest Du die BEAL DYNALOOP SEILSCHLINGE in den L\u00e4ngen 60cm, 120cm und 150cm beim Hardwareprofi aus \ud83c\udde6\ud83c\uddf9!\" \/>\n<meta name=\"robots\" content=\"index, follow, max-snippet:-1, max-image-preview:large, max-video-preview:-1\" \/>\n<link rel=\"canonical\" href=\"https:\/\/bolting.eu\/en\/shop\/beal-dynaloop-seilschlinge\/\" \/>\n<meta property=\"og:locale\" content=\"en_US\" \/>\n<meta property=\"og:type\" content=\"article\" \/>\n<meta property=\"og:title\" content=\"Beal Dynaloop Seilschlinge\" \/>\n<meta property=\"og:description\" content=\"Hier findest Du die BEAL DYNALOOP SEILSCHLINGE in den L\u00e4ngen 60cm, 120cm und 150cm beim Hardwareprofi aus \ud83c\udde6\ud83c\uddf9!\" \/>\n<meta property=\"og:url\" content=\"https:\/\/bolting.eu\/en\/shop\/beal-dynaloop-seilschlinge\/\" \/>\n<meta property=\"og:site_name\" content=\"bolting.eu\" \/>\n<meta property=\"article:publisher\" content=\"https:\/\/www.facebook.com\/bolting.eu\" \/>\n<meta property=\"article:modified_time\" content=\"2026-04-10T03:56:02+00:00\" \/>\n<meta property=\"og:image\" content=\"https:\/\/bolting.eu\/wp-content\/uploads\/2022\/04\/Beal-Dynaloop-Seilschlinge-1.jpg\" \/>\n\t<meta property=\"og:image:width\" content=\"700\" \/>\n\t<meta property=\"og:image:height\" content=\"700\" \/>\n\t<meta property=\"og:image:type\" content=\"image\/jpeg\" \/>\n<meta name=\"twitter:card\" content=\"summary_large_image\" \/>\n<meta name=\"twitter:label1\" content=\"Availability\" \/>\n\t<meta name=\"twitter:data1\" content=\"In stock\" \/>\n<script type=\"application\/ld+json\" class=\"yoast-schema-graph\">{\"@context\":\"https:\/\/schema.org\",\"@graph\":[{\"@type\":[\"WebPage\",\"ItemPage\"],\"@id\":\"https:\/\/bolting.eu\/en\/shop\/beal-dynaloop-seilschlinge\/\",\"url\":\"https:\/\/bolting.eu\/en\/shop\/beal-dynaloop-seilschlinge\/\",\"name\":\"Beal Dynaloop Seilschlinge - 60cm, 120cm, 150cm | bolting.eu\",\"isPartOf\":{\"@id\":\"https:\/\/bolting.eu\/en\/#website\"},\"primaryImageOfPage\":{\"@id\":\"https:\/\/bolting.eu\/en\/shop\/beal-dynaloop-seilschlinge\/#primaryimage\"},\"image\":{\"@id\":\"https:\/\/bolting.eu\/en\/shop\/beal-dynaloop-seilschlinge\/#primaryimage\"},\"thumbnailUrl\":\"https:\/\/bolting.eu\/wp-content\/uploads\/2022\/04\/Beal-Dynaloop-Seilschlinge-1.jpg\",\"datePublished\":\"2022-04-01T11:03:43+00:00\",\"dateModified\":\"2026-04-10T03:56:02+00:00\",\"description\":\"Hier findest Du die BEAL DYNALOOP SEILSCHLINGE in den L\u00e4ngen 60cm, 120cm und 150cm beim Hardwareprofi aus \ud83c\udde6\ud83c\uddf9!\",\"breadcrumb\":{\"@id\":\"https:\/\/bolting.eu\/en\/shop\/beal-dynaloop-seilschlinge\/#breadcrumb\"},\"inLanguage\":\"en-US\",\"potentialAction\":[{\"@type\":\"ReadAction\",\"target\":[\"https:\/\/bolting.eu\/en\/shop\/beal-dynaloop-seilschlinge\/\"]}]},{\"@type\":\"ImageObject\",\"inLanguage\":\"en-US\",\"@id\":\"https:\/\/bolting.eu\/en\/shop\/beal-dynaloop-seilschlinge\/#primaryimage\",\"url\":\"https:\/\/bolting.eu\/wp-content\/uploads\/2022\/04\/Beal-Dynaloop-Seilschlinge-1.jpg\",\"contentUrl\":\"https:\/\/bolting.eu\/wp-content\/uploads\/2022\/04\/Beal-Dynaloop-Seilschlinge-1.jpg\",\"width\":700,\"height\":700,\"caption\":\"Das Bild zeigt die drei Modelle der Beal Dynaloop Seilschlinge in pink, t\u00fcrkis und gelb nebeneinander.\"},{\"@type\":\"BreadcrumbList\",\"@id\":\"https:\/\/bolting.eu\/en\/shop\/beal-dynaloop-seilschlinge\/#breadcrumb\",\"itemListElement\":[{\"@type\":\"ListItem\",\"position\":1,\"name\":\"Shop\",\"item\":\"https:\/\/bolting.eu\/en\/shop\/\"},{\"@type\":\"ListItem\",\"position\":2,\"name\":\"Industrial climbing gear\",\"item\":\"https:\/\/bolting.eu\/en\/produkt-kategorie\/industrial-climbing-gear\/\"},{\"@type\":\"ListItem\",\"position\":3,\"name\":\"Seilschlingen\",\"item\":\"https:\/\/bolting.eu\/produkt-kategorie\/industriekletter-ausruestung\/seilschlingen\/\"},{\"@type\":\"ListItem\",\"position\":4,\"name\":\"Beal Dynaloop Seilschlinge\"}]},{\"@type\":\"WebSite\",\"@id\":\"https:\/\/bolting.eu\/en\/#website\",\"url\":\"https:\/\/bolting.eu\/en\/\",\"name\":\"bolting.eu\",\"description\":\"we make climbs happen\",\"publisher\":{\"@id\":\"https:\/\/bolting.eu\/en\/#organization\"},\"potentialAction\":[{\"@type\":\"SearchAction\",\"target\":{\"@type\":\"EntryPoint\",\"urlTemplate\":\"https:\/\/bolting.eu\/en\/?s={search_term_string}\"},\"query-input\":{\"@type\":\"PropertyValueSpecification\",\"valueRequired\":true,\"valueName\":\"search_term_string\"}}],\"inLanguage\":\"en-US\"},{\"@type\":[\"Organization\",\"Place\",\"SportingGoodsStore\"],\"@id\":\"https:\/\/bolting.eu\/en\/#organization\",\"name\":\"bolting.eu\",\"url\":\"https:\/\/bolting.eu\/en\/\",\"logo\":{\"@id\":\"https:\/\/bolting.eu\/en\/shop\/beal-dynaloop-seilschlinge\/#local-main-organization-logo\"},\"image\":{\"@id\":\"https:\/\/bolting.eu\/en\/shop\/beal-dynaloop-seilschlinge\/#local-main-organization-logo\"},\"sameAs\":[\"https:\/\/www.facebook.com\/bolting.eu\",\"https:\/\/www.instagram.com\/bolting.eu\/\"],\"address\":{\"@id\":\"https:\/\/bolting.eu\/en\/shop\/beal-dynaloop-seilschlinge\/#local-main-place-address\"},\"geo\":{\"@type\":\"GeoCoordinates\",\"latitude\":\"47.264176340396226\",\"longitude\":\"11.380109057672346\"},\"telephone\":[\"+43 699 19083372\"],\"openingHoursSpecification\":[{\"@type\":\"OpeningHoursSpecification\",\"dayOfWeek\":[\"Monday\",\"Wednesday\",\"Friday\"],\"opens\":\"14:00\",\"closes\":\"18:00\"},{\"@type\":\"OpeningHoursSpecification\",\"dayOfWeek\":[\"Tuesday\",\"Thursday\",\"Saturday\",\"Sunday\"],\"opens\":\"00:00\",\"closes\":\"00:00\"}],\"email\":\"office@bolting.eu\",\"vatID\":\"ATU59999728\",\"priceRange\":\"$$\",\"currenciesAccepted\":\"Euro\"},{\"@type\":\"PostalAddress\",\"@id\":\"https:\/\/bolting.eu\/en\/shop\/beal-dynaloop-seilschlinge\/#local-main-place-address\",\"streetAddress\":\"Fischnalerstra\u00dfe 4\",\"addressLocality\":\"Innsbruck\",\"postalCode\":\"6020\",\"addressRegion\":\"Tirol\",\"addressCountry\":\"AT\"},{\"@type\":\"ImageObject\",\"inLanguage\":\"en-US\",\"@id\":\"https:\/\/bolting.eu\/en\/shop\/beal-dynaloop-seilschlinge\/#local-main-organization-logo\",\"url\":\"https:\/\/bolting.eu\/wp-content\/uploads\/2019\/09\/bolting-logo.png\",\"contentUrl\":\"https:\/\/bolting.eu\/wp-content\/uploads\/2019\/09\/bolting-logo.png\",\"width\":400,\"height\":211,\"caption\":\"bolting.eu\"}]}<\/script>\n<meta property=\"og:availability\" content=\"instock\" \/>\n<meta property=\"product:availability\" content=\"instock\" \/>\n<meta property=\"product:condition\" content=\"new\" \/>\n<meta name=\"geo.placename\" content=\"Innsbruck\" \/>\n<meta name=\"geo.position\" content=\"47.264176340396226;11.380109057672346\" \/>\n<meta name=\"geo.region\" content=\"Austria\" \/>\n<!-- \/ Yoast SEO Premium plugin. -->","yoast_head_json":{"title":"Beal Dynaloop Seilschlinge - 60cm, 120cm, 150cm | bolting.eu","description":"Hier findest Du die BEAL DYNALOOP SEILSCHLINGE in den L\u00e4ngen 60cm, 120cm und 150cm beim Hardwareprofi aus \ud83c\udde6\ud83c\uddf9!","robots":{"index":"index","follow":"follow","max-snippet":"max-snippet:-1","max-image-preview":"max-image-preview:large","max-video-preview":"max-video-preview:-1"},"canonical":"https:\/\/bolting.eu\/en\/shop\/beal-dynaloop-seilschlinge\/","og_locale":"en_US","og_type":"article","og_title":"Beal Dynaloop Seilschlinge","og_description":"Hier findest Du die BEAL DYNALOOP SEILSCHLINGE in den L\u00e4ngen 60cm, 120cm und 150cm beim Hardwareprofi aus \ud83c\udde6\ud83c\uddf9!","og_url":"https:\/\/bolting.eu\/en\/shop\/beal-dynaloop-seilschlinge\/","og_site_name":"bolting.eu","article_publisher":"https:\/\/www.facebook.com\/bolting.eu","article_modified_time":"2026-04-10T03:56:02+00:00","og_image":[{"width":700,"height":700,"url":"https:\/\/bolting.eu\/wp-content\/uploads\/2022\/04\/Beal-Dynaloop-Seilschlinge-1.jpg","type":"image\/jpeg"}],"twitter_card":"summary_large_image","twitter_misc":{"Availability":"In stock"},"schema":{"@context":"https:\/\/schema.org","@graph":[{"@type":["WebPage","ItemPage"],"@id":"https:\/\/bolting.eu\/en\/shop\/beal-dynaloop-seilschlinge\/","url":"https:\/\/bolting.eu\/en\/shop\/beal-dynaloop-seilschlinge\/","name":"Beal Dynaloop Seilschlinge - 60cm, 120cm, 150cm | bolting.eu","isPartOf":{"@id":"https:\/\/bolting.eu\/en\/#website"},"primaryImageOfPage":{"@id":"https:\/\/bolting.eu\/en\/shop\/beal-dynaloop-seilschlinge\/#primaryimage"},"image":{"@id":"https:\/\/bolting.eu\/en\/shop\/beal-dynaloop-seilschlinge\/#primaryimage"},"thumbnailUrl":"https:\/\/bolting.eu\/wp-content\/uploads\/2022\/04\/Beal-Dynaloop-Seilschlinge-1.jpg","datePublished":"2022-04-01T11:03:43+00:00","dateModified":"2026-04-10T03:56:02+00:00","description":"Hier findest Du die BEAL DYNALOOP SEILSCHLINGE in den L\u00e4ngen 60cm, 120cm und 150cm beim Hardwareprofi aus \ud83c\udde6\ud83c\uddf9!","breadcrumb":{"@id":"https:\/\/bolting.eu\/en\/shop\/beal-dynaloop-seilschlinge\/#breadcrumb"},"inLanguage":"en-US","potentialAction":[{"@type":"ReadAction","target":["https:\/\/bolting.eu\/en\/shop\/beal-dynaloop-seilschlinge\/"]}]},{"@type":"ImageObject","inLanguage":"en-US","@id":"https:\/\/bolting.eu\/en\/shop\/beal-dynaloop-seilschlinge\/#primaryimage","url":"https:\/\/bolting.eu\/wp-content\/uploads\/2022\/04\/Beal-Dynaloop-Seilschlinge-1.jpg","contentUrl":"https:\/\/bolting.eu\/wp-content\/uploads\/2022\/04\/Beal-Dynaloop-Seilschlinge-1.jpg","width":700,"height":700,"caption":"Das Bild zeigt die drei Modelle der Beal Dynaloop Seilschlinge in pink, t\u00fcrkis und gelb nebeneinander."},{"@type":"BreadcrumbList","@id":"https:\/\/bolting.eu\/en\/shop\/beal-dynaloop-seilschlinge\/#breadcrumb","itemListElement":[{"@type":"ListItem","position":1,"name":"Shop","item":"https:\/\/bolting.eu\/en\/shop\/"},{"@type":"ListItem","position":2,"name":"Industrial climbing gear","item":"https:\/\/bolting.eu\/en\/produkt-kategorie\/industrial-climbing-gear\/"},{"@type":"ListItem","position":3,"name":"Seilschlingen","item":"https:\/\/bolting.eu\/produkt-kategorie\/industriekletter-ausruestung\/seilschlingen\/"},{"@type":"ListItem","position":4,"name":"Beal Dynaloop Seilschlinge"}]},{"@type":"WebSite","@id":"https:\/\/bolting.eu\/en\/#website","url":"https:\/\/bolting.eu\/en\/","name":"bolting.eu","description":"we make climbs happen","publisher":{"@id":"https:\/\/bolting.eu\/en\/#organization"},"potentialAction":[{"@type":"SearchAction","target":{"@type":"EntryPoint","urlTemplate":"https:\/\/bolting.eu\/en\/?s={search_term_string}"},"query-input":{"@type":"PropertyValueSpecification","valueRequired":true,"valueName":"search_term_string"}}],"inLanguage":"en-US"},{"@type":["Organization","Place","SportingGoodsStore"],"@id":"https:\/\/bolting.eu\/en\/#organization","name":"bolting.eu","url":"https:\/\/bolting.eu\/en\/","logo":{"@id":"https:\/\/bolting.eu\/en\/shop\/beal-dynaloop-seilschlinge\/#local-main-organization-logo"},"image":{"@id":"https:\/\/bolting.eu\/en\/shop\/beal-dynaloop-seilschlinge\/#local-main-organization-logo"},"sameAs":["https:\/\/www.facebook.com\/bolting.eu","https:\/\/www.instagram.com\/bolting.eu\/"],"address":{"@id":"https:\/\/bolting.eu\/en\/shop\/beal-dynaloop-seilschlinge\/#local-main-place-address"},"geo":{"@type":"GeoCoordinates","latitude":"47.264176340396226","longitude":"11.380109057672346"},"telephone":["+43 699 19083372"],"openingHoursSpecification":[{"@type":"OpeningHoursSpecification","dayOfWeek":["Monday","Wednesday","Friday"],"opens":"14:00","closes":"18:00"},{"@type":"OpeningHoursSpecification","dayOfWeek":["Tuesday","Thursday","Saturday","Sunday"],"opens":"00:00","closes":"00:00"}],"email":"office@bolting.eu","vatID":"ATU59999728","priceRange":"$$","currenciesAccepted":"Euro"},{"@type":"PostalAddress","@id":"https:\/\/bolting.eu\/en\/shop\/beal-dynaloop-seilschlinge\/#local-main-place-address","streetAddress":"Fischnalerstra\u00dfe 4","addressLocality":"Innsbruck","postalCode":"6020","addressRegion":"Tirol","addressCountry":"AT"},{"@type":"ImageObject","inLanguage":"en-US","@id":"https:\/\/bolting.eu\/en\/shop\/beal-dynaloop-seilschlinge\/#local-main-organization-logo","url":"https:\/\/bolting.eu\/wp-content\/uploads\/2019\/09\/bolting-logo.png","contentUrl":"https:\/\/bolting.eu\/wp-content\/uploads\/2019\/09\/bolting-logo.png","width":400,"height":211,"caption":"bolting.eu"}]},"og_availability":"instock","product_availability":"instock","product_condition":"new","geo.placename":"Innsbruck","geo.position":{"lat":"47.264176340396226","long":"11.380109057672346"},"geo.region":"Austria"},"_links":{"self":[{"href":"https:\/\/bolting.eu\/en\/wp-json\/wp\/v2\/product\/11560","targetHints":{"allow":["GET"]}}],"collection":[{"href":"https:\/\/bolting.eu\/en\/wp-json\/wp\/v2\/product"}],"about":[{"href":"https:\/\/bolting.eu\/en\/wp-json\/wp\/v2\/types\/product"}],"replies":[{"embeddable":true,"href":"https:\/\/bolting.eu\/en\/wp-json\/wp\/v2\/comments?post=11560"}],"wp:featuredmedia":[{"embeddable":true,"href":"https:\/\/bolting.eu\/en\/wp-json\/wp\/v2\/media\/11567"}],"wp:attachment":[{"href":"https:\/\/bolting.eu\/en\/wp-json\/wp\/v2\/media?parent=11560"}],"wp:term":[{"taxonomy":"product_brand","embeddable":true,"href":"https:\/\/bolting.eu\/en\/wp-json\/wp\/v2\/product_brand?post=11560"},{"taxonomy":"product_cat","embeddable":true,"href":"https:\/\/bolting.eu\/en\/wp-json\/wp\/v2\/product_cat?post=11560"},{"taxonomy":"product_tag","embeddable":true,"href":"https:\/\/bolting.eu\/en\/wp-json\/wp\/v2\/product_tag?post=11560"}],"curies":[{"name":"wp","href":"https:\/\/api.w.org\/{rel}","templated":true}]}}