{"id":11447,"date":"2022-02-28T17:04:20","date_gmt":"2022-02-28T16:04:20","guid":{"rendered":"https:\/\/bolting.eu\/?post_type=product&#038;p=11447"},"modified":"2026-04-12T10:06:04","modified_gmt":"2026-04-12T08:06:04","slug":"petzl-oxan-stahlkarabiner","status":"publish","type":"product","link":"https:\/\/bolting.eu\/en\/shop\/petzl-oxan-stahlkarabiner\/","title":{"rendered":"Petzl Oxan Stahlkarabiner"},"content":{"rendered":"<p>Der <a href=\"https:\/\/bolting.eu\/produkt-kategorie\/petzl\/\">Petzl<\/a> Oxan Stahlkarabiner ist ein beliebtes, ovales Modell. Er ist einer unserer Besteller in unserem <a href=\"https:\/\/bolting.eu\/industrieklettershop\/\">Industrieklettershop<\/a>.<\/p>\n<p>Diese Form erm\u00f6glicht es, den Karabiner optimal in einer Vielzahl von Anschlagpunkten ideal zu positionieren. D.h. der L\u00e4ngsrichtung nach.<\/p>\n<p>Dieses Modell ist in zwei Varianten verf\u00fcgbar. Zum einen als Screw-Lock. Und zum anderen als Triact-Lock. Die weiteren Features sind wie folgt.<\/p>\n<p>Erstens der Keylock Verschluss. Somit gibt es kein Verhaken der Nase mehr. Zweitens die glatte, innere Oberfl\u00e4che f\u00fcr leichtes Drehen. Und drittens das gewichtssparende H-Profil.<\/p>\n<p>Fazit: wer einen ovalen Stahlkarabiner sucht ist hier richtig!<\/p>\n<p>Wer einen viel gr\u00f6\u00dferes Modell sucht, sollte sich den <a href=\"https:\/\/bolting.eu\/shop\/petzl-vulcan-stahlkarabiner\/\">Vulcan<\/a> anschauen.<\/p>\n<h2>Eigenschaften Petzl Oxan Stahlkarabiner<\/h2>\n<ul>\n<li>Hersteller: <a href=\"https:\/\/bolting.eu\/produkt-kategorie\/petzl\/\">Petzl<\/a><\/li>\n<li>Material: Karbonstahl<\/li>\n<li>Normen:\u00a0<a href=\"https:\/\/bolting.eu\/en-362-norm\/\">EN 362<\/a><\/li>\n<li>Bruchlast Karabiner l\u00e4ngs \u2013 quer \u2013 offen: 38 kN \u2013 16 kN \u2013 15 kN<\/li>\n<li>Gewicht: 185 Gramm (Screw-Lock) bzw. 195 Gramm (Twist-Lock)<\/li>\n<li>Schnapper\u00f6ffnung: 22mm<\/li>\n<li>innere Oberfl\u00e4che abgerundet zum leichteren Drehen<\/li>\n<li>H-Profil f\u00fcr Gewichtsersparnis<\/li>\n<li>Keylock Verschluss &#8211; kein Verhaken<\/li>\n<li>extrem langlebig<\/li>\n<li><a href=\"https:\/\/www.petzl.com\/AT\/de\/Professional\/Verbindungselemente\/OXAN#:~:text=Das%20PDF%20herunterladen%20%3A%20technical%2Dnotice%2DOXAN%2DVULCAN%2Deurope%2D1%20%2D%201.89%20MB\" target=\"_blank\" rel=\"noopener\">Gebrauchsanleitung<\/a><\/li>\n<\/ul>\n<h3>Captive Positionierungsb\u00fcgel<\/h3>\n<p><a href=\"https:\/\/bolting.eu\/wp-content\/uploads\/2022\/02\/Petzl-Oxan-Triact-Lock-CAptive.jpg\"><img loading=\"lazy\" decoding=\"async\" class=\"alignleft wp-image-11452\" src=\"https:\/\/bolting.eu\/wp-content\/uploads\/2022\/02\/Petzl-Oxan-Triact-Lock-CAptive.jpg\" alt=\"Das Bild zeigt einen silbernen Stahlkarabiner mit Sicherheitsb\u00fcgel.\" width=\"200\" height=\"200\" srcset=\"https:\/\/bolting.eu\/wp-content\/uploads\/2022\/02\/Petzl-Oxan-Triact-Lock-CAptive.jpg 700w, https:\/\/bolting.eu\/wp-content\/uploads\/2022\/02\/Petzl-Oxan-Triact-Lock-CAptive-247x247.jpg 247w, https:\/\/bolting.eu\/wp-content\/uploads\/2022\/02\/Petzl-Oxan-Triact-Lock-CAptive-100x100.jpg 100w, https:\/\/bolting.eu\/wp-content\/uploads\/2022\/02\/Petzl-Oxan-Triact-Lock-CAptive-510x510.jpg 510w, https:\/\/bolting.eu\/wp-content\/uploads\/2022\/02\/Petzl-Oxan-Triact-Lock-CAptive-400x400.jpg 400w, https:\/\/bolting.eu\/wp-content\/uploads\/2022\/02\/Petzl-Oxan-Triact-Lock-CAptive-280x280.jpg 280w, https:\/\/bolting.eu\/wp-content\/uploads\/2022\/02\/Petzl-Oxan-Triact-Lock-CAptive-300x300.jpg 300w, https:\/\/bolting.eu\/wp-content\/uploads\/2022\/02\/Petzl-Oxan-Triact-Lock-CAptive-600x600.jpg 600w\" sizes=\"auto, (max-width: 200px) 100vw, 200px\" \/><\/a>Der Petzl Oxan Stahlkarabiner ist mit diesem optionalen B\u00fcgel aufr\u00fcstbar. Mit ihm kann man den Karabiner in seiner L\u00e4ngsrichtung perfekt fixieren.<\/p>\n<p>Somit k\u00f6nnen gef\u00e4hrliche Querbelastungen bzw. ein l\u00e4stiges Verdrehen verhindert werden. Folglich kann ein Nachr\u00fcsten der passenden <a href=\"https:\/\/bolting.eu\/produkt-kategorie\/industriekletter-ausruestung\/\">Industriekletterausr\u00fcstung<\/a> wie z.B. dem <a href=\"https:\/\/bolting.eu\/shop\/petzl-id-s\/\">ID Abseilger\u00e4t<\/a> oder <a href=\"https:\/\/bolting.eu\/shop\/petzl-asap-mitlaufendes-auffanggeraet\/\">ASAP Auffangger\u00e4t<\/a> extrem sinnvoll sein!<\/p>\n","protected":false},"excerpt":{"rendered":"<p>Dieser ovale Stahlkarabiner erm\u00f6glicht die ideale Positionierung in vielen Anschlagpunkten. Durch seine Form richtet sich das Modell ideal der L\u00e4ngsrichtung nach aus.<\/p>\n<p>Ein Keylock Verschluss, glatte, innere Oberfl\u00e4che und H-Profil runden den Karabiner perfekt ab!<\/p>\n<p>Versandkostenfrei bis 2kg in\u00a0<img decoding=\"async\" class=\"emoji\" role=\"img\" draggable=\"false\" src=\"https:\/\/s.w.org\/images\/core\/emoji\/14.0.0\/svg\/1f1e6-1f1f9.svg\" alt=\"\ud83c\udde6\ud83c\uddf9\" \/>\u00a0ab \u20ac 100,- und\u00a0<img decoding=\"async\" class=\"emoji\" role=\"img\" draggable=\"false\" src=\"https:\/\/s.w.org\/images\/core\/emoji\/14.0.0\/svg\/1f1e9-1f1ea.svg\" alt=\"\ud83c\udde9\ud83c\uddea\" \/>\u00a0ab \u20ac 200,-!<\/p>\n","protected":false},"featured_media":33600,"comment_status":"open","ping_status":"closed","template":"","meta":[],"product_brand":[],"product_cat":[14513,29,14749,44,15205,3003,14093],"product_tag":[],"class_list":{"0":"post-11447","1":"product","2":"type-product","3":"status-publish","4":"has-post-thumbnail","6":"product_cat-industriekletter-ausruestung","7":"product_cat-kletterausruestung","8":"product_cat-verbindungselemente","9":"product_cat-kletterkarabiner","10":"product_cat-karabiner-schwarz","11":"product_cat-stahlkarabiner","12":"product_cat-petzl","14":"first","15":"instock","16":"taxable","17":"shipping-taxable","18":"purchasable","19":"product-type-variable"},"yoast_head":"<!-- This site is optimized with the Yoast SEO Premium plugin v26.9 (Yoast SEO v26.9) - https:\/\/yoast.com\/product\/yoast-seo-premium-wordpress\/ -->\n<title>Petzl Oxan Stahlkarabiner - Screw-Lock &amp; Triact-Lock | bolting.eu<\/title>\n<meta name=\"description\" content=\"PETZL OXAN STAHLKARABINER beim Industriekletterprofi kaufen \u2705 Trusted Shop \u2705 kostenloser Versand* \u2705 14 Tage R\u00fcckgaberecht \u2705 Co2 neutrale Zustellung\" \/>\n<meta name=\"robots\" content=\"index, follow, max-snippet:-1, max-image-preview:large, max-video-preview:-1\" \/>\n<link rel=\"canonical\" href=\"https:\/\/bolting.eu\/en\/shop\/petzl-oxan-stahlkarabiner\/\" \/>\n<meta property=\"og:locale\" content=\"en_US\" \/>\n<meta property=\"og:type\" content=\"article\" \/>\n<meta property=\"og:title\" content=\"Petzl Oxan Stahlkarabiner\" \/>\n<meta property=\"og:description\" content=\"PETZL OXAN STAHLKARABINER beim Industriekletterprofi kaufen \u2705 Trusted Shop \u2705 kostenloser Versand* \u2705 14 Tage R\u00fcckgaberecht \u2705 Co2 neutrale Zustellung\" \/>\n<meta property=\"og:url\" content=\"https:\/\/bolting.eu\/en\/shop\/petzl-oxan-stahlkarabiner\/\" \/>\n<meta property=\"og:site_name\" content=\"bolting.eu\" \/>\n<meta property=\"article:publisher\" content=\"https:\/\/www.facebook.com\/bolting.eu\" \/>\n<meta property=\"article:modified_time\" content=\"2026-04-12T08:06:04+00:00\" \/>\n<meta property=\"og:image\" content=\"https:\/\/bolting.eu\/wp-content\/uploads\/2022\/02\/Petzl-Oxan-TL-schwarz.jpg\" \/>\n\t<meta property=\"og:image:width\" content=\"700\" \/>\n\t<meta property=\"og:image:height\" content=\"700\" \/>\n\t<meta property=\"og:image:type\" content=\"image\/jpeg\" \/>\n<meta name=\"twitter:card\" content=\"summary_large_image\" \/>\n<meta name=\"twitter:label1\" content=\"Availability\" \/>\n\t<meta name=\"twitter:data1\" content=\"In stock\" \/>\n<script type=\"application\/ld+json\" class=\"yoast-schema-graph\">{\"@context\":\"https:\/\/schema.org\",\"@graph\":[{\"@type\":[\"WebPage\",\"ItemPage\"],\"@id\":\"https:\/\/bolting.eu\/en\/shop\/petzl-oxan-stahlkarabiner\/\",\"url\":\"https:\/\/bolting.eu\/en\/shop\/petzl-oxan-stahlkarabiner\/\",\"name\":\"Petzl Oxan Stahlkarabiner - Screw-Lock & Triact-Lock | bolting.eu\",\"isPartOf\":{\"@id\":\"https:\/\/bolting.eu\/en\/#website\"},\"primaryImageOfPage\":{\"@id\":\"https:\/\/bolting.eu\/en\/shop\/petzl-oxan-stahlkarabiner\/#primaryimage\"},\"image\":{\"@id\":\"https:\/\/bolting.eu\/en\/shop\/petzl-oxan-stahlkarabiner\/#primaryimage\"},\"thumbnailUrl\":\"https:\/\/bolting.eu\/wp-content\/uploads\/2022\/02\/Petzl-Oxan-TL-schwarz.jpg\",\"datePublished\":\"2022-02-28T16:04:20+00:00\",\"dateModified\":\"2026-04-12T08:06:04+00:00\",\"description\":\"PETZL OXAN STAHLKARABINER beim Industriekletterprofi kaufen \u2705 Trusted Shop \u2705 kostenloser Versand* \u2705 14 Tage R\u00fcckgaberecht \u2705 Co2 neutrale Zustellung\",\"breadcrumb\":{\"@id\":\"https:\/\/bolting.eu\/en\/shop\/petzl-oxan-stahlkarabiner\/#breadcrumb\"},\"inLanguage\":\"en-US\",\"potentialAction\":[{\"@type\":\"ReadAction\",\"target\":[\"https:\/\/bolting.eu\/en\/shop\/petzl-oxan-stahlkarabiner\/\"]}]},{\"@type\":\"ImageObject\",\"inLanguage\":\"en-US\",\"@id\":\"https:\/\/bolting.eu\/en\/shop\/petzl-oxan-stahlkarabiner\/#primaryimage\",\"url\":\"https:\/\/bolting.eu\/wp-content\/uploads\/2022\/02\/Petzl-Oxan-TL-schwarz.jpg\",\"contentUrl\":\"https:\/\/bolting.eu\/wp-content\/uploads\/2022\/02\/Petzl-Oxan-TL-schwarz.jpg\",\"width\":700,\"height\":700,\"caption\":\"Schwarzer Petzl OK Karabiner schwarz mit Triact Lock Verschluss.\"},{\"@type\":\"BreadcrumbList\",\"@id\":\"https:\/\/bolting.eu\/en\/shop\/petzl-oxan-stahlkarabiner\/#breadcrumb\",\"itemListElement\":[{\"@type\":\"ListItem\",\"position\":1,\"name\":\"Shop\",\"item\":\"https:\/\/bolting.eu\/en\/shop\/\"},{\"@type\":\"ListItem\",\"position\":2,\"name\":\"climbing equipment\",\"item\":\"https:\/\/bolting.eu\/en\/produkt-kategorie\/climbing-equipment\/\"},{\"@type\":\"ListItem\",\"position\":3,\"name\":\"Climbing carabiner\",\"item\":\"https:\/\/bolting.eu\/en\/produkt-kategorie\/climbing-carabiner\/\"},{\"@type\":\"ListItem\",\"position\":4,\"name\":\"Steel carabiner\",\"item\":\"https:\/\/bolting.eu\/en\/produkt-kategorie\/steel-carabiner\/\"},{\"@type\":\"ListItem\",\"position\":5,\"name\":\"Petzl Oxan Stahlkarabiner\"}]},{\"@type\":\"WebSite\",\"@id\":\"https:\/\/bolting.eu\/en\/#website\",\"url\":\"https:\/\/bolting.eu\/en\/\",\"name\":\"bolting.eu\",\"description\":\"we make climbs happen\",\"publisher\":{\"@id\":\"https:\/\/bolting.eu\/en\/#organization\"},\"potentialAction\":[{\"@type\":\"SearchAction\",\"target\":{\"@type\":\"EntryPoint\",\"urlTemplate\":\"https:\/\/bolting.eu\/en\/?s={search_term_string}\"},\"query-input\":{\"@type\":\"PropertyValueSpecification\",\"valueRequired\":true,\"valueName\":\"search_term_string\"}}],\"inLanguage\":\"en-US\"},{\"@type\":[\"Organization\",\"Place\",\"SportingGoodsStore\"],\"@id\":\"https:\/\/bolting.eu\/en\/#organization\",\"name\":\"bolting.eu\",\"url\":\"https:\/\/bolting.eu\/en\/\",\"logo\":{\"@id\":\"https:\/\/bolting.eu\/en\/shop\/petzl-oxan-stahlkarabiner\/#local-main-organization-logo\"},\"image\":{\"@id\":\"https:\/\/bolting.eu\/en\/shop\/petzl-oxan-stahlkarabiner\/#local-main-organization-logo\"},\"sameAs\":[\"https:\/\/www.facebook.com\/bolting.eu\",\"https:\/\/www.instagram.com\/bolting.eu\/\"],\"address\":{\"@id\":\"https:\/\/bolting.eu\/en\/shop\/petzl-oxan-stahlkarabiner\/#local-main-place-address\"},\"geo\":{\"@type\":\"GeoCoordinates\",\"latitude\":\"47.264176340396226\",\"longitude\":\"11.380109057672346\"},\"telephone\":[\"+43 699 19083372\"],\"openingHoursSpecification\":[{\"@type\":\"OpeningHoursSpecification\",\"dayOfWeek\":[\"Monday\",\"Wednesday\",\"Friday\"],\"opens\":\"14:00\",\"closes\":\"18:00\"},{\"@type\":\"OpeningHoursSpecification\",\"dayOfWeek\":[\"Tuesday\",\"Thursday\",\"Saturday\",\"Sunday\"],\"opens\":\"00:00\",\"closes\":\"00:00\"}],\"email\":\"office@bolting.eu\",\"vatID\":\"ATU59999728\",\"priceRange\":\"$$\",\"currenciesAccepted\":\"Euro\"},{\"@type\":\"PostalAddress\",\"@id\":\"https:\/\/bolting.eu\/en\/shop\/petzl-oxan-stahlkarabiner\/#local-main-place-address\",\"streetAddress\":\"Fischnalerstra\u00dfe 4\",\"addressLocality\":\"Innsbruck\",\"postalCode\":\"6020\",\"addressRegion\":\"Tirol\",\"addressCountry\":\"AT\"},{\"@type\":\"ImageObject\",\"inLanguage\":\"en-US\",\"@id\":\"https:\/\/bolting.eu\/en\/shop\/petzl-oxan-stahlkarabiner\/#local-main-organization-logo\",\"url\":\"https:\/\/bolting.eu\/wp-content\/uploads\/2019\/09\/bolting-logo.png\",\"contentUrl\":\"https:\/\/bolting.eu\/wp-content\/uploads\/2019\/09\/bolting-logo.png\",\"width\":400,\"height\":211,\"caption\":\"bolting.eu\"}]}<\/script>\n<meta property=\"og:availability\" content=\"instock\" \/>\n<meta property=\"product:availability\" content=\"instock\" \/>\n<meta property=\"product:condition\" content=\"new\" \/>\n<meta name=\"geo.placename\" content=\"Innsbruck\" \/>\n<meta name=\"geo.position\" content=\"47.264176340396226;11.380109057672346\" \/>\n<meta name=\"geo.region\" content=\"Austria\" \/>\n<!-- \/ Yoast SEO Premium plugin. -->","yoast_head_json":{"title":"Petzl Oxan Stahlkarabiner - Screw-Lock & Triact-Lock | bolting.eu","description":"PETZL OXAN STAHLKARABINER beim Industriekletterprofi kaufen \u2705 Trusted Shop \u2705 kostenloser Versand* \u2705 14 Tage R\u00fcckgaberecht \u2705 Co2 neutrale Zustellung","robots":{"index":"index","follow":"follow","max-snippet":"max-snippet:-1","max-image-preview":"max-image-preview:large","max-video-preview":"max-video-preview:-1"},"canonical":"https:\/\/bolting.eu\/en\/shop\/petzl-oxan-stahlkarabiner\/","og_locale":"en_US","og_type":"article","og_title":"Petzl Oxan Stahlkarabiner","og_description":"PETZL OXAN STAHLKARABINER beim Industriekletterprofi kaufen \u2705 Trusted Shop \u2705 kostenloser Versand* \u2705 14 Tage R\u00fcckgaberecht \u2705 Co2 neutrale Zustellung","og_url":"https:\/\/bolting.eu\/en\/shop\/petzl-oxan-stahlkarabiner\/","og_site_name":"bolting.eu","article_publisher":"https:\/\/www.facebook.com\/bolting.eu","article_modified_time":"2026-04-12T08:06:04+00:00","og_image":[{"width":700,"height":700,"url":"https:\/\/bolting.eu\/wp-content\/uploads\/2022\/02\/Petzl-Oxan-TL-schwarz.jpg","type":"image\/jpeg"}],"twitter_card":"summary_large_image","twitter_misc":{"Availability":"In stock"},"schema":{"@context":"https:\/\/schema.org","@graph":[{"@type":["WebPage","ItemPage"],"@id":"https:\/\/bolting.eu\/en\/shop\/petzl-oxan-stahlkarabiner\/","url":"https:\/\/bolting.eu\/en\/shop\/petzl-oxan-stahlkarabiner\/","name":"Petzl Oxan Stahlkarabiner - Screw-Lock & Triact-Lock | bolting.eu","isPartOf":{"@id":"https:\/\/bolting.eu\/en\/#website"},"primaryImageOfPage":{"@id":"https:\/\/bolting.eu\/en\/shop\/petzl-oxan-stahlkarabiner\/#primaryimage"},"image":{"@id":"https:\/\/bolting.eu\/en\/shop\/petzl-oxan-stahlkarabiner\/#primaryimage"},"thumbnailUrl":"https:\/\/bolting.eu\/wp-content\/uploads\/2022\/02\/Petzl-Oxan-TL-schwarz.jpg","datePublished":"2022-02-28T16:04:20+00:00","dateModified":"2026-04-12T08:06:04+00:00","description":"PETZL OXAN STAHLKARABINER beim Industriekletterprofi kaufen \u2705 Trusted Shop \u2705 kostenloser Versand* \u2705 14 Tage R\u00fcckgaberecht \u2705 Co2 neutrale Zustellung","breadcrumb":{"@id":"https:\/\/bolting.eu\/en\/shop\/petzl-oxan-stahlkarabiner\/#breadcrumb"},"inLanguage":"en-US","potentialAction":[{"@type":"ReadAction","target":["https:\/\/bolting.eu\/en\/shop\/petzl-oxan-stahlkarabiner\/"]}]},{"@type":"ImageObject","inLanguage":"en-US","@id":"https:\/\/bolting.eu\/en\/shop\/petzl-oxan-stahlkarabiner\/#primaryimage","url":"https:\/\/bolting.eu\/wp-content\/uploads\/2022\/02\/Petzl-Oxan-TL-schwarz.jpg","contentUrl":"https:\/\/bolting.eu\/wp-content\/uploads\/2022\/02\/Petzl-Oxan-TL-schwarz.jpg","width":700,"height":700,"caption":"Schwarzer Petzl OK Karabiner schwarz mit Triact Lock Verschluss."},{"@type":"BreadcrumbList","@id":"https:\/\/bolting.eu\/en\/shop\/petzl-oxan-stahlkarabiner\/#breadcrumb","itemListElement":[{"@type":"ListItem","position":1,"name":"Shop","item":"https:\/\/bolting.eu\/en\/shop\/"},{"@type":"ListItem","position":2,"name":"climbing equipment","item":"https:\/\/bolting.eu\/en\/produkt-kategorie\/climbing-equipment\/"},{"@type":"ListItem","position":3,"name":"Climbing carabiner","item":"https:\/\/bolting.eu\/en\/produkt-kategorie\/climbing-carabiner\/"},{"@type":"ListItem","position":4,"name":"Steel carabiner","item":"https:\/\/bolting.eu\/en\/produkt-kategorie\/steel-carabiner\/"},{"@type":"ListItem","position":5,"name":"Petzl Oxan Stahlkarabiner"}]},{"@type":"WebSite","@id":"https:\/\/bolting.eu\/en\/#website","url":"https:\/\/bolting.eu\/en\/","name":"bolting.eu","description":"we make climbs happen","publisher":{"@id":"https:\/\/bolting.eu\/en\/#organization"},"potentialAction":[{"@type":"SearchAction","target":{"@type":"EntryPoint","urlTemplate":"https:\/\/bolting.eu\/en\/?s={search_term_string}"},"query-input":{"@type":"PropertyValueSpecification","valueRequired":true,"valueName":"search_term_string"}}],"inLanguage":"en-US"},{"@type":["Organization","Place","SportingGoodsStore"],"@id":"https:\/\/bolting.eu\/en\/#organization","name":"bolting.eu","url":"https:\/\/bolting.eu\/en\/","logo":{"@id":"https:\/\/bolting.eu\/en\/shop\/petzl-oxan-stahlkarabiner\/#local-main-organization-logo"},"image":{"@id":"https:\/\/bolting.eu\/en\/shop\/petzl-oxan-stahlkarabiner\/#local-main-organization-logo"},"sameAs":["https:\/\/www.facebook.com\/bolting.eu","https:\/\/www.instagram.com\/bolting.eu\/"],"address":{"@id":"https:\/\/bolting.eu\/en\/shop\/petzl-oxan-stahlkarabiner\/#local-main-place-address"},"geo":{"@type":"GeoCoordinates","latitude":"47.264176340396226","longitude":"11.380109057672346"},"telephone":["+43 699 19083372"],"openingHoursSpecification":[{"@type":"OpeningHoursSpecification","dayOfWeek":["Monday","Wednesday","Friday"],"opens":"14:00","closes":"18:00"},{"@type":"OpeningHoursSpecification","dayOfWeek":["Tuesday","Thursday","Saturday","Sunday"],"opens":"00:00","closes":"00:00"}],"email":"office@bolting.eu","vatID":"ATU59999728","priceRange":"$$","currenciesAccepted":"Euro"},{"@type":"PostalAddress","@id":"https:\/\/bolting.eu\/en\/shop\/petzl-oxan-stahlkarabiner\/#local-main-place-address","streetAddress":"Fischnalerstra\u00dfe 4","addressLocality":"Innsbruck","postalCode":"6020","addressRegion":"Tirol","addressCountry":"AT"},{"@type":"ImageObject","inLanguage":"en-US","@id":"https:\/\/bolting.eu\/en\/shop\/petzl-oxan-stahlkarabiner\/#local-main-organization-logo","url":"https:\/\/bolting.eu\/wp-content\/uploads\/2019\/09\/bolting-logo.png","contentUrl":"https:\/\/bolting.eu\/wp-content\/uploads\/2019\/09\/bolting-logo.png","width":400,"height":211,"caption":"bolting.eu"}]},"og_availability":"instock","product_availability":"instock","product_condition":"new","geo.placename":"Innsbruck","geo.position":{"lat":"47.264176340396226","long":"11.380109057672346"},"geo.region":"Austria"},"_links":{"self":[{"href":"https:\/\/bolting.eu\/en\/wp-json\/wp\/v2\/product\/11447","targetHints":{"allow":["GET"]}}],"collection":[{"href":"https:\/\/bolting.eu\/en\/wp-json\/wp\/v2\/product"}],"about":[{"href":"https:\/\/bolting.eu\/en\/wp-json\/wp\/v2\/types\/product"}],"replies":[{"embeddable":true,"href":"https:\/\/bolting.eu\/en\/wp-json\/wp\/v2\/comments?post=11447"}],"wp:featuredmedia":[{"embeddable":true,"href":"https:\/\/bolting.eu\/en\/wp-json\/wp\/v2\/media\/33600"}],"wp:attachment":[{"href":"https:\/\/bolting.eu\/en\/wp-json\/wp\/v2\/media?parent=11447"}],"wp:term":[{"taxonomy":"product_brand","embeddable":true,"href":"https:\/\/bolting.eu\/en\/wp-json\/wp\/v2\/product_brand?post=11447"},{"taxonomy":"product_cat","embeddable":true,"href":"https:\/\/bolting.eu\/en\/wp-json\/wp\/v2\/product_cat?post=11447"},{"taxonomy":"product_tag","embeddable":true,"href":"https:\/\/bolting.eu\/en\/wp-json\/wp\/v2\/product_tag?post=11447"}],"curies":[{"name":"wp","href":"https:\/\/api.w.org\/{rel}","templated":true}]}}