{"id":11441,"date":"2022-02-28T16:39:21","date_gmt":"2022-02-28T15:39:21","guid":{"rendered":"https:\/\/bolting.eu\/?post_type=product&#038;p=11441"},"modified":"2026-02-25T12:01:50","modified_gmt":"2026-02-25T11:01:50","slug":"petzl-vulcan-stahlkarabiner","status":"publish","type":"product","link":"https:\/\/bolting.eu\/en\/shop\/petzl-vulcan-stahlkarabiner\/","title":{"rendered":"Petzl Vulcan Stahlkarabiner"},"content":{"rendered":"<p>Der Petzl Vulcan Stahlkarabiner ist ein gro\u00dfes asymmetrisches Modell. Er ist einer der Bestseller in unserem <a href=\"https:\/\/bolting.eu\/industrieklettershop\/\">Industrieklettershop<\/a>.<\/p>\n<p>Mit 45kN hat er eine extrem gro\u00dfe Bruchlast. Folglich ist er f\u00fcr extreme Lasten und schwierige Arbeitsumgebungen perfekt geeignet.<\/p>\n<p>Wie z.B. zur Installation mehrerer Anschlagpunkte oder Einh\u00e4ngen von <a href=\"https:\/\/bolting.eu\/produkt-kategorie\/industriekletter-ausruestung\/seilschlingen\/\">Seilschlingen<\/a> beim Industrieklettern.<\/p>\n<p>Der Stahlkarabiner ist in zwei Varianten und Farben verf\u00fcgbar. Erstens als Screw-Lock und zweitens als 3-Wege Twist-Lock.<\/p>\n<p>Die beliebten Features des Vulcan sind zum einen die innere, kantenfreie Oberfl\u00e4che. Und zum anderen das H-Profil um Gewicht zu sparen.<\/p>\n<p>Fazit. Wer einen gro\u00dfen Stahlkarabiner mit gro\u00dfer Schnapper\u00f6ffnung sucht, der ist hier richtig!<\/p>\n<p>Wer einen kleineren Stahlkarabiner sucht, sollte sich den <a href=\"https:\/\/bolting.eu\/shop\/petzl-oxan-stahlkarabiner\/\">Oxan<\/a> anschauen!<\/p>\n<h2>Eigenschaften Petzl Vulcan<\/h2>\n<ul>\n<li>Hersteller: <a href=\"https:\/\/bolting.eu\/produkt-kategorie\/petzl\/\">Petzl<\/a><\/li>\n<li>Material: Karbonstahl<\/li>\n<li>Normen: <a href=\"https:\/\/bolting.eu\/en-362-norm\/\">EN 362<\/a><\/li>\n<li>Bruchlast Karabiner l\u00e4ngs &#8211; quer &#8211; offen: 45 kN &#8211; 16 kN &#8211; 18 kN<\/li>\n<li>Gewicht: 235 Gramm (Screw-Lock) bzw. 245 Gramm (Twist-Lock)<\/li>\n<li>innere Oberfl\u00e4che abgerundet zum leichteren Drehen<\/li>\n<li>H-Profil f\u00fcr Gewichtsersparnis<\/li>\n<li>extrem langlebig<\/li>\n<li>Bedienungsanleitung<\/li>\n<\/ul>\n<h3>Wann Triact-Lock?<\/h3>\n<p>Der 3-Wege Twist Lock Verschluss ist ideal, wenn man viele Ein- und Aush\u00e4nge Vorg\u00e4nge hat. Dann zahlt sich dieses System mit dem automatischen Verschluss komplett aus.<\/p>\n<h3>Wann Screw-Lock?<\/h3>\n<p>Den Petzl Vulcan Stahlkarabiner legt man sich als Schrauber zu, wenn man ihn oft sehr lange an der selben Stelle eingeh\u00e4ngt l\u00e4sst. Wie z.B. bei fixen Lasten oder bei repetitiven Arbeitsschritten.<\/p>\n<p>Schraubkarabiner sind auch bei eisigen oder Schmutzigen Verh\u00e4ltnissen zu bevorzugen.<\/p>\n<h3>Petzl Vulcan Stahlkarabiner mit Captive Positionierungsb\u00fcgel<\/h3>\n<p><a href=\"https:\/\/bolting.eu\/wp-content\/uploads\/2022\/02\/Petzl-Vulcan-Captive.jpg\"><img loading=\"lazy\" decoding=\"async\" class=\"alignleft wp-image-11446\" src=\"https:\/\/bolting.eu\/wp-content\/uploads\/2022\/02\/Petzl-Vulcan-Captive-400x400.jpg\" alt=\"Das Bild zeigt einen Stahlkarabiner mit einem schwarzen Kunststoff Positionierungsb\u00fcgel im Scheitel.\" width=\"200\" height=\"200\" srcset=\"https:\/\/bolting.eu\/wp-content\/uploads\/2022\/02\/Petzl-Vulcan-Captive-400x400.jpg 400w, https:\/\/bolting.eu\/wp-content\/uploads\/2022\/02\/Petzl-Vulcan-Captive-100x100.jpg 100w, https:\/\/bolting.eu\/wp-content\/uploads\/2022\/02\/Petzl-Vulcan-Captive-510x510.jpg 510w, https:\/\/bolting.eu\/wp-content\/uploads\/2022\/02\/Petzl-Vulcan-Captive-280x280.jpg 280w, https:\/\/bolting.eu\/wp-content\/uploads\/2022\/02\/Petzl-Vulcan-Captive-300x300.jpg 300w, https:\/\/bolting.eu\/wp-content\/uploads\/2022\/02\/Petzl-Vulcan-Captive-600x600.jpg 600w, https:\/\/bolting.eu\/wp-content\/uploads\/2022\/02\/Petzl-Vulcan-Captive.jpg 700w\" sizes=\"auto, (max-width: 200px) 100vw, 200px\" \/><\/a>Dieser Karabiner kann optional mit dem Zubeh\u00f6r &#8220;<a href=\"https:\/\/bolting.eu\/shop\/petzl-captiv-adjust\/\">Captive Adjust Positionierungsb\u00fcgel<\/a>&#8221; ausgestattet werden.<\/p>\n<p>Dabei handelt es sich um einen B\u00fcgel aus Kunststoff. Dieser wird im kleinen Scheitel befestigt und hilft dabei, den Karabiner in Belastungsrichtung auszurichten. Ein Verrutschen und somit eine Querbelastung ist nicht mehr m\u00f6glich.<\/p>\n","protected":false},"excerpt":{"rendered":"<p>Gro\u00dfer Stahlkarabiner mit asymmetrischer Form. Ideal f\u00fcr schwerste Lasten und zum Einh\u00e4ngen gro\u00dfer Objekte durch 28mm Schnapper\u00f6ffnung.<\/p>\n<p>Die innere, abgerundete Oberfl\u00e4che erleichtert ein Drehen bzw. das Gleiten von Seilen. Als Screw-Lock oder Triact-Lock in Farben bronze oder schwarz erh\u00e4ltlich.<\/p>\n<p>Versandkostenfrei bis 2kg in <img decoding=\"async\" class=\"emoji\" role=\"img\" draggable=\"false\" src=\"https:\/\/s.w.org\/images\/core\/emoji\/14.0.0\/svg\/1f1e6-1f1f9.svg\" alt=\"\ud83c\udde6\ud83c\uddf9\" \/> ab \u20ac 100,- und <img decoding=\"async\" class=\"emoji\" role=\"img\" draggable=\"false\" src=\"https:\/\/s.w.org\/images\/core\/emoji\/14.0.0\/svg\/1f1e9-1f1ea.svg\" alt=\"\ud83c\udde9\ud83c\uddea\" \/> ab \u20ac 200,-!<\/p>\n","protected":false},"featured_media":33604,"comment_status":"open","ping_status":"closed","template":"","meta":[],"product_brand":[],"product_cat":[14749,29,44,15205,3003,14093,14513],"product_tag":[],"class_list":{"0":"post-11441","1":"product","2":"type-product","3":"status-publish","4":"has-post-thumbnail","6":"product_cat-verbindungselemente","7":"product_cat-kletterausruestung","8":"product_cat-kletterkarabiner","9":"product_cat-karabiner-schwarz","10":"product_cat-stahlkarabiner","11":"product_cat-petzl","12":"product_cat-industriekletter-ausruestung","14":"first","15":"instock","16":"taxable","17":"shipping-taxable","18":"purchasable","19":"product-type-variable","20":"has-default-attributes"},"yoast_head":"<!-- This site is optimized with the Yoast SEO Premium plugin v26.9 (Yoast SEO v26.9) - https:\/\/yoast.com\/product\/yoast-seo-premium-wordpress\/ -->\n<title>Petzl Vulcan Stahlkarabiner - Schrauber &amp; Twist-Lock | bolting.eu<\/title>\n<meta name=\"description\" content=\"PETZL VULCAN STAHLKARABINER beim Industriekletterprofi kaufen \u2705 Trusted Shop \u2705 kostenloser Versand* \u2705 14 Tage R\u00fcckgaberecht \u2705 Co2 neutrale Zustellung\" \/>\n<meta name=\"robots\" content=\"index, follow, max-snippet:-1, max-image-preview:large, max-video-preview:-1\" \/>\n<link rel=\"canonical\" href=\"https:\/\/bolting.eu\/en\/shop\/petzl-vulcan-stahlkarabiner\/\" \/>\n<meta property=\"og:locale\" content=\"en_US\" \/>\n<meta property=\"og:type\" content=\"article\" \/>\n<meta property=\"og:title\" content=\"Petzl Vulcan Stahlkarabiner\" \/>\n<meta property=\"og:description\" content=\"PETZL VULCAN STAHLKARABINER beim Industriekletterprofi kaufen \u2705 Trusted Shop \u2705 kostenloser Versand* \u2705 14 Tage R\u00fcckgaberecht \u2705 Co2 neutrale Zustellung\" \/>\n<meta property=\"og:url\" content=\"https:\/\/bolting.eu\/en\/shop\/petzl-vulcan-stahlkarabiner\/\" \/>\n<meta property=\"og:site_name\" content=\"bolting.eu\" \/>\n<meta property=\"article:publisher\" content=\"https:\/\/www.facebook.com\/bolting.eu\" \/>\n<meta property=\"article:modified_time\" content=\"2026-02-25T11:01:50+00:00\" \/>\n<meta property=\"og:image\" content=\"https:\/\/bolting.eu\/wp-content\/uploads\/2022\/02\/Petzl-Vulcan-SL-schwarz-1.jpg\" \/>\n\t<meta property=\"og:image:width\" content=\"700\" \/>\n\t<meta property=\"og:image:height\" content=\"700\" \/>\n\t<meta property=\"og:image:type\" content=\"image\/jpeg\" \/>\n<meta name=\"twitter:card\" content=\"summary_large_image\" \/>\n<meta name=\"twitter:label1\" content=\"Availability\" \/>\n\t<meta name=\"twitter:data1\" content=\"In stock\" \/>\n<script type=\"application\/ld+json\" class=\"yoast-schema-graph\">{\"@context\":\"https:\/\/schema.org\",\"@graph\":[{\"@type\":[\"WebPage\",\"ItemPage\"],\"@id\":\"https:\/\/bolting.eu\/en\/shop\/petzl-vulcan-stahlkarabiner\/\",\"url\":\"https:\/\/bolting.eu\/en\/shop\/petzl-vulcan-stahlkarabiner\/\",\"name\":\"Petzl Vulcan Stahlkarabiner - Schrauber & Twist-Lock | bolting.eu\",\"isPartOf\":{\"@id\":\"https:\/\/bolting.eu\/en\/#website\"},\"primaryImageOfPage\":{\"@id\":\"https:\/\/bolting.eu\/en\/shop\/petzl-vulcan-stahlkarabiner\/#primaryimage\"},\"image\":{\"@id\":\"https:\/\/bolting.eu\/en\/shop\/petzl-vulcan-stahlkarabiner\/#primaryimage\"},\"thumbnailUrl\":\"https:\/\/bolting.eu\/wp-content\/uploads\/2022\/02\/Petzl-Vulcan-SL-schwarz-1.jpg\",\"datePublished\":\"2022-02-28T15:39:21+00:00\",\"dateModified\":\"2026-02-25T11:01:50+00:00\",\"description\":\"PETZL VULCAN STAHLKARABINER beim Industriekletterprofi kaufen \u2705 Trusted Shop \u2705 kostenloser Versand* \u2705 14 Tage R\u00fcckgaberecht \u2705 Co2 neutrale Zustellung\",\"breadcrumb\":{\"@id\":\"https:\/\/bolting.eu\/en\/shop\/petzl-vulcan-stahlkarabiner\/#breadcrumb\"},\"inLanguage\":\"en-US\",\"potentialAction\":[{\"@type\":\"ReadAction\",\"target\":[\"https:\/\/bolting.eu\/en\/shop\/petzl-vulcan-stahlkarabiner\/\"]}]},{\"@type\":\"ImageObject\",\"inLanguage\":\"en-US\",\"@id\":\"https:\/\/bolting.eu\/en\/shop\/petzl-vulcan-stahlkarabiner\/#primaryimage\",\"url\":\"https:\/\/bolting.eu\/wp-content\/uploads\/2022\/02\/Petzl-Vulcan-SL-schwarz-1.jpg\",\"contentUrl\":\"https:\/\/bolting.eu\/wp-content\/uploads\/2022\/02\/Petzl-Vulcan-SL-schwarz-1.jpg\",\"width\":700,\"height\":700,\"caption\":\"Schwarzer Petzl Vulcan Karabiner schwarz mit Screw Lock Verschluss und roter Sicherheitsmarkierung.\"},{\"@type\":\"BreadcrumbList\",\"@id\":\"https:\/\/bolting.eu\/en\/shop\/petzl-vulcan-stahlkarabiner\/#breadcrumb\",\"itemListElement\":[{\"@type\":\"ListItem\",\"position\":1,\"name\":\"Shop\",\"item\":\"https:\/\/bolting.eu\/en\/shop\/\"},{\"@type\":\"ListItem\",\"position\":2,\"name\":\"climbing equipment\",\"item\":\"https:\/\/bolting.eu\/en\/produkt-kategorie\/climbing-equipment\/\"},{\"@type\":\"ListItem\",\"position\":3,\"name\":\"Climbing carabiner\",\"item\":\"https:\/\/bolting.eu\/en\/produkt-kategorie\/climbing-carabiner\/\"},{\"@type\":\"ListItem\",\"position\":4,\"name\":\"Steel carabiner\",\"item\":\"https:\/\/bolting.eu\/en\/produkt-kategorie\/steel-carabiner\/\"},{\"@type\":\"ListItem\",\"position\":5,\"name\":\"Petzl Vulcan Stahlkarabiner\"}]},{\"@type\":\"WebSite\",\"@id\":\"https:\/\/bolting.eu\/en\/#website\",\"url\":\"https:\/\/bolting.eu\/en\/\",\"name\":\"bolting.eu\",\"description\":\"we make climbs happen\",\"publisher\":{\"@id\":\"https:\/\/bolting.eu\/en\/#organization\"},\"potentialAction\":[{\"@type\":\"SearchAction\",\"target\":{\"@type\":\"EntryPoint\",\"urlTemplate\":\"https:\/\/bolting.eu\/en\/?s={search_term_string}\"},\"query-input\":{\"@type\":\"PropertyValueSpecification\",\"valueRequired\":true,\"valueName\":\"search_term_string\"}}],\"inLanguage\":\"en-US\"},{\"@type\":[\"Organization\",\"Place\",\"SportingGoodsStore\"],\"@id\":\"https:\/\/bolting.eu\/en\/#organization\",\"name\":\"bolting.eu\",\"url\":\"https:\/\/bolting.eu\/en\/\",\"logo\":{\"@id\":\"https:\/\/bolting.eu\/en\/shop\/petzl-vulcan-stahlkarabiner\/#local-main-organization-logo\"},\"image\":{\"@id\":\"https:\/\/bolting.eu\/en\/shop\/petzl-vulcan-stahlkarabiner\/#local-main-organization-logo\"},\"sameAs\":[\"https:\/\/www.facebook.com\/bolting.eu\",\"https:\/\/www.instagram.com\/bolting.eu\/\"],\"address\":{\"@id\":\"https:\/\/bolting.eu\/en\/shop\/petzl-vulcan-stahlkarabiner\/#local-main-place-address\"},\"geo\":{\"@type\":\"GeoCoordinates\",\"latitude\":\"47.264176340396226\",\"longitude\":\"11.380109057672346\"},\"telephone\":[\"+43 699 19083372\"],\"openingHoursSpecification\":[{\"@type\":\"OpeningHoursSpecification\",\"dayOfWeek\":[\"Monday\",\"Wednesday\",\"Friday\"],\"opens\":\"14:00\",\"closes\":\"18:00\"},{\"@type\":\"OpeningHoursSpecification\",\"dayOfWeek\":[\"Tuesday\",\"Thursday\",\"Saturday\",\"Sunday\"],\"opens\":\"00:00\",\"closes\":\"00:00\"}],\"email\":\"office@bolting.eu\",\"vatID\":\"ATU59999728\",\"priceRange\":\"$$\",\"currenciesAccepted\":\"Euro\"},{\"@type\":\"PostalAddress\",\"@id\":\"https:\/\/bolting.eu\/en\/shop\/petzl-vulcan-stahlkarabiner\/#local-main-place-address\",\"streetAddress\":\"Fischnalerstra\u00dfe 4\",\"addressLocality\":\"Innsbruck\",\"postalCode\":\"6020\",\"addressRegion\":\"Tirol\",\"addressCountry\":\"AT\"},{\"@type\":\"ImageObject\",\"inLanguage\":\"en-US\",\"@id\":\"https:\/\/bolting.eu\/en\/shop\/petzl-vulcan-stahlkarabiner\/#local-main-organization-logo\",\"url\":\"https:\/\/bolting.eu\/wp-content\/uploads\/2019\/09\/bolting-logo.png\",\"contentUrl\":\"https:\/\/bolting.eu\/wp-content\/uploads\/2019\/09\/bolting-logo.png\",\"width\":400,\"height\":211,\"caption\":\"bolting.eu\"}]}<\/script>\n<meta property=\"og:availability\" content=\"instock\" \/>\n<meta property=\"product:availability\" content=\"instock\" \/>\n<meta property=\"product:condition\" content=\"new\" \/>\n<meta name=\"geo.placename\" content=\"Innsbruck\" \/>\n<meta name=\"geo.position\" content=\"47.264176340396226;11.380109057672346\" \/>\n<meta name=\"geo.region\" content=\"Austria\" \/>\n<!-- \/ Yoast SEO Premium plugin. -->","yoast_head_json":{"title":"Petzl Vulcan Stahlkarabiner - Schrauber & Twist-Lock | bolting.eu","description":"PETZL VULCAN STAHLKARABINER beim Industriekletterprofi kaufen \u2705 Trusted Shop \u2705 kostenloser Versand* \u2705 14 Tage R\u00fcckgaberecht \u2705 Co2 neutrale Zustellung","robots":{"index":"index","follow":"follow","max-snippet":"max-snippet:-1","max-image-preview":"max-image-preview:large","max-video-preview":"max-video-preview:-1"},"canonical":"https:\/\/bolting.eu\/en\/shop\/petzl-vulcan-stahlkarabiner\/","og_locale":"en_US","og_type":"article","og_title":"Petzl Vulcan Stahlkarabiner","og_description":"PETZL VULCAN STAHLKARABINER beim Industriekletterprofi kaufen \u2705 Trusted Shop \u2705 kostenloser Versand* \u2705 14 Tage R\u00fcckgaberecht \u2705 Co2 neutrale Zustellung","og_url":"https:\/\/bolting.eu\/en\/shop\/petzl-vulcan-stahlkarabiner\/","og_site_name":"bolting.eu","article_publisher":"https:\/\/www.facebook.com\/bolting.eu","article_modified_time":"2026-02-25T11:01:50+00:00","og_image":[{"width":700,"height":700,"url":"https:\/\/bolting.eu\/wp-content\/uploads\/2022\/02\/Petzl-Vulcan-SL-schwarz-1.jpg","type":"image\/jpeg"}],"twitter_card":"summary_large_image","twitter_misc":{"Availability":"In stock"},"schema":{"@context":"https:\/\/schema.org","@graph":[{"@type":["WebPage","ItemPage"],"@id":"https:\/\/bolting.eu\/en\/shop\/petzl-vulcan-stahlkarabiner\/","url":"https:\/\/bolting.eu\/en\/shop\/petzl-vulcan-stahlkarabiner\/","name":"Petzl Vulcan Stahlkarabiner - Schrauber & Twist-Lock | bolting.eu","isPartOf":{"@id":"https:\/\/bolting.eu\/en\/#website"},"primaryImageOfPage":{"@id":"https:\/\/bolting.eu\/en\/shop\/petzl-vulcan-stahlkarabiner\/#primaryimage"},"image":{"@id":"https:\/\/bolting.eu\/en\/shop\/petzl-vulcan-stahlkarabiner\/#primaryimage"},"thumbnailUrl":"https:\/\/bolting.eu\/wp-content\/uploads\/2022\/02\/Petzl-Vulcan-SL-schwarz-1.jpg","datePublished":"2022-02-28T15:39:21+00:00","dateModified":"2026-02-25T11:01:50+00:00","description":"PETZL VULCAN STAHLKARABINER beim Industriekletterprofi kaufen \u2705 Trusted Shop \u2705 kostenloser Versand* \u2705 14 Tage R\u00fcckgaberecht \u2705 Co2 neutrale Zustellung","breadcrumb":{"@id":"https:\/\/bolting.eu\/en\/shop\/petzl-vulcan-stahlkarabiner\/#breadcrumb"},"inLanguage":"en-US","potentialAction":[{"@type":"ReadAction","target":["https:\/\/bolting.eu\/en\/shop\/petzl-vulcan-stahlkarabiner\/"]}]},{"@type":"ImageObject","inLanguage":"en-US","@id":"https:\/\/bolting.eu\/en\/shop\/petzl-vulcan-stahlkarabiner\/#primaryimage","url":"https:\/\/bolting.eu\/wp-content\/uploads\/2022\/02\/Petzl-Vulcan-SL-schwarz-1.jpg","contentUrl":"https:\/\/bolting.eu\/wp-content\/uploads\/2022\/02\/Petzl-Vulcan-SL-schwarz-1.jpg","width":700,"height":700,"caption":"Schwarzer Petzl Vulcan Karabiner schwarz mit Screw Lock Verschluss und roter Sicherheitsmarkierung."},{"@type":"BreadcrumbList","@id":"https:\/\/bolting.eu\/en\/shop\/petzl-vulcan-stahlkarabiner\/#breadcrumb","itemListElement":[{"@type":"ListItem","position":1,"name":"Shop","item":"https:\/\/bolting.eu\/en\/shop\/"},{"@type":"ListItem","position":2,"name":"climbing equipment","item":"https:\/\/bolting.eu\/en\/produkt-kategorie\/climbing-equipment\/"},{"@type":"ListItem","position":3,"name":"Climbing carabiner","item":"https:\/\/bolting.eu\/en\/produkt-kategorie\/climbing-carabiner\/"},{"@type":"ListItem","position":4,"name":"Steel carabiner","item":"https:\/\/bolting.eu\/en\/produkt-kategorie\/steel-carabiner\/"},{"@type":"ListItem","position":5,"name":"Petzl Vulcan Stahlkarabiner"}]},{"@type":"WebSite","@id":"https:\/\/bolting.eu\/en\/#website","url":"https:\/\/bolting.eu\/en\/","name":"bolting.eu","description":"we make climbs happen","publisher":{"@id":"https:\/\/bolting.eu\/en\/#organization"},"potentialAction":[{"@type":"SearchAction","target":{"@type":"EntryPoint","urlTemplate":"https:\/\/bolting.eu\/en\/?s={search_term_string}"},"query-input":{"@type":"PropertyValueSpecification","valueRequired":true,"valueName":"search_term_string"}}],"inLanguage":"en-US"},{"@type":["Organization","Place","SportingGoodsStore"],"@id":"https:\/\/bolting.eu\/en\/#organization","name":"bolting.eu","url":"https:\/\/bolting.eu\/en\/","logo":{"@id":"https:\/\/bolting.eu\/en\/shop\/petzl-vulcan-stahlkarabiner\/#local-main-organization-logo"},"image":{"@id":"https:\/\/bolting.eu\/en\/shop\/petzl-vulcan-stahlkarabiner\/#local-main-organization-logo"},"sameAs":["https:\/\/www.facebook.com\/bolting.eu","https:\/\/www.instagram.com\/bolting.eu\/"],"address":{"@id":"https:\/\/bolting.eu\/en\/shop\/petzl-vulcan-stahlkarabiner\/#local-main-place-address"},"geo":{"@type":"GeoCoordinates","latitude":"47.264176340396226","longitude":"11.380109057672346"},"telephone":["+43 699 19083372"],"openingHoursSpecification":[{"@type":"OpeningHoursSpecification","dayOfWeek":["Monday","Wednesday","Friday"],"opens":"14:00","closes":"18:00"},{"@type":"OpeningHoursSpecification","dayOfWeek":["Tuesday","Thursday","Saturday","Sunday"],"opens":"00:00","closes":"00:00"}],"email":"office@bolting.eu","vatID":"ATU59999728","priceRange":"$$","currenciesAccepted":"Euro"},{"@type":"PostalAddress","@id":"https:\/\/bolting.eu\/en\/shop\/petzl-vulcan-stahlkarabiner\/#local-main-place-address","streetAddress":"Fischnalerstra\u00dfe 4","addressLocality":"Innsbruck","postalCode":"6020","addressRegion":"Tirol","addressCountry":"AT"},{"@type":"ImageObject","inLanguage":"en-US","@id":"https:\/\/bolting.eu\/en\/shop\/petzl-vulcan-stahlkarabiner\/#local-main-organization-logo","url":"https:\/\/bolting.eu\/wp-content\/uploads\/2019\/09\/bolting-logo.png","contentUrl":"https:\/\/bolting.eu\/wp-content\/uploads\/2019\/09\/bolting-logo.png","width":400,"height":211,"caption":"bolting.eu"}]},"og_availability":"instock","product_availability":"instock","product_condition":"new","geo.placename":"Innsbruck","geo.position":{"lat":"47.264176340396226","long":"11.380109057672346"},"geo.region":"Austria"},"_links":{"self":[{"href":"https:\/\/bolting.eu\/en\/wp-json\/wp\/v2\/product\/11441","targetHints":{"allow":["GET"]}}],"collection":[{"href":"https:\/\/bolting.eu\/en\/wp-json\/wp\/v2\/product"}],"about":[{"href":"https:\/\/bolting.eu\/en\/wp-json\/wp\/v2\/types\/product"}],"replies":[{"embeddable":true,"href":"https:\/\/bolting.eu\/en\/wp-json\/wp\/v2\/comments?post=11441"}],"wp:featuredmedia":[{"embeddable":true,"href":"https:\/\/bolting.eu\/en\/wp-json\/wp\/v2\/media\/33604"}],"wp:attachment":[{"href":"https:\/\/bolting.eu\/en\/wp-json\/wp\/v2\/media?parent=11441"}],"wp:term":[{"taxonomy":"product_brand","embeddable":true,"href":"https:\/\/bolting.eu\/en\/wp-json\/wp\/v2\/product_brand?post=11441"},{"taxonomy":"product_cat","embeddable":true,"href":"https:\/\/bolting.eu\/en\/wp-json\/wp\/v2\/product_cat?post=11441"},{"taxonomy":"product_tag","embeddable":true,"href":"https:\/\/bolting.eu\/en\/wp-json\/wp\/v2\/product_tag?post=11441"}],"curies":[{"name":"wp","href":"https:\/\/api.w.org\/{rel}","templated":true}]}}