{"id":11423,"date":"2022-02-24T12:06:09","date_gmt":"2022-02-24T11:06:09","guid":{"rendered":"https:\/\/bolting.eu\/?post_type=product&#038;p=11423"},"modified":"2025-09-10T15:30:27","modified_gmt":"2025-09-10T13:30:27","slug":"petzl-huit-antibrulure","status":"publish","type":"product","link":"https:\/\/bolting.eu\/en\/shop\/petzl-huit-antibrulure\/","title":{"rendered":"Petzl Huit Antibrulure"},"content":{"rendered":"<p>Der Petzl Huit Antibrulure ist ein ganz besonderer Achter. Denn er ist mit einem Kunststoffgriff ausgestattet, welcher vor dem hei\u00dfen Metall nach langen Abseilfahrten sch\u00fctzt.<\/p>\n<p>Somit ist dieses Modell ideal f\u00fcr alle, die regelm\u00e4\u00dfig \u00fcber l\u00e4ngere Strecken abseilen. Wie z.B. Speleologen oder H\u00f6henarbeiter.<\/p>\n<p>Zudem hat das Produkt die klassische, eckige Achter Form von Petzl. D.h. super Schutz vor dem Entstehen des Ankerstichs bzw. sehr gute Bremswirkung.<\/p>\n<p>Wird in der Regel mit einem <a href=\"https:\/\/bolting.eu\/produkt-kategorie\/kletterausruestung\/kletterkarabiner\/karabiner-schwarz\/\">schwarzen Karabiner<\/a> gekauft.<\/p>\n<p>Wer viel abseilt, ist mit diesem Achter super beraten!<\/p>\n<h2>Eigenschaften Petzl Huit Antibrulure<\/h2>\n<ul>\n<li>Hersteller: <a href=\"https:\/\/bolting.eu\/produkt-kategorie\/petzl\/\">Petzl<\/a><\/li>\n<li>Material: hochfestes Aluminium<\/li>\n<li>Gewicht: 110 Gramm<\/li>\n<li>klassischer Petzl Abseilachter<\/li>\n<li>mit Anti-Verbrenn Schutz<\/li>\n<li>Seildurchmesser: 8 &#8211; 13mm<\/li>\n<li>eckige Form verhindert Bildung des Ankerstiches<\/li>\n<li>kleine \u00d6se zum Abseilen mit extrem d\u00fcnnen Seilen<\/li>\n<li>in Kombination mit <a href=\"https:\/\/bolting.eu\/shop\/petzl-freino-z\/\">Petzl Freino Z<\/a> Karabiner empfohlen<\/li>\n<li><a href=\"https:\/\/www.petzl.com\/AT\/de\/Sport\/Sicherungs--und-Abseilgerate\/HUIT-ANTIBRULURE#:~:text=Das%20PDF%20herunterladen%20%3A%20technical%2Dnotice%2DHUIT%2DANTIBRULURE%2D1%20%2D%200.27%20MB\" target=\"_blank\" rel=\"noopener\">Gebrauchsanleitung<\/a><\/li>\n<\/ul>\n<h3>Abseilachter sicher einhalten!<\/h3>\n<p>Mit dem Kunststoffgriff des Antibrulure Modells beseitigt Petzl ein uraltes Problem. N\u00e4mlich das sichere Einhalten des hei\u00dfen Achters!<\/p>\n<p>Denn bei l\u00e4ngeren Abseilfahrten wird dieser brennend hei\u00df. So ist es oft dann auch ein richtiges Problem, den Achter zuerst einmal auszuh\u00e4ngen. Und ihn danach auch auf den Gurt zu h\u00e4ngen, ohne sich die Finger zu verbrennen.<\/p>\n","protected":false},"excerpt":{"rendered":"<p>Dieser Abseilachter hat einen kleinen Kunststoffgriff, um ihn direkt nach einer Abseilfahrt gut einhalten zu k\u00f6nnen. Denn er sch\u00fctzt vor dem oft brennend hei\u00dfem Metall.<\/p>\n<p>Ideal f\u00fcr regelm\u00e4\u00dfige, l\u00e4ngere Abseilfahrten!<\/p>\n","protected":false},"featured_media":11424,"comment_status":"open","ping_status":"closed","template":"","meta":[],"product_brand":[],"product_cat":[3711,14249,14447,29],"product_tag":[],"class_list":{"0":"post-11423","1":"product","2":"type-product","3":"status-publish","4":"has-post-thumbnail","6":"product_cat-sicherungsgeraete-klettern","7":"product_cat-abseilachter","8":"product_cat-abseilgeraete","9":"product_cat-kletterausruestung","11":"first","12":"instock","13":"taxable","14":"shipping-taxable","15":"purchasable","16":"product-type-simple"},"yoast_head":"<!-- This site is optimized with the Yoast SEO Premium plugin v26.9 (Yoast SEO v26.9) - https:\/\/yoast.com\/product\/yoast-seo-premium-wordpress\/ -->\n<title>Petzl Huit Antibrulure - Abseilachter mit Anti Verbrennschutz | bolting.eu<\/title>\n<meta name=\"description\" content=\"Hier findest Du den Petzl Huit Antibrulure. Einen Abseilachter mit Kunststoffgriff als Anti-Verbrennschutz zum sicheren Einhalten.\" \/>\n<meta name=\"robots\" content=\"index, follow, max-snippet:-1, max-image-preview:large, max-video-preview:-1\" \/>\n<link rel=\"canonical\" href=\"https:\/\/bolting.eu\/en\/shop\/petzl-huit-antibrulure\/\" \/>\n<meta property=\"og:locale\" content=\"en_US\" \/>\n<meta property=\"og:type\" content=\"article\" \/>\n<meta property=\"og:title\" content=\"Petzl Huit Antibrulure\" \/>\n<meta property=\"og:description\" content=\"Hier findest Du den Petzl Huit Antibrulure. Einen Abseilachter mit Kunststoffgriff als Anti-Verbrennschutz zum sicheren Einhalten.\" \/>\n<meta property=\"og:url\" content=\"https:\/\/bolting.eu\/en\/shop\/petzl-huit-antibrulure\/\" \/>\n<meta property=\"og:site_name\" content=\"bolting.eu\" \/>\n<meta property=\"article:publisher\" content=\"https:\/\/www.facebook.com\/bolting.eu\" \/>\n<meta property=\"article:modified_time\" content=\"2025-09-10T13:30:27+00:00\" \/>\n<meta property=\"og:image\" content=\"https:\/\/bolting.eu\/wp-content\/uploads\/2022\/02\/Petzl-Huit-antibrulure1.jpg\" \/>\n\t<meta property=\"og:image:width\" content=\"700\" \/>\n\t<meta property=\"og:image:height\" content=\"700\" \/>\n\t<meta property=\"og:image:type\" content=\"image\/jpeg\" \/>\n<meta name=\"twitter:card\" content=\"summary_large_image\" \/>\n<meta name=\"twitter:label1\" content=\"Price\" \/>\n\t<meta name=\"twitter:data1\" content=\"&euro;&nbsp;17,90\" \/>\n\t<meta name=\"twitter:label2\" content=\"Availability\" \/>\n\t<meta name=\"twitter:data2\" content=\"In stock\" \/>\n<script type=\"application\/ld+json\" class=\"yoast-schema-graph\">{\"@context\":\"https:\/\/schema.org\",\"@graph\":[{\"@type\":[\"WebPage\",\"ItemPage\"],\"@id\":\"https:\/\/bolting.eu\/en\/shop\/petzl-huit-antibrulure\/\",\"url\":\"https:\/\/bolting.eu\/en\/shop\/petzl-huit-antibrulure\/\",\"name\":\"Petzl Huit Antibrulure - Abseilachter mit Anti Verbrennschutz | bolting.eu\",\"isPartOf\":{\"@id\":\"https:\/\/bolting.eu\/en\/#website\"},\"primaryImageOfPage\":{\"@id\":\"https:\/\/bolting.eu\/en\/shop\/petzl-huit-antibrulure\/#primaryimage\"},\"image\":{\"@id\":\"https:\/\/bolting.eu\/en\/shop\/petzl-huit-antibrulure\/#primaryimage\"},\"thumbnailUrl\":\"https:\/\/bolting.eu\/wp-content\/uploads\/2022\/02\/Petzl-Huit-antibrulure1.jpg\",\"datePublished\":\"2022-02-24T11:06:09+00:00\",\"dateModified\":\"2025-09-10T13:30:27+00:00\",\"description\":\"Hier findest Du den Petzl Huit Antibrulure. Einen Abseilachter mit Kunststoffgriff als Anti-Verbrennschutz zum sicheren Einhalten.\",\"breadcrumb\":{\"@id\":\"https:\/\/bolting.eu\/en\/shop\/petzl-huit-antibrulure\/#breadcrumb\"},\"inLanguage\":\"en-US\",\"potentialAction\":[{\"@type\":\"ReadAction\",\"target\":[\"https:\/\/bolting.eu\/en\/shop\/petzl-huit-antibrulure\/\"]}]},{\"@type\":\"ImageObject\",\"inLanguage\":\"en-US\",\"@id\":\"https:\/\/bolting.eu\/en\/shop\/petzl-huit-antibrulure\/#primaryimage\",\"url\":\"https:\/\/bolting.eu\/wp-content\/uploads\/2022\/02\/Petzl-Huit-antibrulure1.jpg\",\"contentUrl\":\"https:\/\/bolting.eu\/wp-content\/uploads\/2022\/02\/Petzl-Huit-antibrulure1.jpg\",\"width\":700,\"height\":700,\"caption\":\"Das Bild zeigt einen schwarzen Petzl Huit Antibrulure Abseilachter auf wei\u00dfem Quadrat.\"},{\"@type\":\"BreadcrumbList\",\"@id\":\"https:\/\/bolting.eu\/en\/shop\/petzl-huit-antibrulure\/#breadcrumb\",\"itemListElement\":[{\"@type\":\"ListItem\",\"position\":1,\"name\":\"Shop\",\"item\":\"https:\/\/bolting.eu\/en\/shop\/\"},{\"@type\":\"ListItem\",\"position\":2,\"name\":\"climbing equipment\",\"item\":\"https:\/\/bolting.eu\/en\/produkt-kategorie\/climbing-equipment\/\"},{\"@type\":\"ListItem\",\"position\":3,\"name\":\"Sicherungsger\u00e4te Klettern\",\"item\":\"https:\/\/bolting.eu\/produkt-kategorie\/kletterausruestung\/sicherungsgeraete-klettern\/\"},{\"@type\":\"ListItem\",\"position\":4,\"name\":\"Abseilachter\",\"item\":\"https:\/\/bolting.eu\/produkt-kategorie\/kletterausruestung\/sicherungsgeraete-klettern\/abseilachter\/\"},{\"@type\":\"ListItem\",\"position\":5,\"name\":\"Petzl Huit Antibrulure\"}]},{\"@type\":\"WebSite\",\"@id\":\"https:\/\/bolting.eu\/en\/#website\",\"url\":\"https:\/\/bolting.eu\/en\/\",\"name\":\"bolting.eu\",\"description\":\"we make climbs happen\",\"publisher\":{\"@id\":\"https:\/\/bolting.eu\/en\/#organization\"},\"potentialAction\":[{\"@type\":\"SearchAction\",\"target\":{\"@type\":\"EntryPoint\",\"urlTemplate\":\"https:\/\/bolting.eu\/en\/?s={search_term_string}\"},\"query-input\":{\"@type\":\"PropertyValueSpecification\",\"valueRequired\":true,\"valueName\":\"search_term_string\"}}],\"inLanguage\":\"en-US\"},{\"@type\":[\"Organization\",\"Place\",\"SportingGoodsStore\"],\"@id\":\"https:\/\/bolting.eu\/en\/#organization\",\"name\":\"bolting.eu\",\"url\":\"https:\/\/bolting.eu\/en\/\",\"logo\":{\"@id\":\"https:\/\/bolting.eu\/en\/shop\/petzl-huit-antibrulure\/#local-main-organization-logo\"},\"image\":{\"@id\":\"https:\/\/bolting.eu\/en\/shop\/petzl-huit-antibrulure\/#local-main-organization-logo\"},\"sameAs\":[\"https:\/\/www.facebook.com\/bolting.eu\",\"https:\/\/www.instagram.com\/bolting.eu\/\"],\"address\":{\"@id\":\"https:\/\/bolting.eu\/en\/shop\/petzl-huit-antibrulure\/#local-main-place-address\"},\"geo\":{\"@type\":\"GeoCoordinates\",\"latitude\":\"47.264176340396226\",\"longitude\":\"11.380109057672346\"},\"telephone\":[\"+43 699 19083372\"],\"openingHoursSpecification\":[{\"@type\":\"OpeningHoursSpecification\",\"dayOfWeek\":[\"Monday\",\"Wednesday\",\"Friday\"],\"opens\":\"14:00\",\"closes\":\"18:00\"},{\"@type\":\"OpeningHoursSpecification\",\"dayOfWeek\":[\"Tuesday\",\"Thursday\",\"Saturday\",\"Sunday\"],\"opens\":\"00:00\",\"closes\":\"00:00\"}],\"email\":\"office@bolting.eu\",\"vatID\":\"ATU59999728\",\"priceRange\":\"$$\",\"currenciesAccepted\":\"Euro\"},{\"@type\":\"PostalAddress\",\"@id\":\"https:\/\/bolting.eu\/en\/shop\/petzl-huit-antibrulure\/#local-main-place-address\",\"streetAddress\":\"Fischnalerstra\u00dfe 4\",\"addressLocality\":\"Innsbruck\",\"postalCode\":\"6020\",\"addressRegion\":\"Tirol\",\"addressCountry\":\"AT\"},{\"@type\":\"ImageObject\",\"inLanguage\":\"en-US\",\"@id\":\"https:\/\/bolting.eu\/en\/shop\/petzl-huit-antibrulure\/#local-main-organization-logo\",\"url\":\"https:\/\/bolting.eu\/wp-content\/uploads\/2019\/09\/bolting-logo.png\",\"contentUrl\":\"https:\/\/bolting.eu\/wp-content\/uploads\/2019\/09\/bolting-logo.png\",\"width\":400,\"height\":211,\"caption\":\"bolting.eu\"}]}<\/script>\n<meta property=\"product:price:amount\" content=\"17.90\" \/>\n<meta property=\"product:price:currency\" content=\"EUR\" \/>\n<meta property=\"og:availability\" content=\"instock\" \/>\n<meta property=\"product:availability\" content=\"instock\" \/>\n<meta property=\"product:retailer_item_id\" content=\"D01\" \/>\n<meta property=\"product:condition\" content=\"new\" \/>\n<meta name=\"geo.placename\" content=\"Innsbruck\" \/>\n<meta name=\"geo.position\" content=\"47.264176340396226;11.380109057672346\" \/>\n<meta name=\"geo.region\" content=\"Austria\" \/>\n<!-- \/ Yoast SEO Premium plugin. -->","yoast_head_json":{"title":"Petzl Huit Antibrulure - Abseilachter mit Anti Verbrennschutz | bolting.eu","description":"Hier findest Du den Petzl Huit Antibrulure. Einen Abseilachter mit Kunststoffgriff als Anti-Verbrennschutz zum sicheren Einhalten.","robots":{"index":"index","follow":"follow","max-snippet":"max-snippet:-1","max-image-preview":"max-image-preview:large","max-video-preview":"max-video-preview:-1"},"canonical":"https:\/\/bolting.eu\/en\/shop\/petzl-huit-antibrulure\/","og_locale":"en_US","og_type":"article","og_title":"Petzl Huit Antibrulure","og_description":"Hier findest Du den Petzl Huit Antibrulure. Einen Abseilachter mit Kunststoffgriff als Anti-Verbrennschutz zum sicheren Einhalten.","og_url":"https:\/\/bolting.eu\/en\/shop\/petzl-huit-antibrulure\/","og_site_name":"bolting.eu","article_publisher":"https:\/\/www.facebook.com\/bolting.eu","article_modified_time":"2025-09-10T13:30:27+00:00","og_image":[{"width":700,"height":700,"url":"https:\/\/bolting.eu\/wp-content\/uploads\/2022\/02\/Petzl-Huit-antibrulure1.jpg","type":"image\/jpeg"}],"twitter_card":"summary_large_image","twitter_misc":{"Price":"&euro;&nbsp;17,90","Availability":"In stock"},"schema":{"@context":"https:\/\/schema.org","@graph":[{"@type":["WebPage","ItemPage"],"@id":"https:\/\/bolting.eu\/en\/shop\/petzl-huit-antibrulure\/","url":"https:\/\/bolting.eu\/en\/shop\/petzl-huit-antibrulure\/","name":"Petzl Huit Antibrulure - Abseilachter mit Anti Verbrennschutz | bolting.eu","isPartOf":{"@id":"https:\/\/bolting.eu\/en\/#website"},"primaryImageOfPage":{"@id":"https:\/\/bolting.eu\/en\/shop\/petzl-huit-antibrulure\/#primaryimage"},"image":{"@id":"https:\/\/bolting.eu\/en\/shop\/petzl-huit-antibrulure\/#primaryimage"},"thumbnailUrl":"https:\/\/bolting.eu\/wp-content\/uploads\/2022\/02\/Petzl-Huit-antibrulure1.jpg","datePublished":"2022-02-24T11:06:09+00:00","dateModified":"2025-09-10T13:30:27+00:00","description":"Hier findest Du den Petzl Huit Antibrulure. Einen Abseilachter mit Kunststoffgriff als Anti-Verbrennschutz zum sicheren Einhalten.","breadcrumb":{"@id":"https:\/\/bolting.eu\/en\/shop\/petzl-huit-antibrulure\/#breadcrumb"},"inLanguage":"en-US","potentialAction":[{"@type":"ReadAction","target":["https:\/\/bolting.eu\/en\/shop\/petzl-huit-antibrulure\/"]}]},{"@type":"ImageObject","inLanguage":"en-US","@id":"https:\/\/bolting.eu\/en\/shop\/petzl-huit-antibrulure\/#primaryimage","url":"https:\/\/bolting.eu\/wp-content\/uploads\/2022\/02\/Petzl-Huit-antibrulure1.jpg","contentUrl":"https:\/\/bolting.eu\/wp-content\/uploads\/2022\/02\/Petzl-Huit-antibrulure1.jpg","width":700,"height":700,"caption":"Das Bild zeigt einen schwarzen Petzl Huit Antibrulure Abseilachter auf wei\u00dfem Quadrat."},{"@type":"BreadcrumbList","@id":"https:\/\/bolting.eu\/en\/shop\/petzl-huit-antibrulure\/#breadcrumb","itemListElement":[{"@type":"ListItem","position":1,"name":"Shop","item":"https:\/\/bolting.eu\/en\/shop\/"},{"@type":"ListItem","position":2,"name":"climbing equipment","item":"https:\/\/bolting.eu\/en\/produkt-kategorie\/climbing-equipment\/"},{"@type":"ListItem","position":3,"name":"Sicherungsger\u00e4te Klettern","item":"https:\/\/bolting.eu\/produkt-kategorie\/kletterausruestung\/sicherungsgeraete-klettern\/"},{"@type":"ListItem","position":4,"name":"Abseilachter","item":"https:\/\/bolting.eu\/produkt-kategorie\/kletterausruestung\/sicherungsgeraete-klettern\/abseilachter\/"},{"@type":"ListItem","position":5,"name":"Petzl Huit Antibrulure"}]},{"@type":"WebSite","@id":"https:\/\/bolting.eu\/en\/#website","url":"https:\/\/bolting.eu\/en\/","name":"bolting.eu","description":"we make climbs happen","publisher":{"@id":"https:\/\/bolting.eu\/en\/#organization"},"potentialAction":[{"@type":"SearchAction","target":{"@type":"EntryPoint","urlTemplate":"https:\/\/bolting.eu\/en\/?s={search_term_string}"},"query-input":{"@type":"PropertyValueSpecification","valueRequired":true,"valueName":"search_term_string"}}],"inLanguage":"en-US"},{"@type":["Organization","Place","SportingGoodsStore"],"@id":"https:\/\/bolting.eu\/en\/#organization","name":"bolting.eu","url":"https:\/\/bolting.eu\/en\/","logo":{"@id":"https:\/\/bolting.eu\/en\/shop\/petzl-huit-antibrulure\/#local-main-organization-logo"},"image":{"@id":"https:\/\/bolting.eu\/en\/shop\/petzl-huit-antibrulure\/#local-main-organization-logo"},"sameAs":["https:\/\/www.facebook.com\/bolting.eu","https:\/\/www.instagram.com\/bolting.eu\/"],"address":{"@id":"https:\/\/bolting.eu\/en\/shop\/petzl-huit-antibrulure\/#local-main-place-address"},"geo":{"@type":"GeoCoordinates","latitude":"47.264176340396226","longitude":"11.380109057672346"},"telephone":["+43 699 19083372"],"openingHoursSpecification":[{"@type":"OpeningHoursSpecification","dayOfWeek":["Monday","Wednesday","Friday"],"opens":"14:00","closes":"18:00"},{"@type":"OpeningHoursSpecification","dayOfWeek":["Tuesday","Thursday","Saturday","Sunday"],"opens":"00:00","closes":"00:00"}],"email":"office@bolting.eu","vatID":"ATU59999728","priceRange":"$$","currenciesAccepted":"Euro"},{"@type":"PostalAddress","@id":"https:\/\/bolting.eu\/en\/shop\/petzl-huit-antibrulure\/#local-main-place-address","streetAddress":"Fischnalerstra\u00dfe 4","addressLocality":"Innsbruck","postalCode":"6020","addressRegion":"Tirol","addressCountry":"AT"},{"@type":"ImageObject","inLanguage":"en-US","@id":"https:\/\/bolting.eu\/en\/shop\/petzl-huit-antibrulure\/#local-main-organization-logo","url":"https:\/\/bolting.eu\/wp-content\/uploads\/2019\/09\/bolting-logo.png","contentUrl":"https:\/\/bolting.eu\/wp-content\/uploads\/2019\/09\/bolting-logo.png","width":400,"height":211,"caption":"bolting.eu"}]},"product_price_amount":"17.90","product_price_currency":"EUR","og_availability":"instock","product_availability":"instock","product_retailer_item_id":"D01","product_condition":"new","geo.placename":"Innsbruck","geo.position":{"lat":"47.264176340396226","long":"11.380109057672346"},"geo.region":"Austria"},"_links":{"self":[{"href":"https:\/\/bolting.eu\/en\/wp-json\/wp\/v2\/product\/11423","targetHints":{"allow":["GET"]}}],"collection":[{"href":"https:\/\/bolting.eu\/en\/wp-json\/wp\/v2\/product"}],"about":[{"href":"https:\/\/bolting.eu\/en\/wp-json\/wp\/v2\/types\/product"}],"replies":[{"embeddable":true,"href":"https:\/\/bolting.eu\/en\/wp-json\/wp\/v2\/comments?post=11423"}],"wp:featuredmedia":[{"embeddable":true,"href":"https:\/\/bolting.eu\/en\/wp-json\/wp\/v2\/media\/11424"}],"wp:attachment":[{"href":"https:\/\/bolting.eu\/en\/wp-json\/wp\/v2\/media?parent=11423"}],"wp:term":[{"taxonomy":"product_brand","embeddable":true,"href":"https:\/\/bolting.eu\/en\/wp-json\/wp\/v2\/product_brand?post=11423"},{"taxonomy":"product_cat","embeddable":true,"href":"https:\/\/bolting.eu\/en\/wp-json\/wp\/v2\/product_cat?post=11423"},{"taxonomy":"product_tag","embeddable":true,"href":"https:\/\/bolting.eu\/en\/wp-json\/wp\/v2\/product_tag?post=11423"}],"curies":[{"name":"wp","href":"https:\/\/api.w.org\/{rel}","templated":true}]}}