{"id":11243,"date":"2022-01-21T14:02:40","date_gmt":"2022-01-21T13:02:40","guid":{"rendered":"https:\/\/bolting.eu\/?post_type=product&#038;p=11243"},"modified":"2025-09-19T10:18:34","modified_gmt":"2025-09-19T08:18:34","slug":"black-diamond-wired-hexes","status":"publish","type":"product","link":"https:\/\/bolting.eu\/en\/shop\/black-diamond-wired-hexes\/","title":{"rendered":"Black Diamond Wired Hexes"},"content":{"rendered":"<p>Die Black Diamond Wired Hexes sind ganz besondere <a href=\"https:\/\/bolting.eu\/produkt-kategorie\/klemmkeile\/\">Klemmkeile<\/a>. Denn die sechseckigen K\u00f6pfe sind sowohl Keil als auch ein legitimer Ersatz f\u00fcr <a href=\"https:\/\/bolting.eu\/produkt-kategorie\/kletterausruestung\/klemmgeraete-friends\/\">Klemmger\u00e4te<\/a>!<\/p>\n<p>Wie das? Die Antwort hierf\u00fcr liegt in der speziellen Form der Alu-K\u00f6pfe. Denn diese sind ungleichf\u00f6rmig!<\/p>\n<p>Somit werden sie bei Belastung viel st\u00e4rker in eine Seite belastet als in die andere. Der daraus resultierende Drehmoment ist so hoch, dass die Hexentrics auch in parallelen Rissen perfekt halten.<\/p>\n<p>Die Zielgruppe f\u00fcr die kleinen Gr\u00f6\u00dfen sind Trad und Alpinkletterer. Bei ihnen d\u00fcrfen die kleinen Hexes in der <a href=\"https:\/\/bolting.eu\/kletterausruestung\/\">Kletterausr\u00fcstung<\/a> nicht fehlen. Die Zielgruppe f\u00fcr die gro\u00dfen Modelle sind all jene, die sich anstatt teuren Friends eben g\u00fcnstiges &#8220;Keile&#8221; zulegen wollen!<\/p>\n<h2>Eigenschaften Black Diamond Wired Hexes<\/h2>\n<ul>\n<li>Hersteller:\u00a0<a href=\"https:\/\/bolting.eu\/produkt-kategorie\/black-diamond\/\">Black Diamond<\/a><\/li>\n<li>Gr\u00f6\u00dfen: #1 \u2013 #11<\/li>\n<li>Gewicht: siehe Gr\u00f6\u00dfentabelle unten!<\/li>\n<li>Material Kopf: Alu-Legierung<\/li>\n<li>Material Drahtschlinge: verzinktes, gesenkgeschmiedetes Stahlkabel<\/li>\n<li>abgerundete Kanten erleichtert Abbau<\/li>\n<li>anodisiert<\/li>\n<li>farblich markiert<\/li>\n<li>Stahldraht Kabel<\/li>\n<li><a href=\"https:\/\/blackdiamond-web.cdn.prismic.io\/blackdiamond-web\/ccc37efb-9411-4815-a92c-f9ccad3140a7_M10587_D+Passive+Pro+IS-WEB.pdf\" target=\"_blank\" rel=\"noopener\">Bedienungsanleitung<\/a><\/li>\n<\/ul>\n<h3>Gr\u00f6\u00dfentabelle<\/h3>\n<p>Im Folgenden findet ihr eine Gr\u00f6\u00dfentabelle zu allen verf\u00fcgbaren Modellen.<\/p>\n<table style=\"height: 361px;\" width=\"398\">\n<tbody>\n<tr>\n<td style=\"text-align: center;\" colspan=\"4\" width=\"348\"><strong>Gr\u00f6\u00dfentabelle Black Diamond Wired Hexes<\/strong><\/td>\n<\/tr>\n<tr>\n<td style=\"text-align: center;\">Gr\u00f6\u00dfe<\/td>\n<td style=\"text-align: center;\">Farbe<\/td>\n<td style=\"text-align: center;\">Gewicht<\/td>\n<td style=\"text-align: center;\">Bruchlast<\/td>\n<\/tr>\n<tr>\n<td style=\"text-align: center;\">#1<\/td>\n<td style=\"text-align: center;\">rot<\/td>\n<td style=\"text-align: center;\">19 Gramm<\/td>\n<td style=\"text-align: center;\">6kN<\/td>\n<\/tr>\n<tr>\n<td style=\"text-align: center;\">#2<\/td>\n<td style=\"text-align: center;\">gold<\/td>\n<td style=\"text-align: center;\">22 Gramm<\/td>\n<td style=\"text-align: center;\">6kN<\/td>\n<\/tr>\n<tr>\n<td style=\"text-align: center;\">#3<\/td>\n<td style=\"text-align: center;\">blau<\/td>\n<td style=\"text-align: center;\">28 Gramm<\/td>\n<td style=\"text-align: center;\">6kN<\/td>\n<\/tr>\n<tr>\n<td style=\"text-align: center;\">#4<\/td>\n<td style=\"text-align: center;\">grau<\/td>\n<td style=\"text-align: center;\">51 gramm<\/td>\n<td style=\"text-align: center;\">10kN<\/td>\n<\/tr>\n<tr>\n<td style=\"text-align: center;\">#5<\/td>\n<td style=\"text-align: center;\">violett<\/td>\n<td style=\"text-align: center;\">53 Gramm<\/td>\n<td style=\"text-align: center;\">10kN<\/td>\n<\/tr>\n<tr>\n<td style=\"text-align: center;\">#6<\/td>\n<td style=\"text-align: center;\">gr\u00fcn<\/td>\n<td style=\"text-align: center;\">64 Gramm<\/td>\n<td style=\"text-align: center;\">10kN<\/td>\n<\/tr>\n<tr>\n<td style=\"text-align: center;\">#7<\/td>\n<td style=\"text-align: center;\">rot<\/td>\n<td style=\"text-align: center;\">86 Gramm<\/td>\n<td style=\"text-align: center;\">10kN<\/td>\n<\/tr>\n<tr>\n<td style=\"text-align: center;\">#8<\/td>\n<td style=\"text-align: center;\">gold<\/td>\n<td style=\"text-align: center;\">94 Gramm<\/td>\n<td style=\"text-align: center;\">10kN<\/td>\n<\/tr>\n<tr>\n<td style=\"text-align: center;\">#9<\/td>\n<td style=\"text-align: center;\">blau<\/td>\n<td style=\"text-align: center;\">124 Gramm<\/td>\n<td style=\"text-align: center;\">10kn<\/td>\n<\/tr>\n<tr>\n<td style=\"text-align: center;\">#10<\/td>\n<td style=\"text-align: center;\">anthrazit<\/td>\n<td style=\"text-align: center;\">164 Gramm<\/td>\n<td style=\"text-align: center;\">10kN<\/td>\n<\/tr>\n<tr>\n<td style=\"text-align: center;\">#11<\/td>\n<td style=\"text-align: center;\">violett<\/td>\n<td style=\"text-align: center;\">206 Gramm<\/td>\n<td style=\"text-align: center;\">10kN<\/td>\n<\/tr>\n<\/tbody>\n<\/table>\n<p>&nbsp;<\/p>\n<h3>Video &#8211; so legst du Hexes!<\/h3>\n<p>Das folgende Video zeigt sehr gut, wie man Modelle wie die Black Diamond Wired Hexes gelegt werden sollten.<\/p>\n<p><iframe loading=\"lazy\" title=\"Placing Hexes\" width=\"1020\" height=\"574\" src=\"https:\/\/www.youtube.com\/embed\/_UpyIQiK3Vc?feature=oembed\" frameborder=\"0\" allow=\"accelerometer; autoplay; clipboard-write; encrypted-media; gyroscope; picture-in-picture; web-share\" referrerpolicy=\"strict-origin-when-cross-origin\" allowfullscreen><\/iframe><\/p>\n<p>&nbsp;<\/p>\n<p>&nbsp;<\/p>\n","protected":false},"excerpt":{"rendered":"<p>Die Hexentrics von Black Diamond haben zwei Zielgruppen. Zum einen verwenden Alpinkletterer die kleinen Gr\u00f6\u00dfen gerne bei langen Routen zus\u00e4tzlich zum normalen Keile Set.<\/p>\n<p>Die gro\u00dfen Hexes sind eine g\u00fcnstige Alternative f\u00fcr lange Routen im Granit, wie z.B. Alpinrouten im Bergell, Chamonix oder Yosemite.<\/p>\n","protected":false},"featured_media":11254,"comment_status":"open","ping_status":"closed","template":"","meta":[],"product_brand":[],"product_cat":[3712,4658],"product_tag":[],"class_list":{"0":"post-11243","1":"product","2":"type-product","3":"status-publish","4":"has-post-thumbnail","6":"product_cat-klemmkeile","7":"product_cat-black-diamond","9":"first","10":"instock","11":"taxable","12":"shipping-taxable","13":"purchasable","14":"product-type-variable"},"yoast_head":"<!-- This site is optimized with the Yoast SEO Premium plugin v26.9 (Yoast SEO v26.9) - https:\/\/yoast.com\/product\/yoast-seo-premium-wordpress\/ -->\n<title>Black Diamond Wired Hexes - alle Gr\u00f6\u00dfen #1 bis #11 | bolting.eu<\/title>\n<meta name=\"description\" content=\"Hier findest Du die BLACK DIAMOND WIRED HEXES in allen verf\u00fcgbaren Gr\u00f6\u00dfen. Black Diamond Hexentrics von Gr\u00f6\u00dfe #1 bis #11!\" \/>\n<meta name=\"robots\" content=\"index, follow, max-snippet:-1, max-image-preview:large, max-video-preview:-1\" \/>\n<link rel=\"canonical\" href=\"https:\/\/bolting.eu\/en\/shop\/black-diamond-wired-hexes\/\" \/>\n<meta property=\"og:locale\" content=\"en_US\" \/>\n<meta property=\"og:type\" content=\"article\" \/>\n<meta property=\"og:title\" content=\"Black Diamond Wired Hexes\" \/>\n<meta property=\"og:description\" content=\"Hier findest Du die BLACK DIAMOND WIRED HEXES in allen verf\u00fcgbaren Gr\u00f6\u00dfen. Black Diamond Hexentrics von Gr\u00f6\u00dfe #1 bis #11!\" \/>\n<meta property=\"og:url\" content=\"https:\/\/bolting.eu\/en\/shop\/black-diamond-wired-hexes\/\" \/>\n<meta property=\"og:site_name\" content=\"bolting.eu\" \/>\n<meta property=\"article:publisher\" content=\"https:\/\/www.facebook.com\/bolting.eu\" \/>\n<meta property=\"article:modified_time\" content=\"2025-09-19T08:18:34+00:00\" \/>\n<meta property=\"og:image\" content=\"https:\/\/bolting.eu\/wp-content\/uploads\/2022\/01\/Black-Diamond-Wired-hexes-1.jpg\" \/>\n\t<meta property=\"og:image:width\" content=\"700\" \/>\n\t<meta property=\"og:image:height\" content=\"700\" \/>\n\t<meta property=\"og:image:type\" content=\"image\/jpeg\" \/>\n<meta name=\"twitter:card\" content=\"summary_large_image\" \/>\n<meta name=\"twitter:label1\" content=\"Availability\" \/>\n\t<meta name=\"twitter:data1\" content=\"In stock\" \/>\n<script type=\"application\/ld+json\" class=\"yoast-schema-graph\">{\"@context\":\"https:\/\/schema.org\",\"@graph\":[{\"@type\":[\"WebPage\",\"ItemPage\"],\"@id\":\"https:\/\/bolting.eu\/en\/shop\/black-diamond-wired-hexes\/\",\"url\":\"https:\/\/bolting.eu\/en\/shop\/black-diamond-wired-hexes\/\",\"name\":\"Black Diamond Wired Hexes - alle Gr\u00f6\u00dfen #1 bis #11 | bolting.eu\",\"isPartOf\":{\"@id\":\"https:\/\/bolting.eu\/en\/#website\"},\"primaryImageOfPage\":{\"@id\":\"https:\/\/bolting.eu\/en\/shop\/black-diamond-wired-hexes\/#primaryimage\"},\"image\":{\"@id\":\"https:\/\/bolting.eu\/en\/shop\/black-diamond-wired-hexes\/#primaryimage\"},\"thumbnailUrl\":\"https:\/\/bolting.eu\/wp-content\/uploads\/2022\/01\/Black-Diamond-Wired-hexes-1.jpg\",\"datePublished\":\"2022-01-21T13:02:40+00:00\",\"dateModified\":\"2025-09-19T08:18:34+00:00\",\"description\":\"Hier findest Du die BLACK DIAMOND WIRED HEXES in allen verf\u00fcgbaren Gr\u00f6\u00dfen. Black Diamond Hexentrics von Gr\u00f6\u00dfe #1 bis #11!\",\"breadcrumb\":{\"@id\":\"https:\/\/bolting.eu\/en\/shop\/black-diamond-wired-hexes\/#breadcrumb\"},\"inLanguage\":\"en-US\",\"potentialAction\":[{\"@type\":\"ReadAction\",\"target\":[\"https:\/\/bolting.eu\/en\/shop\/black-diamond-wired-hexes\/\"]}]},{\"@type\":\"ImageObject\",\"inLanguage\":\"en-US\",\"@id\":\"https:\/\/bolting.eu\/en\/shop\/black-diamond-wired-hexes\/#primaryimage\",\"url\":\"https:\/\/bolting.eu\/wp-content\/uploads\/2022\/01\/Black-Diamond-Wired-hexes-1.jpg\",\"contentUrl\":\"https:\/\/bolting.eu\/wp-content\/uploads\/2022\/01\/Black-Diamond-Wired-hexes-1.jpg\",\"width\":700,\"height\":700,\"caption\":\"Das Bild zeigt das rote Modell der Black Diamond Wired Hexes. Oben der Alu Kopf, unten das silberne Stahlkabel.\"},{\"@type\":\"BreadcrumbList\",\"@id\":\"https:\/\/bolting.eu\/en\/shop\/black-diamond-wired-hexes\/#breadcrumb\",\"itemListElement\":[{\"@type\":\"ListItem\",\"position\":1,\"name\":\"Shop\",\"item\":\"https:\/\/bolting.eu\/en\/shop\/\"},{\"@type\":\"ListItem\",\"position\":2,\"name\":\"Black Diamond\",\"item\":\"https:\/\/bolting.eu\/en\/produkt-kategorie\/black-diamond-en\/\"},{\"@type\":\"ListItem\",\"position\":3,\"name\":\"Black Diamond Wired Hexes\"}]},{\"@type\":\"WebSite\",\"@id\":\"https:\/\/bolting.eu\/en\/#website\",\"url\":\"https:\/\/bolting.eu\/en\/\",\"name\":\"bolting.eu\",\"description\":\"we make climbs happen\",\"publisher\":{\"@id\":\"https:\/\/bolting.eu\/en\/#organization\"},\"potentialAction\":[{\"@type\":\"SearchAction\",\"target\":{\"@type\":\"EntryPoint\",\"urlTemplate\":\"https:\/\/bolting.eu\/en\/?s={search_term_string}\"},\"query-input\":{\"@type\":\"PropertyValueSpecification\",\"valueRequired\":true,\"valueName\":\"search_term_string\"}}],\"inLanguage\":\"en-US\"},{\"@type\":[\"Organization\",\"Place\",\"SportingGoodsStore\"],\"@id\":\"https:\/\/bolting.eu\/en\/#organization\",\"name\":\"bolting.eu\",\"url\":\"https:\/\/bolting.eu\/en\/\",\"logo\":{\"@id\":\"https:\/\/bolting.eu\/en\/shop\/black-diamond-wired-hexes\/#local-main-organization-logo\"},\"image\":{\"@id\":\"https:\/\/bolting.eu\/en\/shop\/black-diamond-wired-hexes\/#local-main-organization-logo\"},\"sameAs\":[\"https:\/\/www.facebook.com\/bolting.eu\",\"https:\/\/www.instagram.com\/bolting.eu\/\"],\"address\":{\"@id\":\"https:\/\/bolting.eu\/en\/shop\/black-diamond-wired-hexes\/#local-main-place-address\"},\"geo\":{\"@type\":\"GeoCoordinates\",\"latitude\":\"47.264176340396226\",\"longitude\":\"11.380109057672346\"},\"telephone\":[\"+43 699 19083372\"],\"openingHoursSpecification\":[{\"@type\":\"OpeningHoursSpecification\",\"dayOfWeek\":[\"Monday\",\"Wednesday\",\"Friday\"],\"opens\":\"14:00\",\"closes\":\"18:00\"},{\"@type\":\"OpeningHoursSpecification\",\"dayOfWeek\":[\"Tuesday\",\"Thursday\",\"Saturday\",\"Sunday\"],\"opens\":\"00:00\",\"closes\":\"00:00\"}],\"email\":\"office@bolting.eu\",\"vatID\":\"ATU59999728\",\"priceRange\":\"$$\",\"currenciesAccepted\":\"Euro\"},{\"@type\":\"PostalAddress\",\"@id\":\"https:\/\/bolting.eu\/en\/shop\/black-diamond-wired-hexes\/#local-main-place-address\",\"streetAddress\":\"Fischnalerstra\u00dfe 4\",\"addressLocality\":\"Innsbruck\",\"postalCode\":\"6020\",\"addressRegion\":\"Tirol\",\"addressCountry\":\"AT\"},{\"@type\":\"ImageObject\",\"inLanguage\":\"en-US\",\"@id\":\"https:\/\/bolting.eu\/en\/shop\/black-diamond-wired-hexes\/#local-main-organization-logo\",\"url\":\"https:\/\/bolting.eu\/wp-content\/uploads\/2019\/09\/bolting-logo.png\",\"contentUrl\":\"https:\/\/bolting.eu\/wp-content\/uploads\/2019\/09\/bolting-logo.png\",\"width\":400,\"height\":211,\"caption\":\"bolting.eu\"}]}<\/script>\n<meta property=\"og:video\" content=\"https:\/\/www.youtube.com\/embed\/_UpyIQiK3Vc\" \/>\n<meta property=\"og:video:type\" content=\"text\/html\" \/>\n<meta property=\"og:video:duration\" content=\"172\" \/>\n<meta property=\"og:video:width\" content=\"480\" \/>\n<meta property=\"og:video:height\" content=\"270\" \/>\n<meta property=\"ya:ovs:adult\" content=\"false\" \/>\n<meta property=\"ya:ovs:upload_date\" content=\"2022-01-21T13:02:40+00:00\" \/>\n<meta property=\"ya:ovs:allow_embed\" content=\"true\" \/>\n<meta property=\"og:availability\" content=\"instock\" \/>\n<meta property=\"product:availability\" content=\"instock\" \/>\n<meta property=\"product:condition\" content=\"new\" \/>\n<meta name=\"geo.placename\" content=\"Innsbruck\" \/>\n<meta name=\"geo.position\" content=\"47.264176340396226;11.380109057672346\" \/>\n<meta name=\"geo.region\" content=\"Austria\" \/>\n<!-- \/ Yoast SEO Premium plugin. -->","yoast_head_json":{"title":"Black Diamond Wired Hexes - alle Gr\u00f6\u00dfen #1 bis #11 | bolting.eu","description":"Hier findest Du die BLACK DIAMOND WIRED HEXES in allen verf\u00fcgbaren Gr\u00f6\u00dfen. Black Diamond Hexentrics von Gr\u00f6\u00dfe #1 bis #11!","robots":{"index":"index","follow":"follow","max-snippet":"max-snippet:-1","max-image-preview":"max-image-preview:large","max-video-preview":"max-video-preview:-1"},"canonical":"https:\/\/bolting.eu\/en\/shop\/black-diamond-wired-hexes\/","og_locale":"en_US","og_type":"article","og_title":"Black Diamond Wired Hexes","og_description":"Hier findest Du die BLACK DIAMOND WIRED HEXES in allen verf\u00fcgbaren Gr\u00f6\u00dfen. Black Diamond Hexentrics von Gr\u00f6\u00dfe #1 bis #11!","og_url":"https:\/\/bolting.eu\/en\/shop\/black-diamond-wired-hexes\/","og_site_name":"bolting.eu","article_publisher":"https:\/\/www.facebook.com\/bolting.eu","article_modified_time":"2025-09-19T08:18:34+00:00","og_image":[{"width":700,"height":700,"url":"https:\/\/bolting.eu\/wp-content\/uploads\/2022\/01\/Black-Diamond-Wired-hexes-1.jpg","type":"image\/jpeg"}],"twitter_card":"summary_large_image","twitter_misc":{"Availability":"In stock"},"schema":{"@context":"https:\/\/schema.org","@graph":[{"@type":["WebPage","ItemPage"],"@id":"https:\/\/bolting.eu\/en\/shop\/black-diamond-wired-hexes\/","url":"https:\/\/bolting.eu\/en\/shop\/black-diamond-wired-hexes\/","name":"Black Diamond Wired Hexes - alle Gr\u00f6\u00dfen #1 bis #11 | bolting.eu","isPartOf":{"@id":"https:\/\/bolting.eu\/en\/#website"},"primaryImageOfPage":{"@id":"https:\/\/bolting.eu\/en\/shop\/black-diamond-wired-hexes\/#primaryimage"},"image":{"@id":"https:\/\/bolting.eu\/en\/shop\/black-diamond-wired-hexes\/#primaryimage"},"thumbnailUrl":"https:\/\/bolting.eu\/wp-content\/uploads\/2022\/01\/Black-Diamond-Wired-hexes-1.jpg","datePublished":"2022-01-21T13:02:40+00:00","dateModified":"2025-09-19T08:18:34+00:00","description":"Hier findest Du die BLACK DIAMOND WIRED HEXES in allen verf\u00fcgbaren Gr\u00f6\u00dfen. Black Diamond Hexentrics von Gr\u00f6\u00dfe #1 bis #11!","breadcrumb":{"@id":"https:\/\/bolting.eu\/en\/shop\/black-diamond-wired-hexes\/#breadcrumb"},"inLanguage":"en-US","potentialAction":[{"@type":"ReadAction","target":["https:\/\/bolting.eu\/en\/shop\/black-diamond-wired-hexes\/"]}]},{"@type":"ImageObject","inLanguage":"en-US","@id":"https:\/\/bolting.eu\/en\/shop\/black-diamond-wired-hexes\/#primaryimage","url":"https:\/\/bolting.eu\/wp-content\/uploads\/2022\/01\/Black-Diamond-Wired-hexes-1.jpg","contentUrl":"https:\/\/bolting.eu\/wp-content\/uploads\/2022\/01\/Black-Diamond-Wired-hexes-1.jpg","width":700,"height":700,"caption":"Das Bild zeigt das rote Modell der Black Diamond Wired Hexes. Oben der Alu Kopf, unten das silberne Stahlkabel."},{"@type":"BreadcrumbList","@id":"https:\/\/bolting.eu\/en\/shop\/black-diamond-wired-hexes\/#breadcrumb","itemListElement":[{"@type":"ListItem","position":1,"name":"Shop","item":"https:\/\/bolting.eu\/en\/shop\/"},{"@type":"ListItem","position":2,"name":"Black Diamond","item":"https:\/\/bolting.eu\/en\/produkt-kategorie\/black-diamond-en\/"},{"@type":"ListItem","position":3,"name":"Black Diamond Wired Hexes"}]},{"@type":"WebSite","@id":"https:\/\/bolting.eu\/en\/#website","url":"https:\/\/bolting.eu\/en\/","name":"bolting.eu","description":"we make climbs happen","publisher":{"@id":"https:\/\/bolting.eu\/en\/#organization"},"potentialAction":[{"@type":"SearchAction","target":{"@type":"EntryPoint","urlTemplate":"https:\/\/bolting.eu\/en\/?s={search_term_string}"},"query-input":{"@type":"PropertyValueSpecification","valueRequired":true,"valueName":"search_term_string"}}],"inLanguage":"en-US"},{"@type":["Organization","Place","SportingGoodsStore"],"@id":"https:\/\/bolting.eu\/en\/#organization","name":"bolting.eu","url":"https:\/\/bolting.eu\/en\/","logo":{"@id":"https:\/\/bolting.eu\/en\/shop\/black-diamond-wired-hexes\/#local-main-organization-logo"},"image":{"@id":"https:\/\/bolting.eu\/en\/shop\/black-diamond-wired-hexes\/#local-main-organization-logo"},"sameAs":["https:\/\/www.facebook.com\/bolting.eu","https:\/\/www.instagram.com\/bolting.eu\/"],"address":{"@id":"https:\/\/bolting.eu\/en\/shop\/black-diamond-wired-hexes\/#local-main-place-address"},"geo":{"@type":"GeoCoordinates","latitude":"47.264176340396226","longitude":"11.380109057672346"},"telephone":["+43 699 19083372"],"openingHoursSpecification":[{"@type":"OpeningHoursSpecification","dayOfWeek":["Monday","Wednesday","Friday"],"opens":"14:00","closes":"18:00"},{"@type":"OpeningHoursSpecification","dayOfWeek":["Tuesday","Thursday","Saturday","Sunday"],"opens":"00:00","closes":"00:00"}],"email":"office@bolting.eu","vatID":"ATU59999728","priceRange":"$$","currenciesAccepted":"Euro"},{"@type":"PostalAddress","@id":"https:\/\/bolting.eu\/en\/shop\/black-diamond-wired-hexes\/#local-main-place-address","streetAddress":"Fischnalerstra\u00dfe 4","addressLocality":"Innsbruck","postalCode":"6020","addressRegion":"Tirol","addressCountry":"AT"},{"@type":"ImageObject","inLanguage":"en-US","@id":"https:\/\/bolting.eu\/en\/shop\/black-diamond-wired-hexes\/#local-main-organization-logo","url":"https:\/\/bolting.eu\/wp-content\/uploads\/2019\/09\/bolting-logo.png","contentUrl":"https:\/\/bolting.eu\/wp-content\/uploads\/2019\/09\/bolting-logo.png","width":400,"height":211,"caption":"bolting.eu"}]},"og_video":"https:\/\/www.youtube.com\/embed\/_UpyIQiK3Vc","og_video_type":"text\/html","og_video_duration":"172","og_video_width":"480","og_video_height":"270","ya_ovs_adult":"false","ya_ovs_upload_date":"2022-01-21T13:02:40+00:00","ya_ovs_allow_embed":"true","og_availability":"instock","product_availability":"instock","product_condition":"new","geo.placename":"Innsbruck","geo.position":{"lat":"47.264176340396226","long":"11.380109057672346"},"geo.region":"Austria"},"_links":{"self":[{"href":"https:\/\/bolting.eu\/en\/wp-json\/wp\/v2\/product\/11243","targetHints":{"allow":["GET"]}}],"collection":[{"href":"https:\/\/bolting.eu\/en\/wp-json\/wp\/v2\/product"}],"about":[{"href":"https:\/\/bolting.eu\/en\/wp-json\/wp\/v2\/types\/product"}],"replies":[{"embeddable":true,"href":"https:\/\/bolting.eu\/en\/wp-json\/wp\/v2\/comments?post=11243"}],"wp:featuredmedia":[{"embeddable":true,"href":"https:\/\/bolting.eu\/en\/wp-json\/wp\/v2\/media\/11254"}],"wp:attachment":[{"href":"https:\/\/bolting.eu\/en\/wp-json\/wp\/v2\/media?parent=11243"}],"wp:term":[{"taxonomy":"product_brand","embeddable":true,"href":"https:\/\/bolting.eu\/en\/wp-json\/wp\/v2\/product_brand?post=11243"},{"taxonomy":"product_cat","embeddable":true,"href":"https:\/\/bolting.eu\/en\/wp-json\/wp\/v2\/product_cat?post=11243"},{"taxonomy":"product_tag","embeddable":true,"href":"https:\/\/bolting.eu\/en\/wp-json\/wp\/v2\/product_tag?post=11243"}],"curies":[{"name":"wp","href":"https:\/\/api.w.org\/{rel}","templated":true}]}}