{"id":11231,"date":"2022-01-21T12:10:18","date_gmt":"2022-01-21T11:10:18","guid":{"rendered":"https:\/\/bolting.eu\/?post_type=product&#038;p=11231"},"modified":"2025-10-04T06:50:09","modified_gmt":"2025-10-04T04:50:09","slug":"black-diamond-offset-stopper-set","status":"publish","type":"product","link":"https:\/\/bolting.eu\/en\/shop\/black-diamond-offset-stopper-set\/","title":{"rendered":"Black Diamond Offset Stopper Set"},"content":{"rendered":"<p>Das Black Diamond Offset Stopper Set ist ein <a href=\"https:\/\/bolting.eu\/produkt-kategorie\/klemmkeile\/\">Klemmkeil<\/a> Set f\u00fcr Trad Kletterer und Big Wall Ratten. Denn die Black Diamond Offset Klemmkeile sind speziell f\u00fcr sogenannte &#8220;flares&#8221; konstruiert. D.h. f\u00fcr nach au\u00dfen hin breiter werdende Risse.<\/p>\n<p>Folglich haben auch die Keile eine entsprechende konische Form. Jeder der f\u00fcnf Black Diamond Offset Stopper ist sowohl von oben nach unten, als auch von vorne nach hinten breiter werdend. Somit k\u00f6nnen sie sich in sehr vielen &#8220;offenen&#8221; Placement sehr gut verkeilen.<\/p>\n<p>Kurzum. Wer viel Trad klettert oder Big Walls macht, der wird wie bei <a href=\"https:\/\/bolting.eu\/produkt-kategorie\/kletterausruestung\/klemmgeraete-friends\/\">Klemmger\u00e4ten<\/a> um Offsets nicht herum kommen!<\/p>\n<h2>Eigenschaften Black Diamond Offset Stopper Set<\/h2>\n<ul>\n<li>Hersteller: <a href=\"https:\/\/bolting.eu\/produkt-kategorie\/black-diamond\/\">Black Diamond<\/a><\/li>\n<li>Material: Aluminium (K\u00f6pfe) bzw. verzinkter Stahldraht<\/li>\n<li>Gewicht: 250 Gramm<\/li>\n<li>Gr\u00f6\u00dfen: #7 &#8211; #11 (5 Gr\u00f6\u00dfen)<\/li>\n<li>Bruchlast: 10 kN<\/li>\n<li>Aluminium K\u00f6pfe: eloxiert mit individuellen Farben<\/li>\n<li>abgerundete Kanten erleichtert Abbau<\/li>\n<li>doppelt asymmetrische Form f\u00fcr Flares und Pin Scars<\/li>\n<li>Lieferumfang inkl. LiteWire <a href=\"https:\/\/bolting.eu\/produkt-kategorie\/kletterausruestung\/kletterkarabiner\/\">Kletterkarabiner<\/a><br \/>\nzum Anh\u00e4ngen am <a href=\"https:\/\/bolting.eu\/produkt-kategorie\/kletterausruestung\/klettergurte\/\">Klettergurt<\/a><\/li>\n<li>f\u00fcr sicheren Halt lange <a href=\"https:\/\/bolting.eu\/produkt-kategorie\/kletterausruestung\/expressschlingen\/\">Expressschlinge<\/a> dazu h\u00e4ngen<\/li>\n<li><a href=\"https:\/\/www.blackdiamondequipment.com\/en_US\/product\/offset-stopper-set-7-11\/#:~:text=Product%20Instructions%20%2D%20Passive%20Pro\" target=\"_blank\" rel=\"noopener\">Gebrauchsanleitung<\/a><\/li>\n<\/ul>\n<h3>Durchgehendes Farb- und Gr\u00f6\u00dfenschema<\/h3>\n<p>Die Stopper Serie folgt einem klarem Farb- und Gr\u00f6\u00dfenschema. D.h. bei Produkten dieser Kategorie sind alle Farben f\u00fcr die jeweilige Gr\u00f6\u00dfe gleich. So eben auch beim Offset Stopper Set.<\/p>\n<p>Somit wisst ihr immer gleich, zu welcher Farbe bzw. welche Gr\u00f6\u00dfe ihr greifen m\u00fcsst.<\/p>\n<h3>Gr\u00f6\u00dfentabelle der Offset Klemmkeile<\/h3>\n<table style=\"border-collapse: collapse; width: 372px; height: 188px;\" border=\"0\" width=\"261\" cellspacing=\"0\" cellpadding=\"0\">\n<tbody>\n<tr style=\"height: 16.0pt;\">\n<td class=\"xl63\" style=\"height: 16pt; width: 195pt; text-align: center;\" colspan=\"3\" width=\"261\" height=\"21\"><strong>Gr\u00f6\u00dfen\u00fcbersicht Black Diamond Offset Stopper<\/strong><\/td>\n<\/tr>\n<tr style=\"height: 16.0pt;\">\n<td style=\"height: 16pt; text-align: center;\" height=\"21\">Gr\u00f6\u00dfe<\/td>\n<td style=\"text-align: center;\">Gewicht<\/td>\n<td style=\"text-align: center;\">Farbe<\/td>\n<\/tr>\n<tr style=\"height: 16.0pt;\">\n<td style=\"height: 16pt; text-align: center;\" height=\"21\">#7<\/td>\n<td style=\"text-align: center;\">30,5 Gramm<\/td>\n<td style=\"text-align: center;\">rot<\/td>\n<\/tr>\n<tr style=\"height: 16.0pt;\">\n<td style=\"height: 16pt; text-align: center;\" height=\"21\">#8<\/td>\n<td style=\"text-align: center;\">32,6 Gramm<\/td>\n<td style=\"text-align: center;\">gold<\/td>\n<\/tr>\n<tr style=\"height: 16.0pt;\">\n<td style=\"height: 16pt; text-align: center;\" height=\"21\">#9<\/td>\n<td style=\"text-align: center;\">40,2 Gramm<\/td>\n<td style=\"text-align: center;\">blau<\/td>\n<\/tr>\n<tr style=\"height: 16.0pt;\">\n<td style=\"height: 16pt; text-align: center;\" height=\"21\">#10<\/td>\n<td style=\"text-align: center;\">44,6 Gramm<\/td>\n<td style=\"text-align: center;\">antrazit<\/td>\n<\/tr>\n<tr style=\"height: 16.0pt;\">\n<td style=\"height: 16pt; text-align: center;\" height=\"21\">#11<\/td>\n<td style=\"text-align: center;\">55,5 Gramm<\/td>\n<td style=\"text-align: center;\">violett<\/td>\n<\/tr>\n<\/tbody>\n<\/table>\n<h3>Produktvideo Black Diamond Offset Stoppers<\/h3>\n<p>Lassen wir aber Black Diamond selber kurz erkl\u00e4ren, was es mit den Offset Klemmkeilen auf sich hat.<\/p>\n<p><iframe loading=\"lazy\" title=\"Black Diamond Offset Stoppers\" width=\"1020\" height=\"574\" src=\"https:\/\/www.youtube.com\/embed\/98slRcjEicU?feature=oembed\" frameborder=\"0\" allow=\"accelerometer; autoplay; clipboard-write; encrypted-media; gyroscope; picture-in-picture; web-share\" referrerpolicy=\"strict-origin-when-cross-origin\" allowfullscreen><\/iframe><\/p>\n<h3>Gemacht f\u00fcr Trad Kletterer!<\/h3>\n<p>Die Offset Klemmkeile sind wirklich etwas f\u00fcr engagierte Trad Kletterer.<\/p>\n<p>Denn durch die vern\u00fcnftigen Gr\u00f6\u00dfen sowie die smarte Geometrie, k\u00f6nnen sie in vielen Situationen gelegt werden. Dabei stechen nat\u00fcrlich Flares, also nach au\u00dfen offene Risse heraus.<\/p>\n<p>Dabei hilft es besonders, dass die Kanten der Klemmkeile sch\u00f6n abgerundet sind. Das bedeutet zum einen ein smootheres Legen. Aber zum anderen auch ein viel, viel leichteres Entfernen der Keile.<\/p>\n<figure id=\"attachment_8188\" aria-describedby=\"caption-attachment-8188\" style=\"width: 800px\" class=\"wp-caption alignnone\"><a href=\"https:\/\/bolting.eu\/wp-content\/uploads\/2021\/03\/Kletterhelme-beim-Trad-Klettern.jpg\"><img loading=\"lazy\" decoding=\"async\" class=\"wp-image-8188 size-full\" src=\"https:\/\/bolting.eu\/wp-content\/uploads\/2021\/03\/Kletterhelme-beim-Trad-Klettern.jpg\" alt=\"Das Bild zeigt einen Kletterer auf einem Granitpfeiler. Im Vordergrund sind B\u00e4ume.\" width=\"800\" height=\"600\" srcset=\"https:\/\/bolting.eu\/wp-content\/uploads\/2021\/03\/Kletterhelme-beim-Trad-Klettern.jpg 800w, https:\/\/bolting.eu\/wp-content\/uploads\/2021\/03\/Kletterhelme-beim-Trad-Klettern-510x383.jpg 510w, https:\/\/bolting.eu\/wp-content\/uploads\/2021\/03\/Kletterhelme-beim-Trad-Klettern-533x400.jpg 533w, https:\/\/bolting.eu\/wp-content\/uploads\/2021\/03\/Kletterhelme-beim-Trad-Klettern-768x576.jpg 768w, https:\/\/bolting.eu\/wp-content\/uploads\/2021\/03\/Kletterhelme-beim-Trad-Klettern-600x450.jpg 600w\" sizes=\"auto, (max-width: 800px) 100vw, 800px\" \/><\/a><figcaption id=\"caption-attachment-8188\" class=\"wp-caption-text\">Die Offset Stopper sind perfekt f\u00fcr engagierte Trad Kletterer!<\/figcaption><\/figure>\n<p>&nbsp;<\/p>\n","protected":false},"excerpt":{"rendered":"<p>Das Black Diamond Offset Stopper Set ist etwas f\u00fcr Trad Kletterer und Big Wall Ratten. Die Keile haben eine doppelt asymmetrische Geometrie f\u00fcr besten Halt in &#8220;Flares&#8221; und &#8220;Pin Scars&#8221;.<\/p>\n<p>Set aus f\u00fcnf praktischen Gr\u00f6\u00dfen, individuell, farblich durch Eloxierung markiert.<\/p>\n","protected":false},"featured_media":11238,"comment_status":"open","ping_status":"closed","template":"","meta":[],"product_brand":[],"product_cat":[29,3712,4658],"product_tag":[],"class_list":{"0":"post-11231","1":"product","2":"type-product","3":"status-publish","4":"has-post-thumbnail","6":"product_cat-kletterausruestung","7":"product_cat-klemmkeile","8":"product_cat-black-diamond","10":"first","11":"instock","12":"sale","13":"taxable","14":"shipping-taxable","15":"purchasable","16":"product-type-simple"},"yoast_head":"<!-- This site is optimized with the Yoast SEO Premium plugin v26.9 (Yoast SEO v26.9) - https:\/\/yoast.com\/product\/yoast-seo-premium-wordpress\/ -->\n<title>Black Diamond Offset Stopper Set | bolting.eu<\/title>\n<meta name=\"description\" content=\"Hier findest Du das BLACK DIAMOND OFFSET STOPPER Set, bestehend aus f\u00fcnf asymmetrischen Klemmkeilen f\u00fcr Flares und Pin Scars!\" \/>\n<meta name=\"robots\" content=\"index, follow, max-snippet:-1, max-image-preview:large, max-video-preview:-1\" \/>\n<link rel=\"canonical\" href=\"https:\/\/bolting.eu\/en\/shop\/black-diamond-offset-stopper-set\/\" \/>\n<meta property=\"og:locale\" content=\"en_US\" \/>\n<meta property=\"og:type\" content=\"article\" \/>\n<meta property=\"og:title\" content=\"Black Diamond Offset Stopper Set\" \/>\n<meta property=\"og:description\" content=\"Hier findest Du das BLACK DIAMOND OFFSET STOPPER Set, bestehend aus f\u00fcnf asymmetrischen Klemmkeilen f\u00fcr Flares und Pin Scars!\" \/>\n<meta property=\"og:url\" content=\"https:\/\/bolting.eu\/en\/shop\/black-diamond-offset-stopper-set\/\" \/>\n<meta property=\"og:site_name\" content=\"bolting.eu\" \/>\n<meta property=\"article:publisher\" content=\"https:\/\/www.facebook.com\/bolting.eu\" \/>\n<meta property=\"article:modified_time\" content=\"2025-10-04T04:50:09+00:00\" \/>\n<meta property=\"og:image\" content=\"https:\/\/bolting.eu\/wp-content\/uploads\/2022\/01\/BD-Offset-Stopper-Set-1.jpg\" \/>\n\t<meta property=\"og:image:width\" content=\"700\" \/>\n\t<meta property=\"og:image:height\" content=\"700\" \/>\n\t<meta property=\"og:image:type\" content=\"image\/jpeg\" \/>\n<meta name=\"twitter:card\" content=\"summary_large_image\" \/>\n<meta name=\"twitter:label1\" content=\"Price\" \/>\n\t<meta name=\"twitter:data1\" content=\"&euro;&nbsp;76,00\" \/>\n\t<meta name=\"twitter:label2\" content=\"Availability\" \/>\n\t<meta name=\"twitter:data2\" content=\"In stock\" \/>\n<script type=\"application\/ld+json\" class=\"yoast-schema-graph\">{\"@context\":\"https:\/\/schema.org\",\"@graph\":[{\"@type\":[\"WebPage\",\"ItemPage\"],\"@id\":\"https:\/\/bolting.eu\/en\/shop\/black-diamond-offset-stopper-set\/\",\"url\":\"https:\/\/bolting.eu\/en\/shop\/black-diamond-offset-stopper-set\/\",\"name\":\"Black Diamond Offset Stopper Set | bolting.eu\",\"isPartOf\":{\"@id\":\"https:\/\/bolting.eu\/en\/#website\"},\"primaryImageOfPage\":{\"@id\":\"https:\/\/bolting.eu\/en\/shop\/black-diamond-offset-stopper-set\/#primaryimage\"},\"image\":{\"@id\":\"https:\/\/bolting.eu\/en\/shop\/black-diamond-offset-stopper-set\/#primaryimage\"},\"thumbnailUrl\":\"https:\/\/bolting.eu\/wp-content\/uploads\/2022\/01\/BD-Offset-Stopper-Set-1.jpg\",\"datePublished\":\"2022-01-21T11:10:18+00:00\",\"dateModified\":\"2025-10-04T04:50:09+00:00\",\"description\":\"Hier findest Du das BLACK DIAMOND OFFSET STOPPER Set, bestehend aus f\u00fcnf asymmetrischen Klemmkeilen f\u00fcr Flares und Pin Scars!\",\"breadcrumb\":{\"@id\":\"https:\/\/bolting.eu\/en\/shop\/black-diamond-offset-stopper-set\/#breadcrumb\"},\"inLanguage\":\"en-US\",\"potentialAction\":[{\"@type\":\"ReadAction\",\"target\":[\"https:\/\/bolting.eu\/en\/shop\/black-diamond-offset-stopper-set\/\"]}]},{\"@type\":\"ImageObject\",\"inLanguage\":\"en-US\",\"@id\":\"https:\/\/bolting.eu\/en\/shop\/black-diamond-offset-stopper-set\/#primaryimage\",\"url\":\"https:\/\/bolting.eu\/wp-content\/uploads\/2022\/01\/BD-Offset-Stopper-Set-1.jpg\",\"contentUrl\":\"https:\/\/bolting.eu\/wp-content\/uploads\/2022\/01\/BD-Offset-Stopper-Set-1.jpg\",\"width\":700,\"height\":700,\"caption\":\"Das Bild zeigt das Black Diamond Offset Stopper Set mit f\u00fcnf bunten Offset Klemmkeilen und einen schwarzen Karabiner.\"},{\"@type\":\"BreadcrumbList\",\"@id\":\"https:\/\/bolting.eu\/en\/shop\/black-diamond-offset-stopper-set\/#breadcrumb\",\"itemListElement\":[{\"@type\":\"ListItem\",\"position\":1,\"name\":\"Shop\",\"item\":\"https:\/\/bolting.eu\/en\/shop\/\"},{\"@type\":\"ListItem\",\"position\":2,\"name\":\"Klemmkeile\",\"item\":\"https:\/\/bolting.eu\/produkt-kategorie\/klemmkeile\/\"},{\"@type\":\"ListItem\",\"position\":3,\"name\":\"Black Diamond Offset Stopper Set\"}]},{\"@type\":\"WebSite\",\"@id\":\"https:\/\/bolting.eu\/en\/#website\",\"url\":\"https:\/\/bolting.eu\/en\/\",\"name\":\"bolting.eu\",\"description\":\"we make climbs happen\",\"publisher\":{\"@id\":\"https:\/\/bolting.eu\/en\/#organization\"},\"potentialAction\":[{\"@type\":\"SearchAction\",\"target\":{\"@type\":\"EntryPoint\",\"urlTemplate\":\"https:\/\/bolting.eu\/en\/?s={search_term_string}\"},\"query-input\":{\"@type\":\"PropertyValueSpecification\",\"valueRequired\":true,\"valueName\":\"search_term_string\"}}],\"inLanguage\":\"en-US\"},{\"@type\":[\"Organization\",\"Place\",\"SportingGoodsStore\"],\"@id\":\"https:\/\/bolting.eu\/en\/#organization\",\"name\":\"bolting.eu\",\"url\":\"https:\/\/bolting.eu\/en\/\",\"logo\":{\"@id\":\"https:\/\/bolting.eu\/en\/shop\/black-diamond-offset-stopper-set\/#local-main-organization-logo\"},\"image\":{\"@id\":\"https:\/\/bolting.eu\/en\/shop\/black-diamond-offset-stopper-set\/#local-main-organization-logo\"},\"sameAs\":[\"https:\/\/www.facebook.com\/bolting.eu\",\"https:\/\/www.instagram.com\/bolting.eu\/\"],\"address\":{\"@id\":\"https:\/\/bolting.eu\/en\/shop\/black-diamond-offset-stopper-set\/#local-main-place-address\"},\"geo\":{\"@type\":\"GeoCoordinates\",\"latitude\":\"47.264176340396226\",\"longitude\":\"11.380109057672346\"},\"telephone\":[\"+43 699 19083372\"],\"openingHoursSpecification\":[{\"@type\":\"OpeningHoursSpecification\",\"dayOfWeek\":[\"Monday\",\"Wednesday\",\"Friday\"],\"opens\":\"14:00\",\"closes\":\"18:00\"},{\"@type\":\"OpeningHoursSpecification\",\"dayOfWeek\":[\"Tuesday\",\"Thursday\",\"Saturday\",\"Sunday\"],\"opens\":\"00:00\",\"closes\":\"00:00\"}],\"email\":\"office@bolting.eu\",\"vatID\":\"ATU59999728\",\"priceRange\":\"$$\",\"currenciesAccepted\":\"Euro\"},{\"@type\":\"PostalAddress\",\"@id\":\"https:\/\/bolting.eu\/en\/shop\/black-diamond-offset-stopper-set\/#local-main-place-address\",\"streetAddress\":\"Fischnalerstra\u00dfe 4\",\"addressLocality\":\"Innsbruck\",\"postalCode\":\"6020\",\"addressRegion\":\"Tirol\",\"addressCountry\":\"AT\"},{\"@type\":\"ImageObject\",\"inLanguage\":\"en-US\",\"@id\":\"https:\/\/bolting.eu\/en\/shop\/black-diamond-offset-stopper-set\/#local-main-organization-logo\",\"url\":\"https:\/\/bolting.eu\/wp-content\/uploads\/2019\/09\/bolting-logo.png\",\"contentUrl\":\"https:\/\/bolting.eu\/wp-content\/uploads\/2019\/09\/bolting-logo.png\",\"width\":400,\"height\":211,\"caption\":\"bolting.eu\"}]}<\/script>\n<meta property=\"og:video\" content=\"https:\/\/www.youtube.com\/embed\/98slRcjEicU\" \/>\n<meta property=\"og:video:type\" content=\"text\/html\" \/>\n<meta property=\"og:video:duration\" content=\"250\" \/>\n<meta property=\"og:video:width\" content=\"480\" \/>\n<meta property=\"og:video:height\" content=\"270\" \/>\n<meta property=\"ya:ovs:adult\" content=\"false\" \/>\n<meta property=\"ya:ovs:upload_date\" content=\"2022-01-21T11:10:18+00:00\" \/>\n<meta property=\"ya:ovs:allow_embed\" content=\"true\" \/>\n<meta property=\"product:price:amount\" content=\"76.00\" \/>\n<meta property=\"product:price:currency\" content=\"EUR\" \/>\n<meta property=\"og:availability\" content=\"instock\" \/>\n<meta property=\"product:availability\" content=\"instock\" \/>\n<meta property=\"product:retailer_item_id\" content=\"225235\" \/>\n<meta property=\"product:condition\" content=\"new\" \/>\n<meta name=\"geo.placename\" content=\"Innsbruck\" \/>\n<meta name=\"geo.position\" content=\"47.264176340396226;11.380109057672346\" \/>\n<meta name=\"geo.region\" content=\"Austria\" \/>\n<!-- \/ Yoast SEO Premium plugin. -->","yoast_head_json":{"title":"Black Diamond Offset Stopper Set | bolting.eu","description":"Hier findest Du das BLACK DIAMOND OFFSET STOPPER Set, bestehend aus f\u00fcnf asymmetrischen Klemmkeilen f\u00fcr Flares und Pin Scars!","robots":{"index":"index","follow":"follow","max-snippet":"max-snippet:-1","max-image-preview":"max-image-preview:large","max-video-preview":"max-video-preview:-1"},"canonical":"https:\/\/bolting.eu\/en\/shop\/black-diamond-offset-stopper-set\/","og_locale":"en_US","og_type":"article","og_title":"Black Diamond Offset Stopper Set","og_description":"Hier findest Du das BLACK DIAMOND OFFSET STOPPER Set, bestehend aus f\u00fcnf asymmetrischen Klemmkeilen f\u00fcr Flares und Pin Scars!","og_url":"https:\/\/bolting.eu\/en\/shop\/black-diamond-offset-stopper-set\/","og_site_name":"bolting.eu","article_publisher":"https:\/\/www.facebook.com\/bolting.eu","article_modified_time":"2025-10-04T04:50:09+00:00","og_image":[{"width":700,"height":700,"url":"https:\/\/bolting.eu\/wp-content\/uploads\/2022\/01\/BD-Offset-Stopper-Set-1.jpg","type":"image\/jpeg"}],"twitter_card":"summary_large_image","twitter_misc":{"Price":"&euro;&nbsp;76,00","Availability":"In stock"},"schema":{"@context":"https:\/\/schema.org","@graph":[{"@type":["WebPage","ItemPage"],"@id":"https:\/\/bolting.eu\/en\/shop\/black-diamond-offset-stopper-set\/","url":"https:\/\/bolting.eu\/en\/shop\/black-diamond-offset-stopper-set\/","name":"Black Diamond Offset Stopper Set | bolting.eu","isPartOf":{"@id":"https:\/\/bolting.eu\/en\/#website"},"primaryImageOfPage":{"@id":"https:\/\/bolting.eu\/en\/shop\/black-diamond-offset-stopper-set\/#primaryimage"},"image":{"@id":"https:\/\/bolting.eu\/en\/shop\/black-diamond-offset-stopper-set\/#primaryimage"},"thumbnailUrl":"https:\/\/bolting.eu\/wp-content\/uploads\/2022\/01\/BD-Offset-Stopper-Set-1.jpg","datePublished":"2022-01-21T11:10:18+00:00","dateModified":"2025-10-04T04:50:09+00:00","description":"Hier findest Du das BLACK DIAMOND OFFSET STOPPER Set, bestehend aus f\u00fcnf asymmetrischen Klemmkeilen f\u00fcr Flares und Pin Scars!","breadcrumb":{"@id":"https:\/\/bolting.eu\/en\/shop\/black-diamond-offset-stopper-set\/#breadcrumb"},"inLanguage":"en-US","potentialAction":[{"@type":"ReadAction","target":["https:\/\/bolting.eu\/en\/shop\/black-diamond-offset-stopper-set\/"]}]},{"@type":"ImageObject","inLanguage":"en-US","@id":"https:\/\/bolting.eu\/en\/shop\/black-diamond-offset-stopper-set\/#primaryimage","url":"https:\/\/bolting.eu\/wp-content\/uploads\/2022\/01\/BD-Offset-Stopper-Set-1.jpg","contentUrl":"https:\/\/bolting.eu\/wp-content\/uploads\/2022\/01\/BD-Offset-Stopper-Set-1.jpg","width":700,"height":700,"caption":"Das Bild zeigt das Black Diamond Offset Stopper Set mit f\u00fcnf bunten Offset Klemmkeilen und einen schwarzen Karabiner."},{"@type":"BreadcrumbList","@id":"https:\/\/bolting.eu\/en\/shop\/black-diamond-offset-stopper-set\/#breadcrumb","itemListElement":[{"@type":"ListItem","position":1,"name":"Shop","item":"https:\/\/bolting.eu\/en\/shop\/"},{"@type":"ListItem","position":2,"name":"Klemmkeile","item":"https:\/\/bolting.eu\/produkt-kategorie\/klemmkeile\/"},{"@type":"ListItem","position":3,"name":"Black Diamond Offset Stopper Set"}]},{"@type":"WebSite","@id":"https:\/\/bolting.eu\/en\/#website","url":"https:\/\/bolting.eu\/en\/","name":"bolting.eu","description":"we make climbs happen","publisher":{"@id":"https:\/\/bolting.eu\/en\/#organization"},"potentialAction":[{"@type":"SearchAction","target":{"@type":"EntryPoint","urlTemplate":"https:\/\/bolting.eu\/en\/?s={search_term_string}"},"query-input":{"@type":"PropertyValueSpecification","valueRequired":true,"valueName":"search_term_string"}}],"inLanguage":"en-US"},{"@type":["Organization","Place","SportingGoodsStore"],"@id":"https:\/\/bolting.eu\/en\/#organization","name":"bolting.eu","url":"https:\/\/bolting.eu\/en\/","logo":{"@id":"https:\/\/bolting.eu\/en\/shop\/black-diamond-offset-stopper-set\/#local-main-organization-logo"},"image":{"@id":"https:\/\/bolting.eu\/en\/shop\/black-diamond-offset-stopper-set\/#local-main-organization-logo"},"sameAs":["https:\/\/www.facebook.com\/bolting.eu","https:\/\/www.instagram.com\/bolting.eu\/"],"address":{"@id":"https:\/\/bolting.eu\/en\/shop\/black-diamond-offset-stopper-set\/#local-main-place-address"},"geo":{"@type":"GeoCoordinates","latitude":"47.264176340396226","longitude":"11.380109057672346"},"telephone":["+43 699 19083372"],"openingHoursSpecification":[{"@type":"OpeningHoursSpecification","dayOfWeek":["Monday","Wednesday","Friday"],"opens":"14:00","closes":"18:00"},{"@type":"OpeningHoursSpecification","dayOfWeek":["Tuesday","Thursday","Saturday","Sunday"],"opens":"00:00","closes":"00:00"}],"email":"office@bolting.eu","vatID":"ATU59999728","priceRange":"$$","currenciesAccepted":"Euro"},{"@type":"PostalAddress","@id":"https:\/\/bolting.eu\/en\/shop\/black-diamond-offset-stopper-set\/#local-main-place-address","streetAddress":"Fischnalerstra\u00dfe 4","addressLocality":"Innsbruck","postalCode":"6020","addressRegion":"Tirol","addressCountry":"AT"},{"@type":"ImageObject","inLanguage":"en-US","@id":"https:\/\/bolting.eu\/en\/shop\/black-diamond-offset-stopper-set\/#local-main-organization-logo","url":"https:\/\/bolting.eu\/wp-content\/uploads\/2019\/09\/bolting-logo.png","contentUrl":"https:\/\/bolting.eu\/wp-content\/uploads\/2019\/09\/bolting-logo.png","width":400,"height":211,"caption":"bolting.eu"}]},"og_video":"https:\/\/www.youtube.com\/embed\/98slRcjEicU","og_video_type":"text\/html","og_video_duration":"250","og_video_width":"480","og_video_height":"270","ya_ovs_adult":"false","ya_ovs_upload_date":"2022-01-21T11:10:18+00:00","ya_ovs_allow_embed":"true","product_price_amount":"76.00","product_price_currency":"EUR","og_availability":"instock","product_availability":"instock","product_retailer_item_id":"225235","product_condition":"new","geo.placename":"Innsbruck","geo.position":{"lat":"47.264176340396226","long":"11.380109057672346"},"geo.region":"Austria"},"_links":{"self":[{"href":"https:\/\/bolting.eu\/en\/wp-json\/wp\/v2\/product\/11231","targetHints":{"allow":["GET"]}}],"collection":[{"href":"https:\/\/bolting.eu\/en\/wp-json\/wp\/v2\/product"}],"about":[{"href":"https:\/\/bolting.eu\/en\/wp-json\/wp\/v2\/types\/product"}],"replies":[{"embeddable":true,"href":"https:\/\/bolting.eu\/en\/wp-json\/wp\/v2\/comments?post=11231"}],"wp:featuredmedia":[{"embeddable":true,"href":"https:\/\/bolting.eu\/en\/wp-json\/wp\/v2\/media\/11238"}],"wp:attachment":[{"href":"https:\/\/bolting.eu\/en\/wp-json\/wp\/v2\/media?parent=11231"}],"wp:term":[{"taxonomy":"product_brand","embeddable":true,"href":"https:\/\/bolting.eu\/en\/wp-json\/wp\/v2\/product_brand?post=11231"},{"taxonomy":"product_cat","embeddable":true,"href":"https:\/\/bolting.eu\/en\/wp-json\/wp\/v2\/product_cat?post=11231"},{"taxonomy":"product_tag","embeddable":true,"href":"https:\/\/bolting.eu\/en\/wp-json\/wp\/v2\/product_tag?post=11231"}],"curies":[{"name":"wp","href":"https:\/\/api.w.org\/{rel}","templated":true}]}}