{"id":11214,"date":"2022-01-20T11:41:16","date_gmt":"2022-01-20T10:41:16","guid":{"rendered":"https:\/\/bolting.eu\/?post_type=product&#038;p=11214"},"modified":"2026-03-25T11:14:42","modified_gmt":"2026-03-25T10:14:42","slug":"mammut-smart-hms","status":"publish","type":"product","link":"https:\/\/bolting.eu\/en\/shop\/mammut-smart-hms\/","title":{"rendered":"Mammut Smart HMS"},"content":{"rendered":"<p>Der Mammut Smart HMS ist ein spezieller <a href=\"https:\/\/bolting.eu\/produkt-kategorie\/kletterausruestung\/kletterkarabiner\/sicherungskarabiner\/\">Sicherungskarabiner<\/a> f\u00fcr das Smart 2.0. D.h. diese beiden Produkte sind ideal aufeinander abgestimmt.<\/p>\n<p>Folglich sollte man diesen Karabiner nur f\u00fcr weitere Ger\u00e4te verwenden, wenn sie unabh\u00e4ngig von der Karabinerform funktionieren. Wie z.B. Abseilachter, Tuber, usw&#8230;<\/p>\n<p>Was dieses Produkt auszeichnet ist der querverlaufende Sicherheitsb\u00fcgel. Er verhindert zum einen, dass man vergisst den Karabiner zu zu schrauben. Denn der B\u00fcgel h\u00e4lt nur im geschlossenen Zustand.<\/p>\n<p>Und zum anderen richtet er das Sicherungsger\u00e4t in die L\u00e4ngsrichtung = Belastungsrichtung aus. Zudem verhindert er ein Verdrehen des Karabiners und somit gef\u00e4hrliche Querbelastungen!<\/p>\n<h2>Eigenschaften Mammut Smart HMS<\/h2>\n<ul>\n<li>Hersteller: Mammut<\/li>\n<li>Material: Aluminium und Kunststoff<\/li>\n<li>Gewicht: 102 Gramm<\/li>\n<li>Farben: antrazit, blau, pink<\/li>\n<li><a href=\"https:\/\/bolting.eu\/en-12275-norm\/\">EN Norm 12275<\/a>, <a href=\"https:\/\/bolting.eu\/en-362-norm\/\">EN 362<\/a> bzw. UIAA 121<\/li>\n<li>Verschluss: Schraubverschluss<\/li>\n<li>Sicherheitsb\u00fcgel l\u00e4sst sich nur zu dr\u00fccken wenn Schraubverschluss zugedreht ist<\/li>\n<li>Bruchlasten 24kN l\u00e4ngs \/ 7kN offen \/ 12 kN Querachse<\/li>\n<li>Gr\u00f6\u00dfe 119 x 77mm<\/li>\n<li>Schnapper\u00f6ffnung: 27mm<\/li>\n<li>passt ideal zum Smart 2.0<\/li>\n<li>f\u00fcr andere Sicherungsger\u00e4te m\u00fcssen diese unabh\u00e4ngig vom Karabiner ihre Bremswirkung entfalten!<\/li>\n<li><a href=\"https:\/\/www.mammut.com\/at\/de\/products\/2040-02241\/smart-hms#:~:text=User_Manual_HI%2DMAM%2D034%2D4_LockingCarabiners_CIC.pdf\" target=\"_blank\" rel=\"noopener\">Gebrauchsanleitung<\/a><\/li>\n<\/ul>\n<h3>Achtung bei Verwendung anderer Sicherungsger\u00e4te!<\/h3>\n<p>Bitte beachtet beim Mammut Smart HMS Folgendes.<\/p>\n<p>Dieser Karabiner ist auf das Smart 2.0 Sicherungsger\u00e4t abgestimmt. Wer den Karabiner f\u00fcr ein anderes Ger\u00e4t verwendet, muss sich vergewissern.<\/p>\n<p>Zum einen funktionieren manche Sicherungsger\u00e4te wie z.B. das <a href=\"https:\/\/bolting.eu\/shop\/petzl-grigri-2\/\">GriGri2<\/a> oder das <a href=\"https:\/\/bolting.eu\/shop\/camp-matik\/\">Camp Matik<\/a> g\u00e4nzlich unabh\u00e4ngig vom Karabiner. Hier kann man diesen Karabiner bedenkenlos verwenden.<\/p>\n<p>Zum anderen gibt es aber Modelle, wie z.B. das <a href=\"https:\/\/bolting.eu\/shop\/climbing-technology-click-up\/\">CT Click Up+<\/a>, das Black Diamond Pilot usw., welche einen ganz speziellen Karabiner ben\u00f6tigen. Stellt bitte unbedingt sicher, dass euer Ger\u00e4t mit diesem Karabiner zusammen passt!<\/p>\n<p>Im Zweifelsfall, immer den originalen Karabiner passend zum Ger\u00e4t w\u00e4hlen!<\/p>\n<p>&nbsp;<\/p>\n","protected":false},"excerpt":{"rendered":"<p>Sicherungskarabiner f\u00fcr das Smart 2.0 und alle Sicherungsger\u00e4te, deren Bremsfunktion unabh\u00e4ngig von der Karabinerform ist.<\/p>\n<p>Der Sicherheitsb\u00fcgel verhindert ein Offenlassen, sowie gef\u00e4hrliche Querbelastungen beim Karabiner.<\/p>\n<p>Versandkostenfrei bis 2kg in <img decoding=\"async\" class=\"emoji\" role=\"img\" draggable=\"false\" src=\"https:\/\/s.w.org\/images\/core\/emoji\/14.0.0\/svg\/1f1e6-1f1f9.svg\" alt=\"\ud83c\udde6\ud83c\uddf9\" \/> ab \u20ac 100,- und <img decoding=\"async\" class=\"emoji\" role=\"img\" draggable=\"false\" src=\"https:\/\/s.w.org\/images\/core\/emoji\/14.0.0\/svg\/1f1e9-1f1ea.svg\" alt=\"\ud83c\udde9\ud83c\uddea\" \/> ab \u20ac 200,-!<\/p>\n","protected":false},"featured_media":11219,"comment_status":"open","ping_status":"closed","template":"","meta":[],"product_brand":[],"product_cat":[14193,29,44,4673],"product_tag":[],"class_list":{"0":"post-11214","1":"product","2":"type-product","3":"status-publish","4":"has-post-thumbnail","6":"product_cat-sicherungskarabiner","7":"product_cat-kletterausruestung","8":"product_cat-kletterkarabiner","9":"product_cat-mammut","11":"first","12":"instock","13":"taxable","14":"shipping-taxable","15":"purchasable","16":"product-type-variable"},"yoast_head":"<!-- This site is optimized with the Yoast SEO Premium plugin v26.9 (Yoast SEO v26.9) - https:\/\/yoast.com\/product\/yoast-seo-premium-wordpress\/ -->\n<title>Mammut Smart HMS - Sicherungskarabiner | bolting.eu<\/title>\n<meta name=\"description\" content=\"Mammut Smart HMS Sicherungskarabiner beim Kletter Hardwareprofi aus Innsbruck kaufen \u2705 kostenloser Versand* \u2705 14 Tage R\u00fcckgaberecht \u2705 Co2 neutraler Versand\" \/>\n<meta name=\"robots\" content=\"index, follow, max-snippet:-1, max-image-preview:large, max-video-preview:-1\" \/>\n<link rel=\"canonical\" href=\"https:\/\/bolting.eu\/en\/shop\/mammut-smart-hms\/\" \/>\n<meta property=\"og:locale\" content=\"en_US\" \/>\n<meta property=\"og:type\" content=\"article\" \/>\n<meta property=\"og:title\" content=\"Mammut Smart HMS\" \/>\n<meta property=\"og:description\" content=\"Mammut Smart HMS Sicherungskarabiner beim Kletter Hardwareprofi aus Innsbruck kaufen \u2705 kostenloser Versand* \u2705 14 Tage R\u00fcckgaberecht \u2705 Co2 neutraler Versand\" \/>\n<meta property=\"og:url\" content=\"https:\/\/bolting.eu\/en\/shop\/mammut-smart-hms\/\" \/>\n<meta property=\"og:site_name\" content=\"bolting.eu\" \/>\n<meta property=\"article:publisher\" content=\"https:\/\/www.facebook.com\/bolting.eu\" \/>\n<meta property=\"article:modified_time\" content=\"2026-03-25T10:14:42+00:00\" \/>\n<meta property=\"og:image\" content=\"https:\/\/bolting.eu\/wp-content\/uploads\/2022\/01\/Mammut-Smart-HMS-antrazit.jpg\" \/>\n\t<meta property=\"og:image:width\" content=\"700\" \/>\n\t<meta property=\"og:image:height\" content=\"700\" \/>\n\t<meta property=\"og:image:type\" content=\"image\/jpeg\" \/>\n<meta name=\"twitter:card\" content=\"summary_large_image\" \/>\n<meta name=\"twitter:label1\" content=\"Availability\" \/>\n\t<meta name=\"twitter:data1\" content=\"In stock\" \/>\n<script type=\"application\/ld+json\" class=\"yoast-schema-graph\">{\"@context\":\"https:\/\/schema.org\",\"@graph\":[{\"@type\":[\"WebPage\",\"ItemPage\"],\"@id\":\"https:\/\/bolting.eu\/en\/shop\/mammut-smart-hms\/\",\"url\":\"https:\/\/bolting.eu\/en\/shop\/mammut-smart-hms\/\",\"name\":\"Mammut Smart HMS - Sicherungskarabiner | bolting.eu\",\"isPartOf\":{\"@id\":\"https:\/\/bolting.eu\/en\/#website\"},\"primaryImageOfPage\":{\"@id\":\"https:\/\/bolting.eu\/en\/shop\/mammut-smart-hms\/#primaryimage\"},\"image\":{\"@id\":\"https:\/\/bolting.eu\/en\/shop\/mammut-smart-hms\/#primaryimage\"},\"thumbnailUrl\":\"https:\/\/bolting.eu\/wp-content\/uploads\/2022\/01\/Mammut-Smart-HMS-antrazit.jpg\",\"datePublished\":\"2022-01-20T10:41:16+00:00\",\"dateModified\":\"2026-03-25T10:14:42+00:00\",\"description\":\"Mammut Smart HMS Sicherungskarabiner beim Kletter Hardwareprofi aus Innsbruck kaufen \u2705 kostenloser Versand* \u2705 14 Tage R\u00fcckgaberecht \u2705 Co2 neutraler Versand\",\"breadcrumb\":{\"@id\":\"https:\/\/bolting.eu\/en\/shop\/mammut-smart-hms\/#breadcrumb\"},\"inLanguage\":\"en-US\",\"potentialAction\":[{\"@type\":\"ReadAction\",\"target\":[\"https:\/\/bolting.eu\/en\/shop\/mammut-smart-hms\/\"]}]},{\"@type\":\"ImageObject\",\"inLanguage\":\"en-US\",\"@id\":\"https:\/\/bolting.eu\/en\/shop\/mammut-smart-hms\/#primaryimage\",\"url\":\"https:\/\/bolting.eu\/wp-content\/uploads\/2022\/01\/Mammut-Smart-HMS-antrazit.jpg\",\"contentUrl\":\"https:\/\/bolting.eu\/wp-content\/uploads\/2022\/01\/Mammut-Smart-HMS-antrazit.jpg\",\"width\":700,\"height\":700,\"caption\":\"Das Bild zeigt den Mammut Smart HMS in Farbe Antrazit aufrecht in einem wei\u00dfem Quadrat. In der Mitte der geschlossene Sicherheitsb\u00fcgel.\"},{\"@type\":\"BreadcrumbList\",\"@id\":\"https:\/\/bolting.eu\/en\/shop\/mammut-smart-hms\/#breadcrumb\",\"itemListElement\":[{\"@type\":\"ListItem\",\"position\":1,\"name\":\"Shop\",\"item\":\"https:\/\/bolting.eu\/en\/shop\/\"},{\"@type\":\"ListItem\",\"position\":2,\"name\":\"climbing equipment\",\"item\":\"https:\/\/bolting.eu\/en\/produkt-kategorie\/climbing-equipment\/\"},{\"@type\":\"ListItem\",\"position\":3,\"name\":\"Climbing carabiner\",\"item\":\"https:\/\/bolting.eu\/en\/produkt-kategorie\/climbing-carabiner\/\"},{\"@type\":\"ListItem\",\"position\":4,\"name\":\"Sicherungskarabiner\",\"item\":\"https:\/\/bolting.eu\/produkt-kategorie\/kletterausruestung\/kletterkarabiner\/sicherungskarabiner\/\"},{\"@type\":\"ListItem\",\"position\":5,\"name\":\"Mammut Smart HMS\"}]},{\"@type\":\"WebSite\",\"@id\":\"https:\/\/bolting.eu\/en\/#website\",\"url\":\"https:\/\/bolting.eu\/en\/\",\"name\":\"bolting.eu\",\"description\":\"we make climbs happen\",\"publisher\":{\"@id\":\"https:\/\/bolting.eu\/en\/#organization\"},\"potentialAction\":[{\"@type\":\"SearchAction\",\"target\":{\"@type\":\"EntryPoint\",\"urlTemplate\":\"https:\/\/bolting.eu\/en\/?s={search_term_string}\"},\"query-input\":{\"@type\":\"PropertyValueSpecification\",\"valueRequired\":true,\"valueName\":\"search_term_string\"}}],\"inLanguage\":\"en-US\"},{\"@type\":[\"Organization\",\"Place\",\"SportingGoodsStore\"],\"@id\":\"https:\/\/bolting.eu\/en\/#organization\",\"name\":\"bolting.eu\",\"url\":\"https:\/\/bolting.eu\/en\/\",\"logo\":{\"@id\":\"https:\/\/bolting.eu\/en\/shop\/mammut-smart-hms\/#local-main-organization-logo\"},\"image\":{\"@id\":\"https:\/\/bolting.eu\/en\/shop\/mammut-smart-hms\/#local-main-organization-logo\"},\"sameAs\":[\"https:\/\/www.facebook.com\/bolting.eu\",\"https:\/\/www.instagram.com\/bolting.eu\/\"],\"address\":{\"@id\":\"https:\/\/bolting.eu\/en\/shop\/mammut-smart-hms\/#local-main-place-address\"},\"geo\":{\"@type\":\"GeoCoordinates\",\"latitude\":\"47.264176340396226\",\"longitude\":\"11.380109057672346\"},\"telephone\":[\"+43 699 19083372\"],\"openingHoursSpecification\":[{\"@type\":\"OpeningHoursSpecification\",\"dayOfWeek\":[\"Monday\",\"Wednesday\",\"Friday\"],\"opens\":\"14:00\",\"closes\":\"18:00\"},{\"@type\":\"OpeningHoursSpecification\",\"dayOfWeek\":[\"Tuesday\",\"Thursday\",\"Saturday\",\"Sunday\"],\"opens\":\"00:00\",\"closes\":\"00:00\"}],\"email\":\"office@bolting.eu\",\"vatID\":\"ATU59999728\",\"priceRange\":\"$$\",\"currenciesAccepted\":\"Euro\"},{\"@type\":\"PostalAddress\",\"@id\":\"https:\/\/bolting.eu\/en\/shop\/mammut-smart-hms\/#local-main-place-address\",\"streetAddress\":\"Fischnalerstra\u00dfe 4\",\"addressLocality\":\"Innsbruck\",\"postalCode\":\"6020\",\"addressRegion\":\"Tirol\",\"addressCountry\":\"AT\"},{\"@type\":\"ImageObject\",\"inLanguage\":\"en-US\",\"@id\":\"https:\/\/bolting.eu\/en\/shop\/mammut-smart-hms\/#local-main-organization-logo\",\"url\":\"https:\/\/bolting.eu\/wp-content\/uploads\/2019\/09\/bolting-logo.png\",\"contentUrl\":\"https:\/\/bolting.eu\/wp-content\/uploads\/2019\/09\/bolting-logo.png\",\"width\":400,\"height\":211,\"caption\":\"bolting.eu\"}]}<\/script>\n<meta property=\"og:availability\" content=\"instock\" \/>\n<meta property=\"product:availability\" content=\"instock\" \/>\n<meta property=\"product:condition\" content=\"new\" \/>\n<meta name=\"geo.placename\" content=\"Innsbruck\" \/>\n<meta name=\"geo.position\" content=\"47.264176340396226;11.380109057672346\" \/>\n<meta name=\"geo.region\" content=\"Austria\" \/>\n<!-- \/ Yoast SEO Premium plugin. -->","yoast_head_json":{"title":"Mammut Smart HMS - Sicherungskarabiner | bolting.eu","description":"Mammut Smart HMS Sicherungskarabiner beim Kletter Hardwareprofi aus Innsbruck kaufen \u2705 kostenloser Versand* \u2705 14 Tage R\u00fcckgaberecht \u2705 Co2 neutraler Versand","robots":{"index":"index","follow":"follow","max-snippet":"max-snippet:-1","max-image-preview":"max-image-preview:large","max-video-preview":"max-video-preview:-1"},"canonical":"https:\/\/bolting.eu\/en\/shop\/mammut-smart-hms\/","og_locale":"en_US","og_type":"article","og_title":"Mammut Smart HMS","og_description":"Mammut Smart HMS Sicherungskarabiner beim Kletter Hardwareprofi aus Innsbruck kaufen \u2705 kostenloser Versand* \u2705 14 Tage R\u00fcckgaberecht \u2705 Co2 neutraler Versand","og_url":"https:\/\/bolting.eu\/en\/shop\/mammut-smart-hms\/","og_site_name":"bolting.eu","article_publisher":"https:\/\/www.facebook.com\/bolting.eu","article_modified_time":"2026-03-25T10:14:42+00:00","og_image":[{"width":700,"height":700,"url":"https:\/\/bolting.eu\/wp-content\/uploads\/2022\/01\/Mammut-Smart-HMS-antrazit.jpg","type":"image\/jpeg"}],"twitter_card":"summary_large_image","twitter_misc":{"Availability":"In stock"},"schema":{"@context":"https:\/\/schema.org","@graph":[{"@type":["WebPage","ItemPage"],"@id":"https:\/\/bolting.eu\/en\/shop\/mammut-smart-hms\/","url":"https:\/\/bolting.eu\/en\/shop\/mammut-smart-hms\/","name":"Mammut Smart HMS - Sicherungskarabiner | bolting.eu","isPartOf":{"@id":"https:\/\/bolting.eu\/en\/#website"},"primaryImageOfPage":{"@id":"https:\/\/bolting.eu\/en\/shop\/mammut-smart-hms\/#primaryimage"},"image":{"@id":"https:\/\/bolting.eu\/en\/shop\/mammut-smart-hms\/#primaryimage"},"thumbnailUrl":"https:\/\/bolting.eu\/wp-content\/uploads\/2022\/01\/Mammut-Smart-HMS-antrazit.jpg","datePublished":"2022-01-20T10:41:16+00:00","dateModified":"2026-03-25T10:14:42+00:00","description":"Mammut Smart HMS Sicherungskarabiner beim Kletter Hardwareprofi aus Innsbruck kaufen \u2705 kostenloser Versand* \u2705 14 Tage R\u00fcckgaberecht \u2705 Co2 neutraler Versand","breadcrumb":{"@id":"https:\/\/bolting.eu\/en\/shop\/mammut-smart-hms\/#breadcrumb"},"inLanguage":"en-US","potentialAction":[{"@type":"ReadAction","target":["https:\/\/bolting.eu\/en\/shop\/mammut-smart-hms\/"]}]},{"@type":"ImageObject","inLanguage":"en-US","@id":"https:\/\/bolting.eu\/en\/shop\/mammut-smart-hms\/#primaryimage","url":"https:\/\/bolting.eu\/wp-content\/uploads\/2022\/01\/Mammut-Smart-HMS-antrazit.jpg","contentUrl":"https:\/\/bolting.eu\/wp-content\/uploads\/2022\/01\/Mammut-Smart-HMS-antrazit.jpg","width":700,"height":700,"caption":"Das Bild zeigt den Mammut Smart HMS in Farbe Antrazit aufrecht in einem wei\u00dfem Quadrat. In der Mitte der geschlossene Sicherheitsb\u00fcgel."},{"@type":"BreadcrumbList","@id":"https:\/\/bolting.eu\/en\/shop\/mammut-smart-hms\/#breadcrumb","itemListElement":[{"@type":"ListItem","position":1,"name":"Shop","item":"https:\/\/bolting.eu\/en\/shop\/"},{"@type":"ListItem","position":2,"name":"climbing equipment","item":"https:\/\/bolting.eu\/en\/produkt-kategorie\/climbing-equipment\/"},{"@type":"ListItem","position":3,"name":"Climbing carabiner","item":"https:\/\/bolting.eu\/en\/produkt-kategorie\/climbing-carabiner\/"},{"@type":"ListItem","position":4,"name":"Sicherungskarabiner","item":"https:\/\/bolting.eu\/produkt-kategorie\/kletterausruestung\/kletterkarabiner\/sicherungskarabiner\/"},{"@type":"ListItem","position":5,"name":"Mammut Smart HMS"}]},{"@type":"WebSite","@id":"https:\/\/bolting.eu\/en\/#website","url":"https:\/\/bolting.eu\/en\/","name":"bolting.eu","description":"we make climbs happen","publisher":{"@id":"https:\/\/bolting.eu\/en\/#organization"},"potentialAction":[{"@type":"SearchAction","target":{"@type":"EntryPoint","urlTemplate":"https:\/\/bolting.eu\/en\/?s={search_term_string}"},"query-input":{"@type":"PropertyValueSpecification","valueRequired":true,"valueName":"search_term_string"}}],"inLanguage":"en-US"},{"@type":["Organization","Place","SportingGoodsStore"],"@id":"https:\/\/bolting.eu\/en\/#organization","name":"bolting.eu","url":"https:\/\/bolting.eu\/en\/","logo":{"@id":"https:\/\/bolting.eu\/en\/shop\/mammut-smart-hms\/#local-main-organization-logo"},"image":{"@id":"https:\/\/bolting.eu\/en\/shop\/mammut-smart-hms\/#local-main-organization-logo"},"sameAs":["https:\/\/www.facebook.com\/bolting.eu","https:\/\/www.instagram.com\/bolting.eu\/"],"address":{"@id":"https:\/\/bolting.eu\/en\/shop\/mammut-smart-hms\/#local-main-place-address"},"geo":{"@type":"GeoCoordinates","latitude":"47.264176340396226","longitude":"11.380109057672346"},"telephone":["+43 699 19083372"],"openingHoursSpecification":[{"@type":"OpeningHoursSpecification","dayOfWeek":["Monday","Wednesday","Friday"],"opens":"14:00","closes":"18:00"},{"@type":"OpeningHoursSpecification","dayOfWeek":["Tuesday","Thursday","Saturday","Sunday"],"opens":"00:00","closes":"00:00"}],"email":"office@bolting.eu","vatID":"ATU59999728","priceRange":"$$","currenciesAccepted":"Euro"},{"@type":"PostalAddress","@id":"https:\/\/bolting.eu\/en\/shop\/mammut-smart-hms\/#local-main-place-address","streetAddress":"Fischnalerstra\u00dfe 4","addressLocality":"Innsbruck","postalCode":"6020","addressRegion":"Tirol","addressCountry":"AT"},{"@type":"ImageObject","inLanguage":"en-US","@id":"https:\/\/bolting.eu\/en\/shop\/mammut-smart-hms\/#local-main-organization-logo","url":"https:\/\/bolting.eu\/wp-content\/uploads\/2019\/09\/bolting-logo.png","contentUrl":"https:\/\/bolting.eu\/wp-content\/uploads\/2019\/09\/bolting-logo.png","width":400,"height":211,"caption":"bolting.eu"}]},"og_availability":"instock","product_availability":"instock","product_condition":"new","geo.placename":"Innsbruck","geo.position":{"lat":"47.264176340396226","long":"11.380109057672346"},"geo.region":"Austria"},"_links":{"self":[{"href":"https:\/\/bolting.eu\/en\/wp-json\/wp\/v2\/product\/11214","targetHints":{"allow":["GET"]}}],"collection":[{"href":"https:\/\/bolting.eu\/en\/wp-json\/wp\/v2\/product"}],"about":[{"href":"https:\/\/bolting.eu\/en\/wp-json\/wp\/v2\/types\/product"}],"replies":[{"embeddable":true,"href":"https:\/\/bolting.eu\/en\/wp-json\/wp\/v2\/comments?post=11214"}],"wp:featuredmedia":[{"embeddable":true,"href":"https:\/\/bolting.eu\/en\/wp-json\/wp\/v2\/media\/11219"}],"wp:attachment":[{"href":"https:\/\/bolting.eu\/en\/wp-json\/wp\/v2\/media?parent=11214"}],"wp:term":[{"taxonomy":"product_brand","embeddable":true,"href":"https:\/\/bolting.eu\/en\/wp-json\/wp\/v2\/product_brand?post=11214"},{"taxonomy":"product_cat","embeddable":true,"href":"https:\/\/bolting.eu\/en\/wp-json\/wp\/v2\/product_cat?post=11214"},{"taxonomy":"product_tag","embeddable":true,"href":"https:\/\/bolting.eu\/en\/wp-json\/wp\/v2\/product_tag?post=11214"}],"curies":[{"name":"wp","href":"https:\/\/api.w.org\/{rel}","templated":true}]}}