{"id":11208,"date":"2022-01-20T10:51:07","date_gmt":"2022-01-20T09:51:07","guid":{"rendered":"https:\/\/bolting.eu\/?post_type=product&#038;p=11208"},"modified":"2023-04-14T16:53:34","modified_gmt":"2023-04-14T14:53:34","slug":"mammut-bionic-8","status":"publish","type":"product","link":"https:\/\/bolting.eu\/en\/shop\/mammut-bionic-8\/","title":{"rendered":"Mammut Bionic 8"},"content":{"rendered":"<p>Der Mammut Bionic 8 ist ein extrem leichter Abseilachter. Denn er wiegt gerade einmal 67 Gramm. D.h. er ist ca. 30 &#8211; 40 Gramm leichter als durchschnittliche Modelle.<\/p>\n<p>M\u00f6glich macht das die &#8220;Beam Technologie&#8221; von Mammut. Das ist eine spezielle Hei\u00dfschmiedetechnik, welche sehr d\u00fcnner Durchmesser erlaubt.<\/p>\n<p>Somit kann dieses <a href=\"https:\/\/bolting.eu\/produkt-kategorie\/kletterausruestung\/sicherungsgeraete-klettern\/\">Sicherungsger\u00e4t<\/a> mit einem Tr\u00e4gerf\u00f6rmigen Querschnitt versehen werden. D.h. au\u00dfen breit f\u00fcr eine gro\u00dfe Oberfl\u00e4che, aber innen sehr d\u00fcnn f\u00fcr die gew\u00fcnschte Gewichtsreduktion.<\/p>\n<h2>Eigenschaften Mammut Bionic 8<\/h2>\n<ul>\n<li>Hersteller: Mammut<\/li>\n<li>Material: Aluminium<\/li>\n<li>Gewicht: 67 Gramm<\/li>\n<li>Beam Technoligie mit d\u00fcnnem Querschnitt<\/li>\n<li>Bruchlast: 16kN<\/li>\n<li>Normen: EN 15151<\/li>\n<li>extrem leicht<\/li>\n<li>f\u00fcr Einfach- bzw. Halbseile \/ Doppelseile<\/li>\n<li><a href=\"https:\/\/www.mammut.com\/at\/de\/products\/2210-01800-0139\/bionic-8#:~:text=User_Manual_HI%2DMAM%2D016%2D4_Bionic8.pdf\" target=\"_blank\" rel=\"noopener\">Gebrauchsanleitung<\/a><\/li>\n<\/ul>\n<h3>Anwendungsgebiete<\/h3>\n<p>Im Zeitalter der selbstblockierenden Sicherungsger\u00e4te bzw. Halbautomaten sowie bremsunterst\u00fctzenden Ger\u00e4te, hat der gute &#8220;alte&#8221; Achter wie der Mammut Bionic 8 nach wie vor seine Einsatzberechtigung.<\/p>\n<p>Er kann deutliche Vorteile bieten bei diesen Anwendungen:<\/p>\n<ul>\n<li>dynamisches Sichern<\/li>\n<li>Rettungstechniken<\/li>\n<li>Verwendung von sehr d\u00fcnnen bzw. sehr dicken <a href=\"https:\/\/bolting.eu\/produkt-kategorie\/kletterausruestung\/kletterseil\/\">Kletterseilen<\/a><\/li>\n<li>Notfall \/ Ersatz Sicherungs- bzw. Abseilger\u00e4t<\/li>\n<li>Bergsteigen (da gut mit Handschuhen bedienbar!)<\/li>\n<\/ul>\n<h3>Richtige Anwendung<\/h3>\n<p>F\u00fcr jene von Euch, die noch nie mit einem Abseilachter wie dem Mammut Bionic 8 hantiert haben eine stark vereinfachte Anleitung. Sie soll euch lediglich auf die wichtigsten Handgriffe hinweisen und stellt <strong>KEINE vollst\u00e4ndige Anleitung<\/strong> dar.<\/p>\n<p>Ihr m\u00fcsst das Handling nat\u00fcrlich selber von Grund auf erlernen und entsprechend \u00fcben.<\/p>\n<h4><strong>Sicherungshand unter dem Abseilachter!<\/strong><\/h4>\n<figure id=\"attachment_11211\" aria-describedby=\"caption-attachment-11211\" style=\"width: 280px\" class=\"wp-caption alignnone\"><a href=\"https:\/\/bolting.eu\/wp-content\/uploads\/2022\/01\/Mammut-Bionic-8-3.jpg\"><img loading=\"lazy\" decoding=\"async\" class=\"wp-image-11211 size-thumbnail\" src=\"https:\/\/bolting.eu\/wp-content\/uploads\/2022\/01\/Mammut-Bionic-8-3-280x280.jpg\" alt=\"Das Bild zeigt eine Grafik zur Verwendung des Mammut Bionic 8 Abseilachters beim Sichern. Man sieht schematisch den Sicherungsprozess in einer Zeichnung.\" width=\"280\" height=\"280\" srcset=\"https:\/\/bolting.eu\/wp-content\/uploads\/2022\/01\/Mammut-Bionic-8-3-280x280.jpg 280w, https:\/\/bolting.eu\/wp-content\/uploads\/2022\/01\/Mammut-Bionic-8-3-100x100.jpg 100w, https:\/\/bolting.eu\/wp-content\/uploads\/2022\/01\/Mammut-Bionic-8-3-510x509.jpg 510w, https:\/\/bolting.eu\/wp-content\/uploads\/2022\/01\/Mammut-Bionic-8-3-401x400.jpg 401w, https:\/\/bolting.eu\/wp-content\/uploads\/2022\/01\/Mammut-Bionic-8-3-300x300.jpg 300w, https:\/\/bolting.eu\/wp-content\/uploads\/2022\/01\/Mammut-Bionic-8-3-600x598.jpg 600w, https:\/\/bolting.eu\/wp-content\/uploads\/2022\/01\/Mammut-Bionic-8-3.jpg 704w\" sizes=\"auto, (max-width: 280px) 100vw, 280px\" \/><\/a><figcaption id=\"caption-attachment-11211\" class=\"wp-caption-text\">F\u00fchrungshand k\u00f6rperseitig &#8211; Bremshand k\u00f6rperfern unter dem Achter!<\/figcaption><\/figure>\n<p>Achtet beim Sichern unbedingt darauf, dass das Bremsseil k\u00f6rperfern nach unten aus dem Achter l\u00e4uft und haltet es immer mit der Bremshand umschlossen (Festhalten bzw. Tunnelgriff)<\/p>\n<h4><strong>Abseilen mit dem Mammut Bionic 8 im Klettergarten<\/strong><\/h4>\n<p>Hier m\u00fcsst ihr beide H\u00e4nde unter den Abseilachter zum richtigen Bremsen geben. Beachtet dabei. Im Klettergarten ist es legitim, den Achter direkt in den HMS Karabiner bzw. die Anseilschlaufe des Klettergurtes zu h\u00e4ngen.<\/p>\n<figure id=\"attachment_11210\" aria-describedby=\"caption-attachment-11210\" style=\"width: 280px\" class=\"wp-caption alignnone\"><a href=\"https:\/\/bolting.eu\/wp-content\/uploads\/2022\/01\/Mammut-Bionic-8-4.jpg\"><img loading=\"lazy\" decoding=\"async\" class=\"wp-image-11210 size-thumbnail\" src=\"https:\/\/bolting.eu\/wp-content\/uploads\/2022\/01\/Mammut-Bionic-8-4-280x280.jpg\" alt=\"Das Bild zeigt eine Grafik zum richtigen Abseilen mit einem Abseilachter.\" width=\"280\" height=\"280\" srcset=\"https:\/\/bolting.eu\/wp-content\/uploads\/2022\/01\/Mammut-Bionic-8-4-280x280.jpg 280w, https:\/\/bolting.eu\/wp-content\/uploads\/2022\/01\/Mammut-Bionic-8-4-100x100.jpg 100w, https:\/\/bolting.eu\/wp-content\/uploads\/2022\/01\/Mammut-Bionic-8-4-300x300.jpg 300w\" sizes=\"auto, (max-width: 280px) 100vw, 280px\" \/><\/a><figcaption id=\"caption-attachment-11210\" class=\"wp-caption-text\">Beide H\u00e4nde zum Bremsen unter den Achter. Im Klettergarten ist das direkt mit einem Karabinern den Gurt Einh\u00e4ngen ok.<\/figcaption><\/figure>\n<h4><strong>Abseilen in Mehrseill\u00e4ngenrouten<\/strong><\/h4>\n<figure id=\"attachment_11209\" aria-describedby=\"caption-attachment-11209\" style=\"width: 280px\" class=\"wp-caption alignnone\"><a href=\"https:\/\/bolting.eu\/wp-content\/uploads\/2022\/01\/Mammut-Bionic-8-5.jpg\"><img loading=\"lazy\" decoding=\"async\" class=\"wp-image-11209 size-thumbnail\" src=\"https:\/\/bolting.eu\/wp-content\/uploads\/2022\/01\/Mammut-Bionic-8-5-280x280.jpg\" alt=\"Das Bild zeigt eine Grafik zum richtigen Abseilen mit einem Abseilachter und Sicherungsschlinge in einer Mehrseill\u00e4ngenroute..\" width=\"280\" height=\"280\" srcset=\"https:\/\/bolting.eu\/wp-content\/uploads\/2022\/01\/Mammut-Bionic-8-5-280x280.jpg 280w, https:\/\/bolting.eu\/wp-content\/uploads\/2022\/01\/Mammut-Bionic-8-5-100x100.jpg 100w, https:\/\/bolting.eu\/wp-content\/uploads\/2022\/01\/Mammut-Bionic-8-5-300x300.jpg 300w\" sizes=\"auto, (max-width: 280px) 100vw, 280px\" \/><\/a><figcaption id=\"caption-attachment-11209\" class=\"wp-caption-text\">In Mehrseill\u00e4ngenrouten unbedingt eine Sicherungsschlinge und Kurzprusik verwenden!<\/figcaption><\/figure>\n<p>Wenn ihr in Mehrseill\u00e4ngenrouten abseilen m\u00fcsst, so gilt auch hier. Beide H\u00e4nde unter den Achter zum Bremsen.<\/p>\n<p>Der Unterschied zum Klettergarten hierbei ist jedoch ihr m\u00fcsst eine sogenannte Abseilschlinge installieren. Hierzu braucht ihr eine 120cm <a href=\"https:\/\/bolting.eu\/produkt-kategorie\/kletterausruestung\/bandschlinge\/\">Bandschlinge<\/a> die man einmal in der Mitte abbinden m\u00fcsst.<\/p>\n<p>Somit k\u00f6nnt ihr zum einen euren <a href=\"https:\/\/bolting.eu\/kurzprusik\/\">Kurzprusik<\/a> installieren. Und zum anderen verhindert ihr bei einem Unfall ein kopf\u00fcber Kippen.<\/p>\n<p>&nbsp;<\/p>\n<p>&nbsp;<\/p>\n<p>&nbsp;<\/p>\n","protected":false},"excerpt":{"rendered":"<p>Dieser Abseilachter ist einer der leichtesten der Welt. Mit nur 67 Gramm ist er ein absolutes Leichtgewicht.<\/p>\n<p>Dennoch bietet er aber alle Vorteile dieses klassischen Sicherungsger\u00e4tes bei der Verwendung von Einfach- bzw. Doppelseilen.<\/p>\n","protected":false},"featured_media":11213,"comment_status":"open","ping_status":"closed","template":"","meta":[],"product_brand":[],"product_cat":[3711,14249,29],"product_tag":[],"class_list":{"0":"post-11208","1":"product","2":"type-product","3":"status-publish","4":"has-post-thumbnail","6":"product_cat-sicherungsgeraete-klettern","7":"product_cat-abseilachter","8":"product_cat-kletterausruestung","10":"first","11":"instock","12":"taxable","13":"shipping-taxable","14":"purchasable","15":"product-type-simple"},"yoast_head":"<!-- This site is optimized with the Yoast SEO Premium plugin v26.9 (Yoast SEO v26.9) - https:\/\/yoast.com\/product\/yoast-seo-premium-wordpress\/ -->\n<title>Mammut Bionic 8 - super leichter Abseilachter | bolting.eu<\/title>\n<meta name=\"description\" content=\"Hier findest Du den MAMMUT BIONIC 8. Einen der leichtesten Abseilachter der Welt f\u00fcr den universellen Einsatz im Bergsport!\" \/>\n<meta name=\"robots\" content=\"index, follow, max-snippet:-1, max-image-preview:large, max-video-preview:-1\" \/>\n<link rel=\"canonical\" href=\"https:\/\/bolting.eu\/en\/shop\/mammut-bionic-8\/\" \/>\n<meta property=\"og:locale\" content=\"en_US\" \/>\n<meta property=\"og:type\" content=\"article\" \/>\n<meta property=\"og:title\" content=\"Mammut Bionic 8\" \/>\n<meta property=\"og:description\" content=\"Hier findest Du den MAMMUT BIONIC 8. Einen der leichtesten Abseilachter der Welt f\u00fcr den universellen Einsatz im Bergsport!\" \/>\n<meta property=\"og:url\" content=\"https:\/\/bolting.eu\/en\/shop\/mammut-bionic-8\/\" \/>\n<meta property=\"og:site_name\" content=\"bolting.eu\" \/>\n<meta property=\"article:publisher\" content=\"https:\/\/www.facebook.com\/bolting.eu\" \/>\n<meta property=\"article:modified_time\" content=\"2023-04-14T14:53:34+00:00\" \/>\n<meta property=\"og:image\" content=\"https:\/\/bolting.eu\/wp-content\/uploads\/2022\/01\/Mammut-Bionic-8-1.jpg\" \/>\n\t<meta property=\"og:image:width\" content=\"700\" \/>\n\t<meta property=\"og:image:height\" content=\"700\" \/>\n\t<meta property=\"og:image:type\" content=\"image\/jpeg\" \/>\n<meta name=\"twitter:card\" content=\"summary_large_image\" \/>\n<meta name=\"twitter:label1\" content=\"Price\" \/>\n\t<meta name=\"twitter:data1\" content=\"&euro;&nbsp;16,00\" \/>\n\t<meta name=\"twitter:label2\" content=\"Availability\" \/>\n\t<meta name=\"twitter:data2\" content=\"In stock\" \/>\n<script type=\"application\/ld+json\" class=\"yoast-schema-graph\">{\"@context\":\"https:\/\/schema.org\",\"@graph\":[{\"@type\":[\"WebPage\",\"ItemPage\"],\"@id\":\"https:\/\/bolting.eu\/en\/shop\/mammut-bionic-8\/\",\"url\":\"https:\/\/bolting.eu\/en\/shop\/mammut-bionic-8\/\",\"name\":\"Mammut Bionic 8 - super leichter Abseilachter | bolting.eu\",\"isPartOf\":{\"@id\":\"https:\/\/bolting.eu\/en\/#website\"},\"primaryImageOfPage\":{\"@id\":\"https:\/\/bolting.eu\/en\/shop\/mammut-bionic-8\/#primaryimage\"},\"image\":{\"@id\":\"https:\/\/bolting.eu\/en\/shop\/mammut-bionic-8\/#primaryimage\"},\"thumbnailUrl\":\"https:\/\/bolting.eu\/wp-content\/uploads\/2022\/01\/Mammut-Bionic-8-1.jpg\",\"datePublished\":\"2022-01-20T09:51:07+00:00\",\"dateModified\":\"2023-04-14T14:53:34+00:00\",\"description\":\"Hier findest Du den MAMMUT BIONIC 8. Einen der leichtesten Abseilachter der Welt f\u00fcr den universellen Einsatz im Bergsport!\",\"breadcrumb\":{\"@id\":\"https:\/\/bolting.eu\/en\/shop\/mammut-bionic-8\/#breadcrumb\"},\"inLanguage\":\"en-US\",\"potentialAction\":[{\"@type\":\"ReadAction\",\"target\":[\"https:\/\/bolting.eu\/en\/shop\/mammut-bionic-8\/\"]}]},{\"@type\":\"ImageObject\",\"inLanguage\":\"en-US\",\"@id\":\"https:\/\/bolting.eu\/en\/shop\/mammut-bionic-8\/#primaryimage\",\"url\":\"https:\/\/bolting.eu\/wp-content\/uploads\/2022\/01\/Mammut-Bionic-8-1.jpg\",\"contentUrl\":\"https:\/\/bolting.eu\/wp-content\/uploads\/2022\/01\/Mammut-Bionic-8-1.jpg\",\"width\":700,\"height\":700,\"caption\":\"Das Bild zeigt den dunkelgrauen Mammut Bionic 8 Abseilachter aufrecht in einem wei\u00dfem Quadrat. Man erkennt die Form und das wei\u00dfe Mammut Logo in der Mitte.\"},{\"@type\":\"BreadcrumbList\",\"@id\":\"https:\/\/bolting.eu\/en\/shop\/mammut-bionic-8\/#breadcrumb\",\"itemListElement\":[{\"@type\":\"ListItem\",\"position\":1,\"name\":\"Shop\",\"item\":\"https:\/\/bolting.eu\/en\/shop\/\"},{\"@type\":\"ListItem\",\"position\":2,\"name\":\"climbing equipment\",\"item\":\"https:\/\/bolting.eu\/en\/produkt-kategorie\/climbing-equipment\/\"},{\"@type\":\"ListItem\",\"position\":3,\"name\":\"Sicherungsger\u00e4te Klettern\",\"item\":\"https:\/\/bolting.eu\/produkt-kategorie\/kletterausruestung\/sicherungsgeraete-klettern\/\"},{\"@type\":\"ListItem\",\"position\":4,\"name\":\"Abseilachter\",\"item\":\"https:\/\/bolting.eu\/produkt-kategorie\/kletterausruestung\/sicherungsgeraete-klettern\/abseilachter\/\"},{\"@type\":\"ListItem\",\"position\":5,\"name\":\"Mammut Bionic 8\"}]},{\"@type\":\"WebSite\",\"@id\":\"https:\/\/bolting.eu\/en\/#website\",\"url\":\"https:\/\/bolting.eu\/en\/\",\"name\":\"bolting.eu\",\"description\":\"we make climbs happen\",\"publisher\":{\"@id\":\"https:\/\/bolting.eu\/en\/#organization\"},\"potentialAction\":[{\"@type\":\"SearchAction\",\"target\":{\"@type\":\"EntryPoint\",\"urlTemplate\":\"https:\/\/bolting.eu\/en\/?s={search_term_string}\"},\"query-input\":{\"@type\":\"PropertyValueSpecification\",\"valueRequired\":true,\"valueName\":\"search_term_string\"}}],\"inLanguage\":\"en-US\"},{\"@type\":[\"Organization\",\"Place\",\"SportingGoodsStore\"],\"@id\":\"https:\/\/bolting.eu\/en\/#organization\",\"name\":\"bolting.eu\",\"url\":\"https:\/\/bolting.eu\/en\/\",\"logo\":{\"@id\":\"https:\/\/bolting.eu\/en\/shop\/mammut-bionic-8\/#local-main-organization-logo\"},\"image\":{\"@id\":\"https:\/\/bolting.eu\/en\/shop\/mammut-bionic-8\/#local-main-organization-logo\"},\"sameAs\":[\"https:\/\/www.facebook.com\/bolting.eu\",\"https:\/\/www.instagram.com\/bolting.eu\/\"],\"address\":{\"@id\":\"https:\/\/bolting.eu\/en\/shop\/mammut-bionic-8\/#local-main-place-address\"},\"geo\":{\"@type\":\"GeoCoordinates\",\"latitude\":\"47.264176340396226\",\"longitude\":\"11.380109057672346\"},\"telephone\":[\"+43 699 19083372\"],\"openingHoursSpecification\":[{\"@type\":\"OpeningHoursSpecification\",\"dayOfWeek\":[\"Monday\",\"Wednesday\",\"Friday\"],\"opens\":\"14:00\",\"closes\":\"18:00\"},{\"@type\":\"OpeningHoursSpecification\",\"dayOfWeek\":[\"Tuesday\",\"Thursday\",\"Saturday\",\"Sunday\"],\"opens\":\"00:00\",\"closes\":\"00:00\"}],\"email\":\"office@bolting.eu\",\"vatID\":\"ATU59999728\",\"priceRange\":\"$$\",\"currenciesAccepted\":\"Euro\"},{\"@type\":\"PostalAddress\",\"@id\":\"https:\/\/bolting.eu\/en\/shop\/mammut-bionic-8\/#local-main-place-address\",\"streetAddress\":\"Fischnalerstra\u00dfe 4\",\"addressLocality\":\"Innsbruck\",\"postalCode\":\"6020\",\"addressRegion\":\"Tirol\",\"addressCountry\":\"AT\"},{\"@type\":\"ImageObject\",\"inLanguage\":\"en-US\",\"@id\":\"https:\/\/bolting.eu\/en\/shop\/mammut-bionic-8\/#local-main-organization-logo\",\"url\":\"https:\/\/bolting.eu\/wp-content\/uploads\/2019\/09\/bolting-logo.png\",\"contentUrl\":\"https:\/\/bolting.eu\/wp-content\/uploads\/2019\/09\/bolting-logo.png\",\"width\":400,\"height\":211,\"caption\":\"bolting.eu\"}]}<\/script>\n<meta property=\"product:price:amount\" content=\"16.00\" \/>\n<meta property=\"product:price:currency\" content=\"EUR\" \/>\n<meta property=\"og:availability\" content=\"instock\" \/>\n<meta property=\"product:availability\" content=\"instock\" \/>\n<meta property=\"product:retailer_item_id\" content=\"2210-01800\" \/>\n<meta property=\"product:condition\" content=\"new\" \/>\n<meta name=\"geo.placename\" content=\"Innsbruck\" \/>\n<meta name=\"geo.position\" content=\"47.264176340396226;11.380109057672346\" \/>\n<meta name=\"geo.region\" content=\"Austria\" \/>\n<!-- \/ Yoast SEO Premium plugin. -->","yoast_head_json":{"title":"Mammut Bionic 8 - super leichter Abseilachter | bolting.eu","description":"Hier findest Du den MAMMUT BIONIC 8. Einen der leichtesten Abseilachter der Welt f\u00fcr den universellen Einsatz im Bergsport!","robots":{"index":"index","follow":"follow","max-snippet":"max-snippet:-1","max-image-preview":"max-image-preview:large","max-video-preview":"max-video-preview:-1"},"canonical":"https:\/\/bolting.eu\/en\/shop\/mammut-bionic-8\/","og_locale":"en_US","og_type":"article","og_title":"Mammut Bionic 8","og_description":"Hier findest Du den MAMMUT BIONIC 8. Einen der leichtesten Abseilachter der Welt f\u00fcr den universellen Einsatz im Bergsport!","og_url":"https:\/\/bolting.eu\/en\/shop\/mammut-bionic-8\/","og_site_name":"bolting.eu","article_publisher":"https:\/\/www.facebook.com\/bolting.eu","article_modified_time":"2023-04-14T14:53:34+00:00","og_image":[{"width":700,"height":700,"url":"https:\/\/bolting.eu\/wp-content\/uploads\/2022\/01\/Mammut-Bionic-8-1.jpg","type":"image\/jpeg"}],"twitter_card":"summary_large_image","twitter_misc":{"Price":"&euro;&nbsp;16,00","Availability":"In stock"},"schema":{"@context":"https:\/\/schema.org","@graph":[{"@type":["WebPage","ItemPage"],"@id":"https:\/\/bolting.eu\/en\/shop\/mammut-bionic-8\/","url":"https:\/\/bolting.eu\/en\/shop\/mammut-bionic-8\/","name":"Mammut Bionic 8 - super leichter Abseilachter | bolting.eu","isPartOf":{"@id":"https:\/\/bolting.eu\/en\/#website"},"primaryImageOfPage":{"@id":"https:\/\/bolting.eu\/en\/shop\/mammut-bionic-8\/#primaryimage"},"image":{"@id":"https:\/\/bolting.eu\/en\/shop\/mammut-bionic-8\/#primaryimage"},"thumbnailUrl":"https:\/\/bolting.eu\/wp-content\/uploads\/2022\/01\/Mammut-Bionic-8-1.jpg","datePublished":"2022-01-20T09:51:07+00:00","dateModified":"2023-04-14T14:53:34+00:00","description":"Hier findest Du den MAMMUT BIONIC 8. Einen der leichtesten Abseilachter der Welt f\u00fcr den universellen Einsatz im Bergsport!","breadcrumb":{"@id":"https:\/\/bolting.eu\/en\/shop\/mammut-bionic-8\/#breadcrumb"},"inLanguage":"en-US","potentialAction":[{"@type":"ReadAction","target":["https:\/\/bolting.eu\/en\/shop\/mammut-bionic-8\/"]}]},{"@type":"ImageObject","inLanguage":"en-US","@id":"https:\/\/bolting.eu\/en\/shop\/mammut-bionic-8\/#primaryimage","url":"https:\/\/bolting.eu\/wp-content\/uploads\/2022\/01\/Mammut-Bionic-8-1.jpg","contentUrl":"https:\/\/bolting.eu\/wp-content\/uploads\/2022\/01\/Mammut-Bionic-8-1.jpg","width":700,"height":700,"caption":"Das Bild zeigt den dunkelgrauen Mammut Bionic 8 Abseilachter aufrecht in einem wei\u00dfem Quadrat. Man erkennt die Form und das wei\u00dfe Mammut Logo in der Mitte."},{"@type":"BreadcrumbList","@id":"https:\/\/bolting.eu\/en\/shop\/mammut-bionic-8\/#breadcrumb","itemListElement":[{"@type":"ListItem","position":1,"name":"Shop","item":"https:\/\/bolting.eu\/en\/shop\/"},{"@type":"ListItem","position":2,"name":"climbing equipment","item":"https:\/\/bolting.eu\/en\/produkt-kategorie\/climbing-equipment\/"},{"@type":"ListItem","position":3,"name":"Sicherungsger\u00e4te Klettern","item":"https:\/\/bolting.eu\/produkt-kategorie\/kletterausruestung\/sicherungsgeraete-klettern\/"},{"@type":"ListItem","position":4,"name":"Abseilachter","item":"https:\/\/bolting.eu\/produkt-kategorie\/kletterausruestung\/sicherungsgeraete-klettern\/abseilachter\/"},{"@type":"ListItem","position":5,"name":"Mammut Bionic 8"}]},{"@type":"WebSite","@id":"https:\/\/bolting.eu\/en\/#website","url":"https:\/\/bolting.eu\/en\/","name":"bolting.eu","description":"we make climbs happen","publisher":{"@id":"https:\/\/bolting.eu\/en\/#organization"},"potentialAction":[{"@type":"SearchAction","target":{"@type":"EntryPoint","urlTemplate":"https:\/\/bolting.eu\/en\/?s={search_term_string}"},"query-input":{"@type":"PropertyValueSpecification","valueRequired":true,"valueName":"search_term_string"}}],"inLanguage":"en-US"},{"@type":["Organization","Place","SportingGoodsStore"],"@id":"https:\/\/bolting.eu\/en\/#organization","name":"bolting.eu","url":"https:\/\/bolting.eu\/en\/","logo":{"@id":"https:\/\/bolting.eu\/en\/shop\/mammut-bionic-8\/#local-main-organization-logo"},"image":{"@id":"https:\/\/bolting.eu\/en\/shop\/mammut-bionic-8\/#local-main-organization-logo"},"sameAs":["https:\/\/www.facebook.com\/bolting.eu","https:\/\/www.instagram.com\/bolting.eu\/"],"address":{"@id":"https:\/\/bolting.eu\/en\/shop\/mammut-bionic-8\/#local-main-place-address"},"geo":{"@type":"GeoCoordinates","latitude":"47.264176340396226","longitude":"11.380109057672346"},"telephone":["+43 699 19083372"],"openingHoursSpecification":[{"@type":"OpeningHoursSpecification","dayOfWeek":["Monday","Wednesday","Friday"],"opens":"14:00","closes":"18:00"},{"@type":"OpeningHoursSpecification","dayOfWeek":["Tuesday","Thursday","Saturday","Sunday"],"opens":"00:00","closes":"00:00"}],"email":"office@bolting.eu","vatID":"ATU59999728","priceRange":"$$","currenciesAccepted":"Euro"},{"@type":"PostalAddress","@id":"https:\/\/bolting.eu\/en\/shop\/mammut-bionic-8\/#local-main-place-address","streetAddress":"Fischnalerstra\u00dfe 4","addressLocality":"Innsbruck","postalCode":"6020","addressRegion":"Tirol","addressCountry":"AT"},{"@type":"ImageObject","inLanguage":"en-US","@id":"https:\/\/bolting.eu\/en\/shop\/mammut-bionic-8\/#local-main-organization-logo","url":"https:\/\/bolting.eu\/wp-content\/uploads\/2019\/09\/bolting-logo.png","contentUrl":"https:\/\/bolting.eu\/wp-content\/uploads\/2019\/09\/bolting-logo.png","width":400,"height":211,"caption":"bolting.eu"}]},"product_price_amount":"16.00","product_price_currency":"EUR","og_availability":"instock","product_availability":"instock","product_retailer_item_id":"2210-01800","product_condition":"new","geo.placename":"Innsbruck","geo.position":{"lat":"47.264176340396226","long":"11.380109057672346"},"geo.region":"Austria"},"_links":{"self":[{"href":"https:\/\/bolting.eu\/en\/wp-json\/wp\/v2\/product\/11208","targetHints":{"allow":["GET"]}}],"collection":[{"href":"https:\/\/bolting.eu\/en\/wp-json\/wp\/v2\/product"}],"about":[{"href":"https:\/\/bolting.eu\/en\/wp-json\/wp\/v2\/types\/product"}],"replies":[{"embeddable":true,"href":"https:\/\/bolting.eu\/en\/wp-json\/wp\/v2\/comments?post=11208"}],"wp:featuredmedia":[{"embeddable":true,"href":"https:\/\/bolting.eu\/en\/wp-json\/wp\/v2\/media\/11213"}],"wp:attachment":[{"href":"https:\/\/bolting.eu\/en\/wp-json\/wp\/v2\/media?parent=11208"}],"wp:term":[{"taxonomy":"product_brand","embeddable":true,"href":"https:\/\/bolting.eu\/en\/wp-json\/wp\/v2\/product_brand?post=11208"},{"taxonomy":"product_cat","embeddable":true,"href":"https:\/\/bolting.eu\/en\/wp-json\/wp\/v2\/product_cat?post=11208"},{"taxonomy":"product_tag","embeddable":true,"href":"https:\/\/bolting.eu\/en\/wp-json\/wp\/v2\/product_tag?post=11208"}],"curies":[{"name":"wp","href":"https:\/\/api.w.org\/{rel}","templated":true}]}}