{"id":11207,"date":"2022-01-20T10:07:35","date_gmt":"2022-01-20T09:07:35","guid":{"rendered":"https:\/\/bolting.eu\/?post_type=product&#038;p=11207"},"modified":"2023-11-10T15:37:11","modified_gmt":"2023-11-10T14:37:11","slug":"mammut-crimper-brush","status":"publish","type":"product","link":"https:\/\/bolting.eu\/en\/shop\/mammut-crimper-brush\/","title":{"rendered":"Mammut Crimper Brush"},"content":{"rendered":"<p>Die Mammut Crimper Brush ist eine Boulderb\u00fcrste ausschlie\u00dflich f\u00fcr den <a href=\"https:\/\/bolting.eu\/shop\/mammut-brush-stick\/\">Mammut Brush Stick<\/a>. Dieser Aufsatz ist also als Ersatz f\u00fcr zu stark abgenutzte B\u00fcrstenk\u00f6pfe bei diesem Putzstock gedacht. Eine alleinige Verwendung macht keinen Sinn.<\/p>\n<p>Die B\u00fcrste wird einfach auf den Stick montiert, wo sie dank des gefederten Kopplungssystems super Halt findet. Wie der Name es schon sagt, ist dieser Aufsatz f\u00fcr kleine Griffe und Leisten gedacht. Hier entfernt sie konsequent jedes <a href=\"https:\/\/bolting.eu\/produkt-kategorie\/kletterausruestung\/chalk-klettern\/\">Kletterchalk<\/a>.<\/p>\n<p>Dieses Produkt ist sehr nachhaltig. Denn es besteht zum einen aus recycelten Kunststoff und zum anderen aus Wildschweinborsten.<\/p>\n<h2>Eigenschaften Mammut Crimper Brush<\/h2>\n<ul>\n<li>Hersteller: Mammut<\/li>\n<li>Material: recycelter Kunststoff, Wildschweinborsten<\/li>\n<li>Gewicht: 84 Gramm<\/li>\n<li>f\u00fcr kleine Griffe und Leisten<\/li>\n<li><strong>nur f\u00fcr Mammut Brush Stick verwendbar<\/strong><\/li>\n<li>B\u00fcrstenfl\u00e4chen ca. 6 x 2cm<\/li>\n<li>unterschiedlich lange Borsten f\u00fcr ideales Putz Ergebnis<\/li>\n<\/ul>\n<h3>Gleich ausprobieren!<\/h3>\n<p>Du kannst deine neue B\u00fcrste gleich beim <a href=\"https:\/\/maltatal.rocks\/bouldergebiete-maltatal\/\" target=\"_blank\" rel=\"noopener\">Bouldern im Maltatal<\/a> ausprobieren. Besuche eines der besten Gebiete des Ostalpenraumes und nutze deinen Putzstock bei den vielen scharfen Leisten in diesem Gebiet.<\/p>\n<p>Den passenden <a href=\"https:\/\/bolting.eu\/shop\/maltatal-kletterfuehrer\/\">Maltatal Kletterf\u00fchrer<\/a> gibt es auch gleich hier im Shop!<\/p>\n","protected":false},"excerpt":{"rendered":"<p>Dieser B\u00fcrstenaufsatz mit unterschiedlich langen Wildschweinborsten ist f\u00fcr kleine Griffe und Leisten gedacht.Gute Sache! Er besteht aus recyceltem Kunststoff ist dabei so nachhaltig wie m\u00f6glich.<\/p>\n<p>Nur mit dem Mammut Brush Stick verwendbar!<\/p>\n","protected":false},"featured_media":11194,"comment_status":"open","ping_status":"closed","template":"","meta":[],"product_brand":[],"product_cat":[4673,5284,5707,10938],"product_tag":[],"class_list":{"0":"post-11207","1":"product","2":"type-product","3":"status-publish","4":"has-post-thumbnail","6":"product_cat-mammut","7":"product_cat-boulder-ausruestung","8":"product_cat-boulderbuersten","9":"product_cat-boulder-teleskop-putzstoecke","11":"first","12":"instock","13":"taxable","14":"shipping-taxable","15":"purchasable","16":"product-type-simple"},"yoast_head":"<!-- This site is optimized with the Yoast SEO Premium plugin v26.9 (Yoast SEO v26.9) - https:\/\/yoast.com\/product\/yoast-seo-premium-wordpress\/ -->\n<title>Mammut Crimper Brush - Boulderb\u00fcrste f\u00fcr Brush Stick | bolting.eu<\/title>\n<meta name=\"description\" content=\"Hier findest Du die MAMMUT CRIMPER BRUSH. Einen B\u00fcrstenaufsatz f\u00fcr den Mammut Brush Stick, der f\u00fcr kleine Griffe + Leisten gedacht ist!\" \/>\n<meta name=\"robots\" content=\"index, follow, max-snippet:-1, max-image-preview:large, max-video-preview:-1\" \/>\n<link rel=\"canonical\" href=\"https:\/\/bolting.eu\/en\/shop\/mammut-crimper-brush\/\" \/>\n<meta property=\"og:locale\" content=\"en_US\" \/>\n<meta property=\"og:type\" content=\"article\" \/>\n<meta property=\"og:title\" content=\"Mammut Crimper Brush\" \/>\n<meta property=\"og:description\" content=\"Hier findest Du die MAMMUT CRIMPER BRUSH. Einen B\u00fcrstenaufsatz f\u00fcr den Mammut Brush Stick, der f\u00fcr kleine Griffe + Leisten gedacht ist!\" \/>\n<meta property=\"og:url\" content=\"https:\/\/bolting.eu\/en\/shop\/mammut-crimper-brush\/\" \/>\n<meta property=\"og:site_name\" content=\"bolting.eu\" \/>\n<meta property=\"article:publisher\" content=\"https:\/\/www.facebook.com\/bolting.eu\" \/>\n<meta property=\"article:modified_time\" content=\"2023-11-10T14:37:11+00:00\" \/>\n<meta property=\"og:image\" content=\"https:\/\/bolting.eu\/wp-content\/uploads\/2022\/01\/Mammut-Crimp-Brush-1.jpg\" \/>\n\t<meta property=\"og:image:width\" content=\"700\" \/>\n\t<meta property=\"og:image:height\" content=\"700\" \/>\n\t<meta property=\"og:image:type\" content=\"image\/jpeg\" \/>\n<meta name=\"twitter:card\" content=\"summary_large_image\" \/>\n<meta name=\"twitter:label1\" content=\"Price\" \/>\n\t<meta name=\"twitter:data1\" content=\"&euro;&nbsp;15,00\" \/>\n\t<meta name=\"twitter:label2\" content=\"Availability\" \/>\n\t<meta name=\"twitter:data2\" content=\"In stock\" \/>\n<script type=\"application\/ld+json\" class=\"yoast-schema-graph\">{\"@context\":\"https:\/\/schema.org\",\"@graph\":[{\"@type\":[\"WebPage\",\"ItemPage\"],\"@id\":\"https:\/\/bolting.eu\/en\/shop\/mammut-crimper-brush\/\",\"url\":\"https:\/\/bolting.eu\/en\/shop\/mammut-crimper-brush\/\",\"name\":\"Mammut Crimper Brush - Boulderb\u00fcrste f\u00fcr Brush Stick | bolting.eu\",\"isPartOf\":{\"@id\":\"https:\/\/bolting.eu\/en\/#website\"},\"primaryImageOfPage\":{\"@id\":\"https:\/\/bolting.eu\/en\/shop\/mammut-crimper-brush\/#primaryimage\"},\"image\":{\"@id\":\"https:\/\/bolting.eu\/en\/shop\/mammut-crimper-brush\/#primaryimage\"},\"thumbnailUrl\":\"https:\/\/bolting.eu\/wp-content\/uploads\/2022\/01\/Mammut-Crimp-Brush-1.jpg\",\"datePublished\":\"2022-01-20T09:07:35+00:00\",\"dateModified\":\"2023-11-10T14:37:11+00:00\",\"description\":\"Hier findest Du die MAMMUT CRIMPER BRUSH. Einen B\u00fcrstenaufsatz f\u00fcr den Mammut Brush Stick, der f\u00fcr kleine Griffe + Leisten gedacht ist!\",\"breadcrumb\":{\"@id\":\"https:\/\/bolting.eu\/en\/shop\/mammut-crimper-brush\/#breadcrumb\"},\"inLanguage\":\"en-US\",\"potentialAction\":[{\"@type\":\"ReadAction\",\"target\":[\"https:\/\/bolting.eu\/en\/shop\/mammut-crimper-brush\/\"]}]},{\"@type\":\"ImageObject\",\"inLanguage\":\"en-US\",\"@id\":\"https:\/\/bolting.eu\/en\/shop\/mammut-crimper-brush\/#primaryimage\",\"url\":\"https:\/\/bolting.eu\/wp-content\/uploads\/2022\/01\/Mammut-Crimp-Brush-1.jpg\",\"contentUrl\":\"https:\/\/bolting.eu\/wp-content\/uploads\/2022\/01\/Mammut-Crimp-Brush-1.jpg\",\"width\":700,\"height\":700,\"caption\":\"Das Bild zeigt die schwarze Mammut Crimper Brush mit gelblichen Borsten aufrecht in einem wei\u00dfem Quadrat.\"},{\"@type\":\"BreadcrumbList\",\"@id\":\"https:\/\/bolting.eu\/en\/shop\/mammut-crimper-brush\/#breadcrumb\",\"itemListElement\":[{\"@type\":\"ListItem\",\"position\":1,\"name\":\"Shop\",\"item\":\"https:\/\/bolting.eu\/en\/shop\/\"},{\"@type\":\"ListItem\",\"position\":2,\"name\":\"Boulder Ausr\u00fcstung\",\"item\":\"https:\/\/bolting.eu\/produkt-kategorie\/boulder-ausruestung\/\"},{\"@type\":\"ListItem\",\"position\":3,\"name\":\"Boulder brushes\",\"item\":\"https:\/\/bolting.eu\/en\/produkt-kategorie\/boulder-brushes\/\"},{\"@type\":\"ListItem\",\"position\":4,\"name\":\"Mammut Crimper Brush\"}]},{\"@type\":\"WebSite\",\"@id\":\"https:\/\/bolting.eu\/en\/#website\",\"url\":\"https:\/\/bolting.eu\/en\/\",\"name\":\"bolting.eu\",\"description\":\"we make climbs happen\",\"publisher\":{\"@id\":\"https:\/\/bolting.eu\/en\/#organization\"},\"potentialAction\":[{\"@type\":\"SearchAction\",\"target\":{\"@type\":\"EntryPoint\",\"urlTemplate\":\"https:\/\/bolting.eu\/en\/?s={search_term_string}\"},\"query-input\":{\"@type\":\"PropertyValueSpecification\",\"valueRequired\":true,\"valueName\":\"search_term_string\"}}],\"inLanguage\":\"en-US\"},{\"@type\":[\"Organization\",\"Place\",\"SportingGoodsStore\"],\"@id\":\"https:\/\/bolting.eu\/en\/#organization\",\"name\":\"bolting.eu\",\"url\":\"https:\/\/bolting.eu\/en\/\",\"logo\":{\"@id\":\"https:\/\/bolting.eu\/en\/shop\/mammut-crimper-brush\/#local-main-organization-logo\"},\"image\":{\"@id\":\"https:\/\/bolting.eu\/en\/shop\/mammut-crimper-brush\/#local-main-organization-logo\"},\"sameAs\":[\"https:\/\/www.facebook.com\/bolting.eu\",\"https:\/\/www.instagram.com\/bolting.eu\/\"],\"address\":{\"@id\":\"https:\/\/bolting.eu\/en\/shop\/mammut-crimper-brush\/#local-main-place-address\"},\"geo\":{\"@type\":\"GeoCoordinates\",\"latitude\":\"47.264176340396226\",\"longitude\":\"11.380109057672346\"},\"telephone\":[\"+43 699 19083372\"],\"openingHoursSpecification\":[{\"@type\":\"OpeningHoursSpecification\",\"dayOfWeek\":[\"Monday\",\"Wednesday\",\"Friday\"],\"opens\":\"14:00\",\"closes\":\"18:00\"},{\"@type\":\"OpeningHoursSpecification\",\"dayOfWeek\":[\"Tuesday\",\"Thursday\",\"Saturday\",\"Sunday\"],\"opens\":\"00:00\",\"closes\":\"00:00\"}],\"email\":\"office@bolting.eu\",\"vatID\":\"ATU59999728\",\"priceRange\":\"$$\",\"currenciesAccepted\":\"Euro\"},{\"@type\":\"PostalAddress\",\"@id\":\"https:\/\/bolting.eu\/en\/shop\/mammut-crimper-brush\/#local-main-place-address\",\"streetAddress\":\"Fischnalerstra\u00dfe 4\",\"addressLocality\":\"Innsbruck\",\"postalCode\":\"6020\",\"addressRegion\":\"Tirol\",\"addressCountry\":\"AT\"},{\"@type\":\"ImageObject\",\"inLanguage\":\"en-US\",\"@id\":\"https:\/\/bolting.eu\/en\/shop\/mammut-crimper-brush\/#local-main-organization-logo\",\"url\":\"https:\/\/bolting.eu\/wp-content\/uploads\/2019\/09\/bolting-logo.png\",\"contentUrl\":\"https:\/\/bolting.eu\/wp-content\/uploads\/2019\/09\/bolting-logo.png\",\"width\":400,\"height\":211,\"caption\":\"bolting.eu\"}]}<\/script>\n<meta property=\"product:price:amount\" content=\"15.00\" \/>\n<meta property=\"product:price:currency\" content=\"EUR\" \/>\n<meta property=\"og:availability\" content=\"instock\" \/>\n<meta property=\"product:availability\" content=\"instock\" \/>\n<meta property=\"product:retailer_item_id\" content=\"2050-00170\" \/>\n<meta property=\"product:condition\" content=\"new\" \/>\n<meta name=\"geo.placename\" content=\"Innsbruck\" \/>\n<meta name=\"geo.position\" content=\"47.264176340396226;11.380109057672346\" \/>\n<meta name=\"geo.region\" content=\"Austria\" \/>\n<!-- \/ Yoast SEO Premium plugin. -->","yoast_head_json":{"title":"Mammut Crimper Brush - Boulderb\u00fcrste f\u00fcr Brush Stick | bolting.eu","description":"Hier findest Du die MAMMUT CRIMPER BRUSH. Einen B\u00fcrstenaufsatz f\u00fcr den Mammut Brush Stick, der f\u00fcr kleine Griffe + Leisten gedacht ist!","robots":{"index":"index","follow":"follow","max-snippet":"max-snippet:-1","max-image-preview":"max-image-preview:large","max-video-preview":"max-video-preview:-1"},"canonical":"https:\/\/bolting.eu\/en\/shop\/mammut-crimper-brush\/","og_locale":"en_US","og_type":"article","og_title":"Mammut Crimper Brush","og_description":"Hier findest Du die MAMMUT CRIMPER BRUSH. Einen B\u00fcrstenaufsatz f\u00fcr den Mammut Brush Stick, der f\u00fcr kleine Griffe + Leisten gedacht ist!","og_url":"https:\/\/bolting.eu\/en\/shop\/mammut-crimper-brush\/","og_site_name":"bolting.eu","article_publisher":"https:\/\/www.facebook.com\/bolting.eu","article_modified_time":"2023-11-10T14:37:11+00:00","og_image":[{"width":700,"height":700,"url":"https:\/\/bolting.eu\/wp-content\/uploads\/2022\/01\/Mammut-Crimp-Brush-1.jpg","type":"image\/jpeg"}],"twitter_card":"summary_large_image","twitter_misc":{"Price":"&euro;&nbsp;15,00","Availability":"In stock"},"schema":{"@context":"https:\/\/schema.org","@graph":[{"@type":["WebPage","ItemPage"],"@id":"https:\/\/bolting.eu\/en\/shop\/mammut-crimper-brush\/","url":"https:\/\/bolting.eu\/en\/shop\/mammut-crimper-brush\/","name":"Mammut Crimper Brush - Boulderb\u00fcrste f\u00fcr Brush Stick | bolting.eu","isPartOf":{"@id":"https:\/\/bolting.eu\/en\/#website"},"primaryImageOfPage":{"@id":"https:\/\/bolting.eu\/en\/shop\/mammut-crimper-brush\/#primaryimage"},"image":{"@id":"https:\/\/bolting.eu\/en\/shop\/mammut-crimper-brush\/#primaryimage"},"thumbnailUrl":"https:\/\/bolting.eu\/wp-content\/uploads\/2022\/01\/Mammut-Crimp-Brush-1.jpg","datePublished":"2022-01-20T09:07:35+00:00","dateModified":"2023-11-10T14:37:11+00:00","description":"Hier findest Du die MAMMUT CRIMPER BRUSH. Einen B\u00fcrstenaufsatz f\u00fcr den Mammut Brush Stick, der f\u00fcr kleine Griffe + Leisten gedacht ist!","breadcrumb":{"@id":"https:\/\/bolting.eu\/en\/shop\/mammut-crimper-brush\/#breadcrumb"},"inLanguage":"en-US","potentialAction":[{"@type":"ReadAction","target":["https:\/\/bolting.eu\/en\/shop\/mammut-crimper-brush\/"]}]},{"@type":"ImageObject","inLanguage":"en-US","@id":"https:\/\/bolting.eu\/en\/shop\/mammut-crimper-brush\/#primaryimage","url":"https:\/\/bolting.eu\/wp-content\/uploads\/2022\/01\/Mammut-Crimp-Brush-1.jpg","contentUrl":"https:\/\/bolting.eu\/wp-content\/uploads\/2022\/01\/Mammut-Crimp-Brush-1.jpg","width":700,"height":700,"caption":"Das Bild zeigt die schwarze Mammut Crimper Brush mit gelblichen Borsten aufrecht in einem wei\u00dfem Quadrat."},{"@type":"BreadcrumbList","@id":"https:\/\/bolting.eu\/en\/shop\/mammut-crimper-brush\/#breadcrumb","itemListElement":[{"@type":"ListItem","position":1,"name":"Shop","item":"https:\/\/bolting.eu\/en\/shop\/"},{"@type":"ListItem","position":2,"name":"Boulder Ausr\u00fcstung","item":"https:\/\/bolting.eu\/produkt-kategorie\/boulder-ausruestung\/"},{"@type":"ListItem","position":3,"name":"Boulder brushes","item":"https:\/\/bolting.eu\/en\/produkt-kategorie\/boulder-brushes\/"},{"@type":"ListItem","position":4,"name":"Mammut Crimper Brush"}]},{"@type":"WebSite","@id":"https:\/\/bolting.eu\/en\/#website","url":"https:\/\/bolting.eu\/en\/","name":"bolting.eu","description":"we make climbs happen","publisher":{"@id":"https:\/\/bolting.eu\/en\/#organization"},"potentialAction":[{"@type":"SearchAction","target":{"@type":"EntryPoint","urlTemplate":"https:\/\/bolting.eu\/en\/?s={search_term_string}"},"query-input":{"@type":"PropertyValueSpecification","valueRequired":true,"valueName":"search_term_string"}}],"inLanguage":"en-US"},{"@type":["Organization","Place","SportingGoodsStore"],"@id":"https:\/\/bolting.eu\/en\/#organization","name":"bolting.eu","url":"https:\/\/bolting.eu\/en\/","logo":{"@id":"https:\/\/bolting.eu\/en\/shop\/mammut-crimper-brush\/#local-main-organization-logo"},"image":{"@id":"https:\/\/bolting.eu\/en\/shop\/mammut-crimper-brush\/#local-main-organization-logo"},"sameAs":["https:\/\/www.facebook.com\/bolting.eu","https:\/\/www.instagram.com\/bolting.eu\/"],"address":{"@id":"https:\/\/bolting.eu\/en\/shop\/mammut-crimper-brush\/#local-main-place-address"},"geo":{"@type":"GeoCoordinates","latitude":"47.264176340396226","longitude":"11.380109057672346"},"telephone":["+43 699 19083372"],"openingHoursSpecification":[{"@type":"OpeningHoursSpecification","dayOfWeek":["Monday","Wednesday","Friday"],"opens":"14:00","closes":"18:00"},{"@type":"OpeningHoursSpecification","dayOfWeek":["Tuesday","Thursday","Saturday","Sunday"],"opens":"00:00","closes":"00:00"}],"email":"office@bolting.eu","vatID":"ATU59999728","priceRange":"$$","currenciesAccepted":"Euro"},{"@type":"PostalAddress","@id":"https:\/\/bolting.eu\/en\/shop\/mammut-crimper-brush\/#local-main-place-address","streetAddress":"Fischnalerstra\u00dfe 4","addressLocality":"Innsbruck","postalCode":"6020","addressRegion":"Tirol","addressCountry":"AT"},{"@type":"ImageObject","inLanguage":"en-US","@id":"https:\/\/bolting.eu\/en\/shop\/mammut-crimper-brush\/#local-main-organization-logo","url":"https:\/\/bolting.eu\/wp-content\/uploads\/2019\/09\/bolting-logo.png","contentUrl":"https:\/\/bolting.eu\/wp-content\/uploads\/2019\/09\/bolting-logo.png","width":400,"height":211,"caption":"bolting.eu"}]},"product_price_amount":"15.00","product_price_currency":"EUR","og_availability":"instock","product_availability":"instock","product_retailer_item_id":"2050-00170","product_condition":"new","geo.placename":"Innsbruck","geo.position":{"lat":"47.264176340396226","long":"11.380109057672346"},"geo.region":"Austria"},"_links":{"self":[{"href":"https:\/\/bolting.eu\/en\/wp-json\/wp\/v2\/product\/11207","targetHints":{"allow":["GET"]}}],"collection":[{"href":"https:\/\/bolting.eu\/en\/wp-json\/wp\/v2\/product"}],"about":[{"href":"https:\/\/bolting.eu\/en\/wp-json\/wp\/v2\/types\/product"}],"replies":[{"embeddable":true,"href":"https:\/\/bolting.eu\/en\/wp-json\/wp\/v2\/comments?post=11207"}],"wp:featuredmedia":[{"embeddable":true,"href":"https:\/\/bolting.eu\/en\/wp-json\/wp\/v2\/media\/11194"}],"wp:attachment":[{"href":"https:\/\/bolting.eu\/en\/wp-json\/wp\/v2\/media?parent=11207"}],"wp:term":[{"taxonomy":"product_brand","embeddable":true,"href":"https:\/\/bolting.eu\/en\/wp-json\/wp\/v2\/product_brand?post=11207"},{"taxonomy":"product_cat","embeddable":true,"href":"https:\/\/bolting.eu\/en\/wp-json\/wp\/v2\/product_cat?post=11207"},{"taxonomy":"product_tag","embeddable":true,"href":"https:\/\/bolting.eu\/en\/wp-json\/wp\/v2\/product_tag?post=11207"}],"curies":[{"name":"wp","href":"https:\/\/api.w.org\/{rel}","templated":true}]}}