{"id":11206,"date":"2022-01-20T09:22:57","date_gmt":"2022-01-20T08:22:57","guid":{"rendered":"https:\/\/bolting.eu\/?post_type=product&#038;p=11206"},"modified":"2023-11-10T15:37:24","modified_gmt":"2023-11-10T14:37:24","slug":"mammut-sloper-brush","status":"publish","type":"product","link":"https:\/\/bolting.eu\/en\/shop\/mammut-sloper-brush\/","title":{"rendered":"Mammut Sloper Brush"},"content":{"rendered":"<p>Die Mammut Sloper Brush ist ein doppelseitiger B\u00fcrstenaufsatz. Diese <a href=\"https:\/\/bolting.eu\/produkt-kategorie\/boulder-ausruestung\/boulderbuersten\/\">Boulderb\u00fcrste<\/a> kann <strong>nur auf dem <a href=\"https:\/\/bolting.eu\/shop\/mammut-brush-stick\/\">Mammut Brush Stick<\/a><\/strong> montiert werden. Eine alleinige Verwendung dieser B\u00fcrste macht keinen Sinn.<\/p>\n<p>Ein Blick auf diesen Aufsatz gen\u00fcgt, um seinen Einsatzbereich zu verstehen. Denn diese B\u00fcrste hat zwei Borstenfl\u00e4chen mit unterschiedlichen Winkeln.<\/p>\n<p>Zum einen eine ca. 125\u00b0 steile B\u00fcrste um flache Sloper zu erreichen. Daher auch der Name. Und zum anderen eine ca. 65\u00b0 steile B\u00fcrste um auch in \u00dcberh\u00e4ngen die Aufleger sauber zu bekommen.<\/p>\n<h2>Eigenschaften Mammut Sloper Brush<\/h2>\n<ul>\n<li>Hersteller: Mammut<\/li>\n<li>Material: recycelter Kunststoff, Wildschweinborsten<\/li>\n<li>Gewicht: 194 Gramm<\/li>\n<li>doppelseitiger B\u00fcrstenaufsatz<\/li>\n<li><strong>nur f\u00fcr Mammut Brush Stick verwendbar<\/strong><\/li>\n<li>B\u00fcrstenfl\u00e4chen ca. 5 x 10cm<\/li>\n<li>unterschiedlich lange Borsten f\u00fcr ideales Putz Ergebnis<\/li>\n<\/ul>\n<h3>Perfekt durchdachter B\u00fcrstenaufsatz<\/h3>\n<figure id=\"attachment_11201\" aria-describedby=\"caption-attachment-11201\" style=\"width: 800px\" class=\"wp-caption alignnone\"><a href=\"https:\/\/bolting.eu\/wp-content\/uploads\/2022\/01\/Mammut-Brush-Stick-Manual-1.jpg\"><img loading=\"lazy\" decoding=\"async\" class=\"wp-image-11201 size-full\" src=\"https:\/\/bolting.eu\/wp-content\/uploads\/2022\/01\/Mammut-Brush-Stick-Manual-1.jpg\" alt=\"Das Bild zeigt einen Mammut Brush Stick mit der MAmmut Sloper Brush und Crimp Brush auf einer Holzplatte.\" width=\"800\" height=\"600\" srcset=\"https:\/\/bolting.eu\/wp-content\/uploads\/2022\/01\/Mammut-Brush-Stick-Manual-1.jpg 800w, https:\/\/bolting.eu\/wp-content\/uploads\/2022\/01\/Mammut-Brush-Stick-Manual-1-510x383.jpg 510w, https:\/\/bolting.eu\/wp-content\/uploads\/2022\/01\/Mammut-Brush-Stick-Manual-1-533x400.jpg 533w, https:\/\/bolting.eu\/wp-content\/uploads\/2022\/01\/Mammut-Brush-Stick-Manual-1-768x576.jpg 768w, https:\/\/bolting.eu\/wp-content\/uploads\/2022\/01\/Mammut-Brush-Stick-Manual-1-600x450.jpg 600w\" sizes=\"auto, (max-width: 800px) 100vw, 800px\" \/><\/a><figcaption id=\"caption-attachment-11201\" class=\"wp-caption-text\">Dieser B\u00fcrstenaufsatz ist sehr durchdacht. Beachtet bitte, er ist nur in Kombination mit dem Brush Stick verwendbar!<\/figcaption><\/figure>\n<p>Bei der Mammut Sloper Brush hat man sehr umsichtig nachgedacht.<\/p>\n<p>Denn erstens besteht diese Boulderb\u00fcrste aus recyceltem Kunststoff. Zweitens bietet der Aufsatz einen sehr guten Halt am Brush Stick durch die gefederte Kugelfixierung.<\/p>\n<p>Drittens erreicht man mit der doppelseitigen B\u00fcrstenfl\u00e4che sowohl flache Sloper in plattigem Gel\u00e4nde, als auch Aufleger im steilen Gel\u00e4nde. Und viertens sind die Wildschweinborsten unterschiedlich lang. Somit wird dem vermehrten Abrieb im Bereich der Spitze Rechnung getragen.<\/p>\n<p>Kurzum. Eine echt runde Sache!<\/p>\n<h4><strong>Reisetipp!<\/strong><\/h4>\n<p>Wer Lust hat die Mammut Sloper Brush bzw. den Brush Stick gleich mal ordentlich einzusetzen, sollte unbedingt mal zum Bouldern nach Fontainebleau d\u00fcsen.<\/p>\n<p>Im Mekka des Bouldern in Europe warten zehntausende Probleme auf euch, bei denen ein B\u00fcrste wie diese echt Gold wert ist!<\/p>\n<p>\u00dcbrigens gibt es bei uns mit dem <a href=\"https:\/\/bolting.eu\/shop\/fontainebleau-boulderfuehrer-en-bloc\/\">Fontainebleau Boulderf\u00fchrer En Bloc\u00a0<\/a> bei uns auch gleich den passenden F\u00fchrer.<\/p>\n<p>Und f\u00fcr die richtige Inspirition empfehlen wir euch DIE Website zum Gebiet: <a href=\"https:\/\/bleau.info\/\" target=\"_blank\" rel=\"noopener\">bleau.info<\/a><\/p>\n","protected":false},"excerpt":{"rendered":"<p>Diese Griffb\u00fcrste ist ein Aufsatz, welcher nur am Mammut Brush Stick angebracht werden kann.<\/p>\n<p>Die zwei B\u00fcrstenfl\u00e4chen mit unterschiedlichen Winkeln erm\u00f6glichen das putzen von Slopern in jedem Gel\u00e4nde.<\/p>\n","protected":false},"featured_media":11196,"comment_status":"open","ping_status":"closed","template":"","meta":[],"product_brand":[],"product_cat":[5284,10938,5707],"product_tag":[],"class_list":{"0":"post-11206","1":"product","2":"type-product","3":"status-publish","4":"has-post-thumbnail","6":"product_cat-boulder-ausruestung","7":"product_cat-boulder-teleskop-putzstoecke","8":"product_cat-boulderbuersten","10":"first","11":"instock","12":"taxable","13":"shipping-taxable","14":"purchasable","15":"product-type-simple"},"yoast_head":"<!-- This site is optimized with the Yoast SEO Premium plugin v26.9 (Yoast SEO v26.9) - https:\/\/yoast.com\/product\/yoast-seo-premium-wordpress\/ -->\n<title>Mammut Sloper Brush - Boulderb\u00fcrste f\u00fcr Brush Stick | bolting.eu<\/title>\n<meta name=\"description\" content=\"Hier findest Du die MAMMUT SLOPER BRUSH. Eine Boulderb\u00fcrste die nur in Kombination mit dem Mammut Brush Stick verwendet werden kann!\" \/>\n<meta name=\"robots\" content=\"index, follow, max-snippet:-1, max-image-preview:large, max-video-preview:-1\" \/>\n<link rel=\"canonical\" href=\"https:\/\/bolting.eu\/en\/shop\/mammut-sloper-brush\/\" \/>\n<meta property=\"og:locale\" content=\"en_US\" \/>\n<meta property=\"og:type\" content=\"article\" \/>\n<meta property=\"og:title\" content=\"Mammut Sloper Brush\" \/>\n<meta property=\"og:description\" content=\"Hier findest Du die MAMMUT SLOPER BRUSH. Eine Boulderb\u00fcrste die nur in Kombination mit dem Mammut Brush Stick verwendet werden kann!\" \/>\n<meta property=\"og:url\" content=\"https:\/\/bolting.eu\/en\/shop\/mammut-sloper-brush\/\" \/>\n<meta property=\"og:site_name\" content=\"bolting.eu\" \/>\n<meta property=\"article:publisher\" content=\"https:\/\/www.facebook.com\/bolting.eu\" \/>\n<meta property=\"article:modified_time\" content=\"2023-11-10T14:37:24+00:00\" \/>\n<meta property=\"og:image\" content=\"https:\/\/bolting.eu\/wp-content\/uploads\/2022\/01\/Mammut-Sloper-Brush-1.jpg\" \/>\n\t<meta property=\"og:image:width\" content=\"700\" \/>\n\t<meta property=\"og:image:height\" content=\"700\" \/>\n\t<meta property=\"og:image:type\" content=\"image\/jpeg\" \/>\n<meta name=\"twitter:card\" content=\"summary_large_image\" \/>\n<meta name=\"twitter:label1\" content=\"Price\" \/>\n\t<meta name=\"twitter:data1\" content=\"&euro;&nbsp;30,00\" \/>\n\t<meta name=\"twitter:label2\" content=\"Availability\" \/>\n\t<meta name=\"twitter:data2\" content=\"In stock\" \/>\n<script type=\"application\/ld+json\" class=\"yoast-schema-graph\">{\"@context\":\"https:\/\/schema.org\",\"@graph\":[{\"@type\":[\"WebPage\",\"ItemPage\"],\"@id\":\"https:\/\/bolting.eu\/en\/shop\/mammut-sloper-brush\/\",\"url\":\"https:\/\/bolting.eu\/en\/shop\/mammut-sloper-brush\/\",\"name\":\"Mammut Sloper Brush - Boulderb\u00fcrste f\u00fcr Brush Stick | bolting.eu\",\"isPartOf\":{\"@id\":\"https:\/\/bolting.eu\/en\/#website\"},\"primaryImageOfPage\":{\"@id\":\"https:\/\/bolting.eu\/en\/shop\/mammut-sloper-brush\/#primaryimage\"},\"image\":{\"@id\":\"https:\/\/bolting.eu\/en\/shop\/mammut-sloper-brush\/#primaryimage\"},\"thumbnailUrl\":\"https:\/\/bolting.eu\/wp-content\/uploads\/2022\/01\/Mammut-Sloper-Brush-1.jpg\",\"datePublished\":\"2022-01-20T08:22:57+00:00\",\"dateModified\":\"2023-11-10T14:37:24+00:00\",\"description\":\"Hier findest Du die MAMMUT SLOPER BRUSH. Eine Boulderb\u00fcrste die nur in Kombination mit dem Mammut Brush Stick verwendet werden kann!\",\"breadcrumb\":{\"@id\":\"https:\/\/bolting.eu\/en\/shop\/mammut-sloper-brush\/#breadcrumb\"},\"inLanguage\":\"en-US\",\"potentialAction\":[{\"@type\":\"ReadAction\",\"target\":[\"https:\/\/bolting.eu\/en\/shop\/mammut-sloper-brush\/\"]}]},{\"@type\":\"ImageObject\",\"inLanguage\":\"en-US\",\"@id\":\"https:\/\/bolting.eu\/en\/shop\/mammut-sloper-brush\/#primaryimage\",\"url\":\"https:\/\/bolting.eu\/wp-content\/uploads\/2022\/01\/Mammut-Sloper-Brush-1.jpg\",\"contentUrl\":\"https:\/\/bolting.eu\/wp-content\/uploads\/2022\/01\/Mammut-Sloper-Brush-1.jpg\",\"width\":700,\"height\":700,\"caption\":\"Das Bild zeigt die schwarze Mammut Sloper Brush mit gelblichen Borsten aufrecht in einem wei\u00dfem Quadrat.\"},{\"@type\":\"BreadcrumbList\",\"@id\":\"https:\/\/bolting.eu\/en\/shop\/mammut-sloper-brush\/#breadcrumb\",\"itemListElement\":[{\"@type\":\"ListItem\",\"position\":1,\"name\":\"Shop\",\"item\":\"https:\/\/bolting.eu\/en\/shop\/\"},{\"@type\":\"ListItem\",\"position\":2,\"name\":\"Boulder Ausr\u00fcstung\",\"item\":\"https:\/\/bolting.eu\/produkt-kategorie\/boulder-ausruestung\/\"},{\"@type\":\"ListItem\",\"position\":3,\"name\":\"Mammut Sloper Brush\"}]},{\"@type\":\"WebSite\",\"@id\":\"https:\/\/bolting.eu\/en\/#website\",\"url\":\"https:\/\/bolting.eu\/en\/\",\"name\":\"bolting.eu\",\"description\":\"we make climbs happen\",\"publisher\":{\"@id\":\"https:\/\/bolting.eu\/en\/#organization\"},\"potentialAction\":[{\"@type\":\"SearchAction\",\"target\":{\"@type\":\"EntryPoint\",\"urlTemplate\":\"https:\/\/bolting.eu\/en\/?s={search_term_string}\"},\"query-input\":{\"@type\":\"PropertyValueSpecification\",\"valueRequired\":true,\"valueName\":\"search_term_string\"}}],\"inLanguage\":\"en-US\"},{\"@type\":[\"Organization\",\"Place\",\"SportingGoodsStore\"],\"@id\":\"https:\/\/bolting.eu\/en\/#organization\",\"name\":\"bolting.eu\",\"url\":\"https:\/\/bolting.eu\/en\/\",\"logo\":{\"@id\":\"https:\/\/bolting.eu\/en\/shop\/mammut-sloper-brush\/#local-main-organization-logo\"},\"image\":{\"@id\":\"https:\/\/bolting.eu\/en\/shop\/mammut-sloper-brush\/#local-main-organization-logo\"},\"sameAs\":[\"https:\/\/www.facebook.com\/bolting.eu\",\"https:\/\/www.instagram.com\/bolting.eu\/\"],\"address\":{\"@id\":\"https:\/\/bolting.eu\/en\/shop\/mammut-sloper-brush\/#local-main-place-address\"},\"geo\":{\"@type\":\"GeoCoordinates\",\"latitude\":\"47.264176340396226\",\"longitude\":\"11.380109057672346\"},\"telephone\":[\"+43 699 19083372\"],\"openingHoursSpecification\":[{\"@type\":\"OpeningHoursSpecification\",\"dayOfWeek\":[\"Monday\",\"Wednesday\",\"Friday\"],\"opens\":\"14:00\",\"closes\":\"18:00\"},{\"@type\":\"OpeningHoursSpecification\",\"dayOfWeek\":[\"Tuesday\",\"Thursday\",\"Saturday\",\"Sunday\"],\"opens\":\"00:00\",\"closes\":\"00:00\"}],\"email\":\"office@bolting.eu\",\"vatID\":\"ATU59999728\",\"priceRange\":\"$$\",\"currenciesAccepted\":\"Euro\"},{\"@type\":\"PostalAddress\",\"@id\":\"https:\/\/bolting.eu\/en\/shop\/mammut-sloper-brush\/#local-main-place-address\",\"streetAddress\":\"Fischnalerstra\u00dfe 4\",\"addressLocality\":\"Innsbruck\",\"postalCode\":\"6020\",\"addressRegion\":\"Tirol\",\"addressCountry\":\"AT\"},{\"@type\":\"ImageObject\",\"inLanguage\":\"en-US\",\"@id\":\"https:\/\/bolting.eu\/en\/shop\/mammut-sloper-brush\/#local-main-organization-logo\",\"url\":\"https:\/\/bolting.eu\/wp-content\/uploads\/2019\/09\/bolting-logo.png\",\"contentUrl\":\"https:\/\/bolting.eu\/wp-content\/uploads\/2019\/09\/bolting-logo.png\",\"width\":400,\"height\":211,\"caption\":\"bolting.eu\"}]}<\/script>\n<meta property=\"product:price:amount\" content=\"30.00\" \/>\n<meta property=\"product:price:currency\" content=\"EUR\" \/>\n<meta property=\"og:availability\" content=\"instock\" \/>\n<meta property=\"product:availability\" content=\"instock\" \/>\n<meta property=\"product:retailer_item_id\" content=\"2050-00230\" \/>\n<meta property=\"product:condition\" content=\"new\" \/>\n<meta name=\"geo.placename\" content=\"Innsbruck\" \/>\n<meta name=\"geo.position\" content=\"47.264176340396226;11.380109057672346\" \/>\n<meta name=\"geo.region\" content=\"Austria\" \/>\n<!-- \/ Yoast SEO Premium plugin. -->","yoast_head_json":{"title":"Mammut Sloper Brush - Boulderb\u00fcrste f\u00fcr Brush Stick | bolting.eu","description":"Hier findest Du die MAMMUT SLOPER BRUSH. Eine Boulderb\u00fcrste die nur in Kombination mit dem Mammut Brush Stick verwendet werden kann!","robots":{"index":"index","follow":"follow","max-snippet":"max-snippet:-1","max-image-preview":"max-image-preview:large","max-video-preview":"max-video-preview:-1"},"canonical":"https:\/\/bolting.eu\/en\/shop\/mammut-sloper-brush\/","og_locale":"en_US","og_type":"article","og_title":"Mammut Sloper Brush","og_description":"Hier findest Du die MAMMUT SLOPER BRUSH. Eine Boulderb\u00fcrste die nur in Kombination mit dem Mammut Brush Stick verwendet werden kann!","og_url":"https:\/\/bolting.eu\/en\/shop\/mammut-sloper-brush\/","og_site_name":"bolting.eu","article_publisher":"https:\/\/www.facebook.com\/bolting.eu","article_modified_time":"2023-11-10T14:37:24+00:00","og_image":[{"width":700,"height":700,"url":"https:\/\/bolting.eu\/wp-content\/uploads\/2022\/01\/Mammut-Sloper-Brush-1.jpg","type":"image\/jpeg"}],"twitter_card":"summary_large_image","twitter_misc":{"Price":"&euro;&nbsp;30,00","Availability":"In stock"},"schema":{"@context":"https:\/\/schema.org","@graph":[{"@type":["WebPage","ItemPage"],"@id":"https:\/\/bolting.eu\/en\/shop\/mammut-sloper-brush\/","url":"https:\/\/bolting.eu\/en\/shop\/mammut-sloper-brush\/","name":"Mammut Sloper Brush - Boulderb\u00fcrste f\u00fcr Brush Stick | bolting.eu","isPartOf":{"@id":"https:\/\/bolting.eu\/en\/#website"},"primaryImageOfPage":{"@id":"https:\/\/bolting.eu\/en\/shop\/mammut-sloper-brush\/#primaryimage"},"image":{"@id":"https:\/\/bolting.eu\/en\/shop\/mammut-sloper-brush\/#primaryimage"},"thumbnailUrl":"https:\/\/bolting.eu\/wp-content\/uploads\/2022\/01\/Mammut-Sloper-Brush-1.jpg","datePublished":"2022-01-20T08:22:57+00:00","dateModified":"2023-11-10T14:37:24+00:00","description":"Hier findest Du die MAMMUT SLOPER BRUSH. Eine Boulderb\u00fcrste die nur in Kombination mit dem Mammut Brush Stick verwendet werden kann!","breadcrumb":{"@id":"https:\/\/bolting.eu\/en\/shop\/mammut-sloper-brush\/#breadcrumb"},"inLanguage":"en-US","potentialAction":[{"@type":"ReadAction","target":["https:\/\/bolting.eu\/en\/shop\/mammut-sloper-brush\/"]}]},{"@type":"ImageObject","inLanguage":"en-US","@id":"https:\/\/bolting.eu\/en\/shop\/mammut-sloper-brush\/#primaryimage","url":"https:\/\/bolting.eu\/wp-content\/uploads\/2022\/01\/Mammut-Sloper-Brush-1.jpg","contentUrl":"https:\/\/bolting.eu\/wp-content\/uploads\/2022\/01\/Mammut-Sloper-Brush-1.jpg","width":700,"height":700,"caption":"Das Bild zeigt die schwarze Mammut Sloper Brush mit gelblichen Borsten aufrecht in einem wei\u00dfem Quadrat."},{"@type":"BreadcrumbList","@id":"https:\/\/bolting.eu\/en\/shop\/mammut-sloper-brush\/#breadcrumb","itemListElement":[{"@type":"ListItem","position":1,"name":"Shop","item":"https:\/\/bolting.eu\/en\/shop\/"},{"@type":"ListItem","position":2,"name":"Boulder Ausr\u00fcstung","item":"https:\/\/bolting.eu\/produkt-kategorie\/boulder-ausruestung\/"},{"@type":"ListItem","position":3,"name":"Mammut Sloper Brush"}]},{"@type":"WebSite","@id":"https:\/\/bolting.eu\/en\/#website","url":"https:\/\/bolting.eu\/en\/","name":"bolting.eu","description":"we make climbs happen","publisher":{"@id":"https:\/\/bolting.eu\/en\/#organization"},"potentialAction":[{"@type":"SearchAction","target":{"@type":"EntryPoint","urlTemplate":"https:\/\/bolting.eu\/en\/?s={search_term_string}"},"query-input":{"@type":"PropertyValueSpecification","valueRequired":true,"valueName":"search_term_string"}}],"inLanguage":"en-US"},{"@type":["Organization","Place","SportingGoodsStore"],"@id":"https:\/\/bolting.eu\/en\/#organization","name":"bolting.eu","url":"https:\/\/bolting.eu\/en\/","logo":{"@id":"https:\/\/bolting.eu\/en\/shop\/mammut-sloper-brush\/#local-main-organization-logo"},"image":{"@id":"https:\/\/bolting.eu\/en\/shop\/mammut-sloper-brush\/#local-main-organization-logo"},"sameAs":["https:\/\/www.facebook.com\/bolting.eu","https:\/\/www.instagram.com\/bolting.eu\/"],"address":{"@id":"https:\/\/bolting.eu\/en\/shop\/mammut-sloper-brush\/#local-main-place-address"},"geo":{"@type":"GeoCoordinates","latitude":"47.264176340396226","longitude":"11.380109057672346"},"telephone":["+43 699 19083372"],"openingHoursSpecification":[{"@type":"OpeningHoursSpecification","dayOfWeek":["Monday","Wednesday","Friday"],"opens":"14:00","closes":"18:00"},{"@type":"OpeningHoursSpecification","dayOfWeek":["Tuesday","Thursday","Saturday","Sunday"],"opens":"00:00","closes":"00:00"}],"email":"office@bolting.eu","vatID":"ATU59999728","priceRange":"$$","currenciesAccepted":"Euro"},{"@type":"PostalAddress","@id":"https:\/\/bolting.eu\/en\/shop\/mammut-sloper-brush\/#local-main-place-address","streetAddress":"Fischnalerstra\u00dfe 4","addressLocality":"Innsbruck","postalCode":"6020","addressRegion":"Tirol","addressCountry":"AT"},{"@type":"ImageObject","inLanguage":"en-US","@id":"https:\/\/bolting.eu\/en\/shop\/mammut-sloper-brush\/#local-main-organization-logo","url":"https:\/\/bolting.eu\/wp-content\/uploads\/2019\/09\/bolting-logo.png","contentUrl":"https:\/\/bolting.eu\/wp-content\/uploads\/2019\/09\/bolting-logo.png","width":400,"height":211,"caption":"bolting.eu"}]},"product_price_amount":"30.00","product_price_currency":"EUR","og_availability":"instock","product_availability":"instock","product_retailer_item_id":"2050-00230","product_condition":"new","geo.placename":"Innsbruck","geo.position":{"lat":"47.264176340396226","long":"11.380109057672346"},"geo.region":"Austria"},"_links":{"self":[{"href":"https:\/\/bolting.eu\/en\/wp-json\/wp\/v2\/product\/11206","targetHints":{"allow":["GET"]}}],"collection":[{"href":"https:\/\/bolting.eu\/en\/wp-json\/wp\/v2\/product"}],"about":[{"href":"https:\/\/bolting.eu\/en\/wp-json\/wp\/v2\/types\/product"}],"replies":[{"embeddable":true,"href":"https:\/\/bolting.eu\/en\/wp-json\/wp\/v2\/comments?post=11206"}],"wp:featuredmedia":[{"embeddable":true,"href":"https:\/\/bolting.eu\/en\/wp-json\/wp\/v2\/media\/11196"}],"wp:attachment":[{"href":"https:\/\/bolting.eu\/en\/wp-json\/wp\/v2\/media?parent=11206"}],"wp:term":[{"taxonomy":"product_brand","embeddable":true,"href":"https:\/\/bolting.eu\/en\/wp-json\/wp\/v2\/product_brand?post=11206"},{"taxonomy":"product_cat","embeddable":true,"href":"https:\/\/bolting.eu\/en\/wp-json\/wp\/v2\/product_cat?post=11206"},{"taxonomy":"product_tag","embeddable":true,"href":"https:\/\/bolting.eu\/en\/wp-json\/wp\/v2\/product_tag?post=11206"}],"curies":[{"name":"wp","href":"https:\/\/api.w.org\/{rel}","templated":true}]}}