{"id":11174,"date":"2022-01-19T10:08:51","date_gmt":"2022-01-19T09:08:51","guid":{"rendered":"https:\/\/bolting.eu\/?post_type=product&#038;p=11174"},"modified":"2025-03-10T21:30:04","modified_gmt":"2025-03-10T20:30:04","slug":"foodie-monster-chalk-bag","status":"publish","type":"product","link":"https:\/\/bolting.eu\/en\/shop\/foodie-monster-chalk-bag\/","title":{"rendered":"Foodie Monster Chalk Bag"},"content":{"rendered":"<p>Unser Foodie Monster Chalkbag ist die &#8220;gez\u00e4hmtere&#8221; Version unserer kleinen pelzigen Mini-Ungeheuer. Ein breites Grinsen, verdrehte Augen und zwei lustige Schneidez\u00e4hne kennzeichnen dieses Modell.<\/p>\n<p>Wie bei allen Crafty Climbing Modellen gef\u00e4llt uns auch hier die solide Verarbeitung extrem gut. Alles ist ordentlich fest ausgef\u00fchrt, von den N\u00e4hten, dem Verschluss bis hin zum Tanka hat bei diesem Produkt alles eine hohe Qualit\u00e4t.<\/p>\n<p>D.h. folglich eine lange Lebensdauer f\u00fcr dieses beliebte <a href=\"https:\/\/bolting.eu\/produkt-kategorie\/kletterausruestung\/chalkbag\/chalkbag-kinder\/\">Kinder Chalkbag<\/a>.<\/p>\n<h3>\u00a0Eigenschaften Foodie Monster Chalk Bag<\/h3>\n<ul>\n<li>Hersteller: Crafty Climbing (Polen)<\/li>\n<li>Material: Polyamid und Kunststoff<\/li>\n<li>Gewicht: 105 Gramm<\/li>\n<li>Farben: Blau, Orange, Braun, Rot<\/li>\n<li>Gr\u00f6\u00dfe: mittel &#8211; f\u00fcr Kinder und Erwachsene geeignet<\/li>\n<li>inkl. H\u00fcftband<\/li>\n<\/ul>\n<h3>Von kleiner sympathischer Firma!<\/h3>\n<p><a href=\"https:\/\/bolting.eu\/wp-content\/uploads\/2022\/01\/ola-i-mario-woreczki.jpeg\"><img loading=\"lazy\" decoding=\"async\" class=\"alignleft wp-image-11176\" src=\"https:\/\/bolting.eu\/wp-content\/uploads\/2022\/01\/ola-i-mario-woreczki-280x280.jpeg\" alt=\"Das Bild zeigt das GEsicht eines Mannes und einer Frau zwischen bunten Foodie Monster Chalk Bags.\" width=\"200\" height=\"200\" srcset=\"https:\/\/bolting.eu\/wp-content\/uploads\/2022\/01\/ola-i-mario-woreczki-280x280.jpeg 280w, https:\/\/bolting.eu\/wp-content\/uploads\/2022\/01\/ola-i-mario-woreczki-100x100.jpeg 100w, https:\/\/bolting.eu\/wp-content\/uploads\/2022\/01\/ola-i-mario-woreczki-300x300.jpeg 300w, https:\/\/bolting.eu\/wp-content\/uploads\/2022\/01\/ola-i-mario-woreczki.jpeg 400w\" sizes=\"auto, (max-width: 200px) 100vw, 200px\" \/><\/a>Uns gef\u00e4llt bei der Marke <a href=\"https:\/\/craftyclimbing.com\/\" target=\"_blank\" rel=\"noopener\">Crafty Climbing<\/a>, dass es sich um eine kleine sympathische Firma handelt.<\/p>\n<p>Sie wird von Ola und Marius gef\u00fchrt, die selber auch viel und gerne klettern.<\/p>\n<p>Und das merkt man bei allen Modellen wie eben z.B. auch dem Foodie Monster Chalk Bag. Denn das Design ist klar ohne jemals total verspielt zu sein. Die Qualit\u00e4t ist wie bereits erw\u00e4hnt sehr hoch. Man wei\u00df um die Wichtigkeit hoher Lebensdauer. Und drittens ist die Funktionalit\u00e4t top.<\/p>\n<p>&nbsp;<\/p>\n<p>&nbsp;<\/p>\n","protected":false},"excerpt":{"rendered":"<p>Dieses lustige Chalkbag ist die &#8220;gez\u00e4hmte&#8221; Version der Monster Magnesiumbeutel von Crafty Climbing. Verdrehte Augen, ein breites Grinsen und zwei markante Schneidez\u00e4hne lassen viele Kinderherzen h\u00f6her schlagen.<\/p>\n<p>In mittlerer Gr\u00f6\u00dfe f\u00fcr Kinder und Erwachsene geeignet!<\/p>\n","protected":false},"featured_media":11182,"comment_status":"open","ping_status":"closed","template":"","meta":[],"product_brand":[],"product_cat":[29,5006,5791,5792],"product_tag":[],"class_list":{"0":"post-11174","1":"product","2":"type-product","3":"status-publish","4":"has-post-thumbnail","6":"product_cat-kletterausruestung","7":"product_cat-chalkbag","8":"product_cat-chalkbag-monster","9":"product_cat-chalkbag-kinder","11":"first","12":"instock","13":"sale","14":"taxable","15":"shipping-taxable","16":"purchasable","17":"product-type-variable"},"yoast_head":"<!-- This site is optimized with the Yoast SEO Premium plugin v26.9 (Yoast SEO v26.9) - https:\/\/yoast.com\/product\/yoast-seo-premium-wordpress\/ -->\n<title>Foodie Monster Chalk Bag | bolting.eu<\/title>\n<meta name=\"description\" content=\"Hier findest Du das Foodie Monster Chalk Bag. Ein lustiges, kleines Chalkbag Ungeheuer f\u00fcr Kinder und Erwachsene mit Humor!\" \/>\n<meta name=\"robots\" content=\"index, follow, max-snippet:-1, max-image-preview:large, max-video-preview:-1\" \/>\n<link rel=\"canonical\" href=\"https:\/\/bolting.eu\/en\/shop\/foodie-monster-chalk-bag\/\" \/>\n<meta property=\"og:locale\" content=\"en_US\" \/>\n<meta property=\"og:type\" content=\"article\" \/>\n<meta property=\"og:title\" content=\"Foodie Monster Chalk Bag\" \/>\n<meta property=\"og:description\" content=\"Hier findest Du das Foodie Monster Chalk Bag. Ein lustiges, kleines Chalkbag Ungeheuer f\u00fcr Kinder und Erwachsene mit Humor!\" \/>\n<meta property=\"og:url\" content=\"https:\/\/bolting.eu\/en\/shop\/foodie-monster-chalk-bag\/\" \/>\n<meta property=\"og:site_name\" content=\"bolting.eu\" \/>\n<meta property=\"article:publisher\" content=\"https:\/\/www.facebook.com\/bolting.eu\" \/>\n<meta property=\"article:modified_time\" content=\"2025-03-10T20:30:04+00:00\" \/>\n<meta property=\"og:image\" content=\"https:\/\/bolting.eu\/wp-content\/uploads\/2022\/01\/Foodie-Chalk-Bag-Monster-rot-2.jpg\" \/>\n\t<meta property=\"og:image:width\" content=\"700\" \/>\n\t<meta property=\"og:image:height\" content=\"700\" \/>\n\t<meta property=\"og:image:type\" content=\"image\/jpeg\" \/>\n<meta name=\"twitter:card\" content=\"summary_large_image\" \/>\n<meta name=\"twitter:label1\" content=\"Availability\" \/>\n\t<meta name=\"twitter:data1\" content=\"In stock\" \/>\n<script type=\"application\/ld+json\" class=\"yoast-schema-graph\">{\"@context\":\"https:\/\/schema.org\",\"@graph\":[{\"@type\":[\"WebPage\",\"ItemPage\"],\"@id\":\"https:\/\/bolting.eu\/en\/shop\/foodie-monster-chalk-bag\/\",\"url\":\"https:\/\/bolting.eu\/en\/shop\/foodie-monster-chalk-bag\/\",\"name\":\"Foodie Monster Chalk Bag | bolting.eu\",\"isPartOf\":{\"@id\":\"https:\/\/bolting.eu\/en\/#website\"},\"primaryImageOfPage\":{\"@id\":\"https:\/\/bolting.eu\/en\/shop\/foodie-monster-chalk-bag\/#primaryimage\"},\"image\":{\"@id\":\"https:\/\/bolting.eu\/en\/shop\/foodie-monster-chalk-bag\/#primaryimage\"},\"thumbnailUrl\":\"https:\/\/bolting.eu\/wp-content\/uploads\/2022\/01\/Foodie-Chalk-Bag-Monster-rot-2.jpg\",\"datePublished\":\"2022-01-19T09:08:51+00:00\",\"dateModified\":\"2025-03-10T20:30:04+00:00\",\"description\":\"Hier findest Du das Foodie Monster Chalk Bag. Ein lustiges, kleines Chalkbag Ungeheuer f\u00fcr Kinder und Erwachsene mit Humor!\",\"breadcrumb\":{\"@id\":\"https:\/\/bolting.eu\/en\/shop\/foodie-monster-chalk-bag\/#breadcrumb\"},\"inLanguage\":\"en-US\",\"potentialAction\":[{\"@type\":\"ReadAction\",\"target\":[\"https:\/\/bolting.eu\/en\/shop\/foodie-monster-chalk-bag\/\"]}]},{\"@type\":\"ImageObject\",\"inLanguage\":\"en-US\",\"@id\":\"https:\/\/bolting.eu\/en\/shop\/foodie-monster-chalk-bag\/#primaryimage\",\"url\":\"https:\/\/bolting.eu\/wp-content\/uploads\/2022\/01\/Foodie-Chalk-Bag-Monster-rot-2.jpg\",\"contentUrl\":\"https:\/\/bolting.eu\/wp-content\/uploads\/2022\/01\/Foodie-Chalk-Bag-Monster-rot-2.jpg\",\"width\":700,\"height\":700,\"caption\":\"DAs Bild zeigt ein rotes Foodie Chalk Bag Monster mit verdrehten Augen, einem Grinsen und zwei Z\u00e4hnen.\"},{\"@type\":\"BreadcrumbList\",\"@id\":\"https:\/\/bolting.eu\/en\/shop\/foodie-monster-chalk-bag\/#breadcrumb\",\"itemListElement\":[{\"@type\":\"ListItem\",\"position\":1,\"name\":\"Shop\",\"item\":\"https:\/\/bolting.eu\/en\/shop\/\"},{\"@type\":\"ListItem\",\"position\":2,\"name\":\"climbing equipment\",\"item\":\"https:\/\/bolting.eu\/en\/produkt-kategorie\/climbing-equipment\/\"},{\"@type\":\"ListItem\",\"position\":3,\"name\":\"Chalkbag\",\"item\":\"https:\/\/bolting.eu\/produkt-kategorie\/kletterausruestung\/chalkbag\/\"},{\"@type\":\"ListItem\",\"position\":4,\"name\":\"Chalkbag Monster\",\"item\":\"https:\/\/bolting.eu\/en\/produkt-kategorie\/climbing-equipment\/chalkbag\/chalkbag-monster\/\"},{\"@type\":\"ListItem\",\"position\":5,\"name\":\"Foodie Monster Chalk Bag\"}]},{\"@type\":\"WebSite\",\"@id\":\"https:\/\/bolting.eu\/en\/#website\",\"url\":\"https:\/\/bolting.eu\/en\/\",\"name\":\"bolting.eu\",\"description\":\"we make climbs happen\",\"publisher\":{\"@id\":\"https:\/\/bolting.eu\/en\/#organization\"},\"potentialAction\":[{\"@type\":\"SearchAction\",\"target\":{\"@type\":\"EntryPoint\",\"urlTemplate\":\"https:\/\/bolting.eu\/en\/?s={search_term_string}\"},\"query-input\":{\"@type\":\"PropertyValueSpecification\",\"valueRequired\":true,\"valueName\":\"search_term_string\"}}],\"inLanguage\":\"en-US\"},{\"@type\":[\"Organization\",\"Place\",\"SportingGoodsStore\"],\"@id\":\"https:\/\/bolting.eu\/en\/#organization\",\"name\":\"bolting.eu\",\"url\":\"https:\/\/bolting.eu\/en\/\",\"logo\":{\"@id\":\"https:\/\/bolting.eu\/en\/shop\/foodie-monster-chalk-bag\/#local-main-organization-logo\"},\"image\":{\"@id\":\"https:\/\/bolting.eu\/en\/shop\/foodie-monster-chalk-bag\/#local-main-organization-logo\"},\"sameAs\":[\"https:\/\/www.facebook.com\/bolting.eu\",\"https:\/\/www.instagram.com\/bolting.eu\/\"],\"address\":{\"@id\":\"https:\/\/bolting.eu\/en\/shop\/foodie-monster-chalk-bag\/#local-main-place-address\"},\"geo\":{\"@type\":\"GeoCoordinates\",\"latitude\":\"47.264176340396226\",\"longitude\":\"11.380109057672346\"},\"telephone\":[\"+43 699 19083372\"],\"openingHoursSpecification\":[{\"@type\":\"OpeningHoursSpecification\",\"dayOfWeek\":[\"Monday\",\"Wednesday\",\"Friday\"],\"opens\":\"14:00\",\"closes\":\"18:00\"},{\"@type\":\"OpeningHoursSpecification\",\"dayOfWeek\":[\"Tuesday\",\"Thursday\",\"Saturday\",\"Sunday\"],\"opens\":\"00:00\",\"closes\":\"00:00\"}],\"email\":\"office@bolting.eu\",\"vatID\":\"ATU59999728\",\"priceRange\":\"$$\",\"currenciesAccepted\":\"Euro\"},{\"@type\":\"PostalAddress\",\"@id\":\"https:\/\/bolting.eu\/en\/shop\/foodie-monster-chalk-bag\/#local-main-place-address\",\"streetAddress\":\"Fischnalerstra\u00dfe 4\",\"addressLocality\":\"Innsbruck\",\"postalCode\":\"6020\",\"addressRegion\":\"Tirol\",\"addressCountry\":\"AT\"},{\"@type\":\"ImageObject\",\"inLanguage\":\"en-US\",\"@id\":\"https:\/\/bolting.eu\/en\/shop\/foodie-monster-chalk-bag\/#local-main-organization-logo\",\"url\":\"https:\/\/bolting.eu\/wp-content\/uploads\/2019\/09\/bolting-logo.png\",\"contentUrl\":\"https:\/\/bolting.eu\/wp-content\/uploads\/2019\/09\/bolting-logo.png\",\"width\":400,\"height\":211,\"caption\":\"bolting.eu\"}]}<\/script>\n<meta property=\"og:availability\" content=\"instock\" \/>\n<meta property=\"product:availability\" content=\"instock\" \/>\n<meta property=\"product:condition\" content=\"new\" \/>\n<meta name=\"geo.placename\" content=\"Innsbruck\" \/>\n<meta name=\"geo.position\" content=\"47.264176340396226;11.380109057672346\" \/>\n<meta name=\"geo.region\" content=\"Austria\" \/>\n<!-- \/ Yoast SEO Premium plugin. -->","yoast_head_json":{"title":"Foodie Monster Chalk Bag | bolting.eu","description":"Hier findest Du das Foodie Monster Chalk Bag. Ein lustiges, kleines Chalkbag Ungeheuer f\u00fcr Kinder und Erwachsene mit Humor!","robots":{"index":"index","follow":"follow","max-snippet":"max-snippet:-1","max-image-preview":"max-image-preview:large","max-video-preview":"max-video-preview:-1"},"canonical":"https:\/\/bolting.eu\/en\/shop\/foodie-monster-chalk-bag\/","og_locale":"en_US","og_type":"article","og_title":"Foodie Monster Chalk Bag","og_description":"Hier findest Du das Foodie Monster Chalk Bag. Ein lustiges, kleines Chalkbag Ungeheuer f\u00fcr Kinder und Erwachsene mit Humor!","og_url":"https:\/\/bolting.eu\/en\/shop\/foodie-monster-chalk-bag\/","og_site_name":"bolting.eu","article_publisher":"https:\/\/www.facebook.com\/bolting.eu","article_modified_time":"2025-03-10T20:30:04+00:00","og_image":[{"width":700,"height":700,"url":"https:\/\/bolting.eu\/wp-content\/uploads\/2022\/01\/Foodie-Chalk-Bag-Monster-rot-2.jpg","type":"image\/jpeg"}],"twitter_card":"summary_large_image","twitter_misc":{"Availability":"In stock"},"schema":{"@context":"https:\/\/schema.org","@graph":[{"@type":["WebPage","ItemPage"],"@id":"https:\/\/bolting.eu\/en\/shop\/foodie-monster-chalk-bag\/","url":"https:\/\/bolting.eu\/en\/shop\/foodie-monster-chalk-bag\/","name":"Foodie Monster Chalk Bag | bolting.eu","isPartOf":{"@id":"https:\/\/bolting.eu\/en\/#website"},"primaryImageOfPage":{"@id":"https:\/\/bolting.eu\/en\/shop\/foodie-monster-chalk-bag\/#primaryimage"},"image":{"@id":"https:\/\/bolting.eu\/en\/shop\/foodie-monster-chalk-bag\/#primaryimage"},"thumbnailUrl":"https:\/\/bolting.eu\/wp-content\/uploads\/2022\/01\/Foodie-Chalk-Bag-Monster-rot-2.jpg","datePublished":"2022-01-19T09:08:51+00:00","dateModified":"2025-03-10T20:30:04+00:00","description":"Hier findest Du das Foodie Monster Chalk Bag. Ein lustiges, kleines Chalkbag Ungeheuer f\u00fcr Kinder und Erwachsene mit Humor!","breadcrumb":{"@id":"https:\/\/bolting.eu\/en\/shop\/foodie-monster-chalk-bag\/#breadcrumb"},"inLanguage":"en-US","potentialAction":[{"@type":"ReadAction","target":["https:\/\/bolting.eu\/en\/shop\/foodie-monster-chalk-bag\/"]}]},{"@type":"ImageObject","inLanguage":"en-US","@id":"https:\/\/bolting.eu\/en\/shop\/foodie-monster-chalk-bag\/#primaryimage","url":"https:\/\/bolting.eu\/wp-content\/uploads\/2022\/01\/Foodie-Chalk-Bag-Monster-rot-2.jpg","contentUrl":"https:\/\/bolting.eu\/wp-content\/uploads\/2022\/01\/Foodie-Chalk-Bag-Monster-rot-2.jpg","width":700,"height":700,"caption":"DAs Bild zeigt ein rotes Foodie Chalk Bag Monster mit verdrehten Augen, einem Grinsen und zwei Z\u00e4hnen."},{"@type":"BreadcrumbList","@id":"https:\/\/bolting.eu\/en\/shop\/foodie-monster-chalk-bag\/#breadcrumb","itemListElement":[{"@type":"ListItem","position":1,"name":"Shop","item":"https:\/\/bolting.eu\/en\/shop\/"},{"@type":"ListItem","position":2,"name":"climbing equipment","item":"https:\/\/bolting.eu\/en\/produkt-kategorie\/climbing-equipment\/"},{"@type":"ListItem","position":3,"name":"Chalkbag","item":"https:\/\/bolting.eu\/produkt-kategorie\/kletterausruestung\/chalkbag\/"},{"@type":"ListItem","position":4,"name":"Chalkbag Monster","item":"https:\/\/bolting.eu\/en\/produkt-kategorie\/climbing-equipment\/chalkbag\/chalkbag-monster\/"},{"@type":"ListItem","position":5,"name":"Foodie Monster Chalk Bag"}]},{"@type":"WebSite","@id":"https:\/\/bolting.eu\/en\/#website","url":"https:\/\/bolting.eu\/en\/","name":"bolting.eu","description":"we make climbs happen","publisher":{"@id":"https:\/\/bolting.eu\/en\/#organization"},"potentialAction":[{"@type":"SearchAction","target":{"@type":"EntryPoint","urlTemplate":"https:\/\/bolting.eu\/en\/?s={search_term_string}"},"query-input":{"@type":"PropertyValueSpecification","valueRequired":true,"valueName":"search_term_string"}}],"inLanguage":"en-US"},{"@type":["Organization","Place","SportingGoodsStore"],"@id":"https:\/\/bolting.eu\/en\/#organization","name":"bolting.eu","url":"https:\/\/bolting.eu\/en\/","logo":{"@id":"https:\/\/bolting.eu\/en\/shop\/foodie-monster-chalk-bag\/#local-main-organization-logo"},"image":{"@id":"https:\/\/bolting.eu\/en\/shop\/foodie-monster-chalk-bag\/#local-main-organization-logo"},"sameAs":["https:\/\/www.facebook.com\/bolting.eu","https:\/\/www.instagram.com\/bolting.eu\/"],"address":{"@id":"https:\/\/bolting.eu\/en\/shop\/foodie-monster-chalk-bag\/#local-main-place-address"},"geo":{"@type":"GeoCoordinates","latitude":"47.264176340396226","longitude":"11.380109057672346"},"telephone":["+43 699 19083372"],"openingHoursSpecification":[{"@type":"OpeningHoursSpecification","dayOfWeek":["Monday","Wednesday","Friday"],"opens":"14:00","closes":"18:00"},{"@type":"OpeningHoursSpecification","dayOfWeek":["Tuesday","Thursday","Saturday","Sunday"],"opens":"00:00","closes":"00:00"}],"email":"office@bolting.eu","vatID":"ATU59999728","priceRange":"$$","currenciesAccepted":"Euro"},{"@type":"PostalAddress","@id":"https:\/\/bolting.eu\/en\/shop\/foodie-monster-chalk-bag\/#local-main-place-address","streetAddress":"Fischnalerstra\u00dfe 4","addressLocality":"Innsbruck","postalCode":"6020","addressRegion":"Tirol","addressCountry":"AT"},{"@type":"ImageObject","inLanguage":"en-US","@id":"https:\/\/bolting.eu\/en\/shop\/foodie-monster-chalk-bag\/#local-main-organization-logo","url":"https:\/\/bolting.eu\/wp-content\/uploads\/2019\/09\/bolting-logo.png","contentUrl":"https:\/\/bolting.eu\/wp-content\/uploads\/2019\/09\/bolting-logo.png","width":400,"height":211,"caption":"bolting.eu"}]},"og_availability":"instock","product_availability":"instock","product_condition":"new","geo.placename":"Innsbruck","geo.position":{"lat":"47.264176340396226","long":"11.380109057672346"},"geo.region":"Austria"},"_links":{"self":[{"href":"https:\/\/bolting.eu\/en\/wp-json\/wp\/v2\/product\/11174","targetHints":{"allow":["GET"]}}],"collection":[{"href":"https:\/\/bolting.eu\/en\/wp-json\/wp\/v2\/product"}],"about":[{"href":"https:\/\/bolting.eu\/en\/wp-json\/wp\/v2\/types\/product"}],"replies":[{"embeddable":true,"href":"https:\/\/bolting.eu\/en\/wp-json\/wp\/v2\/comments?post=11174"}],"wp:featuredmedia":[{"embeddable":true,"href":"https:\/\/bolting.eu\/en\/wp-json\/wp\/v2\/media\/11182"}],"wp:attachment":[{"href":"https:\/\/bolting.eu\/en\/wp-json\/wp\/v2\/media?parent=11174"}],"wp:term":[{"taxonomy":"product_brand","embeddable":true,"href":"https:\/\/bolting.eu\/en\/wp-json\/wp\/v2\/product_brand?post=11174"},{"taxonomy":"product_cat","embeddable":true,"href":"https:\/\/bolting.eu\/en\/wp-json\/wp\/v2\/product_cat?post=11174"},{"taxonomy":"product_tag","embeddable":true,"href":"https:\/\/bolting.eu\/en\/wp-json\/wp\/v2\/product_tag?post=11174"}],"curies":[{"name":"wp","href":"https:\/\/api.w.org\/{rel}","templated":true}]}}