{"id":11162,"date":"2022-01-18T16:22:58","date_gmt":"2022-01-18T15:22:58","guid":{"rendered":"https:\/\/bolting.eu\/?post_type=product&#038;p=11162"},"modified":"2025-07-27T22:12:52","modified_gmt":"2025-07-27T20:12:52","slug":"bat-chalk-bag-crafty-climbing","status":"publish","type":"product","link":"https:\/\/bolting.eu\/en\/shop\/bat-chalk-bag-crafty-climbing\/","title":{"rendered":"Bat Chalk Bag Crafty Climbing"},"content":{"rendered":"<p>Das Bat Chalk Bag ist eines der beliebtesten <a href=\"https:\/\/bolting.eu\/produkt-kategorie\/kletterausruestung\/chalkbag\/chalkbag-kinder\/\">Chalkbag Tiere<\/a> in unserem Shop. Denn die Kleinen Fledermaus Magnesiumbeutel kommen vor allem bei Kindern super an.<\/p>\n<p>Folglich bestellen Eltern die kleinen, kopfunter h\u00e4ngenden Fluggesellen wohl entsprechend oft als Geschenk.<\/p>\n<p>Uns gef\u00e4llt neben dem lustigen Design vor allem die Qualit\u00e4t der Verarbeitung. Denn als H\u00e4ndler wissen wir um die Schwierigkeit, filzige und pelzige Chalkbags in guter Qualit\u00e4t zu beschaffen. Hier ist alles Paletti und man darf sich auf einen langlebigen Chalkbeutel mit ordentlich Platz f\u00fcr <a href=\"https:\/\/bolting.eu\/produkt-kategorie\/kletterausruestung\/chalk-klettern\/\">Kletterchalk<\/a> freuen!<\/p>\n<h2>Eigenschaften Bat Chalk Bag<\/h2>\n<ul>\n<li>Hersteller: Crafty Climbing (Polen)<\/li>\n<li>Material: Polyamid und Kunststoff<\/li>\n<li>Gewicht: 81 Gramm<\/li>\n<li>Gr\u00f6\u00dfe: klein bis Mittel (auch f\u00fcr Erwachsene geeignet)<\/li>\n<li>Farben: Schwarz, Violett, Gr\u00fcn<\/li>\n<li>inkl. montiertem H\u00fcftband<\/li>\n<\/ul>\n<h3>Qualit\u00e4t made in Europe<\/h3>\n<p>Bei den Bat Chalk Bags war es uns auch wichtig, ein Produkt ins Sortiment f\u00fcr euch zu nehmen, welches aus Europe kommt. Da die kleinen Fledermaus Magnesiumbeutel aus Polen kommen, halten sich die Lieferstrecken noch in Grenzen.<\/p>\n<p>Zudem sorgen wir somit f\u00fcr Wertsch\u00f6pfung in der Eu und unterst\u00fctzen ein kleines, sympathisches Unternehmen welches von Kletterern gef\u00fchrt wird!<\/p>\n<p>Und das merkt man eben vor allem bei der Qualit\u00e4t. Denn sowohl die G\u00fcrtel Aufh\u00e4ngung als auch der Verschluss sind sauber und stark verarbeitet. D.h. hier rei\u00dft zum einen nichts ein. Und zum anderen endlich ein Chalkbag bei dem der Verschluss ganz locker aufzumachen ist und sich leicht schlie\u00dfen l\u00e4sst!<\/p>\n<p><a href=\"https:\/\/bolting.eu\/wp-content\/uploads\/2022\/01\/footer-1.jpeg\"><img loading=\"lazy\" decoding=\"async\" class=\"alignnone size-full wp-image-11163\" src=\"https:\/\/bolting.eu\/wp-content\/uploads\/2022\/01\/footer-1.jpeg\" alt=\"\" width=\"800\" height=\"350\" srcset=\"https:\/\/bolting.eu\/wp-content\/uploads\/2022\/01\/footer-1.jpeg 800w, https:\/\/bolting.eu\/wp-content\/uploads\/2022\/01\/footer-1-510x223.jpeg 510w, https:\/\/bolting.eu\/wp-content\/uploads\/2022\/01\/footer-1-768x336.jpeg 768w, https:\/\/bolting.eu\/wp-content\/uploads\/2022\/01\/footer-1-600x263.jpeg 600w\" sizes=\"auto, (max-width: 800px) 100vw, 800px\" \/><\/a><\/p>\n<p>&nbsp;<\/p>\n","protected":false},"excerpt":{"rendered":"<p>So l\u00e4sst es sich cool chalken. Die kopfunter h\u00e4ngenden, fleece\u00fcberzogenen Flederm\u00e4use sind der Hit bei Kindern und Erwachsenen mit Humor.<\/p>\n<p>Mit diesen sauber verarbeiteten, extrem leichten Chalkbags werdet ihr viel Freude haben!<\/p>\n","protected":false},"featured_media":11169,"comment_status":"open","ping_status":"closed","template":"","meta":[],"product_brand":[],"product_cat":[5006,5792,5791,29,14319],"product_tag":[],"class_list":{"0":"post-11162","1":"product","2":"type-product","3":"status-publish","4":"has-post-thumbnail","6":"product_cat-chalkbag","7":"product_cat-chalkbag-kinder","8":"product_cat-chalkbag-monster","9":"product_cat-kletterausruestung","10":"product_cat-sale-klettern","12":"first","13":"outofstock","14":"sale","15":"taxable","16":"shipping-taxable","17":"purchasable","18":"product-type-variable"},"yoast_head":"<!-- This site is optimized with the Yoast SEO Premium plugin v26.9 (Yoast SEO v26.9) - https:\/\/yoast.com\/product\/yoast-seo-premium-wordpress\/ -->\n<title>Bat Chalk Bag Crafty Climbing | bolting.eu<\/title>\n<meta name=\"description\" content=\"Hier findest Du das BAT CHALK BAG. Ein Fledermaus Chalkbag in den Farben schwarz, violett und blau f\u00fcr Kinder und Erwachsene mit Humor!\" \/>\n<meta name=\"robots\" content=\"index, follow, max-snippet:-1, max-image-preview:large, max-video-preview:-1\" \/>\n<link rel=\"canonical\" href=\"https:\/\/bolting.eu\/en\/shop\/bat-chalk-bag-crafty-climbing\/\" \/>\n<meta property=\"og:locale\" content=\"en_US\" \/>\n<meta property=\"og:type\" content=\"article\" \/>\n<meta property=\"og:title\" content=\"Bat Chalk Bag Crafty Climbing\" \/>\n<meta property=\"og:description\" content=\"Hier findest Du das BAT CHALK BAG. Ein Fledermaus Chalkbag in den Farben schwarz, violett und blau f\u00fcr Kinder und Erwachsene mit Humor!\" \/>\n<meta property=\"og:url\" content=\"https:\/\/bolting.eu\/en\/shop\/bat-chalk-bag-crafty-climbing\/\" \/>\n<meta property=\"og:site_name\" content=\"bolting.eu\" \/>\n<meta property=\"article:publisher\" content=\"https:\/\/www.facebook.com\/bolting.eu\" \/>\n<meta property=\"article:modified_time\" content=\"2025-07-27T20:12:52+00:00\" \/>\n<meta property=\"og:image\" content=\"https:\/\/bolting.eu\/wp-content\/uploads\/2022\/01\/Bat-Chalk-Bag-black-1.jpg\" \/>\n\t<meta property=\"og:image:width\" content=\"700\" \/>\n\t<meta property=\"og:image:height\" content=\"700\" \/>\n\t<meta property=\"og:image:type\" content=\"image\/jpeg\" \/>\n<meta name=\"twitter:card\" content=\"summary_large_image\" \/>\n<meta name=\"twitter:label1\" content=\"Availability\" \/>\n\t<meta name=\"twitter:data1\" content=\"Out of stock\" \/>\n<script type=\"application\/ld+json\" class=\"yoast-schema-graph\">{\"@context\":\"https:\/\/schema.org\",\"@graph\":[{\"@type\":[\"WebPage\",\"ItemPage\"],\"@id\":\"https:\/\/bolting.eu\/en\/shop\/bat-chalk-bag-crafty-climbing\/\",\"url\":\"https:\/\/bolting.eu\/en\/shop\/bat-chalk-bag-crafty-climbing\/\",\"name\":\"Bat Chalk Bag Crafty Climbing | bolting.eu\",\"isPartOf\":{\"@id\":\"https:\/\/bolting.eu\/en\/#website\"},\"primaryImageOfPage\":{\"@id\":\"https:\/\/bolting.eu\/en\/shop\/bat-chalk-bag-crafty-climbing\/#primaryimage\"},\"image\":{\"@id\":\"https:\/\/bolting.eu\/en\/shop\/bat-chalk-bag-crafty-climbing\/#primaryimage\"},\"thumbnailUrl\":\"https:\/\/bolting.eu\/wp-content\/uploads\/2022\/01\/Bat-Chalk-Bag-black-1.jpg\",\"datePublished\":\"2022-01-18T15:22:58+00:00\",\"dateModified\":\"2025-07-27T20:12:52+00:00\",\"description\":\"Hier findest Du das BAT CHALK BAG. Ein Fledermaus Chalkbag in den Farben schwarz, violett und blau f\u00fcr Kinder und Erwachsene mit Humor!\",\"breadcrumb\":{\"@id\":\"https:\/\/bolting.eu\/en\/shop\/bat-chalk-bag-crafty-climbing\/#breadcrumb\"},\"inLanguage\":\"en-US\",\"potentialAction\":[{\"@type\":\"ReadAction\",\"target\":[\"https:\/\/bolting.eu\/en\/shop\/bat-chalk-bag-crafty-climbing\/\"]}]},{\"@type\":\"ImageObject\",\"inLanguage\":\"en-US\",\"@id\":\"https:\/\/bolting.eu\/en\/shop\/bat-chalk-bag-crafty-climbing\/#primaryimage\",\"url\":\"https:\/\/bolting.eu\/wp-content\/uploads\/2022\/01\/Bat-Chalk-Bag-black-1.jpg\",\"contentUrl\":\"https:\/\/bolting.eu\/wp-content\/uploads\/2022\/01\/Bat-Chalk-Bag-black-1.jpg\",\"width\":700,\"height\":700,\"caption\":\"Das Bild zeigt ein schwarzes Fledermaus Chalkbag auf einem wei\u00dfem Quadrat.\"},{\"@type\":\"BreadcrumbList\",\"@id\":\"https:\/\/bolting.eu\/en\/shop\/bat-chalk-bag-crafty-climbing\/#breadcrumb\",\"itemListElement\":[{\"@type\":\"ListItem\",\"position\":1,\"name\":\"Shop\",\"item\":\"https:\/\/bolting.eu\/en\/shop\/\"},{\"@type\":\"ListItem\",\"position\":2,\"name\":\"climbing equipment\",\"item\":\"https:\/\/bolting.eu\/en\/produkt-kategorie\/climbing-equipment\/\"},{\"@type\":\"ListItem\",\"position\":3,\"name\":\"Chalkbag\",\"item\":\"https:\/\/bolting.eu\/produkt-kategorie\/kletterausruestung\/chalkbag\/\"},{\"@type\":\"ListItem\",\"position\":4,\"name\":\"Chalkbag Monster\",\"item\":\"https:\/\/bolting.eu\/produkt-kategorie\/kletterausruestung\/chalkbag\/chalkbag-monster\/\"},{\"@type\":\"ListItem\",\"position\":5,\"name\":\"Bat Chalk Bag Crafty Climbing\"}]},{\"@type\":\"WebSite\",\"@id\":\"https:\/\/bolting.eu\/en\/#website\",\"url\":\"https:\/\/bolting.eu\/en\/\",\"name\":\"bolting.eu\",\"description\":\"we make climbs happen\",\"publisher\":{\"@id\":\"https:\/\/bolting.eu\/en\/#organization\"},\"potentialAction\":[{\"@type\":\"SearchAction\",\"target\":{\"@type\":\"EntryPoint\",\"urlTemplate\":\"https:\/\/bolting.eu\/en\/?s={search_term_string}\"},\"query-input\":{\"@type\":\"PropertyValueSpecification\",\"valueRequired\":true,\"valueName\":\"search_term_string\"}}],\"inLanguage\":\"en-US\"},{\"@type\":[\"Organization\",\"Place\",\"SportingGoodsStore\"],\"@id\":\"https:\/\/bolting.eu\/en\/#organization\",\"name\":\"bolting.eu\",\"url\":\"https:\/\/bolting.eu\/en\/\",\"logo\":{\"@id\":\"https:\/\/bolting.eu\/en\/shop\/bat-chalk-bag-crafty-climbing\/#local-main-organization-logo\"},\"image\":{\"@id\":\"https:\/\/bolting.eu\/en\/shop\/bat-chalk-bag-crafty-climbing\/#local-main-organization-logo\"},\"sameAs\":[\"https:\/\/www.facebook.com\/bolting.eu\",\"https:\/\/www.instagram.com\/bolting.eu\/\"],\"address\":{\"@id\":\"https:\/\/bolting.eu\/en\/shop\/bat-chalk-bag-crafty-climbing\/#local-main-place-address\"},\"geo\":{\"@type\":\"GeoCoordinates\",\"latitude\":\"47.264176340396226\",\"longitude\":\"11.380109057672346\"},\"telephone\":[\"+43 699 19083372\"],\"openingHoursSpecification\":[{\"@type\":\"OpeningHoursSpecification\",\"dayOfWeek\":[\"Monday\",\"Wednesday\",\"Friday\"],\"opens\":\"14:00\",\"closes\":\"18:00\"},{\"@type\":\"OpeningHoursSpecification\",\"dayOfWeek\":[\"Tuesday\",\"Thursday\",\"Saturday\",\"Sunday\"],\"opens\":\"00:00\",\"closes\":\"00:00\"}],\"email\":\"office@bolting.eu\",\"vatID\":\"ATU59999728\",\"priceRange\":\"$$\",\"currenciesAccepted\":\"Euro\"},{\"@type\":\"PostalAddress\",\"@id\":\"https:\/\/bolting.eu\/en\/shop\/bat-chalk-bag-crafty-climbing\/#local-main-place-address\",\"streetAddress\":\"Fischnalerstra\u00dfe 4\",\"addressLocality\":\"Innsbruck\",\"postalCode\":\"6020\",\"addressRegion\":\"Tirol\",\"addressCountry\":\"AT\"},{\"@type\":\"ImageObject\",\"inLanguage\":\"en-US\",\"@id\":\"https:\/\/bolting.eu\/en\/shop\/bat-chalk-bag-crafty-climbing\/#local-main-organization-logo\",\"url\":\"https:\/\/bolting.eu\/wp-content\/uploads\/2019\/09\/bolting-logo.png\",\"contentUrl\":\"https:\/\/bolting.eu\/wp-content\/uploads\/2019\/09\/bolting-logo.png\",\"width\":400,\"height\":211,\"caption\":\"bolting.eu\"}]}<\/script>\n<meta property=\"og:availability\" content=\"out of stock\" \/>\n<meta property=\"product:availability\" content=\"out of stock\" \/>\n<meta property=\"product:condition\" content=\"new\" \/>\n<meta name=\"geo.placename\" content=\"Innsbruck\" \/>\n<meta name=\"geo.position\" content=\"47.264176340396226;11.380109057672346\" \/>\n<meta name=\"geo.region\" content=\"Austria\" \/>\n<!-- \/ Yoast SEO Premium plugin. -->","yoast_head_json":{"title":"Bat Chalk Bag Crafty Climbing | bolting.eu","description":"Hier findest Du das BAT CHALK BAG. Ein Fledermaus Chalkbag in den Farben schwarz, violett und blau f\u00fcr Kinder und Erwachsene mit Humor!","robots":{"index":"index","follow":"follow","max-snippet":"max-snippet:-1","max-image-preview":"max-image-preview:large","max-video-preview":"max-video-preview:-1"},"canonical":"https:\/\/bolting.eu\/en\/shop\/bat-chalk-bag-crafty-climbing\/","og_locale":"en_US","og_type":"article","og_title":"Bat Chalk Bag Crafty Climbing","og_description":"Hier findest Du das BAT CHALK BAG. Ein Fledermaus Chalkbag in den Farben schwarz, violett und blau f\u00fcr Kinder und Erwachsene mit Humor!","og_url":"https:\/\/bolting.eu\/en\/shop\/bat-chalk-bag-crafty-climbing\/","og_site_name":"bolting.eu","article_publisher":"https:\/\/www.facebook.com\/bolting.eu","article_modified_time":"2025-07-27T20:12:52+00:00","og_image":[{"width":700,"height":700,"url":"https:\/\/bolting.eu\/wp-content\/uploads\/2022\/01\/Bat-Chalk-Bag-black-1.jpg","type":"image\/jpeg"}],"twitter_card":"summary_large_image","twitter_misc":{"Availability":"Out of stock"},"schema":{"@context":"https:\/\/schema.org","@graph":[{"@type":["WebPage","ItemPage"],"@id":"https:\/\/bolting.eu\/en\/shop\/bat-chalk-bag-crafty-climbing\/","url":"https:\/\/bolting.eu\/en\/shop\/bat-chalk-bag-crafty-climbing\/","name":"Bat Chalk Bag Crafty Climbing | bolting.eu","isPartOf":{"@id":"https:\/\/bolting.eu\/en\/#website"},"primaryImageOfPage":{"@id":"https:\/\/bolting.eu\/en\/shop\/bat-chalk-bag-crafty-climbing\/#primaryimage"},"image":{"@id":"https:\/\/bolting.eu\/en\/shop\/bat-chalk-bag-crafty-climbing\/#primaryimage"},"thumbnailUrl":"https:\/\/bolting.eu\/wp-content\/uploads\/2022\/01\/Bat-Chalk-Bag-black-1.jpg","datePublished":"2022-01-18T15:22:58+00:00","dateModified":"2025-07-27T20:12:52+00:00","description":"Hier findest Du das BAT CHALK BAG. Ein Fledermaus Chalkbag in den Farben schwarz, violett und blau f\u00fcr Kinder und Erwachsene mit Humor!","breadcrumb":{"@id":"https:\/\/bolting.eu\/en\/shop\/bat-chalk-bag-crafty-climbing\/#breadcrumb"},"inLanguage":"en-US","potentialAction":[{"@type":"ReadAction","target":["https:\/\/bolting.eu\/en\/shop\/bat-chalk-bag-crafty-climbing\/"]}]},{"@type":"ImageObject","inLanguage":"en-US","@id":"https:\/\/bolting.eu\/en\/shop\/bat-chalk-bag-crafty-climbing\/#primaryimage","url":"https:\/\/bolting.eu\/wp-content\/uploads\/2022\/01\/Bat-Chalk-Bag-black-1.jpg","contentUrl":"https:\/\/bolting.eu\/wp-content\/uploads\/2022\/01\/Bat-Chalk-Bag-black-1.jpg","width":700,"height":700,"caption":"Das Bild zeigt ein schwarzes Fledermaus Chalkbag auf einem wei\u00dfem Quadrat."},{"@type":"BreadcrumbList","@id":"https:\/\/bolting.eu\/en\/shop\/bat-chalk-bag-crafty-climbing\/#breadcrumb","itemListElement":[{"@type":"ListItem","position":1,"name":"Shop","item":"https:\/\/bolting.eu\/en\/shop\/"},{"@type":"ListItem","position":2,"name":"climbing equipment","item":"https:\/\/bolting.eu\/en\/produkt-kategorie\/climbing-equipment\/"},{"@type":"ListItem","position":3,"name":"Chalkbag","item":"https:\/\/bolting.eu\/produkt-kategorie\/kletterausruestung\/chalkbag\/"},{"@type":"ListItem","position":4,"name":"Chalkbag Monster","item":"https:\/\/bolting.eu\/produkt-kategorie\/kletterausruestung\/chalkbag\/chalkbag-monster\/"},{"@type":"ListItem","position":5,"name":"Bat Chalk Bag Crafty Climbing"}]},{"@type":"WebSite","@id":"https:\/\/bolting.eu\/en\/#website","url":"https:\/\/bolting.eu\/en\/","name":"bolting.eu","description":"we make climbs happen","publisher":{"@id":"https:\/\/bolting.eu\/en\/#organization"},"potentialAction":[{"@type":"SearchAction","target":{"@type":"EntryPoint","urlTemplate":"https:\/\/bolting.eu\/en\/?s={search_term_string}"},"query-input":{"@type":"PropertyValueSpecification","valueRequired":true,"valueName":"search_term_string"}}],"inLanguage":"en-US"},{"@type":["Organization","Place","SportingGoodsStore"],"@id":"https:\/\/bolting.eu\/en\/#organization","name":"bolting.eu","url":"https:\/\/bolting.eu\/en\/","logo":{"@id":"https:\/\/bolting.eu\/en\/shop\/bat-chalk-bag-crafty-climbing\/#local-main-organization-logo"},"image":{"@id":"https:\/\/bolting.eu\/en\/shop\/bat-chalk-bag-crafty-climbing\/#local-main-organization-logo"},"sameAs":["https:\/\/www.facebook.com\/bolting.eu","https:\/\/www.instagram.com\/bolting.eu\/"],"address":{"@id":"https:\/\/bolting.eu\/en\/shop\/bat-chalk-bag-crafty-climbing\/#local-main-place-address"},"geo":{"@type":"GeoCoordinates","latitude":"47.264176340396226","longitude":"11.380109057672346"},"telephone":["+43 699 19083372"],"openingHoursSpecification":[{"@type":"OpeningHoursSpecification","dayOfWeek":["Monday","Wednesday","Friday"],"opens":"14:00","closes":"18:00"},{"@type":"OpeningHoursSpecification","dayOfWeek":["Tuesday","Thursday","Saturday","Sunday"],"opens":"00:00","closes":"00:00"}],"email":"office@bolting.eu","vatID":"ATU59999728","priceRange":"$$","currenciesAccepted":"Euro"},{"@type":"PostalAddress","@id":"https:\/\/bolting.eu\/en\/shop\/bat-chalk-bag-crafty-climbing\/#local-main-place-address","streetAddress":"Fischnalerstra\u00dfe 4","addressLocality":"Innsbruck","postalCode":"6020","addressRegion":"Tirol","addressCountry":"AT"},{"@type":"ImageObject","inLanguage":"en-US","@id":"https:\/\/bolting.eu\/en\/shop\/bat-chalk-bag-crafty-climbing\/#local-main-organization-logo","url":"https:\/\/bolting.eu\/wp-content\/uploads\/2019\/09\/bolting-logo.png","contentUrl":"https:\/\/bolting.eu\/wp-content\/uploads\/2019\/09\/bolting-logo.png","width":400,"height":211,"caption":"bolting.eu"}]},"og_availability":"out of stock","product_availability":"out of stock","product_condition":"new","geo.placename":"Innsbruck","geo.position":{"lat":"47.264176340396226","long":"11.380109057672346"},"geo.region":"Austria"},"_links":{"self":[{"href":"https:\/\/bolting.eu\/en\/wp-json\/wp\/v2\/product\/11162","targetHints":{"allow":["GET"]}}],"collection":[{"href":"https:\/\/bolting.eu\/en\/wp-json\/wp\/v2\/product"}],"about":[{"href":"https:\/\/bolting.eu\/en\/wp-json\/wp\/v2\/types\/product"}],"replies":[{"embeddable":true,"href":"https:\/\/bolting.eu\/en\/wp-json\/wp\/v2\/comments?post=11162"}],"wp:featuredmedia":[{"embeddable":true,"href":"https:\/\/bolting.eu\/en\/wp-json\/wp\/v2\/media\/11169"}],"wp:attachment":[{"href":"https:\/\/bolting.eu\/en\/wp-json\/wp\/v2\/media?parent=11162"}],"wp:term":[{"taxonomy":"product_brand","embeddable":true,"href":"https:\/\/bolting.eu\/en\/wp-json\/wp\/v2\/product_brand?post=11162"},{"taxonomy":"product_cat","embeddable":true,"href":"https:\/\/bolting.eu\/en\/wp-json\/wp\/v2\/product_cat?post=11162"},{"taxonomy":"product_tag","embeddable":true,"href":"https:\/\/bolting.eu\/en\/wp-json\/wp\/v2\/product_tag?post=11162"}],"curies":[{"name":"wp","href":"https:\/\/api.w.org\/{rel}","templated":true}]}}