{"id":11150,"date":"2022-01-18T15:48:49","date_gmt":"2022-01-18T14:48:49","guid":{"rendered":"https:\/\/bolting.eu\/?post_type=product&#038;p=11150"},"modified":"2025-03-17T19:57:54","modified_gmt":"2025-03-17T18:57:54","slug":"five-toothed-monster-chalk-bag","status":"publish","type":"product","link":"https:\/\/bolting.eu\/en\/shop\/five-toothed-monster-chalk-bag\/","title":{"rendered":"Five Toothed Monster Chalk Bag"},"content":{"rendered":"<p>Unser Five Toothed Monster Chalk Bag geh\u00f6rt zu den absoluten Bestsellern bei bolting.eu. Denn Kletterkids schlie\u00dfen die kleinen pelzigen Gesellen sofort ins Herz!<\/p>\n<p>Grund daf\u00fcr ist wohl das lustige Design dieser <a href=\"https:\/\/bolting.eu\/produkt-kategorie\/kletterausruestung\/chalkbag\/\">Chalkbags<\/a>. Erstens die gro\u00dfen, crazy Auen. Zweitens der aufgerissene Mund der jedes Chalk sofort verschlingt. Und drittens die wilden Z\u00e4hne dieser sonst so zahmen kleinen Chalk Teufel \ud83d\ude09<\/p>\n<p>Aber Spass bei Seite. Kinder lieben dieses Produkt aus welchen Gr\u00fcnden auch immer.<\/p>\n<h2>Eigenschaften Five Toothed Monster Chalk Bag<\/h2>\n<ul>\n<li>Hersteller: Crafty Climbing (Polen)<\/li>\n<li>Material: Polyamid, Polyester und Kunststoff (Tanka)<\/li>\n<li>Gewicht: 115 Gramm<\/li>\n<li>Farben: Pink, Gr\u00fcn, Blau<\/li>\n<li>Gr\u00f6\u00dfe: mittel (auch f\u00fcr Erwachsene geeignet)<\/li>\n<li>inkl. montiertem H\u00fcftband<\/li>\n<\/ul>\n<h3>Mit Liebe in Kleinunternehmen gemacht<\/h3>\n<p>Die Five Toothed Monster Chalk Bag kommen aus einem kleinen Betrieb in Polen, n\u00e4mlich Crafty Climbing. Das Team rund um Marius und Ola leitet diese Firma mit sowohl freundlicher Herzlichkeit als auch geradliniger Wirtschaftlichkeit.<\/p>\n<p>Was dabei zum Gl\u00fcck nicht zu kurz kommt, ist die Liebe zum Klettern und zu den Produkten. Und das merkt man hier im Design, in der Sorgf\u00e4ltigkeit der Materialauswahl und in der Qualit\u00e4t der Verarbeitung.<\/p>\n<p><a href=\"https:\/\/bolting.eu\/wp-content\/uploads\/2022\/01\/footer-2.jpeg\"><img loading=\"lazy\" decoding=\"async\" class=\"alignnone wp-image-11157 size-full\" src=\"https:\/\/bolting.eu\/wp-content\/uploads\/2022\/01\/footer-2.jpeg\" alt=\"Das Bild zeigt einen Banner mit einem blauen Monster Chalk Bag und der Schrift &quot;Unique Design&quot;.\" width=\"800\" height=\"350\" srcset=\"https:\/\/bolting.eu\/wp-content\/uploads\/2022\/01\/footer-2.jpeg 800w, https:\/\/bolting.eu\/wp-content\/uploads\/2022\/01\/footer-2-510x223.jpeg 510w, https:\/\/bolting.eu\/wp-content\/uploads\/2022\/01\/footer-2-768x336.jpeg 768w, https:\/\/bolting.eu\/wp-content\/uploads\/2022\/01\/footer-2-600x263.jpeg 600w\" sizes=\"auto, (max-width: 800px) 100vw, 800px\" \/><\/a><\/p>\n<h3>Saubere Verarbeitung<\/h3>\n<figure id=\"attachment_11152\" aria-describedby=\"caption-attachment-11152\" style=\"width: 280px\" class=\"wp-caption alignleft\"><a href=\"https:\/\/bolting.eu\/wp-content\/uploads\/2022\/01\/Five-Toothed-Monster-Chalk-Bag-pink-3.jpg\"><img loading=\"lazy\" decoding=\"async\" class=\"wp-image-11152 size-thumbnail\" src=\"https:\/\/bolting.eu\/wp-content\/uploads\/2022\/01\/Five-Toothed-Monster-Chalk-Bag-pink-3-280x280.jpg\" alt=\"Das Bild zeigt den geschlossenen Verschluss eines pinken, pelzigen Chalbags.\" width=\"280\" height=\"280\" srcset=\"https:\/\/bolting.eu\/wp-content\/uploads\/2022\/01\/Five-Toothed-Monster-Chalk-Bag-pink-3-280x280.jpg 280w, https:\/\/bolting.eu\/wp-content\/uploads\/2022\/01\/Five-Toothed-Monster-Chalk-Bag-pink-3-247x247.jpg 247w, https:\/\/bolting.eu\/wp-content\/uploads\/2022\/01\/Five-Toothed-Monster-Chalk-Bag-pink-3-100x100.jpg 100w, https:\/\/bolting.eu\/wp-content\/uploads\/2022\/01\/Five-Toothed-Monster-Chalk-Bag-pink-3-510x510.jpg 510w, https:\/\/bolting.eu\/wp-content\/uploads\/2022\/01\/Five-Toothed-Monster-Chalk-Bag-pink-3-400x400.jpg 400w, https:\/\/bolting.eu\/wp-content\/uploads\/2022\/01\/Five-Toothed-Monster-Chalk-Bag-pink-3-300x300.jpg 300w, https:\/\/bolting.eu\/wp-content\/uploads\/2022\/01\/Five-Toothed-Monster-Chalk-Bag-pink-3-600x600.jpg 600w, https:\/\/bolting.eu\/wp-content\/uploads\/2022\/01\/Five-Toothed-Monster-Chalk-Bag-pink-3.jpg 700w\" sizes=\"auto, (max-width: 280px) 100vw, 280px\" \/><\/a><figcaption id=\"caption-attachment-11152\" class=\"wp-caption-text\">Der Verschluss dieses Bags funktioniert super smooth!<\/figcaption><\/figure>\n<p>Uns gef\u00e4llt bei den Five Toothed Monster Chalk Bags vor allem die extrem saubere Verarbeitung. Dabei sticht der bestens &#8220;flutschende&#8221; Verschluss heraus. Denn der Tanke und die d\u00fcnne Polyamid Reepschnur harmonisieren perfekt.<\/p>\n<p>Kein Herumgezerre und Gedr\u00fccke wie bei anderen Bags. Es l\u00e4sst sich super leicht \u00f6ffnen und wieder schlie\u00dfen!<\/p>\n<h4><strong>Link Tipp<\/strong><\/h4>\n<p>Hier geht es zum <a href=\"https:\/\/craftyclimbing.com\/\" target=\"_blank\" rel=\"noopener\">Hersteller<\/a>!<\/p>\n","protected":false},"excerpt":{"rendered":"<p>Super cutes Chalkbag f\u00fcr Kinder und Erwachsene! Die kleinen pelzigen Monster geh\u00f6ren zu den Top Sellern im bolting.eu Online Shop und vielleicht auch bald dir!<\/p>\n","protected":false},"featured_media":11156,"comment_status":"open","ping_status":"closed","template":"","meta":[],"product_brand":[],"product_cat":[29,5006,5791,5792,14319],"product_tag":[],"class_list":{"0":"post-11150","1":"product","2":"type-product","3":"status-publish","4":"has-post-thumbnail","6":"product_cat-kletterausruestung","7":"product_cat-chalkbag","8":"product_cat-chalkbag-monster","9":"product_cat-chalkbag-kinder","10":"product_cat-sale-klettern","12":"first","13":"instock","14":"sale","15":"taxable","16":"shipping-taxable","17":"purchasable","18":"product-type-variable"},"yoast_head":"<!-- This site is optimized with the Yoast SEO Premium plugin v26.9 (Yoast SEO v26.9) - https:\/\/yoast.com\/product\/yoast-seo-premium-wordpress\/ -->\n<title>Five Toothed Monster Chalk Bag | bolting.eu<\/title>\n<meta name=\"robots\" content=\"index, follow, max-snippet:-1, max-image-preview:large, max-video-preview:-1\" \/>\n<link rel=\"canonical\" href=\"https:\/\/bolting.eu\/en\/shop\/five-toothed-monster-chalk-bag\/\" \/>\n<meta property=\"og:locale\" content=\"en_US\" \/>\n<meta property=\"og:type\" content=\"article\" \/>\n<meta property=\"og:title\" content=\"Five Toothed Monster Chalk Bag\" \/>\n<meta property=\"og:description\" content=\"Super cutes Chalkbag f\u00fcr Kinder und Erwachsene! Die kleinen pelzigen Monster geh\u00f6ren zu den Top Sellern im bolting.eu Online Shop und vielleicht auch bald dir!\" \/>\n<meta property=\"og:url\" content=\"https:\/\/bolting.eu\/en\/shop\/five-toothed-monster-chalk-bag\/\" \/>\n<meta property=\"og:site_name\" content=\"bolting.eu\" \/>\n<meta property=\"article:publisher\" content=\"https:\/\/www.facebook.com\/bolting.eu\" \/>\n<meta property=\"article:modified_time\" content=\"2025-03-17T18:57:54+00:00\" \/>\n<meta property=\"og:image\" content=\"https:\/\/bolting.eu\/wp-content\/uploads\/2022\/01\/Five-Toothed-Monster-Chalk-Bag-pink.jpg\" \/>\n\t<meta property=\"og:image:width\" content=\"700\" \/>\n\t<meta property=\"og:image:height\" content=\"700\" \/>\n\t<meta property=\"og:image:type\" content=\"image\/jpeg\" \/>\n<meta name=\"twitter:card\" content=\"summary_large_image\" \/>\n<meta name=\"twitter:label1\" content=\"Availability\" \/>\n\t<meta name=\"twitter:data1\" content=\"In stock\" \/>\n<script type=\"application\/ld+json\" class=\"yoast-schema-graph\">{\"@context\":\"https:\/\/schema.org\",\"@graph\":[{\"@type\":[\"WebPage\",\"ItemPage\"],\"@id\":\"https:\/\/bolting.eu\/en\/shop\/five-toothed-monster-chalk-bag\/\",\"url\":\"https:\/\/bolting.eu\/en\/shop\/five-toothed-monster-chalk-bag\/\",\"name\":\"Five Toothed Monster Chalk Bag | bolting.eu\",\"isPartOf\":{\"@id\":\"https:\/\/bolting.eu\/en\/#website\"},\"primaryImageOfPage\":{\"@id\":\"https:\/\/bolting.eu\/en\/shop\/five-toothed-monster-chalk-bag\/#primaryimage\"},\"image\":{\"@id\":\"https:\/\/bolting.eu\/en\/shop\/five-toothed-monster-chalk-bag\/#primaryimage\"},\"thumbnailUrl\":\"https:\/\/bolting.eu\/wp-content\/uploads\/2022\/01\/Five-Toothed-Monster-Chalk-Bag-pink.jpg\",\"datePublished\":\"2022-01-18T14:48:49+00:00\",\"dateModified\":\"2025-03-17T18:57:54+00:00\",\"breadcrumb\":{\"@id\":\"https:\/\/bolting.eu\/en\/shop\/five-toothed-monster-chalk-bag\/#breadcrumb\"},\"inLanguage\":\"en-US\",\"potentialAction\":[{\"@type\":\"ReadAction\",\"target\":[\"https:\/\/bolting.eu\/en\/shop\/five-toothed-monster-chalk-bag\/\"]}]},{\"@type\":\"ImageObject\",\"inLanguage\":\"en-US\",\"@id\":\"https:\/\/bolting.eu\/en\/shop\/five-toothed-monster-chalk-bag\/#primaryimage\",\"url\":\"https:\/\/bolting.eu\/wp-content\/uploads\/2022\/01\/Five-Toothed-Monster-Chalk-Bag-pink.jpg\",\"contentUrl\":\"https:\/\/bolting.eu\/wp-content\/uploads\/2022\/01\/Five-Toothed-Monster-Chalk-Bag-pink.jpg\",\"width\":700,\"height\":700,\"caption\":\"Das Bild zeigt eine pinkes Five Toothed Monster Chalk Bag mit gro\u00dfen Augen und aufgerissenem Mund mit f\u00fcnf Z\u00e4hnen.\"},{\"@type\":\"BreadcrumbList\",\"@id\":\"https:\/\/bolting.eu\/en\/shop\/five-toothed-monster-chalk-bag\/#breadcrumb\",\"itemListElement\":[{\"@type\":\"ListItem\",\"position\":1,\"name\":\"Shop\",\"item\":\"https:\/\/bolting.eu\/en\/shop\/\"},{\"@type\":\"ListItem\",\"position\":2,\"name\":\"climbing equipment\",\"item\":\"https:\/\/bolting.eu\/en\/produkt-kategorie\/climbing-equipment\/\"},{\"@type\":\"ListItem\",\"position\":3,\"name\":\"Chalkbag\",\"item\":\"https:\/\/bolting.eu\/produkt-kategorie\/kletterausruestung\/chalkbag\/\"},{\"@type\":\"ListItem\",\"position\":4,\"name\":\"Chalkbag Monster\",\"item\":\"https:\/\/bolting.eu\/en\/produkt-kategorie\/climbing-equipment\/chalkbag\/chalkbag-monster\/\"},{\"@type\":\"ListItem\",\"position\":5,\"name\":\"Five Toothed Monster Chalk Bag\"}]},{\"@type\":\"WebSite\",\"@id\":\"https:\/\/bolting.eu\/en\/#website\",\"url\":\"https:\/\/bolting.eu\/en\/\",\"name\":\"bolting.eu\",\"description\":\"we make climbs happen\",\"publisher\":{\"@id\":\"https:\/\/bolting.eu\/en\/#organization\"},\"potentialAction\":[{\"@type\":\"SearchAction\",\"target\":{\"@type\":\"EntryPoint\",\"urlTemplate\":\"https:\/\/bolting.eu\/en\/?s={search_term_string}\"},\"query-input\":{\"@type\":\"PropertyValueSpecification\",\"valueRequired\":true,\"valueName\":\"search_term_string\"}}],\"inLanguage\":\"en-US\"},{\"@type\":[\"Organization\",\"Place\",\"SportingGoodsStore\"],\"@id\":\"https:\/\/bolting.eu\/en\/#organization\",\"name\":\"bolting.eu\",\"url\":\"https:\/\/bolting.eu\/en\/\",\"logo\":{\"@id\":\"https:\/\/bolting.eu\/en\/shop\/five-toothed-monster-chalk-bag\/#local-main-organization-logo\"},\"image\":{\"@id\":\"https:\/\/bolting.eu\/en\/shop\/five-toothed-monster-chalk-bag\/#local-main-organization-logo\"},\"sameAs\":[\"https:\/\/www.facebook.com\/bolting.eu\",\"https:\/\/www.instagram.com\/bolting.eu\/\"],\"address\":{\"@id\":\"https:\/\/bolting.eu\/en\/shop\/five-toothed-monster-chalk-bag\/#local-main-place-address\"},\"geo\":{\"@type\":\"GeoCoordinates\",\"latitude\":\"47.264176340396226\",\"longitude\":\"11.380109057672346\"},\"telephone\":[\"+43 699 19083372\"],\"openingHoursSpecification\":[{\"@type\":\"OpeningHoursSpecification\",\"dayOfWeek\":[\"Monday\",\"Wednesday\",\"Friday\"],\"opens\":\"14:00\",\"closes\":\"18:00\"},{\"@type\":\"OpeningHoursSpecification\",\"dayOfWeek\":[\"Tuesday\",\"Thursday\",\"Saturday\",\"Sunday\"],\"opens\":\"00:00\",\"closes\":\"00:00\"}],\"email\":\"office@bolting.eu\",\"vatID\":\"ATU59999728\",\"priceRange\":\"$$\",\"currenciesAccepted\":\"Euro\"},{\"@type\":\"PostalAddress\",\"@id\":\"https:\/\/bolting.eu\/en\/shop\/five-toothed-monster-chalk-bag\/#local-main-place-address\",\"streetAddress\":\"Fischnalerstra\u00dfe 4\",\"addressLocality\":\"Innsbruck\",\"postalCode\":\"6020\",\"addressRegion\":\"Tirol\",\"addressCountry\":\"AT\"},{\"@type\":\"ImageObject\",\"inLanguage\":\"en-US\",\"@id\":\"https:\/\/bolting.eu\/en\/shop\/five-toothed-monster-chalk-bag\/#local-main-organization-logo\",\"url\":\"https:\/\/bolting.eu\/wp-content\/uploads\/2019\/09\/bolting-logo.png\",\"contentUrl\":\"https:\/\/bolting.eu\/wp-content\/uploads\/2019\/09\/bolting-logo.png\",\"width\":400,\"height\":211,\"caption\":\"bolting.eu\"}]}<\/script>\n<meta property=\"og:availability\" content=\"instock\" \/>\n<meta property=\"product:availability\" content=\"instock\" \/>\n<meta property=\"product:condition\" content=\"new\" \/>\n<meta name=\"geo.placename\" content=\"Innsbruck\" \/>\n<meta name=\"geo.position\" content=\"47.264176340396226;11.380109057672346\" \/>\n<meta name=\"geo.region\" content=\"Austria\" \/>\n<!-- \/ Yoast SEO Premium plugin. -->","yoast_head_json":{"title":"Five Toothed Monster Chalk Bag | bolting.eu","robots":{"index":"index","follow":"follow","max-snippet":"max-snippet:-1","max-image-preview":"max-image-preview:large","max-video-preview":"max-video-preview:-1"},"canonical":"https:\/\/bolting.eu\/en\/shop\/five-toothed-monster-chalk-bag\/","og_locale":"en_US","og_type":"article","og_title":"Five Toothed Monster Chalk Bag","og_description":"Super cutes Chalkbag f\u00fcr Kinder und Erwachsene! Die kleinen pelzigen Monster geh\u00f6ren zu den Top Sellern im bolting.eu Online Shop und vielleicht auch bald dir!","og_url":"https:\/\/bolting.eu\/en\/shop\/five-toothed-monster-chalk-bag\/","og_site_name":"bolting.eu","article_publisher":"https:\/\/www.facebook.com\/bolting.eu","article_modified_time":"2025-03-17T18:57:54+00:00","og_image":[{"width":700,"height":700,"url":"https:\/\/bolting.eu\/wp-content\/uploads\/2022\/01\/Five-Toothed-Monster-Chalk-Bag-pink.jpg","type":"image\/jpeg"}],"twitter_card":"summary_large_image","twitter_misc":{"Availability":"In stock"},"schema":{"@context":"https:\/\/schema.org","@graph":[{"@type":["WebPage","ItemPage"],"@id":"https:\/\/bolting.eu\/en\/shop\/five-toothed-monster-chalk-bag\/","url":"https:\/\/bolting.eu\/en\/shop\/five-toothed-monster-chalk-bag\/","name":"Five Toothed Monster Chalk Bag | bolting.eu","isPartOf":{"@id":"https:\/\/bolting.eu\/en\/#website"},"primaryImageOfPage":{"@id":"https:\/\/bolting.eu\/en\/shop\/five-toothed-monster-chalk-bag\/#primaryimage"},"image":{"@id":"https:\/\/bolting.eu\/en\/shop\/five-toothed-monster-chalk-bag\/#primaryimage"},"thumbnailUrl":"https:\/\/bolting.eu\/wp-content\/uploads\/2022\/01\/Five-Toothed-Monster-Chalk-Bag-pink.jpg","datePublished":"2022-01-18T14:48:49+00:00","dateModified":"2025-03-17T18:57:54+00:00","breadcrumb":{"@id":"https:\/\/bolting.eu\/en\/shop\/five-toothed-monster-chalk-bag\/#breadcrumb"},"inLanguage":"en-US","potentialAction":[{"@type":"ReadAction","target":["https:\/\/bolting.eu\/en\/shop\/five-toothed-monster-chalk-bag\/"]}]},{"@type":"ImageObject","inLanguage":"en-US","@id":"https:\/\/bolting.eu\/en\/shop\/five-toothed-monster-chalk-bag\/#primaryimage","url":"https:\/\/bolting.eu\/wp-content\/uploads\/2022\/01\/Five-Toothed-Monster-Chalk-Bag-pink.jpg","contentUrl":"https:\/\/bolting.eu\/wp-content\/uploads\/2022\/01\/Five-Toothed-Monster-Chalk-Bag-pink.jpg","width":700,"height":700,"caption":"Das Bild zeigt eine pinkes Five Toothed Monster Chalk Bag mit gro\u00dfen Augen und aufgerissenem Mund mit f\u00fcnf Z\u00e4hnen."},{"@type":"BreadcrumbList","@id":"https:\/\/bolting.eu\/en\/shop\/five-toothed-monster-chalk-bag\/#breadcrumb","itemListElement":[{"@type":"ListItem","position":1,"name":"Shop","item":"https:\/\/bolting.eu\/en\/shop\/"},{"@type":"ListItem","position":2,"name":"climbing equipment","item":"https:\/\/bolting.eu\/en\/produkt-kategorie\/climbing-equipment\/"},{"@type":"ListItem","position":3,"name":"Chalkbag","item":"https:\/\/bolting.eu\/produkt-kategorie\/kletterausruestung\/chalkbag\/"},{"@type":"ListItem","position":4,"name":"Chalkbag Monster","item":"https:\/\/bolting.eu\/en\/produkt-kategorie\/climbing-equipment\/chalkbag\/chalkbag-monster\/"},{"@type":"ListItem","position":5,"name":"Five Toothed Monster Chalk Bag"}]},{"@type":"WebSite","@id":"https:\/\/bolting.eu\/en\/#website","url":"https:\/\/bolting.eu\/en\/","name":"bolting.eu","description":"we make climbs happen","publisher":{"@id":"https:\/\/bolting.eu\/en\/#organization"},"potentialAction":[{"@type":"SearchAction","target":{"@type":"EntryPoint","urlTemplate":"https:\/\/bolting.eu\/en\/?s={search_term_string}"},"query-input":{"@type":"PropertyValueSpecification","valueRequired":true,"valueName":"search_term_string"}}],"inLanguage":"en-US"},{"@type":["Organization","Place","SportingGoodsStore"],"@id":"https:\/\/bolting.eu\/en\/#organization","name":"bolting.eu","url":"https:\/\/bolting.eu\/en\/","logo":{"@id":"https:\/\/bolting.eu\/en\/shop\/five-toothed-monster-chalk-bag\/#local-main-organization-logo"},"image":{"@id":"https:\/\/bolting.eu\/en\/shop\/five-toothed-monster-chalk-bag\/#local-main-organization-logo"},"sameAs":["https:\/\/www.facebook.com\/bolting.eu","https:\/\/www.instagram.com\/bolting.eu\/"],"address":{"@id":"https:\/\/bolting.eu\/en\/shop\/five-toothed-monster-chalk-bag\/#local-main-place-address"},"geo":{"@type":"GeoCoordinates","latitude":"47.264176340396226","longitude":"11.380109057672346"},"telephone":["+43 699 19083372"],"openingHoursSpecification":[{"@type":"OpeningHoursSpecification","dayOfWeek":["Monday","Wednesday","Friday"],"opens":"14:00","closes":"18:00"},{"@type":"OpeningHoursSpecification","dayOfWeek":["Tuesday","Thursday","Saturday","Sunday"],"opens":"00:00","closes":"00:00"}],"email":"office@bolting.eu","vatID":"ATU59999728","priceRange":"$$","currenciesAccepted":"Euro"},{"@type":"PostalAddress","@id":"https:\/\/bolting.eu\/en\/shop\/five-toothed-monster-chalk-bag\/#local-main-place-address","streetAddress":"Fischnalerstra\u00dfe 4","addressLocality":"Innsbruck","postalCode":"6020","addressRegion":"Tirol","addressCountry":"AT"},{"@type":"ImageObject","inLanguage":"en-US","@id":"https:\/\/bolting.eu\/en\/shop\/five-toothed-monster-chalk-bag\/#local-main-organization-logo","url":"https:\/\/bolting.eu\/wp-content\/uploads\/2019\/09\/bolting-logo.png","contentUrl":"https:\/\/bolting.eu\/wp-content\/uploads\/2019\/09\/bolting-logo.png","width":400,"height":211,"caption":"bolting.eu"}]},"og_availability":"instock","product_availability":"instock","product_condition":"new","geo.placename":"Innsbruck","geo.position":{"lat":"47.264176340396226","long":"11.380109057672346"},"geo.region":"Austria"},"_links":{"self":[{"href":"https:\/\/bolting.eu\/en\/wp-json\/wp\/v2\/product\/11150","targetHints":{"allow":["GET"]}}],"collection":[{"href":"https:\/\/bolting.eu\/en\/wp-json\/wp\/v2\/product"}],"about":[{"href":"https:\/\/bolting.eu\/en\/wp-json\/wp\/v2\/types\/product"}],"replies":[{"embeddable":true,"href":"https:\/\/bolting.eu\/en\/wp-json\/wp\/v2\/comments?post=11150"}],"wp:featuredmedia":[{"embeddable":true,"href":"https:\/\/bolting.eu\/en\/wp-json\/wp\/v2\/media\/11156"}],"wp:attachment":[{"href":"https:\/\/bolting.eu\/en\/wp-json\/wp\/v2\/media?parent=11150"}],"wp:term":[{"taxonomy":"product_brand","embeddable":true,"href":"https:\/\/bolting.eu\/en\/wp-json\/wp\/v2\/product_brand?post=11150"},{"taxonomy":"product_cat","embeddable":true,"href":"https:\/\/bolting.eu\/en\/wp-json\/wp\/v2\/product_cat?post=11150"},{"taxonomy":"product_tag","embeddable":true,"href":"https:\/\/bolting.eu\/en\/wp-json\/wp\/v2\/product_tag?post=11150"}],"curies":[{"name":"wp","href":"https:\/\/api.w.org\/{rel}","templated":true}]}}