{"id":11117,"date":"2022-01-17T15:37:04","date_gmt":"2022-01-17T14:37:04","guid":{"rendered":"https:\/\/bolting.eu\/?post_type=product&#038;p=11117"},"modified":"2025-07-25T12:11:52","modified_gmt":"2025-07-25T10:11:52","slug":"austrialpin-eisschrauben-siko-fx","status":"publish","type":"product","link":"https:\/\/bolting.eu\/en\/shop\/austrialpin-eisschrauben-siko-fx\/","title":{"rendered":"Austrialpin Eisschrauben SIKO.FX"},"content":{"rendered":"<p>Die Austrialpin Eisschrauben SIKO.FX sind preiswerte Eisschrauben aus vernickeltem Stahl. Sie kommen wie die Eisger\u00e4te <a href=\"https:\/\/bolting.eu\/shop\/austrialpin-k-ice-r-eisgeraet\/\">K.Ice.r<\/a> und <a href=\"https:\/\/bolting.eu\/shop\/austrialpin-wall-ice-eisgeraet\/\">Wall.ice<\/a> aus Tirol.<\/p>\n<p>Sie sind in vier unterschiedlichen L\u00e4ngen mit 8cm, 12cm, 17cm sowie 21cm verf\u00fcgbar.<\/p>\n<p>Diese g\u00fcnstigen Standard Modelle kennzeichnen sich zum einen durch eine geringe Sprengwirkung aus. Und zum anderen durch ihre farblich unterschiedlichen Kurbeln.<\/p>\n<p>Damit hat man sowohl die unterschiedlichen L\u00e4ngen im \u00dcberblick, als auch ein angenehmes Handling beim Eindrehen. Denn die kleinen Kurbel-Aufs\u00e4tze drehen sich. So kann man die Eisschrauben nach dem &#8220;Bei\u00dfen&#8221; gut mit nur einer Hand eindrehen.<\/p>\n<h2>Eigenschaften Austrialpin Eisschrauben SIKO.FX<\/h2>\n<ul>\n<li>Hersteller: Austrialpin<\/li>\n<li>Material: Stahl vernickelt<\/li>\n<li>Normen: <a href=\"https:\/\/bolting.eu\/en-568-uiaa-151-eisschrauben-norm\/\">EN 568 &#8211; UIAA 151<\/a><\/li>\n<li>L\u00e4ngen: 8cm, 12cm, 17cm, 21cm<\/li>\n<li>Gewicht: 110 Gr., 133 Gr., 162 Gr., 188 Gr.<\/li>\n<li>Kurbeln in unterschiedlichen Farben<\/li>\n<li>geringe Sprengwirkung<\/li>\n<li>Einhandbedienung durch drehenden Kurbelaufsatz<\/li>\n<li><a href=\"https:\/\/www.austrialpin.at\/fileadmin\/anleitungen\/AA_instruction-manual_ice-screws.pdf\">Gebrauchsanleitung<\/a><\/li>\n<\/ul>\n<h3>Farben sorgen f\u00fcr Ordnung und \u00dcbersicht<\/h3>\n<p>Die farblich unterschiedlichen Kurbeln der Austrialpin Eisschrauben SIKO.FX sorgen f\u00fcr die n\u00f6tige Ordnung bzw. \u00dcbersicht am Klettergurt. Denn so wei\u00df man auf einem Blick, mit welcher L\u00e4nge man es zu tun hat.<\/p>\n<p>Diese Art von \u00dcbersicht ist ein wesentlicher Beitrag zur Sicherheit. Denn k\u00fcrzere Setzzeiten bedeuten schnelleres Vorw\u00e4rtskommen. D.h. man verbraucht zum einen weniger Kraft. Und zum anderen ist man schneller wieder aus dem Eisfall herausen!<\/p>\n<h3>17cm Austrialpin Eisschraube f\u00fcr Gletschertouren<\/h3>\n<p>Als quasi &#8220;Universalschraube&#8221; empfehlen wir euch das 17cm lange Modell. Folglich ist diese L\u00e4nge auch ideal f\u00fcr Gletschertouren, wo man immer 1-2 St\u00fcck dabei haben sollte.<\/p>\n<p>Mit dieser L\u00e4nge kann man folgende Szenarien abdecken:<\/p>\n<ul>\n<li>Bau eines Standplatzes zum Sichern des Partners<\/li>\n<li>Selbstsicherung bei der Spaltenbergung<\/li>\n<li>R\u00fccksicherung eines &#8220;Toten Mannes&#8221;<\/li>\n<li>Zwischensicherung bei steilen Abschnitten<\/li>\n<\/ul>\n<figure id=\"attachment_4043\" aria-describedby=\"caption-attachment-4043\" style=\"width: 800px\" class=\"wp-caption alignnone\"><a href=\"https:\/\/bolting.eu\/wp-content\/uploads\/2020\/07\/Hochtouren-Ausruestung-3.jpg\"><img loading=\"lazy\" decoding=\"async\" class=\"wp-image-4043 size-full\" src=\"https:\/\/bolting.eu\/wp-content\/uploads\/2020\/07\/Hochtouren-Ausruestung-3.jpg\" alt=\"Das Bild zeigt einen Bergsteiger mit passender Hochtouren Ausr\u00fcstung auf einem Gletscher. Er geht schr\u00e4g durch das Bild, im Hintergrund ein Felsgrat und tiefblauer Himmel.\" width=\"800\" height=\"534\" srcset=\"https:\/\/bolting.eu\/wp-content\/uploads\/2020\/07\/Hochtouren-Ausruestung-3.jpg 800w, https:\/\/bolting.eu\/wp-content\/uploads\/2020\/07\/Hochtouren-Ausruestung-3-510x340.jpg 510w, https:\/\/bolting.eu\/wp-content\/uploads\/2020\/07\/Hochtouren-Ausruestung-3-599x400.jpg 599w, https:\/\/bolting.eu\/wp-content\/uploads\/2020\/07\/Hochtouren-Ausruestung-3-768x513.jpg 768w, https:\/\/bolting.eu\/wp-content\/uploads\/2020\/07\/Hochtouren-Ausruestung-3-600x401.jpg 600w\" sizes=\"auto, (max-width: 800px) 100vw, 800px\" \/><\/a><figcaption id=\"caption-attachment-4043\" class=\"wp-caption-text\">Bei Hochtouren sind 1-2 mittellange Eisschrauben immer ideal!<\/figcaption><\/figure>\n<h3>&#8220;Rack&#8221; f\u00fcr\u00b4s Eisklettern<\/h3>\n<p>In der Regel besteht ein Rack an Austrialpin Eisschrauben SIKO.FX f\u00fcr\u00b4s Eisklettern aus einer guten Mischung an unterschiedlichen L\u00e4ngen bzw. St\u00fcckzahlen.<\/p>\n<p>Unsere Empfehlung f\u00fcr Eiskletter Einsteiger:<\/p>\n<ul>\n<li>1-2 Stk. 8cm f\u00fcr sehr d\u00fcnnes Eis<\/li>\n<li>3 Stk. 12cm f\u00fcr d\u00fcnnes-mitteldickes EIs<\/li>\n<li>4 Stk. 17cm f\u00fcr normal dickes Eis<\/li>\n<li>2 Stk. 21cm f\u00fcr Standplatzbau bzw. Bau einer <a href=\"https:\/\/bolting.eu\/abalakov-eissanduhr\/\">Abalakov Eissanduhr<\/a><\/li>\n<\/ul>\n<figure id=\"attachment_11128\" aria-describedby=\"caption-attachment-11128\" style=\"width: 1024px\" class=\"wp-caption alignnone\"><a href=\"https:\/\/bolting.eu\/wp-content\/uploads\/2022\/01\/Ausztrialpin-Eisschrauben-1.jpg\"><img loading=\"lazy\" decoding=\"async\" class=\"wp-image-11128 size-full\" src=\"https:\/\/bolting.eu\/wp-content\/uploads\/2022\/01\/Ausztrialpin-Eisschrauben-1.jpg\" alt=\"Das Bild zeigt einen Eiskletterer in einem Eisfall kurz \u00fcber einer Sicherung mit einer der Austrialpin Eisschrauben.\" width=\"1024\" height=\"683\" srcset=\"https:\/\/bolting.eu\/wp-content\/uploads\/2022\/01\/Ausztrialpin-Eisschrauben-1.jpg 1024w, https:\/\/bolting.eu\/wp-content\/uploads\/2022\/01\/Ausztrialpin-Eisschrauben-1-510x340.jpg 510w, https:\/\/bolting.eu\/wp-content\/uploads\/2022\/01\/Ausztrialpin-Eisschrauben-1-600x400.jpg 600w, https:\/\/bolting.eu\/wp-content\/uploads\/2022\/01\/Ausztrialpin-Eisschrauben-1-768x512.jpg 768w\" sizes=\"auto, (max-width: 1024px) 100vw, 1024px\" \/><\/a><figcaption id=\"caption-attachment-11128\" class=\"wp-caption-text\">Ein ausgewogenes Rack an Schrauben ist Grundlage f\u00fcr sicheren Vorstieg im Eis.<\/figcaption><\/figure>\n","protected":false},"excerpt":{"rendered":"<p>Die Austrialpin Eisschrauben SIKO.FX sind preisg\u00fcnstige Modelle f\u00fcr den universellen Gebrauch im Alpinismus.<\/p>\n<p>Mit diesem Modell bist du sowohl auf Hochtouren, Gletschertouren, Nordw\u00e4nden und beim Eisklettern bestens ausgestattet.<\/p>\n","protected":false},"featured_media":11123,"comment_status":"open","ping_status":"closed","template":"","meta":[],"product_brand":[],"product_cat":[14281,13938],"product_tag":[],"class_list":{"0":"post-11117","1":"product","2":"type-product","3":"status-publish","4":"has-post-thumbnail","6":"product_cat-eisschrauben","7":"product_cat-bergsteiger-ausruestung","9":"first","10":"instock","11":"sale","12":"taxable","13":"shipping-taxable","14":"purchasable","15":"product-type-variable"},"yoast_head":"<!-- This site is optimized with the Yoast SEO Premium plugin v26.9 (Yoast SEO v26.9) - https:\/\/yoast.com\/product\/yoast-seo-premium-wordpress\/ -->\n<title>Austrialpin Eisschrauben SIKO.FX mit drehender Kurbel | bolting.eu<\/title>\n<meta name=\"description\" content=\"Hier findest Du die preisg\u00fcnstigen AUSTRIALPIN EISSCHRAUBEN SIKO.FX in den L\u00e4ngen 8cm, 12cm, 17cm und 21cm.\" \/>\n<meta name=\"robots\" content=\"index, follow, max-snippet:-1, max-image-preview:large, max-video-preview:-1\" \/>\n<link rel=\"canonical\" href=\"https:\/\/bolting.eu\/en\/shop\/austrialpin-eisschrauben-siko-fx\/\" \/>\n<meta property=\"og:locale\" content=\"en_US\" \/>\n<meta property=\"og:type\" content=\"article\" \/>\n<meta property=\"og:title\" content=\"Austrialpin Eisschrauben SIKO.FX\" \/>\n<meta property=\"og:description\" content=\"Hier findest Du die preisg\u00fcnstigen AUSTRIALPIN EISSCHRAUBEN SIKO.FX in den L\u00e4ngen 8cm, 12cm, 17cm und 21cm.\" \/>\n<meta property=\"og:url\" content=\"https:\/\/bolting.eu\/en\/shop\/austrialpin-eisschrauben-siko-fx\/\" \/>\n<meta property=\"og:site_name\" content=\"bolting.eu\" \/>\n<meta property=\"article:publisher\" content=\"https:\/\/www.facebook.com\/bolting.eu\" \/>\n<meta property=\"article:modified_time\" content=\"2025-07-25T10:11:52+00:00\" \/>\n<meta property=\"og:image\" content=\"https:\/\/bolting.eu\/wp-content\/uploads\/2022\/01\/Austrialpin-Eisschrauben-Siko.FX-1.jpg\" \/>\n\t<meta property=\"og:image:width\" content=\"700\" \/>\n\t<meta property=\"og:image:height\" content=\"700\" \/>\n\t<meta property=\"og:image:type\" content=\"image\/jpeg\" \/>\n<meta name=\"twitter:card\" content=\"summary_large_image\" \/>\n<meta name=\"twitter:label1\" content=\"Availability\" \/>\n\t<meta name=\"twitter:data1\" content=\"In stock\" \/>\n<script type=\"application\/ld+json\" class=\"yoast-schema-graph\">{\"@context\":\"https:\/\/schema.org\",\"@graph\":[{\"@type\":[\"WebPage\",\"ItemPage\"],\"@id\":\"https:\/\/bolting.eu\/en\/shop\/austrialpin-eisschrauben-siko-fx\/\",\"url\":\"https:\/\/bolting.eu\/en\/shop\/austrialpin-eisschrauben-siko-fx\/\",\"name\":\"Austrialpin Eisschrauben SIKO.FX mit drehender Kurbel | bolting.eu\",\"isPartOf\":{\"@id\":\"https:\/\/bolting.eu\/en\/#website\"},\"primaryImageOfPage\":{\"@id\":\"https:\/\/bolting.eu\/en\/shop\/austrialpin-eisschrauben-siko-fx\/#primaryimage\"},\"image\":{\"@id\":\"https:\/\/bolting.eu\/en\/shop\/austrialpin-eisschrauben-siko-fx\/#primaryimage\"},\"thumbnailUrl\":\"https:\/\/bolting.eu\/wp-content\/uploads\/2022\/01\/Austrialpin-Eisschrauben-Siko.FX-1.jpg\",\"datePublished\":\"2022-01-17T14:37:04+00:00\",\"dateModified\":\"2025-07-25T10:11:52+00:00\",\"description\":\"Hier findest Du die preisg\u00fcnstigen AUSTRIALPIN EISSCHRAUBEN SIKO.FX in den L\u00e4ngen 8cm, 12cm, 17cm und 21cm.\",\"breadcrumb\":{\"@id\":\"https:\/\/bolting.eu\/en\/shop\/austrialpin-eisschrauben-siko-fx\/#breadcrumb\"},\"inLanguage\":\"en-US\",\"potentialAction\":[{\"@type\":\"ReadAction\",\"target\":[\"https:\/\/bolting.eu\/en\/shop\/austrialpin-eisschrauben-siko-fx\/\"]}]},{\"@type\":\"ImageObject\",\"inLanguage\":\"en-US\",\"@id\":\"https:\/\/bolting.eu\/en\/shop\/austrialpin-eisschrauben-siko-fx\/#primaryimage\",\"url\":\"https:\/\/bolting.eu\/wp-content\/uploads\/2022\/01\/Austrialpin-Eisschrauben-Siko.FX-1.jpg\",\"contentUrl\":\"https:\/\/bolting.eu\/wp-content\/uploads\/2022\/01\/Austrialpin-Eisschrauben-Siko.FX-1.jpg\",\"width\":700,\"height\":700,\"caption\":\"Das Bild zeigt die vier Austrialpin Eisschrauben SIKO.FX in den L\u00e4ngen 8cm, 12cm, 17cm und 21cm nebeneinander.\"},{\"@type\":\"BreadcrumbList\",\"@id\":\"https:\/\/bolting.eu\/en\/shop\/austrialpin-eisschrauben-siko-fx\/#breadcrumb\",\"itemListElement\":[{\"@type\":\"ListItem\",\"position\":1,\"name\":\"Shop\",\"item\":\"https:\/\/bolting.eu\/en\/shop\/\"},{\"@type\":\"ListItem\",\"position\":2,\"name\":\"Bergsteiger Ausr\u00fcstung\",\"item\":\"https:\/\/bolting.eu\/produkt-kategorie\/bergsteiger-ausruestung\/\"},{\"@type\":\"ListItem\",\"position\":3,\"name\":\"Eisschrauben\",\"item\":\"https:\/\/bolting.eu\/produkt-kategorie\/bergsteiger-ausruestung\/eisschrauben\/\"},{\"@type\":\"ListItem\",\"position\":4,\"name\":\"Austrialpin Eisschrauben SIKO.FX\"}]},{\"@type\":\"WebSite\",\"@id\":\"https:\/\/bolting.eu\/en\/#website\",\"url\":\"https:\/\/bolting.eu\/en\/\",\"name\":\"bolting.eu\",\"description\":\"we make climbs happen\",\"publisher\":{\"@id\":\"https:\/\/bolting.eu\/en\/#organization\"},\"potentialAction\":[{\"@type\":\"SearchAction\",\"target\":{\"@type\":\"EntryPoint\",\"urlTemplate\":\"https:\/\/bolting.eu\/en\/?s={search_term_string}\"},\"query-input\":{\"@type\":\"PropertyValueSpecification\",\"valueRequired\":true,\"valueName\":\"search_term_string\"}}],\"inLanguage\":\"en-US\"},{\"@type\":[\"Organization\",\"Place\",\"SportingGoodsStore\"],\"@id\":\"https:\/\/bolting.eu\/en\/#organization\",\"name\":\"bolting.eu\",\"url\":\"https:\/\/bolting.eu\/en\/\",\"logo\":{\"@id\":\"https:\/\/bolting.eu\/en\/shop\/austrialpin-eisschrauben-siko-fx\/#local-main-organization-logo\"},\"image\":{\"@id\":\"https:\/\/bolting.eu\/en\/shop\/austrialpin-eisschrauben-siko-fx\/#local-main-organization-logo\"},\"sameAs\":[\"https:\/\/www.facebook.com\/bolting.eu\",\"https:\/\/www.instagram.com\/bolting.eu\/\"],\"address\":{\"@id\":\"https:\/\/bolting.eu\/en\/shop\/austrialpin-eisschrauben-siko-fx\/#local-main-place-address\"},\"geo\":{\"@type\":\"GeoCoordinates\",\"latitude\":\"47.264176340396226\",\"longitude\":\"11.380109057672346\"},\"telephone\":[\"+43 699 19083372\"],\"openingHoursSpecification\":[{\"@type\":\"OpeningHoursSpecification\",\"dayOfWeek\":[\"Monday\",\"Wednesday\",\"Friday\"],\"opens\":\"14:00\",\"closes\":\"18:00\"},{\"@type\":\"OpeningHoursSpecification\",\"dayOfWeek\":[\"Tuesday\",\"Thursday\",\"Saturday\",\"Sunday\"],\"opens\":\"00:00\",\"closes\":\"00:00\"}],\"email\":\"office@bolting.eu\",\"vatID\":\"ATU59999728\",\"priceRange\":\"$$\",\"currenciesAccepted\":\"Euro\"},{\"@type\":\"PostalAddress\",\"@id\":\"https:\/\/bolting.eu\/en\/shop\/austrialpin-eisschrauben-siko-fx\/#local-main-place-address\",\"streetAddress\":\"Fischnalerstra\u00dfe 4\",\"addressLocality\":\"Innsbruck\",\"postalCode\":\"6020\",\"addressRegion\":\"Tirol\",\"addressCountry\":\"AT\"},{\"@type\":\"ImageObject\",\"inLanguage\":\"en-US\",\"@id\":\"https:\/\/bolting.eu\/en\/shop\/austrialpin-eisschrauben-siko-fx\/#local-main-organization-logo\",\"url\":\"https:\/\/bolting.eu\/wp-content\/uploads\/2019\/09\/bolting-logo.png\",\"contentUrl\":\"https:\/\/bolting.eu\/wp-content\/uploads\/2019\/09\/bolting-logo.png\",\"width\":400,\"height\":211,\"caption\":\"bolting.eu\"}]}<\/script>\n<meta property=\"og:availability\" content=\"instock\" \/>\n<meta property=\"product:availability\" content=\"instock\" \/>\n<meta property=\"product:condition\" content=\"new\" \/>\n<meta name=\"geo.placename\" content=\"Innsbruck\" \/>\n<meta name=\"geo.position\" content=\"47.264176340396226;11.380109057672346\" \/>\n<meta name=\"geo.region\" content=\"Austria\" \/>\n<!-- \/ Yoast SEO Premium plugin. -->","yoast_head_json":{"title":"Austrialpin Eisschrauben SIKO.FX mit drehender Kurbel | bolting.eu","description":"Hier findest Du die preisg\u00fcnstigen AUSTRIALPIN EISSCHRAUBEN SIKO.FX in den L\u00e4ngen 8cm, 12cm, 17cm und 21cm.","robots":{"index":"index","follow":"follow","max-snippet":"max-snippet:-1","max-image-preview":"max-image-preview:large","max-video-preview":"max-video-preview:-1"},"canonical":"https:\/\/bolting.eu\/en\/shop\/austrialpin-eisschrauben-siko-fx\/","og_locale":"en_US","og_type":"article","og_title":"Austrialpin Eisschrauben SIKO.FX","og_description":"Hier findest Du die preisg\u00fcnstigen AUSTRIALPIN EISSCHRAUBEN SIKO.FX in den L\u00e4ngen 8cm, 12cm, 17cm und 21cm.","og_url":"https:\/\/bolting.eu\/en\/shop\/austrialpin-eisschrauben-siko-fx\/","og_site_name":"bolting.eu","article_publisher":"https:\/\/www.facebook.com\/bolting.eu","article_modified_time":"2025-07-25T10:11:52+00:00","og_image":[{"width":700,"height":700,"url":"https:\/\/bolting.eu\/wp-content\/uploads\/2022\/01\/Austrialpin-Eisschrauben-Siko.FX-1.jpg","type":"image\/jpeg"}],"twitter_card":"summary_large_image","twitter_misc":{"Availability":"In stock"},"schema":{"@context":"https:\/\/schema.org","@graph":[{"@type":["WebPage","ItemPage"],"@id":"https:\/\/bolting.eu\/en\/shop\/austrialpin-eisschrauben-siko-fx\/","url":"https:\/\/bolting.eu\/en\/shop\/austrialpin-eisschrauben-siko-fx\/","name":"Austrialpin Eisschrauben SIKO.FX mit drehender Kurbel | bolting.eu","isPartOf":{"@id":"https:\/\/bolting.eu\/en\/#website"},"primaryImageOfPage":{"@id":"https:\/\/bolting.eu\/en\/shop\/austrialpin-eisschrauben-siko-fx\/#primaryimage"},"image":{"@id":"https:\/\/bolting.eu\/en\/shop\/austrialpin-eisschrauben-siko-fx\/#primaryimage"},"thumbnailUrl":"https:\/\/bolting.eu\/wp-content\/uploads\/2022\/01\/Austrialpin-Eisschrauben-Siko.FX-1.jpg","datePublished":"2022-01-17T14:37:04+00:00","dateModified":"2025-07-25T10:11:52+00:00","description":"Hier findest Du die preisg\u00fcnstigen AUSTRIALPIN EISSCHRAUBEN SIKO.FX in den L\u00e4ngen 8cm, 12cm, 17cm und 21cm.","breadcrumb":{"@id":"https:\/\/bolting.eu\/en\/shop\/austrialpin-eisschrauben-siko-fx\/#breadcrumb"},"inLanguage":"en-US","potentialAction":[{"@type":"ReadAction","target":["https:\/\/bolting.eu\/en\/shop\/austrialpin-eisschrauben-siko-fx\/"]}]},{"@type":"ImageObject","inLanguage":"en-US","@id":"https:\/\/bolting.eu\/en\/shop\/austrialpin-eisschrauben-siko-fx\/#primaryimage","url":"https:\/\/bolting.eu\/wp-content\/uploads\/2022\/01\/Austrialpin-Eisschrauben-Siko.FX-1.jpg","contentUrl":"https:\/\/bolting.eu\/wp-content\/uploads\/2022\/01\/Austrialpin-Eisschrauben-Siko.FX-1.jpg","width":700,"height":700,"caption":"Das Bild zeigt die vier Austrialpin Eisschrauben SIKO.FX in den L\u00e4ngen 8cm, 12cm, 17cm und 21cm nebeneinander."},{"@type":"BreadcrumbList","@id":"https:\/\/bolting.eu\/en\/shop\/austrialpin-eisschrauben-siko-fx\/#breadcrumb","itemListElement":[{"@type":"ListItem","position":1,"name":"Shop","item":"https:\/\/bolting.eu\/en\/shop\/"},{"@type":"ListItem","position":2,"name":"Bergsteiger Ausr\u00fcstung","item":"https:\/\/bolting.eu\/produkt-kategorie\/bergsteiger-ausruestung\/"},{"@type":"ListItem","position":3,"name":"Eisschrauben","item":"https:\/\/bolting.eu\/produkt-kategorie\/bergsteiger-ausruestung\/eisschrauben\/"},{"@type":"ListItem","position":4,"name":"Austrialpin Eisschrauben SIKO.FX"}]},{"@type":"WebSite","@id":"https:\/\/bolting.eu\/en\/#website","url":"https:\/\/bolting.eu\/en\/","name":"bolting.eu","description":"we make climbs happen","publisher":{"@id":"https:\/\/bolting.eu\/en\/#organization"},"potentialAction":[{"@type":"SearchAction","target":{"@type":"EntryPoint","urlTemplate":"https:\/\/bolting.eu\/en\/?s={search_term_string}"},"query-input":{"@type":"PropertyValueSpecification","valueRequired":true,"valueName":"search_term_string"}}],"inLanguage":"en-US"},{"@type":["Organization","Place","SportingGoodsStore"],"@id":"https:\/\/bolting.eu\/en\/#organization","name":"bolting.eu","url":"https:\/\/bolting.eu\/en\/","logo":{"@id":"https:\/\/bolting.eu\/en\/shop\/austrialpin-eisschrauben-siko-fx\/#local-main-organization-logo"},"image":{"@id":"https:\/\/bolting.eu\/en\/shop\/austrialpin-eisschrauben-siko-fx\/#local-main-organization-logo"},"sameAs":["https:\/\/www.facebook.com\/bolting.eu","https:\/\/www.instagram.com\/bolting.eu\/"],"address":{"@id":"https:\/\/bolting.eu\/en\/shop\/austrialpin-eisschrauben-siko-fx\/#local-main-place-address"},"geo":{"@type":"GeoCoordinates","latitude":"47.264176340396226","longitude":"11.380109057672346"},"telephone":["+43 699 19083372"],"openingHoursSpecification":[{"@type":"OpeningHoursSpecification","dayOfWeek":["Monday","Wednesday","Friday"],"opens":"14:00","closes":"18:00"},{"@type":"OpeningHoursSpecification","dayOfWeek":["Tuesday","Thursday","Saturday","Sunday"],"opens":"00:00","closes":"00:00"}],"email":"office@bolting.eu","vatID":"ATU59999728","priceRange":"$$","currenciesAccepted":"Euro"},{"@type":"PostalAddress","@id":"https:\/\/bolting.eu\/en\/shop\/austrialpin-eisschrauben-siko-fx\/#local-main-place-address","streetAddress":"Fischnalerstra\u00dfe 4","addressLocality":"Innsbruck","postalCode":"6020","addressRegion":"Tirol","addressCountry":"AT"},{"@type":"ImageObject","inLanguage":"en-US","@id":"https:\/\/bolting.eu\/en\/shop\/austrialpin-eisschrauben-siko-fx\/#local-main-organization-logo","url":"https:\/\/bolting.eu\/wp-content\/uploads\/2019\/09\/bolting-logo.png","contentUrl":"https:\/\/bolting.eu\/wp-content\/uploads\/2019\/09\/bolting-logo.png","width":400,"height":211,"caption":"bolting.eu"}]},"og_availability":"instock","product_availability":"instock","product_condition":"new","geo.placename":"Innsbruck","geo.position":{"lat":"47.264176340396226","long":"11.380109057672346"},"geo.region":"Austria"},"_links":{"self":[{"href":"https:\/\/bolting.eu\/en\/wp-json\/wp\/v2\/product\/11117","targetHints":{"allow":["GET"]}}],"collection":[{"href":"https:\/\/bolting.eu\/en\/wp-json\/wp\/v2\/product"}],"about":[{"href":"https:\/\/bolting.eu\/en\/wp-json\/wp\/v2\/types\/product"}],"replies":[{"embeddable":true,"href":"https:\/\/bolting.eu\/en\/wp-json\/wp\/v2\/comments?post=11117"}],"wp:featuredmedia":[{"embeddable":true,"href":"https:\/\/bolting.eu\/en\/wp-json\/wp\/v2\/media\/11123"}],"wp:attachment":[{"href":"https:\/\/bolting.eu\/en\/wp-json\/wp\/v2\/media?parent=11117"}],"wp:term":[{"taxonomy":"product_brand","embeddable":true,"href":"https:\/\/bolting.eu\/en\/wp-json\/wp\/v2\/product_brand?post=11117"},{"taxonomy":"product_cat","embeddable":true,"href":"https:\/\/bolting.eu\/en\/wp-json\/wp\/v2\/product_cat?post=11117"},{"taxonomy":"product_tag","embeddable":true,"href":"https:\/\/bolting.eu\/en\/wp-json\/wp\/v2\/product_tag?post=11117"}],"curies":[{"name":"wp","href":"https:\/\/api.w.org\/{rel}","templated":true}]}}