{"id":11103,"date":"2022-01-17T13:34:33","date_gmt":"2022-01-17T12:34:33","guid":{"rendered":"https:\/\/bolting.eu\/?post_type=product&#038;p=11103"},"modified":"2023-10-20T17:06:53","modified_gmt":"2023-10-20T15:06:53","slug":"austrialpin-wall-ice-eisgeraet","status":"publish","type":"product","link":"https:\/\/bolting.eu\/en\/shop\/austrialpin-wall-ice-eisgeraet\/","title":{"rendered":"Austrialpin WALL.ICE Eisger\u00e4t"},"content":{"rendered":"<p>Das Austrialpin WALL.ICE ist ein <strong>Alpin Eisger\u00e4t<\/strong>. Denn zum einen hat es eine nur leicht gekr\u00fcmmte Form. Diese ist ideal f\u00fcr repetitives Schlagen in flachem bis vertikalem Gel\u00e4nde. Und zum anderen erm\u00f6glicht das durchgehende Schaft-Griff Design die Verwendung als Stechpickel.<\/p>\n<p>F\u00fcr dieses Eisger\u00e4t sind drei Klingen verf\u00fcgbar. Montiert und somit geliefert wird die Eisklinge. Optional kann eine Mixed Klinge oder Hohlhaue montiert werden. Falls ben\u00f6tigt, kann zu jeder Klinge auch ein Hammerkopf montiert werden.<\/p>\n<p>Eine \u00d6se am Griff rundet das Eisger\u00e4t gut ab. Denn hier kann entweder eine Leash oder beim Standplatzbau ein <a href=\"https:\/\/bolting.eu\/produkt-kategorie\/kletterausruestung\/kletterkarabiner\/\">Kletterkarabiner<\/a> eingeh\u00e4ngt werden.<\/p>\n<p>Kurzum. Wer ein rassiges Eisger\u00e4t f\u00fcr alpine Routen und Nordw\u00e4nde sucht, der ist hier richtig!<\/p>\n<h2>Eigenschaften Austrialpin WALL.ICE<\/h2>\n<ul>\n<li>Hersteller:\u00a0<a href=\"https:\/\/bolting.eu\/produkt-kategorie\/austrialpin\/\">Austrialpin<\/a><\/li>\n<li>Material Klinge: geh\u00e4rteter Karbonstahl pulverbeschichtet<\/li>\n<li>Schaft: Aluminium<\/li>\n<li>Griff: Kunststoff<\/li>\n<li>Gewicht: 599 Gramm<\/li>\n<li>L\u00e4nge: 50cm<\/li>\n<li>Farbe: azurblau<\/li>\n<li>sehr gute Geometrie f\u00fcr alpines Gel\u00e4nde<\/li>\n<li>idealer Halt am verstellbaren Griff<\/li>\n<li>Klingen in 5 Winkeln verstellbar<\/li>\n<li>\u00d6se zum Fixieren einer Absturzsicherung \/\u00a0<a href=\"https:\/\/bolting.eu\/shop\/beal-superleash\/\">Leash<\/a><\/li>\n<li>Sporn bei Verwendung als St\u00fctzpickel<\/li>\n<li>Zacken auf Klingen zum Abst\u00fctzen \u00fcber den Griff<\/li>\n<li>optionale Ausstattung: Mixed Klinge, Hohlhaue, Hammerkopf<\/li>\n<li><a href=\"https:\/\/www.austrialpin.at\/service\/knowledgebase\/wartungs-und-pflegehinweise\/\">Pflegehinweise<\/a><\/li>\n<\/ul>\n<h3>Klingen verstellbar!<\/h3>\n<p>Alle drei verf\u00fcgbaren Klingen k\u00f6nnen beim Austrialpin WALL.ICE in jeweils <strong>f\u00fcnf Winkeln<\/strong> eingestellt werden. Das kann man ganz einfach und rasch mit dem mitgelieferten Inbus erledigen. Somit ist es m\u00f6glich, sich auf die Steilheit der geplanten Routen einzustellen. Je steiler das Gel\u00e4nde, desto kleiner der Winkel zum Schaft hin!<\/p>\n<figure id=\"attachment_11097\" aria-describedby=\"caption-attachment-11097\" style=\"width: 1024px\" class=\"wp-caption alignnone\"><a href=\"https:\/\/bolting.eu\/wp-content\/uploads\/2022\/01\/Austrialpin-KICER-3.jpg\"><img loading=\"lazy\" decoding=\"async\" class=\"wp-image-11097 size-full\" src=\"https:\/\/bolting.eu\/wp-content\/uploads\/2022\/01\/Austrialpin-KICER-3.jpg\" alt=\"Das Bild zeigt die montierte Klinge des Austrialpin Wall.Ice Eisger\u00e4t.\" width=\"1024\" height=\"593\" srcset=\"https:\/\/bolting.eu\/wp-content\/uploads\/2022\/01\/Austrialpin-KICER-3.jpg 1024w, https:\/\/bolting.eu\/wp-content\/uploads\/2022\/01\/Austrialpin-KICER-3-510x295.jpg 510w, https:\/\/bolting.eu\/wp-content\/uploads\/2022\/01\/Austrialpin-KICER-3-691x400.jpg 691w, https:\/\/bolting.eu\/wp-content\/uploads\/2022\/01\/Austrialpin-KICER-3-768x445.jpg 768w, https:\/\/bolting.eu\/wp-content\/uploads\/2022\/01\/Austrialpin-KICER-3-600x347.jpg 600w\" sizes=\"auto, (max-width: 1024px) 100vw, 1024px\" \/><\/a><figcaption id=\"caption-attachment-11097\" class=\"wp-caption-text\">Jede der drei Klingen f\u00fcr das Austrialpin Wall.Ice kann in f\u00fcnf Winkeln verstellt werden!<\/figcaption><\/figure>\n<h3>\u00d6se im Austrialpin WALL.ICE Griff<\/h3>\n<p>Der Griff dieses Alpin Eisger\u00e4t hat eine gro\u00dfe \u00d6se. Somit passt auch ein z.B. HMS Karabiner durch und kann beim Standplatzbau verwendet werden.<\/p>\n<p>Unser Tipp: verwendet als Absturzsicherung eine Leash! Viele Alpinisten vermeiden den unabsichtlichen Verlust ihrer Eisger\u00e4te durch eine solche dehnbare Materialschlaufe.<\/p>\n<figure id=\"attachment_5328\" aria-describedby=\"caption-attachment-5328\" style=\"width: 700px\" class=\"wp-caption alignnone\"><a href=\"https:\/\/bolting.eu\/wp-content\/uploads\/2020\/09\/Beal-Superleash.jpg\"><img loading=\"lazy\" decoding=\"async\" class=\"wp-image-5328 size-full\" src=\"https:\/\/bolting.eu\/wp-content\/uploads\/2020\/09\/Beal-Superleash.jpg\" alt=\"Das Bild zeigt die Beal Superleash. Die Werkzeugleine steht schr\u00e4g in Bildmitte. Man erkennt den Stretch Arm , die Einbindeschlaufe und den kleinen Schraubkarabiner am Ende.\" width=\"700\" height=\"700\" srcset=\"https:\/\/bolting.eu\/wp-content\/uploads\/2020\/09\/Beal-Superleash.jpg 700w, https:\/\/bolting.eu\/wp-content\/uploads\/2020\/09\/Beal-Superleash-100x100.jpg 100w, https:\/\/bolting.eu\/wp-content\/uploads\/2020\/09\/Beal-Superleash-510x510.jpg 510w, https:\/\/bolting.eu\/wp-content\/uploads\/2020\/09\/Beal-Superleash-400x400.jpg 400w, https:\/\/bolting.eu\/wp-content\/uploads\/2020\/09\/Beal-Superleash-280x280.jpg 280w, https:\/\/bolting.eu\/wp-content\/uploads\/2020\/09\/Beal-Superleash-300x300.jpg 300w, https:\/\/bolting.eu\/wp-content\/uploads\/2020\/09\/Beal-Superleash-600x600.jpg 600w\" sizes=\"auto, (max-width: 700px) 100vw, 700px\" \/><\/a><figcaption id=\"caption-attachment-5328\" class=\"wp-caption-text\">Eine Leash hilft den Absturz und Verlust seines Eisger\u00e4tes zu vermeiden!<\/figcaption><\/figure>\n","protected":false},"excerpt":{"rendered":"<p>Alpin Eisger\u00e4t ohne Schn\u00f6rkel f\u00fcr den Einsatz in langen Mixed Routen und Nordw\u00e4nden. Dezente Schaft Kr\u00fcmmung, geringes Gewicht, mehrere Hauen Optionen und ein gut geformter Griff zeichnen dieses Eisger\u00e4t aus!<\/p>\n","protected":false},"featured_media":11115,"comment_status":"open","ping_status":"closed","template":"","meta":[],"product_brand":[],"product_cat":[4649,13938,14282],"product_tag":[],"class_list":{"0":"post-11103","1":"product","2":"type-product","3":"status-publish","4":"has-post-thumbnail","6":"product_cat-austrialpin","7":"product_cat-bergsteiger-ausruestung","8":"product_cat-eisgeraete","10":"first","11":"instock","12":"sale","13":"taxable","14":"shipping-taxable","15":"purchasable","16":"product-type-simple"},"yoast_head":"<!-- This site is optimized with the Yoast SEO Premium plugin v26.9 (Yoast SEO v26.9) - https:\/\/yoast.com\/product\/yoast-seo-premium-wordpress\/ -->\n<title>Austrialpin WALL.ICE Eisger\u00e4t f\u00fcr alpine Routen | bolting.eu<\/title>\n<meta name=\"description\" content=\"Hier findest Du das AUSTRIALPIN WALL.ICE Eisger\u00e4t mit drei Klingen Optionen f\u00fcr alpine Routen, Nordw\u00e4nde und Mixed Gel\u00e4nde!\" \/>\n<meta name=\"robots\" content=\"index, follow, max-snippet:-1, max-image-preview:large, max-video-preview:-1\" \/>\n<link rel=\"canonical\" href=\"https:\/\/bolting.eu\/en\/shop\/austrialpin-wall-ice-eisgeraet\/\" \/>\n<meta property=\"og:locale\" content=\"en_US\" \/>\n<meta property=\"og:type\" content=\"article\" \/>\n<meta property=\"og:title\" content=\"Austrialpin WALL.ICE Eisger\u00e4t\" \/>\n<meta property=\"og:description\" content=\"Hier findest Du das AUSTRIALPIN WALL.ICE Eisger\u00e4t mit drei Klingen Optionen f\u00fcr alpine Routen, Nordw\u00e4nde und Mixed Gel\u00e4nde!\" \/>\n<meta property=\"og:url\" content=\"https:\/\/bolting.eu\/en\/shop\/austrialpin-wall-ice-eisgeraet\/\" \/>\n<meta property=\"og:site_name\" content=\"bolting.eu\" \/>\n<meta property=\"article:publisher\" content=\"https:\/\/www.facebook.com\/bolting.eu\" \/>\n<meta property=\"article:modified_time\" content=\"2023-10-20T15:06:53+00:00\" \/>\n<meta property=\"og:image\" content=\"https:\/\/bolting.eu\/wp-content\/uploads\/2022\/01\/Aurtialpin-Wall.Ice-1.jpg\" \/>\n\t<meta property=\"og:image:width\" content=\"700\" \/>\n\t<meta property=\"og:image:height\" content=\"700\" \/>\n\t<meta property=\"og:image:type\" content=\"image\/jpeg\" \/>\n<meta name=\"twitter:card\" content=\"summary_large_image\" \/>\n<meta name=\"twitter:label1\" content=\"Price\" \/>\n\t<meta name=\"twitter:data1\" content=\"&euro;&nbsp;224,00\" \/>\n\t<meta name=\"twitter:label2\" content=\"Availability\" \/>\n\t<meta name=\"twitter:data2\" content=\"In stock\" \/>\n<script type=\"application\/ld+json\" class=\"yoast-schema-graph\">{\"@context\":\"https:\/\/schema.org\",\"@graph\":[{\"@type\":[\"WebPage\",\"ItemPage\"],\"@id\":\"https:\/\/bolting.eu\/en\/shop\/austrialpin-wall-ice-eisgeraet\/\",\"url\":\"https:\/\/bolting.eu\/en\/shop\/austrialpin-wall-ice-eisgeraet\/\",\"name\":\"Austrialpin WALL.ICE Eisger\u00e4t f\u00fcr alpine Routen | bolting.eu\",\"isPartOf\":{\"@id\":\"https:\/\/bolting.eu\/en\/#website\"},\"primaryImageOfPage\":{\"@id\":\"https:\/\/bolting.eu\/en\/shop\/austrialpin-wall-ice-eisgeraet\/#primaryimage\"},\"image\":{\"@id\":\"https:\/\/bolting.eu\/en\/shop\/austrialpin-wall-ice-eisgeraet\/#primaryimage\"},\"thumbnailUrl\":\"https:\/\/bolting.eu\/wp-content\/uploads\/2022\/01\/Aurtialpin-Wall.Ice-1.jpg\",\"datePublished\":\"2022-01-17T12:34:33+00:00\",\"dateModified\":\"2023-10-20T15:06:53+00:00\",\"description\":\"Hier findest Du das AUSTRIALPIN WALL.ICE Eisger\u00e4t mit drei Klingen Optionen f\u00fcr alpine Routen, Nordw\u00e4nde und Mixed Gel\u00e4nde!\",\"breadcrumb\":{\"@id\":\"https:\/\/bolting.eu\/en\/shop\/austrialpin-wall-ice-eisgeraet\/#breadcrumb\"},\"inLanguage\":\"en-US\",\"potentialAction\":[{\"@type\":\"ReadAction\",\"target\":[\"https:\/\/bolting.eu\/en\/shop\/austrialpin-wall-ice-eisgeraet\/\"]}]},{\"@type\":\"ImageObject\",\"inLanguage\":\"en-US\",\"@id\":\"https:\/\/bolting.eu\/en\/shop\/austrialpin-wall-ice-eisgeraet\/#primaryimage\",\"url\":\"https:\/\/bolting.eu\/wp-content\/uploads\/2022\/01\/Aurtialpin-Wall.Ice-1.jpg\",\"contentUrl\":\"https:\/\/bolting.eu\/wp-content\/uploads\/2022\/01\/Aurtialpin-Wall.Ice-1.jpg\",\"width\":700,\"height\":700,\"caption\":\"Das Bild zeigt das blaue aloine Eisger\u00e4t Austrialpin Wall.Ice mit der Haue nach rechts.\"},{\"@type\":\"BreadcrumbList\",\"@id\":\"https:\/\/bolting.eu\/en\/shop\/austrialpin-wall-ice-eisgeraet\/#breadcrumb\",\"itemListElement\":[{\"@type\":\"ListItem\",\"position\":1,\"name\":\"Shop\",\"item\":\"https:\/\/bolting.eu\/en\/shop\/\"},{\"@type\":\"ListItem\",\"position\":2,\"name\":\"Bergsteiger Ausr\u00fcstung\",\"item\":\"https:\/\/bolting.eu\/produkt-kategorie\/bergsteiger-ausruestung\/\"},{\"@type\":\"ListItem\",\"position\":3,\"name\":\"Eisger\u00e4te\",\"item\":\"https:\/\/bolting.eu\/produkt-kategorie\/bergsteiger-ausruestung\/eisgeraete\/\"},{\"@type\":\"ListItem\",\"position\":4,\"name\":\"Austrialpin WALL.ICE Eisger\u00e4t\"}]},{\"@type\":\"WebSite\",\"@id\":\"https:\/\/bolting.eu\/en\/#website\",\"url\":\"https:\/\/bolting.eu\/en\/\",\"name\":\"bolting.eu\",\"description\":\"we make climbs happen\",\"publisher\":{\"@id\":\"https:\/\/bolting.eu\/en\/#organization\"},\"potentialAction\":[{\"@type\":\"SearchAction\",\"target\":{\"@type\":\"EntryPoint\",\"urlTemplate\":\"https:\/\/bolting.eu\/en\/?s={search_term_string}\"},\"query-input\":{\"@type\":\"PropertyValueSpecification\",\"valueRequired\":true,\"valueName\":\"search_term_string\"}}],\"inLanguage\":\"en-US\"},{\"@type\":[\"Organization\",\"Place\",\"SportingGoodsStore\"],\"@id\":\"https:\/\/bolting.eu\/en\/#organization\",\"name\":\"bolting.eu\",\"url\":\"https:\/\/bolting.eu\/en\/\",\"logo\":{\"@id\":\"https:\/\/bolting.eu\/en\/shop\/austrialpin-wall-ice-eisgeraet\/#local-main-organization-logo\"},\"image\":{\"@id\":\"https:\/\/bolting.eu\/en\/shop\/austrialpin-wall-ice-eisgeraet\/#local-main-organization-logo\"},\"sameAs\":[\"https:\/\/www.facebook.com\/bolting.eu\",\"https:\/\/www.instagram.com\/bolting.eu\/\"],\"address\":{\"@id\":\"https:\/\/bolting.eu\/en\/shop\/austrialpin-wall-ice-eisgeraet\/#local-main-place-address\"},\"geo\":{\"@type\":\"GeoCoordinates\",\"latitude\":\"47.264176340396226\",\"longitude\":\"11.380109057672346\"},\"telephone\":[\"+43 699 19083372\"],\"openingHoursSpecification\":[{\"@type\":\"OpeningHoursSpecification\",\"dayOfWeek\":[\"Monday\",\"Wednesday\",\"Friday\"],\"opens\":\"14:00\",\"closes\":\"18:00\"},{\"@type\":\"OpeningHoursSpecification\",\"dayOfWeek\":[\"Tuesday\",\"Thursday\",\"Saturday\",\"Sunday\"],\"opens\":\"00:00\",\"closes\":\"00:00\"}],\"email\":\"office@bolting.eu\",\"vatID\":\"ATU59999728\",\"priceRange\":\"$$\",\"currenciesAccepted\":\"Euro\"},{\"@type\":\"PostalAddress\",\"@id\":\"https:\/\/bolting.eu\/en\/shop\/austrialpin-wall-ice-eisgeraet\/#local-main-place-address\",\"streetAddress\":\"Fischnalerstra\u00dfe 4\",\"addressLocality\":\"Innsbruck\",\"postalCode\":\"6020\",\"addressRegion\":\"Tirol\",\"addressCountry\":\"AT\"},{\"@type\":\"ImageObject\",\"inLanguage\":\"en-US\",\"@id\":\"https:\/\/bolting.eu\/en\/shop\/austrialpin-wall-ice-eisgeraet\/#local-main-organization-logo\",\"url\":\"https:\/\/bolting.eu\/wp-content\/uploads\/2019\/09\/bolting-logo.png\",\"contentUrl\":\"https:\/\/bolting.eu\/wp-content\/uploads\/2019\/09\/bolting-logo.png\",\"width\":400,\"height\":211,\"caption\":\"bolting.eu\"}]}<\/script>\n<meta property=\"product:price:amount\" content=\"224.00\" \/>\n<meta property=\"product:price:currency\" content=\"EUR\" \/>\n<meta property=\"og:availability\" content=\"instock\" \/>\n<meta property=\"product:availability\" content=\"instock\" \/>\n<meta property=\"product:retailer_item_id\" content=\"EV30A-B\" \/>\n<meta property=\"product:condition\" content=\"new\" \/>\n<meta name=\"geo.placename\" content=\"Innsbruck\" \/>\n<meta name=\"geo.position\" content=\"47.264176340396226;11.380109057672346\" \/>\n<meta name=\"geo.region\" content=\"Austria\" \/>\n<!-- \/ Yoast SEO Premium plugin. -->","yoast_head_json":{"title":"Austrialpin WALL.ICE Eisger\u00e4t f\u00fcr alpine Routen | bolting.eu","description":"Hier findest Du das AUSTRIALPIN WALL.ICE Eisger\u00e4t mit drei Klingen Optionen f\u00fcr alpine Routen, Nordw\u00e4nde und Mixed Gel\u00e4nde!","robots":{"index":"index","follow":"follow","max-snippet":"max-snippet:-1","max-image-preview":"max-image-preview:large","max-video-preview":"max-video-preview:-1"},"canonical":"https:\/\/bolting.eu\/en\/shop\/austrialpin-wall-ice-eisgeraet\/","og_locale":"en_US","og_type":"article","og_title":"Austrialpin WALL.ICE Eisger\u00e4t","og_description":"Hier findest Du das AUSTRIALPIN WALL.ICE Eisger\u00e4t mit drei Klingen Optionen f\u00fcr alpine Routen, Nordw\u00e4nde und Mixed Gel\u00e4nde!","og_url":"https:\/\/bolting.eu\/en\/shop\/austrialpin-wall-ice-eisgeraet\/","og_site_name":"bolting.eu","article_publisher":"https:\/\/www.facebook.com\/bolting.eu","article_modified_time":"2023-10-20T15:06:53+00:00","og_image":[{"width":700,"height":700,"url":"https:\/\/bolting.eu\/wp-content\/uploads\/2022\/01\/Aurtialpin-Wall.Ice-1.jpg","type":"image\/jpeg"}],"twitter_card":"summary_large_image","twitter_misc":{"Price":"&euro;&nbsp;224,00","Availability":"In stock"},"schema":{"@context":"https:\/\/schema.org","@graph":[{"@type":["WebPage","ItemPage"],"@id":"https:\/\/bolting.eu\/en\/shop\/austrialpin-wall-ice-eisgeraet\/","url":"https:\/\/bolting.eu\/en\/shop\/austrialpin-wall-ice-eisgeraet\/","name":"Austrialpin WALL.ICE Eisger\u00e4t f\u00fcr alpine Routen | bolting.eu","isPartOf":{"@id":"https:\/\/bolting.eu\/en\/#website"},"primaryImageOfPage":{"@id":"https:\/\/bolting.eu\/en\/shop\/austrialpin-wall-ice-eisgeraet\/#primaryimage"},"image":{"@id":"https:\/\/bolting.eu\/en\/shop\/austrialpin-wall-ice-eisgeraet\/#primaryimage"},"thumbnailUrl":"https:\/\/bolting.eu\/wp-content\/uploads\/2022\/01\/Aurtialpin-Wall.Ice-1.jpg","datePublished":"2022-01-17T12:34:33+00:00","dateModified":"2023-10-20T15:06:53+00:00","description":"Hier findest Du das AUSTRIALPIN WALL.ICE Eisger\u00e4t mit drei Klingen Optionen f\u00fcr alpine Routen, Nordw\u00e4nde und Mixed Gel\u00e4nde!","breadcrumb":{"@id":"https:\/\/bolting.eu\/en\/shop\/austrialpin-wall-ice-eisgeraet\/#breadcrumb"},"inLanguage":"en-US","potentialAction":[{"@type":"ReadAction","target":["https:\/\/bolting.eu\/en\/shop\/austrialpin-wall-ice-eisgeraet\/"]}]},{"@type":"ImageObject","inLanguage":"en-US","@id":"https:\/\/bolting.eu\/en\/shop\/austrialpin-wall-ice-eisgeraet\/#primaryimage","url":"https:\/\/bolting.eu\/wp-content\/uploads\/2022\/01\/Aurtialpin-Wall.Ice-1.jpg","contentUrl":"https:\/\/bolting.eu\/wp-content\/uploads\/2022\/01\/Aurtialpin-Wall.Ice-1.jpg","width":700,"height":700,"caption":"Das Bild zeigt das blaue aloine Eisger\u00e4t Austrialpin Wall.Ice mit der Haue nach rechts."},{"@type":"BreadcrumbList","@id":"https:\/\/bolting.eu\/en\/shop\/austrialpin-wall-ice-eisgeraet\/#breadcrumb","itemListElement":[{"@type":"ListItem","position":1,"name":"Shop","item":"https:\/\/bolting.eu\/en\/shop\/"},{"@type":"ListItem","position":2,"name":"Bergsteiger Ausr\u00fcstung","item":"https:\/\/bolting.eu\/produkt-kategorie\/bergsteiger-ausruestung\/"},{"@type":"ListItem","position":3,"name":"Eisger\u00e4te","item":"https:\/\/bolting.eu\/produkt-kategorie\/bergsteiger-ausruestung\/eisgeraete\/"},{"@type":"ListItem","position":4,"name":"Austrialpin WALL.ICE Eisger\u00e4t"}]},{"@type":"WebSite","@id":"https:\/\/bolting.eu\/en\/#website","url":"https:\/\/bolting.eu\/en\/","name":"bolting.eu","description":"we make climbs happen","publisher":{"@id":"https:\/\/bolting.eu\/en\/#organization"},"potentialAction":[{"@type":"SearchAction","target":{"@type":"EntryPoint","urlTemplate":"https:\/\/bolting.eu\/en\/?s={search_term_string}"},"query-input":{"@type":"PropertyValueSpecification","valueRequired":true,"valueName":"search_term_string"}}],"inLanguage":"en-US"},{"@type":["Organization","Place","SportingGoodsStore"],"@id":"https:\/\/bolting.eu\/en\/#organization","name":"bolting.eu","url":"https:\/\/bolting.eu\/en\/","logo":{"@id":"https:\/\/bolting.eu\/en\/shop\/austrialpin-wall-ice-eisgeraet\/#local-main-organization-logo"},"image":{"@id":"https:\/\/bolting.eu\/en\/shop\/austrialpin-wall-ice-eisgeraet\/#local-main-organization-logo"},"sameAs":["https:\/\/www.facebook.com\/bolting.eu","https:\/\/www.instagram.com\/bolting.eu\/"],"address":{"@id":"https:\/\/bolting.eu\/en\/shop\/austrialpin-wall-ice-eisgeraet\/#local-main-place-address"},"geo":{"@type":"GeoCoordinates","latitude":"47.264176340396226","longitude":"11.380109057672346"},"telephone":["+43 699 19083372"],"openingHoursSpecification":[{"@type":"OpeningHoursSpecification","dayOfWeek":["Monday","Wednesday","Friday"],"opens":"14:00","closes":"18:00"},{"@type":"OpeningHoursSpecification","dayOfWeek":["Tuesday","Thursday","Saturday","Sunday"],"opens":"00:00","closes":"00:00"}],"email":"office@bolting.eu","vatID":"ATU59999728","priceRange":"$$","currenciesAccepted":"Euro"},{"@type":"PostalAddress","@id":"https:\/\/bolting.eu\/en\/shop\/austrialpin-wall-ice-eisgeraet\/#local-main-place-address","streetAddress":"Fischnalerstra\u00dfe 4","addressLocality":"Innsbruck","postalCode":"6020","addressRegion":"Tirol","addressCountry":"AT"},{"@type":"ImageObject","inLanguage":"en-US","@id":"https:\/\/bolting.eu\/en\/shop\/austrialpin-wall-ice-eisgeraet\/#local-main-organization-logo","url":"https:\/\/bolting.eu\/wp-content\/uploads\/2019\/09\/bolting-logo.png","contentUrl":"https:\/\/bolting.eu\/wp-content\/uploads\/2019\/09\/bolting-logo.png","width":400,"height":211,"caption":"bolting.eu"}]},"product_price_amount":"224.00","product_price_currency":"EUR","og_availability":"instock","product_availability":"instock","product_retailer_item_id":"EV30A-B","product_condition":"new","geo.placename":"Innsbruck","geo.position":{"lat":"47.264176340396226","long":"11.380109057672346"},"geo.region":"Austria"},"_links":{"self":[{"href":"https:\/\/bolting.eu\/en\/wp-json\/wp\/v2\/product\/11103","targetHints":{"allow":["GET"]}}],"collection":[{"href":"https:\/\/bolting.eu\/en\/wp-json\/wp\/v2\/product"}],"about":[{"href":"https:\/\/bolting.eu\/en\/wp-json\/wp\/v2\/types\/product"}],"replies":[{"embeddable":true,"href":"https:\/\/bolting.eu\/en\/wp-json\/wp\/v2\/comments?post=11103"}],"wp:featuredmedia":[{"embeddable":true,"href":"https:\/\/bolting.eu\/en\/wp-json\/wp\/v2\/media\/11115"}],"wp:attachment":[{"href":"https:\/\/bolting.eu\/en\/wp-json\/wp\/v2\/media?parent=11103"}],"wp:term":[{"taxonomy":"product_brand","embeddable":true,"href":"https:\/\/bolting.eu\/en\/wp-json\/wp\/v2\/product_brand?post=11103"},{"taxonomy":"product_cat","embeddable":true,"href":"https:\/\/bolting.eu\/en\/wp-json\/wp\/v2\/product_cat?post=11103"},{"taxonomy":"product_tag","embeddable":true,"href":"https:\/\/bolting.eu\/en\/wp-json\/wp\/v2\/product_tag?post=11103"}],"curies":[{"name":"wp","href":"https:\/\/api.w.org\/{rel}","templated":true}]}}