{"id":11093,"date":"2022-01-14T14:57:41","date_gmt":"2022-01-14T13:57:41","guid":{"rendered":"https:\/\/bolting.eu\/?post_type=product&#038;p=11093"},"modified":"2026-01-23T21:17:09","modified_gmt":"2026-01-23T20:17:09","slug":"austrialpin-k-ice-r-eisgeraet","status":"publish","type":"product","link":"https:\/\/bolting.eu\/en\/shop\/austrialpin-k-ice-r-eisgeraet\/","title":{"rendered":"Austrialpin K.ICE.R Eisger\u00e4t"},"content":{"rendered":"<p>Das Austrialpin K.ICE.R <a href=\"https:\/\/bolting.eu\/produkt-kategorie\/bergsteiger-ausruestung\/eisgeraete\/\">Eisger\u00e4t<\/a> ist ein Modell f\u00fcr steile und schwere Routen. Es kennzeichnet sich durch folgende Features aus.<\/p>\n<p>Erstens kann dieser Eispickel mit drei verschiedenen Hauen sowie einem Hammerkopf versehen werden. Ausgeliefert wird mit der Eishaue als Standard. Optional sind die Mixed Klinge und die Hohlhaue sowie der Hammerkopf erh\u00e4ltlich.<\/p>\n<p>Zweitens k\u00f6nnen die Klingen des K.Ice.R in gleich f\u00fcnf unterschiedlichen Winkeln eingestellt werden. Drittens sorgt der Aluminium Schaft f\u00fcr eine sehr gute Geometrie. Viertens bieten der kleine Zwischenhaken bzw. Endgriff perfekten Grip. F\u00fcnftens kann man durch die \u00d6se im Griff einen <a href=\"https:\/\/bolting.eu\/produkt-kategorie\/kletterausruestung\/kletterkarabiner\/hms-karabiner\/\">HMS Karabiner<\/a> einh\u00e4ngen. Wie z.B. beim Standplatzbau. Abgerundet wird dieses Steileis- und Mixed Ger\u00e4t durch den kleinen Sporn am Griff sowie die Zacken an der Klingen Oberseite. Denn diese erm\u00f6glichen sowohl ein Aufst\u00fctzen auf die Klinge bzw. den Griff.<\/p>\n<p>Kurzum. Ein Highend Modell f\u00fcr schweres <a href=\"https:\/\/bolting.eu\/eisklettern\/\">Eisklettern<\/a> bzw. Mixed Routen!<\/p>\n<h3>Eigenschaften Austrialpin K.ICE.R<\/h3>\n<ul>\n<li>Hersteller:\u00a0<a href=\"https:\/\/bolting.eu\/produkt-kategorie\/austrialpin\/\">Austrialpin<\/a><\/li>\n<li>Material Klinge: geh\u00e4rteter Karbonstahl pulverbeschichtet<\/li>\n<li>Schaft: Aluminium<\/li>\n<li>Griff: Kunststoff<\/li>\n<li>Gewicht: 620 Gramm<\/li>\n<li>L\u00e4nge: 50cm<\/li>\n<li>Farben: blau und gr\u00fcn<\/li>\n<li>sehr gute Geometrie<\/li>\n<li>idealer Halt am verstellbaren Griff<\/li>\n<li>perfektes Umgreifen am Schaft<\/li>\n<li>Klingen in 5 Winkeln verstellbar<\/li>\n<li>\u00d6se zum Fixieren einer Absturzsicherung \/ <a href=\"https:\/\/bolting.eu\/shop\/beal-superleash\/\">Leash<\/a><\/li>\n<li>Sporn am Griff zum Abst\u00fctzen \u00fcber die Klinge<\/li>\n<li>Zacken auf Klingen zum Abst\u00fctzen \u00fcber den Griff<\/li>\n<li>optionale Ausstattung: Mixed Klinge, Hohlhaue, Hammerkopf<\/li>\n<li><a href=\"https:\/\/www.austrialpin.at\/service\/knowledgebase\/wartungs-und-pflegehinweise\/\">Pflegehinweise<\/a><\/li>\n<\/ul>\n<h3>Produktvideo<\/h3>\n<p>Lassen wir doch Peter Manhartsberger, Produkmanager von Austrialpin, das K.ICE.R Eisger\u00e4t vorstellen.<\/p>\n<p><iframe loading=\"lazy\" title=\"Eisger\u00e4t Vorstellung: Der K.ICE.R von AUSTRIALPIN\" width=\"1020\" height=\"574\" src=\"https:\/\/www.youtube.com\/embed\/fMwcm5Eyu2E?feature=oembed\" frameborder=\"0\" allow=\"accelerometer; autoplay; clipboard-write; encrypted-media; gyroscope; picture-in-picture; web-share\" allowfullscreen><\/iframe><\/p>\n<p>&nbsp;<\/p>\n<p>&nbsp;<\/p>\n<h3>Zielgruppe<\/h3>\n<p>Dieses Eisger\u00e4t ist f\u00fcr Spezialisten gedacht. D.h. f\u00fcr <strong>Eis- und Mixed Klettern auf hohem Niveau<\/strong>. Denn dieses Produkt bringt alle spezifischen Eigenschaften f\u00fcr anspruchsvolle Routen mit sich. Sowohl Ergonomie als auch Geometrie sind auf extreme Belastungen und hohe Performance ausgerichtet.<\/p>\n<h3>Verstellen und Wechseln der Klingen beim Austrialpin K.ICE.R<\/h3>\n<figure id=\"attachment_11098\" aria-describedby=\"caption-attachment-11098\" style=\"width: 700px\" class=\"wp-caption alignnone\"><a href=\"https:\/\/bolting.eu\/wp-content\/uploads\/2022\/01\/Austrialpin-KICER-2.jpg\"><img loading=\"lazy\" decoding=\"async\" class=\"wp-image-11098 size-full\" src=\"https:\/\/bolting.eu\/wp-content\/uploads\/2022\/01\/Austrialpin-KICER-2.jpg\" alt=\"Das Bild zeigt die f\u00fcnft verstellbaren Winkel eines gr\u00fcnen Eisger\u00e4tes.\" width=\"700\" height=\"700\" srcset=\"https:\/\/bolting.eu\/wp-content\/uploads\/2022\/01\/Austrialpin-KICER-2.jpg 700w, https:\/\/bolting.eu\/wp-content\/uploads\/2022\/01\/Austrialpin-KICER-2-100x100.jpg 100w, https:\/\/bolting.eu\/wp-content\/uploads\/2022\/01\/Austrialpin-KICER-2-510x510.jpg 510w, https:\/\/bolting.eu\/wp-content\/uploads\/2022\/01\/Austrialpin-KICER-2-400x400.jpg 400w, https:\/\/bolting.eu\/wp-content\/uploads\/2022\/01\/Austrialpin-KICER-2-280x280.jpg 280w, https:\/\/bolting.eu\/wp-content\/uploads\/2022\/01\/Austrialpin-KICER-2-300x300.jpg 300w, https:\/\/bolting.eu\/wp-content\/uploads\/2022\/01\/Austrialpin-KICER-2-600x600.jpg 600w\" sizes=\"auto, (max-width: 700px) 100vw, 700px\" \/><\/a><figcaption id=\"caption-attachment-11098\" class=\"wp-caption-text\">Die Klinge des K.ICE.R kann man in f\u00fcnf Winkeln verstellen!<\/figcaption><\/figure>\n<p>&nbsp;<\/p>\n<p>Mit dem mitgelieferten Inbus Schl\u00fcssel kann man seine Eisger\u00e4te leicht adaptieren.<\/p>\n<p>Zum einen kann man die Klingen in f\u00fcnf verschiedenen Positionen fixieren. Das ist z.B. sinnvoll, wenn das Gel\u00e4nde besonders flach bzw. steil ist. Und zum anderen kann man die Standard Eishaue leicht wechseln.<\/p>\n<h3>Unterschied der Hauen<\/h3>\n<p>F\u00fcr das K.ICE.R Eisger\u00e4t sind drei Hauen aus geh\u00e4rtetem Stahl verf\u00fcgbar sowie ein zus\u00e4tzlicher Aufsatz.<\/p>\n<p>Erstens die Eishaue. Das Eisger\u00e4t wird mit genau dieser Haue als Standard Best\u00fcckung verkauft. Sie zeichnet sich durch die gerade Spitze aus.<\/p>\n<p>Zweitens ist optional die Mixed Klinge erh\u00e4ltlich. Sie hat ein Ende das leicht nach unten gebogen ist. Eine sogenannte Schnabelform. Damit kommt man noch besser in kleine Felsl\u00f6cher und Ritzen bzw. bleibt daran besser &#8220;h\u00e4ngen&#8221;.<\/p>\n<p>Und drittens gibt es die Hohlhaue. Diese hat eine extrem geringe Sprengwirkung. Sie ist somit ideal f\u00fcr alle fragilen Eisgebilde, wie z.B. S\u00e4ulen.<\/p>\n<p>Als zus\u00e4tzlichen Aufsatz gibt es einen Hammerkopf der zus\u00e4tzlich zu jeder Klinge noch montiert werden kann.<\/p>\n<figure id=\"attachment_11099\" aria-describedby=\"caption-attachment-11099\" style=\"width: 1024px\" class=\"wp-caption alignnone\"><a href=\"https:\/\/bolting.eu\/wp-content\/uploads\/2022\/01\/Austrialpin-KICER-1.jpg\"><img loading=\"lazy\" decoding=\"async\" class=\"wp-image-11099 size-full\" src=\"https:\/\/bolting.eu\/wp-content\/uploads\/2022\/01\/Austrialpin-KICER-1.jpg\" alt=\"Das Bild zeigt die drei verschiedenen HAuen des Austrialpin K.ICE.R Eisger\u00e4tes.\" width=\"1024\" height=\"590\" srcset=\"https:\/\/bolting.eu\/wp-content\/uploads\/2022\/01\/Austrialpin-KICER-1.jpg 1024w, https:\/\/bolting.eu\/wp-content\/uploads\/2022\/01\/Austrialpin-KICER-1-510x294.jpg 510w, https:\/\/bolting.eu\/wp-content\/uploads\/2022\/01\/Austrialpin-KICER-1-694x400.jpg 694w, https:\/\/bolting.eu\/wp-content\/uploads\/2022\/01\/Austrialpin-KICER-1-768x443.jpg 768w, https:\/\/bolting.eu\/wp-content\/uploads\/2022\/01\/Austrialpin-KICER-1-600x346.jpg 600w\" sizes=\"auto, (max-width: 1024px) 100vw, 1024px\" \/><\/a><figcaption id=\"caption-attachment-11099\" class=\"wp-caption-text\">Die drei unterschiedlichen Hauen f\u00fcr das Eiger\u00e4t im direkten Vergleich.<\/figcaption><\/figure>\n<p>&nbsp;<\/p>\n<p>&nbsp;<\/p>\n<p>&nbsp;<\/p>\n","protected":false},"excerpt":{"rendered":"<p>Das K.ICE.R ist ein Eisger\u00e4t f\u00fcr schwere Eis- und Mixed Routen.<\/p>\n<p>Dieses Produkt ist spezifisch f\u00fcr den extremen Einsatz konzipiert. Es bietet mit den drei verf\u00fcgbaren Klingen eine gro\u00dfe Bandbreite an Anwendungsm\u00f6glichkeiten wie Steileis, S\u00e4ulen, Mixed-\u00a0 und reinen Dry Tooling Routen!<\/p>\n","protected":false},"featured_media":11094,"comment_status":"open","ping_status":"closed","template":"","meta":[],"product_brand":[],"product_cat":[4649,13938,14282],"product_tag":[],"class_list":{"0":"post-11093","1":"product","2":"type-product","3":"status-publish","4":"has-post-thumbnail","6":"product_cat-austrialpin","7":"product_cat-bergsteiger-ausruestung","8":"product_cat-eisgeraete","10":"first","11":"instock","12":"sale","13":"taxable","14":"shipping-taxable","15":"purchasable","16":"product-type-variable"},"yoast_head":"<!-- This site is optimized with the Yoast SEO Premium plugin v26.9 (Yoast SEO v26.9) - https:\/\/yoast.com\/product\/yoast-seo-premium-wordpress\/ -->\n<title>Austrialpin K.ICE.R Eisger\u00e4t | bolting.eu<\/title>\n<meta name=\"robots\" content=\"index, follow, max-snippet:-1, max-image-preview:large, max-video-preview:-1\" \/>\n<link rel=\"canonical\" href=\"https:\/\/bolting.eu\/en\/shop\/austrialpin-k-ice-r-eisgeraet\/\" \/>\n<meta property=\"og:locale\" content=\"en_US\" \/>\n<meta property=\"og:type\" content=\"article\" \/>\n<meta property=\"og:title\" content=\"Austrialpin K.ICE.R Eisger\u00e4t\" \/>\n<meta property=\"og:description\" content=\"Das K.ICE.R ist ein Eisger\u00e4t f\u00fcr schwere Eis- und Mixed Routen.  Dieses Produkt ist spezifisch f\u00fcr den extremen Einsatz konzipiert. Es bietet mit den drei verf\u00fcgbaren Klingen eine gro\u00dfe Bandbreite an Anwendungsm\u00f6glichkeiten wie Steileis, S\u00e4ulen, Mixed-\u00a0 und reinen Dry Tooling Routen!\" \/>\n<meta property=\"og:url\" content=\"https:\/\/bolting.eu\/en\/shop\/austrialpin-k-ice-r-eisgeraet\/\" \/>\n<meta property=\"og:site_name\" content=\"bolting.eu\" \/>\n<meta property=\"article:publisher\" content=\"https:\/\/www.facebook.com\/bolting.eu\" \/>\n<meta property=\"article:modified_time\" content=\"2026-01-23T20:17:09+00:00\" \/>\n<meta property=\"og:image\" content=\"https:\/\/bolting.eu\/wp-content\/uploads\/2022\/01\/Austrialpin-KICER-6.jpg\" \/>\n\t<meta property=\"og:image:width\" content=\"700\" \/>\n\t<meta property=\"og:image:height\" content=\"700\" \/>\n\t<meta property=\"og:image:type\" content=\"image\/jpeg\" \/>\n<meta name=\"twitter:card\" content=\"summary_large_image\" \/>\n<meta name=\"twitter:label1\" content=\"Availability\" \/>\n\t<meta name=\"twitter:data1\" content=\"In stock\" \/>\n<script type=\"application\/ld+json\" class=\"yoast-schema-graph\">{\"@context\":\"https:\/\/schema.org\",\"@graph\":[{\"@type\":[\"WebPage\",\"ItemPage\"],\"@id\":\"https:\/\/bolting.eu\/en\/shop\/austrialpin-k-ice-r-eisgeraet\/\",\"url\":\"https:\/\/bolting.eu\/en\/shop\/austrialpin-k-ice-r-eisgeraet\/\",\"name\":\"Austrialpin K.ICE.R Eisger\u00e4t | bolting.eu\",\"isPartOf\":{\"@id\":\"https:\/\/bolting.eu\/en\/#website\"},\"primaryImageOfPage\":{\"@id\":\"https:\/\/bolting.eu\/en\/shop\/austrialpin-k-ice-r-eisgeraet\/#primaryimage\"},\"image\":{\"@id\":\"https:\/\/bolting.eu\/en\/shop\/austrialpin-k-ice-r-eisgeraet\/#primaryimage\"},\"thumbnailUrl\":\"https:\/\/bolting.eu\/wp-content\/uploads\/2022\/01\/Austrialpin-KICER-6.jpg\",\"datePublished\":\"2022-01-14T13:57:41+00:00\",\"dateModified\":\"2026-01-23T20:17:09+00:00\",\"breadcrumb\":{\"@id\":\"https:\/\/bolting.eu\/en\/shop\/austrialpin-k-ice-r-eisgeraet\/#breadcrumb\"},\"inLanguage\":\"en-US\",\"potentialAction\":[{\"@type\":\"ReadAction\",\"target\":[\"https:\/\/bolting.eu\/en\/shop\/austrialpin-k-ice-r-eisgeraet\/\"]}]},{\"@type\":\"ImageObject\",\"inLanguage\":\"en-US\",\"@id\":\"https:\/\/bolting.eu\/en\/shop\/austrialpin-k-ice-r-eisgeraet\/#primaryimage\",\"url\":\"https:\/\/bolting.eu\/wp-content\/uploads\/2022\/01\/Austrialpin-KICER-6.jpg\",\"contentUrl\":\"https:\/\/bolting.eu\/wp-content\/uploads\/2022\/01\/Austrialpin-KICER-6.jpg\",\"width\":700,\"height\":700,\"caption\":\"Das Bild zeigt das blaue Austrialpin K.ICE.R EIsger\u00e4t aufrecht in einem wei\u00dfem Quadrat.\"},{\"@type\":\"BreadcrumbList\",\"@id\":\"https:\/\/bolting.eu\/en\/shop\/austrialpin-k-ice-r-eisgeraet\/#breadcrumb\",\"itemListElement\":[{\"@type\":\"ListItem\",\"position\":1,\"name\":\"Shop\",\"item\":\"https:\/\/bolting.eu\/en\/shop\/\"},{\"@type\":\"ListItem\",\"position\":2,\"name\":\"Bergsteiger Ausr\u00fcstung\",\"item\":\"https:\/\/bolting.eu\/produkt-kategorie\/bergsteiger-ausruestung\/\"},{\"@type\":\"ListItem\",\"position\":3,\"name\":\"Eisger\u00e4te\",\"item\":\"https:\/\/bolting.eu\/produkt-kategorie\/bergsteiger-ausruestung\/eisgeraete\/\"},{\"@type\":\"ListItem\",\"position\":4,\"name\":\"Austrialpin K.ICE.R Eisger\u00e4t\"}]},{\"@type\":\"WebSite\",\"@id\":\"https:\/\/bolting.eu\/en\/#website\",\"url\":\"https:\/\/bolting.eu\/en\/\",\"name\":\"bolting.eu\",\"description\":\"we make climbs happen\",\"publisher\":{\"@id\":\"https:\/\/bolting.eu\/en\/#organization\"},\"potentialAction\":[{\"@type\":\"SearchAction\",\"target\":{\"@type\":\"EntryPoint\",\"urlTemplate\":\"https:\/\/bolting.eu\/en\/?s={search_term_string}\"},\"query-input\":{\"@type\":\"PropertyValueSpecification\",\"valueRequired\":true,\"valueName\":\"search_term_string\"}}],\"inLanguage\":\"en-US\"},{\"@type\":[\"Organization\",\"Place\",\"SportingGoodsStore\"],\"@id\":\"https:\/\/bolting.eu\/en\/#organization\",\"name\":\"bolting.eu\",\"url\":\"https:\/\/bolting.eu\/en\/\",\"logo\":{\"@id\":\"https:\/\/bolting.eu\/en\/shop\/austrialpin-k-ice-r-eisgeraet\/#local-main-organization-logo\"},\"image\":{\"@id\":\"https:\/\/bolting.eu\/en\/shop\/austrialpin-k-ice-r-eisgeraet\/#local-main-organization-logo\"},\"sameAs\":[\"https:\/\/www.facebook.com\/bolting.eu\",\"https:\/\/www.instagram.com\/bolting.eu\/\"],\"address\":{\"@id\":\"https:\/\/bolting.eu\/en\/shop\/austrialpin-k-ice-r-eisgeraet\/#local-main-place-address\"},\"geo\":{\"@type\":\"GeoCoordinates\",\"latitude\":\"47.264176340396226\",\"longitude\":\"11.380109057672346\"},\"telephone\":[\"+43 699 19083372\"],\"openingHoursSpecification\":[{\"@type\":\"OpeningHoursSpecification\",\"dayOfWeek\":[\"Monday\",\"Wednesday\",\"Friday\"],\"opens\":\"14:00\",\"closes\":\"18:00\"},{\"@type\":\"OpeningHoursSpecification\",\"dayOfWeek\":[\"Tuesday\",\"Thursday\",\"Saturday\",\"Sunday\"],\"opens\":\"00:00\",\"closes\":\"00:00\"}],\"email\":\"office@bolting.eu\",\"vatID\":\"ATU59999728\",\"priceRange\":\"$$\",\"currenciesAccepted\":\"Euro\"},{\"@type\":\"PostalAddress\",\"@id\":\"https:\/\/bolting.eu\/en\/shop\/austrialpin-k-ice-r-eisgeraet\/#local-main-place-address\",\"streetAddress\":\"Fischnalerstra\u00dfe 4\",\"addressLocality\":\"Innsbruck\",\"postalCode\":\"6020\",\"addressRegion\":\"Tirol\",\"addressCountry\":\"AT\"},{\"@type\":\"ImageObject\",\"inLanguage\":\"en-US\",\"@id\":\"https:\/\/bolting.eu\/en\/shop\/austrialpin-k-ice-r-eisgeraet\/#local-main-organization-logo\",\"url\":\"https:\/\/bolting.eu\/wp-content\/uploads\/2019\/09\/bolting-logo.png\",\"contentUrl\":\"https:\/\/bolting.eu\/wp-content\/uploads\/2019\/09\/bolting-logo.png\",\"width\":400,\"height\":211,\"caption\":\"bolting.eu\"}]}<\/script>\n<meta property=\"og:video\" content=\"https:\/\/www.youtube.com\/embed\/fMwcm5Eyu2E\" \/>\n<meta property=\"og:video:type\" content=\"text\/html\" \/>\n<meta property=\"og:video:duration\" content=\"290\" \/>\n<meta property=\"og:video:width\" content=\"480\" \/>\n<meta property=\"og:video:height\" content=\"270\" \/>\n<meta property=\"ya:ovs:adult\" content=\"false\" \/>\n<meta property=\"ya:ovs:upload_date\" content=\"2022-01-14T13:57:41+00:00\" \/>\n<meta property=\"ya:ovs:allow_embed\" content=\"true\" \/>\n<meta property=\"og:availability\" content=\"instock\" \/>\n<meta property=\"product:availability\" content=\"instock\" \/>\n<meta property=\"product:condition\" content=\"new\" \/>\n<meta name=\"geo.placename\" content=\"Innsbruck\" \/>\n<meta name=\"geo.position\" content=\"47.264176340396226;11.380109057672346\" \/>\n<meta name=\"geo.region\" content=\"Austria\" \/>\n<!-- \/ Yoast SEO Premium plugin. -->","yoast_head_json":{"title":"Austrialpin K.ICE.R Eisger\u00e4t | bolting.eu","robots":{"index":"index","follow":"follow","max-snippet":"max-snippet:-1","max-image-preview":"max-image-preview:large","max-video-preview":"max-video-preview:-1"},"canonical":"https:\/\/bolting.eu\/en\/shop\/austrialpin-k-ice-r-eisgeraet\/","og_locale":"en_US","og_type":"article","og_title":"Austrialpin K.ICE.R Eisger\u00e4t","og_description":"Das K.ICE.R ist ein Eisger\u00e4t f\u00fcr schwere Eis- und Mixed Routen.  Dieses Produkt ist spezifisch f\u00fcr den extremen Einsatz konzipiert. Es bietet mit den drei verf\u00fcgbaren Klingen eine gro\u00dfe Bandbreite an Anwendungsm\u00f6glichkeiten wie Steileis, S\u00e4ulen, Mixed-\u00a0 und reinen Dry Tooling Routen!","og_url":"https:\/\/bolting.eu\/en\/shop\/austrialpin-k-ice-r-eisgeraet\/","og_site_name":"bolting.eu","article_publisher":"https:\/\/www.facebook.com\/bolting.eu","article_modified_time":"2026-01-23T20:17:09+00:00","og_image":[{"width":700,"height":700,"url":"https:\/\/bolting.eu\/wp-content\/uploads\/2022\/01\/Austrialpin-KICER-6.jpg","type":"image\/jpeg"}],"twitter_card":"summary_large_image","twitter_misc":{"Availability":"In stock"},"schema":{"@context":"https:\/\/schema.org","@graph":[{"@type":["WebPage","ItemPage"],"@id":"https:\/\/bolting.eu\/en\/shop\/austrialpin-k-ice-r-eisgeraet\/","url":"https:\/\/bolting.eu\/en\/shop\/austrialpin-k-ice-r-eisgeraet\/","name":"Austrialpin K.ICE.R Eisger\u00e4t | bolting.eu","isPartOf":{"@id":"https:\/\/bolting.eu\/en\/#website"},"primaryImageOfPage":{"@id":"https:\/\/bolting.eu\/en\/shop\/austrialpin-k-ice-r-eisgeraet\/#primaryimage"},"image":{"@id":"https:\/\/bolting.eu\/en\/shop\/austrialpin-k-ice-r-eisgeraet\/#primaryimage"},"thumbnailUrl":"https:\/\/bolting.eu\/wp-content\/uploads\/2022\/01\/Austrialpin-KICER-6.jpg","datePublished":"2022-01-14T13:57:41+00:00","dateModified":"2026-01-23T20:17:09+00:00","breadcrumb":{"@id":"https:\/\/bolting.eu\/en\/shop\/austrialpin-k-ice-r-eisgeraet\/#breadcrumb"},"inLanguage":"en-US","potentialAction":[{"@type":"ReadAction","target":["https:\/\/bolting.eu\/en\/shop\/austrialpin-k-ice-r-eisgeraet\/"]}]},{"@type":"ImageObject","inLanguage":"en-US","@id":"https:\/\/bolting.eu\/en\/shop\/austrialpin-k-ice-r-eisgeraet\/#primaryimage","url":"https:\/\/bolting.eu\/wp-content\/uploads\/2022\/01\/Austrialpin-KICER-6.jpg","contentUrl":"https:\/\/bolting.eu\/wp-content\/uploads\/2022\/01\/Austrialpin-KICER-6.jpg","width":700,"height":700,"caption":"Das Bild zeigt das blaue Austrialpin K.ICE.R EIsger\u00e4t aufrecht in einem wei\u00dfem Quadrat."},{"@type":"BreadcrumbList","@id":"https:\/\/bolting.eu\/en\/shop\/austrialpin-k-ice-r-eisgeraet\/#breadcrumb","itemListElement":[{"@type":"ListItem","position":1,"name":"Shop","item":"https:\/\/bolting.eu\/en\/shop\/"},{"@type":"ListItem","position":2,"name":"Bergsteiger Ausr\u00fcstung","item":"https:\/\/bolting.eu\/produkt-kategorie\/bergsteiger-ausruestung\/"},{"@type":"ListItem","position":3,"name":"Eisger\u00e4te","item":"https:\/\/bolting.eu\/produkt-kategorie\/bergsteiger-ausruestung\/eisgeraete\/"},{"@type":"ListItem","position":4,"name":"Austrialpin K.ICE.R Eisger\u00e4t"}]},{"@type":"WebSite","@id":"https:\/\/bolting.eu\/en\/#website","url":"https:\/\/bolting.eu\/en\/","name":"bolting.eu","description":"we make climbs happen","publisher":{"@id":"https:\/\/bolting.eu\/en\/#organization"},"potentialAction":[{"@type":"SearchAction","target":{"@type":"EntryPoint","urlTemplate":"https:\/\/bolting.eu\/en\/?s={search_term_string}"},"query-input":{"@type":"PropertyValueSpecification","valueRequired":true,"valueName":"search_term_string"}}],"inLanguage":"en-US"},{"@type":["Organization","Place","SportingGoodsStore"],"@id":"https:\/\/bolting.eu\/en\/#organization","name":"bolting.eu","url":"https:\/\/bolting.eu\/en\/","logo":{"@id":"https:\/\/bolting.eu\/en\/shop\/austrialpin-k-ice-r-eisgeraet\/#local-main-organization-logo"},"image":{"@id":"https:\/\/bolting.eu\/en\/shop\/austrialpin-k-ice-r-eisgeraet\/#local-main-organization-logo"},"sameAs":["https:\/\/www.facebook.com\/bolting.eu","https:\/\/www.instagram.com\/bolting.eu\/"],"address":{"@id":"https:\/\/bolting.eu\/en\/shop\/austrialpin-k-ice-r-eisgeraet\/#local-main-place-address"},"geo":{"@type":"GeoCoordinates","latitude":"47.264176340396226","longitude":"11.380109057672346"},"telephone":["+43 699 19083372"],"openingHoursSpecification":[{"@type":"OpeningHoursSpecification","dayOfWeek":["Monday","Wednesday","Friday"],"opens":"14:00","closes":"18:00"},{"@type":"OpeningHoursSpecification","dayOfWeek":["Tuesday","Thursday","Saturday","Sunday"],"opens":"00:00","closes":"00:00"}],"email":"office@bolting.eu","vatID":"ATU59999728","priceRange":"$$","currenciesAccepted":"Euro"},{"@type":"PostalAddress","@id":"https:\/\/bolting.eu\/en\/shop\/austrialpin-k-ice-r-eisgeraet\/#local-main-place-address","streetAddress":"Fischnalerstra\u00dfe 4","addressLocality":"Innsbruck","postalCode":"6020","addressRegion":"Tirol","addressCountry":"AT"},{"@type":"ImageObject","inLanguage":"en-US","@id":"https:\/\/bolting.eu\/en\/shop\/austrialpin-k-ice-r-eisgeraet\/#local-main-organization-logo","url":"https:\/\/bolting.eu\/wp-content\/uploads\/2019\/09\/bolting-logo.png","contentUrl":"https:\/\/bolting.eu\/wp-content\/uploads\/2019\/09\/bolting-logo.png","width":400,"height":211,"caption":"bolting.eu"}]},"og_video":"https:\/\/www.youtube.com\/embed\/fMwcm5Eyu2E","og_video_type":"text\/html","og_video_duration":"290","og_video_width":"480","og_video_height":"270","ya_ovs_adult":"false","ya_ovs_upload_date":"2022-01-14T13:57:41+00:00","ya_ovs_allow_embed":"true","og_availability":"instock","product_availability":"instock","product_condition":"new","geo.placename":"Innsbruck","geo.position":{"lat":"47.264176340396226","long":"11.380109057672346"},"geo.region":"Austria"},"_links":{"self":[{"href":"https:\/\/bolting.eu\/en\/wp-json\/wp\/v2\/product\/11093","targetHints":{"allow":["GET"]}}],"collection":[{"href":"https:\/\/bolting.eu\/en\/wp-json\/wp\/v2\/product"}],"about":[{"href":"https:\/\/bolting.eu\/en\/wp-json\/wp\/v2\/types\/product"}],"replies":[{"embeddable":true,"href":"https:\/\/bolting.eu\/en\/wp-json\/wp\/v2\/comments?post=11093"}],"wp:featuredmedia":[{"embeddable":true,"href":"https:\/\/bolting.eu\/en\/wp-json\/wp\/v2\/media\/11094"}],"wp:attachment":[{"href":"https:\/\/bolting.eu\/en\/wp-json\/wp\/v2\/media?parent=11093"}],"wp:term":[{"taxonomy":"product_brand","embeddable":true,"href":"https:\/\/bolting.eu\/en\/wp-json\/wp\/v2\/product_brand?post=11093"},{"taxonomy":"product_cat","embeddable":true,"href":"https:\/\/bolting.eu\/en\/wp-json\/wp\/v2\/product_cat?post=11093"},{"taxonomy":"product_tag","embeddable":true,"href":"https:\/\/bolting.eu\/en\/wp-json\/wp\/v2\/product_tag?post=11093"}],"curies":[{"name":"wp","href":"https:\/\/api.w.org\/{rel}","templated":true}]}}