{"id":11089,"date":"2022-01-14T13:35:13","date_gmt":"2022-01-14T12:35:13","guid":{"rendered":"https:\/\/bolting.eu\/?post_type=product&#038;p=11089"},"modified":"2025-02-26T16:12:37","modified_gmt":"2025-02-26T15:12:37","slug":"austrialpin-prinzessin-mini-eispickel","status":"publish","type":"product","link":"https:\/\/bolting.eu\/en\/shop\/austrialpin-prinzessin-mini-eispickel\/","title":{"rendered":"Austrialpin Prinzessin &#8211; Mini Eispickel"},"content":{"rendered":"<p>Das Austrialpin Prinzessin ist ein Mini <a href=\"https:\/\/bolting.eu\/produkt-kategorie\/bergsteiger-ausruestung\/eispickel\/\">Eispickel<\/a>. Er ist f\u00fcr den kurzen Einsatz bei Alpin- bzw. Skitouren gedacht. Ebenso eignet sich dieses Ger\u00e4t bestens f\u00fcr Bergwanderer, welche steile Firnflanken queren wollen.<\/p>\n<p>Das nur 338 Gramm leichte Mini Eisger\u00e4t besteht aus einem 4mm dickem, 35cm langen Karbonstahl Blech. Der Schaft wurde mit einem ergonomischen Kunststoffgriff ausgestattet, sodass man den Eispickel perfekt einhalten kann.<\/p>\n<p>Die \u00d6se im Schaft bzw. der Schlitz im Kopfteil erm\u00f6glichen auch das Einh\u00e4ngen einer <a href=\"https:\/\/bolting.eu\/produkt-kategorie\/kletterausruestung\/bandschlinge\/\">Bandschlinge<\/a> bzw. eines Kletterkarabiners. Somit wird das kurzfristige Nachsichern eines Partners m\u00f6glich.<\/p>\n<p>Kurzum. Dieses Mini Eisger\u00e4t ist eine perfekte Wahl, wenn man nur ab und zu f\u00fcr kleine Abschnitte einen Pickel braucht.<\/p>\n<h2>Eigenschaften Austrialpin Prinzessin<\/h2>\n<ul>\n<li>Hersteller:\u00a0<a href=\"https:\/\/bolting.eu\/produkt-kategorie\/austrialpin\/\">Austrialpin<\/a><\/li>\n<li>Material: Karbonstahl bzw. Kunststoff<\/li>\n<li>Gewicht: 338 Gramm<\/li>\n<li>Dicke: 4mm<\/li>\n<li>L\u00e4nge: 36cm<\/li>\n<li>ergonomischer Kunststoffgriff<\/li>\n<li>Schlitz zum Einh\u00e4ngen eines Kletterkarabiners im Kopfteil<\/li>\n<li>\u00d6se f\u00fcr Bandschlinge im Schaft<\/li>\n<li>ideal als Mini Eispickel f\u00fcr kurze Gletscher- und Firnquerungen<\/li>\n<li>KTL Beschichtung als Korrosionsschutz<\/li>\n<li><a href=\"https:\/\/www.austrialpin.at\/service\/knowledgebase\/wartungs-und-pflegehinweise\/\">Pflegehinweise<\/a><\/li>\n<\/ul>\n<h3>Einsatzbereiche des Mini Eispickel<\/h3>\n<p>Das Austrialpin Prinzessin Eisger\u00e4t ist f\u00fcr den sporadischen Einsatz gedacht.<\/p>\n<p>Zum einen bei Skitouren, wenn kurze und steile Passagen hart und vereist sein sollten. Hier bietet dieser Eispickel einen sehr guten Schutz gegen einen Absturz. Und zum anderen bei Alpin- bzw. Bergtouren, wenn nur kurze Abschnitte \u00fcber Gletscher bzw. steile Firnfelder gequert werden m\u00fcssen. Auch hier bietet dieses Produkt den ben\u00f6tigten Schutz wenn man ins Rutschen kommt.<\/p>\n<p>Bei nur 338 Gramm Gewicht gibt es auch keine Ausreden mehr bzgl. des Gewichts. Ein paar Schluck weniger Wasser und ein Jausenbrot weniger, schon hat man das Gewicht eingespart!<\/p>\n<h3>Gr\u00f6\u00dfenvergleich mit normalem Eisger\u00e4t<\/h3>\n<figure id=\"attachment_11090\" aria-describedby=\"caption-attachment-11090\" style=\"width: 280px\" class=\"wp-caption alignleft\"><a href=\"https:\/\/bolting.eu\/wp-content\/uploads\/2022\/01\/Austrialpin-Prinzessin-Mini-Eispickel-Gro\u0308ssenvergleich.jpg\"><img loading=\"lazy\" decoding=\"async\" class=\"wp-image-11090 size-thumbnail\" src=\"https:\/\/bolting.eu\/wp-content\/uploads\/2022\/01\/Austrialpin-Prinzessin-Mini-Eispickel-Gro\u0308ssenvergleich-280x280.jpg\" alt=\"Das Bild zeigt den Gr\u00f6\u00dfenvergleich eines Mini Eispickels mit einem normalen Eisger\u00e4t.\" width=\"280\" height=\"280\" srcset=\"https:\/\/bolting.eu\/wp-content\/uploads\/2022\/01\/Austrialpin-Prinzessin-Mini-Eispickel-Gro\u0308ssenvergleich-280x280.jpg 280w, https:\/\/bolting.eu\/wp-content\/uploads\/2022\/01\/Austrialpin-Prinzessin-Mini-Eispickel-Gro\u0308ssenvergleich-100x100.jpg 100w, https:\/\/bolting.eu\/wp-content\/uploads\/2022\/01\/Austrialpin-Prinzessin-Mini-Eispickel-Gro\u0308ssenvergleich-510x510.jpg 510w, https:\/\/bolting.eu\/wp-content\/uploads\/2022\/01\/Austrialpin-Prinzessin-Mini-Eispickel-Gro\u0308ssenvergleich-400x400.jpg 400w, https:\/\/bolting.eu\/wp-content\/uploads\/2022\/01\/Austrialpin-Prinzessin-Mini-Eispickel-Gro\u0308ssenvergleich-300x300.jpg 300w, https:\/\/bolting.eu\/wp-content\/uploads\/2022\/01\/Austrialpin-Prinzessin-Mini-Eispickel-Gro\u0308ssenvergleich-600x600.jpg 600w, https:\/\/bolting.eu\/wp-content\/uploads\/2022\/01\/Austrialpin-Prinzessin-Mini-Eispickel-Gro\u0308ssenvergleich.jpg 700w\" sizes=\"auto, (max-width: 280px) 100vw, 280px\" \/><\/a><figcaption id=\"caption-attachment-11090\" class=\"wp-caption-text\">Der Gr\u00f6\u00dfenvergleich macht die Gewichts- und Platzersparnis deutlich!<\/figcaption><\/figure>\n<p>Der Gr\u00f6\u00dfenvergleich macht die Gewichtsersparnis sowie das kleinere Packma\u00df offensichtlich. W\u00e4hrend ein normales Eisger\u00e4t bzw. normaler Eispickel nur au\u00dfen am Kletterrucksack Platz findet, l\u00e4sst sich der Mini Eispickel auch noch im Rucksack verstauen.<\/p>\n<p>Dar\u00fcber hinaus wird die Gewichtsersparnis von ca. 300 Gramm ebenso deutlich.<\/p>\n<p>&nbsp;<\/p>\n","protected":false},"excerpt":{"rendered":"<p>Kleines Eisger\u00e4t f\u00fcr den sporadischen Einsatz bzw. kurze Gletscher- und Firnquerungen. Mit nur 338 Gramm ein echtes Leichtgewicht mit geringem Packma\u00df f\u00fcr Alpinisten, Skitourengeher und Bergwanderer.<\/p>\n<p>Versandkostenfrei bis 2kg in <img decoding=\"async\" class=\"emoji\" role=\"img\" draggable=\"false\" src=\"https:\/\/s.w.org\/images\/core\/emoji\/13.1.0\/svg\/1f1e6-1f1f9.svg\" alt=\"\ud83c\udde6\ud83c\uddf9\" \/> ab \u20ac 100,- und <img decoding=\"async\" class=\"emoji\" role=\"img\" draggable=\"false\" src=\"https:\/\/s.w.org\/images\/core\/emoji\/13.1.0\/svg\/1f1e9-1f1ea.svg\" alt=\"\ud83c\udde9\ud83c\uddea\" \/> ab \u20ac 200,-!<\/p>\n","protected":false},"featured_media":11092,"comment_status":"open","ping_status":"closed","template":"","meta":[],"product_brand":[],"product_cat":[13938,14282,4649,11054],"product_tag":[],"class_list":{"0":"post-11089","1":"product","2":"type-product","3":"status-publish","4":"has-post-thumbnail","6":"product_cat-bergsteiger-ausruestung","7":"product_cat-eisgeraete","8":"product_cat-austrialpin","9":"product_cat-eispickel","11":"first","12":"instock","13":"sale","14":"taxable","15":"shipping-taxable","16":"purchasable","17":"product-type-simple"},"yoast_head":"<!-- This site is optimized with the Yoast SEO Premium plugin v26.9 (Yoast SEO v26.9) - https:\/\/yoast.com\/product\/yoast-seo-premium-wordpress\/ -->\n<title>Austrialpin Prinzessin - Mini Eispickel | bolting.eu<\/title>\n<meta name=\"description\" content=\"Hier findest Du die Austrialpin Prinzessin. Ein Mini Eispickel f\u00fcr den sporadischen Einsatz bzw. kurze Gletscher- und Firnflanken!\" \/>\n<meta name=\"robots\" content=\"index, follow, max-snippet:-1, max-image-preview:large, max-video-preview:-1\" \/>\n<link rel=\"canonical\" href=\"https:\/\/bolting.eu\/en\/shop\/austrialpin-prinzessin-mini-eispickel\/\" \/>\n<meta property=\"og:locale\" content=\"en_US\" \/>\n<meta property=\"og:type\" content=\"article\" \/>\n<meta property=\"og:title\" content=\"Austrialpin Prinzessin - Mini Eispickel\" \/>\n<meta property=\"og:description\" content=\"Hier findest Du die Austrialpin Prinzessin. Ein Mini Eispickel f\u00fcr den sporadischen Einsatz bzw. kurze Gletscher- und Firnflanken!\" \/>\n<meta property=\"og:url\" content=\"https:\/\/bolting.eu\/en\/shop\/austrialpin-prinzessin-mini-eispickel\/\" \/>\n<meta property=\"og:site_name\" content=\"bolting.eu\" \/>\n<meta property=\"article:publisher\" content=\"https:\/\/www.facebook.com\/bolting.eu\" \/>\n<meta property=\"article:modified_time\" content=\"2025-02-26T15:12:37+00:00\" \/>\n<meta property=\"og:image\" content=\"https:\/\/bolting.eu\/wp-content\/uploads\/2022\/01\/Austrialpin-Prinzessin-Mini-Eispickel1.jpg\" \/>\n\t<meta property=\"og:image:width\" content=\"700\" \/>\n\t<meta property=\"og:image:height\" content=\"700\" \/>\n\t<meta property=\"og:image:type\" content=\"image\/jpeg\" \/>\n<meta name=\"twitter:card\" content=\"summary_large_image\" \/>\n<meta name=\"twitter:label1\" content=\"Price\" \/>\n\t<meta name=\"twitter:data1\" content=\"&euro;&nbsp;69,90\" \/>\n\t<meta name=\"twitter:label2\" content=\"Availability\" \/>\n\t<meta name=\"twitter:data2\" content=\"In stock\" \/>\n<script type=\"application\/ld+json\" class=\"yoast-schema-graph\">{\"@context\":\"https:\/\/schema.org\",\"@graph\":[{\"@type\":[\"WebPage\",\"ItemPage\"],\"@id\":\"https:\/\/bolting.eu\/en\/shop\/austrialpin-prinzessin-mini-eispickel\/\",\"url\":\"https:\/\/bolting.eu\/en\/shop\/austrialpin-prinzessin-mini-eispickel\/\",\"name\":\"Austrialpin Prinzessin - Mini Eispickel | bolting.eu\",\"isPartOf\":{\"@id\":\"https:\/\/bolting.eu\/en\/#website\"},\"primaryImageOfPage\":{\"@id\":\"https:\/\/bolting.eu\/en\/shop\/austrialpin-prinzessin-mini-eispickel\/#primaryimage\"},\"image\":{\"@id\":\"https:\/\/bolting.eu\/en\/shop\/austrialpin-prinzessin-mini-eispickel\/#primaryimage\"},\"thumbnailUrl\":\"https:\/\/bolting.eu\/wp-content\/uploads\/2022\/01\/Austrialpin-Prinzessin-Mini-Eispickel1.jpg\",\"datePublished\":\"2022-01-14T12:35:13+00:00\",\"dateModified\":\"2025-02-26T15:12:37+00:00\",\"description\":\"Hier findest Du die Austrialpin Prinzessin. Ein Mini Eispickel f\u00fcr den sporadischen Einsatz bzw. kurze Gletscher- und Firnflanken!\",\"breadcrumb\":{\"@id\":\"https:\/\/bolting.eu\/en\/shop\/austrialpin-prinzessin-mini-eispickel\/#breadcrumb\"},\"inLanguage\":\"en-US\",\"potentialAction\":[{\"@type\":\"ReadAction\",\"target\":[\"https:\/\/bolting.eu\/en\/shop\/austrialpin-prinzessin-mini-eispickel\/\"]}]},{\"@type\":\"ImageObject\",\"inLanguage\":\"en-US\",\"@id\":\"https:\/\/bolting.eu\/en\/shop\/austrialpin-prinzessin-mini-eispickel\/#primaryimage\",\"url\":\"https:\/\/bolting.eu\/wp-content\/uploads\/2022\/01\/Austrialpin-Prinzessin-Mini-Eispickel1.jpg\",\"contentUrl\":\"https:\/\/bolting.eu\/wp-content\/uploads\/2022\/01\/Austrialpin-Prinzessin-Mini-Eispickel1.jpg\",\"width\":700,\"height\":700,\"caption\":\"Das Bild zeigt den Austrialpin Prinzessin Mini Eispickel mit schwarzer Stahklinge und rotem Kunststoffgriff.\"},{\"@type\":\"BreadcrumbList\",\"@id\":\"https:\/\/bolting.eu\/en\/shop\/austrialpin-prinzessin-mini-eispickel\/#breadcrumb\",\"itemListElement\":[{\"@type\":\"ListItem\",\"position\":1,\"name\":\"Shop\",\"item\":\"https:\/\/bolting.eu\/en\/shop\/\"},{\"@type\":\"ListItem\",\"position\":2,\"name\":\"Bergsteiger Ausr\u00fcstung\",\"item\":\"https:\/\/bolting.eu\/produkt-kategorie\/bergsteiger-ausruestung\/\"},{\"@type\":\"ListItem\",\"position\":3,\"name\":\"Eispickel\",\"item\":\"https:\/\/bolting.eu\/produkt-kategorie\/bergsteiger-ausruestung\/eispickel\/\"},{\"@type\":\"ListItem\",\"position\":4,\"name\":\"Austrialpin Prinzessin &#8211; Mini Eispickel\"}]},{\"@type\":\"WebSite\",\"@id\":\"https:\/\/bolting.eu\/en\/#website\",\"url\":\"https:\/\/bolting.eu\/en\/\",\"name\":\"bolting.eu\",\"description\":\"we make climbs happen\",\"publisher\":{\"@id\":\"https:\/\/bolting.eu\/en\/#organization\"},\"potentialAction\":[{\"@type\":\"SearchAction\",\"target\":{\"@type\":\"EntryPoint\",\"urlTemplate\":\"https:\/\/bolting.eu\/en\/?s={search_term_string}\"},\"query-input\":{\"@type\":\"PropertyValueSpecification\",\"valueRequired\":true,\"valueName\":\"search_term_string\"}}],\"inLanguage\":\"en-US\"},{\"@type\":[\"Organization\",\"Place\",\"SportingGoodsStore\"],\"@id\":\"https:\/\/bolting.eu\/en\/#organization\",\"name\":\"bolting.eu\",\"url\":\"https:\/\/bolting.eu\/en\/\",\"logo\":{\"@id\":\"https:\/\/bolting.eu\/en\/shop\/austrialpin-prinzessin-mini-eispickel\/#local-main-organization-logo\"},\"image\":{\"@id\":\"https:\/\/bolting.eu\/en\/shop\/austrialpin-prinzessin-mini-eispickel\/#local-main-organization-logo\"},\"sameAs\":[\"https:\/\/www.facebook.com\/bolting.eu\",\"https:\/\/www.instagram.com\/bolting.eu\/\"],\"address\":{\"@id\":\"https:\/\/bolting.eu\/en\/shop\/austrialpin-prinzessin-mini-eispickel\/#local-main-place-address\"},\"geo\":{\"@type\":\"GeoCoordinates\",\"latitude\":\"47.264176340396226\",\"longitude\":\"11.380109057672346\"},\"telephone\":[\"+43 699 19083372\"],\"openingHoursSpecification\":[{\"@type\":\"OpeningHoursSpecification\",\"dayOfWeek\":[\"Monday\",\"Wednesday\",\"Friday\"],\"opens\":\"14:00\",\"closes\":\"18:00\"},{\"@type\":\"OpeningHoursSpecification\",\"dayOfWeek\":[\"Tuesday\",\"Thursday\",\"Saturday\",\"Sunday\"],\"opens\":\"00:00\",\"closes\":\"00:00\"}],\"email\":\"office@bolting.eu\",\"vatID\":\"ATU59999728\",\"priceRange\":\"$$\",\"currenciesAccepted\":\"Euro\"},{\"@type\":\"PostalAddress\",\"@id\":\"https:\/\/bolting.eu\/en\/shop\/austrialpin-prinzessin-mini-eispickel\/#local-main-place-address\",\"streetAddress\":\"Fischnalerstra\u00dfe 4\",\"addressLocality\":\"Innsbruck\",\"postalCode\":\"6020\",\"addressRegion\":\"Tirol\",\"addressCountry\":\"AT\"},{\"@type\":\"ImageObject\",\"inLanguage\":\"en-US\",\"@id\":\"https:\/\/bolting.eu\/en\/shop\/austrialpin-prinzessin-mini-eispickel\/#local-main-organization-logo\",\"url\":\"https:\/\/bolting.eu\/wp-content\/uploads\/2019\/09\/bolting-logo.png\",\"contentUrl\":\"https:\/\/bolting.eu\/wp-content\/uploads\/2019\/09\/bolting-logo.png\",\"width\":400,\"height\":211,\"caption\":\"bolting.eu\"}]}<\/script>\n<meta property=\"product:price:amount\" content=\"69.90\" \/>\n<meta property=\"product:price:currency\" content=\"EUR\" \/>\n<meta property=\"og:availability\" content=\"instock\" \/>\n<meta property=\"product:availability\" content=\"instock\" \/>\n<meta property=\"product:retailer_item_id\" content=\"EV49A\" \/>\n<meta property=\"product:condition\" content=\"new\" \/>\n<meta name=\"geo.placename\" content=\"Innsbruck\" \/>\n<meta name=\"geo.position\" content=\"47.264176340396226;11.380109057672346\" \/>\n<meta name=\"geo.region\" content=\"Austria\" \/>\n<!-- \/ Yoast SEO Premium plugin. -->","yoast_head_json":{"title":"Austrialpin Prinzessin - Mini Eispickel | bolting.eu","description":"Hier findest Du die Austrialpin Prinzessin. Ein Mini Eispickel f\u00fcr den sporadischen Einsatz bzw. kurze Gletscher- und Firnflanken!","robots":{"index":"index","follow":"follow","max-snippet":"max-snippet:-1","max-image-preview":"max-image-preview:large","max-video-preview":"max-video-preview:-1"},"canonical":"https:\/\/bolting.eu\/en\/shop\/austrialpin-prinzessin-mini-eispickel\/","og_locale":"en_US","og_type":"article","og_title":"Austrialpin Prinzessin - Mini Eispickel","og_description":"Hier findest Du die Austrialpin Prinzessin. Ein Mini Eispickel f\u00fcr den sporadischen Einsatz bzw. kurze Gletscher- und Firnflanken!","og_url":"https:\/\/bolting.eu\/en\/shop\/austrialpin-prinzessin-mini-eispickel\/","og_site_name":"bolting.eu","article_publisher":"https:\/\/www.facebook.com\/bolting.eu","article_modified_time":"2025-02-26T15:12:37+00:00","og_image":[{"width":700,"height":700,"url":"https:\/\/bolting.eu\/wp-content\/uploads\/2022\/01\/Austrialpin-Prinzessin-Mini-Eispickel1.jpg","type":"image\/jpeg"}],"twitter_card":"summary_large_image","twitter_misc":{"Price":"&euro;&nbsp;69,90","Availability":"In stock"},"schema":{"@context":"https:\/\/schema.org","@graph":[{"@type":["WebPage","ItemPage"],"@id":"https:\/\/bolting.eu\/en\/shop\/austrialpin-prinzessin-mini-eispickel\/","url":"https:\/\/bolting.eu\/en\/shop\/austrialpin-prinzessin-mini-eispickel\/","name":"Austrialpin Prinzessin - Mini Eispickel | bolting.eu","isPartOf":{"@id":"https:\/\/bolting.eu\/en\/#website"},"primaryImageOfPage":{"@id":"https:\/\/bolting.eu\/en\/shop\/austrialpin-prinzessin-mini-eispickel\/#primaryimage"},"image":{"@id":"https:\/\/bolting.eu\/en\/shop\/austrialpin-prinzessin-mini-eispickel\/#primaryimage"},"thumbnailUrl":"https:\/\/bolting.eu\/wp-content\/uploads\/2022\/01\/Austrialpin-Prinzessin-Mini-Eispickel1.jpg","datePublished":"2022-01-14T12:35:13+00:00","dateModified":"2025-02-26T15:12:37+00:00","description":"Hier findest Du die Austrialpin Prinzessin. Ein Mini Eispickel f\u00fcr den sporadischen Einsatz bzw. kurze Gletscher- und Firnflanken!","breadcrumb":{"@id":"https:\/\/bolting.eu\/en\/shop\/austrialpin-prinzessin-mini-eispickel\/#breadcrumb"},"inLanguage":"en-US","potentialAction":[{"@type":"ReadAction","target":["https:\/\/bolting.eu\/en\/shop\/austrialpin-prinzessin-mini-eispickel\/"]}]},{"@type":"ImageObject","inLanguage":"en-US","@id":"https:\/\/bolting.eu\/en\/shop\/austrialpin-prinzessin-mini-eispickel\/#primaryimage","url":"https:\/\/bolting.eu\/wp-content\/uploads\/2022\/01\/Austrialpin-Prinzessin-Mini-Eispickel1.jpg","contentUrl":"https:\/\/bolting.eu\/wp-content\/uploads\/2022\/01\/Austrialpin-Prinzessin-Mini-Eispickel1.jpg","width":700,"height":700,"caption":"Das Bild zeigt den Austrialpin Prinzessin Mini Eispickel mit schwarzer Stahklinge und rotem Kunststoffgriff."},{"@type":"BreadcrumbList","@id":"https:\/\/bolting.eu\/en\/shop\/austrialpin-prinzessin-mini-eispickel\/#breadcrumb","itemListElement":[{"@type":"ListItem","position":1,"name":"Shop","item":"https:\/\/bolting.eu\/en\/shop\/"},{"@type":"ListItem","position":2,"name":"Bergsteiger Ausr\u00fcstung","item":"https:\/\/bolting.eu\/produkt-kategorie\/bergsteiger-ausruestung\/"},{"@type":"ListItem","position":3,"name":"Eispickel","item":"https:\/\/bolting.eu\/produkt-kategorie\/bergsteiger-ausruestung\/eispickel\/"},{"@type":"ListItem","position":4,"name":"Austrialpin Prinzessin &#8211; Mini Eispickel"}]},{"@type":"WebSite","@id":"https:\/\/bolting.eu\/en\/#website","url":"https:\/\/bolting.eu\/en\/","name":"bolting.eu","description":"we make climbs happen","publisher":{"@id":"https:\/\/bolting.eu\/en\/#organization"},"potentialAction":[{"@type":"SearchAction","target":{"@type":"EntryPoint","urlTemplate":"https:\/\/bolting.eu\/en\/?s={search_term_string}"},"query-input":{"@type":"PropertyValueSpecification","valueRequired":true,"valueName":"search_term_string"}}],"inLanguage":"en-US"},{"@type":["Organization","Place","SportingGoodsStore"],"@id":"https:\/\/bolting.eu\/en\/#organization","name":"bolting.eu","url":"https:\/\/bolting.eu\/en\/","logo":{"@id":"https:\/\/bolting.eu\/en\/shop\/austrialpin-prinzessin-mini-eispickel\/#local-main-organization-logo"},"image":{"@id":"https:\/\/bolting.eu\/en\/shop\/austrialpin-prinzessin-mini-eispickel\/#local-main-organization-logo"},"sameAs":["https:\/\/www.facebook.com\/bolting.eu","https:\/\/www.instagram.com\/bolting.eu\/"],"address":{"@id":"https:\/\/bolting.eu\/en\/shop\/austrialpin-prinzessin-mini-eispickel\/#local-main-place-address"},"geo":{"@type":"GeoCoordinates","latitude":"47.264176340396226","longitude":"11.380109057672346"},"telephone":["+43 699 19083372"],"openingHoursSpecification":[{"@type":"OpeningHoursSpecification","dayOfWeek":["Monday","Wednesday","Friday"],"opens":"14:00","closes":"18:00"},{"@type":"OpeningHoursSpecification","dayOfWeek":["Tuesday","Thursday","Saturday","Sunday"],"opens":"00:00","closes":"00:00"}],"email":"office@bolting.eu","vatID":"ATU59999728","priceRange":"$$","currenciesAccepted":"Euro"},{"@type":"PostalAddress","@id":"https:\/\/bolting.eu\/en\/shop\/austrialpin-prinzessin-mini-eispickel\/#local-main-place-address","streetAddress":"Fischnalerstra\u00dfe 4","addressLocality":"Innsbruck","postalCode":"6020","addressRegion":"Tirol","addressCountry":"AT"},{"@type":"ImageObject","inLanguage":"en-US","@id":"https:\/\/bolting.eu\/en\/shop\/austrialpin-prinzessin-mini-eispickel\/#local-main-organization-logo","url":"https:\/\/bolting.eu\/wp-content\/uploads\/2019\/09\/bolting-logo.png","contentUrl":"https:\/\/bolting.eu\/wp-content\/uploads\/2019\/09\/bolting-logo.png","width":400,"height":211,"caption":"bolting.eu"}]},"product_price_amount":"69.90","product_price_currency":"EUR","og_availability":"instock","product_availability":"instock","product_retailer_item_id":"EV49A","product_condition":"new","geo.placename":"Innsbruck","geo.position":{"lat":"47.264176340396226","long":"11.380109057672346"},"geo.region":"Austria"},"_links":{"self":[{"href":"https:\/\/bolting.eu\/en\/wp-json\/wp\/v2\/product\/11089","targetHints":{"allow":["GET"]}}],"collection":[{"href":"https:\/\/bolting.eu\/en\/wp-json\/wp\/v2\/product"}],"about":[{"href":"https:\/\/bolting.eu\/en\/wp-json\/wp\/v2\/types\/product"}],"replies":[{"embeddable":true,"href":"https:\/\/bolting.eu\/en\/wp-json\/wp\/v2\/comments?post=11089"}],"wp:featuredmedia":[{"embeddable":true,"href":"https:\/\/bolting.eu\/en\/wp-json\/wp\/v2\/media\/11092"}],"wp:attachment":[{"href":"https:\/\/bolting.eu\/en\/wp-json\/wp\/v2\/media?parent=11089"}],"wp:term":[{"taxonomy":"product_brand","embeddable":true,"href":"https:\/\/bolting.eu\/en\/wp-json\/wp\/v2\/product_brand?post=11089"},{"taxonomy":"product_cat","embeddable":true,"href":"https:\/\/bolting.eu\/en\/wp-json\/wp\/v2\/product_cat?post=11089"},{"taxonomy":"product_tag","embeddable":true,"href":"https:\/\/bolting.eu\/en\/wp-json\/wp\/v2\/product_tag?post=11089"}],"curies":[{"name":"wp","href":"https:\/\/api.w.org\/{rel}","templated":true}]}}