{"id":11085,"date":"2022-01-14T11:18:07","date_gmt":"2022-01-14T10:18:07","guid":{"rendered":"https:\/\/bolting.eu\/?post_type=product&#038;p=11085"},"modified":"2026-01-19T14:34:32","modified_gmt":"2026-01-19T13:34:32","slug":"austrialpin-prinz-mini-eisgeraet","status":"publish","type":"product","link":"https:\/\/bolting.eu\/en\/shop\/austrialpin-prinz-mini-eisgeraet\/","title":{"rendered":"Austrialpin Prinz Mini Eisger\u00e4t"},"content":{"rendered":"<p>Das Austrialpin Prinz Mini Eisger\u00e4t ist ein ganz besonderes Produkt. Denn es\u00a0ist auf das absolute Minimum reduziert. Er besteht aus einer gestanzten, flachen Karbonstahl Platte und hat daher nur mehr 295 Gramm.<\/p>\n<p>Somit l\u00e4sst sich das Prinz super auf jede Skitour, auf jede Bergtour und auf jeden Abstieg \u00fcber leichtes Gletschergel\u00e4nde mitnehmen. Die beiden Schlitze im Ger\u00e4t erm\u00f6glichen zudem ein Einh\u00e4ngen von <a href=\"https:\/\/bolting.eu\/produkt-kategorie\/kletterausruestung\/kletterkarabiner\/\">Kletterkarabinern<\/a>. Wie z.B. f\u00fcr das Nachsichern eines Partners oder eine Selbstsicherung.<\/p>\n<p>Die schwarze Beschichtung sorgt abschlie\u00dfend f\u00fcr langfristigen Korrosionsschutz.<\/p>\n<p>Kurzum. Ein perfektes Mini Eisger\u00e4t f\u00fcr Alpinisten, welche nur eben nur ein Basic Eisger\u00e4t f\u00fcr ihre Touren brauchen.<\/p>\n<h2>Eigenschaften Austrialpin Prinz<\/h2>\n<ul>\n<li>Hersteller: <a href=\"https:\/\/bolting.eu\/produkt-kategorie\/austrialpin\/\">Austrialpin<\/a><\/li>\n<li>Material: Karbonstahl<\/li>\n<li>Gewicht: 295 Gramm<\/li>\n<li>Dicke: 4mm<\/li>\n<li>L\u00e4nge: 35cm<\/li>\n<li>abgerundeter Griff<\/li>\n<li>zwei Schlitze zum Einh\u00e4ngen von Kletterkarabinern<\/li>\n<li>ideal als rudiment\u00e4res Eisger\u00e4t bzw. Notfall Eisger\u00e4t<\/li>\n<li>KTL Beschichtung als Korrosionsschutz<\/li>\n<li><a href=\"https:\/\/www.austrialpin.at\/service\/knowledgebase\/wartungs-und-pflegehinweise\/\">Pflegehinweise<\/a><\/li>\n<\/ul>\n<h3>Kathodische Tauchlackierung<\/h3>\n<p>Das Austrialpin Prinz Mini Eisger\u00e4t ist mit einer schwarzen Beschichtung \u00fcberzogen. Genau gesagt ist es eine KTL Beschichtung, welche hier als Korrosionsschutz dient.<\/p>\n<p>Sie verhindert ein rosten des Karbonstahls, wenn er nass wird bzw. im Laufe der Zeit Kratzer bekommt. Zudem macht die Lackierung die Oberfl\u00e4che auch griffiger und die abgerundeten Kanten noch schonender f\u00fcr Finger bzw. Karabiner.<\/p>\n<h3>Gr\u00f6\u00dfenvergleich Mini Eisger\u00e4t &#8211; normales Eisger\u00e4t<\/h3>\n<figure id=\"attachment_11086\" aria-describedby=\"caption-attachment-11086\" style=\"width: 280px\" class=\"wp-caption alignleft\"><a href=\"https:\/\/bolting.eu\/wp-content\/uploads\/2022\/01\/Austrialpin-Prinz-Mini-EIsgera\u0308t-Gro\u0308ssenvergleich.jpg\"><img loading=\"lazy\" decoding=\"async\" class=\"wp-image-11086 size-thumbnail\" src=\"https:\/\/bolting.eu\/wp-content\/uploads\/2022\/01\/Austrialpin-Prinz-Mini-EIsgera\u0308t-Gro\u0308ssenvergleich-280x280.jpg\" alt=\"Das Bild zeigt den Gr\u00f6\u00dfenvergleich zwischen einem Notfall Eisger\u00e4t und einem normalen Eisger\u00e4t.\" width=\"280\" height=\"280\" srcset=\"https:\/\/bolting.eu\/wp-content\/uploads\/2022\/01\/Austrialpin-Prinz-Mini-EIsgera\u0308t-Gro\u0308ssenvergleich-280x280.jpg 280w, https:\/\/bolting.eu\/wp-content\/uploads\/2022\/01\/Austrialpin-Prinz-Mini-EIsgera\u0308t-Gro\u0308ssenvergleich-100x100.jpg 100w, https:\/\/bolting.eu\/wp-content\/uploads\/2022\/01\/Austrialpin-Prinz-Mini-EIsgera\u0308t-Gro\u0308ssenvergleich-510x510.jpg 510w, https:\/\/bolting.eu\/wp-content\/uploads\/2022\/01\/Austrialpin-Prinz-Mini-EIsgera\u0308t-Gro\u0308ssenvergleich-400x400.jpg 400w, https:\/\/bolting.eu\/wp-content\/uploads\/2022\/01\/Austrialpin-Prinz-Mini-EIsgera\u0308t-Gro\u0308ssenvergleich-300x300.jpg 300w, https:\/\/bolting.eu\/wp-content\/uploads\/2022\/01\/Austrialpin-Prinz-Mini-EIsgera\u0308t-Gro\u0308ssenvergleich-600x600.jpg 600w, https:\/\/bolting.eu\/wp-content\/uploads\/2022\/01\/Austrialpin-Prinz-Mini-EIsgera\u0308t-Gro\u0308ssenvergleich.jpg 700w\" sizes=\"auto, (max-width: 280px) 100vw, 280px\" \/><\/a><figcaption id=\"caption-attachment-11086\" class=\"wp-caption-text\">Der Vergleich zeigt die kleinen Dimensionen des Notfall Eisger\u00e4tes gegen\u00fcber einem normalen Steileisger\u00e4t.<\/figcaption><\/figure>\n<p>Das Bild anbei macht deutlich, welche Dimension das Austrialpin Prinz Notfall Eisger\u00e4t hat.<\/p>\n<p>Zum einen halbiert sich hier das Gewicht ziemlich genau. Oder besser ausgedr\u00fcckt. Von den ca. 600 Gramm eines normalen Steileisger\u00e4tes bleiben hier noch 295 Gramm \u00fcber. Und zum anderen wird auch das geringe Stauma\u00df erkennbar. Das nur 35cm lange und vor allem nur 4mm dicke Prinz braucht nur extrem wenig Platz. Es kann z.B. ideal im Rucksack im inneren, r\u00fcckenseitigen Abteil verstaut werden weil es so d\u00fcnn ist.<\/p>\n<p>&nbsp;<\/p>\n","protected":false},"excerpt":{"rendered":"<p>Mini Eisger\u00e4t f\u00fcr Alpinisten, Skitourengeher und Bergsteiger. Durch das geringe Gewicht ist dieser Mini Eispickel ideal f\u00fcr kurze Gletscherpassagen, steile Firnfelder oder als Notfall Eisger\u00e4t.<\/p>\n<p>Versandkostenfrei bis 2kg in <img decoding=\"async\" class=\"emoji\" role=\"img\" draggable=\"false\" src=\"https:\/\/s.w.org\/images\/core\/emoji\/13.1.0\/svg\/1f1e6-1f1f9.svg\" alt=\"\ud83c\udde6\ud83c\uddf9\" \/> ab \u20ac 100,- und <img decoding=\"async\" class=\"emoji\" role=\"img\" draggable=\"false\" src=\"https:\/\/s.w.org\/images\/core\/emoji\/13.1.0\/svg\/1f1e9-1f1ea.svg\" alt=\"\ud83c\udde9\ud83c\uddea\" \/> ab \u20ac 200,-!<\/p>\n<p>&nbsp;<\/p>\n","protected":false},"featured_media":11088,"comment_status":"open","ping_status":"closed","template":"","meta":[],"product_brand":[],"product_cat":[4649,11054,13938,14282],"product_tag":[],"class_list":{"0":"post-11085","1":"product","2":"type-product","3":"status-publish","4":"has-post-thumbnail","6":"product_cat-austrialpin","7":"product_cat-eispickel","8":"product_cat-bergsteiger-ausruestung","9":"product_cat-eisgeraete","11":"first","12":"instock","13":"sale","14":"taxable","15":"shipping-taxable","16":"purchasable","17":"product-type-simple"},"yoast_head":"<!-- This site is optimized with the Yoast SEO Premium plugin v26.9 (Yoast SEO v26.9) - https:\/\/yoast.com\/product\/yoast-seo-premium-wordpress\/ -->\n<title>Austrialpin Prinz Mini Eisger\u00e4t f\u00fcr Alpinisten &amp; Skiturengeher | bolting.eu<\/title>\n<meta name=\"description\" content=\"Hier findest Du das AUSTRIALPIN PRINZ. Ein Mini Eisger\u00e4te f\u00fcr Alpinisten, Skitourengeher und Bergwanderer f\u00fcr kurze Eis- und Schneepassagen.\" \/>\n<meta name=\"robots\" content=\"index, follow, max-snippet:-1, max-image-preview:large, max-video-preview:-1\" \/>\n<link rel=\"canonical\" href=\"https:\/\/bolting.eu\/en\/shop\/austrialpin-prinz-mini-eisgeraet\/\" \/>\n<meta property=\"og:locale\" content=\"en_US\" \/>\n<meta property=\"og:type\" content=\"article\" \/>\n<meta property=\"og:title\" content=\"Austrialpin Prinz Mini Eisger\u00e4t\" \/>\n<meta property=\"og:description\" content=\"Hier findest Du das AUSTRIALPIN PRINZ. Ein Mini Eisger\u00e4te f\u00fcr Alpinisten, Skitourengeher und Bergwanderer f\u00fcr kurze Eis- und Schneepassagen.\" \/>\n<meta property=\"og:url\" content=\"https:\/\/bolting.eu\/en\/shop\/austrialpin-prinz-mini-eisgeraet\/\" \/>\n<meta property=\"og:site_name\" content=\"bolting.eu\" \/>\n<meta property=\"article:publisher\" content=\"https:\/\/www.facebook.com\/bolting.eu\" \/>\n<meta property=\"article:modified_time\" content=\"2026-01-19T13:34:32+00:00\" \/>\n<meta property=\"og:image\" content=\"https:\/\/bolting.eu\/wp-content\/uploads\/2022\/01\/Austrialpin-Prinz-Mini-EIsgera\u0308t-1.jpg\" \/>\n\t<meta property=\"og:image:width\" content=\"700\" \/>\n\t<meta property=\"og:image:height\" content=\"700\" \/>\n\t<meta property=\"og:image:type\" content=\"image\/jpeg\" \/>\n<meta name=\"twitter:card\" content=\"summary_large_image\" \/>\n<meta name=\"twitter:label1\" content=\"Price\" \/>\n\t<meta name=\"twitter:data1\" content=\"&euro;&nbsp;59,95\" \/>\n\t<meta name=\"twitter:label2\" content=\"Availability\" \/>\n\t<meta name=\"twitter:data2\" content=\"In stock\" \/>\n<script type=\"application\/ld+json\" class=\"yoast-schema-graph\">{\"@context\":\"https:\/\/schema.org\",\"@graph\":[{\"@type\":[\"WebPage\",\"ItemPage\"],\"@id\":\"https:\/\/bolting.eu\/en\/shop\/austrialpin-prinz-mini-eisgeraet\/\",\"url\":\"https:\/\/bolting.eu\/en\/shop\/austrialpin-prinz-mini-eisgeraet\/\",\"name\":\"Austrialpin Prinz Mini Eisger\u00e4t f\u00fcr Alpinisten & Skiturengeher | bolting.eu\",\"isPartOf\":{\"@id\":\"https:\/\/bolting.eu\/en\/#website\"},\"primaryImageOfPage\":{\"@id\":\"https:\/\/bolting.eu\/en\/shop\/austrialpin-prinz-mini-eisgeraet\/#primaryimage\"},\"image\":{\"@id\":\"https:\/\/bolting.eu\/en\/shop\/austrialpin-prinz-mini-eisgeraet\/#primaryimage\"},\"thumbnailUrl\":\"https:\/\/bolting.eu\/wp-content\/uploads\/2022\/01\/Austrialpin-Prinz-Mini-EIsgera\u0308t-1.jpg\",\"datePublished\":\"2022-01-14T10:18:07+00:00\",\"dateModified\":\"2026-01-19T13:34:32+00:00\",\"description\":\"Hier findest Du das AUSTRIALPIN PRINZ. Ein Mini Eisger\u00e4te f\u00fcr Alpinisten, Skitourengeher und Bergwanderer f\u00fcr kurze Eis- und Schneepassagen.\",\"breadcrumb\":{\"@id\":\"https:\/\/bolting.eu\/en\/shop\/austrialpin-prinz-mini-eisgeraet\/#breadcrumb\"},\"inLanguage\":\"en-US\",\"potentialAction\":[{\"@type\":\"ReadAction\",\"target\":[\"https:\/\/bolting.eu\/en\/shop\/austrialpin-prinz-mini-eisgeraet\/\"]}]},{\"@type\":\"ImageObject\",\"inLanguage\":\"en-US\",\"@id\":\"https:\/\/bolting.eu\/en\/shop\/austrialpin-prinz-mini-eisgeraet\/#primaryimage\",\"url\":\"https:\/\/bolting.eu\/wp-content\/uploads\/2022\/01\/Austrialpin-Prinz-Mini-EIsgera\u0308t-1.jpg\",\"contentUrl\":\"https:\/\/bolting.eu\/wp-content\/uploads\/2022\/01\/Austrialpin-Prinz-Mini-EIsgera\u0308t-1.jpg\",\"width\":700,\"height\":700,\"caption\":\"Das Bild zeigt das Austrialpin Prinz Mini Eisger\u00e4t aufrecht in einem wei\u00dfem Quadrat.\"},{\"@type\":\"BreadcrumbList\",\"@id\":\"https:\/\/bolting.eu\/en\/shop\/austrialpin-prinz-mini-eisgeraet\/#breadcrumb\",\"itemListElement\":[{\"@type\":\"ListItem\",\"position\":1,\"name\":\"Shop\",\"item\":\"https:\/\/bolting.eu\/en\/shop\/\"},{\"@type\":\"ListItem\",\"position\":2,\"name\":\"Bergsteiger Ausr\u00fcstung\",\"item\":\"https:\/\/bolting.eu\/produkt-kategorie\/bergsteiger-ausruestung\/\"},{\"@type\":\"ListItem\",\"position\":3,\"name\":\"Eisger\u00e4te\",\"item\":\"https:\/\/bolting.eu\/produkt-kategorie\/bergsteiger-ausruestung\/eisgeraete\/\"},{\"@type\":\"ListItem\",\"position\":4,\"name\":\"Austrialpin Prinz Mini Eisger\u00e4t\"}]},{\"@type\":\"WebSite\",\"@id\":\"https:\/\/bolting.eu\/en\/#website\",\"url\":\"https:\/\/bolting.eu\/en\/\",\"name\":\"bolting.eu\",\"description\":\"we make climbs happen\",\"publisher\":{\"@id\":\"https:\/\/bolting.eu\/en\/#organization\"},\"potentialAction\":[{\"@type\":\"SearchAction\",\"target\":{\"@type\":\"EntryPoint\",\"urlTemplate\":\"https:\/\/bolting.eu\/en\/?s={search_term_string}\"},\"query-input\":{\"@type\":\"PropertyValueSpecification\",\"valueRequired\":true,\"valueName\":\"search_term_string\"}}],\"inLanguage\":\"en-US\"},{\"@type\":[\"Organization\",\"Place\",\"SportingGoodsStore\"],\"@id\":\"https:\/\/bolting.eu\/en\/#organization\",\"name\":\"bolting.eu\",\"url\":\"https:\/\/bolting.eu\/en\/\",\"logo\":{\"@id\":\"https:\/\/bolting.eu\/en\/shop\/austrialpin-prinz-mini-eisgeraet\/#local-main-organization-logo\"},\"image\":{\"@id\":\"https:\/\/bolting.eu\/en\/shop\/austrialpin-prinz-mini-eisgeraet\/#local-main-organization-logo\"},\"sameAs\":[\"https:\/\/www.facebook.com\/bolting.eu\",\"https:\/\/www.instagram.com\/bolting.eu\/\"],\"address\":{\"@id\":\"https:\/\/bolting.eu\/en\/shop\/austrialpin-prinz-mini-eisgeraet\/#local-main-place-address\"},\"geo\":{\"@type\":\"GeoCoordinates\",\"latitude\":\"47.264176340396226\",\"longitude\":\"11.380109057672346\"},\"telephone\":[\"+43 699 19083372\"],\"openingHoursSpecification\":[{\"@type\":\"OpeningHoursSpecification\",\"dayOfWeek\":[\"Monday\",\"Wednesday\",\"Friday\"],\"opens\":\"14:00\",\"closes\":\"18:00\"},{\"@type\":\"OpeningHoursSpecification\",\"dayOfWeek\":[\"Tuesday\",\"Thursday\",\"Saturday\",\"Sunday\"],\"opens\":\"00:00\",\"closes\":\"00:00\"}],\"email\":\"office@bolting.eu\",\"vatID\":\"ATU59999728\",\"priceRange\":\"$$\",\"currenciesAccepted\":\"Euro\"},{\"@type\":\"PostalAddress\",\"@id\":\"https:\/\/bolting.eu\/en\/shop\/austrialpin-prinz-mini-eisgeraet\/#local-main-place-address\",\"streetAddress\":\"Fischnalerstra\u00dfe 4\",\"addressLocality\":\"Innsbruck\",\"postalCode\":\"6020\",\"addressRegion\":\"Tirol\",\"addressCountry\":\"AT\"},{\"@type\":\"ImageObject\",\"inLanguage\":\"en-US\",\"@id\":\"https:\/\/bolting.eu\/en\/shop\/austrialpin-prinz-mini-eisgeraet\/#local-main-organization-logo\",\"url\":\"https:\/\/bolting.eu\/wp-content\/uploads\/2019\/09\/bolting-logo.png\",\"contentUrl\":\"https:\/\/bolting.eu\/wp-content\/uploads\/2019\/09\/bolting-logo.png\",\"width\":400,\"height\":211,\"caption\":\"bolting.eu\"}]}<\/script>\n<meta property=\"product:price:amount\" content=\"59.95\" \/>\n<meta property=\"product:price:currency\" content=\"EUR\" \/>\n<meta property=\"og:availability\" content=\"instock\" \/>\n<meta property=\"product:availability\" content=\"instock\" \/>\n<meta property=\"product:retailer_item_id\" content=\"EV59A\" \/>\n<meta property=\"product:condition\" content=\"new\" \/>\n<meta name=\"geo.placename\" content=\"Innsbruck\" \/>\n<meta name=\"geo.position\" content=\"47.264176340396226;11.380109057672346\" \/>\n<meta name=\"geo.region\" content=\"Austria\" \/>\n<!-- \/ Yoast SEO Premium plugin. -->","yoast_head_json":{"title":"Austrialpin Prinz Mini Eisger\u00e4t f\u00fcr Alpinisten & Skiturengeher | bolting.eu","description":"Hier findest Du das AUSTRIALPIN PRINZ. Ein Mini Eisger\u00e4te f\u00fcr Alpinisten, Skitourengeher und Bergwanderer f\u00fcr kurze Eis- und Schneepassagen.","robots":{"index":"index","follow":"follow","max-snippet":"max-snippet:-1","max-image-preview":"max-image-preview:large","max-video-preview":"max-video-preview:-1"},"canonical":"https:\/\/bolting.eu\/en\/shop\/austrialpin-prinz-mini-eisgeraet\/","og_locale":"en_US","og_type":"article","og_title":"Austrialpin Prinz Mini Eisger\u00e4t","og_description":"Hier findest Du das AUSTRIALPIN PRINZ. Ein Mini Eisger\u00e4te f\u00fcr Alpinisten, Skitourengeher und Bergwanderer f\u00fcr kurze Eis- und Schneepassagen.","og_url":"https:\/\/bolting.eu\/en\/shop\/austrialpin-prinz-mini-eisgeraet\/","og_site_name":"bolting.eu","article_publisher":"https:\/\/www.facebook.com\/bolting.eu","article_modified_time":"2026-01-19T13:34:32+00:00","og_image":[{"width":700,"height":700,"url":"https:\/\/bolting.eu\/wp-content\/uploads\/2022\/01\/Austrialpin-Prinz-Mini-EIsgera\u0308t-1.jpg","type":"image\/jpeg"}],"twitter_card":"summary_large_image","twitter_misc":{"Price":"&euro;&nbsp;59,95","Availability":"In stock"},"schema":{"@context":"https:\/\/schema.org","@graph":[{"@type":["WebPage","ItemPage"],"@id":"https:\/\/bolting.eu\/en\/shop\/austrialpin-prinz-mini-eisgeraet\/","url":"https:\/\/bolting.eu\/en\/shop\/austrialpin-prinz-mini-eisgeraet\/","name":"Austrialpin Prinz Mini Eisger\u00e4t f\u00fcr Alpinisten & Skiturengeher | bolting.eu","isPartOf":{"@id":"https:\/\/bolting.eu\/en\/#website"},"primaryImageOfPage":{"@id":"https:\/\/bolting.eu\/en\/shop\/austrialpin-prinz-mini-eisgeraet\/#primaryimage"},"image":{"@id":"https:\/\/bolting.eu\/en\/shop\/austrialpin-prinz-mini-eisgeraet\/#primaryimage"},"thumbnailUrl":"https:\/\/bolting.eu\/wp-content\/uploads\/2022\/01\/Austrialpin-Prinz-Mini-EIsgera\u0308t-1.jpg","datePublished":"2022-01-14T10:18:07+00:00","dateModified":"2026-01-19T13:34:32+00:00","description":"Hier findest Du das AUSTRIALPIN PRINZ. Ein Mini Eisger\u00e4te f\u00fcr Alpinisten, Skitourengeher und Bergwanderer f\u00fcr kurze Eis- und Schneepassagen.","breadcrumb":{"@id":"https:\/\/bolting.eu\/en\/shop\/austrialpin-prinz-mini-eisgeraet\/#breadcrumb"},"inLanguage":"en-US","potentialAction":[{"@type":"ReadAction","target":["https:\/\/bolting.eu\/en\/shop\/austrialpin-prinz-mini-eisgeraet\/"]}]},{"@type":"ImageObject","inLanguage":"en-US","@id":"https:\/\/bolting.eu\/en\/shop\/austrialpin-prinz-mini-eisgeraet\/#primaryimage","url":"https:\/\/bolting.eu\/wp-content\/uploads\/2022\/01\/Austrialpin-Prinz-Mini-EIsgera\u0308t-1.jpg","contentUrl":"https:\/\/bolting.eu\/wp-content\/uploads\/2022\/01\/Austrialpin-Prinz-Mini-EIsgera\u0308t-1.jpg","width":700,"height":700,"caption":"Das Bild zeigt das Austrialpin Prinz Mini Eisger\u00e4t aufrecht in einem wei\u00dfem Quadrat."},{"@type":"BreadcrumbList","@id":"https:\/\/bolting.eu\/en\/shop\/austrialpin-prinz-mini-eisgeraet\/#breadcrumb","itemListElement":[{"@type":"ListItem","position":1,"name":"Shop","item":"https:\/\/bolting.eu\/en\/shop\/"},{"@type":"ListItem","position":2,"name":"Bergsteiger Ausr\u00fcstung","item":"https:\/\/bolting.eu\/produkt-kategorie\/bergsteiger-ausruestung\/"},{"@type":"ListItem","position":3,"name":"Eisger\u00e4te","item":"https:\/\/bolting.eu\/produkt-kategorie\/bergsteiger-ausruestung\/eisgeraete\/"},{"@type":"ListItem","position":4,"name":"Austrialpin Prinz Mini Eisger\u00e4t"}]},{"@type":"WebSite","@id":"https:\/\/bolting.eu\/en\/#website","url":"https:\/\/bolting.eu\/en\/","name":"bolting.eu","description":"we make climbs happen","publisher":{"@id":"https:\/\/bolting.eu\/en\/#organization"},"potentialAction":[{"@type":"SearchAction","target":{"@type":"EntryPoint","urlTemplate":"https:\/\/bolting.eu\/en\/?s={search_term_string}"},"query-input":{"@type":"PropertyValueSpecification","valueRequired":true,"valueName":"search_term_string"}}],"inLanguage":"en-US"},{"@type":["Organization","Place","SportingGoodsStore"],"@id":"https:\/\/bolting.eu\/en\/#organization","name":"bolting.eu","url":"https:\/\/bolting.eu\/en\/","logo":{"@id":"https:\/\/bolting.eu\/en\/shop\/austrialpin-prinz-mini-eisgeraet\/#local-main-organization-logo"},"image":{"@id":"https:\/\/bolting.eu\/en\/shop\/austrialpin-prinz-mini-eisgeraet\/#local-main-organization-logo"},"sameAs":["https:\/\/www.facebook.com\/bolting.eu","https:\/\/www.instagram.com\/bolting.eu\/"],"address":{"@id":"https:\/\/bolting.eu\/en\/shop\/austrialpin-prinz-mini-eisgeraet\/#local-main-place-address"},"geo":{"@type":"GeoCoordinates","latitude":"47.264176340396226","longitude":"11.380109057672346"},"telephone":["+43 699 19083372"],"openingHoursSpecification":[{"@type":"OpeningHoursSpecification","dayOfWeek":["Monday","Wednesday","Friday"],"opens":"14:00","closes":"18:00"},{"@type":"OpeningHoursSpecification","dayOfWeek":["Tuesday","Thursday","Saturday","Sunday"],"opens":"00:00","closes":"00:00"}],"email":"office@bolting.eu","vatID":"ATU59999728","priceRange":"$$","currenciesAccepted":"Euro"},{"@type":"PostalAddress","@id":"https:\/\/bolting.eu\/en\/shop\/austrialpin-prinz-mini-eisgeraet\/#local-main-place-address","streetAddress":"Fischnalerstra\u00dfe 4","addressLocality":"Innsbruck","postalCode":"6020","addressRegion":"Tirol","addressCountry":"AT"},{"@type":"ImageObject","inLanguage":"en-US","@id":"https:\/\/bolting.eu\/en\/shop\/austrialpin-prinz-mini-eisgeraet\/#local-main-organization-logo","url":"https:\/\/bolting.eu\/wp-content\/uploads\/2019\/09\/bolting-logo.png","contentUrl":"https:\/\/bolting.eu\/wp-content\/uploads\/2019\/09\/bolting-logo.png","width":400,"height":211,"caption":"bolting.eu"}]},"product_price_amount":"59.95","product_price_currency":"EUR","og_availability":"instock","product_availability":"instock","product_retailer_item_id":"EV59A","product_condition":"new","geo.placename":"Innsbruck","geo.position":{"lat":"47.264176340396226","long":"11.380109057672346"},"geo.region":"Austria"},"_links":{"self":[{"href":"https:\/\/bolting.eu\/en\/wp-json\/wp\/v2\/product\/11085","targetHints":{"allow":["GET"]}}],"collection":[{"href":"https:\/\/bolting.eu\/en\/wp-json\/wp\/v2\/product"}],"about":[{"href":"https:\/\/bolting.eu\/en\/wp-json\/wp\/v2\/types\/product"}],"replies":[{"embeddable":true,"href":"https:\/\/bolting.eu\/en\/wp-json\/wp\/v2\/comments?post=11085"}],"wp:featuredmedia":[{"embeddable":true,"href":"https:\/\/bolting.eu\/en\/wp-json\/wp\/v2\/media\/11088"}],"wp:attachment":[{"href":"https:\/\/bolting.eu\/en\/wp-json\/wp\/v2\/media?parent=11085"}],"wp:term":[{"taxonomy":"product_brand","embeddable":true,"href":"https:\/\/bolting.eu\/en\/wp-json\/wp\/v2\/product_brand?post=11085"},{"taxonomy":"product_cat","embeddable":true,"href":"https:\/\/bolting.eu\/en\/wp-json\/wp\/v2\/product_cat?post=11085"},{"taxonomy":"product_tag","embeddable":true,"href":"https:\/\/bolting.eu\/en\/wp-json\/wp\/v2\/product_tag?post=11085"}],"curies":[{"name":"wp","href":"https:\/\/api.w.org\/{rel}","templated":true}]}}