{"id":11068,"date":"2022-01-05T12:53:42","date_gmt":"2022-01-05T11:53:42","guid":{"rendered":"https:\/\/bolting.eu\/?post_type=product&#038;p=11068"},"modified":"2026-04-17T13:24:57","modified_gmt":"2026-04-17T11:24:57","slug":"beal-3mm-reepschnur","status":"publish","type":"product","link":"https:\/\/bolting.eu\/en\/shop\/beal-3mm-reepschnur\/","title":{"rendered":"Beal 3mm Reepschnur"},"content":{"rendered":"<p>Die Beal 3mm Reepschnur ist ein praktischer Helfer. Denn man kann sie bei unz\u00e4hligen Gelegenheiten verwenden.<\/p>\n<p>Erstens im Bergsportbereich zum Fixieren von Ausr\u00fcstung. Beispielsweise von einem <a href=\"https:\/\/bolting.eu\/produkt-kategorie\/felshammer\/\">Felshammer<\/a> oder einer Seilrolle.<\/p>\n<p>Zweitens findet sie im Campingbereich vielseitigen Einsatz. Ob als W\u00e4scheleine oder Spannen von Planen, sie ist immer handy!<\/p>\n<p>Drittens ist diese starke Reepschnur auch im Haushalt ein praktischer Helfer. Einerseits zum Aufh\u00e4ngen von allen m\u00f6glichen Sachen. Und andererseits zum Festbinden von Dingen im Keller, Garage und Garten.<\/p>\n<h2>Eigenschaften Beal 3mm Reepschnur<\/h2>\n<ul>\n<li>Hersteller: Beal<\/li>\n<li>Durchmesser: 3mm<\/li>\n<li>Material: Polyamid<\/li>\n<li>Bruchlast: 180 daN (kg)<\/li>\n<li>Gewicht: 6,5 Gramm \/ Meter)<\/li>\n<li>nicht als PSA (pers\u00f6nliche Schutzausr\u00fcstung) geeignet!<\/li>\n<li>max. Rollenl\u00e4nge 120m<\/li>\n<li>ideal f\u00fcr Bergsport, Camping und Haushalt<\/li>\n<li>Verkaufseinheit = 5 Meter<\/li>\n<li>maximale L\u00e4nge = 120 Meter = 1 Rolle<\/li>\n<\/ul>\n<p><strong>Bitte gebt im Kommentarfeld beim Check-Out an, wie ihr eure Schn\u00fcre ggf. abgel\u00e4ngt haben wollt. Wenn nicht anders angegeben, bekommt ihr eine Schnur in der L\u00e4nge der angegeben Meter!<\/strong><\/p>\n<h2>Beal 3mm Reepschnur im Bergsport<\/h2>\n<p>Diese Reepschnur ist ein <strong>reiner Kletter Zubeh\u00f6r Artikel<\/strong>. Die Bruchlast betr\u00e4gt <strong>nur 180kg. Folglich ist diese Reepschnur nicht f\u00fcr Sicherungen oder eine Selbstsicherung geeignet!<\/strong> D.h. sie wird ausschlie\u00dflich f\u00fcr das Anbinden von Material verwendet. Beispielsweise ist die Reepschnur perfekt als Absturzsicherung f\u00fcr einen Felshammer sowie einer Steigleiter. \u00dcberdies ist sie sehr handy, wenn man etwas fixieren will. Wie z.B. eine Leuchte im Zelt, oder einen Biwaksack unter einem Felsvorsprung. Deshalb sollte man immer ein paar Meter mit dabei haben.<\/p>\n<h3>Einsatz beim Campen<\/h3>\n<p>Die Beal 3mm Reepschnur ist beim Camping extrem hilfreich. Alles was schnell angebunden werden muss, kann man mit dieser Schnur machen. Denn sie ist einerseits sehr belastbar. F\u00fcr den kleinen Durchmesser von 3mm kann man sie mit stolzen 180kg belasten! Zum anderen ist die Reepschnur super zu knoten. \u00dcberdies ist das Material je langlebig und man kann sie immer wieder verwenden.<\/p>\n<p>Einige Anwendungsbeispiele sind:<\/p>\n<ul>\n<li>Abspannen von Planen<\/li>\n<li>R\u00fcckspannen von Pf\u00e4hlen<\/li>\n<li>als W\u00e4scheleine<\/li>\n<li>Fixieren von Campingausr\u00fcstung<\/li>\n<li>usw.<\/li>\n<\/ul>\n<h3>Beal 3mm Reepschnur im Haushalt<\/h3>\n<p>Wie beim Camping, so ist diese Reepschnur auch um Haushalt vielseitig einsetzbar. Die Vorteile gegen\u00fcber billigen Hanf-Schn\u00fcren und Dr\u00e4hten ist auch hier. Zum einen eine weitaus gr\u00f6\u00dfere Belastbarkeit sowie Lebensdauer. Und zum anderen eine sehr gute Knotbarkeit. Einige Meter der Schnur im Werkzeugkasten oder der Werkzeugschublade vertreiben viele Sorgen!<\/p>\n","protected":false},"excerpt":{"rendered":"<ul>\n<li>Hersteller: Beal<\/li>\n<li>Durchmesser: 3mm<\/li>\n<li>Material: Polyamid<\/li>\n<li>Bruchlast: 180 daN (kg<\/li>\n<li>Gewicht: 6,5 Gramm \/ Meter)<\/li>\n<li>nicht als PSA (pers\u00f6nliche Schutzausr\u00fcstung) geeignet!<\/li>\n<li>max. Rollenl\u00e4nge 120m<\/li>\n<li>ideal f\u00fcr Bergsport, Camping und Haushalt<\/li>\n<li><strong>Verkaufseinheit = 1 Meter<\/strong><\/li>\n<li>maximale L\u00e4nge = 120 Meter = 1 Rolle<\/li>\n<\/ul>\n","protected":false},"featured_media":11069,"comment_status":"open","ping_status":"closed","template":"","meta":[],"product_brand":[],"product_cat":[29,55,4663,7760],"product_tag":[],"class_list":{"0":"post-11068","1":"product","2":"type-product","3":"status-publish","4":"has-post-thumbnail","6":"product_cat-kletterausruestung","7":"product_cat-reepschnur","8":"product_cat-beal","9":"product_cat-reepschnur-meterware","11":"first","12":"instock","13":"taxable","14":"shipping-taxable","15":"purchasable","16":"product-type-simple"},"yoast_head":"<!-- This site is optimized with the Yoast SEO Premium plugin v26.9 (Yoast SEO v26.9) - https:\/\/yoast.com\/product\/yoast-seo-premium-wordpress\/ -->\n<title>Beal 3mm Reepschnur online kaufen beim Kletterexperten bolting.eu<\/title>\n<meta name=\"description\" content=\"Hier findest Du die Beal 3mm Reepschnur. Eine d\u00fcnne Reepschnur f\u00fcr den Alpinsport, Camping und Haushalt mit 180kg Bruchlast.\" \/>\n<meta name=\"robots\" content=\"index, follow, max-snippet:-1, max-image-preview:large, max-video-preview:-1\" \/>\n<link rel=\"canonical\" href=\"https:\/\/bolting.eu\/en\/shop\/beal-3mm-reepschnur\/\" \/>\n<meta property=\"og:locale\" content=\"en_US\" \/>\n<meta property=\"og:type\" content=\"article\" \/>\n<meta property=\"og:title\" content=\"Beal 3mm Reepschnur\" \/>\n<meta property=\"og:description\" content=\"Hier findest Du die Beal 3mm Reepschnur. Eine d\u00fcnne Reepschnur f\u00fcr den Alpinsport, Camping und Haushalt mit 180kg Bruchlast.\" \/>\n<meta property=\"og:url\" content=\"https:\/\/bolting.eu\/en\/shop\/beal-3mm-reepschnur\/\" \/>\n<meta property=\"og:site_name\" content=\"bolting.eu\" \/>\n<meta property=\"article:publisher\" content=\"https:\/\/www.facebook.com\/bolting.eu\" \/>\n<meta property=\"article:modified_time\" content=\"2026-04-17T11:24:57+00:00\" \/>\n<meta property=\"og:image\" content=\"https:\/\/bolting.eu\/wp-content\/uploads\/2022\/01\/Beal-3mm-Reepschnur.jpg\" \/>\n\t<meta property=\"og:image:width\" content=\"700\" \/>\n\t<meta property=\"og:image:height\" content=\"700\" \/>\n\t<meta property=\"og:image:type\" content=\"image\/jpeg\" \/>\n<meta name=\"twitter:card\" content=\"summary_large_image\" \/>\n<meta name=\"twitter:label1\" content=\"Price\" \/>\n\t<meta name=\"twitter:data1\" content=\"&euro;&nbsp;0,54\" \/>\n\t<meta name=\"twitter:label2\" content=\"Availability\" \/>\n\t<meta name=\"twitter:data2\" content=\"In stock\" \/>\n<script type=\"application\/ld+json\" class=\"yoast-schema-graph\">{\"@context\":\"https:\/\/schema.org\",\"@graph\":[{\"@type\":[\"WebPage\",\"ItemPage\"],\"@id\":\"https:\/\/bolting.eu\/en\/shop\/beal-3mm-reepschnur\/\",\"url\":\"https:\/\/bolting.eu\/en\/shop\/beal-3mm-reepschnur\/\",\"name\":\"Beal 3mm Reepschnur online kaufen beim Kletterexperten bolting.eu\",\"isPartOf\":{\"@id\":\"https:\/\/bolting.eu\/en\/#website\"},\"primaryImageOfPage\":{\"@id\":\"https:\/\/bolting.eu\/en\/shop\/beal-3mm-reepschnur\/#primaryimage\"},\"image\":{\"@id\":\"https:\/\/bolting.eu\/en\/shop\/beal-3mm-reepschnur\/#primaryimage\"},\"thumbnailUrl\":\"https:\/\/bolting.eu\/wp-content\/uploads\/2022\/01\/Beal-3mm-Reepschnur.jpg\",\"datePublished\":\"2022-01-05T11:53:42+00:00\",\"dateModified\":\"2026-04-17T11:24:57+00:00\",\"description\":\"Hier findest Du die Beal 3mm Reepschnur. Eine d\u00fcnne Reepschnur f\u00fcr den Alpinsport, Camping und Haushalt mit 180kg Bruchlast.\",\"breadcrumb\":{\"@id\":\"https:\/\/bolting.eu\/en\/shop\/beal-3mm-reepschnur\/#breadcrumb\"},\"inLanguage\":\"en-US\",\"potentialAction\":[{\"@type\":\"ReadAction\",\"target\":[\"https:\/\/bolting.eu\/en\/shop\/beal-3mm-reepschnur\/\"]}]},{\"@type\":\"ImageObject\",\"inLanguage\":\"en-US\",\"@id\":\"https:\/\/bolting.eu\/en\/shop\/beal-3mm-reepschnur\/#primaryimage\",\"url\":\"https:\/\/bolting.eu\/wp-content\/uploads\/2022\/01\/Beal-3mm-Reepschnur.jpg\",\"contentUrl\":\"https:\/\/bolting.eu\/wp-content\/uploads\/2022\/01\/Beal-3mm-Reepschnur.jpg\",\"width\":700,\"height\":700,\"caption\":\"Das Bild zeigt eine gr\u00fcne Beal 3mm Reepschnur in waagrechter LAge. Man erkennt die bunten F\u00e4den im Mantel.\"},{\"@type\":\"BreadcrumbList\",\"@id\":\"https:\/\/bolting.eu\/en\/shop\/beal-3mm-reepschnur\/#breadcrumb\",\"itemListElement\":[{\"@type\":\"ListItem\",\"position\":1,\"name\":\"Shop\",\"item\":\"https:\/\/bolting.eu\/en\/shop\/\"},{\"@type\":\"ListItem\",\"position\":2,\"name\":\"climbing equipment\",\"item\":\"https:\/\/bolting.eu\/en\/produkt-kategorie\/climbing-equipment\/\"},{\"@type\":\"ListItem\",\"position\":3,\"name\":\"Reepschnur\",\"item\":\"https:\/\/bolting.eu\/produkt-kategorie\/kletterausruestung\/reepschnur\/\"},{\"@type\":\"ListItem\",\"position\":4,\"name\":\"Beal 3mm Reepschnur\"}]},{\"@type\":\"WebSite\",\"@id\":\"https:\/\/bolting.eu\/en\/#website\",\"url\":\"https:\/\/bolting.eu\/en\/\",\"name\":\"bolting.eu\",\"description\":\"we make climbs happen\",\"publisher\":{\"@id\":\"https:\/\/bolting.eu\/en\/#organization\"},\"potentialAction\":[{\"@type\":\"SearchAction\",\"target\":{\"@type\":\"EntryPoint\",\"urlTemplate\":\"https:\/\/bolting.eu\/en\/?s={search_term_string}\"},\"query-input\":{\"@type\":\"PropertyValueSpecification\",\"valueRequired\":true,\"valueName\":\"search_term_string\"}}],\"inLanguage\":\"en-US\"},{\"@type\":[\"Organization\",\"Place\",\"SportingGoodsStore\"],\"@id\":\"https:\/\/bolting.eu\/en\/#organization\",\"name\":\"bolting.eu\",\"url\":\"https:\/\/bolting.eu\/en\/\",\"logo\":{\"@id\":\"https:\/\/bolting.eu\/en\/shop\/beal-3mm-reepschnur\/#local-main-organization-logo\"},\"image\":{\"@id\":\"https:\/\/bolting.eu\/en\/shop\/beal-3mm-reepschnur\/#local-main-organization-logo\"},\"sameAs\":[\"https:\/\/www.facebook.com\/bolting.eu\",\"https:\/\/www.instagram.com\/bolting.eu\/\"],\"address\":{\"@id\":\"https:\/\/bolting.eu\/en\/shop\/beal-3mm-reepschnur\/#local-main-place-address\"},\"geo\":{\"@type\":\"GeoCoordinates\",\"latitude\":\"47.264176340396226\",\"longitude\":\"11.380109057672346\"},\"telephone\":[\"+43 699 19083372\"],\"openingHoursSpecification\":[{\"@type\":\"OpeningHoursSpecification\",\"dayOfWeek\":[\"Monday\",\"Wednesday\",\"Friday\"],\"opens\":\"14:00\",\"closes\":\"18:00\"},{\"@type\":\"OpeningHoursSpecification\",\"dayOfWeek\":[\"Tuesday\",\"Thursday\",\"Saturday\",\"Sunday\"],\"opens\":\"00:00\",\"closes\":\"00:00\"}],\"email\":\"office@bolting.eu\",\"vatID\":\"ATU59999728\",\"priceRange\":\"$$\",\"currenciesAccepted\":\"Euro\"},{\"@type\":\"PostalAddress\",\"@id\":\"https:\/\/bolting.eu\/en\/shop\/beal-3mm-reepschnur\/#local-main-place-address\",\"streetAddress\":\"Fischnalerstra\u00dfe 4\",\"addressLocality\":\"Innsbruck\",\"postalCode\":\"6020\",\"addressRegion\":\"Tirol\",\"addressCountry\":\"AT\"},{\"@type\":\"ImageObject\",\"inLanguage\":\"en-US\",\"@id\":\"https:\/\/bolting.eu\/en\/shop\/beal-3mm-reepschnur\/#local-main-organization-logo\",\"url\":\"https:\/\/bolting.eu\/wp-content\/uploads\/2019\/09\/bolting-logo.png\",\"contentUrl\":\"https:\/\/bolting.eu\/wp-content\/uploads\/2019\/09\/bolting-logo.png\",\"width\":400,\"height\":211,\"caption\":\"bolting.eu\"}]}<\/script>\n<meta property=\"product:price:amount\" content=\"0.54\" \/>\n<meta property=\"product:price:currency\" content=\"EUR\" \/>\n<meta property=\"og:availability\" content=\"instock\" \/>\n<meta property=\"product:availability\" content=\"instock\" \/>\n<meta property=\"product:retailer_item_id\" content=\"BC03.120A\" \/>\n<meta property=\"product:condition\" content=\"new\" \/>\n<meta name=\"geo.placename\" content=\"Innsbruck\" \/>\n<meta name=\"geo.position\" content=\"47.264176340396226;11.380109057672346\" \/>\n<meta name=\"geo.region\" content=\"Austria\" \/>\n<!-- \/ Yoast SEO Premium plugin. -->","yoast_head_json":{"title":"Beal 3mm Reepschnur online kaufen beim Kletterexperten bolting.eu","description":"Hier findest Du die Beal 3mm Reepschnur. Eine d\u00fcnne Reepschnur f\u00fcr den Alpinsport, Camping und Haushalt mit 180kg Bruchlast.","robots":{"index":"index","follow":"follow","max-snippet":"max-snippet:-1","max-image-preview":"max-image-preview:large","max-video-preview":"max-video-preview:-1"},"canonical":"https:\/\/bolting.eu\/en\/shop\/beal-3mm-reepschnur\/","og_locale":"en_US","og_type":"article","og_title":"Beal 3mm Reepschnur","og_description":"Hier findest Du die Beal 3mm Reepschnur. Eine d\u00fcnne Reepschnur f\u00fcr den Alpinsport, Camping und Haushalt mit 180kg Bruchlast.","og_url":"https:\/\/bolting.eu\/en\/shop\/beal-3mm-reepschnur\/","og_site_name":"bolting.eu","article_publisher":"https:\/\/www.facebook.com\/bolting.eu","article_modified_time":"2026-04-17T11:24:57+00:00","og_image":[{"width":700,"height":700,"url":"https:\/\/bolting.eu\/wp-content\/uploads\/2022\/01\/Beal-3mm-Reepschnur.jpg","type":"image\/jpeg"}],"twitter_card":"summary_large_image","twitter_misc":{"Price":"&euro;&nbsp;0,54","Availability":"In stock"},"schema":{"@context":"https:\/\/schema.org","@graph":[{"@type":["WebPage","ItemPage"],"@id":"https:\/\/bolting.eu\/en\/shop\/beal-3mm-reepschnur\/","url":"https:\/\/bolting.eu\/en\/shop\/beal-3mm-reepschnur\/","name":"Beal 3mm Reepschnur online kaufen beim Kletterexperten bolting.eu","isPartOf":{"@id":"https:\/\/bolting.eu\/en\/#website"},"primaryImageOfPage":{"@id":"https:\/\/bolting.eu\/en\/shop\/beal-3mm-reepschnur\/#primaryimage"},"image":{"@id":"https:\/\/bolting.eu\/en\/shop\/beal-3mm-reepschnur\/#primaryimage"},"thumbnailUrl":"https:\/\/bolting.eu\/wp-content\/uploads\/2022\/01\/Beal-3mm-Reepschnur.jpg","datePublished":"2022-01-05T11:53:42+00:00","dateModified":"2026-04-17T11:24:57+00:00","description":"Hier findest Du die Beal 3mm Reepschnur. Eine d\u00fcnne Reepschnur f\u00fcr den Alpinsport, Camping und Haushalt mit 180kg Bruchlast.","breadcrumb":{"@id":"https:\/\/bolting.eu\/en\/shop\/beal-3mm-reepschnur\/#breadcrumb"},"inLanguage":"en-US","potentialAction":[{"@type":"ReadAction","target":["https:\/\/bolting.eu\/en\/shop\/beal-3mm-reepschnur\/"]}]},{"@type":"ImageObject","inLanguage":"en-US","@id":"https:\/\/bolting.eu\/en\/shop\/beal-3mm-reepschnur\/#primaryimage","url":"https:\/\/bolting.eu\/wp-content\/uploads\/2022\/01\/Beal-3mm-Reepschnur.jpg","contentUrl":"https:\/\/bolting.eu\/wp-content\/uploads\/2022\/01\/Beal-3mm-Reepschnur.jpg","width":700,"height":700,"caption":"Das Bild zeigt eine gr\u00fcne Beal 3mm Reepschnur in waagrechter LAge. Man erkennt die bunten F\u00e4den im Mantel."},{"@type":"BreadcrumbList","@id":"https:\/\/bolting.eu\/en\/shop\/beal-3mm-reepschnur\/#breadcrumb","itemListElement":[{"@type":"ListItem","position":1,"name":"Shop","item":"https:\/\/bolting.eu\/en\/shop\/"},{"@type":"ListItem","position":2,"name":"climbing equipment","item":"https:\/\/bolting.eu\/en\/produkt-kategorie\/climbing-equipment\/"},{"@type":"ListItem","position":3,"name":"Reepschnur","item":"https:\/\/bolting.eu\/produkt-kategorie\/kletterausruestung\/reepschnur\/"},{"@type":"ListItem","position":4,"name":"Beal 3mm Reepschnur"}]},{"@type":"WebSite","@id":"https:\/\/bolting.eu\/en\/#website","url":"https:\/\/bolting.eu\/en\/","name":"bolting.eu","description":"we make climbs happen","publisher":{"@id":"https:\/\/bolting.eu\/en\/#organization"},"potentialAction":[{"@type":"SearchAction","target":{"@type":"EntryPoint","urlTemplate":"https:\/\/bolting.eu\/en\/?s={search_term_string}"},"query-input":{"@type":"PropertyValueSpecification","valueRequired":true,"valueName":"search_term_string"}}],"inLanguage":"en-US"},{"@type":["Organization","Place","SportingGoodsStore"],"@id":"https:\/\/bolting.eu\/en\/#organization","name":"bolting.eu","url":"https:\/\/bolting.eu\/en\/","logo":{"@id":"https:\/\/bolting.eu\/en\/shop\/beal-3mm-reepschnur\/#local-main-organization-logo"},"image":{"@id":"https:\/\/bolting.eu\/en\/shop\/beal-3mm-reepschnur\/#local-main-organization-logo"},"sameAs":["https:\/\/www.facebook.com\/bolting.eu","https:\/\/www.instagram.com\/bolting.eu\/"],"address":{"@id":"https:\/\/bolting.eu\/en\/shop\/beal-3mm-reepschnur\/#local-main-place-address"},"geo":{"@type":"GeoCoordinates","latitude":"47.264176340396226","longitude":"11.380109057672346"},"telephone":["+43 699 19083372"],"openingHoursSpecification":[{"@type":"OpeningHoursSpecification","dayOfWeek":["Monday","Wednesday","Friday"],"opens":"14:00","closes":"18:00"},{"@type":"OpeningHoursSpecification","dayOfWeek":["Tuesday","Thursday","Saturday","Sunday"],"opens":"00:00","closes":"00:00"}],"email":"office@bolting.eu","vatID":"ATU59999728","priceRange":"$$","currenciesAccepted":"Euro"},{"@type":"PostalAddress","@id":"https:\/\/bolting.eu\/en\/shop\/beal-3mm-reepschnur\/#local-main-place-address","streetAddress":"Fischnalerstra\u00dfe 4","addressLocality":"Innsbruck","postalCode":"6020","addressRegion":"Tirol","addressCountry":"AT"},{"@type":"ImageObject","inLanguage":"en-US","@id":"https:\/\/bolting.eu\/en\/shop\/beal-3mm-reepschnur\/#local-main-organization-logo","url":"https:\/\/bolting.eu\/wp-content\/uploads\/2019\/09\/bolting-logo.png","contentUrl":"https:\/\/bolting.eu\/wp-content\/uploads\/2019\/09\/bolting-logo.png","width":400,"height":211,"caption":"bolting.eu"}]},"product_price_amount":"0.54","product_price_currency":"EUR","og_availability":"instock","product_availability":"instock","product_retailer_item_id":"BC03.120A","product_condition":"new","geo.placename":"Innsbruck","geo.position":{"lat":"47.264176340396226","long":"11.380109057672346"},"geo.region":"Austria"},"_links":{"self":[{"href":"https:\/\/bolting.eu\/en\/wp-json\/wp\/v2\/product\/11068","targetHints":{"allow":["GET"]}}],"collection":[{"href":"https:\/\/bolting.eu\/en\/wp-json\/wp\/v2\/product"}],"about":[{"href":"https:\/\/bolting.eu\/en\/wp-json\/wp\/v2\/types\/product"}],"replies":[{"embeddable":true,"href":"https:\/\/bolting.eu\/en\/wp-json\/wp\/v2\/comments?post=11068"}],"wp:featuredmedia":[{"embeddable":true,"href":"https:\/\/bolting.eu\/en\/wp-json\/wp\/v2\/media\/11069"}],"wp:attachment":[{"href":"https:\/\/bolting.eu\/en\/wp-json\/wp\/v2\/media?parent=11068"}],"wp:term":[{"taxonomy":"product_brand","embeddable":true,"href":"https:\/\/bolting.eu\/en\/wp-json\/wp\/v2\/product_brand?post=11068"},{"taxonomy":"product_cat","embeddable":true,"href":"https:\/\/bolting.eu\/en\/wp-json\/wp\/v2\/product_cat?post=11068"},{"taxonomy":"product_tag","embeddable":true,"href":"https:\/\/bolting.eu\/en\/wp-json\/wp\/v2\/product_tag?post=11068"}],"curies":[{"name":"wp","href":"https:\/\/api.w.org\/{rel}","templated":true}]}}