{"id":11030,"date":"2022-01-04T14:14:37","date_gmt":"2022-01-04T13:14:37","guid":{"rendered":"https:\/\/bolting.eu\/?post_type=product&#038;p=11030"},"modified":"2025-07-30T16:11:08","modified_gmt":"2025-07-30T14:11:08","slug":"trigger-kit-aliens-revolution","status":"publish","type":"product","link":"https:\/\/bolting.eu\/en\/shop\/trigger-kit-aliens-revolution\/","title":{"rendered":"Trigger Kit Aliens Revolution"},"content":{"rendered":"<p>Der Trigger Kit dient zum Austauschen defekter Trigger Dr\u00e4hte bei den <strong><a href=\"https:\/\/bolting.eu\/shop\/alien-cams-revolution\/\">Alien Cams Revolution<\/a><\/strong>.<\/p>\n<p>Sollten eure Trigger Dr\u00e4hte gebrochen sein, so k\u00f6nnt ihr diese selber tauschen. Oder ihr sendet uns Eure defekten Cams und wir machen das f\u00fcr \u20ac 9,- \/ Stk. exkl. dem Trigger Kit f\u00fcr euch.<\/p>\n<p>Wenn ihr den Kit f\u00fcr eine Reparatur bestellt, kontrolliert bitte die richtige Gr\u00f6\u00dfe!<\/p>\n<h3>Gr\u00f6\u00dfen:<\/h3>\n<ul>\n<li>schwarz = 1\/3<\/li>\n<li>blau = 3\/8<\/li>\n<li>gr\u00fcn = 1\/2<\/li>\n<li>gelb = 3\/4<\/li>\n<li>grau = 7\/8<\/li>\n<li>rot = 1<\/li>\n<\/ul>\n","protected":false},"excerpt":{"rendered":"<p>Kit f\u00fcr einen Austausch defekter Trigger Dr\u00e4hte bei den <strong>Alien Cams Revolution<\/strong>.<\/p>\n","protected":false},"featured_media":11044,"comment_status":"open","ping_status":"closed","template":"","meta":[],"product_brand":[],"product_cat":[29,39,4665],"product_tag":[],"class_list":{"0":"post-11030","1":"product","2":"type-product","3":"status-publish","4":"has-post-thumbnail","6":"product_cat-kletterausruestung","7":"product_cat-klemmgeraete-friends","8":"product_cat-fixe-climbing","10":"first","11":"instock","12":"taxable","13":"shipping-taxable","14":"purchasable","15":"product-type-variable"},"yoast_head":"<!-- This site is optimized with the Yoast SEO Premium plugin v26.9 (Yoast SEO v26.9) - https:\/\/yoast.com\/product\/yoast-seo-premium-wordpress\/ -->\n<title>Trigger Kit Aliens Revolution - f\u00fcr Reparatur defekter Cams | bolting.eu<\/title>\n<meta name=\"description\" content=\"Hier findest Du den Trigger Kit f\u00fcr die Alien Cams Revolution.Vier Ersatzdr\u00e4hte zum Tausch aller Trigger bei den Revolution Cams!\" \/>\n<meta name=\"robots\" content=\"index, follow, max-snippet:-1, max-image-preview:large, max-video-preview:-1\" \/>\n<link rel=\"canonical\" href=\"https:\/\/bolting.eu\/en\/shop\/trigger-kit-aliens-revolution\/\" \/>\n<meta property=\"og:locale\" content=\"en_US\" \/>\n<meta property=\"og:type\" content=\"article\" \/>\n<meta property=\"og:title\" content=\"Trigger Kit Aliens Revolution\" \/>\n<meta property=\"og:description\" content=\"Hier findest Du den Trigger Kit f\u00fcr die Alien Cams Revolution.Vier Ersatzdr\u00e4hte zum Tausch aller Trigger bei den Revolution Cams!\" \/>\n<meta property=\"og:url\" content=\"https:\/\/bolting.eu\/en\/shop\/trigger-kit-aliens-revolution\/\" \/>\n<meta property=\"og:site_name\" content=\"bolting.eu\" \/>\n<meta property=\"article:publisher\" content=\"https:\/\/www.facebook.com\/bolting.eu\" \/>\n<meta property=\"article:modified_time\" content=\"2025-07-30T14:11:08+00:00\" \/>\n<meta property=\"og:image\" content=\"https:\/\/bolting.eu\/wp-content\/uploads\/2022\/01\/Fixe-Aliens-Revolution-Repair-Kit-1.jpg\" \/>\n\t<meta property=\"og:image:width\" content=\"700\" \/>\n\t<meta property=\"og:image:height\" content=\"700\" \/>\n\t<meta property=\"og:image:type\" content=\"image\/jpeg\" \/>\n<meta name=\"twitter:card\" content=\"summary_large_image\" \/>\n<meta name=\"twitter:label1\" content=\"Availability\" \/>\n\t<meta name=\"twitter:data1\" content=\"In stock\" \/>\n<script type=\"application\/ld+json\" class=\"yoast-schema-graph\">{\"@context\":\"https:\/\/schema.org\",\"@graph\":[{\"@type\":[\"WebPage\",\"ItemPage\"],\"@id\":\"https:\/\/bolting.eu\/en\/shop\/trigger-kit-aliens-revolution\/\",\"url\":\"https:\/\/bolting.eu\/en\/shop\/trigger-kit-aliens-revolution\/\",\"name\":\"Trigger Kit Aliens Revolution - f\u00fcr Reparatur defekter Cams | bolting.eu\",\"isPartOf\":{\"@id\":\"https:\/\/bolting.eu\/en\/#website\"},\"primaryImageOfPage\":{\"@id\":\"https:\/\/bolting.eu\/en\/shop\/trigger-kit-aliens-revolution\/#primaryimage\"},\"image\":{\"@id\":\"https:\/\/bolting.eu\/en\/shop\/trigger-kit-aliens-revolution\/#primaryimage\"},\"thumbnailUrl\":\"https:\/\/bolting.eu\/wp-content\/uploads\/2022\/01\/Fixe-Aliens-Revolution-Repair-Kit-1.jpg\",\"datePublished\":\"2022-01-04T13:14:37+00:00\",\"dateModified\":\"2025-07-30T14:11:08+00:00\",\"description\":\"Hier findest Du den Trigger Kit f\u00fcr die Alien Cams Revolution.Vier Ersatzdr\u00e4hte zum Tausch aller Trigger bei den Revolution Cams!\",\"breadcrumb\":{\"@id\":\"https:\/\/bolting.eu\/en\/shop\/trigger-kit-aliens-revolution\/#breadcrumb\"},\"inLanguage\":\"en-US\",\"potentialAction\":[{\"@type\":\"ReadAction\",\"target\":[\"https:\/\/bolting.eu\/en\/shop\/trigger-kit-aliens-revolution\/\"]}]},{\"@type\":\"ImageObject\",\"inLanguage\":\"en-US\",\"@id\":\"https:\/\/bolting.eu\/en\/shop\/trigger-kit-aliens-revolution\/#primaryimage\",\"url\":\"https:\/\/bolting.eu\/wp-content\/uploads\/2022\/01\/Fixe-Aliens-Revolution-Repair-Kit-1.jpg\",\"contentUrl\":\"https:\/\/bolting.eu\/wp-content\/uploads\/2022\/01\/Fixe-Aliens-Revolution-Repair-Kit-1.jpg\",\"width\":700,\"height\":700,\"caption\":\"Das Bild zeigt den Aliens Revolution Trigger Kit f\u00fcr sechs unterschiedliche Gr\u00f6\u00dfen.\"},{\"@type\":\"BreadcrumbList\",\"@id\":\"https:\/\/bolting.eu\/en\/shop\/trigger-kit-aliens-revolution\/#breadcrumb\",\"itemListElement\":[{\"@type\":\"ListItem\",\"position\":1,\"name\":\"Shop\",\"item\":\"https:\/\/bolting.eu\/en\/shop\/\"},{\"@type\":\"ListItem\",\"position\":2,\"name\":\"climbing equipment\",\"item\":\"https:\/\/bolting.eu\/en\/produkt-kategorie\/climbing-equipment\/\"},{\"@type\":\"ListItem\",\"position\":3,\"name\":\"Klemmger\u00e4te - Friends\",\"item\":\"https:\/\/bolting.eu\/produkt-kategorie\/kletterausruestung\/klemmgeraete-friends\/\"},{\"@type\":\"ListItem\",\"position\":4,\"name\":\"Trigger Kit Aliens Revolution\"}]},{\"@type\":\"WebSite\",\"@id\":\"https:\/\/bolting.eu\/en\/#website\",\"url\":\"https:\/\/bolting.eu\/en\/\",\"name\":\"bolting.eu\",\"description\":\"we make climbs happen\",\"publisher\":{\"@id\":\"https:\/\/bolting.eu\/en\/#organization\"},\"potentialAction\":[{\"@type\":\"SearchAction\",\"target\":{\"@type\":\"EntryPoint\",\"urlTemplate\":\"https:\/\/bolting.eu\/en\/?s={search_term_string}\"},\"query-input\":{\"@type\":\"PropertyValueSpecification\",\"valueRequired\":true,\"valueName\":\"search_term_string\"}}],\"inLanguage\":\"en-US\"},{\"@type\":[\"Organization\",\"Place\",\"SportingGoodsStore\"],\"@id\":\"https:\/\/bolting.eu\/en\/#organization\",\"name\":\"bolting.eu\",\"url\":\"https:\/\/bolting.eu\/en\/\",\"logo\":{\"@id\":\"https:\/\/bolting.eu\/en\/shop\/trigger-kit-aliens-revolution\/#local-main-organization-logo\"},\"image\":{\"@id\":\"https:\/\/bolting.eu\/en\/shop\/trigger-kit-aliens-revolution\/#local-main-organization-logo\"},\"sameAs\":[\"https:\/\/www.facebook.com\/bolting.eu\",\"https:\/\/www.instagram.com\/bolting.eu\/\"],\"address\":{\"@id\":\"https:\/\/bolting.eu\/en\/shop\/trigger-kit-aliens-revolution\/#local-main-place-address\"},\"geo\":{\"@type\":\"GeoCoordinates\",\"latitude\":\"47.264176340396226\",\"longitude\":\"11.380109057672346\"},\"telephone\":[\"+43 699 19083372\"],\"openingHoursSpecification\":[{\"@type\":\"OpeningHoursSpecification\",\"dayOfWeek\":[\"Monday\",\"Wednesday\",\"Friday\"],\"opens\":\"14:00\",\"closes\":\"18:00\"},{\"@type\":\"OpeningHoursSpecification\",\"dayOfWeek\":[\"Tuesday\",\"Thursday\",\"Saturday\",\"Sunday\"],\"opens\":\"00:00\",\"closes\":\"00:00\"}],\"email\":\"office@bolting.eu\",\"vatID\":\"ATU59999728\",\"priceRange\":\"$$\",\"currenciesAccepted\":\"Euro\"},{\"@type\":\"PostalAddress\",\"@id\":\"https:\/\/bolting.eu\/en\/shop\/trigger-kit-aliens-revolution\/#local-main-place-address\",\"streetAddress\":\"Fischnalerstra\u00dfe 4\",\"addressLocality\":\"Innsbruck\",\"postalCode\":\"6020\",\"addressRegion\":\"Tirol\",\"addressCountry\":\"AT\"},{\"@type\":\"ImageObject\",\"inLanguage\":\"en-US\",\"@id\":\"https:\/\/bolting.eu\/en\/shop\/trigger-kit-aliens-revolution\/#local-main-organization-logo\",\"url\":\"https:\/\/bolting.eu\/wp-content\/uploads\/2019\/09\/bolting-logo.png\",\"contentUrl\":\"https:\/\/bolting.eu\/wp-content\/uploads\/2019\/09\/bolting-logo.png\",\"width\":400,\"height\":211,\"caption\":\"bolting.eu\"}]}<\/script>\n<meta property=\"og:availability\" content=\"instock\" \/>\n<meta property=\"product:availability\" content=\"instock\" \/>\n<meta property=\"product:condition\" content=\"new\" \/>\n<meta name=\"geo.placename\" content=\"Innsbruck\" \/>\n<meta name=\"geo.position\" content=\"47.264176340396226;11.380109057672346\" \/>\n<meta name=\"geo.region\" content=\"Austria\" \/>\n<!-- \/ Yoast SEO Premium plugin. -->","yoast_head_json":{"title":"Trigger Kit Aliens Revolution - f\u00fcr Reparatur defekter Cams | bolting.eu","description":"Hier findest Du den Trigger Kit f\u00fcr die Alien Cams Revolution.Vier Ersatzdr\u00e4hte zum Tausch aller Trigger bei den Revolution Cams!","robots":{"index":"index","follow":"follow","max-snippet":"max-snippet:-1","max-image-preview":"max-image-preview:large","max-video-preview":"max-video-preview:-1"},"canonical":"https:\/\/bolting.eu\/en\/shop\/trigger-kit-aliens-revolution\/","og_locale":"en_US","og_type":"article","og_title":"Trigger Kit Aliens Revolution","og_description":"Hier findest Du den Trigger Kit f\u00fcr die Alien Cams Revolution.Vier Ersatzdr\u00e4hte zum Tausch aller Trigger bei den Revolution Cams!","og_url":"https:\/\/bolting.eu\/en\/shop\/trigger-kit-aliens-revolution\/","og_site_name":"bolting.eu","article_publisher":"https:\/\/www.facebook.com\/bolting.eu","article_modified_time":"2025-07-30T14:11:08+00:00","og_image":[{"width":700,"height":700,"url":"https:\/\/bolting.eu\/wp-content\/uploads\/2022\/01\/Fixe-Aliens-Revolution-Repair-Kit-1.jpg","type":"image\/jpeg"}],"twitter_card":"summary_large_image","twitter_misc":{"Availability":"In stock"},"schema":{"@context":"https:\/\/schema.org","@graph":[{"@type":["WebPage","ItemPage"],"@id":"https:\/\/bolting.eu\/en\/shop\/trigger-kit-aliens-revolution\/","url":"https:\/\/bolting.eu\/en\/shop\/trigger-kit-aliens-revolution\/","name":"Trigger Kit Aliens Revolution - f\u00fcr Reparatur defekter Cams | bolting.eu","isPartOf":{"@id":"https:\/\/bolting.eu\/en\/#website"},"primaryImageOfPage":{"@id":"https:\/\/bolting.eu\/en\/shop\/trigger-kit-aliens-revolution\/#primaryimage"},"image":{"@id":"https:\/\/bolting.eu\/en\/shop\/trigger-kit-aliens-revolution\/#primaryimage"},"thumbnailUrl":"https:\/\/bolting.eu\/wp-content\/uploads\/2022\/01\/Fixe-Aliens-Revolution-Repair-Kit-1.jpg","datePublished":"2022-01-04T13:14:37+00:00","dateModified":"2025-07-30T14:11:08+00:00","description":"Hier findest Du den Trigger Kit f\u00fcr die Alien Cams Revolution.Vier Ersatzdr\u00e4hte zum Tausch aller Trigger bei den Revolution Cams!","breadcrumb":{"@id":"https:\/\/bolting.eu\/en\/shop\/trigger-kit-aliens-revolution\/#breadcrumb"},"inLanguage":"en-US","potentialAction":[{"@type":"ReadAction","target":["https:\/\/bolting.eu\/en\/shop\/trigger-kit-aliens-revolution\/"]}]},{"@type":"ImageObject","inLanguage":"en-US","@id":"https:\/\/bolting.eu\/en\/shop\/trigger-kit-aliens-revolution\/#primaryimage","url":"https:\/\/bolting.eu\/wp-content\/uploads\/2022\/01\/Fixe-Aliens-Revolution-Repair-Kit-1.jpg","contentUrl":"https:\/\/bolting.eu\/wp-content\/uploads\/2022\/01\/Fixe-Aliens-Revolution-Repair-Kit-1.jpg","width":700,"height":700,"caption":"Das Bild zeigt den Aliens Revolution Trigger Kit f\u00fcr sechs unterschiedliche Gr\u00f6\u00dfen."},{"@type":"BreadcrumbList","@id":"https:\/\/bolting.eu\/en\/shop\/trigger-kit-aliens-revolution\/#breadcrumb","itemListElement":[{"@type":"ListItem","position":1,"name":"Shop","item":"https:\/\/bolting.eu\/en\/shop\/"},{"@type":"ListItem","position":2,"name":"climbing equipment","item":"https:\/\/bolting.eu\/en\/produkt-kategorie\/climbing-equipment\/"},{"@type":"ListItem","position":3,"name":"Klemmger\u00e4te - Friends","item":"https:\/\/bolting.eu\/produkt-kategorie\/kletterausruestung\/klemmgeraete-friends\/"},{"@type":"ListItem","position":4,"name":"Trigger Kit Aliens Revolution"}]},{"@type":"WebSite","@id":"https:\/\/bolting.eu\/en\/#website","url":"https:\/\/bolting.eu\/en\/","name":"bolting.eu","description":"we make climbs happen","publisher":{"@id":"https:\/\/bolting.eu\/en\/#organization"},"potentialAction":[{"@type":"SearchAction","target":{"@type":"EntryPoint","urlTemplate":"https:\/\/bolting.eu\/en\/?s={search_term_string}"},"query-input":{"@type":"PropertyValueSpecification","valueRequired":true,"valueName":"search_term_string"}}],"inLanguage":"en-US"},{"@type":["Organization","Place","SportingGoodsStore"],"@id":"https:\/\/bolting.eu\/en\/#organization","name":"bolting.eu","url":"https:\/\/bolting.eu\/en\/","logo":{"@id":"https:\/\/bolting.eu\/en\/shop\/trigger-kit-aliens-revolution\/#local-main-organization-logo"},"image":{"@id":"https:\/\/bolting.eu\/en\/shop\/trigger-kit-aliens-revolution\/#local-main-organization-logo"},"sameAs":["https:\/\/www.facebook.com\/bolting.eu","https:\/\/www.instagram.com\/bolting.eu\/"],"address":{"@id":"https:\/\/bolting.eu\/en\/shop\/trigger-kit-aliens-revolution\/#local-main-place-address"},"geo":{"@type":"GeoCoordinates","latitude":"47.264176340396226","longitude":"11.380109057672346"},"telephone":["+43 699 19083372"],"openingHoursSpecification":[{"@type":"OpeningHoursSpecification","dayOfWeek":["Monday","Wednesday","Friday"],"opens":"14:00","closes":"18:00"},{"@type":"OpeningHoursSpecification","dayOfWeek":["Tuesday","Thursday","Saturday","Sunday"],"opens":"00:00","closes":"00:00"}],"email":"office@bolting.eu","vatID":"ATU59999728","priceRange":"$$","currenciesAccepted":"Euro"},{"@type":"PostalAddress","@id":"https:\/\/bolting.eu\/en\/shop\/trigger-kit-aliens-revolution\/#local-main-place-address","streetAddress":"Fischnalerstra\u00dfe 4","addressLocality":"Innsbruck","postalCode":"6020","addressRegion":"Tirol","addressCountry":"AT"},{"@type":"ImageObject","inLanguage":"en-US","@id":"https:\/\/bolting.eu\/en\/shop\/trigger-kit-aliens-revolution\/#local-main-organization-logo","url":"https:\/\/bolting.eu\/wp-content\/uploads\/2019\/09\/bolting-logo.png","contentUrl":"https:\/\/bolting.eu\/wp-content\/uploads\/2019\/09\/bolting-logo.png","width":400,"height":211,"caption":"bolting.eu"}]},"og_availability":"instock","product_availability":"instock","product_condition":"new","geo.placename":"Innsbruck","geo.position":{"lat":"47.264176340396226","long":"11.380109057672346"},"geo.region":"Austria"},"_links":{"self":[{"href":"https:\/\/bolting.eu\/en\/wp-json\/wp\/v2\/product\/11030","targetHints":{"allow":["GET"]}}],"collection":[{"href":"https:\/\/bolting.eu\/en\/wp-json\/wp\/v2\/product"}],"about":[{"href":"https:\/\/bolting.eu\/en\/wp-json\/wp\/v2\/types\/product"}],"replies":[{"embeddable":true,"href":"https:\/\/bolting.eu\/en\/wp-json\/wp\/v2\/comments?post=11030"}],"wp:featuredmedia":[{"embeddable":true,"href":"https:\/\/bolting.eu\/en\/wp-json\/wp\/v2\/media\/11044"}],"wp:attachment":[{"href":"https:\/\/bolting.eu\/en\/wp-json\/wp\/v2\/media?parent=11030"}],"wp:term":[{"taxonomy":"product_brand","embeddable":true,"href":"https:\/\/bolting.eu\/en\/wp-json\/wp\/v2\/product_brand?post=11030"},{"taxonomy":"product_cat","embeddable":true,"href":"https:\/\/bolting.eu\/en\/wp-json\/wp\/v2\/product_cat?post=11030"},{"taxonomy":"product_tag","embeddable":true,"href":"https:\/\/bolting.eu\/en\/wp-json\/wp\/v2\/product_tag?post=11030"}],"curies":[{"name":"wp","href":"https:\/\/api.w.org\/{rel}","templated":true}]}}