{"id":11013,"date":"2022-01-04T13:33:44","date_gmt":"2022-01-04T12:33:44","guid":{"rendered":"https:\/\/bolting.eu\/?post_type=product&#038;p=11013"},"modified":"2025-07-08T23:00:14","modified_gmt":"2025-07-08T21:00:14","slug":"alien-cams-revolution","status":"publish","type":"product","link":"https:\/\/bolting.eu\/en\/shop\/alien-cams-revolution\/","title":{"rendered":"Alien Cams Revolution"},"content":{"rendered":"<p>Die Fixe Alien Cams Revolution sind die dritte Generation der legend\u00e4ren Friends von David Waggoner. Sie zeichnen sich durch einen extrem schmalen Kopf und die weichen, unverkennbaren Aluminium Nocken aus.<\/p>\n<figure id=\"attachment_11021\" aria-describedby=\"caption-attachment-11021\" style=\"width: 300px\" class=\"wp-caption alignleft\"><a href=\"https:\/\/bolting.eu\/wp-content\/uploads\/2022\/01\/Alien-Cams-Revolution-3.jpg\"><img loading=\"lazy\" decoding=\"async\" class=\"wp-image-11021\" src=\"https:\/\/bolting.eu\/wp-content\/uploads\/2022\/01\/Alien-Cams-Revolution-3.jpg\" alt=\"Das Bild zeigt den Kopf eines Alien Cam in rot mit dem Wort Heritage.\" width=\"300\" height=\"186\" srcset=\"https:\/\/bolting.eu\/wp-content\/uploads\/2022\/01\/Alien-Cams-Revolution-3.jpg 600w, https:\/\/bolting.eu\/wp-content\/uploads\/2022\/01\/Alien-Cams-Revolution-3-510x316.jpg 510w\" sizes=\"auto, (max-width: 300px) 100vw, 300px\" \/><\/a><figcaption id=\"caption-attachment-11021\" class=\"wp-caption-text\">Die schmalen K\u00f6pfe sind DAS Kennzeichen der Alien Klemmger\u00e4te!<\/figcaption><\/figure>\n<p>Aliens passen durch ihre Form in viel kleinere Risse als normale Klemmger\u00e4te. Das macht sie als Teil eines ausgewogenen Trad Kletter Racks unverzichtbar.<\/p>\n<p>Die Revolution Modelle zeichnen sich dabei durch diese Features aus. Erstens die doppelte <a href=\"https:\/\/bolting.eu\/produkt-kategorie\/kletterausruestung\/bandschlinge\/\">Bandschlinge<\/a>. Zweitens die \u00fcberarbeite Stahlkabel \u00d6se. Diese ist nun mit einem Kunststoff versehen und erlaubt eine l\u00e4ngere Lebensdauer der Bandschlinge als auch ein leichteres Legen der Friends.<\/p>\n<p>Drittens wurden die Trigger vereinfacht und mit einem einfachen Repair Kit erg\u00e4nzt. D.h. zu jeder Gr\u00f6\u00dfe bekommt ihr bei uns auch den passenden Satz zum selber reparieren!<\/p>\n<p>Kurzum. Wer sich einen Satz dieser Klemmger\u00e4te zulegen will, ist bei uns genau richtig!<\/p>\n<h2>Eigenschaften Alien Cams Revolution<\/h2>\n<ul>\n<li>Hersteller: <a href=\"https:\/\/bolting.eu\/produkt-kategorie\/fixe-climbing\/\">Fixe Climbing<\/a><\/li>\n<li>3. Generation der legend\u00e4ren Friends<\/li>\n<li>mit extra schmalen Kopf f\u00fcr kleinste Risse wie z.B. Pin Scars<\/li>\n<li>weiche Klemmnocken aus Alu<\/li>\n<li>doppelt gef\u00fchrte Bandschlinge zum &#8220;Verl\u00e4ngern&#8221;<\/li>\n<li>Kunststoff \u00dcberzug der Stahlkabel \u00d6se<\/li>\n<li>separat verf\u00fcgbar: Trigger Repair Kit<\/li>\n<li>6 Gr\u00f6\u00dfen: 1\/3, 3\/8, 1\/2, 3\/4, 7\/8 und 1 Zoll<\/li>\n<li>Normen: EN 12276 bzw. UIAA 125<\/li>\n<li>Gewicht: 49 &#8211; 65 Gramm<\/li>\n<li><a href=\"https:\/\/www.fixeclimbing.com\/shop\/public\/MU_Aliens(A00780_v4).pdf\">Bedienungsanleitung<\/a><\/li>\n<\/ul>\n<h3>Geschichte Alien Cams<\/h3>\n<p>Die Geschichte dieser Klemmger\u00e4te ist ziemlich legend\u00e4r. Denn Mitte der 1980er Jahre war der findige Kletterer und Maschinenbauer David Waggoner in den USA frustriert \u00fcber das Cam Angebot. Also beschloss er es selber besser zu machen und gr\u00fcndete in Durango in Colorado CCH. Colorado Custom Hardware.<\/p>\n<figure id=\"attachment_11023\" aria-describedby=\"caption-attachment-11023\" style=\"width: 700px\" class=\"wp-caption alignnone\"><a href=\"https:\/\/bolting.eu\/wp-content\/uploads\/2022\/01\/Alien-Cams-Revolution-1.jpg\"><img loading=\"lazy\" decoding=\"async\" class=\"wp-image-11023 size-full\" src=\"https:\/\/bolting.eu\/wp-content\/uploads\/2022\/01\/Alien-Cams-Revolution-1.jpg\" alt=\"Das Bild zeigt das rote Modell der Alien Cams Revolution auf einer grauen Felsplatte.\" width=\"700\" height=\"525\" srcset=\"https:\/\/bolting.eu\/wp-content\/uploads\/2022\/01\/Alien-Cams-Revolution-1.jpg 700w, https:\/\/bolting.eu\/wp-content\/uploads\/2022\/01\/Alien-Cams-Revolution-1-510x383.jpg 510w, https:\/\/bolting.eu\/wp-content\/uploads\/2022\/01\/Alien-Cams-Revolution-1-533x400.jpg 533w, https:\/\/bolting.eu\/wp-content\/uploads\/2022\/01\/Alien-Cams-Revolution-1-600x450.jpg 600w\" sizes=\"auto, (max-width: 700px) 100vw, 700px\" \/><\/a><figcaption id=\"caption-attachment-11023\" class=\"wp-caption-text\">Die legend\u00e4ren Cams haben eine bewegte Geschichte!<\/figcaption><\/figure>\n<p>David versuchte dabei vor allem eine Schwachstelle aller am Markt verf\u00fcgbaren Friends auszumerzen. N\u00e4mlich die gro\u00dfen, langen K\u00f6pfe. Wir reden hier also nicht von der Rissbreite, sondern eigentlich von der &#8220;L\u00e4nge&#8221; eines Risses. Vor allen dort wo fr\u00fcher Haken geschlagen wurden, also &#8220;pin scars&#8221; entstanden waren, lie\u00dfen sich herk\u00f6mmliche Klemmger\u00e4te nicht setzen weil sie einfach nicht in die kleinen verbreiterten Rissabschnitte passten.<\/p>\n<p>David baute also Cams mit extrem kleinen K\u00f6pfen und brachte damit eine Lawine ins Rollen. In k\u00fcrzester Zeit revolutionierten seine Aliens den Markt in den USA. Dabei waren die Cams vor allem bei den Big Wall Kletterern extrem beliebt.<\/p>\n<p>Leider verstarb der Firmengr\u00fcnder im Jahr 2009 an einer schweren Krankheit und die Firma stand zwei Jahre lang zum Verkauf. In dieser Zeit waren die Aliens einige Jahre nicht mehr verf\u00fcgbar.<\/p>\n<p>2011 \u00fcbernahm dann der spanische Hersteller Fixe Climbing die Marke und startete die Produktion in Europa neu.<\/p>\n<h3>Produktvideo<\/h3>\n<p>Im folgenden Video k\u00f6nnt ihr sehen, wie die Alien Cams Revolution gebaut werden. Sie werden heute in Barcelona von Fixe Climbing nach den strengen En 12276 bzw. UIAA 125 Norm gefertigt.<\/p>\n<p><iframe loading=\"lazy\" title=\"Proceso de fabricaci\u00f3n material ALIEN. - Subt\u00edtulos en Espa\u00f1ol -\" width=\"1020\" height=\"574\" src=\"https:\/\/www.youtube.com\/embed\/pESyeC9Mnj4?feature=oembed\" frameborder=\"0\" allow=\"accelerometer; autoplay; clipboard-write; encrypted-media; gyroscope; picture-in-picture; web-share\" referrerpolicy=\"strict-origin-when-cross-origin\" allowfullscreen><\/iframe><\/p>\n<p>&nbsp;<\/p>\n<h3>Gr\u00f6\u00dfentabelle<\/h3>\n<p>Im Folgenden findet ihr eine praktische \u00dcbersicht zu den Alien Cams mit allen relevanten Angaben.<\/p>\n<table style=\"border-collapse: collapse; width: 260pt;\" border=\"0\" width=\"348\" cellspacing=\"0\" cellpadding=\"0\">\n<tbody>\n<tr style=\"height: 16.0pt;\">\n<td class=\"xl67\" style=\"height: 16pt; width: 260pt; text-align: center;\" colspan=\"4\" width=\"348\" height=\"21\"><span style=\"font-size: 120%;\">Gr\u00f6\u00dfentabelle Alien Cams Revolution<\/span><\/td>\n<\/tr>\n<tr style=\"height: 16.0pt;\">\n<td style=\"height: 16pt; text-align: center;\" height=\"21\"><strong>Gr\u00f6\u00dfe<\/strong><\/td>\n<td style=\"text-align: center;\"><strong>Farbe<\/strong><\/td>\n<td class=\"xl65\" style=\"text-align: center;\"><strong>Gewicht<\/strong><\/td>\n<td class=\"xl65\" style=\"text-align: center;\"><strong>Rissbreite<\/strong><\/td>\n<\/tr>\n<tr style=\"height: 16.0pt;\">\n<td class=\"xl66\" style=\"height: 16pt; text-align: center;\" height=\"21\"><strong>1\/3<\/strong><\/td>\n<td class=\"xl66\" style=\"text-align: center;\">schwarz<\/td>\n<td class=\"xl66\" style=\"text-align: center;\">49 Gramm<\/td>\n<td class=\"xl66\" style=\"text-align: center;\">9,3 &#8211; 14mm<\/td>\n<\/tr>\n<tr style=\"height: 16.0pt;\">\n<td class=\"xl66\" style=\"height: 16pt; text-align: center;\" height=\"21\"><strong>3\/8<\/strong><\/td>\n<td class=\"xl66\" style=\"text-align: center;\">blau<\/td>\n<td class=\"xl66\" style=\"text-align: center;\">51 Gramm<\/td>\n<td class=\"xl66\" style=\"text-align: center;\">10,8 &#8211; 16,1 mm<\/td>\n<\/tr>\n<tr style=\"height: 16.0pt;\">\n<td class=\"xl66\" style=\"height: 16pt; text-align: center;\" height=\"21\"><strong>1\/2<\/strong><\/td>\n<td class=\"xl66\" style=\"text-align: center;\">gr\u00fcn<\/td>\n<td class=\"xl66\" style=\"text-align: center;\">55 Gramm<\/td>\n<td class=\"xl66\" style=\"text-align: center;\">13,8 &#8211; 20,8 mm<\/td>\n<\/tr>\n<tr style=\"height: 16.0pt;\">\n<td class=\"xl66\" style=\"height: 16pt; text-align: center;\" height=\"21\"><strong>3\/4<\/strong><\/td>\n<td class=\"xl66\" style=\"text-align: center;\">gelb<\/td>\n<td class=\"xl66\" style=\"text-align: center;\">59 Gramm<\/td>\n<td class=\"xl66\" style=\"text-align: center;\">16,1 &#8211; 25,7 mm<\/td>\n<\/tr>\n<tr style=\"height: 16.0pt;\">\n<td class=\"xl66\" style=\"height: 16pt; text-align: center;\" height=\"21\"><strong>7\/8<\/strong><\/td>\n<td class=\"xl66\" style=\"text-align: center;\">grau<\/td>\n<td class=\"xl66\" style=\"text-align: center;\">63 Gramm<\/td>\n<td class=\"xl66\" style=\"text-align: center;\">18,6 &#8211; 28mm<\/td>\n<\/tr>\n<tr style=\"height: 16.0pt;\">\n<td class=\"xl66\" style=\"height: 16pt; text-align: center;\" height=\"21\"><strong>1<\/strong><\/td>\n<td class=\"xl66\" style=\"text-align: center;\">rot<\/td>\n<td class=\"xl66\" style=\"text-align: center;\">65 Gramm<\/td>\n<td class=\"xl66\" style=\"text-align: center;\">20,3 &#8211; 33,4mm<\/td>\n<\/tr>\n<\/tbody>\n<\/table>\n<h3>St\u00e4rken der Alien Cams<\/h3>\n<p>Die Vorteile dieser Klemmger\u00e4te liegen auf der Hand. Sie passen in kleine Ritzen und Pin Scars!<\/p>\n<p>Somit ist ein Satz dieser Cams eine sinnvolle Erg\u00e4nzung f\u00fcr jeden Trad Kletterer. Wer viele Big Walls vor hat, der kommt um zwei S\u00e4tze bzw. Offset-Aliens nicht herum.<\/p>\n<p>Als alleinige Klemmger\u00e4te f\u00fcr ein Trad Rack sind die Alien nicht zu empfehlen. Daf\u00fcr empfehlen wir ein regul\u00e4res Modell mit Doppelachse.<\/p>\n<p>&nbsp;<\/p>\n<p><a href=\"https:\/\/bolting.eu\/wp-content\/uploads\/2022\/01\/Alien-Cams-Revolution-2.jpg\"><img loading=\"lazy\" decoding=\"async\" class=\"alignnone size-full wp-image-11022\" src=\"https:\/\/bolting.eu\/wp-content\/uploads\/2022\/01\/Alien-Cams-Revolution-2.jpg\" alt=\"Das Bild zeigt ein blaues Klemmger\u00e4t in einem horizontalen Riss.\" width=\"640\" height=\"423\" srcset=\"https:\/\/bolting.eu\/wp-content\/uploads\/2022\/01\/Alien-Cams-Revolution-2.jpg 640w, https:\/\/bolting.eu\/wp-content\/uploads\/2022\/01\/Alien-Cams-Revolution-2-510x337.jpg 510w, https:\/\/bolting.eu\/wp-content\/uploads\/2022\/01\/Alien-Cams-Revolution-2-605x400.jpg 605w, https:\/\/bolting.eu\/wp-content\/uploads\/2022\/01\/Alien-Cams-Revolution-2-600x397.jpg 600w\" sizes=\"auto, (max-width: 640px) 100vw, 640px\" \/><\/a><\/p>\n","protected":false},"excerpt":{"rendered":"<p>Die Alien Cams Revolution sind die bereits 3. Generation der legend\u00e4ren Klemmegr\u00e4te mit schmalen Kopf f\u00fcr kleinste Risse und Pin Scars.<\/p>\n<p>Eine unverzichtbare Erg\u00e4nzung f\u00fcr Trad Kletterer und ihr vollst\u00e4ndiges Klemmger\u00e4te Rack!<\/p>\n","protected":false},"featured_media":11020,"comment_status":"open","ping_status":"closed","template":"","meta":[],"product_brand":[],"product_cat":[29,31,39,4665],"product_tag":[],"class_list":{"0":"post-11013","1":"product","2":"type-product","3":"status-publish","4":"has-post-thumbnail","6":"product_cat-kletterausruestung","7":"product_cat-big-wall-ausruestung","8":"product_cat-klemmgeraete-friends","9":"product_cat-fixe-climbing","11":"first","12":"outofstock","13":"sale","14":"taxable","15":"shipping-taxable","16":"purchasable","17":"product-type-variable"},"yoast_head":"<!-- This site is optimized with the Yoast SEO Premium plugin v26.9 (Yoast SEO v26.9) - https:\/\/yoast.com\/product\/yoast-seo-premium-wordpress\/ -->\n<title>Alien Cams Revolution - Friends mit extra schmalem Kopf | bolting.eu<\/title>\n<meta name=\"description\" content=\"ALIEN CAMS REVOLUTION beim Kletter Hardareprofi aus Innsbruck kaufen \u2705 kostenloser Versand* \u2705 14 Tage R\u00fcckgaberecht \u2705 Co2 neutraler Versand\" \/>\n<meta name=\"robots\" content=\"index, follow, max-snippet:-1, max-image-preview:large, max-video-preview:-1\" \/>\n<link rel=\"canonical\" href=\"https:\/\/bolting.eu\/en\/shop\/alien-cams-revolution\/\" \/>\n<meta property=\"og:locale\" content=\"en_US\" \/>\n<meta property=\"og:type\" content=\"article\" \/>\n<meta property=\"og:title\" content=\"Alien Cams Revolution\" \/>\n<meta property=\"og:description\" content=\"ALIEN CAMS REVOLUTION beim Kletter Hardareprofi aus Innsbruck kaufen \u2705 kostenloser Versand* \u2705 14 Tage R\u00fcckgaberecht \u2705 Co2 neutraler Versand\" \/>\n<meta property=\"og:url\" content=\"https:\/\/bolting.eu\/en\/shop\/alien-cams-revolution\/\" \/>\n<meta property=\"og:site_name\" content=\"bolting.eu\" \/>\n<meta property=\"article:publisher\" content=\"https:\/\/www.facebook.com\/bolting.eu\" \/>\n<meta property=\"article:modified_time\" content=\"2025-07-08T21:00:14+00:00\" \/>\n<meta property=\"og:image\" content=\"https:\/\/bolting.eu\/wp-content\/uploads\/2022\/01\/Alien-Cams-Revolution-4.jpg\" \/>\n\t<meta property=\"og:image:width\" content=\"700\" \/>\n\t<meta property=\"og:image:height\" content=\"700\" \/>\n\t<meta property=\"og:image:type\" content=\"image\/jpeg\" \/>\n<meta name=\"twitter:card\" content=\"summary_large_image\" \/>\n<meta name=\"twitter:label1\" content=\"Availability\" \/>\n\t<meta name=\"twitter:data1\" content=\"Out of stock\" \/>\n<script type=\"application\/ld+json\" class=\"yoast-schema-graph\">{\"@context\":\"https:\/\/schema.org\",\"@graph\":[{\"@type\":[\"WebPage\",\"ItemPage\"],\"@id\":\"https:\/\/bolting.eu\/en\/shop\/alien-cams-revolution\/\",\"url\":\"https:\/\/bolting.eu\/en\/shop\/alien-cams-revolution\/\",\"name\":\"Alien Cams Revolution - Friends mit extra schmalem Kopf | bolting.eu\",\"isPartOf\":{\"@id\":\"https:\/\/bolting.eu\/en\/#website\"},\"primaryImageOfPage\":{\"@id\":\"https:\/\/bolting.eu\/en\/shop\/alien-cams-revolution\/#primaryimage\"},\"image\":{\"@id\":\"https:\/\/bolting.eu\/en\/shop\/alien-cams-revolution\/#primaryimage\"},\"thumbnailUrl\":\"https:\/\/bolting.eu\/wp-content\/uploads\/2022\/01\/Alien-Cams-Revolution-4.jpg\",\"datePublished\":\"2022-01-04T12:33:44+00:00\",\"dateModified\":\"2025-07-08T21:00:14+00:00\",\"description\":\"ALIEN CAMS REVOLUTION beim Kletter Hardareprofi aus Innsbruck kaufen \u2705 kostenloser Versand* \u2705 14 Tage R\u00fcckgaberecht \u2705 Co2 neutraler Versand\",\"breadcrumb\":{\"@id\":\"https:\/\/bolting.eu\/en\/shop\/alien-cams-revolution\/#breadcrumb\"},\"inLanguage\":\"en-US\",\"potentialAction\":[{\"@type\":\"ReadAction\",\"target\":[\"https:\/\/bolting.eu\/en\/shop\/alien-cams-revolution\/\"]}]},{\"@type\":\"ImageObject\",\"inLanguage\":\"en-US\",\"@id\":\"https:\/\/bolting.eu\/en\/shop\/alien-cams-revolution\/#primaryimage\",\"url\":\"https:\/\/bolting.eu\/wp-content\/uploads\/2022\/01\/Alien-Cams-Revolution-4.jpg\",\"contentUrl\":\"https:\/\/bolting.eu\/wp-content\/uploads\/2022\/01\/Alien-Cams-Revolution-4.jpg\",\"width\":700,\"height\":700,\"caption\":\"Das Bild zeigt einen bunten Satz Alien Cams Revolution nebeneinander liegend.n\"},{\"@type\":\"BreadcrumbList\",\"@id\":\"https:\/\/bolting.eu\/en\/shop\/alien-cams-revolution\/#breadcrumb\",\"itemListElement\":[{\"@type\":\"ListItem\",\"position\":1,\"name\":\"Shop\",\"item\":\"https:\/\/bolting.eu\/en\/shop\/\"},{\"@type\":\"ListItem\",\"position\":2,\"name\":\"climbing equipment\",\"item\":\"https:\/\/bolting.eu\/en\/produkt-kategorie\/climbing-equipment\/\"},{\"@type\":\"ListItem\",\"position\":3,\"name\":\"Klemmger\u00e4te - Friends\",\"item\":\"https:\/\/bolting.eu\/produkt-kategorie\/kletterausruestung\/klemmgeraete-friends\/\"},{\"@type\":\"ListItem\",\"position\":4,\"name\":\"Alien Cams Revolution\"}]},{\"@type\":\"WebSite\",\"@id\":\"https:\/\/bolting.eu\/en\/#website\",\"url\":\"https:\/\/bolting.eu\/en\/\",\"name\":\"bolting.eu\",\"description\":\"we make climbs happen\",\"publisher\":{\"@id\":\"https:\/\/bolting.eu\/en\/#organization\"},\"potentialAction\":[{\"@type\":\"SearchAction\",\"target\":{\"@type\":\"EntryPoint\",\"urlTemplate\":\"https:\/\/bolting.eu\/en\/?s={search_term_string}\"},\"query-input\":{\"@type\":\"PropertyValueSpecification\",\"valueRequired\":true,\"valueName\":\"search_term_string\"}}],\"inLanguage\":\"en-US\"},{\"@type\":[\"Organization\",\"Place\",\"SportingGoodsStore\"],\"@id\":\"https:\/\/bolting.eu\/en\/#organization\",\"name\":\"bolting.eu\",\"url\":\"https:\/\/bolting.eu\/en\/\",\"logo\":{\"@id\":\"https:\/\/bolting.eu\/en\/shop\/alien-cams-revolution\/#local-main-organization-logo\"},\"image\":{\"@id\":\"https:\/\/bolting.eu\/en\/shop\/alien-cams-revolution\/#local-main-organization-logo\"},\"sameAs\":[\"https:\/\/www.facebook.com\/bolting.eu\",\"https:\/\/www.instagram.com\/bolting.eu\/\"],\"address\":{\"@id\":\"https:\/\/bolting.eu\/en\/shop\/alien-cams-revolution\/#local-main-place-address\"},\"geo\":{\"@type\":\"GeoCoordinates\",\"latitude\":\"47.264176340396226\",\"longitude\":\"11.380109057672346\"},\"telephone\":[\"+43 699 19083372\"],\"openingHoursSpecification\":[{\"@type\":\"OpeningHoursSpecification\",\"dayOfWeek\":[\"Monday\",\"Wednesday\",\"Friday\"],\"opens\":\"14:00\",\"closes\":\"18:00\"},{\"@type\":\"OpeningHoursSpecification\",\"dayOfWeek\":[\"Tuesday\",\"Thursday\",\"Saturday\",\"Sunday\"],\"opens\":\"00:00\",\"closes\":\"00:00\"}],\"email\":\"office@bolting.eu\",\"vatID\":\"ATU59999728\",\"priceRange\":\"$$\",\"currenciesAccepted\":\"Euro\"},{\"@type\":\"PostalAddress\",\"@id\":\"https:\/\/bolting.eu\/en\/shop\/alien-cams-revolution\/#local-main-place-address\",\"streetAddress\":\"Fischnalerstra\u00dfe 4\",\"addressLocality\":\"Innsbruck\",\"postalCode\":\"6020\",\"addressRegion\":\"Tirol\",\"addressCountry\":\"AT\"},{\"@type\":\"ImageObject\",\"inLanguage\":\"en-US\",\"@id\":\"https:\/\/bolting.eu\/en\/shop\/alien-cams-revolution\/#local-main-organization-logo\",\"url\":\"https:\/\/bolting.eu\/wp-content\/uploads\/2019\/09\/bolting-logo.png\",\"contentUrl\":\"https:\/\/bolting.eu\/wp-content\/uploads\/2019\/09\/bolting-logo.png\",\"width\":400,\"height\":211,\"caption\":\"bolting.eu\"}]}<\/script>\n<meta property=\"og:video\" content=\"https:\/\/www.youtube.com\/embed\/pESyeC9Mnj4\" \/>\n<meta property=\"og:video:type\" content=\"text\/html\" \/>\n<meta property=\"og:video:duration\" content=\"122\" \/>\n<meta property=\"og:video:width\" content=\"480\" \/>\n<meta property=\"og:video:height\" content=\"270\" \/>\n<meta property=\"ya:ovs:adult\" content=\"false\" \/>\n<meta property=\"ya:ovs:upload_date\" content=\"2022-01-04T12:33:44+00:00\" \/>\n<meta property=\"ya:ovs:allow_embed\" content=\"true\" \/>\n<meta property=\"og:availability\" content=\"out of stock\" \/>\n<meta property=\"product:availability\" content=\"out of stock\" \/>\n<meta property=\"product:condition\" content=\"new\" \/>\n<meta name=\"geo.placename\" content=\"Innsbruck\" \/>\n<meta name=\"geo.position\" content=\"47.264176340396226;11.380109057672346\" \/>\n<meta name=\"geo.region\" content=\"Austria\" \/>\n<!-- \/ Yoast SEO Premium plugin. -->","yoast_head_json":{"title":"Alien Cams Revolution - Friends mit extra schmalem Kopf | bolting.eu","description":"ALIEN CAMS REVOLUTION beim Kletter Hardareprofi aus Innsbruck kaufen \u2705 kostenloser Versand* \u2705 14 Tage R\u00fcckgaberecht \u2705 Co2 neutraler Versand","robots":{"index":"index","follow":"follow","max-snippet":"max-snippet:-1","max-image-preview":"max-image-preview:large","max-video-preview":"max-video-preview:-1"},"canonical":"https:\/\/bolting.eu\/en\/shop\/alien-cams-revolution\/","og_locale":"en_US","og_type":"article","og_title":"Alien Cams Revolution","og_description":"ALIEN CAMS REVOLUTION beim Kletter Hardareprofi aus Innsbruck kaufen \u2705 kostenloser Versand* \u2705 14 Tage R\u00fcckgaberecht \u2705 Co2 neutraler Versand","og_url":"https:\/\/bolting.eu\/en\/shop\/alien-cams-revolution\/","og_site_name":"bolting.eu","article_publisher":"https:\/\/www.facebook.com\/bolting.eu","article_modified_time":"2025-07-08T21:00:14+00:00","og_image":[{"width":700,"height":700,"url":"https:\/\/bolting.eu\/wp-content\/uploads\/2022\/01\/Alien-Cams-Revolution-4.jpg","type":"image\/jpeg"}],"twitter_card":"summary_large_image","twitter_misc":{"Availability":"Out of stock"},"schema":{"@context":"https:\/\/schema.org","@graph":[{"@type":["WebPage","ItemPage"],"@id":"https:\/\/bolting.eu\/en\/shop\/alien-cams-revolution\/","url":"https:\/\/bolting.eu\/en\/shop\/alien-cams-revolution\/","name":"Alien Cams Revolution - Friends mit extra schmalem Kopf | bolting.eu","isPartOf":{"@id":"https:\/\/bolting.eu\/en\/#website"},"primaryImageOfPage":{"@id":"https:\/\/bolting.eu\/en\/shop\/alien-cams-revolution\/#primaryimage"},"image":{"@id":"https:\/\/bolting.eu\/en\/shop\/alien-cams-revolution\/#primaryimage"},"thumbnailUrl":"https:\/\/bolting.eu\/wp-content\/uploads\/2022\/01\/Alien-Cams-Revolution-4.jpg","datePublished":"2022-01-04T12:33:44+00:00","dateModified":"2025-07-08T21:00:14+00:00","description":"ALIEN CAMS REVOLUTION beim Kletter Hardareprofi aus Innsbruck kaufen \u2705 kostenloser Versand* \u2705 14 Tage R\u00fcckgaberecht \u2705 Co2 neutraler Versand","breadcrumb":{"@id":"https:\/\/bolting.eu\/en\/shop\/alien-cams-revolution\/#breadcrumb"},"inLanguage":"en-US","potentialAction":[{"@type":"ReadAction","target":["https:\/\/bolting.eu\/en\/shop\/alien-cams-revolution\/"]}]},{"@type":"ImageObject","inLanguage":"en-US","@id":"https:\/\/bolting.eu\/en\/shop\/alien-cams-revolution\/#primaryimage","url":"https:\/\/bolting.eu\/wp-content\/uploads\/2022\/01\/Alien-Cams-Revolution-4.jpg","contentUrl":"https:\/\/bolting.eu\/wp-content\/uploads\/2022\/01\/Alien-Cams-Revolution-4.jpg","width":700,"height":700,"caption":"Das Bild zeigt einen bunten Satz Alien Cams Revolution nebeneinander liegend.n"},{"@type":"BreadcrumbList","@id":"https:\/\/bolting.eu\/en\/shop\/alien-cams-revolution\/#breadcrumb","itemListElement":[{"@type":"ListItem","position":1,"name":"Shop","item":"https:\/\/bolting.eu\/en\/shop\/"},{"@type":"ListItem","position":2,"name":"climbing equipment","item":"https:\/\/bolting.eu\/en\/produkt-kategorie\/climbing-equipment\/"},{"@type":"ListItem","position":3,"name":"Klemmger\u00e4te - Friends","item":"https:\/\/bolting.eu\/produkt-kategorie\/kletterausruestung\/klemmgeraete-friends\/"},{"@type":"ListItem","position":4,"name":"Alien Cams Revolution"}]},{"@type":"WebSite","@id":"https:\/\/bolting.eu\/en\/#website","url":"https:\/\/bolting.eu\/en\/","name":"bolting.eu","description":"we make climbs happen","publisher":{"@id":"https:\/\/bolting.eu\/en\/#organization"},"potentialAction":[{"@type":"SearchAction","target":{"@type":"EntryPoint","urlTemplate":"https:\/\/bolting.eu\/en\/?s={search_term_string}"},"query-input":{"@type":"PropertyValueSpecification","valueRequired":true,"valueName":"search_term_string"}}],"inLanguage":"en-US"},{"@type":["Organization","Place","SportingGoodsStore"],"@id":"https:\/\/bolting.eu\/en\/#organization","name":"bolting.eu","url":"https:\/\/bolting.eu\/en\/","logo":{"@id":"https:\/\/bolting.eu\/en\/shop\/alien-cams-revolution\/#local-main-organization-logo"},"image":{"@id":"https:\/\/bolting.eu\/en\/shop\/alien-cams-revolution\/#local-main-organization-logo"},"sameAs":["https:\/\/www.facebook.com\/bolting.eu","https:\/\/www.instagram.com\/bolting.eu\/"],"address":{"@id":"https:\/\/bolting.eu\/en\/shop\/alien-cams-revolution\/#local-main-place-address"},"geo":{"@type":"GeoCoordinates","latitude":"47.264176340396226","longitude":"11.380109057672346"},"telephone":["+43 699 19083372"],"openingHoursSpecification":[{"@type":"OpeningHoursSpecification","dayOfWeek":["Monday","Wednesday","Friday"],"opens":"14:00","closes":"18:00"},{"@type":"OpeningHoursSpecification","dayOfWeek":["Tuesday","Thursday","Saturday","Sunday"],"opens":"00:00","closes":"00:00"}],"email":"office@bolting.eu","vatID":"ATU59999728","priceRange":"$$","currenciesAccepted":"Euro"},{"@type":"PostalAddress","@id":"https:\/\/bolting.eu\/en\/shop\/alien-cams-revolution\/#local-main-place-address","streetAddress":"Fischnalerstra\u00dfe 4","addressLocality":"Innsbruck","postalCode":"6020","addressRegion":"Tirol","addressCountry":"AT"},{"@type":"ImageObject","inLanguage":"en-US","@id":"https:\/\/bolting.eu\/en\/shop\/alien-cams-revolution\/#local-main-organization-logo","url":"https:\/\/bolting.eu\/wp-content\/uploads\/2019\/09\/bolting-logo.png","contentUrl":"https:\/\/bolting.eu\/wp-content\/uploads\/2019\/09\/bolting-logo.png","width":400,"height":211,"caption":"bolting.eu"}]},"og_video":"https:\/\/www.youtube.com\/embed\/pESyeC9Mnj4","og_video_type":"text\/html","og_video_duration":"122","og_video_width":"480","og_video_height":"270","ya_ovs_adult":"false","ya_ovs_upload_date":"2022-01-04T12:33:44+00:00","ya_ovs_allow_embed":"true","og_availability":"out of stock","product_availability":"out of stock","product_condition":"new","geo.placename":"Innsbruck","geo.position":{"lat":"47.264176340396226","long":"11.380109057672346"},"geo.region":"Austria"},"_links":{"self":[{"href":"https:\/\/bolting.eu\/en\/wp-json\/wp\/v2\/product\/11013","targetHints":{"allow":["GET"]}}],"collection":[{"href":"https:\/\/bolting.eu\/en\/wp-json\/wp\/v2\/product"}],"about":[{"href":"https:\/\/bolting.eu\/en\/wp-json\/wp\/v2\/types\/product"}],"replies":[{"embeddable":true,"href":"https:\/\/bolting.eu\/en\/wp-json\/wp\/v2\/comments?post=11013"}],"wp:featuredmedia":[{"embeddable":true,"href":"https:\/\/bolting.eu\/en\/wp-json\/wp\/v2\/media\/11020"}],"wp:attachment":[{"href":"https:\/\/bolting.eu\/en\/wp-json\/wp\/v2\/media?parent=11013"}],"wp:term":[{"taxonomy":"product_brand","embeddable":true,"href":"https:\/\/bolting.eu\/en\/wp-json\/wp\/v2\/product_brand?post=11013"},{"taxonomy":"product_cat","embeddable":true,"href":"https:\/\/bolting.eu\/en\/wp-json\/wp\/v2\/product_cat?post=11013"},{"taxonomy":"product_tag","embeddable":true,"href":"https:\/\/bolting.eu\/en\/wp-json\/wp\/v2\/product_tag?post=11013"}],"curies":[{"name":"wp","href":"https:\/\/api.w.org\/{rel}","templated":true}]}}