{"id":10987,"date":"2021-12-23T14:48:23","date_gmt":"2021-12-23T13:48:23","guid":{"rendered":"https:\/\/bolting.eu\/?post_type=product&#038;p=10987"},"modified":"2026-04-01T13:22:53","modified_gmt":"2026-04-01T11:22:53","slug":"schrumpfkappen-fuer-stahlseile","status":"publish","type":"product","link":"https:\/\/bolting.eu\/en\/shop\/schrumpfkappen-fuer-stahlseile\/","title":{"rendered":"Schrumpfkappen f\u00fcr Stahlseile"},"content":{"rendered":"<p>Als absoluter Experte f\u00fcr Einbohrartikel bieten wir ein einmaliges Gesamtsortiment. Folglich haben wir f\u00fcr den Klettersteigbau nat\u00fcrlich auch Schrumpfkappen f\u00fcr Stahlseile im Sortiment. Dieser Artikel ist euch vielleicht auch als als &#8220;Endst\u00fcck Drahtseile&#8221; oder als &#8220;Endkappe Drahtseil&#8221; bekannt.<\/p>\n<p>Wir f\u00fchren zwei praktische Gr\u00f6\u00dfen. Erstens eine Kappe f\u00fcr 8-12mm Stahlseile. Zweitens eine Kappe f\u00fcr 14-18mm Stahlseile.<\/p>\n<p>Unsere Schrumpfkappen bestehen aus hochwertigem Polyolefin. Somit ist ein perfektes Zusammenschrumpfen garantiert. Zudem halten die Endst\u00fccke extrem gut. Denn ein Innenkleber bei unserer Endkappe f\u00fcr Drahtseile wird beim Erhitzen ebenfalls aktiviert und sorgt f\u00fcr enormen Halt.<\/p>\n<p>Kurzum. Wer seine Ausfransenden Stahlseile sanieren will, bzw. damit es gar nicht dazu kommt. Ist hier genau richtig!<\/p>\n<h2>Eigenschaften Schrumpfkappen f\u00fcr Stahlseile<\/h2>\n<ul>\n<li>Material: Polyolefin<\/li>\n<li>Dicke: 1,5mm<\/li>\n<li>schrumpft beim Erhitzen und aktiviert Kleber auf Innenseite<\/li>\n<li>Gr\u00f6\u00dfe 1: f\u00fcr Stahlseile 8-12mm<\/li>\n<li>Gr\u00f6\u00dfe 2: f\u00fcr Stahlseile 14-18mm<\/li>\n<li>Ma\u00dfe vor Erhitzen: Gr\u00f6\u00dfe 1 = 18 x 45mm; Gr\u00f6\u00dfe 2: 23 x 65mm<\/li>\n<li>ideal zum Schutz von Drahtseilenden \/ Stahlseilenden<\/li>\n<li><strong>Verpackungseinheit: 10 St\u00fcck<\/strong><\/li>\n<li>diese Endkappe Drahtseil schrumpft unter Hitze wie Bunsenbrenner, Hei\u00dfluftpistole oder F\u00f6hn<\/li>\n<\/ul>\n<h3>Ein leidiges Thema<\/h3>\n<p>Wer kennt das nicht? Ausgefranste Stahlseilenden an Klettersteigen oder Handl\u00e4ufen. Das sieht nicht nur schlecht aus, sondern ist extrem unpraktisch bis sogar gef\u00e4hrlich.<\/p>\n<p>Damit es gar nicht so weit kommt, sollten fachlich versierte Arbeiter die Enden solche Schrumpfkappen f\u00fcr Stahlseile anbringen. Denn diese unterbinden das Ausfransen der einzelnen Litzen bzw. abstehen der Dr\u00e4hte.<\/p>\n<p>M\u00f6glich macht das die Eigenschaft des Materials Polyolefin. Denn dieses schrumpft unter Hitze enorm zusammen. In Kombination mit dem Innenkleber, sollte so eine Kappe unz\u00e4hlige Jahre haften bleiben.<\/p>\n<h3>Wartung im Rahmen der Wegehalter Pflichten<\/h3>\n<p>Wie ihr sicher wisst, m\u00fcssen die Halter von Klettersteigen (in \u00d6sterreich) eine j\u00e4hrliche Begehung bzw. Wartung von Klettersteigen durchf\u00fchren. Hier sollten auch die Drahtseil Endkappen kontrolliert und gewartet werden.<\/p>\n<p>Sorgf\u00e4ltige Wartungskr\u00e4fte haben deshalb immer gen\u00fcgend Schrumpfkappen f\u00fcr Stahlseile dabei sowie einen Bunsenbrenner.<\/p>\n<p>Wer sich f\u00fcr die verl\u00e4ssliche und hochwertige Wartung seines Klettersteiges interessiert, kann gerne bei uns Anfrage. Im Rahmen unserer hochwertigen Bauleistungen bieten wir nat\u00fcrlich auch die kompetente Klettersteigwartung mit 10 Punkte Qualit\u00e4tsgarantie an.<\/p>\n<h3>Wie lange halten Schrumpfkappen f\u00fcr Stahlseile?<\/h3>\n<p>Die Endkappen f\u00fcr Drahtseile halten je nach Lage im Gel\u00e4nde unterschiedlich lange. D.h. es gibt einige Faktoren, welche auf die Lebensdauer einwirken. Diese sind haupts\u00e4chlich:<\/p>\n<ul>\n<li>Feuchtigkeit bzw. Schneeeintrag im Winter (Anfrieren Schnee!)<\/li>\n<li>Ist die Endkappe an einem langen Drahtseilst\u00fcck das am Fels scheuert oder einem steifen kurzen Ende?<\/li>\n<li>Sonneneinstrahlung \/ Temperaturwechsel<\/li>\n<li>die fachgerechte Anbringung mit gen\u00fcgend Hitze bzw. Schrumpfung<\/li>\n<li>Felsart und m\u00f6gliche Eintr\u00e4ge von Magnesium, Schwefel oder Kalzium Derivaten<\/li>\n<\/ul>\n<h3><span style=\"font-size: 100%;\">Weitere Alternative f\u00fcr Endkappe Drahtseil<\/span><\/h3>\n<p>Wir f\u00fchren auch Metallringe mit passenden Durchmessern, welche mit Injektionsm\u00f6rtel an Stahlseilen befestigt werden k\u00f6nnen. Diese Methode ist eine hochwertige Alternative, wenn z.B. auf Kunststoffe wie Polyolefin verzichtet werden soll. Oder wenn man sich einfach f\u00fcr eine noch hochwertige Sicherung der Drahtseil Enden entscheiden sollte.<\/p>\n<p>&nbsp;<\/p>\n","protected":false},"excerpt":{"rendered":"<p>Unsere Schrumpfkappen f\u00fcr Stahlseile aus Polyolefin gibt es in zwei Gr\u00f6\u00dfen. Gr\u00f6\u00dfe 1 f\u00fcr 8-12mm Stahlseile. Gr\u00f6\u00dfe 2 f\u00fcr 14-18mm Stahlseile. Die 1,5mm dicke Endkappe f\u00fcr Drahtseile hat zus\u00e4tzlich einen Innenkleber.<\/p>\n<p>Somit haften die Kappen unter Hitzeeinwirkung sowohl durch Schrumpfen als auch den Kleber extrem gut!<\/p>\n","protected":false},"featured_media":10990,"comment_status":"open","ping_status":"closed","template":"","meta":[],"product_brand":[],"product_cat":[260,1210,14189],"product_tag":[],"class_list":{"0":"post-10987","1":"product","2":"type-product","3":"status-publish","4":"has-post-thumbnail","6":"product_cat-material-fuer-klettersteigbau","7":"product_cat-einbohrartikel","8":"product_cat-materialien-fuer-wegebau","10":"first","11":"instock","12":"taxable","13":"shipping-taxable","14":"purchasable","15":"product-type-variable"},"yoast_head":"<!-- This site is optimized with the Yoast SEO Premium plugin v26.9 (Yoast SEO v26.9) - https:\/\/yoast.com\/product\/yoast-seo-premium-wordpress\/ -->\n<title>Schrumpfkappen f\u00fcr Stahlseile: 8-12mm und 14-18mm | bolting.eu<\/title>\n<meta name=\"description\" content=\"Hier findest Du unsere Schrumpfkappen f\u00fcr Stahlseile in 2 Gr\u00f6\u00dfen. Endkappen f\u00fcr Drahtseile von 8-12mm sowie 14-18mm aus Polyolefin!\" \/>\n<meta name=\"robots\" content=\"index, follow, max-snippet:-1, max-image-preview:large, max-video-preview:-1\" \/>\n<link rel=\"canonical\" href=\"https:\/\/bolting.eu\/en\/shop\/schrumpfkappen-fuer-stahlseile\/\" \/>\n<meta property=\"og:locale\" content=\"en_US\" \/>\n<meta property=\"og:type\" content=\"article\" \/>\n<meta property=\"og:title\" content=\"Schrumpfkappen f\u00fcr Stahlseile\" \/>\n<meta property=\"og:description\" content=\"Hier findest Du unsere Schrumpfkappen f\u00fcr Stahlseile in 2 Gr\u00f6\u00dfen. Endkappen f\u00fcr Drahtseile von 8-12mm sowie 14-18mm aus Polyolefin!\" \/>\n<meta property=\"og:url\" content=\"https:\/\/bolting.eu\/en\/shop\/schrumpfkappen-fuer-stahlseile\/\" \/>\n<meta property=\"og:site_name\" content=\"bolting.eu\" \/>\n<meta property=\"article:publisher\" content=\"https:\/\/www.facebook.com\/bolting.eu\" \/>\n<meta property=\"article:modified_time\" content=\"2026-04-01T11:22:53+00:00\" \/>\n<meta property=\"og:image\" content=\"https:\/\/bolting.eu\/wp-content\/uploads\/2021\/12\/Schrumpfkappe-fuer-Stahlseile-1.jpg\" \/>\n\t<meta property=\"og:image:width\" content=\"700\" \/>\n\t<meta property=\"og:image:height\" content=\"700\" \/>\n\t<meta property=\"og:image:type\" content=\"image\/jpeg\" \/>\n<meta name=\"twitter:card\" content=\"summary_large_image\" \/>\n<meta name=\"twitter:label1\" content=\"Availability\" \/>\n\t<meta name=\"twitter:data1\" content=\"In stock\" \/>\n<script type=\"application\/ld+json\" class=\"yoast-schema-graph\">{\"@context\":\"https:\/\/schema.org\",\"@graph\":[{\"@type\":[\"WebPage\",\"ItemPage\"],\"@id\":\"https:\/\/bolting.eu\/en\/shop\/schrumpfkappen-fuer-stahlseile\/\",\"url\":\"https:\/\/bolting.eu\/en\/shop\/schrumpfkappen-fuer-stahlseile\/\",\"name\":\"Schrumpfkappen f\u00fcr Stahlseile: 8-12mm und 14-18mm | bolting.eu\",\"isPartOf\":{\"@id\":\"https:\/\/bolting.eu\/en\/#website\"},\"primaryImageOfPage\":{\"@id\":\"https:\/\/bolting.eu\/en\/shop\/schrumpfkappen-fuer-stahlseile\/#primaryimage\"},\"image\":{\"@id\":\"https:\/\/bolting.eu\/en\/shop\/schrumpfkappen-fuer-stahlseile\/#primaryimage\"},\"thumbnailUrl\":\"https:\/\/bolting.eu\/wp-content\/uploads\/2021\/12\/Schrumpfkappe-fuer-Stahlseile-1.jpg\",\"datePublished\":\"2021-12-23T13:48:23+00:00\",\"dateModified\":\"2026-04-01T11:22:53+00:00\",\"description\":\"Hier findest Du unsere Schrumpfkappen f\u00fcr Stahlseile in 2 Gr\u00f6\u00dfen. Endkappen f\u00fcr Drahtseile von 8-12mm sowie 14-18mm aus Polyolefin!\",\"breadcrumb\":{\"@id\":\"https:\/\/bolting.eu\/en\/shop\/schrumpfkappen-fuer-stahlseile\/#breadcrumb\"},\"inLanguage\":\"en-US\",\"potentialAction\":[{\"@type\":\"ReadAction\",\"target\":[\"https:\/\/bolting.eu\/en\/shop\/schrumpfkappen-fuer-stahlseile\/\"]}]},{\"@type\":\"ImageObject\",\"inLanguage\":\"en-US\",\"@id\":\"https:\/\/bolting.eu\/en\/shop\/schrumpfkappen-fuer-stahlseile\/#primaryimage\",\"url\":\"https:\/\/bolting.eu\/wp-content\/uploads\/2021\/12\/Schrumpfkappe-fuer-Stahlseile-1.jpg\",\"contentUrl\":\"https:\/\/bolting.eu\/wp-content\/uploads\/2021\/12\/Schrumpfkappe-fuer-Stahlseile-1.jpg\",\"width\":700,\"height\":700,\"caption\":\"Das Bild zeigt eine schwarze Endkappe f\u00fcr Stahlseile mit Schlagschatten auf einem wei\u00dfem Quadrat.\"},{\"@type\":\"BreadcrumbList\",\"@id\":\"https:\/\/bolting.eu\/en\/shop\/schrumpfkappen-fuer-stahlseile\/#breadcrumb\",\"itemListElement\":[{\"@type\":\"ListItem\",\"position\":1,\"name\":\"Shop\",\"item\":\"https:\/\/bolting.eu\/en\/shop\/\"},{\"@type\":\"ListItem\",\"position\":2,\"name\":\"bolting products\",\"item\":\"https:\/\/bolting.eu\/en\/produkt-kategorie\/bolting-products\/\"},{\"@type\":\"ListItem\",\"position\":3,\"name\":\"Material f\u00fcr Klettersteigbau\",\"item\":\"https:\/\/bolting.eu\/produkt-kategorie\/einbohrartikel\/material-fuer-klettersteigbau\/\"},{\"@type\":\"ListItem\",\"position\":4,\"name\":\"Schrumpfkappen f\u00fcr Stahlseile\"}]},{\"@type\":\"WebSite\",\"@id\":\"https:\/\/bolting.eu\/en\/#website\",\"url\":\"https:\/\/bolting.eu\/en\/\",\"name\":\"bolting.eu\",\"description\":\"we make climbs happen\",\"publisher\":{\"@id\":\"https:\/\/bolting.eu\/en\/#organization\"},\"potentialAction\":[{\"@type\":\"SearchAction\",\"target\":{\"@type\":\"EntryPoint\",\"urlTemplate\":\"https:\/\/bolting.eu\/en\/?s={search_term_string}\"},\"query-input\":{\"@type\":\"PropertyValueSpecification\",\"valueRequired\":true,\"valueName\":\"search_term_string\"}}],\"inLanguage\":\"en-US\"},{\"@type\":[\"Organization\",\"Place\",\"SportingGoodsStore\"],\"@id\":\"https:\/\/bolting.eu\/en\/#organization\",\"name\":\"bolting.eu\",\"url\":\"https:\/\/bolting.eu\/en\/\",\"logo\":{\"@id\":\"https:\/\/bolting.eu\/en\/shop\/schrumpfkappen-fuer-stahlseile\/#local-main-organization-logo\"},\"image\":{\"@id\":\"https:\/\/bolting.eu\/en\/shop\/schrumpfkappen-fuer-stahlseile\/#local-main-organization-logo\"},\"sameAs\":[\"https:\/\/www.facebook.com\/bolting.eu\",\"https:\/\/www.instagram.com\/bolting.eu\/\"],\"address\":{\"@id\":\"https:\/\/bolting.eu\/en\/shop\/schrumpfkappen-fuer-stahlseile\/#local-main-place-address\"},\"geo\":{\"@type\":\"GeoCoordinates\",\"latitude\":\"47.264176340396226\",\"longitude\":\"11.380109057672346\"},\"telephone\":[\"+43 699 19083372\"],\"openingHoursSpecification\":[{\"@type\":\"OpeningHoursSpecification\",\"dayOfWeek\":[\"Monday\",\"Wednesday\",\"Friday\"],\"opens\":\"14:00\",\"closes\":\"18:00\"},{\"@type\":\"OpeningHoursSpecification\",\"dayOfWeek\":[\"Tuesday\",\"Thursday\",\"Saturday\",\"Sunday\"],\"opens\":\"00:00\",\"closes\":\"00:00\"}],\"email\":\"office@bolting.eu\",\"vatID\":\"ATU59999728\",\"priceRange\":\"$$\",\"currenciesAccepted\":\"Euro\"},{\"@type\":\"PostalAddress\",\"@id\":\"https:\/\/bolting.eu\/en\/shop\/schrumpfkappen-fuer-stahlseile\/#local-main-place-address\",\"streetAddress\":\"Fischnalerstra\u00dfe 4\",\"addressLocality\":\"Innsbruck\",\"postalCode\":\"6020\",\"addressRegion\":\"Tirol\",\"addressCountry\":\"AT\"},{\"@type\":\"ImageObject\",\"inLanguage\":\"en-US\",\"@id\":\"https:\/\/bolting.eu\/en\/shop\/schrumpfkappen-fuer-stahlseile\/#local-main-organization-logo\",\"url\":\"https:\/\/bolting.eu\/wp-content\/uploads\/2019\/09\/bolting-logo.png\",\"contentUrl\":\"https:\/\/bolting.eu\/wp-content\/uploads\/2019\/09\/bolting-logo.png\",\"width\":400,\"height\":211,\"caption\":\"bolting.eu\"}]}<\/script>\n<meta property=\"og:availability\" content=\"instock\" \/>\n<meta property=\"product:availability\" content=\"instock\" \/>\n<meta property=\"product:condition\" content=\"new\" \/>\n<meta name=\"geo.placename\" content=\"Innsbruck\" \/>\n<meta name=\"geo.position\" content=\"47.264176340396226;11.380109057672346\" \/>\n<meta name=\"geo.region\" content=\"Austria\" \/>\n<!-- \/ Yoast SEO Premium plugin. -->","yoast_head_json":{"title":"Schrumpfkappen f\u00fcr Stahlseile: 8-12mm und 14-18mm | bolting.eu","description":"Hier findest Du unsere Schrumpfkappen f\u00fcr Stahlseile in 2 Gr\u00f6\u00dfen. Endkappen f\u00fcr Drahtseile von 8-12mm sowie 14-18mm aus Polyolefin!","robots":{"index":"index","follow":"follow","max-snippet":"max-snippet:-1","max-image-preview":"max-image-preview:large","max-video-preview":"max-video-preview:-1"},"canonical":"https:\/\/bolting.eu\/en\/shop\/schrumpfkappen-fuer-stahlseile\/","og_locale":"en_US","og_type":"article","og_title":"Schrumpfkappen f\u00fcr Stahlseile","og_description":"Hier findest Du unsere Schrumpfkappen f\u00fcr Stahlseile in 2 Gr\u00f6\u00dfen. Endkappen f\u00fcr Drahtseile von 8-12mm sowie 14-18mm aus Polyolefin!","og_url":"https:\/\/bolting.eu\/en\/shop\/schrumpfkappen-fuer-stahlseile\/","og_site_name":"bolting.eu","article_publisher":"https:\/\/www.facebook.com\/bolting.eu","article_modified_time":"2026-04-01T11:22:53+00:00","og_image":[{"width":700,"height":700,"url":"https:\/\/bolting.eu\/wp-content\/uploads\/2021\/12\/Schrumpfkappe-fuer-Stahlseile-1.jpg","type":"image\/jpeg"}],"twitter_card":"summary_large_image","twitter_misc":{"Availability":"In stock"},"schema":{"@context":"https:\/\/schema.org","@graph":[{"@type":["WebPage","ItemPage"],"@id":"https:\/\/bolting.eu\/en\/shop\/schrumpfkappen-fuer-stahlseile\/","url":"https:\/\/bolting.eu\/en\/shop\/schrumpfkappen-fuer-stahlseile\/","name":"Schrumpfkappen f\u00fcr Stahlseile: 8-12mm und 14-18mm | bolting.eu","isPartOf":{"@id":"https:\/\/bolting.eu\/en\/#website"},"primaryImageOfPage":{"@id":"https:\/\/bolting.eu\/en\/shop\/schrumpfkappen-fuer-stahlseile\/#primaryimage"},"image":{"@id":"https:\/\/bolting.eu\/en\/shop\/schrumpfkappen-fuer-stahlseile\/#primaryimage"},"thumbnailUrl":"https:\/\/bolting.eu\/wp-content\/uploads\/2021\/12\/Schrumpfkappe-fuer-Stahlseile-1.jpg","datePublished":"2021-12-23T13:48:23+00:00","dateModified":"2026-04-01T11:22:53+00:00","description":"Hier findest Du unsere Schrumpfkappen f\u00fcr Stahlseile in 2 Gr\u00f6\u00dfen. Endkappen f\u00fcr Drahtseile von 8-12mm sowie 14-18mm aus Polyolefin!","breadcrumb":{"@id":"https:\/\/bolting.eu\/en\/shop\/schrumpfkappen-fuer-stahlseile\/#breadcrumb"},"inLanguage":"en-US","potentialAction":[{"@type":"ReadAction","target":["https:\/\/bolting.eu\/en\/shop\/schrumpfkappen-fuer-stahlseile\/"]}]},{"@type":"ImageObject","inLanguage":"en-US","@id":"https:\/\/bolting.eu\/en\/shop\/schrumpfkappen-fuer-stahlseile\/#primaryimage","url":"https:\/\/bolting.eu\/wp-content\/uploads\/2021\/12\/Schrumpfkappe-fuer-Stahlseile-1.jpg","contentUrl":"https:\/\/bolting.eu\/wp-content\/uploads\/2021\/12\/Schrumpfkappe-fuer-Stahlseile-1.jpg","width":700,"height":700,"caption":"Das Bild zeigt eine schwarze Endkappe f\u00fcr Stahlseile mit Schlagschatten auf einem wei\u00dfem Quadrat."},{"@type":"BreadcrumbList","@id":"https:\/\/bolting.eu\/en\/shop\/schrumpfkappen-fuer-stahlseile\/#breadcrumb","itemListElement":[{"@type":"ListItem","position":1,"name":"Shop","item":"https:\/\/bolting.eu\/en\/shop\/"},{"@type":"ListItem","position":2,"name":"bolting products","item":"https:\/\/bolting.eu\/en\/produkt-kategorie\/bolting-products\/"},{"@type":"ListItem","position":3,"name":"Material f\u00fcr Klettersteigbau","item":"https:\/\/bolting.eu\/produkt-kategorie\/einbohrartikel\/material-fuer-klettersteigbau\/"},{"@type":"ListItem","position":4,"name":"Schrumpfkappen f\u00fcr Stahlseile"}]},{"@type":"WebSite","@id":"https:\/\/bolting.eu\/en\/#website","url":"https:\/\/bolting.eu\/en\/","name":"bolting.eu","description":"we make climbs happen","publisher":{"@id":"https:\/\/bolting.eu\/en\/#organization"},"potentialAction":[{"@type":"SearchAction","target":{"@type":"EntryPoint","urlTemplate":"https:\/\/bolting.eu\/en\/?s={search_term_string}"},"query-input":{"@type":"PropertyValueSpecification","valueRequired":true,"valueName":"search_term_string"}}],"inLanguage":"en-US"},{"@type":["Organization","Place","SportingGoodsStore"],"@id":"https:\/\/bolting.eu\/en\/#organization","name":"bolting.eu","url":"https:\/\/bolting.eu\/en\/","logo":{"@id":"https:\/\/bolting.eu\/en\/shop\/schrumpfkappen-fuer-stahlseile\/#local-main-organization-logo"},"image":{"@id":"https:\/\/bolting.eu\/en\/shop\/schrumpfkappen-fuer-stahlseile\/#local-main-organization-logo"},"sameAs":["https:\/\/www.facebook.com\/bolting.eu","https:\/\/www.instagram.com\/bolting.eu\/"],"address":{"@id":"https:\/\/bolting.eu\/en\/shop\/schrumpfkappen-fuer-stahlseile\/#local-main-place-address"},"geo":{"@type":"GeoCoordinates","latitude":"47.264176340396226","longitude":"11.380109057672346"},"telephone":["+43 699 19083372"],"openingHoursSpecification":[{"@type":"OpeningHoursSpecification","dayOfWeek":["Monday","Wednesday","Friday"],"opens":"14:00","closes":"18:00"},{"@type":"OpeningHoursSpecification","dayOfWeek":["Tuesday","Thursday","Saturday","Sunday"],"opens":"00:00","closes":"00:00"}],"email":"office@bolting.eu","vatID":"ATU59999728","priceRange":"$$","currenciesAccepted":"Euro"},{"@type":"PostalAddress","@id":"https:\/\/bolting.eu\/en\/shop\/schrumpfkappen-fuer-stahlseile\/#local-main-place-address","streetAddress":"Fischnalerstra\u00dfe 4","addressLocality":"Innsbruck","postalCode":"6020","addressRegion":"Tirol","addressCountry":"AT"},{"@type":"ImageObject","inLanguage":"en-US","@id":"https:\/\/bolting.eu\/en\/shop\/schrumpfkappen-fuer-stahlseile\/#local-main-organization-logo","url":"https:\/\/bolting.eu\/wp-content\/uploads\/2019\/09\/bolting-logo.png","contentUrl":"https:\/\/bolting.eu\/wp-content\/uploads\/2019\/09\/bolting-logo.png","width":400,"height":211,"caption":"bolting.eu"}]},"og_availability":"instock","product_availability":"instock","product_condition":"new","geo.placename":"Innsbruck","geo.position":{"lat":"47.264176340396226","long":"11.380109057672346"},"geo.region":"Austria"},"_links":{"self":[{"href":"https:\/\/bolting.eu\/en\/wp-json\/wp\/v2\/product\/10987","targetHints":{"allow":["GET"]}}],"collection":[{"href":"https:\/\/bolting.eu\/en\/wp-json\/wp\/v2\/product"}],"about":[{"href":"https:\/\/bolting.eu\/en\/wp-json\/wp\/v2\/types\/product"}],"replies":[{"embeddable":true,"href":"https:\/\/bolting.eu\/en\/wp-json\/wp\/v2\/comments?post=10987"}],"wp:featuredmedia":[{"embeddable":true,"href":"https:\/\/bolting.eu\/en\/wp-json\/wp\/v2\/media\/10990"}],"wp:attachment":[{"href":"https:\/\/bolting.eu\/en\/wp-json\/wp\/v2\/media?parent=10987"}],"wp:term":[{"taxonomy":"product_brand","embeddable":true,"href":"https:\/\/bolting.eu\/en\/wp-json\/wp\/v2\/product_brand?post=10987"},{"taxonomy":"product_cat","embeddable":true,"href":"https:\/\/bolting.eu\/en\/wp-json\/wp\/v2\/product_cat?post=10987"},{"taxonomy":"product_tag","embeddable":true,"href":"https:\/\/bolting.eu\/en\/wp-json\/wp\/v2\/product_tag?post=10987"}],"curies":[{"name":"wp","href":"https:\/\/api.w.org\/{rel}","templated":true}]}}