{"id":10952,"date":"2021-12-14T18:28:35","date_gmt":"2021-12-14T17:28:35","guid":{"rendered":"https:\/\/bolting.eu\/?post_type=product&#038;p=10952"},"modified":"2025-03-28T15:28:42","modified_gmt":"2025-03-28T14:28:42","slug":"gehoerschutzstoepsel","status":"publish","type":"product","link":"https:\/\/bolting.eu\/en\/shop\/gehoerschutzstoepsel\/","title":{"rendered":"Geh\u00f6rschutzst\u00f6psel"},"content":{"rendered":"<p>Unser Geh\u00f6rschutzst\u00f6psel ist ideal bei allen lauten Arbeiten, wie z.B. Klettersteigbau oder Kletterroute einbohren. Zudem sch\u00fctzen die kleinen Kunststoff Plugs gegen Staub.<\/p>\n<p>Wer regelm\u00e4\u00dfig bei L\u00e4rm arbeitet, sollte sein Geh\u00f6r entsprechend damit sch\u00fctzen.<\/p>\n<h2>Eigenschaften Geh\u00f6rschutzst\u00f6psel<\/h2>\n<ul>\n<li>Hersteller: Honeywell<\/li>\n<li>Material: Polyurethan<\/li>\n<li>optimierte Form f\u00fcr einfaches Einsetzen<\/li>\n<li>sehr guter Sitz<\/li>\n<li>Glockenform f\u00fcr besten Tragekomfort<\/li>\n<li>schmutzabweisende Au\u00dfenh\u00fclle verhindert Ablagerungen<\/li>\n<li>paarweise hygienisch verpackt in kleiner T\u00fcte<\/li>\n<li>Verkaufseinheit: <strong>10 Packungen \u00e1 2 St\u00f6psel<\/strong> (gesamt 20 St\u00f6psel)<\/li>\n<\/ul>\n","protected":false},"excerpt":{"rendered":"<p>Geh\u00f6rschutzst\u00f6psel aus weichem Polyurethan f\u00fcr Arbeiten mit hohem L\u00e4rmpegel. Sch\u00fctzt auch gegen Schmutz!<\/p>\n","protected":false},"featured_media":10953,"comment_status":"open","ping_status":"closed","template":"","meta":[],"product_brand":[],"product_cat":[1210,14054],"product_tag":[],"class_list":{"0":"post-10952","1":"product","2":"type-product","3":"status-publish","4":"has-post-thumbnail","6":"product_cat-einbohrartikel","7":"product_cat-schutzausruestung","9":"first","10":"instock","11":"taxable","12":"shipping-taxable","13":"purchasable","14":"product-type-simple"},"yoast_head":"<!-- This site is optimized with the Yoast SEO Premium plugin v26.9 (Yoast SEO v26.9) - https:\/\/yoast.com\/product\/yoast-seo-premium-wordpress\/ -->\n<title>Geh\u00f6rschutzst\u00f6psel 10er Pack online kaufen | bolting.eu<\/title>\n<meta name=\"description\" content=\"Hier findest Du unseren Geh\u00f6rschutzst\u00f6psel im 10er Pack (20 St\u00f6psel) zum Schutz bei Arbeiten mit hohem L\u00e4rmpegel sowie Staub.\" \/>\n<meta name=\"robots\" content=\"index, follow, max-snippet:-1, max-image-preview:large, max-video-preview:-1\" \/>\n<link rel=\"canonical\" href=\"https:\/\/bolting.eu\/en\/shop\/gehoerschutzstoepsel\/\" \/>\n<meta property=\"og:locale\" content=\"en_US\" \/>\n<meta property=\"og:type\" content=\"article\" \/>\n<meta property=\"og:title\" content=\"Geh\u00f6rschutzst\u00f6psel\" \/>\n<meta property=\"og:description\" content=\"Hier findest Du unseren Geh\u00f6rschutzst\u00f6psel im 10er Pack (20 St\u00f6psel) zum Schutz bei Arbeiten mit hohem L\u00e4rmpegel sowie Staub.\" \/>\n<meta property=\"og:url\" content=\"https:\/\/bolting.eu\/en\/shop\/gehoerschutzstoepsel\/\" \/>\n<meta property=\"og:site_name\" content=\"bolting.eu\" \/>\n<meta property=\"article:publisher\" content=\"https:\/\/www.facebook.com\/bolting.eu\" \/>\n<meta property=\"article:modified_time\" content=\"2025-03-28T14:28:42+00:00\" \/>\n<meta property=\"og:image\" content=\"https:\/\/bolting.eu\/wp-content\/uploads\/2021\/12\/Gehoerschutzstoepsel-1.jpg\" \/>\n\t<meta property=\"og:image:width\" content=\"700\" \/>\n\t<meta property=\"og:image:height\" content=\"700\" \/>\n\t<meta property=\"og:image:type\" content=\"image\/jpeg\" \/>\n<meta name=\"twitter:card\" content=\"summary_large_image\" \/>\n<meta name=\"twitter:label1\" content=\"Price\" \/>\n\t<meta name=\"twitter:data1\" content=\"&euro;&nbsp;3,99\" \/>\n\t<meta name=\"twitter:label2\" content=\"Availability\" \/>\n\t<meta name=\"twitter:data2\" content=\"In stock\" \/>\n<script type=\"application\/ld+json\" class=\"yoast-schema-graph\">{\"@context\":\"https:\/\/schema.org\",\"@graph\":[{\"@type\":[\"WebPage\",\"ItemPage\"],\"@id\":\"https:\/\/bolting.eu\/en\/shop\/gehoerschutzstoepsel\/\",\"url\":\"https:\/\/bolting.eu\/en\/shop\/gehoerschutzstoepsel\/\",\"name\":\"Geh\u00f6rschutzst\u00f6psel 10er Pack online kaufen | bolting.eu\",\"isPartOf\":{\"@id\":\"https:\/\/bolting.eu\/en\/#website\"},\"primaryImageOfPage\":{\"@id\":\"https:\/\/bolting.eu\/en\/shop\/gehoerschutzstoepsel\/#primaryimage\"},\"image\":{\"@id\":\"https:\/\/bolting.eu\/en\/shop\/gehoerschutzstoepsel\/#primaryimage\"},\"thumbnailUrl\":\"https:\/\/bolting.eu\/wp-content\/uploads\/2021\/12\/Gehoerschutzstoepsel-1.jpg\",\"datePublished\":\"2021-12-14T17:28:35+00:00\",\"dateModified\":\"2025-03-28T14:28:42+00:00\",\"description\":\"Hier findest Du unseren Geh\u00f6rschutzst\u00f6psel im 10er Pack (20 St\u00f6psel) zum Schutz bei Arbeiten mit hohem L\u00e4rmpegel sowie Staub.\",\"breadcrumb\":{\"@id\":\"https:\/\/bolting.eu\/en\/shop\/gehoerschutzstoepsel\/#breadcrumb\"},\"inLanguage\":\"en-US\",\"potentialAction\":[{\"@type\":\"ReadAction\",\"target\":[\"https:\/\/bolting.eu\/en\/shop\/gehoerschutzstoepsel\/\"]}]},{\"@type\":\"ImageObject\",\"inLanguage\":\"en-US\",\"@id\":\"https:\/\/bolting.eu\/en\/shop\/gehoerschutzstoepsel\/#primaryimage\",\"url\":\"https:\/\/bolting.eu\/wp-content\/uploads\/2021\/12\/Gehoerschutzstoepsel-1.jpg\",\"contentUrl\":\"https:\/\/bolting.eu\/wp-content\/uploads\/2021\/12\/Gehoerschutzstoepsel-1.jpg\",\"width\":700,\"height\":700,\"caption\":\"Das Bild zeigt zwei rote Geh\u00f6rschutzst\u00f6psel nebeneinander, einer liegt schr\u00e4g, einer steht aufrecht.\"},{\"@type\":\"BreadcrumbList\",\"@id\":\"https:\/\/bolting.eu\/en\/shop\/gehoerschutzstoepsel\/#breadcrumb\",\"itemListElement\":[{\"@type\":\"ListItem\",\"position\":1,\"name\":\"Shop\",\"item\":\"https:\/\/bolting.eu\/en\/shop\/\"},{\"@type\":\"ListItem\",\"position\":2,\"name\":\"bolting products\",\"item\":\"https:\/\/bolting.eu\/en\/produkt-kategorie\/bolting-products\/\"},{\"@type\":\"ListItem\",\"position\":3,\"name\":\"Schutzausr\u00fcstung\",\"item\":\"https:\/\/bolting.eu\/produkt-kategorie\/einbohrartikel\/schutzausruestung\/\"},{\"@type\":\"ListItem\",\"position\":4,\"name\":\"Geh\u00f6rschutzst\u00f6psel\"}]},{\"@type\":\"WebSite\",\"@id\":\"https:\/\/bolting.eu\/en\/#website\",\"url\":\"https:\/\/bolting.eu\/en\/\",\"name\":\"bolting.eu\",\"description\":\"we make climbs happen\",\"publisher\":{\"@id\":\"https:\/\/bolting.eu\/en\/#organization\"},\"potentialAction\":[{\"@type\":\"SearchAction\",\"target\":{\"@type\":\"EntryPoint\",\"urlTemplate\":\"https:\/\/bolting.eu\/en\/?s={search_term_string}\"},\"query-input\":{\"@type\":\"PropertyValueSpecification\",\"valueRequired\":true,\"valueName\":\"search_term_string\"}}],\"inLanguage\":\"en-US\"},{\"@type\":[\"Organization\",\"Place\",\"SportingGoodsStore\"],\"@id\":\"https:\/\/bolting.eu\/en\/#organization\",\"name\":\"bolting.eu\",\"url\":\"https:\/\/bolting.eu\/en\/\",\"logo\":{\"@id\":\"https:\/\/bolting.eu\/en\/shop\/gehoerschutzstoepsel\/#local-main-organization-logo\"},\"image\":{\"@id\":\"https:\/\/bolting.eu\/en\/shop\/gehoerschutzstoepsel\/#local-main-organization-logo\"},\"sameAs\":[\"https:\/\/www.facebook.com\/bolting.eu\",\"https:\/\/www.instagram.com\/bolting.eu\/\"],\"address\":{\"@id\":\"https:\/\/bolting.eu\/en\/shop\/gehoerschutzstoepsel\/#local-main-place-address\"},\"geo\":{\"@type\":\"GeoCoordinates\",\"latitude\":\"47.264176340396226\",\"longitude\":\"11.380109057672346\"},\"telephone\":[\"+43 699 19083372\"],\"openingHoursSpecification\":[{\"@type\":\"OpeningHoursSpecification\",\"dayOfWeek\":[\"Monday\",\"Wednesday\",\"Friday\"],\"opens\":\"14:00\",\"closes\":\"18:00\"},{\"@type\":\"OpeningHoursSpecification\",\"dayOfWeek\":[\"Tuesday\",\"Thursday\",\"Saturday\",\"Sunday\"],\"opens\":\"00:00\",\"closes\":\"00:00\"}],\"email\":\"office@bolting.eu\",\"vatID\":\"ATU59999728\",\"priceRange\":\"$$\",\"currenciesAccepted\":\"Euro\"},{\"@type\":\"PostalAddress\",\"@id\":\"https:\/\/bolting.eu\/en\/shop\/gehoerschutzstoepsel\/#local-main-place-address\",\"streetAddress\":\"Fischnalerstra\u00dfe 4\",\"addressLocality\":\"Innsbruck\",\"postalCode\":\"6020\",\"addressRegion\":\"Tirol\",\"addressCountry\":\"AT\"},{\"@type\":\"ImageObject\",\"inLanguage\":\"en-US\",\"@id\":\"https:\/\/bolting.eu\/en\/shop\/gehoerschutzstoepsel\/#local-main-organization-logo\",\"url\":\"https:\/\/bolting.eu\/wp-content\/uploads\/2019\/09\/bolting-logo.png\",\"contentUrl\":\"https:\/\/bolting.eu\/wp-content\/uploads\/2019\/09\/bolting-logo.png\",\"width\":400,\"height\":211,\"caption\":\"bolting.eu\"}]}<\/script>\n<meta property=\"product:price:amount\" content=\"3.99\" \/>\n<meta property=\"product:price:currency\" content=\"EUR\" \/>\n<meta property=\"og:availability\" content=\"instock\" \/>\n<meta property=\"product:availability\" content=\"instock\" \/>\n<meta property=\"product:retailer_item_id\" content=\"155422\" \/>\n<meta property=\"product:condition\" content=\"new\" \/>\n<meta name=\"geo.placename\" content=\"Innsbruck\" \/>\n<meta name=\"geo.position\" content=\"47.264176340396226;11.380109057672346\" \/>\n<meta name=\"geo.region\" content=\"Austria\" \/>\n<!-- \/ Yoast SEO Premium plugin. -->","yoast_head_json":{"title":"Geh\u00f6rschutzst\u00f6psel 10er Pack online kaufen | bolting.eu","description":"Hier findest Du unseren Geh\u00f6rschutzst\u00f6psel im 10er Pack (20 St\u00f6psel) zum Schutz bei Arbeiten mit hohem L\u00e4rmpegel sowie Staub.","robots":{"index":"index","follow":"follow","max-snippet":"max-snippet:-1","max-image-preview":"max-image-preview:large","max-video-preview":"max-video-preview:-1"},"canonical":"https:\/\/bolting.eu\/en\/shop\/gehoerschutzstoepsel\/","og_locale":"en_US","og_type":"article","og_title":"Geh\u00f6rschutzst\u00f6psel","og_description":"Hier findest Du unseren Geh\u00f6rschutzst\u00f6psel im 10er Pack (20 St\u00f6psel) zum Schutz bei Arbeiten mit hohem L\u00e4rmpegel sowie Staub.","og_url":"https:\/\/bolting.eu\/en\/shop\/gehoerschutzstoepsel\/","og_site_name":"bolting.eu","article_publisher":"https:\/\/www.facebook.com\/bolting.eu","article_modified_time":"2025-03-28T14:28:42+00:00","og_image":[{"width":700,"height":700,"url":"https:\/\/bolting.eu\/wp-content\/uploads\/2021\/12\/Gehoerschutzstoepsel-1.jpg","type":"image\/jpeg"}],"twitter_card":"summary_large_image","twitter_misc":{"Price":"&euro;&nbsp;3,99","Availability":"In stock"},"schema":{"@context":"https:\/\/schema.org","@graph":[{"@type":["WebPage","ItemPage"],"@id":"https:\/\/bolting.eu\/en\/shop\/gehoerschutzstoepsel\/","url":"https:\/\/bolting.eu\/en\/shop\/gehoerschutzstoepsel\/","name":"Geh\u00f6rschutzst\u00f6psel 10er Pack online kaufen | bolting.eu","isPartOf":{"@id":"https:\/\/bolting.eu\/en\/#website"},"primaryImageOfPage":{"@id":"https:\/\/bolting.eu\/en\/shop\/gehoerschutzstoepsel\/#primaryimage"},"image":{"@id":"https:\/\/bolting.eu\/en\/shop\/gehoerschutzstoepsel\/#primaryimage"},"thumbnailUrl":"https:\/\/bolting.eu\/wp-content\/uploads\/2021\/12\/Gehoerschutzstoepsel-1.jpg","datePublished":"2021-12-14T17:28:35+00:00","dateModified":"2025-03-28T14:28:42+00:00","description":"Hier findest Du unseren Geh\u00f6rschutzst\u00f6psel im 10er Pack (20 St\u00f6psel) zum Schutz bei Arbeiten mit hohem L\u00e4rmpegel sowie Staub.","breadcrumb":{"@id":"https:\/\/bolting.eu\/en\/shop\/gehoerschutzstoepsel\/#breadcrumb"},"inLanguage":"en-US","potentialAction":[{"@type":"ReadAction","target":["https:\/\/bolting.eu\/en\/shop\/gehoerschutzstoepsel\/"]}]},{"@type":"ImageObject","inLanguage":"en-US","@id":"https:\/\/bolting.eu\/en\/shop\/gehoerschutzstoepsel\/#primaryimage","url":"https:\/\/bolting.eu\/wp-content\/uploads\/2021\/12\/Gehoerschutzstoepsel-1.jpg","contentUrl":"https:\/\/bolting.eu\/wp-content\/uploads\/2021\/12\/Gehoerschutzstoepsel-1.jpg","width":700,"height":700,"caption":"Das Bild zeigt zwei rote Geh\u00f6rschutzst\u00f6psel nebeneinander, einer liegt schr\u00e4g, einer steht aufrecht."},{"@type":"BreadcrumbList","@id":"https:\/\/bolting.eu\/en\/shop\/gehoerschutzstoepsel\/#breadcrumb","itemListElement":[{"@type":"ListItem","position":1,"name":"Shop","item":"https:\/\/bolting.eu\/en\/shop\/"},{"@type":"ListItem","position":2,"name":"bolting products","item":"https:\/\/bolting.eu\/en\/produkt-kategorie\/bolting-products\/"},{"@type":"ListItem","position":3,"name":"Schutzausr\u00fcstung","item":"https:\/\/bolting.eu\/produkt-kategorie\/einbohrartikel\/schutzausruestung\/"},{"@type":"ListItem","position":4,"name":"Geh\u00f6rschutzst\u00f6psel"}]},{"@type":"WebSite","@id":"https:\/\/bolting.eu\/en\/#website","url":"https:\/\/bolting.eu\/en\/","name":"bolting.eu","description":"we make climbs happen","publisher":{"@id":"https:\/\/bolting.eu\/en\/#organization"},"potentialAction":[{"@type":"SearchAction","target":{"@type":"EntryPoint","urlTemplate":"https:\/\/bolting.eu\/en\/?s={search_term_string}"},"query-input":{"@type":"PropertyValueSpecification","valueRequired":true,"valueName":"search_term_string"}}],"inLanguage":"en-US"},{"@type":["Organization","Place","SportingGoodsStore"],"@id":"https:\/\/bolting.eu\/en\/#organization","name":"bolting.eu","url":"https:\/\/bolting.eu\/en\/","logo":{"@id":"https:\/\/bolting.eu\/en\/shop\/gehoerschutzstoepsel\/#local-main-organization-logo"},"image":{"@id":"https:\/\/bolting.eu\/en\/shop\/gehoerschutzstoepsel\/#local-main-organization-logo"},"sameAs":["https:\/\/www.facebook.com\/bolting.eu","https:\/\/www.instagram.com\/bolting.eu\/"],"address":{"@id":"https:\/\/bolting.eu\/en\/shop\/gehoerschutzstoepsel\/#local-main-place-address"},"geo":{"@type":"GeoCoordinates","latitude":"47.264176340396226","longitude":"11.380109057672346"},"telephone":["+43 699 19083372"],"openingHoursSpecification":[{"@type":"OpeningHoursSpecification","dayOfWeek":["Monday","Wednesday","Friday"],"opens":"14:00","closes":"18:00"},{"@type":"OpeningHoursSpecification","dayOfWeek":["Tuesday","Thursday","Saturday","Sunday"],"opens":"00:00","closes":"00:00"}],"email":"office@bolting.eu","vatID":"ATU59999728","priceRange":"$$","currenciesAccepted":"Euro"},{"@type":"PostalAddress","@id":"https:\/\/bolting.eu\/en\/shop\/gehoerschutzstoepsel\/#local-main-place-address","streetAddress":"Fischnalerstra\u00dfe 4","addressLocality":"Innsbruck","postalCode":"6020","addressRegion":"Tirol","addressCountry":"AT"},{"@type":"ImageObject","inLanguage":"en-US","@id":"https:\/\/bolting.eu\/en\/shop\/gehoerschutzstoepsel\/#local-main-organization-logo","url":"https:\/\/bolting.eu\/wp-content\/uploads\/2019\/09\/bolting-logo.png","contentUrl":"https:\/\/bolting.eu\/wp-content\/uploads\/2019\/09\/bolting-logo.png","width":400,"height":211,"caption":"bolting.eu"}]},"product_price_amount":"3.99","product_price_currency":"EUR","og_availability":"instock","product_availability":"instock","product_retailer_item_id":"155422","product_condition":"new","geo.placename":"Innsbruck","geo.position":{"lat":"47.264176340396226","long":"11.380109057672346"},"geo.region":"Austria"},"_links":{"self":[{"href":"https:\/\/bolting.eu\/en\/wp-json\/wp\/v2\/product\/10952","targetHints":{"allow":["GET"]}}],"collection":[{"href":"https:\/\/bolting.eu\/en\/wp-json\/wp\/v2\/product"}],"about":[{"href":"https:\/\/bolting.eu\/en\/wp-json\/wp\/v2\/types\/product"}],"replies":[{"embeddable":true,"href":"https:\/\/bolting.eu\/en\/wp-json\/wp\/v2\/comments?post=10952"}],"wp:featuredmedia":[{"embeddable":true,"href":"https:\/\/bolting.eu\/en\/wp-json\/wp\/v2\/media\/10953"}],"wp:attachment":[{"href":"https:\/\/bolting.eu\/en\/wp-json\/wp\/v2\/media?parent=10952"}],"wp:term":[{"taxonomy":"product_brand","embeddable":true,"href":"https:\/\/bolting.eu\/en\/wp-json\/wp\/v2\/product_brand?post=10952"},{"taxonomy":"product_cat","embeddable":true,"href":"https:\/\/bolting.eu\/en\/wp-json\/wp\/v2\/product_cat?post=10952"},{"taxonomy":"product_tag","embeddable":true,"href":"https:\/\/bolting.eu\/en\/wp-json\/wp\/v2\/product_tag?post=10952"}],"curies":[{"name":"wp","href":"https:\/\/api.w.org\/{rel}","templated":true}]}}