{"id":10927,"date":"2021-12-13T19:56:12","date_gmt":"2021-12-13T18:56:12","guid":{"rendered":"https:\/\/bolting.eu\/?post_type=product&#038;p=10927"},"modified":"2026-03-23T14:38:27","modified_gmt":"2026-03-23T13:38:27","slug":"arbeits-schutzbrille","status":"publish","type":"product","link":"https:\/\/bolting.eu\/en\/shop\/arbeits-schutzbrille\/","title":{"rendered":"Arbeits Schutzbrille"},"content":{"rendered":"<p>Unsere Arbeits Schutzbrille ist ein \u00e4u\u00dferst praktischer PSA Ausr\u00fcstungsgegenstand. Denn beim Einbohren, Arbeiten rund um den Klettersteig sowie beim Felsen putzen bietet sie sehr guten Schutz gegen Staub, abspritzende Gesteinspartikel und Stoffen wie z.B. <a href=\"https:\/\/bolting.eu\/produkt-kategorie\/einbohrartikel\/injektionsmoertel\/\">Injektionsm\u00f6rtel<\/a>.<\/p>\n<p>Dieses Model bietet bei guter Qualit\u00e4t einen sehr guten Preis. Eine solide Ausf\u00fchrung mit umlaufender Gummidichtung und einer Sichtscheibe aus Acetat. Das breite Gummiband sorgt f\u00fcr soliden Halt an jedem Kletterhelm.<\/p>\n<h2>Eigenschaften Arbeits Schutzbrille<\/h2>\n<ul>\n<li>Hersteller: Honeywell<\/li>\n<li>Schutzbrille (komplett geschlossen)<\/li>\n<li>sehr guter Schutz bei Arbeiten rund um Einbohren und Felsen putzten<\/li>\n<li>sch\u00fctzt auch vor Chemikalien Spritzer<\/li>\n<li>Bel\u00fcftungsschlitze<\/li>\n<\/ul>\n","protected":false},"excerpt":{"rendered":"<p>Diese Schutzbrille ist ein g\u00fcnstiges Modell, welches sehr guten Schutz vor Staub, Felspartikeln und Spritzer von Chemikalien bietet.<\/p>\n<p>Sichtglas aus Acetat sorgt f\u00fcr einen freien Blick auf die Arbeit!<\/p>\n","protected":false},"featured_media":10929,"comment_status":"open","ping_status":"closed","template":"","meta":[],"product_brand":[],"product_cat":[1210,12542,14054],"product_tag":[],"class_list":{"0":"post-10927","1":"product","2":"type-product","3":"status-publish","4":"has-post-thumbnail","6":"product_cat-einbohrartikel","7":"product_cat-felsreinigung","8":"product_cat-schutzausruestung","10":"first","11":"instock","12":"taxable","13":"shipping-taxable","14":"purchasable","15":"product-type-simple"},"yoast_head":"<!-- This site is optimized with the Yoast SEO Premium plugin v26.9 (Yoast SEO v26.9) - https:\/\/yoast.com\/product\/yoast-seo-premium-wordpress\/ -->\n<title>Arbeits Schutzbrille zum Einbohren und Felsen putzen | bolting.eu<\/title>\n<meta name=\"description\" content=\"Hier findest Du eine Arbeits Schutzbrille die komplett um die Augen abschlie\u00dft und sehr guten Schutz f\u00fcr die Augen bietet!\" \/>\n<meta name=\"robots\" content=\"index, follow, max-snippet:-1, max-image-preview:large, max-video-preview:-1\" \/>\n<link rel=\"canonical\" href=\"https:\/\/bolting.eu\/en\/shop\/arbeits-schutzbrille\/\" \/>\n<meta property=\"og:locale\" content=\"en_US\" \/>\n<meta property=\"og:type\" content=\"article\" \/>\n<meta property=\"og:title\" content=\"Arbeits Schutzbrille\" \/>\n<meta property=\"og:description\" content=\"Hier findest Du eine Arbeits Schutzbrille die komplett um die Augen abschlie\u00dft und sehr guten Schutz f\u00fcr die Augen bietet!\" \/>\n<meta property=\"og:url\" content=\"https:\/\/bolting.eu\/en\/shop\/arbeits-schutzbrille\/\" \/>\n<meta property=\"og:site_name\" content=\"bolting.eu\" \/>\n<meta property=\"article:publisher\" content=\"https:\/\/www.facebook.com\/bolting.eu\" \/>\n<meta property=\"article:modified_time\" content=\"2026-03-23T13:38:27+00:00\" \/>\n<meta property=\"og:image\" content=\"https:\/\/bolting.eu\/wp-content\/uploads\/2021\/12\/Arbeits-Schutzbrille-2.jpg\" \/>\n\t<meta property=\"og:image:width\" content=\"700\" \/>\n\t<meta property=\"og:image:height\" content=\"700\" \/>\n\t<meta property=\"og:image:type\" content=\"image\/jpeg\" \/>\n<meta name=\"twitter:card\" content=\"summary_large_image\" \/>\n<meta name=\"twitter:label1\" content=\"Price\" \/>\n\t<meta name=\"twitter:data1\" content=\"&euro;&nbsp;16,90\" \/>\n\t<meta name=\"twitter:label2\" content=\"Availability\" \/>\n\t<meta name=\"twitter:data2\" content=\"In stock\" \/>\n<script type=\"application\/ld+json\" class=\"yoast-schema-graph\">{\"@context\":\"https:\/\/schema.org\",\"@graph\":[{\"@type\":[\"WebPage\",\"ItemPage\"],\"@id\":\"https:\/\/bolting.eu\/en\/shop\/arbeits-schutzbrille\/\",\"url\":\"https:\/\/bolting.eu\/en\/shop\/arbeits-schutzbrille\/\",\"name\":\"Arbeits Schutzbrille zum Einbohren und Felsen putzen | bolting.eu\",\"isPartOf\":{\"@id\":\"https:\/\/bolting.eu\/en\/#website\"},\"primaryImageOfPage\":{\"@id\":\"https:\/\/bolting.eu\/en\/shop\/arbeits-schutzbrille\/#primaryimage\"},\"image\":{\"@id\":\"https:\/\/bolting.eu\/en\/shop\/arbeits-schutzbrille\/#primaryimage\"},\"thumbnailUrl\":\"https:\/\/bolting.eu\/wp-content\/uploads\/2021\/12\/Arbeits-Schutzbrille-2.jpg\",\"datePublished\":\"2021-12-13T18:56:12+00:00\",\"dateModified\":\"2026-03-23T13:38:27+00:00\",\"description\":\"Hier findest Du eine Arbeits Schutzbrille die komplett um die Augen abschlie\u00dft und sehr guten Schutz f\u00fcr die Augen bietet!\",\"breadcrumb\":{\"@id\":\"https:\/\/bolting.eu\/en\/shop\/arbeits-schutzbrille\/#breadcrumb\"},\"inLanguage\":\"en-US\",\"potentialAction\":[{\"@type\":\"ReadAction\",\"target\":[\"https:\/\/bolting.eu\/en\/shop\/arbeits-schutzbrille\/\"]}]},{\"@type\":\"ImageObject\",\"inLanguage\":\"en-US\",\"@id\":\"https:\/\/bolting.eu\/en\/shop\/arbeits-schutzbrille\/#primaryimage\",\"url\":\"https:\/\/bolting.eu\/wp-content\/uploads\/2021\/12\/Arbeits-Schutzbrille-2.jpg\",\"contentUrl\":\"https:\/\/bolting.eu\/wp-content\/uploads\/2021\/12\/Arbeits-Schutzbrille-2.jpg\",\"width\":700,\"height\":700,\"caption\":\"DAs Bild zeigt eine durchsichtige Arbeits Schutzbrille mit schwarzem Gummiband.\"},{\"@type\":\"BreadcrumbList\",\"@id\":\"https:\/\/bolting.eu\/en\/shop\/arbeits-schutzbrille\/#breadcrumb\",\"itemListElement\":[{\"@type\":\"ListItem\",\"position\":1,\"name\":\"Shop\",\"item\":\"https:\/\/bolting.eu\/en\/shop\/\"},{\"@type\":\"ListItem\",\"position\":2,\"name\":\"bolting products\",\"item\":\"https:\/\/bolting.eu\/en\/produkt-kategorie\/bolting-products\/\"},{\"@type\":\"ListItem\",\"position\":3,\"name\":\"Schutzausr\u00fcstung\",\"item\":\"https:\/\/bolting.eu\/produkt-kategorie\/einbohrartikel\/schutzausruestung\/\"},{\"@type\":\"ListItem\",\"position\":4,\"name\":\"Arbeits Schutzbrille\"}]},{\"@type\":\"WebSite\",\"@id\":\"https:\/\/bolting.eu\/en\/#website\",\"url\":\"https:\/\/bolting.eu\/en\/\",\"name\":\"bolting.eu\",\"description\":\"we make climbs happen\",\"publisher\":{\"@id\":\"https:\/\/bolting.eu\/en\/#organization\"},\"potentialAction\":[{\"@type\":\"SearchAction\",\"target\":{\"@type\":\"EntryPoint\",\"urlTemplate\":\"https:\/\/bolting.eu\/en\/?s={search_term_string}\"},\"query-input\":{\"@type\":\"PropertyValueSpecification\",\"valueRequired\":true,\"valueName\":\"search_term_string\"}}],\"inLanguage\":\"en-US\"},{\"@type\":[\"Organization\",\"Place\",\"SportingGoodsStore\"],\"@id\":\"https:\/\/bolting.eu\/en\/#organization\",\"name\":\"bolting.eu\",\"url\":\"https:\/\/bolting.eu\/en\/\",\"logo\":{\"@id\":\"https:\/\/bolting.eu\/en\/shop\/arbeits-schutzbrille\/#local-main-organization-logo\"},\"image\":{\"@id\":\"https:\/\/bolting.eu\/en\/shop\/arbeits-schutzbrille\/#local-main-organization-logo\"},\"sameAs\":[\"https:\/\/www.facebook.com\/bolting.eu\",\"https:\/\/www.instagram.com\/bolting.eu\/\"],\"address\":{\"@id\":\"https:\/\/bolting.eu\/en\/shop\/arbeits-schutzbrille\/#local-main-place-address\"},\"geo\":{\"@type\":\"GeoCoordinates\",\"latitude\":\"47.264176340396226\",\"longitude\":\"11.380109057672346\"},\"telephone\":[\"+43 699 19083372\"],\"openingHoursSpecification\":[{\"@type\":\"OpeningHoursSpecification\",\"dayOfWeek\":[\"Monday\",\"Wednesday\",\"Friday\"],\"opens\":\"14:00\",\"closes\":\"18:00\"},{\"@type\":\"OpeningHoursSpecification\",\"dayOfWeek\":[\"Tuesday\",\"Thursday\",\"Saturday\",\"Sunday\"],\"opens\":\"00:00\",\"closes\":\"00:00\"}],\"email\":\"office@bolting.eu\",\"vatID\":\"ATU59999728\",\"priceRange\":\"$$\",\"currenciesAccepted\":\"Euro\"},{\"@type\":\"PostalAddress\",\"@id\":\"https:\/\/bolting.eu\/en\/shop\/arbeits-schutzbrille\/#local-main-place-address\",\"streetAddress\":\"Fischnalerstra\u00dfe 4\",\"addressLocality\":\"Innsbruck\",\"postalCode\":\"6020\",\"addressRegion\":\"Tirol\",\"addressCountry\":\"AT\"},{\"@type\":\"ImageObject\",\"inLanguage\":\"en-US\",\"@id\":\"https:\/\/bolting.eu\/en\/shop\/arbeits-schutzbrille\/#local-main-organization-logo\",\"url\":\"https:\/\/bolting.eu\/wp-content\/uploads\/2019\/09\/bolting-logo.png\",\"contentUrl\":\"https:\/\/bolting.eu\/wp-content\/uploads\/2019\/09\/bolting-logo.png\",\"width\":400,\"height\":211,\"caption\":\"bolting.eu\"}]}<\/script>\n<meta property=\"product:price:amount\" content=\"16.90\" \/>\n<meta property=\"product:price:currency\" content=\"EUR\" \/>\n<meta property=\"og:availability\" content=\"instock\" \/>\n<meta property=\"product:availability\" content=\"instock\" \/>\n<meta property=\"product:retailer_item_id\" content=\"659965\" \/>\n<meta property=\"product:condition\" content=\"new\" \/>\n<meta name=\"geo.placename\" content=\"Innsbruck\" \/>\n<meta name=\"geo.position\" content=\"47.264176340396226;11.380109057672346\" \/>\n<meta name=\"geo.region\" content=\"Austria\" \/>\n<!-- \/ Yoast SEO Premium plugin. -->","yoast_head_json":{"title":"Arbeits Schutzbrille zum Einbohren und Felsen putzen | bolting.eu","description":"Hier findest Du eine Arbeits Schutzbrille die komplett um die Augen abschlie\u00dft und sehr guten Schutz f\u00fcr die Augen bietet!","robots":{"index":"index","follow":"follow","max-snippet":"max-snippet:-1","max-image-preview":"max-image-preview:large","max-video-preview":"max-video-preview:-1"},"canonical":"https:\/\/bolting.eu\/en\/shop\/arbeits-schutzbrille\/","og_locale":"en_US","og_type":"article","og_title":"Arbeits Schutzbrille","og_description":"Hier findest Du eine Arbeits Schutzbrille die komplett um die Augen abschlie\u00dft und sehr guten Schutz f\u00fcr die Augen bietet!","og_url":"https:\/\/bolting.eu\/en\/shop\/arbeits-schutzbrille\/","og_site_name":"bolting.eu","article_publisher":"https:\/\/www.facebook.com\/bolting.eu","article_modified_time":"2026-03-23T13:38:27+00:00","og_image":[{"width":700,"height":700,"url":"https:\/\/bolting.eu\/wp-content\/uploads\/2021\/12\/Arbeits-Schutzbrille-2.jpg","type":"image\/jpeg"}],"twitter_card":"summary_large_image","twitter_misc":{"Price":"&euro;&nbsp;16,90","Availability":"In stock"},"schema":{"@context":"https:\/\/schema.org","@graph":[{"@type":["WebPage","ItemPage"],"@id":"https:\/\/bolting.eu\/en\/shop\/arbeits-schutzbrille\/","url":"https:\/\/bolting.eu\/en\/shop\/arbeits-schutzbrille\/","name":"Arbeits Schutzbrille zum Einbohren und Felsen putzen | bolting.eu","isPartOf":{"@id":"https:\/\/bolting.eu\/en\/#website"},"primaryImageOfPage":{"@id":"https:\/\/bolting.eu\/en\/shop\/arbeits-schutzbrille\/#primaryimage"},"image":{"@id":"https:\/\/bolting.eu\/en\/shop\/arbeits-schutzbrille\/#primaryimage"},"thumbnailUrl":"https:\/\/bolting.eu\/wp-content\/uploads\/2021\/12\/Arbeits-Schutzbrille-2.jpg","datePublished":"2021-12-13T18:56:12+00:00","dateModified":"2026-03-23T13:38:27+00:00","description":"Hier findest Du eine Arbeits Schutzbrille die komplett um die Augen abschlie\u00dft und sehr guten Schutz f\u00fcr die Augen bietet!","breadcrumb":{"@id":"https:\/\/bolting.eu\/en\/shop\/arbeits-schutzbrille\/#breadcrumb"},"inLanguage":"en-US","potentialAction":[{"@type":"ReadAction","target":["https:\/\/bolting.eu\/en\/shop\/arbeits-schutzbrille\/"]}]},{"@type":"ImageObject","inLanguage":"en-US","@id":"https:\/\/bolting.eu\/en\/shop\/arbeits-schutzbrille\/#primaryimage","url":"https:\/\/bolting.eu\/wp-content\/uploads\/2021\/12\/Arbeits-Schutzbrille-2.jpg","contentUrl":"https:\/\/bolting.eu\/wp-content\/uploads\/2021\/12\/Arbeits-Schutzbrille-2.jpg","width":700,"height":700,"caption":"DAs Bild zeigt eine durchsichtige Arbeits Schutzbrille mit schwarzem Gummiband."},{"@type":"BreadcrumbList","@id":"https:\/\/bolting.eu\/en\/shop\/arbeits-schutzbrille\/#breadcrumb","itemListElement":[{"@type":"ListItem","position":1,"name":"Shop","item":"https:\/\/bolting.eu\/en\/shop\/"},{"@type":"ListItem","position":2,"name":"bolting products","item":"https:\/\/bolting.eu\/en\/produkt-kategorie\/bolting-products\/"},{"@type":"ListItem","position":3,"name":"Schutzausr\u00fcstung","item":"https:\/\/bolting.eu\/produkt-kategorie\/einbohrartikel\/schutzausruestung\/"},{"@type":"ListItem","position":4,"name":"Arbeits Schutzbrille"}]},{"@type":"WebSite","@id":"https:\/\/bolting.eu\/en\/#website","url":"https:\/\/bolting.eu\/en\/","name":"bolting.eu","description":"we make climbs happen","publisher":{"@id":"https:\/\/bolting.eu\/en\/#organization"},"potentialAction":[{"@type":"SearchAction","target":{"@type":"EntryPoint","urlTemplate":"https:\/\/bolting.eu\/en\/?s={search_term_string}"},"query-input":{"@type":"PropertyValueSpecification","valueRequired":true,"valueName":"search_term_string"}}],"inLanguage":"en-US"},{"@type":["Organization","Place","SportingGoodsStore"],"@id":"https:\/\/bolting.eu\/en\/#organization","name":"bolting.eu","url":"https:\/\/bolting.eu\/en\/","logo":{"@id":"https:\/\/bolting.eu\/en\/shop\/arbeits-schutzbrille\/#local-main-organization-logo"},"image":{"@id":"https:\/\/bolting.eu\/en\/shop\/arbeits-schutzbrille\/#local-main-organization-logo"},"sameAs":["https:\/\/www.facebook.com\/bolting.eu","https:\/\/www.instagram.com\/bolting.eu\/"],"address":{"@id":"https:\/\/bolting.eu\/en\/shop\/arbeits-schutzbrille\/#local-main-place-address"},"geo":{"@type":"GeoCoordinates","latitude":"47.264176340396226","longitude":"11.380109057672346"},"telephone":["+43 699 19083372"],"openingHoursSpecification":[{"@type":"OpeningHoursSpecification","dayOfWeek":["Monday","Wednesday","Friday"],"opens":"14:00","closes":"18:00"},{"@type":"OpeningHoursSpecification","dayOfWeek":["Tuesday","Thursday","Saturday","Sunday"],"opens":"00:00","closes":"00:00"}],"email":"office@bolting.eu","vatID":"ATU59999728","priceRange":"$$","currenciesAccepted":"Euro"},{"@type":"PostalAddress","@id":"https:\/\/bolting.eu\/en\/shop\/arbeits-schutzbrille\/#local-main-place-address","streetAddress":"Fischnalerstra\u00dfe 4","addressLocality":"Innsbruck","postalCode":"6020","addressRegion":"Tirol","addressCountry":"AT"},{"@type":"ImageObject","inLanguage":"en-US","@id":"https:\/\/bolting.eu\/en\/shop\/arbeits-schutzbrille\/#local-main-organization-logo","url":"https:\/\/bolting.eu\/wp-content\/uploads\/2019\/09\/bolting-logo.png","contentUrl":"https:\/\/bolting.eu\/wp-content\/uploads\/2019\/09\/bolting-logo.png","width":400,"height":211,"caption":"bolting.eu"}]},"product_price_amount":"16.90","product_price_currency":"EUR","og_availability":"instock","product_availability":"instock","product_retailer_item_id":"659965","product_condition":"new","geo.placename":"Innsbruck","geo.position":{"lat":"47.264176340396226","long":"11.380109057672346"},"geo.region":"Austria"},"_links":{"self":[{"href":"https:\/\/bolting.eu\/en\/wp-json\/wp\/v2\/product\/10927","targetHints":{"allow":["GET"]}}],"collection":[{"href":"https:\/\/bolting.eu\/en\/wp-json\/wp\/v2\/product"}],"about":[{"href":"https:\/\/bolting.eu\/en\/wp-json\/wp\/v2\/types\/product"}],"replies":[{"embeddable":true,"href":"https:\/\/bolting.eu\/en\/wp-json\/wp\/v2\/comments?post=10927"}],"wp:featuredmedia":[{"embeddable":true,"href":"https:\/\/bolting.eu\/en\/wp-json\/wp\/v2\/media\/10929"}],"wp:attachment":[{"href":"https:\/\/bolting.eu\/en\/wp-json\/wp\/v2\/media?parent=10927"}],"wp:term":[{"taxonomy":"product_brand","embeddable":true,"href":"https:\/\/bolting.eu\/en\/wp-json\/wp\/v2\/product_brand?post=10927"},{"taxonomy":"product_cat","embeddable":true,"href":"https:\/\/bolting.eu\/en\/wp-json\/wp\/v2\/product_cat?post=10927"},{"taxonomy":"product_tag","embeddable":true,"href":"https:\/\/bolting.eu\/en\/wp-json\/wp\/v2\/product_tag?post=10927"}],"curies":[{"name":"wp","href":"https:\/\/api.w.org\/{rel}","templated":true}]}}