{"id":10924,"date":"2021-12-13T19:55:56","date_gmt":"2021-12-13T18:55:56","guid":{"rendered":"https:\/\/bolting.eu\/?post_type=product&#038;p=10924"},"modified":"2025-06-30T23:47:57","modified_gmt":"2025-06-30T21:47:57","slug":"vollsicht-schutzbrille","status":"publish","type":"product","link":"https:\/\/bolting.eu\/en\/shop\/vollsicht-schutzbrille\/","title":{"rendered":"Vollsicht Schutzbrille"},"content":{"rendered":"<p>Unsere Vollsicht Schutzbrille ist ein extrem wichtiger PSA Ausr\u00fcstungsgegenstand. Denn beim Einbohren, Arbeiten rund um den Klettersteig sowie beim Felsen putzen bietet sie vollst\u00e4ndigen Schutz gegen Staub, abspritzende Gesteinspartikel und Stoffen wie z.B. <a href=\"https:\/\/bolting.eu\/produkt-kategorie\/einbohrartikel\/injektionsmoertel\/\">Injektionsm\u00f6rtel<\/a>.<\/p>\n<p>Dieses Model ist besonders hochwertig. Denn es bietet einen sehr stabilen Rahmen aus PVC freiem Kunststoff. Dieser dichtet besonders gut ab bzw. bietet zwei Bel\u00fcftungsschlitze.<\/p>\n<p>Hochwertiges Sichtglas mit UV Schutz und ein breites Gummiband rundet die Brille ab.<\/p>\n<h2>Eigenschaften Vollsicht Schutzbrille<\/h2>\n<ul>\n<li>Hersteller: Honeywell<\/li>\n<li>Vollsicht Schutzbrille (komplett geschlossen)<\/li>\n<li>perfekter Schutz bei Arbeiten rund um Einbohren und Felsen putzten<\/li>\n<li>PVC frei<\/li>\n<li>sehr hoher Komfort auf der Haut bei langem Tragen<\/li>\n<li>UV Schutz<\/li>\n<li>sch\u00fctzt auch vor Chemikalien Spritzer<\/li>\n<li>gute Bel\u00fcftung<\/li>\n<\/ul>\n","protected":false},"excerpt":{"rendered":"<p>Diese extrem hochwertige Vollsicht Schutzbrille punktet mit PVC freier Abdichtung, UV Schutz Sichtglas und stabiler Ausf\u00fchrung. Wenn Staub, Felspartikel und Chemikalien nicht ins Auge gehen sollen, dann seid ihr hier richtig!<\/p>\n","protected":false},"featured_media":10926,"comment_status":"open","ping_status":"closed","template":"","meta":[],"product_brand":[],"product_cat":[1210,12542,14054],"product_tag":[],"class_list":{"0":"post-10924","1":"product","2":"type-product","3":"status-publish","4":"has-post-thumbnail","6":"product_cat-einbohrartikel","7":"product_cat-felsreinigung","8":"product_cat-schutzausruestung","10":"first","11":"instock","12":"taxable","13":"shipping-taxable","14":"purchasable","15":"product-type-simple"},"yoast_head":"<!-- This site is optimized with the Yoast SEO Premium plugin v26.9 (Yoast SEO v26.9) - https:\/\/yoast.com\/product\/yoast-seo-premium-wordpress\/ -->\n<title>Vollsicht Schutzbrille f\u00fcr H\u00f6henarbeiten online kaufen | bolting.eu<\/title>\n<meta name=\"description\" content=\"Hier gibt\u00b4s unsere Vollsicht Schutzbrille speziell f\u00fcr H\u00f6henarbeiten. Sch\u00fctzt ideal beim Felsen putzen, Einbohren und Setzen von Klebehaken!\" \/>\n<meta name=\"robots\" content=\"index, follow, max-snippet:-1, max-image-preview:large, max-video-preview:-1\" \/>\n<link rel=\"canonical\" href=\"https:\/\/bolting.eu\/en\/shop\/vollsicht-schutzbrille\/\" \/>\n<meta property=\"og:locale\" content=\"en_US\" \/>\n<meta property=\"og:type\" content=\"article\" \/>\n<meta property=\"og:title\" content=\"Vollsicht Schutzbrille\" \/>\n<meta property=\"og:description\" content=\"Hier gibt\u00b4s unsere Vollsicht Schutzbrille speziell f\u00fcr H\u00f6henarbeiten. Sch\u00fctzt ideal beim Felsen putzen, Einbohren und Setzen von Klebehaken!\" \/>\n<meta property=\"og:url\" content=\"https:\/\/bolting.eu\/en\/shop\/vollsicht-schutzbrille\/\" \/>\n<meta property=\"og:site_name\" content=\"bolting.eu\" \/>\n<meta property=\"article:publisher\" content=\"https:\/\/www.facebook.com\/bolting.eu\" \/>\n<meta property=\"article:modified_time\" content=\"2025-06-30T21:47:57+00:00\" \/>\n<meta property=\"og:image\" content=\"https:\/\/bolting.eu\/wp-content\/uploads\/2021\/12\/Vollsicht-Schutzbrille-2.jpg\" \/>\n\t<meta property=\"og:image:width\" content=\"700\" \/>\n\t<meta property=\"og:image:height\" content=\"700\" \/>\n\t<meta property=\"og:image:type\" content=\"image\/jpeg\" \/>\n<meta name=\"twitter:card\" content=\"summary_large_image\" \/>\n<meta name=\"twitter:label1\" content=\"Price\" \/>\n\t<meta name=\"twitter:data1\" content=\"&euro;&nbsp;24,90\" \/>\n\t<meta name=\"twitter:label2\" content=\"Availability\" \/>\n\t<meta name=\"twitter:data2\" content=\"In stock\" \/>\n<script type=\"application\/ld+json\" class=\"yoast-schema-graph\">{\"@context\":\"https:\/\/schema.org\",\"@graph\":[{\"@type\":[\"WebPage\",\"ItemPage\"],\"@id\":\"https:\/\/bolting.eu\/en\/shop\/vollsicht-schutzbrille\/\",\"url\":\"https:\/\/bolting.eu\/en\/shop\/vollsicht-schutzbrille\/\",\"name\":\"Vollsicht Schutzbrille f\u00fcr H\u00f6henarbeiten online kaufen | bolting.eu\",\"isPartOf\":{\"@id\":\"https:\/\/bolting.eu\/en\/#website\"},\"primaryImageOfPage\":{\"@id\":\"https:\/\/bolting.eu\/en\/shop\/vollsicht-schutzbrille\/#primaryimage\"},\"image\":{\"@id\":\"https:\/\/bolting.eu\/en\/shop\/vollsicht-schutzbrille\/#primaryimage\"},\"thumbnailUrl\":\"https:\/\/bolting.eu\/wp-content\/uploads\/2021\/12\/Vollsicht-Schutzbrille-2.jpg\",\"datePublished\":\"2021-12-13T18:55:56+00:00\",\"dateModified\":\"2025-06-30T21:47:57+00:00\",\"description\":\"Hier gibt\u00b4s unsere Vollsicht Schutzbrille speziell f\u00fcr H\u00f6henarbeiten. Sch\u00fctzt ideal beim Felsen putzen, Einbohren und Setzen von Klebehaken!\",\"breadcrumb\":{\"@id\":\"https:\/\/bolting.eu\/en\/shop\/vollsicht-schutzbrille\/#breadcrumb\"},\"inLanguage\":\"en-US\",\"potentialAction\":[{\"@type\":\"ReadAction\",\"target\":[\"https:\/\/bolting.eu\/en\/shop\/vollsicht-schutzbrille\/\"]}]},{\"@type\":\"ImageObject\",\"inLanguage\":\"en-US\",\"@id\":\"https:\/\/bolting.eu\/en\/shop\/vollsicht-schutzbrille\/#primaryimage\",\"url\":\"https:\/\/bolting.eu\/wp-content\/uploads\/2021\/12\/Vollsicht-Schutzbrille-2.jpg\",\"contentUrl\":\"https:\/\/bolting.eu\/wp-content\/uploads\/2021\/12\/Vollsicht-Schutzbrille-2.jpg\",\"width\":700,\"height\":700,\"caption\":\"DAs Bild zeigt eine blaue Arbeits Vollsicht Schutzbrille mit Gummiband.\"},{\"@type\":\"BreadcrumbList\",\"@id\":\"https:\/\/bolting.eu\/en\/shop\/vollsicht-schutzbrille\/#breadcrumb\",\"itemListElement\":[{\"@type\":\"ListItem\",\"position\":1,\"name\":\"Shop\",\"item\":\"https:\/\/bolting.eu\/en\/shop\/\"},{\"@type\":\"ListItem\",\"position\":2,\"name\":\"bolting products\",\"item\":\"https:\/\/bolting.eu\/en\/produkt-kategorie\/bolting-products\/\"},{\"@type\":\"ListItem\",\"position\":3,\"name\":\"Schutzausr\u00fcstung\",\"item\":\"https:\/\/bolting.eu\/produkt-kategorie\/einbohrartikel\/schutzausruestung\/\"},{\"@type\":\"ListItem\",\"position\":4,\"name\":\"Vollsicht Schutzbrille\"}]},{\"@type\":\"WebSite\",\"@id\":\"https:\/\/bolting.eu\/en\/#website\",\"url\":\"https:\/\/bolting.eu\/en\/\",\"name\":\"bolting.eu\",\"description\":\"we make climbs happen\",\"publisher\":{\"@id\":\"https:\/\/bolting.eu\/en\/#organization\"},\"potentialAction\":[{\"@type\":\"SearchAction\",\"target\":{\"@type\":\"EntryPoint\",\"urlTemplate\":\"https:\/\/bolting.eu\/en\/?s={search_term_string}\"},\"query-input\":{\"@type\":\"PropertyValueSpecification\",\"valueRequired\":true,\"valueName\":\"search_term_string\"}}],\"inLanguage\":\"en-US\"},{\"@type\":[\"Organization\",\"Place\",\"SportingGoodsStore\"],\"@id\":\"https:\/\/bolting.eu\/en\/#organization\",\"name\":\"bolting.eu\",\"url\":\"https:\/\/bolting.eu\/en\/\",\"logo\":{\"@id\":\"https:\/\/bolting.eu\/en\/shop\/vollsicht-schutzbrille\/#local-main-organization-logo\"},\"image\":{\"@id\":\"https:\/\/bolting.eu\/en\/shop\/vollsicht-schutzbrille\/#local-main-organization-logo\"},\"sameAs\":[\"https:\/\/www.facebook.com\/bolting.eu\",\"https:\/\/www.instagram.com\/bolting.eu\/\"],\"address\":{\"@id\":\"https:\/\/bolting.eu\/en\/shop\/vollsicht-schutzbrille\/#local-main-place-address\"},\"geo\":{\"@type\":\"GeoCoordinates\",\"latitude\":\"47.264176340396226\",\"longitude\":\"11.380109057672346\"},\"telephone\":[\"+43 699 19083372\"],\"openingHoursSpecification\":[{\"@type\":\"OpeningHoursSpecification\",\"dayOfWeek\":[\"Monday\",\"Wednesday\",\"Friday\"],\"opens\":\"14:00\",\"closes\":\"18:00\"},{\"@type\":\"OpeningHoursSpecification\",\"dayOfWeek\":[\"Tuesday\",\"Thursday\",\"Saturday\",\"Sunday\"],\"opens\":\"00:00\",\"closes\":\"00:00\"}],\"email\":\"office@bolting.eu\",\"vatID\":\"ATU59999728\",\"priceRange\":\"$$\",\"currenciesAccepted\":\"Euro\"},{\"@type\":\"PostalAddress\",\"@id\":\"https:\/\/bolting.eu\/en\/shop\/vollsicht-schutzbrille\/#local-main-place-address\",\"streetAddress\":\"Fischnalerstra\u00dfe 4\",\"addressLocality\":\"Innsbruck\",\"postalCode\":\"6020\",\"addressRegion\":\"Tirol\",\"addressCountry\":\"AT\"},{\"@type\":\"ImageObject\",\"inLanguage\":\"en-US\",\"@id\":\"https:\/\/bolting.eu\/en\/shop\/vollsicht-schutzbrille\/#local-main-organization-logo\",\"url\":\"https:\/\/bolting.eu\/wp-content\/uploads\/2019\/09\/bolting-logo.png\",\"contentUrl\":\"https:\/\/bolting.eu\/wp-content\/uploads\/2019\/09\/bolting-logo.png\",\"width\":400,\"height\":211,\"caption\":\"bolting.eu\"}]}<\/script>\n<meta property=\"product:price:amount\" content=\"24.90\" \/>\n<meta property=\"product:price:currency\" content=\"EUR\" \/>\n<meta property=\"og:availability\" content=\"instock\" \/>\n<meta property=\"product:availability\" content=\"instock\" \/>\n<meta property=\"product:retailer_item_id\" content=\"200214\" \/>\n<meta property=\"product:condition\" content=\"new\" \/>\n<meta name=\"geo.placename\" content=\"Innsbruck\" \/>\n<meta name=\"geo.position\" content=\"47.264176340396226;11.380109057672346\" \/>\n<meta name=\"geo.region\" content=\"Austria\" \/>\n<!-- \/ Yoast SEO Premium plugin. -->","yoast_head_json":{"title":"Vollsicht Schutzbrille f\u00fcr H\u00f6henarbeiten online kaufen | bolting.eu","description":"Hier gibt\u00b4s unsere Vollsicht Schutzbrille speziell f\u00fcr H\u00f6henarbeiten. Sch\u00fctzt ideal beim Felsen putzen, Einbohren und Setzen von Klebehaken!","robots":{"index":"index","follow":"follow","max-snippet":"max-snippet:-1","max-image-preview":"max-image-preview:large","max-video-preview":"max-video-preview:-1"},"canonical":"https:\/\/bolting.eu\/en\/shop\/vollsicht-schutzbrille\/","og_locale":"en_US","og_type":"article","og_title":"Vollsicht Schutzbrille","og_description":"Hier gibt\u00b4s unsere Vollsicht Schutzbrille speziell f\u00fcr H\u00f6henarbeiten. Sch\u00fctzt ideal beim Felsen putzen, Einbohren und Setzen von Klebehaken!","og_url":"https:\/\/bolting.eu\/en\/shop\/vollsicht-schutzbrille\/","og_site_name":"bolting.eu","article_publisher":"https:\/\/www.facebook.com\/bolting.eu","article_modified_time":"2025-06-30T21:47:57+00:00","og_image":[{"width":700,"height":700,"url":"https:\/\/bolting.eu\/wp-content\/uploads\/2021\/12\/Vollsicht-Schutzbrille-2.jpg","type":"image\/jpeg"}],"twitter_card":"summary_large_image","twitter_misc":{"Price":"&euro;&nbsp;24,90","Availability":"In stock"},"schema":{"@context":"https:\/\/schema.org","@graph":[{"@type":["WebPage","ItemPage"],"@id":"https:\/\/bolting.eu\/en\/shop\/vollsicht-schutzbrille\/","url":"https:\/\/bolting.eu\/en\/shop\/vollsicht-schutzbrille\/","name":"Vollsicht Schutzbrille f\u00fcr H\u00f6henarbeiten online kaufen | bolting.eu","isPartOf":{"@id":"https:\/\/bolting.eu\/en\/#website"},"primaryImageOfPage":{"@id":"https:\/\/bolting.eu\/en\/shop\/vollsicht-schutzbrille\/#primaryimage"},"image":{"@id":"https:\/\/bolting.eu\/en\/shop\/vollsicht-schutzbrille\/#primaryimage"},"thumbnailUrl":"https:\/\/bolting.eu\/wp-content\/uploads\/2021\/12\/Vollsicht-Schutzbrille-2.jpg","datePublished":"2021-12-13T18:55:56+00:00","dateModified":"2025-06-30T21:47:57+00:00","description":"Hier gibt\u00b4s unsere Vollsicht Schutzbrille speziell f\u00fcr H\u00f6henarbeiten. Sch\u00fctzt ideal beim Felsen putzen, Einbohren und Setzen von Klebehaken!","breadcrumb":{"@id":"https:\/\/bolting.eu\/en\/shop\/vollsicht-schutzbrille\/#breadcrumb"},"inLanguage":"en-US","potentialAction":[{"@type":"ReadAction","target":["https:\/\/bolting.eu\/en\/shop\/vollsicht-schutzbrille\/"]}]},{"@type":"ImageObject","inLanguage":"en-US","@id":"https:\/\/bolting.eu\/en\/shop\/vollsicht-schutzbrille\/#primaryimage","url":"https:\/\/bolting.eu\/wp-content\/uploads\/2021\/12\/Vollsicht-Schutzbrille-2.jpg","contentUrl":"https:\/\/bolting.eu\/wp-content\/uploads\/2021\/12\/Vollsicht-Schutzbrille-2.jpg","width":700,"height":700,"caption":"DAs Bild zeigt eine blaue Arbeits Vollsicht Schutzbrille mit Gummiband."},{"@type":"BreadcrumbList","@id":"https:\/\/bolting.eu\/en\/shop\/vollsicht-schutzbrille\/#breadcrumb","itemListElement":[{"@type":"ListItem","position":1,"name":"Shop","item":"https:\/\/bolting.eu\/en\/shop\/"},{"@type":"ListItem","position":2,"name":"bolting products","item":"https:\/\/bolting.eu\/en\/produkt-kategorie\/bolting-products\/"},{"@type":"ListItem","position":3,"name":"Schutzausr\u00fcstung","item":"https:\/\/bolting.eu\/produkt-kategorie\/einbohrartikel\/schutzausruestung\/"},{"@type":"ListItem","position":4,"name":"Vollsicht Schutzbrille"}]},{"@type":"WebSite","@id":"https:\/\/bolting.eu\/en\/#website","url":"https:\/\/bolting.eu\/en\/","name":"bolting.eu","description":"we make climbs happen","publisher":{"@id":"https:\/\/bolting.eu\/en\/#organization"},"potentialAction":[{"@type":"SearchAction","target":{"@type":"EntryPoint","urlTemplate":"https:\/\/bolting.eu\/en\/?s={search_term_string}"},"query-input":{"@type":"PropertyValueSpecification","valueRequired":true,"valueName":"search_term_string"}}],"inLanguage":"en-US"},{"@type":["Organization","Place","SportingGoodsStore"],"@id":"https:\/\/bolting.eu\/en\/#organization","name":"bolting.eu","url":"https:\/\/bolting.eu\/en\/","logo":{"@id":"https:\/\/bolting.eu\/en\/shop\/vollsicht-schutzbrille\/#local-main-organization-logo"},"image":{"@id":"https:\/\/bolting.eu\/en\/shop\/vollsicht-schutzbrille\/#local-main-organization-logo"},"sameAs":["https:\/\/www.facebook.com\/bolting.eu","https:\/\/www.instagram.com\/bolting.eu\/"],"address":{"@id":"https:\/\/bolting.eu\/en\/shop\/vollsicht-schutzbrille\/#local-main-place-address"},"geo":{"@type":"GeoCoordinates","latitude":"47.264176340396226","longitude":"11.380109057672346"},"telephone":["+43 699 19083372"],"openingHoursSpecification":[{"@type":"OpeningHoursSpecification","dayOfWeek":["Monday","Wednesday","Friday"],"opens":"14:00","closes":"18:00"},{"@type":"OpeningHoursSpecification","dayOfWeek":["Tuesday","Thursday","Saturday","Sunday"],"opens":"00:00","closes":"00:00"}],"email":"office@bolting.eu","vatID":"ATU59999728","priceRange":"$$","currenciesAccepted":"Euro"},{"@type":"PostalAddress","@id":"https:\/\/bolting.eu\/en\/shop\/vollsicht-schutzbrille\/#local-main-place-address","streetAddress":"Fischnalerstra\u00dfe 4","addressLocality":"Innsbruck","postalCode":"6020","addressRegion":"Tirol","addressCountry":"AT"},{"@type":"ImageObject","inLanguage":"en-US","@id":"https:\/\/bolting.eu\/en\/shop\/vollsicht-schutzbrille\/#local-main-organization-logo","url":"https:\/\/bolting.eu\/wp-content\/uploads\/2019\/09\/bolting-logo.png","contentUrl":"https:\/\/bolting.eu\/wp-content\/uploads\/2019\/09\/bolting-logo.png","width":400,"height":211,"caption":"bolting.eu"}]},"product_price_amount":"24.90","product_price_currency":"EUR","og_availability":"instock","product_availability":"instock","product_retailer_item_id":"200214","product_condition":"new","geo.placename":"Innsbruck","geo.position":{"lat":"47.264176340396226","long":"11.380109057672346"},"geo.region":"Austria"},"_links":{"self":[{"href":"https:\/\/bolting.eu\/en\/wp-json\/wp\/v2\/product\/10924","targetHints":{"allow":["GET"]}}],"collection":[{"href":"https:\/\/bolting.eu\/en\/wp-json\/wp\/v2\/product"}],"about":[{"href":"https:\/\/bolting.eu\/en\/wp-json\/wp\/v2\/types\/product"}],"replies":[{"embeddable":true,"href":"https:\/\/bolting.eu\/en\/wp-json\/wp\/v2\/comments?post=10924"}],"wp:featuredmedia":[{"embeddable":true,"href":"https:\/\/bolting.eu\/en\/wp-json\/wp\/v2\/media\/10926"}],"wp:attachment":[{"href":"https:\/\/bolting.eu\/en\/wp-json\/wp\/v2\/media?parent=10924"}],"wp:term":[{"taxonomy":"product_brand","embeddable":true,"href":"https:\/\/bolting.eu\/en\/wp-json\/wp\/v2\/product_brand?post=10924"},{"taxonomy":"product_cat","embeddable":true,"href":"https:\/\/bolting.eu\/en\/wp-json\/wp\/v2\/product_cat?post=10924"},{"taxonomy":"product_tag","embeddable":true,"href":"https:\/\/bolting.eu\/en\/wp-json\/wp\/v2\/product_tag?post=10924"}],"curies":[{"name":"wp","href":"https:\/\/api.w.org\/{rel}","templated":true}]}}