{"id":10918,"date":"2021-12-13T19:33:53","date_gmt":"2021-12-13T18:33:53","guid":{"rendered":"https:\/\/bolting.eu\/?post_type=product&#038;p=10918"},"modified":"2022-07-22T20:39:15","modified_gmt":"2022-07-22T18:39:15","slug":"black-diamond-kids-tracer-kinderkletterhelm","status":"publish","type":"product","link":"https:\/\/bolting.eu\/en\/shop\/black-diamond-kids-tracer-kinderkletterhelm\/","title":{"rendered":"Black Diamond Kid\u00b4s Tracer Kinderkletterhelm"},"content":{"rendered":"<p>Der Black Diamond Kid\u00b4s Tracer ist ein hochwertiger Kinderkletterhelm. Dabei handelt es sich um einen sogenannten &#8220;In-Mold Helm&#8221;. D.h. eine extrem harte und sch\u00fctzende H\u00fclle aus Polycarbonat au\u00dfen. Und eine d\u00e4mpfende Innenschichte aus EPS. Ihr kennt dieses Material als &#8220;Styropor&#8221;.<\/p>\n<p>Somit ist jeder Kopf besonders gut gesch\u00fctzt, vor allem auch jener der Kinder!<\/p>\n<p>Weitere Features Kid\u00b4s Tracer sind die folgenden. Erstens das einfach zu bedienende Verstellrad. Denn dieser <a href=\"https:\/\/bolting.eu\/produkt-kategorie\/kletterausruestung\/kletterhelme\/\">Kletterhelm<\/a> kann von 49-57cm verstellt werden. Zweitens die gro\u00dfz\u00fcgige Kopfpolsterung. Drittens die gute Bel\u00fcftung mit einem extra eingebauten Drahtgeflecht. Somit sind die Kinder immer gegen herabfallende Gegenst\u00e4nde gesch\u00fctzt. Und letztlich der angenehm zu tragende Kinnriemen.<\/p>\n<p>Kurzum. Wer einen extrem hochwertigen Kinderkletterhelm sucht, der ist hier richtig!<\/p>\n<h2>Eigenschaften Black Diamond Kid\u00b4s Tracer<\/h2>\n<ul>\n<li>Hersteller: <a href=\"https:\/\/bolting.eu\/produkt-kategorie\/black-diamond\/\">Black Diamond<\/a><\/li>\n<li>Material: Polycarbonath\u00fclle au\u00dfen, EPS Schaumstoff innen<\/li>\n<li>Gewicht: 235 Gramm<\/li>\n<li>Gr\u00f6\u00dfe: UNI 49-57cm<\/li>\n<li>Normen:<\/li>\n<li>Bel\u00fcftungsschlitze mit Drahtgewebe<\/li>\n<li>leicht bedienbares Verstellrad<\/li>\n<li>sehr gute Polsterung<\/li>\n<li>angenehmes, verstellbares Kinnband<\/li>\n<li>inkl. Stickers zum lustigen Bekleben!<\/li>\n<li><a href=\"https:\/\/www.blackdiamondequipment.com\/de_AT\/product\/kids-tracer-helmet\/#:~:text=Product%20Instructions%20%2D%20Vector%20%2D%20Vapor%20%2D%20Kids%20Tracer%20Helmets\">Bedienungsanleitung<\/a><\/li>\n<\/ul>\n<h3>Inklusive Sticker Bogen<\/h3>\n<p>Der Tracer wird inklusive einem Stickerbogen geliefert. Somit macht das Klettern dann gleich mehr Spass. Denn man kann sich seinen Kinderkletterhelm wunderbar selber gestalten.<\/p>\n<p>Vergesst dabei nicht. Wer mit Kindern klettert geht sollte auf Spass setzen. Denn spielerisch l\u00e4sst sich Vieles besser lernen als im Frontalunterricht. Und Kletterausr\u00fcstung welche die Kinder lieben geh\u00f6rt da nat\u00fcrlich dazu!<\/p>\n<h3>Kinderkletterhelm f\u00fcr k\u00fchlen Kopf<\/h3>\n<figure id=\"attachment_10921\" aria-describedby=\"caption-attachment-10921\" style=\"width: 280px\" class=\"wp-caption alignleft\"><a href=\"https:\/\/bolting.eu\/wp-content\/uploads\/2021\/12\/Black-Diamond-Kids-Tracer-3.jpeg\"><img loading=\"lazy\" decoding=\"async\" class=\"wp-image-10921 size-thumbnail\" src=\"https:\/\/bolting.eu\/wp-content\/uploads\/2021\/12\/Black-Diamond-Kids-Tracer-3-280x280.jpeg\" alt=\"Das Bild zeigt den wei\u00df orangen Black Diamond Kid\u00b4s Tracer Kinderkletterhelm von hinten seitlich. Man sieht den Helm und alle seine Features.\" width=\"280\" height=\"280\" srcset=\"https:\/\/bolting.eu\/wp-content\/uploads\/2021\/12\/Black-Diamond-Kids-Tracer-3-280x280.jpeg 280w, https:\/\/bolting.eu\/wp-content\/uploads\/2021\/12\/Black-Diamond-Kids-Tracer-3-100x100.jpeg 100w, https:\/\/bolting.eu\/wp-content\/uploads\/2021\/12\/Black-Diamond-Kids-Tracer-3-510x510.jpeg 510w, https:\/\/bolting.eu\/wp-content\/uploads\/2021\/12\/Black-Diamond-Kids-Tracer-3-400x400.jpeg 400w, https:\/\/bolting.eu\/wp-content\/uploads\/2021\/12\/Black-Diamond-Kids-Tracer-3-300x300.jpeg 300w, https:\/\/bolting.eu\/wp-content\/uploads\/2021\/12\/Black-Diamond-Kids-Tracer-3-600x600.jpeg 600w, https:\/\/bolting.eu\/wp-content\/uploads\/2021\/12\/Black-Diamond-Kids-Tracer-3.jpeg 700w\" sizes=\"auto, (max-width: 280px) 100vw, 280px\" \/><\/a><figcaption id=\"caption-attachment-10921\" class=\"wp-caption-text\">Der Helm ist sehr gut bel\u00fcftet!<\/figcaption><\/figure>\n<p>Mit dem Black Diamond Kid\u00b4s Tracer k\u00f6nnen kleine Felshelden einen k\u00fchlen Kopf bewahren. Hiermit ist es nicht nur leichter aufmerksam zu sein. Man kann vor allem ein \u00dcberhitzen vermeiden, was bei Kindern gerne vorkommt.<\/p>\n<p>Somit ist ein perfekt bel\u00fcfteter Helm wie ausreichend trinken und passende Kleidung, ein wichtiger Faktor um sich beim Klettern wohl zu f\u00fchlen.<\/p>\n<h3>bolting.eu Praxis Tipp Kinderkletterhelm<\/h3>\n<p>Dieser Helm ist besonders leicht aufgrund seiner In-Mold Technologie. Das bringt aber auch strukturelle Nachteile f\u00fcr den Transport mit sich. Deshalb bitte immer beachten:<\/p>\n<ul>\n<li>den Kid\u00b4s Tracer niemals mit schweren Gegenst\u00e4nden in den Rucksack packen. Immer oben in den Rucksack geben oder au\u00dfen anbringen!<\/li>\n<li>nie auf dem Kletterhelm sitzen!<\/li>\n<li>bei der Lagerung am besten an einem Nagel an der Wand h\u00e4ngend verstauen<\/li>\n<\/ul>\n","protected":false},"excerpt":{"rendered":"<p>Der Kid\u00b4s Tracer ist ein hochwertiger Kinderkletterhelm. Er steht qualitativ den Top Modellen von Erwachsenen nichts nach.<\/p>\n<p>Eure Junior\u00b4s profitieren von geringstem Gewicht, maximalen Schutz und hohem Komfort. Dieser In-Mold Helm ist perfekt f\u00fcr jedes Kind!<\/p>\n","protected":false},"featured_media":10923,"comment_status":"open","ping_status":"closed","template":"","meta":[],"product_brand":[],"product_cat":[4658,6755,6756,29],"product_tag":[],"class_list":{"0":"post-10918","1":"product","2":"type-product","3":"status-publish","4":"has-post-thumbnail","6":"product_cat-black-diamond","7":"product_cat-kletterhelme","8":"product_cat-kletterhelm-kinder","9":"product_cat-kletterausruestung","11":"first","12":"outofstock","13":"sale","14":"taxable","15":"shipping-taxable","16":"purchasable","17":"product-type-simple"},"yoast_head":"<!-- This site is optimized with the Yoast SEO Premium plugin v26.9 (Yoast SEO v26.9) - https:\/\/yoast.com\/product\/yoast-seo-premium-wordpress\/ -->\n<title>Black Diamond Kid\u00b4s Tracer Kinderkletterhelm online kaufen | bolting.eu<\/title>\n<meta name=\"description\" content=\"Hier findest Du den Black Diamond Kid\u00b4s Tracer Kinderkletterhelm. Einen extrem hochwertigen Helm f\u00fcr kleine Kletterer mit hohem Komfort!\" \/>\n<meta name=\"robots\" content=\"index, follow, max-snippet:-1, max-image-preview:large, max-video-preview:-1\" \/>\n<link rel=\"canonical\" href=\"https:\/\/bolting.eu\/en\/shop\/black-diamond-kids-tracer-kinderkletterhelm\/\" \/>\n<meta property=\"og:locale\" content=\"en_US\" \/>\n<meta property=\"og:type\" content=\"article\" \/>\n<meta property=\"og:title\" content=\"Black Diamond Kid\u00b4s Tracer Kinderkletterhelm\" \/>\n<meta property=\"og:description\" content=\"Hier findest Du den Black Diamond Kid\u00b4s Tracer Kinderkletterhelm. Einen extrem hochwertigen Helm f\u00fcr kleine Kletterer mit hohem Komfort!\" \/>\n<meta property=\"og:url\" content=\"https:\/\/bolting.eu\/en\/shop\/black-diamond-kids-tracer-kinderkletterhelm\/\" \/>\n<meta property=\"og:site_name\" content=\"bolting.eu\" \/>\n<meta property=\"article:publisher\" content=\"https:\/\/www.facebook.com\/bolting.eu\" \/>\n<meta property=\"article:modified_time\" content=\"2022-07-22T18:39:15+00:00\" \/>\n<meta property=\"og:image\" content=\"https:\/\/bolting.eu\/wp-content\/uploads\/2021\/12\/Black-Diamond-Kids-Tracer-1.jpeg\" \/>\n\t<meta property=\"og:image:width\" content=\"700\" \/>\n\t<meta property=\"og:image:height\" content=\"700\" \/>\n\t<meta property=\"og:image:type\" content=\"image\/jpeg\" \/>\n<meta name=\"twitter:card\" content=\"summary_large_image\" \/>\n<meta name=\"twitter:label1\" content=\"Price\" \/>\n\t<meta name=\"twitter:data1\" content=\"&euro;&nbsp;63,90\" \/>\n\t<meta name=\"twitter:label2\" content=\"Availability\" \/>\n\t<meta name=\"twitter:data2\" content=\"Out of stock\" \/>\n<script type=\"application\/ld+json\" class=\"yoast-schema-graph\">{\"@context\":\"https:\/\/schema.org\",\"@graph\":[{\"@type\":[\"WebPage\",\"ItemPage\"],\"@id\":\"https:\/\/bolting.eu\/en\/shop\/black-diamond-kids-tracer-kinderkletterhelm\/\",\"url\":\"https:\/\/bolting.eu\/en\/shop\/black-diamond-kids-tracer-kinderkletterhelm\/\",\"name\":\"Black Diamond Kid\u00b4s Tracer Kinderkletterhelm online kaufen | bolting.eu\",\"isPartOf\":{\"@id\":\"https:\/\/bolting.eu\/en\/#website\"},\"primaryImageOfPage\":{\"@id\":\"https:\/\/bolting.eu\/en\/shop\/black-diamond-kids-tracer-kinderkletterhelm\/#primaryimage\"},\"image\":{\"@id\":\"https:\/\/bolting.eu\/en\/shop\/black-diamond-kids-tracer-kinderkletterhelm\/#primaryimage\"},\"thumbnailUrl\":\"https:\/\/bolting.eu\/wp-content\/uploads\/2021\/12\/Black-Diamond-Kids-Tracer-1.jpeg\",\"datePublished\":\"2021-12-13T18:33:53+00:00\",\"dateModified\":\"2022-07-22T18:39:15+00:00\",\"description\":\"Hier findest Du den Black Diamond Kid\u00b4s Tracer Kinderkletterhelm. Einen extrem hochwertigen Helm f\u00fcr kleine Kletterer mit hohem Komfort!\",\"breadcrumb\":{\"@id\":\"https:\/\/bolting.eu\/en\/shop\/black-diamond-kids-tracer-kinderkletterhelm\/#breadcrumb\"},\"inLanguage\":\"en-US\",\"potentialAction\":[{\"@type\":\"ReadAction\",\"target\":[\"https:\/\/bolting.eu\/en\/shop\/black-diamond-kids-tracer-kinderkletterhelm\/\"]}]},{\"@type\":\"ImageObject\",\"inLanguage\":\"en-US\",\"@id\":\"https:\/\/bolting.eu\/en\/shop\/black-diamond-kids-tracer-kinderkletterhelm\/#primaryimage\",\"url\":\"https:\/\/bolting.eu\/wp-content\/uploads\/2021\/12\/Black-Diamond-Kids-Tracer-1.jpeg\",\"contentUrl\":\"https:\/\/bolting.eu\/wp-content\/uploads\/2021\/12\/Black-Diamond-Kids-Tracer-1.jpeg\",\"width\":700,\"height\":700,\"caption\":\"Das Bild zeigt den wei\u00df orangen Black Diamond Kid\u00b4s Tracer Kinderkletterhelm von vorne seitlich. Man sieht den Helm und alle seine Features.\"},{\"@type\":\"BreadcrumbList\",\"@id\":\"https:\/\/bolting.eu\/en\/shop\/black-diamond-kids-tracer-kinderkletterhelm\/#breadcrumb\",\"itemListElement\":[{\"@type\":\"ListItem\",\"position\":1,\"name\":\"Shop\",\"item\":\"https:\/\/bolting.eu\/en\/shop\/\"},{\"@type\":\"ListItem\",\"position\":2,\"name\":\"climbing equipment\",\"item\":\"https:\/\/bolting.eu\/en\/produkt-kategorie\/climbing-equipment\/\"},{\"@type\":\"ListItem\",\"position\":3,\"name\":\"Kletterhelme\",\"item\":\"https:\/\/bolting.eu\/produkt-kategorie\/kletterausruestung\/kletterhelme\/\"},{\"@type\":\"ListItem\",\"position\":4,\"name\":\"Kletterhelm Kinder\",\"item\":\"https:\/\/bolting.eu\/produkt-kategorie\/kletterausruestung\/kletterhelme\/kletterhelm-kinder\/\"},{\"@type\":\"ListItem\",\"position\":5,\"name\":\"Black Diamond Kid\u00b4s Tracer Kinderkletterhelm\"}]},{\"@type\":\"WebSite\",\"@id\":\"https:\/\/bolting.eu\/en\/#website\",\"url\":\"https:\/\/bolting.eu\/en\/\",\"name\":\"bolting.eu\",\"description\":\"we make climbs happen\",\"publisher\":{\"@id\":\"https:\/\/bolting.eu\/en\/#organization\"},\"potentialAction\":[{\"@type\":\"SearchAction\",\"target\":{\"@type\":\"EntryPoint\",\"urlTemplate\":\"https:\/\/bolting.eu\/en\/?s={search_term_string}\"},\"query-input\":{\"@type\":\"PropertyValueSpecification\",\"valueRequired\":true,\"valueName\":\"search_term_string\"}}],\"inLanguage\":\"en-US\"},{\"@type\":[\"Organization\",\"Place\",\"SportingGoodsStore\"],\"@id\":\"https:\/\/bolting.eu\/en\/#organization\",\"name\":\"bolting.eu\",\"url\":\"https:\/\/bolting.eu\/en\/\",\"logo\":{\"@id\":\"https:\/\/bolting.eu\/en\/shop\/black-diamond-kids-tracer-kinderkletterhelm\/#local-main-organization-logo\"},\"image\":{\"@id\":\"https:\/\/bolting.eu\/en\/shop\/black-diamond-kids-tracer-kinderkletterhelm\/#local-main-organization-logo\"},\"sameAs\":[\"https:\/\/www.facebook.com\/bolting.eu\",\"https:\/\/www.instagram.com\/bolting.eu\/\"],\"address\":{\"@id\":\"https:\/\/bolting.eu\/en\/shop\/black-diamond-kids-tracer-kinderkletterhelm\/#local-main-place-address\"},\"geo\":{\"@type\":\"GeoCoordinates\",\"latitude\":\"47.264176340396226\",\"longitude\":\"11.380109057672346\"},\"telephone\":[\"+43 699 19083372\"],\"openingHoursSpecification\":[{\"@type\":\"OpeningHoursSpecification\",\"dayOfWeek\":[\"Monday\",\"Wednesday\",\"Friday\"],\"opens\":\"14:00\",\"closes\":\"18:00\"},{\"@type\":\"OpeningHoursSpecification\",\"dayOfWeek\":[\"Tuesday\",\"Thursday\",\"Saturday\",\"Sunday\"],\"opens\":\"00:00\",\"closes\":\"00:00\"}],\"email\":\"office@bolting.eu\",\"vatID\":\"ATU59999728\",\"priceRange\":\"$$\",\"currenciesAccepted\":\"Euro\"},{\"@type\":\"PostalAddress\",\"@id\":\"https:\/\/bolting.eu\/en\/shop\/black-diamond-kids-tracer-kinderkletterhelm\/#local-main-place-address\",\"streetAddress\":\"Fischnalerstra\u00dfe 4\",\"addressLocality\":\"Innsbruck\",\"postalCode\":\"6020\",\"addressRegion\":\"Tirol\",\"addressCountry\":\"AT\"},{\"@type\":\"ImageObject\",\"inLanguage\":\"en-US\",\"@id\":\"https:\/\/bolting.eu\/en\/shop\/black-diamond-kids-tracer-kinderkletterhelm\/#local-main-organization-logo\",\"url\":\"https:\/\/bolting.eu\/wp-content\/uploads\/2019\/09\/bolting-logo.png\",\"contentUrl\":\"https:\/\/bolting.eu\/wp-content\/uploads\/2019\/09\/bolting-logo.png\",\"width\":400,\"height\":211,\"caption\":\"bolting.eu\"}]}<\/script>\n<meta property=\"product:price:amount\" content=\"63.90\" \/>\n<meta property=\"product:price:currency\" content=\"EUR\" \/>\n<meta property=\"og:availability\" content=\"out of stock\" \/>\n<meta property=\"product:availability\" content=\"out of stock\" \/>\n<meta property=\"product:retailer_item_id\" content=\"BD620216ALUMALL1\" \/>\n<meta property=\"product:condition\" content=\"new\" \/>\n<meta name=\"geo.placename\" content=\"Innsbruck\" \/>\n<meta name=\"geo.position\" content=\"47.264176340396226;11.380109057672346\" \/>\n<meta name=\"geo.region\" content=\"Austria\" \/>\n<!-- \/ Yoast SEO Premium plugin. -->","yoast_head_json":{"title":"Black Diamond Kid\u00b4s Tracer Kinderkletterhelm online kaufen | bolting.eu","description":"Hier findest Du den Black Diamond Kid\u00b4s Tracer Kinderkletterhelm. Einen extrem hochwertigen Helm f\u00fcr kleine Kletterer mit hohem Komfort!","robots":{"index":"index","follow":"follow","max-snippet":"max-snippet:-1","max-image-preview":"max-image-preview:large","max-video-preview":"max-video-preview:-1"},"canonical":"https:\/\/bolting.eu\/en\/shop\/black-diamond-kids-tracer-kinderkletterhelm\/","og_locale":"en_US","og_type":"article","og_title":"Black Diamond Kid\u00b4s Tracer Kinderkletterhelm","og_description":"Hier findest Du den Black Diamond Kid\u00b4s Tracer Kinderkletterhelm. Einen extrem hochwertigen Helm f\u00fcr kleine Kletterer mit hohem Komfort!","og_url":"https:\/\/bolting.eu\/en\/shop\/black-diamond-kids-tracer-kinderkletterhelm\/","og_site_name":"bolting.eu","article_publisher":"https:\/\/www.facebook.com\/bolting.eu","article_modified_time":"2022-07-22T18:39:15+00:00","og_image":[{"width":700,"height":700,"url":"https:\/\/bolting.eu\/wp-content\/uploads\/2021\/12\/Black-Diamond-Kids-Tracer-1.jpeg","type":"image\/jpeg"}],"twitter_card":"summary_large_image","twitter_misc":{"Price":"&euro;&nbsp;63,90","Availability":"Out of stock"},"schema":{"@context":"https:\/\/schema.org","@graph":[{"@type":["WebPage","ItemPage"],"@id":"https:\/\/bolting.eu\/en\/shop\/black-diamond-kids-tracer-kinderkletterhelm\/","url":"https:\/\/bolting.eu\/en\/shop\/black-diamond-kids-tracer-kinderkletterhelm\/","name":"Black Diamond Kid\u00b4s Tracer Kinderkletterhelm online kaufen | bolting.eu","isPartOf":{"@id":"https:\/\/bolting.eu\/en\/#website"},"primaryImageOfPage":{"@id":"https:\/\/bolting.eu\/en\/shop\/black-diamond-kids-tracer-kinderkletterhelm\/#primaryimage"},"image":{"@id":"https:\/\/bolting.eu\/en\/shop\/black-diamond-kids-tracer-kinderkletterhelm\/#primaryimage"},"thumbnailUrl":"https:\/\/bolting.eu\/wp-content\/uploads\/2021\/12\/Black-Diamond-Kids-Tracer-1.jpeg","datePublished":"2021-12-13T18:33:53+00:00","dateModified":"2022-07-22T18:39:15+00:00","description":"Hier findest Du den Black Diamond Kid\u00b4s Tracer Kinderkletterhelm. Einen extrem hochwertigen Helm f\u00fcr kleine Kletterer mit hohem Komfort!","breadcrumb":{"@id":"https:\/\/bolting.eu\/en\/shop\/black-diamond-kids-tracer-kinderkletterhelm\/#breadcrumb"},"inLanguage":"en-US","potentialAction":[{"@type":"ReadAction","target":["https:\/\/bolting.eu\/en\/shop\/black-diamond-kids-tracer-kinderkletterhelm\/"]}]},{"@type":"ImageObject","inLanguage":"en-US","@id":"https:\/\/bolting.eu\/en\/shop\/black-diamond-kids-tracer-kinderkletterhelm\/#primaryimage","url":"https:\/\/bolting.eu\/wp-content\/uploads\/2021\/12\/Black-Diamond-Kids-Tracer-1.jpeg","contentUrl":"https:\/\/bolting.eu\/wp-content\/uploads\/2021\/12\/Black-Diamond-Kids-Tracer-1.jpeg","width":700,"height":700,"caption":"Das Bild zeigt den wei\u00df orangen Black Diamond Kid\u00b4s Tracer Kinderkletterhelm von vorne seitlich. Man sieht den Helm und alle seine Features."},{"@type":"BreadcrumbList","@id":"https:\/\/bolting.eu\/en\/shop\/black-diamond-kids-tracer-kinderkletterhelm\/#breadcrumb","itemListElement":[{"@type":"ListItem","position":1,"name":"Shop","item":"https:\/\/bolting.eu\/en\/shop\/"},{"@type":"ListItem","position":2,"name":"climbing equipment","item":"https:\/\/bolting.eu\/en\/produkt-kategorie\/climbing-equipment\/"},{"@type":"ListItem","position":3,"name":"Kletterhelme","item":"https:\/\/bolting.eu\/produkt-kategorie\/kletterausruestung\/kletterhelme\/"},{"@type":"ListItem","position":4,"name":"Kletterhelm Kinder","item":"https:\/\/bolting.eu\/produkt-kategorie\/kletterausruestung\/kletterhelme\/kletterhelm-kinder\/"},{"@type":"ListItem","position":5,"name":"Black Diamond Kid\u00b4s Tracer Kinderkletterhelm"}]},{"@type":"WebSite","@id":"https:\/\/bolting.eu\/en\/#website","url":"https:\/\/bolting.eu\/en\/","name":"bolting.eu","description":"we make climbs happen","publisher":{"@id":"https:\/\/bolting.eu\/en\/#organization"},"potentialAction":[{"@type":"SearchAction","target":{"@type":"EntryPoint","urlTemplate":"https:\/\/bolting.eu\/en\/?s={search_term_string}"},"query-input":{"@type":"PropertyValueSpecification","valueRequired":true,"valueName":"search_term_string"}}],"inLanguage":"en-US"},{"@type":["Organization","Place","SportingGoodsStore"],"@id":"https:\/\/bolting.eu\/en\/#organization","name":"bolting.eu","url":"https:\/\/bolting.eu\/en\/","logo":{"@id":"https:\/\/bolting.eu\/en\/shop\/black-diamond-kids-tracer-kinderkletterhelm\/#local-main-organization-logo"},"image":{"@id":"https:\/\/bolting.eu\/en\/shop\/black-diamond-kids-tracer-kinderkletterhelm\/#local-main-organization-logo"},"sameAs":["https:\/\/www.facebook.com\/bolting.eu","https:\/\/www.instagram.com\/bolting.eu\/"],"address":{"@id":"https:\/\/bolting.eu\/en\/shop\/black-diamond-kids-tracer-kinderkletterhelm\/#local-main-place-address"},"geo":{"@type":"GeoCoordinates","latitude":"47.264176340396226","longitude":"11.380109057672346"},"telephone":["+43 699 19083372"],"openingHoursSpecification":[{"@type":"OpeningHoursSpecification","dayOfWeek":["Monday","Wednesday","Friday"],"opens":"14:00","closes":"18:00"},{"@type":"OpeningHoursSpecification","dayOfWeek":["Tuesday","Thursday","Saturday","Sunday"],"opens":"00:00","closes":"00:00"}],"email":"office@bolting.eu","vatID":"ATU59999728","priceRange":"$$","currenciesAccepted":"Euro"},{"@type":"PostalAddress","@id":"https:\/\/bolting.eu\/en\/shop\/black-diamond-kids-tracer-kinderkletterhelm\/#local-main-place-address","streetAddress":"Fischnalerstra\u00dfe 4","addressLocality":"Innsbruck","postalCode":"6020","addressRegion":"Tirol","addressCountry":"AT"},{"@type":"ImageObject","inLanguage":"en-US","@id":"https:\/\/bolting.eu\/en\/shop\/black-diamond-kids-tracer-kinderkletterhelm\/#local-main-organization-logo","url":"https:\/\/bolting.eu\/wp-content\/uploads\/2019\/09\/bolting-logo.png","contentUrl":"https:\/\/bolting.eu\/wp-content\/uploads\/2019\/09\/bolting-logo.png","width":400,"height":211,"caption":"bolting.eu"}]},"product_price_amount":"63.90","product_price_currency":"EUR","og_availability":"out of stock","product_availability":"out of stock","product_retailer_item_id":"BD620216ALUMALL1","product_condition":"new","geo.placename":"Innsbruck","geo.position":{"lat":"47.264176340396226","long":"11.380109057672346"},"geo.region":"Austria"},"_links":{"self":[{"href":"https:\/\/bolting.eu\/en\/wp-json\/wp\/v2\/product\/10918","targetHints":{"allow":["GET"]}}],"collection":[{"href":"https:\/\/bolting.eu\/en\/wp-json\/wp\/v2\/product"}],"about":[{"href":"https:\/\/bolting.eu\/en\/wp-json\/wp\/v2\/types\/product"}],"replies":[{"embeddable":true,"href":"https:\/\/bolting.eu\/en\/wp-json\/wp\/v2\/comments?post=10918"}],"wp:featuredmedia":[{"embeddable":true,"href":"https:\/\/bolting.eu\/en\/wp-json\/wp\/v2\/media\/10923"}],"wp:attachment":[{"href":"https:\/\/bolting.eu\/en\/wp-json\/wp\/v2\/media?parent=10918"}],"wp:term":[{"taxonomy":"product_brand","embeddable":true,"href":"https:\/\/bolting.eu\/en\/wp-json\/wp\/v2\/product_brand?post=10918"},{"taxonomy":"product_cat","embeddable":true,"href":"https:\/\/bolting.eu\/en\/wp-json\/wp\/v2\/product_cat?post=10918"},{"taxonomy":"product_tag","embeddable":true,"href":"https:\/\/bolting.eu\/en\/wp-json\/wp\/v2\/product_tag?post=10918"}],"curies":[{"name":"wp","href":"https:\/\/api.w.org\/{rel}","templated":true}]}}