{"id":10862,"date":"2021-12-09T16:15:59","date_gmt":"2021-12-09T15:15:59","guid":{"rendered":"https:\/\/bolting.eu\/?post_type=product&#038;p=10862"},"modified":"2025-05-23T16:30:59","modified_gmt":"2025-05-23T14:30:59","slug":"singing-rock-ultima","status":"publish","type":"product","link":"https:\/\/bolting.eu\/en\/shop\/singing-rock-ultima\/","title":{"rendered":"Singing Rock Ultima"},"content":{"rendered":"<p>Der Singing Rock Ultima Felshaken ist f\u00fcr d\u00fcnnste Haarrisse gedacht. Dieser sogenannte RURP ist somit ein Produkt speziell f\u00fcr das Techno Klettern. Denn er tr\u00e4gt ausschlie\u00dflich das K\u00f6rpergewicht und ist nicht zum Halten eines Sturzes konzipiert.<\/p>\n<p>Mit dem Ultima lassen sich d\u00fcnnste &#8220;seams&#8221; absichern, die max. 2,5mm breit sein d\u00fcrfen. Dabei ist dieses Produkt eine wesentlich g\u00fcnstigeres Modell als jene anderer Hersteller.<\/p>\n<p>Kurzum. Wer einen g\u00fcnstigen RURP sucht, der ist hier richtig!<\/p>\n<h2>Eigenschaften Singing Rock Ultima<\/h2>\n<ul>\n<li>Hersteller: Singing Rock<\/li>\n<li>Material: Chrom-Molybden Stahl und Edelstahl Stahlkabel<\/li>\n<li>RURP f\u00fcr d\u00fcnnste Haarrisse<\/li>\n<li>Gewicht: 21 Gramm<\/li>\n<li>Bruchlast: 5kN<\/li>\n<li>Normen: keine<\/li>\n<li><a href=\"https:\/\/www.singingrock.com\/ultima#:~:text=Download-,instructions%20of%20use,-PDF%20%2D%200%2C4%20MB\" target=\"_blank\" rel=\"noopener\">Bedienungsanleitung<\/a><\/li>\n<\/ul>\n<h3>G\u00fcnstige Alternative<\/h3>\n<p>Der Singing Rock Ultima Haken ist eine deutlich g\u00fcnstigere Alternative zum <a href=\"https:\/\/bolting.eu\/shop\/black-diamond-rurp\/\">Black Diamond RURP<\/a> oder dem <a href=\"https:\/\/bolting.eu\/shop\/cassin-ultimate-reality-piton\/\">Cassin Ultimate Reality Piton<\/a>.<\/p>\n<p>M\u00f6glich macht dies eine etwas einfachere Verarbeitung, das weglassen einer Lackierung und g\u00fcnstige Fertigung in Tschechien.<\/p>\n<p>Wer Techno Routen mit Seams angehen will, wird in der Regel mehr als einen Rurp brauchen. Da kommt unser preisg\u00fcnstiges Angebot nat\u00fcrlich super handy daher!<\/p>\n<p>&nbsp;<\/p>\n","protected":false},"excerpt":{"rendered":"<p>Dieser Felshaken ist f\u00fcr schmalste Haarrisse gedacht bzw. zum Techno Klettern. Der Singing Rock Ultima ist eine super preiswerte Alternative der anderen Markenhersteller.<\/p>\n<p>Wer bei seinem Techno Rack ordentlich sparen will, der ist hier richtig!<\/p>\n","protected":false},"featured_media":10863,"comment_status":"open","ping_status":"closed","template":"","meta":[],"product_brand":[],"product_cat":[37,1210,12141],"product_tag":[],"class_list":{"0":"post-10862","1":"product","2":"type-product","3":"status-publish","4":"has-post-thumbnail","6":"product_cat-felshaken-normalhaken","7":"product_cat-einbohrartikel","8":"product_cat-singing-rock","10":"first","11":"instock","12":"sale","13":"taxable","14":"shipping-taxable","15":"purchasable","16":"product-type-simple"},"yoast_head":"<!-- This site is optimized with the Yoast SEO Premium plugin v26.9 (Yoast SEO v26.9) - https:\/\/yoast.com\/product\/yoast-seo-premium-wordpress\/ -->\n<title>Singing Rock Ultima - RURP Felshaken online kaufen | bolting.eu<\/title>\n<meta name=\"description\" content=\"Hier findest Du den Singing Rock Ultima Felshaken. Einen sogenannten &quot;RURP&quot; f\u00fcr d\u00fcnnste Haarrisse die man sich technisch hinauf nagelt!\" \/>\n<meta name=\"robots\" content=\"index, follow, max-snippet:-1, max-image-preview:large, max-video-preview:-1\" \/>\n<link rel=\"canonical\" href=\"https:\/\/bolting.eu\/en\/shop\/singing-rock-ultima\/\" \/>\n<meta property=\"og:locale\" content=\"en_US\" \/>\n<meta property=\"og:type\" content=\"article\" \/>\n<meta property=\"og:title\" content=\"Singing Rock Ultima\" \/>\n<meta property=\"og:description\" content=\"Hier findest Du den Singing Rock Ultima Felshaken. Einen sogenannten &quot;RURP&quot; f\u00fcr d\u00fcnnste Haarrisse die man sich technisch hinauf nagelt!\" \/>\n<meta property=\"og:url\" content=\"https:\/\/bolting.eu\/en\/shop\/singing-rock-ultima\/\" \/>\n<meta property=\"og:site_name\" content=\"bolting.eu\" \/>\n<meta property=\"article:publisher\" content=\"https:\/\/www.facebook.com\/bolting.eu\" \/>\n<meta property=\"article:modified_time\" content=\"2025-05-23T14:30:59+00:00\" \/>\n<meta property=\"og:image\" content=\"https:\/\/bolting.eu\/wp-content\/uploads\/2021\/12\/Singing-Rock-Ultima-1.jpg\" \/>\n\t<meta property=\"og:image:width\" content=\"700\" \/>\n\t<meta property=\"og:image:height\" content=\"700\" \/>\n\t<meta property=\"og:image:type\" content=\"image\/jpeg\" \/>\n<meta name=\"twitter:card\" content=\"summary_large_image\" \/>\n<meta name=\"twitter:label1\" content=\"Price\" \/>\n\t<meta name=\"twitter:data1\" content=\"&euro;&nbsp;8,90\" \/>\n\t<meta name=\"twitter:label2\" content=\"Availability\" \/>\n\t<meta name=\"twitter:data2\" content=\"In stock\" \/>\n<script type=\"application\/ld+json\" class=\"yoast-schema-graph\">{\"@context\":\"https:\/\/schema.org\",\"@graph\":[{\"@type\":[\"WebPage\",\"ItemPage\"],\"@id\":\"https:\/\/bolting.eu\/en\/shop\/singing-rock-ultima\/\",\"url\":\"https:\/\/bolting.eu\/en\/shop\/singing-rock-ultima\/\",\"name\":\"Singing Rock Ultima - RURP Felshaken online kaufen | bolting.eu\",\"isPartOf\":{\"@id\":\"https:\/\/bolting.eu\/en\/#website\"},\"primaryImageOfPage\":{\"@id\":\"https:\/\/bolting.eu\/en\/shop\/singing-rock-ultima\/#primaryimage\"},\"image\":{\"@id\":\"https:\/\/bolting.eu\/en\/shop\/singing-rock-ultima\/#primaryimage\"},\"thumbnailUrl\":\"https:\/\/bolting.eu\/wp-content\/uploads\/2021\/12\/Singing-Rock-Ultima-1.jpg\",\"datePublished\":\"2021-12-09T15:15:59+00:00\",\"dateModified\":\"2025-05-23T14:30:59+00:00\",\"description\":\"Hier findest Du den Singing Rock Ultima Felshaken. Einen sogenannten \\\"RURP\\\" f\u00fcr d\u00fcnnste Haarrisse die man sich technisch hinauf nagelt!\",\"breadcrumb\":{\"@id\":\"https:\/\/bolting.eu\/en\/shop\/singing-rock-ultima\/#breadcrumb\"},\"inLanguage\":\"en-US\",\"potentialAction\":[{\"@type\":\"ReadAction\",\"target\":[\"https:\/\/bolting.eu\/en\/shop\/singing-rock-ultima\/\"]}]},{\"@type\":\"ImageObject\",\"inLanguage\":\"en-US\",\"@id\":\"https:\/\/bolting.eu\/en\/shop\/singing-rock-ultima\/#primaryimage\",\"url\":\"https:\/\/bolting.eu\/wp-content\/uploads\/2021\/12\/Singing-Rock-Ultima-1.jpg\",\"contentUrl\":\"https:\/\/bolting.eu\/wp-content\/uploads\/2021\/12\/Singing-Rock-Ultima-1.jpg\",\"width\":700,\"height\":700,\"caption\":\"Das Bild zeigt den silbernen Singing Rock Ultima RURP Felshaken mit d\u00fcnnem Stahlkabel.\"},{\"@type\":\"BreadcrumbList\",\"@id\":\"https:\/\/bolting.eu\/en\/shop\/singing-rock-ultima\/#breadcrumb\",\"itemListElement\":[{\"@type\":\"ListItem\",\"position\":1,\"name\":\"Shop\",\"item\":\"https:\/\/bolting.eu\/en\/shop\/\"},{\"@type\":\"ListItem\",\"position\":2,\"name\":\"bolting products\",\"item\":\"https:\/\/bolting.eu\/en\/produkt-kategorie\/bolting-products\/\"},{\"@type\":\"ListItem\",\"position\":3,\"name\":\"piton - Normal hook\",\"item\":\"https:\/\/bolting.eu\/en\/produkt-kategorie\/piton-normal-hook\/\"},{\"@type\":\"ListItem\",\"position\":4,\"name\":\"Singing Rock Ultima\"}]},{\"@type\":\"WebSite\",\"@id\":\"https:\/\/bolting.eu\/en\/#website\",\"url\":\"https:\/\/bolting.eu\/en\/\",\"name\":\"bolting.eu\",\"description\":\"we make climbs happen\",\"publisher\":{\"@id\":\"https:\/\/bolting.eu\/en\/#organization\"},\"potentialAction\":[{\"@type\":\"SearchAction\",\"target\":{\"@type\":\"EntryPoint\",\"urlTemplate\":\"https:\/\/bolting.eu\/en\/?s={search_term_string}\"},\"query-input\":{\"@type\":\"PropertyValueSpecification\",\"valueRequired\":true,\"valueName\":\"search_term_string\"}}],\"inLanguage\":\"en-US\"},{\"@type\":[\"Organization\",\"Place\",\"SportingGoodsStore\"],\"@id\":\"https:\/\/bolting.eu\/en\/#organization\",\"name\":\"bolting.eu\",\"url\":\"https:\/\/bolting.eu\/en\/\",\"logo\":{\"@id\":\"https:\/\/bolting.eu\/en\/shop\/singing-rock-ultima\/#local-main-organization-logo\"},\"image\":{\"@id\":\"https:\/\/bolting.eu\/en\/shop\/singing-rock-ultima\/#local-main-organization-logo\"},\"sameAs\":[\"https:\/\/www.facebook.com\/bolting.eu\",\"https:\/\/www.instagram.com\/bolting.eu\/\"],\"address\":{\"@id\":\"https:\/\/bolting.eu\/en\/shop\/singing-rock-ultima\/#local-main-place-address\"},\"geo\":{\"@type\":\"GeoCoordinates\",\"latitude\":\"47.264176340396226\",\"longitude\":\"11.380109057672346\"},\"telephone\":[\"+43 699 19083372\"],\"openingHoursSpecification\":[{\"@type\":\"OpeningHoursSpecification\",\"dayOfWeek\":[\"Monday\",\"Wednesday\",\"Friday\"],\"opens\":\"14:00\",\"closes\":\"18:00\"},{\"@type\":\"OpeningHoursSpecification\",\"dayOfWeek\":[\"Tuesday\",\"Thursday\",\"Saturday\",\"Sunday\"],\"opens\":\"00:00\",\"closes\":\"00:00\"}],\"email\":\"office@bolting.eu\",\"vatID\":\"ATU59999728\",\"priceRange\":\"$$\",\"currenciesAccepted\":\"Euro\"},{\"@type\":\"PostalAddress\",\"@id\":\"https:\/\/bolting.eu\/en\/shop\/singing-rock-ultima\/#local-main-place-address\",\"streetAddress\":\"Fischnalerstra\u00dfe 4\",\"addressLocality\":\"Innsbruck\",\"postalCode\":\"6020\",\"addressRegion\":\"Tirol\",\"addressCountry\":\"AT\"},{\"@type\":\"ImageObject\",\"inLanguage\":\"en-US\",\"@id\":\"https:\/\/bolting.eu\/en\/shop\/singing-rock-ultima\/#local-main-organization-logo\",\"url\":\"https:\/\/bolting.eu\/wp-content\/uploads\/2019\/09\/bolting-logo.png\",\"contentUrl\":\"https:\/\/bolting.eu\/wp-content\/uploads\/2019\/09\/bolting-logo.png\",\"width\":400,\"height\":211,\"caption\":\"bolting.eu\"}]}<\/script>\n<meta property=\"product:price:amount\" content=\"8.90\" \/>\n<meta property=\"product:price:currency\" content=\"EUR\" \/>\n<meta property=\"og:availability\" content=\"instock\" \/>\n<meta property=\"product:availability\" content=\"instock\" \/>\n<meta property=\"product:retailer_item_id\" content=\"RK706XX00\" \/>\n<meta property=\"product:condition\" content=\"new\" \/>\n<meta name=\"geo.placename\" content=\"Innsbruck\" \/>\n<meta name=\"geo.position\" content=\"47.264176340396226;11.380109057672346\" \/>\n<meta name=\"geo.region\" content=\"Austria\" \/>\n<!-- \/ Yoast SEO Premium plugin. -->","yoast_head_json":{"title":"Singing Rock Ultima - RURP Felshaken online kaufen | bolting.eu","description":"Hier findest Du den Singing Rock Ultima Felshaken. Einen sogenannten \"RURP\" f\u00fcr d\u00fcnnste Haarrisse die man sich technisch hinauf nagelt!","robots":{"index":"index","follow":"follow","max-snippet":"max-snippet:-1","max-image-preview":"max-image-preview:large","max-video-preview":"max-video-preview:-1"},"canonical":"https:\/\/bolting.eu\/en\/shop\/singing-rock-ultima\/","og_locale":"en_US","og_type":"article","og_title":"Singing Rock Ultima","og_description":"Hier findest Du den Singing Rock Ultima Felshaken. Einen sogenannten \"RURP\" f\u00fcr d\u00fcnnste Haarrisse die man sich technisch hinauf nagelt!","og_url":"https:\/\/bolting.eu\/en\/shop\/singing-rock-ultima\/","og_site_name":"bolting.eu","article_publisher":"https:\/\/www.facebook.com\/bolting.eu","article_modified_time":"2025-05-23T14:30:59+00:00","og_image":[{"width":700,"height":700,"url":"https:\/\/bolting.eu\/wp-content\/uploads\/2021\/12\/Singing-Rock-Ultima-1.jpg","type":"image\/jpeg"}],"twitter_card":"summary_large_image","twitter_misc":{"Price":"&euro;&nbsp;8,90","Availability":"In stock"},"schema":{"@context":"https:\/\/schema.org","@graph":[{"@type":["WebPage","ItemPage"],"@id":"https:\/\/bolting.eu\/en\/shop\/singing-rock-ultima\/","url":"https:\/\/bolting.eu\/en\/shop\/singing-rock-ultima\/","name":"Singing Rock Ultima - RURP Felshaken online kaufen | bolting.eu","isPartOf":{"@id":"https:\/\/bolting.eu\/en\/#website"},"primaryImageOfPage":{"@id":"https:\/\/bolting.eu\/en\/shop\/singing-rock-ultima\/#primaryimage"},"image":{"@id":"https:\/\/bolting.eu\/en\/shop\/singing-rock-ultima\/#primaryimage"},"thumbnailUrl":"https:\/\/bolting.eu\/wp-content\/uploads\/2021\/12\/Singing-Rock-Ultima-1.jpg","datePublished":"2021-12-09T15:15:59+00:00","dateModified":"2025-05-23T14:30:59+00:00","description":"Hier findest Du den Singing Rock Ultima Felshaken. Einen sogenannten \"RURP\" f\u00fcr d\u00fcnnste Haarrisse die man sich technisch hinauf nagelt!","breadcrumb":{"@id":"https:\/\/bolting.eu\/en\/shop\/singing-rock-ultima\/#breadcrumb"},"inLanguage":"en-US","potentialAction":[{"@type":"ReadAction","target":["https:\/\/bolting.eu\/en\/shop\/singing-rock-ultima\/"]}]},{"@type":"ImageObject","inLanguage":"en-US","@id":"https:\/\/bolting.eu\/en\/shop\/singing-rock-ultima\/#primaryimage","url":"https:\/\/bolting.eu\/wp-content\/uploads\/2021\/12\/Singing-Rock-Ultima-1.jpg","contentUrl":"https:\/\/bolting.eu\/wp-content\/uploads\/2021\/12\/Singing-Rock-Ultima-1.jpg","width":700,"height":700,"caption":"Das Bild zeigt den silbernen Singing Rock Ultima RURP Felshaken mit d\u00fcnnem Stahlkabel."},{"@type":"BreadcrumbList","@id":"https:\/\/bolting.eu\/en\/shop\/singing-rock-ultima\/#breadcrumb","itemListElement":[{"@type":"ListItem","position":1,"name":"Shop","item":"https:\/\/bolting.eu\/en\/shop\/"},{"@type":"ListItem","position":2,"name":"bolting products","item":"https:\/\/bolting.eu\/en\/produkt-kategorie\/bolting-products\/"},{"@type":"ListItem","position":3,"name":"piton - Normal hook","item":"https:\/\/bolting.eu\/en\/produkt-kategorie\/piton-normal-hook\/"},{"@type":"ListItem","position":4,"name":"Singing Rock Ultima"}]},{"@type":"WebSite","@id":"https:\/\/bolting.eu\/en\/#website","url":"https:\/\/bolting.eu\/en\/","name":"bolting.eu","description":"we make climbs happen","publisher":{"@id":"https:\/\/bolting.eu\/en\/#organization"},"potentialAction":[{"@type":"SearchAction","target":{"@type":"EntryPoint","urlTemplate":"https:\/\/bolting.eu\/en\/?s={search_term_string}"},"query-input":{"@type":"PropertyValueSpecification","valueRequired":true,"valueName":"search_term_string"}}],"inLanguage":"en-US"},{"@type":["Organization","Place","SportingGoodsStore"],"@id":"https:\/\/bolting.eu\/en\/#organization","name":"bolting.eu","url":"https:\/\/bolting.eu\/en\/","logo":{"@id":"https:\/\/bolting.eu\/en\/shop\/singing-rock-ultima\/#local-main-organization-logo"},"image":{"@id":"https:\/\/bolting.eu\/en\/shop\/singing-rock-ultima\/#local-main-organization-logo"},"sameAs":["https:\/\/www.facebook.com\/bolting.eu","https:\/\/www.instagram.com\/bolting.eu\/"],"address":{"@id":"https:\/\/bolting.eu\/en\/shop\/singing-rock-ultima\/#local-main-place-address"},"geo":{"@type":"GeoCoordinates","latitude":"47.264176340396226","longitude":"11.380109057672346"},"telephone":["+43 699 19083372"],"openingHoursSpecification":[{"@type":"OpeningHoursSpecification","dayOfWeek":["Monday","Wednesday","Friday"],"opens":"14:00","closes":"18:00"},{"@type":"OpeningHoursSpecification","dayOfWeek":["Tuesday","Thursday","Saturday","Sunday"],"opens":"00:00","closes":"00:00"}],"email":"office@bolting.eu","vatID":"ATU59999728","priceRange":"$$","currenciesAccepted":"Euro"},{"@type":"PostalAddress","@id":"https:\/\/bolting.eu\/en\/shop\/singing-rock-ultima\/#local-main-place-address","streetAddress":"Fischnalerstra\u00dfe 4","addressLocality":"Innsbruck","postalCode":"6020","addressRegion":"Tirol","addressCountry":"AT"},{"@type":"ImageObject","inLanguage":"en-US","@id":"https:\/\/bolting.eu\/en\/shop\/singing-rock-ultima\/#local-main-organization-logo","url":"https:\/\/bolting.eu\/wp-content\/uploads\/2019\/09\/bolting-logo.png","contentUrl":"https:\/\/bolting.eu\/wp-content\/uploads\/2019\/09\/bolting-logo.png","width":400,"height":211,"caption":"bolting.eu"}]},"product_price_amount":"8.90","product_price_currency":"EUR","og_availability":"instock","product_availability":"instock","product_retailer_item_id":"RK706XX00","product_condition":"new","geo.placename":"Innsbruck","geo.position":{"lat":"47.264176340396226","long":"11.380109057672346"},"geo.region":"Austria"},"_links":{"self":[{"href":"https:\/\/bolting.eu\/en\/wp-json\/wp\/v2\/product\/10862","targetHints":{"allow":["GET"]}}],"collection":[{"href":"https:\/\/bolting.eu\/en\/wp-json\/wp\/v2\/product"}],"about":[{"href":"https:\/\/bolting.eu\/en\/wp-json\/wp\/v2\/types\/product"}],"replies":[{"embeddable":true,"href":"https:\/\/bolting.eu\/en\/wp-json\/wp\/v2\/comments?post=10862"}],"wp:featuredmedia":[{"embeddable":true,"href":"https:\/\/bolting.eu\/en\/wp-json\/wp\/v2\/media\/10863"}],"wp:attachment":[{"href":"https:\/\/bolting.eu\/en\/wp-json\/wp\/v2\/media?parent=10862"}],"wp:term":[{"taxonomy":"product_brand","embeddable":true,"href":"https:\/\/bolting.eu\/en\/wp-json\/wp\/v2\/product_brand?post=10862"},{"taxonomy":"product_cat","embeddable":true,"href":"https:\/\/bolting.eu\/en\/wp-json\/wp\/v2\/product_cat?post=10862"},{"taxonomy":"product_tag","embeddable":true,"href":"https:\/\/bolting.eu\/en\/wp-json\/wp\/v2\/product_tag?post=10862"}],"curies":[{"name":"wp","href":"https:\/\/api.w.org\/{rel}","templated":true}]}}