{"id":10827,"date":"2021-12-02T10:00:08","date_gmt":"2021-12-02T09:00:08","guid":{"rendered":"https:\/\/bolting.eu\/?post_type=product&#038;p=10827"},"modified":"2026-01-01T20:12:57","modified_gmt":"2026-01-01T19:12:57","slug":"austrialpin-nomad-abseilachter","status":"publish","type":"product","link":"https:\/\/bolting.eu\/en\/shop\/austrialpin-nomad-abseilachter\/","title":{"rendered":"Austrialpin NoMad Abseilachter"},"content":{"rendered":"<p>Der Austrialpin NoMad <a href=\"https:\/\/bolting.eu\/produkt-kategorie\/kletterausruestung\/sicherungsgeraete-klettern\/abseilachter\/\">Abseilachter<\/a> ist ein spezielles Produkt f\u00fcr das Canyoning bzw. Abseilbergungen. Das Besondere an diesem Ger\u00e4t sind seine gleich 9 Reibungsmodi.<\/p>\n<p>D.h. dieses Abseilger\u00e4t f\u00fcr Einfachseile und Doppelseile bietet je nach Anforderung, unterschiedliche Geschwindigkeiten bis hin zu einer Stop &amp; Block Funktion.<\/p>\n<p>Das Design als klassischer Abseilachter erlaubt zudem die Verwendung des Austrialpin NoMad sowohl von Links- als auch Rechtsh\u00e4ndern. Ein Gummiring in der zentralen Karabiner\u00f6se fixiert den <a href=\"https:\/\/bolting.eu\/produkt-kategorie\/kletterausruestung\/kletterkarabiner\/sicherungskarabiner\/\">Sicherungskarabiner<\/a> bzw. das Ger\u00e4t angenehm in der L\u00e4ngsrichtung.<\/p>\n<p>Kurzum. Wer beim Canyoning unterwegs ist, kommt um eine Produkt wie dieses nicht herum. F\u00fcr Rettungsorganisationen und H\u00f6henarbeiter kann dieser Abseilachter eine super sinnvolle Erg\u00e4nzung des Materialpools sein.<\/p>\n<h2>Eigenschaften Austrialpin NoMad Abseilachter<\/h2>\n<ul>\n<li>Hersteller: <a href=\"https:\/\/bolting.eu\/produkt-kategorie\/austrialpin\/\">Austrialpin<\/a><\/li>\n<li>Material: Aluminium<\/li>\n<li>Gewicht: 107 Gramm<\/li>\n<li>Farbe: schwarz (nicht gelb, wie auf dem Produktbild)<\/li>\n<li>Normen: EN 892, EN 1891-A<\/li>\n<li>f\u00fcr Einfach- und Doppelseile<\/li>\n<li>Einfachseile: 8,5 &#8211; 11mm<\/li>\n<li>Doppelseile: 7,8 &#8211; 9mm<\/li>\n<li>9 Reibungsmodi<\/li>\n<li>Gummiring in Karabiner\u00f6se fixiert <a href=\"https:\/\/bolting.eu\/produkt-kategorie\/kletterausruestung\/kletterkarabiner\/hms-karabiner\/\">HMS Karabiner<\/a><\/li>\n<li><a href=\"https:\/\/www.austrialpin.at\/fileadmin\/anleitungen\/AA_instruction-manual_nemo-nomad-ropex.pdf\" target=\"_blank\" rel=\"noopener\">Bedienungsanleitung<\/a><\/li>\n<\/ul>\n<h3>Produktvideo<\/h3>\n<p>Im folgenden Produktvideo wird der NoMad Abseilachter ausf\u00fchrlich vorgestellt. Dabei kommen besonders gut die unterschiedlichen Reibungsmodi heraus.<\/p>\n<p><iframe loading=\"lazy\" title=\"noMad canyoning figure-8\" width=\"1020\" height=\"574\" src=\"https:\/\/www.youtube.com\/embed\/tGQ3cqF9AxE?feature=oembed\" frameborder=\"0\" allow=\"accelerometer; autoplay; clipboard-write; encrypted-media; gyroscope; picture-in-picture; web-share\" referrerpolicy=\"strict-origin-when-cross-origin\" allowfullscreen><\/iframe><\/p>\n<h3>Austrialpin NoMad Abseilachter &#8211; 9 Reibungsmodi<\/h3>\n<p>Die seitlichen Arme dieses Abseilger\u00e4tes erm\u00f6glichen eine enorme Anzahl an Modi. Genau gesagt sind es gleich 9 unterschiedliche Reibungsstufen, die in der Bedienungsanleitung vorgestellt werden.<\/p>\n<p>Im Folgenden stellen wir euch diese in zwei Grafiken vor!<\/p>\n<p><a href=\"https:\/\/bolting.eu\/wp-content\/uploads\/2021\/12\/eibungsmodi-NoMad-2.jpg\"><img loading=\"lazy\" decoding=\"async\" class=\"alignnone size-full wp-image-10833\" src=\"https:\/\/bolting.eu\/wp-content\/uploads\/2021\/12\/eibungsmodi-NoMad-2.jpg\" alt=\"Das Bild zeigt eine Grafik mit vier unterschioedlichen Modi eines Abseilger\u00e4tes.\" width=\"1024\" height=\"263\" srcset=\"https:\/\/bolting.eu\/wp-content\/uploads\/2021\/12\/eibungsmodi-NoMad-2.jpg 1024w, https:\/\/bolting.eu\/wp-content\/uploads\/2021\/12\/eibungsmodi-NoMad-2-510x131.jpg 510w, https:\/\/bolting.eu\/wp-content\/uploads\/2021\/12\/eibungsmodi-NoMad-2-800x205.jpg 800w, https:\/\/bolting.eu\/wp-content\/uploads\/2021\/12\/eibungsmodi-NoMad-2-768x197.jpg 768w, https:\/\/bolting.eu\/wp-content\/uploads\/2021\/12\/eibungsmodi-NoMad-2-600x154.jpg 600w\" sizes=\"auto, (max-width: 1024px) 100vw, 1024px\" \/><\/a><\/p>\n<p><a href=\"https:\/\/bolting.eu\/wp-content\/uploads\/2021\/12\/eibungsmodi-NoMad-1.jpg\"><img loading=\"lazy\" decoding=\"async\" class=\"alignnone size-full wp-image-10832\" src=\"https:\/\/bolting.eu\/wp-content\/uploads\/2021\/12\/eibungsmodi-NoMad-1.jpg\" alt=\"\" width=\"896\" height=\"524\" srcset=\"https:\/\/bolting.eu\/wp-content\/uploads\/2021\/12\/eibungsmodi-NoMad-1.jpg 896w, https:\/\/bolting.eu\/wp-content\/uploads\/2021\/12\/eibungsmodi-NoMad-1-510x298.jpg 510w, https:\/\/bolting.eu\/wp-content\/uploads\/2021\/12\/eibungsmodi-NoMad-1-684x400.jpg 684w, https:\/\/bolting.eu\/wp-content\/uploads\/2021\/12\/eibungsmodi-NoMad-1-768x449.jpg 768w, https:\/\/bolting.eu\/wp-content\/uploads\/2021\/12\/eibungsmodi-NoMad-1-600x351.jpg 600w\" sizes=\"auto, (max-width: 896px) 100vw, 896px\" \/><\/a><\/p>\n<h3>Passende Karabiner<\/h3>\n<p>Wer eben viel abseilt, noch dazu beim Canyoning, sollte unbedingt auf einen stimmigen Karabiner achten. Unserer Meinung ist f\u00fcr den Austrialpin NoMad ein Modell mit Stahleinlage wie z.B. der <a href=\"https:\/\/bolting.eu\/shop\/edelrid-hms-bulletproof-screw-fg\/\">Edelrid HMS Bulletproof SCREW<\/a> ideal.<\/p>\n","protected":false},"excerpt":{"rendered":"<p>Dieser Abseilachter ist mit seinen 9 Reibungsmodi ideal f\u00fcr\u00b4s Canyoning bzw. Abseilbergungen. Das Ger\u00e4t ist sowohl f\u00fcr Einfach- als auch Doppelseile geeignet.<\/p>\n<p>Die klassischer 8-er Form erm\u00f6glicht die Verwendung von Links- und Rechtsh\u00e4ndern gleicherma\u00dfen.<\/p>\n","protected":false},"featured_media":10828,"comment_status":"open","ping_status":"closed","template":"","meta":[],"product_brand":[],"product_cat":[14249,14447,14819,15030,3711],"product_tag":[],"class_list":{"0":"post-10827","1":"product","2":"type-product","3":"status-publish","4":"has-post-thumbnail","6":"product_cat-abseilachter","7":"product_cat-abseilgeraete","8":"product_cat-austrialpin-en","9":"product_cat-climbing-equipment","10":"product_cat-sicherungsgeraete-klettern","12":"first","13":"outofstock","14":"sale","15":"taxable","16":"shipping-taxable","17":"purchasable","18":"product-type-simple"},"yoast_head":"<!-- This site is optimized with the Yoast SEO Premium plugin v26.9 (Yoast SEO v26.9) - https:\/\/yoast.com\/product\/yoast-seo-premium-wordpress\/ -->\n<title>Austrialpin NoMad Abseilachter f\u00fcr Canyoning online kaufen | bolting.eu<\/title>\n<meta name=\"description\" content=\"Hier findest Du den AUSTRIALPIN NOMAD Abseilachter f\u00fcr\u00b4s Canyoning. Ein smartes Abseilger\u00e4t mit gleich 9 Reibungsmodi!\" \/>\n<meta name=\"robots\" content=\"index, follow, max-snippet:-1, max-image-preview:large, max-video-preview:-1\" \/>\n<link rel=\"canonical\" href=\"https:\/\/bolting.eu\/en\/shop\/austrialpin-nomad-abseilachter\/\" \/>\n<meta property=\"og:locale\" content=\"en_US\" \/>\n<meta property=\"og:type\" content=\"article\" \/>\n<meta property=\"og:title\" content=\"Austrialpin NoMad Abseilachter\" \/>\n<meta property=\"og:description\" content=\"Hier findest Du den AUSTRIALPIN NOMAD Abseilachter f\u00fcr\u00b4s Canyoning. Ein smartes Abseilger\u00e4t mit gleich 9 Reibungsmodi!\" \/>\n<meta property=\"og:url\" content=\"https:\/\/bolting.eu\/en\/shop\/austrialpin-nomad-abseilachter\/\" \/>\n<meta property=\"og:site_name\" content=\"bolting.eu\" \/>\n<meta property=\"article:publisher\" content=\"https:\/\/www.facebook.com\/bolting.eu\" \/>\n<meta property=\"article:modified_time\" content=\"2026-01-01T19:12:57+00:00\" \/>\n<meta property=\"og:image\" content=\"https:\/\/bolting.eu\/wp-content\/uploads\/2021\/12\/Austrialpin-NoMad-Abseilachter1.jpg\" \/>\n\t<meta property=\"og:image:width\" content=\"700\" \/>\n\t<meta property=\"og:image:height\" content=\"700\" \/>\n\t<meta property=\"og:image:type\" content=\"image\/jpeg\" \/>\n<meta name=\"twitter:card\" content=\"summary_large_image\" \/>\n<meta name=\"twitter:label1\" content=\"Price\" \/>\n\t<meta name=\"twitter:data1\" content=\"&euro;&nbsp;35,00\" \/>\n\t<meta name=\"twitter:label2\" content=\"Availability\" \/>\n\t<meta name=\"twitter:data2\" content=\"Out of stock\" \/>\n<script type=\"application\/ld+json\" class=\"yoast-schema-graph\">{\"@context\":\"https:\/\/schema.org\",\"@graph\":[{\"@type\":[\"WebPage\",\"ItemPage\"],\"@id\":\"https:\/\/bolting.eu\/en\/shop\/austrialpin-nomad-abseilachter\/\",\"url\":\"https:\/\/bolting.eu\/en\/shop\/austrialpin-nomad-abseilachter\/\",\"name\":\"Austrialpin NoMad Abseilachter f\u00fcr Canyoning online kaufen | bolting.eu\",\"isPartOf\":{\"@id\":\"https:\/\/bolting.eu\/en\/#website\"},\"primaryImageOfPage\":{\"@id\":\"https:\/\/bolting.eu\/en\/shop\/austrialpin-nomad-abseilachter\/#primaryimage\"},\"image\":{\"@id\":\"https:\/\/bolting.eu\/en\/shop\/austrialpin-nomad-abseilachter\/#primaryimage\"},\"thumbnailUrl\":\"https:\/\/bolting.eu\/wp-content\/uploads\/2021\/12\/Austrialpin-NoMad-Abseilachter1.jpg\",\"datePublished\":\"2021-12-02T09:00:08+00:00\",\"dateModified\":\"2026-01-01T19:12:57+00:00\",\"description\":\"Hier findest Du den AUSTRIALPIN NOMAD Abseilachter f\u00fcr\u00b4s Canyoning. Ein smartes Abseilger\u00e4t mit gleich 9 Reibungsmodi!\",\"breadcrumb\":{\"@id\":\"https:\/\/bolting.eu\/en\/shop\/austrialpin-nomad-abseilachter\/#breadcrumb\"},\"inLanguage\":\"en-US\",\"potentialAction\":[{\"@type\":\"ReadAction\",\"target\":[\"https:\/\/bolting.eu\/en\/shop\/austrialpin-nomad-abseilachter\/\"]}]},{\"@type\":\"ImageObject\",\"inLanguage\":\"en-US\",\"@id\":\"https:\/\/bolting.eu\/en\/shop\/austrialpin-nomad-abseilachter\/#primaryimage\",\"url\":\"https:\/\/bolting.eu\/wp-content\/uploads\/2021\/12\/Austrialpin-NoMad-Abseilachter1.jpg\",\"contentUrl\":\"https:\/\/bolting.eu\/wp-content\/uploads\/2021\/12\/Austrialpin-NoMad-Abseilachter1.jpg\",\"width\":700,\"height\":700,\"caption\":\"Das Bild zeigt den Austrialpin NoMad Abseilachter mit seitlichen Armen f\u00fcr mehr Reibungsmodi auf einem wei\u00dfem Quadrat.\"},{\"@type\":\"BreadcrumbList\",\"@id\":\"https:\/\/bolting.eu\/en\/shop\/austrialpin-nomad-abseilachter\/#breadcrumb\",\"itemListElement\":[{\"@type\":\"ListItem\",\"position\":1,\"name\":\"Shop\",\"item\":\"https:\/\/bolting.eu\/en\/shop\/\"},{\"@type\":\"ListItem\",\"position\":2,\"name\":\"climbing equipment\",\"item\":\"https:\/\/bolting.eu\/en\/produkt-kategorie\/climbing-equipment\/\"},{\"@type\":\"ListItem\",\"position\":3,\"name\":\"Sicherungsger\u00e4te Klettern\",\"item\":\"https:\/\/bolting.eu\/produkt-kategorie\/kletterausruestung\/sicherungsgeraete-klettern\/\"},{\"@type\":\"ListItem\",\"position\":4,\"name\":\"Abseilachter\",\"item\":\"https:\/\/bolting.eu\/produkt-kategorie\/kletterausruestung\/sicherungsgeraete-klettern\/abseilachter\/\"},{\"@type\":\"ListItem\",\"position\":5,\"name\":\"Austrialpin NoMad Abseilachter\"}]},{\"@type\":\"WebSite\",\"@id\":\"https:\/\/bolting.eu\/en\/#website\",\"url\":\"https:\/\/bolting.eu\/en\/\",\"name\":\"bolting.eu\",\"description\":\"we make climbs happen\",\"publisher\":{\"@id\":\"https:\/\/bolting.eu\/en\/#organization\"},\"potentialAction\":[{\"@type\":\"SearchAction\",\"target\":{\"@type\":\"EntryPoint\",\"urlTemplate\":\"https:\/\/bolting.eu\/en\/?s={search_term_string}\"},\"query-input\":{\"@type\":\"PropertyValueSpecification\",\"valueRequired\":true,\"valueName\":\"search_term_string\"}}],\"inLanguage\":\"en-US\"},{\"@type\":[\"Organization\",\"Place\",\"SportingGoodsStore\"],\"@id\":\"https:\/\/bolting.eu\/en\/#organization\",\"name\":\"bolting.eu\",\"url\":\"https:\/\/bolting.eu\/en\/\",\"logo\":{\"@id\":\"https:\/\/bolting.eu\/en\/shop\/austrialpin-nomad-abseilachter\/#local-main-organization-logo\"},\"image\":{\"@id\":\"https:\/\/bolting.eu\/en\/shop\/austrialpin-nomad-abseilachter\/#local-main-organization-logo\"},\"sameAs\":[\"https:\/\/www.facebook.com\/bolting.eu\",\"https:\/\/www.instagram.com\/bolting.eu\/\"],\"address\":{\"@id\":\"https:\/\/bolting.eu\/en\/shop\/austrialpin-nomad-abseilachter\/#local-main-place-address\"},\"geo\":{\"@type\":\"GeoCoordinates\",\"latitude\":\"47.264176340396226\",\"longitude\":\"11.380109057672346\"},\"telephone\":[\"+43 699 19083372\"],\"openingHoursSpecification\":[{\"@type\":\"OpeningHoursSpecification\",\"dayOfWeek\":[\"Monday\",\"Wednesday\",\"Friday\"],\"opens\":\"14:00\",\"closes\":\"18:00\"},{\"@type\":\"OpeningHoursSpecification\",\"dayOfWeek\":[\"Tuesday\",\"Thursday\",\"Saturday\",\"Sunday\"],\"opens\":\"00:00\",\"closes\":\"00:00\"}],\"email\":\"office@bolting.eu\",\"vatID\":\"ATU59999728\",\"priceRange\":\"$$\",\"currenciesAccepted\":\"Euro\"},{\"@type\":\"PostalAddress\",\"@id\":\"https:\/\/bolting.eu\/en\/shop\/austrialpin-nomad-abseilachter\/#local-main-place-address\",\"streetAddress\":\"Fischnalerstra\u00dfe 4\",\"addressLocality\":\"Innsbruck\",\"postalCode\":\"6020\",\"addressRegion\":\"Tirol\",\"addressCountry\":\"AT\"},{\"@type\":\"ImageObject\",\"inLanguage\":\"en-US\",\"@id\":\"https:\/\/bolting.eu\/en\/shop\/austrialpin-nomad-abseilachter\/#local-main-organization-logo\",\"url\":\"https:\/\/bolting.eu\/wp-content\/uploads\/2019\/09\/bolting-logo.png\",\"contentUrl\":\"https:\/\/bolting.eu\/wp-content\/uploads\/2019\/09\/bolting-logo.png\",\"width\":400,\"height\":211,\"caption\":\"bolting.eu\"}]}<\/script>\n<meta property=\"og:video\" content=\"https:\/\/www.youtube.com\/embed\/tGQ3cqF9AxE\" \/>\n<meta property=\"og:video:type\" content=\"text\/html\" \/>\n<meta property=\"og:video:duration\" content=\"120\" \/>\n<meta property=\"og:video:width\" content=\"480\" \/>\n<meta property=\"og:video:height\" content=\"270\" \/>\n<meta property=\"ya:ovs:adult\" content=\"false\" \/>\n<meta property=\"ya:ovs:upload_date\" content=\"2021-12-02T09:00:08+00:00\" \/>\n<meta property=\"ya:ovs:allow_embed\" content=\"true\" \/>\n<meta property=\"product:price:amount\" content=\"35.00\" \/>\n<meta property=\"product:price:currency\" content=\"EUR\" \/>\n<meta property=\"og:availability\" content=\"out of stock\" \/>\n<meta property=\"product:availability\" content=\"out of stock\" \/>\n<meta property=\"product:retailer_item_id\" content=\"AF10B-X-F\" \/>\n<meta property=\"product:condition\" content=\"new\" \/>\n<meta name=\"geo.placename\" content=\"Innsbruck\" \/>\n<meta name=\"geo.position\" content=\"47.264176340396226;11.380109057672346\" \/>\n<meta name=\"geo.region\" content=\"Austria\" \/>\n<!-- \/ Yoast SEO Premium plugin. -->","yoast_head_json":{"title":"Austrialpin NoMad Abseilachter f\u00fcr Canyoning online kaufen | bolting.eu","description":"Hier findest Du den AUSTRIALPIN NOMAD Abseilachter f\u00fcr\u00b4s Canyoning. Ein smartes Abseilger\u00e4t mit gleich 9 Reibungsmodi!","robots":{"index":"index","follow":"follow","max-snippet":"max-snippet:-1","max-image-preview":"max-image-preview:large","max-video-preview":"max-video-preview:-1"},"canonical":"https:\/\/bolting.eu\/en\/shop\/austrialpin-nomad-abseilachter\/","og_locale":"en_US","og_type":"article","og_title":"Austrialpin NoMad Abseilachter","og_description":"Hier findest Du den AUSTRIALPIN NOMAD Abseilachter f\u00fcr\u00b4s Canyoning. Ein smartes Abseilger\u00e4t mit gleich 9 Reibungsmodi!","og_url":"https:\/\/bolting.eu\/en\/shop\/austrialpin-nomad-abseilachter\/","og_site_name":"bolting.eu","article_publisher":"https:\/\/www.facebook.com\/bolting.eu","article_modified_time":"2026-01-01T19:12:57+00:00","og_image":[{"width":700,"height":700,"url":"https:\/\/bolting.eu\/wp-content\/uploads\/2021\/12\/Austrialpin-NoMad-Abseilachter1.jpg","type":"image\/jpeg"}],"twitter_card":"summary_large_image","twitter_misc":{"Price":"&euro;&nbsp;35,00","Availability":"Out of stock"},"schema":{"@context":"https:\/\/schema.org","@graph":[{"@type":["WebPage","ItemPage"],"@id":"https:\/\/bolting.eu\/en\/shop\/austrialpin-nomad-abseilachter\/","url":"https:\/\/bolting.eu\/en\/shop\/austrialpin-nomad-abseilachter\/","name":"Austrialpin NoMad Abseilachter f\u00fcr Canyoning online kaufen | bolting.eu","isPartOf":{"@id":"https:\/\/bolting.eu\/en\/#website"},"primaryImageOfPage":{"@id":"https:\/\/bolting.eu\/en\/shop\/austrialpin-nomad-abseilachter\/#primaryimage"},"image":{"@id":"https:\/\/bolting.eu\/en\/shop\/austrialpin-nomad-abseilachter\/#primaryimage"},"thumbnailUrl":"https:\/\/bolting.eu\/wp-content\/uploads\/2021\/12\/Austrialpin-NoMad-Abseilachter1.jpg","datePublished":"2021-12-02T09:00:08+00:00","dateModified":"2026-01-01T19:12:57+00:00","description":"Hier findest Du den AUSTRIALPIN NOMAD Abseilachter f\u00fcr\u00b4s Canyoning. Ein smartes Abseilger\u00e4t mit gleich 9 Reibungsmodi!","breadcrumb":{"@id":"https:\/\/bolting.eu\/en\/shop\/austrialpin-nomad-abseilachter\/#breadcrumb"},"inLanguage":"en-US","potentialAction":[{"@type":"ReadAction","target":["https:\/\/bolting.eu\/en\/shop\/austrialpin-nomad-abseilachter\/"]}]},{"@type":"ImageObject","inLanguage":"en-US","@id":"https:\/\/bolting.eu\/en\/shop\/austrialpin-nomad-abseilachter\/#primaryimage","url":"https:\/\/bolting.eu\/wp-content\/uploads\/2021\/12\/Austrialpin-NoMad-Abseilachter1.jpg","contentUrl":"https:\/\/bolting.eu\/wp-content\/uploads\/2021\/12\/Austrialpin-NoMad-Abseilachter1.jpg","width":700,"height":700,"caption":"Das Bild zeigt den Austrialpin NoMad Abseilachter mit seitlichen Armen f\u00fcr mehr Reibungsmodi auf einem wei\u00dfem Quadrat."},{"@type":"BreadcrumbList","@id":"https:\/\/bolting.eu\/en\/shop\/austrialpin-nomad-abseilachter\/#breadcrumb","itemListElement":[{"@type":"ListItem","position":1,"name":"Shop","item":"https:\/\/bolting.eu\/en\/shop\/"},{"@type":"ListItem","position":2,"name":"climbing equipment","item":"https:\/\/bolting.eu\/en\/produkt-kategorie\/climbing-equipment\/"},{"@type":"ListItem","position":3,"name":"Sicherungsger\u00e4te Klettern","item":"https:\/\/bolting.eu\/produkt-kategorie\/kletterausruestung\/sicherungsgeraete-klettern\/"},{"@type":"ListItem","position":4,"name":"Abseilachter","item":"https:\/\/bolting.eu\/produkt-kategorie\/kletterausruestung\/sicherungsgeraete-klettern\/abseilachter\/"},{"@type":"ListItem","position":5,"name":"Austrialpin NoMad Abseilachter"}]},{"@type":"WebSite","@id":"https:\/\/bolting.eu\/en\/#website","url":"https:\/\/bolting.eu\/en\/","name":"bolting.eu","description":"we make climbs happen","publisher":{"@id":"https:\/\/bolting.eu\/en\/#organization"},"potentialAction":[{"@type":"SearchAction","target":{"@type":"EntryPoint","urlTemplate":"https:\/\/bolting.eu\/en\/?s={search_term_string}"},"query-input":{"@type":"PropertyValueSpecification","valueRequired":true,"valueName":"search_term_string"}}],"inLanguage":"en-US"},{"@type":["Organization","Place","SportingGoodsStore"],"@id":"https:\/\/bolting.eu\/en\/#organization","name":"bolting.eu","url":"https:\/\/bolting.eu\/en\/","logo":{"@id":"https:\/\/bolting.eu\/en\/shop\/austrialpin-nomad-abseilachter\/#local-main-organization-logo"},"image":{"@id":"https:\/\/bolting.eu\/en\/shop\/austrialpin-nomad-abseilachter\/#local-main-organization-logo"},"sameAs":["https:\/\/www.facebook.com\/bolting.eu","https:\/\/www.instagram.com\/bolting.eu\/"],"address":{"@id":"https:\/\/bolting.eu\/en\/shop\/austrialpin-nomad-abseilachter\/#local-main-place-address"},"geo":{"@type":"GeoCoordinates","latitude":"47.264176340396226","longitude":"11.380109057672346"},"telephone":["+43 699 19083372"],"openingHoursSpecification":[{"@type":"OpeningHoursSpecification","dayOfWeek":["Monday","Wednesday","Friday"],"opens":"14:00","closes":"18:00"},{"@type":"OpeningHoursSpecification","dayOfWeek":["Tuesday","Thursday","Saturday","Sunday"],"opens":"00:00","closes":"00:00"}],"email":"office@bolting.eu","vatID":"ATU59999728","priceRange":"$$","currenciesAccepted":"Euro"},{"@type":"PostalAddress","@id":"https:\/\/bolting.eu\/en\/shop\/austrialpin-nomad-abseilachter\/#local-main-place-address","streetAddress":"Fischnalerstra\u00dfe 4","addressLocality":"Innsbruck","postalCode":"6020","addressRegion":"Tirol","addressCountry":"AT"},{"@type":"ImageObject","inLanguage":"en-US","@id":"https:\/\/bolting.eu\/en\/shop\/austrialpin-nomad-abseilachter\/#local-main-organization-logo","url":"https:\/\/bolting.eu\/wp-content\/uploads\/2019\/09\/bolting-logo.png","contentUrl":"https:\/\/bolting.eu\/wp-content\/uploads\/2019\/09\/bolting-logo.png","width":400,"height":211,"caption":"bolting.eu"}]},"og_video":"https:\/\/www.youtube.com\/embed\/tGQ3cqF9AxE","og_video_type":"text\/html","og_video_duration":"120","og_video_width":"480","og_video_height":"270","ya_ovs_adult":"false","ya_ovs_upload_date":"2021-12-02T09:00:08+00:00","ya_ovs_allow_embed":"true","product_price_amount":"35.00","product_price_currency":"EUR","og_availability":"out of stock","product_availability":"out of stock","product_retailer_item_id":"AF10B-X-F","product_condition":"new","geo.placename":"Innsbruck","geo.position":{"lat":"47.264176340396226","long":"11.380109057672346"},"geo.region":"Austria"},"_links":{"self":[{"href":"https:\/\/bolting.eu\/en\/wp-json\/wp\/v2\/product\/10827","targetHints":{"allow":["GET"]}}],"collection":[{"href":"https:\/\/bolting.eu\/en\/wp-json\/wp\/v2\/product"}],"about":[{"href":"https:\/\/bolting.eu\/en\/wp-json\/wp\/v2\/types\/product"}],"replies":[{"embeddable":true,"href":"https:\/\/bolting.eu\/en\/wp-json\/wp\/v2\/comments?post=10827"}],"wp:featuredmedia":[{"embeddable":true,"href":"https:\/\/bolting.eu\/en\/wp-json\/wp\/v2\/media\/10828"}],"wp:attachment":[{"href":"https:\/\/bolting.eu\/en\/wp-json\/wp\/v2\/media?parent=10827"}],"wp:term":[{"taxonomy":"product_brand","embeddable":true,"href":"https:\/\/bolting.eu\/en\/wp-json\/wp\/v2\/product_brand?post=10827"},{"taxonomy":"product_cat","embeddable":true,"href":"https:\/\/bolting.eu\/en\/wp-json\/wp\/v2\/product_cat?post=10827"},{"taxonomy":"product_tag","embeddable":true,"href":"https:\/\/bolting.eu\/en\/wp-json\/wp\/v2\/product_tag?post=10827"}],"curies":[{"name":"wp","href":"https:\/\/api.w.org\/{rel}","templated":true}]}}