{"id":10817,"date":"2021-11-30T11:37:17","date_gmt":"2021-11-30T10:37:17","guid":{"rendered":"https:\/\/bolting.eu\/?post_type=product&#038;p=10817"},"modified":"2023-09-14T11:43:38","modified_gmt":"2023-09-14T09:43:38","slug":"climbing-technology-click-up","status":"publish","type":"product","link":"https:\/\/bolting.eu\/en\/shop\/climbing-technology-click-up\/","title":{"rendered":"Climbing Technology Click Up+"},"content":{"rendered":"<p>Das Climbing Technology Click Up+ ist die weiterentwickelte Form des legend\u00e4ren Sicherungsger\u00e4tes. Denn die + Version hat das sogenannte V-Proof System. Eine bewegliche Klappe auf der Oberseite welche den Einlauf-Auslaufwinkel des <a href=\"https:\/\/bolting.eu\/produkt-kategorie\/kletterausruestung\/kletterseil\/\">Kletterseils<\/a> begrenzt. Somit kann die Blockierfunktion leichter ausl\u00f6sen.<\/p>\n<p>Des weiteren wurde das Click Up+ von der Ergonomie stark verbessert sowie der Seildurchlauf f\u00fcr 8,5 &#8211; 11mm Durchmesser optimiert.<\/p>\n<p>Bei uns ist dieses Modell nur in Kombination mit dem passenden, harteloxierten Karabiner erh\u00e4ltlich. Dieser hat eine kleine Feder zum Fixieren in L\u00e4ngsrichtung.<\/p>\n<p>Fazit. Wer die sicherere Version dieses beliebten Produktes haben will, hier zuschlagen!<\/p>\n<h2>Eigenschaften Climbing Technology Click Up+<\/h2>\n<ul>\n<li>Hersteller: <a href=\"https:\/\/bolting.eu\/produkt-kategorie\/climbing-technology\/\">Climbing Technology<\/a><\/li>\n<li>Seiltyp: Einfachseile<\/li>\n<li>Durchmesser: 8,5 \u2013 11mm<\/li>\n<li>EN Norm 15151:2:2012<\/li>\n<li>Gewicht: 110 Gramm (nur Ger\u00e4t)<\/li>\n<li>erh\u00f6ht Sicherheit durch Regulierung Seil Einlauf- und Auslaufwinkel &#8220;V-Proof System&#8221;<\/li>\n<li><strong>inklusive Karabiner<\/strong> Concept SGL HC<\/li>\n<li>Farben: Blau und Orange<\/li>\n<li>speziell f\u00fcr\u00b4s Sportklettern und Kletterhalle<\/li>\n<li>vor Verwendung\u00a0<a href=\"https:\/\/www.climbingtechnology.com\/de\/outdoor-de\/sicherungs\/manuelle-bremsgerate\/click-up-plus#:~:text=Allgemeine%20Bedienungsanleitungen-,Spezifische%20Bedienungsanleitungen,-TECHNISCHES%20DATENBLATT\" target=\"_blank\" rel=\"noopener\">Bedienungsanleitung<\/a>\u00a0genau durchlesen<\/li>\n<\/ul>\n<h3>Produktvideo<\/h3>\n<p>Im folgenden Video wird euch das Click Up+ ausf\u00fchrlich vorgestellt.<\/p>\n<p><iframe loading=\"lazy\" title=\"Video tutorial Click Up+ [deutsch]\" width=\"1020\" height=\"574\" src=\"https:\/\/www.youtube.com\/embed\/KQdKINPD-W0?feature=oembed\" frameborder=\"0\" allow=\"accelerometer; autoplay; clipboard-write; encrypted-media; gyroscope; picture-in-picture; web-share\" allowfullscreen><\/iframe><\/p>\n<h3>V-Proof System<\/h3>\n<p>Was in dem Video sehr sch\u00f6n heraus kommt. Alle Halbautomaten, so eben auch das Click Up+, haben einen idealen Seil Einlauf- Auslaufwinkel. Wird dieser zu klein, besteht die Gefahr eines Versagens der automatischen Blockierfunktion. Z.B. wenn beim Hochhaben des Seiles mit der Bremshand sich die beiden Seilarme zu nahe kommen.<\/p>\n<p>Dem verschafft eben die kleine Klappe, das V-Proof System Abhilfe. Sie verhindert quasi das Ber\u00fchren der Seilarme und somit eine reine &#8220;Knicksicherung&#8221;.<\/p>\n<figure id=\"attachment_10820\" aria-describedby=\"caption-attachment-10820\" style=\"width: 400px\" class=\"wp-caption alignnone\"><a href=\"https:\/\/bolting.eu\/wp-content\/uploads\/2021\/11\/Click-up-plus-v-Profile-System.jpg\"><img loading=\"lazy\" decoding=\"async\" class=\"wp-image-10820 size-medium\" src=\"https:\/\/bolting.eu\/wp-content\/uploads\/2021\/11\/Click-up-plus-v-Profile-System-400x400.jpg\" alt=\"Das Bild zeigt die Oberseite des Climbing TEchnology Click Up+ Sicherungsger\u00e4tes mit dem V-Profile System.\" width=\"400\" height=\"400\" srcset=\"https:\/\/bolting.eu\/wp-content\/uploads\/2021\/11\/Click-up-plus-v-Profile-System-400x400.jpg 400w, https:\/\/bolting.eu\/wp-content\/uploads\/2021\/11\/Click-up-plus-v-Profile-System-100x100.jpg 100w, https:\/\/bolting.eu\/wp-content\/uploads\/2021\/11\/Click-up-plus-v-Profile-System-510x510.jpg 510w, https:\/\/bolting.eu\/wp-content\/uploads\/2021\/11\/Click-up-plus-v-Profile-System-280x280.jpg 280w, https:\/\/bolting.eu\/wp-content\/uploads\/2021\/11\/Click-up-plus-v-Profile-System-300x300.jpg 300w, https:\/\/bolting.eu\/wp-content\/uploads\/2021\/11\/Click-up-plus-v-Profile-System-600x600.jpg 600w, https:\/\/bolting.eu\/wp-content\/uploads\/2021\/11\/Click-up-plus-v-Profile-System.jpg 700w\" sizes=\"auto, (max-width: 400px) 100vw, 400px\" \/><\/a><figcaption id=\"caption-attachment-10820\" class=\"wp-caption-text\">Das V-Profile System erh\u00f6ht die Sicherheit, weil die beiden Seil-\u00c4ste nicht zu nah aneinander kommen k\u00f6nnen.<\/figcaption><\/figure>\n<h3>Climbing Technology Click Up+ f\u00fcr mehr Seildurchmesser<\/h3>\n<p>Das &#8220;+&#8221; im Upgrade des neuen Modells bezieht sich im weiteren auch auf die Seildurchmesser. Denn die neueste Version dieses Ger\u00e4tes erlaubt die Verwendung von Einfachseilen 8,5 &#8211; 11mm.<\/p>\n<p>Damit reagiert CT auf die Entwicklung hin zu immer d\u00fcnneren Seilen bzw. hin dicken Hallenseilen. Das breitere Spektrum ist ein enormer Qualit\u00e4ts-Zugewinn f\u00fcr dieses Sicherungsger\u00e4t.<\/p>\n<h3>Passenden Karabiner verwenden!<\/h3>\n<p>Das Click Up+ geh\u00f6rt zu jenen Halbautomaten, wo der passende Karabiner ganz entscheidend f\u00fcr die Bremswirkung ist. Folglich darf hier nur der konforme CT Concept SGL HC verwendet werden.<\/p>\n<p>Das ist ein kleiner HMS Karabiner der von seiner Dimension und der Form des langen Schenkels her auf dieses Ger\u00e4t abgestimmt ist.<\/p>\n<p>Nur mit diesem Karabiner Modell erzielt man die notwendige Bremswirkung zum Ausl\u00f6sen der Blockierfunktion!<\/p>\n<p>&nbsp;<\/p>\n<figure id=\"attachment_10821\" aria-describedby=\"caption-attachment-10821\" style=\"width: 400px\" class=\"wp-caption alignnone\"><a href=\"https:\/\/bolting.eu\/wp-content\/uploads\/2021\/11\/CONCEPT_SGL_HC-2C3382LSYB-fu\u0308r-Click-Up.jpg\"><img loading=\"lazy\" decoding=\"async\" class=\"wp-image-10821 size-medium\" src=\"https:\/\/bolting.eu\/wp-content\/uploads\/2021\/11\/CONCEPT_SGL_HC-2C3382LSYB-fu\u0308r-Click-Up-400x400.jpg\" alt=\"Das Bild zeigt einen braunen Sicherungskarabiner mit orangem Schraubring und kleiner Fixierfeder.\" width=\"400\" height=\"400\" srcset=\"https:\/\/bolting.eu\/wp-content\/uploads\/2021\/11\/CONCEPT_SGL_HC-2C3382LSYB-fu\u0308r-Click-Up-400x400.jpg 400w, https:\/\/bolting.eu\/wp-content\/uploads\/2021\/11\/CONCEPT_SGL_HC-2C3382LSYB-fu\u0308r-Click-Up-100x100.jpg 100w, https:\/\/bolting.eu\/wp-content\/uploads\/2021\/11\/CONCEPT_SGL_HC-2C3382LSYB-fu\u0308r-Click-Up-510x510.jpg 510w, https:\/\/bolting.eu\/wp-content\/uploads\/2021\/11\/CONCEPT_SGL_HC-2C3382LSYB-fu\u0308r-Click-Up-280x280.jpg 280w, https:\/\/bolting.eu\/wp-content\/uploads\/2021\/11\/CONCEPT_SGL_HC-2C3382LSYB-fu\u0308r-Click-Up-300x300.jpg 300w, https:\/\/bolting.eu\/wp-content\/uploads\/2021\/11\/CONCEPT_SGL_HC-2C3382LSYB-fu\u0308r-Click-Up-600x600.jpg 600w, https:\/\/bolting.eu\/wp-content\/uploads\/2021\/11\/CONCEPT_SGL_HC-2C3382LSYB-fu\u0308r-Click-Up.jpg 700w\" sizes=\"auto, (max-width: 400px) 100vw, 400px\" \/><\/a><figcaption id=\"caption-attachment-10821\" class=\"wp-caption-text\">Dieses Sicherungsger\u00e4t darf nur mit dem designierten Karabiner verwendet werden!<\/figcaption><\/figure>\n<p>&nbsp;<\/p>\n","protected":false},"excerpt":{"rendered":"<p>Das Climbing Technology Click Up+ ist die Weiterentwicklung des beliebten Sicherungsger\u00e4tes. Durch das V-Profil System ist es noch sicherer geworden.<\/p>\n<p>Zudem passen Einfachseile von 8,5 &#8211; 11mm, die Ergonomie wurde verbessert und und der Seildurchlauf optimiert. Ideal f\u00fcr Klettergarten und die Halle!<\/p>\n","protected":false},"featured_media":10819,"comment_status":"open","ping_status":"closed","template":"","meta":[],"product_brand":[],"product_cat":[29,3711,4662,14447],"product_tag":[],"class_list":{"0":"post-10817","1":"product","2":"type-product","3":"status-publish","4":"has-post-thumbnail","6":"product_cat-kletterausruestung","7":"product_cat-sicherungsgeraete-klettern","8":"product_cat-climbing-technology","9":"product_cat-abseilgeraete","11":"first","12":"instock","13":"sale","14":"taxable","15":"shipping-taxable","16":"purchasable","17":"product-type-variable"},"yoast_head":"<!-- This site is optimized with the Yoast SEO Premium plugin v26.9 (Yoast SEO v26.9) - https:\/\/yoast.com\/product\/yoast-seo-premium-wordpress\/ -->\n<title>Climbing Technology Click Up+ Sicherungsger\u00e4t online kaufen | bolting.eu<\/title>\n<meta name=\"description\" content=\"Hier findest Du das CLIMBING TECHNOLOGY CLICK UP+ Sicherungsger\u00e4t. Das neueste und sicherste Modell dieses beliebten Halbautomaten.\" \/>\n<meta name=\"robots\" content=\"index, follow, max-snippet:-1, max-image-preview:large, max-video-preview:-1\" \/>\n<link rel=\"canonical\" href=\"https:\/\/bolting.eu\/en\/shop\/climbing-technology-click-up\/\" \/>\n<meta property=\"og:locale\" content=\"en_US\" \/>\n<meta property=\"og:type\" content=\"article\" \/>\n<meta property=\"og:title\" content=\"Climbing Technology Click Up+\" \/>\n<meta property=\"og:description\" content=\"Hier findest Du das CLIMBING TECHNOLOGY CLICK UP+ Sicherungsger\u00e4t. Das neueste und sicherste Modell dieses beliebten Halbautomaten.\" \/>\n<meta property=\"og:url\" content=\"https:\/\/bolting.eu\/en\/shop\/climbing-technology-click-up\/\" \/>\n<meta property=\"og:site_name\" content=\"bolting.eu\" \/>\n<meta property=\"article:publisher\" content=\"https:\/\/www.facebook.com\/bolting.eu\" \/>\n<meta property=\"article:modified_time\" content=\"2023-09-14T09:43:38+00:00\" \/>\n<meta property=\"og:image\" content=\"https:\/\/bolting.eu\/wp-content\/uploads\/2021\/11\/CT-Click-Up-orange.jpg\" \/>\n\t<meta property=\"og:image:width\" content=\"700\" \/>\n\t<meta property=\"og:image:height\" content=\"700\" \/>\n\t<meta property=\"og:image:type\" content=\"image\/jpeg\" \/>\n<meta name=\"twitter:card\" content=\"summary_large_image\" \/>\n<meta name=\"twitter:label1\" content=\"Availability\" \/>\n\t<meta name=\"twitter:data1\" content=\"In stock\" \/>\n<script type=\"application\/ld+json\" class=\"yoast-schema-graph\">{\"@context\":\"https:\/\/schema.org\",\"@graph\":[{\"@type\":[\"WebPage\",\"ItemPage\"],\"@id\":\"https:\/\/bolting.eu\/en\/shop\/climbing-technology-click-up\/\",\"url\":\"https:\/\/bolting.eu\/en\/shop\/climbing-technology-click-up\/\",\"name\":\"Climbing Technology Click Up+ Sicherungsger\u00e4t online kaufen | bolting.eu\",\"isPartOf\":{\"@id\":\"https:\/\/bolting.eu\/en\/#website\"},\"primaryImageOfPage\":{\"@id\":\"https:\/\/bolting.eu\/en\/shop\/climbing-technology-click-up\/#primaryimage\"},\"image\":{\"@id\":\"https:\/\/bolting.eu\/en\/shop\/climbing-technology-click-up\/#primaryimage\"},\"thumbnailUrl\":\"https:\/\/bolting.eu\/wp-content\/uploads\/2021\/11\/CT-Click-Up-orange.jpg\",\"datePublished\":\"2021-11-30T10:37:17+00:00\",\"dateModified\":\"2023-09-14T09:43:38+00:00\",\"description\":\"Hier findest Du das CLIMBING TECHNOLOGY CLICK UP+ Sicherungsger\u00e4t. Das neueste und sicherste Modell dieses beliebten Halbautomaten.\",\"breadcrumb\":{\"@id\":\"https:\/\/bolting.eu\/en\/shop\/climbing-technology-click-up\/#breadcrumb\"},\"inLanguage\":\"en-US\",\"potentialAction\":[{\"@type\":\"ReadAction\",\"target\":[\"https:\/\/bolting.eu\/en\/shop\/climbing-technology-click-up\/\"]}]},{\"@type\":\"ImageObject\",\"inLanguage\":\"en-US\",\"@id\":\"https:\/\/bolting.eu\/en\/shop\/climbing-technology-click-up\/#primaryimage\",\"url\":\"https:\/\/bolting.eu\/wp-content\/uploads\/2021\/11\/CT-Click-Up-orange.jpg\",\"contentUrl\":\"https:\/\/bolting.eu\/wp-content\/uploads\/2021\/11\/CT-Click-Up-orange.jpg\",\"width\":700,\"height\":700,\"caption\":\"Das Bild zeigt ein oranges Climbing Technology Click Up+ Sicherungsger\u00e4t.\"},{\"@type\":\"BreadcrumbList\",\"@id\":\"https:\/\/bolting.eu\/en\/shop\/climbing-technology-click-up\/#breadcrumb\",\"itemListElement\":[{\"@type\":\"ListItem\",\"position\":1,\"name\":\"Shop\",\"item\":\"https:\/\/bolting.eu\/en\/shop\/\"},{\"@type\":\"ListItem\",\"position\":2,\"name\":\"climbing equipment\",\"item\":\"https:\/\/bolting.eu\/en\/produkt-kategorie\/climbing-equipment\/\"},{\"@type\":\"ListItem\",\"position\":3,\"name\":\"Sicherungsger\u00e4te Klettern\",\"item\":\"https:\/\/bolting.eu\/produkt-kategorie\/kletterausruestung\/sicherungsgeraete-klettern\/\"},{\"@type\":\"ListItem\",\"position\":4,\"name\":\"Climbing Technology Click Up+\"}]},{\"@type\":\"WebSite\",\"@id\":\"https:\/\/bolting.eu\/en\/#website\",\"url\":\"https:\/\/bolting.eu\/en\/\",\"name\":\"bolting.eu\",\"description\":\"we make climbs happen\",\"publisher\":{\"@id\":\"https:\/\/bolting.eu\/en\/#organization\"},\"potentialAction\":[{\"@type\":\"SearchAction\",\"target\":{\"@type\":\"EntryPoint\",\"urlTemplate\":\"https:\/\/bolting.eu\/en\/?s={search_term_string}\"},\"query-input\":{\"@type\":\"PropertyValueSpecification\",\"valueRequired\":true,\"valueName\":\"search_term_string\"}}],\"inLanguage\":\"en-US\"},{\"@type\":[\"Organization\",\"Place\",\"SportingGoodsStore\"],\"@id\":\"https:\/\/bolting.eu\/en\/#organization\",\"name\":\"bolting.eu\",\"url\":\"https:\/\/bolting.eu\/en\/\",\"logo\":{\"@id\":\"https:\/\/bolting.eu\/en\/shop\/climbing-technology-click-up\/#local-main-organization-logo\"},\"image\":{\"@id\":\"https:\/\/bolting.eu\/en\/shop\/climbing-technology-click-up\/#local-main-organization-logo\"},\"sameAs\":[\"https:\/\/www.facebook.com\/bolting.eu\",\"https:\/\/www.instagram.com\/bolting.eu\/\"],\"address\":{\"@id\":\"https:\/\/bolting.eu\/en\/shop\/climbing-technology-click-up\/#local-main-place-address\"},\"geo\":{\"@type\":\"GeoCoordinates\",\"latitude\":\"47.264176340396226\",\"longitude\":\"11.380109057672346\"},\"telephone\":[\"+43 699 19083372\"],\"openingHoursSpecification\":[{\"@type\":\"OpeningHoursSpecification\",\"dayOfWeek\":[\"Monday\",\"Wednesday\",\"Friday\"],\"opens\":\"14:00\",\"closes\":\"18:00\"},{\"@type\":\"OpeningHoursSpecification\",\"dayOfWeek\":[\"Tuesday\",\"Thursday\",\"Saturday\",\"Sunday\"],\"opens\":\"00:00\",\"closes\":\"00:00\"}],\"email\":\"office@bolting.eu\",\"vatID\":\"ATU59999728\",\"priceRange\":\"$$\",\"currenciesAccepted\":\"Euro\"},{\"@type\":\"PostalAddress\",\"@id\":\"https:\/\/bolting.eu\/en\/shop\/climbing-technology-click-up\/#local-main-place-address\",\"streetAddress\":\"Fischnalerstra\u00dfe 4\",\"addressLocality\":\"Innsbruck\",\"postalCode\":\"6020\",\"addressRegion\":\"Tirol\",\"addressCountry\":\"AT\"},{\"@type\":\"ImageObject\",\"inLanguage\":\"en-US\",\"@id\":\"https:\/\/bolting.eu\/en\/shop\/climbing-technology-click-up\/#local-main-organization-logo\",\"url\":\"https:\/\/bolting.eu\/wp-content\/uploads\/2019\/09\/bolting-logo.png\",\"contentUrl\":\"https:\/\/bolting.eu\/wp-content\/uploads\/2019\/09\/bolting-logo.png\",\"width\":400,\"height\":211,\"caption\":\"bolting.eu\"}]}<\/script>\n<meta property=\"og:availability\" content=\"instock\" \/>\n<meta property=\"product:availability\" content=\"instock\" \/>\n<meta property=\"product:condition\" content=\"new\" \/>\n<meta name=\"geo.placename\" content=\"Innsbruck\" \/>\n<meta name=\"geo.position\" content=\"47.264176340396226;11.380109057672346\" \/>\n<meta name=\"geo.region\" content=\"Austria\" \/>\n<!-- \/ Yoast SEO Premium plugin. -->","yoast_head_json":{"title":"Climbing Technology Click Up+ Sicherungsger\u00e4t online kaufen | bolting.eu","description":"Hier findest Du das CLIMBING TECHNOLOGY CLICK UP+ Sicherungsger\u00e4t. Das neueste und sicherste Modell dieses beliebten Halbautomaten.","robots":{"index":"index","follow":"follow","max-snippet":"max-snippet:-1","max-image-preview":"max-image-preview:large","max-video-preview":"max-video-preview:-1"},"canonical":"https:\/\/bolting.eu\/en\/shop\/climbing-technology-click-up\/","og_locale":"en_US","og_type":"article","og_title":"Climbing Technology Click Up+","og_description":"Hier findest Du das CLIMBING TECHNOLOGY CLICK UP+ Sicherungsger\u00e4t. Das neueste und sicherste Modell dieses beliebten Halbautomaten.","og_url":"https:\/\/bolting.eu\/en\/shop\/climbing-technology-click-up\/","og_site_name":"bolting.eu","article_publisher":"https:\/\/www.facebook.com\/bolting.eu","article_modified_time":"2023-09-14T09:43:38+00:00","og_image":[{"width":700,"height":700,"url":"https:\/\/bolting.eu\/wp-content\/uploads\/2021\/11\/CT-Click-Up-orange.jpg","type":"image\/jpeg"}],"twitter_card":"summary_large_image","twitter_misc":{"Availability":"In stock"},"schema":{"@context":"https:\/\/schema.org","@graph":[{"@type":["WebPage","ItemPage"],"@id":"https:\/\/bolting.eu\/en\/shop\/climbing-technology-click-up\/","url":"https:\/\/bolting.eu\/en\/shop\/climbing-technology-click-up\/","name":"Climbing Technology Click Up+ Sicherungsger\u00e4t online kaufen | bolting.eu","isPartOf":{"@id":"https:\/\/bolting.eu\/en\/#website"},"primaryImageOfPage":{"@id":"https:\/\/bolting.eu\/en\/shop\/climbing-technology-click-up\/#primaryimage"},"image":{"@id":"https:\/\/bolting.eu\/en\/shop\/climbing-technology-click-up\/#primaryimage"},"thumbnailUrl":"https:\/\/bolting.eu\/wp-content\/uploads\/2021\/11\/CT-Click-Up-orange.jpg","datePublished":"2021-11-30T10:37:17+00:00","dateModified":"2023-09-14T09:43:38+00:00","description":"Hier findest Du das CLIMBING TECHNOLOGY CLICK UP+ Sicherungsger\u00e4t. Das neueste und sicherste Modell dieses beliebten Halbautomaten.","breadcrumb":{"@id":"https:\/\/bolting.eu\/en\/shop\/climbing-technology-click-up\/#breadcrumb"},"inLanguage":"en-US","potentialAction":[{"@type":"ReadAction","target":["https:\/\/bolting.eu\/en\/shop\/climbing-technology-click-up\/"]}]},{"@type":"ImageObject","inLanguage":"en-US","@id":"https:\/\/bolting.eu\/en\/shop\/climbing-technology-click-up\/#primaryimage","url":"https:\/\/bolting.eu\/wp-content\/uploads\/2021\/11\/CT-Click-Up-orange.jpg","contentUrl":"https:\/\/bolting.eu\/wp-content\/uploads\/2021\/11\/CT-Click-Up-orange.jpg","width":700,"height":700,"caption":"Das Bild zeigt ein oranges Climbing Technology Click Up+ Sicherungsger\u00e4t."},{"@type":"BreadcrumbList","@id":"https:\/\/bolting.eu\/en\/shop\/climbing-technology-click-up\/#breadcrumb","itemListElement":[{"@type":"ListItem","position":1,"name":"Shop","item":"https:\/\/bolting.eu\/en\/shop\/"},{"@type":"ListItem","position":2,"name":"climbing equipment","item":"https:\/\/bolting.eu\/en\/produkt-kategorie\/climbing-equipment\/"},{"@type":"ListItem","position":3,"name":"Sicherungsger\u00e4te Klettern","item":"https:\/\/bolting.eu\/produkt-kategorie\/kletterausruestung\/sicherungsgeraete-klettern\/"},{"@type":"ListItem","position":4,"name":"Climbing Technology Click Up+"}]},{"@type":"WebSite","@id":"https:\/\/bolting.eu\/en\/#website","url":"https:\/\/bolting.eu\/en\/","name":"bolting.eu","description":"we make climbs happen","publisher":{"@id":"https:\/\/bolting.eu\/en\/#organization"},"potentialAction":[{"@type":"SearchAction","target":{"@type":"EntryPoint","urlTemplate":"https:\/\/bolting.eu\/en\/?s={search_term_string}"},"query-input":{"@type":"PropertyValueSpecification","valueRequired":true,"valueName":"search_term_string"}}],"inLanguage":"en-US"},{"@type":["Organization","Place","SportingGoodsStore"],"@id":"https:\/\/bolting.eu\/en\/#organization","name":"bolting.eu","url":"https:\/\/bolting.eu\/en\/","logo":{"@id":"https:\/\/bolting.eu\/en\/shop\/climbing-technology-click-up\/#local-main-organization-logo"},"image":{"@id":"https:\/\/bolting.eu\/en\/shop\/climbing-technology-click-up\/#local-main-organization-logo"},"sameAs":["https:\/\/www.facebook.com\/bolting.eu","https:\/\/www.instagram.com\/bolting.eu\/"],"address":{"@id":"https:\/\/bolting.eu\/en\/shop\/climbing-technology-click-up\/#local-main-place-address"},"geo":{"@type":"GeoCoordinates","latitude":"47.264176340396226","longitude":"11.380109057672346"},"telephone":["+43 699 19083372"],"openingHoursSpecification":[{"@type":"OpeningHoursSpecification","dayOfWeek":["Monday","Wednesday","Friday"],"opens":"14:00","closes":"18:00"},{"@type":"OpeningHoursSpecification","dayOfWeek":["Tuesday","Thursday","Saturday","Sunday"],"opens":"00:00","closes":"00:00"}],"email":"office@bolting.eu","vatID":"ATU59999728","priceRange":"$$","currenciesAccepted":"Euro"},{"@type":"PostalAddress","@id":"https:\/\/bolting.eu\/en\/shop\/climbing-technology-click-up\/#local-main-place-address","streetAddress":"Fischnalerstra\u00dfe 4","addressLocality":"Innsbruck","postalCode":"6020","addressRegion":"Tirol","addressCountry":"AT"},{"@type":"ImageObject","inLanguage":"en-US","@id":"https:\/\/bolting.eu\/en\/shop\/climbing-technology-click-up\/#local-main-organization-logo","url":"https:\/\/bolting.eu\/wp-content\/uploads\/2019\/09\/bolting-logo.png","contentUrl":"https:\/\/bolting.eu\/wp-content\/uploads\/2019\/09\/bolting-logo.png","width":400,"height":211,"caption":"bolting.eu"}]},"og_availability":"instock","product_availability":"instock","product_condition":"new","geo.placename":"Innsbruck","geo.position":{"lat":"47.264176340396226","long":"11.380109057672346"},"geo.region":"Austria"},"_links":{"self":[{"href":"https:\/\/bolting.eu\/en\/wp-json\/wp\/v2\/product\/10817","targetHints":{"allow":["GET"]}}],"collection":[{"href":"https:\/\/bolting.eu\/en\/wp-json\/wp\/v2\/product"}],"about":[{"href":"https:\/\/bolting.eu\/en\/wp-json\/wp\/v2\/types\/product"}],"replies":[{"embeddable":true,"href":"https:\/\/bolting.eu\/en\/wp-json\/wp\/v2\/comments?post=10817"}],"wp:featuredmedia":[{"embeddable":true,"href":"https:\/\/bolting.eu\/en\/wp-json\/wp\/v2\/media\/10819"}],"wp:attachment":[{"href":"https:\/\/bolting.eu\/en\/wp-json\/wp\/v2\/media?parent=10817"}],"wp:term":[{"taxonomy":"product_brand","embeddable":true,"href":"https:\/\/bolting.eu\/en\/wp-json\/wp\/v2\/product_brand?post=10817"},{"taxonomy":"product_cat","embeddable":true,"href":"https:\/\/bolting.eu\/en\/wp-json\/wp\/v2\/product_cat?post=10817"},{"taxonomy":"product_tag","embeddable":true,"href":"https:\/\/bolting.eu\/en\/wp-json\/wp\/v2\/product_tag?post=10817"}],"curies":[{"name":"wp","href":"https:\/\/api.w.org\/{rel}","templated":true}]}}