{"id":10808,"date":"2021-11-30T09:26:24","date_gmt":"2021-11-30T08:26:24","guid":{"rendered":"https:\/\/bolting.eu\/?post_type=product&#038;p=10808"},"modified":"2026-03-04T19:42:24","modified_gmt":"2026-03-04T18:42:24","slug":"camp-matik","status":"publish","type":"product","link":"https:\/\/bolting.eu\/en\/shop\/camp-matik\/","title":{"rendered":"Camp Matik"},"content":{"rendered":"<p>Das Camp Matik ist ein halbautomatisches <a href=\"https:\/\/bolting.eu\/produkt-kategorie\/kletterausruestung\/sicherungsgeraete-klettern\/\">Sicherungsger\u00e4t<\/a>. D.h. es verriegelt automatisch, wenn die Bremshand das Seil fixiert.<\/p>\n<p>Was das Matik vom Marktf\u00fchrer <a href=\"https:\/\/bolting.eu\/shop\/petzl-grigri-2\/\">GriGri 2<\/a> bzw. <a href=\"https:\/\/bolting.eu\/shop\/petzl-grigri-plus\/\">GriGri +<\/a> unterscheidet sind, haupts\u00e4chlich zwei Dinge.<\/p>\n<p>Zum einen kann man das Seil bei langsamen Ausgeben etwas fl\u00fcssiger durchziehen, ohne eine bestimmte Sicherungsmethode verwenden zu m\u00fcssen.<\/p>\n<p>Und zum anderen erlaubt das Matik ein wenig Schlupf. D.h. das Ger\u00e4t macht nich &#8220;abrupt&#8221; zu und kreiert somit einen sehr harten Fangsto\u00df. Es l\u00e4sst etwas Seil durchlaufen und mindert somit die Fallenergie.<\/p>\n<p>Kurzum. Wer ein weicher sicherndes Ger\u00e4t f\u00fcr Einfachseile sucht, der ist hier richtig!<\/p>\n<h2>Eigenschaften Camp Matik<\/h2>\n<ul>\n<li>Hersteller: Camp-Cassin<\/li>\n<li>halbautomatisches Sicherungsger\u00e4t<\/li>\n<li>f\u00fcr Einfachseile 8,6 &#8211; 10,2mm (ideal 8,6 &#8211; 9,6mm)<\/li>\n<li>geringerer Fangsto\u00df durch bewussten &#8220;Schlupf&#8221;<\/li>\n<li>leichtes Durchziehen beim langsamen Seilausgeben<\/li>\n<li>Abseilhebel mit Anti -Panik Funktion<\/li>\n<li>kann nicht offen gelassen werden!<\/li>\n<li>gro\u00dfe \u00d6se um <a href=\"https:\/\/bolting.eu\/produkt-kategorie\/kletterausruestung\/kletterkarabiner\/sicherungskarabiner\/\">Sicherungskarabiner<\/a> drehen zu k\u00f6nnen<\/li>\n<li>Seitenteile aus Alu, Bremsnocken aus Edelstahl<\/li>\n<li><a href=\"https:\/\/www.camp.it\/prodotti3.aspx?CAT=73&amp;CDV=12&amp;ART=~856#:~:text=Download%20der%20technischen%20Anleitung\" target=\"_blank\" rel=\"noopener\">Bedienungsanleitung<\/a><\/li>\n<\/ul>\n<h3>Produktvideo<\/h3>\n<p>Im Folgenden wird das Sicherungsger\u00e4t in einem Video ausf\u00fchrlich vorgestellt.<\/p>\n<p><iframe loading=\"lazy\" title=\"C.A.M.P. Matik [DEU]\" width=\"1020\" height=\"574\" src=\"https:\/\/www.youtube.com\/embed\/MIZLCKkHRvU?feature=oembed\" frameborder=\"0\" allow=\"accelerometer; autoplay; clipboard-write; encrypted-media; gyroscope; picture-in-picture; web-share\" referrerpolicy=\"strict-origin-when-cross-origin\" allowfullscreen><\/iframe><\/p>\n<h3>St\u00e4rken des Camp Matik<\/h3>\n<p>Dieses Sicherungsger\u00e4t hat seine St\u00e4rken eindeutig beim weichen Fangsto\u00df sowie beim Handling. D.h. erstens ist es eine sehr gute Wahl wenn man gerne weich sichert bzw. weich st\u00fcrzt.<\/p>\n<p>Entgegen anderen Halbautomaten ist der &#8220;Schlupf&#8221; durch den geringeren Fangsto\u00df tats\u00e4chlich sp\u00fcrbar. Beachtet das folgend Diagramm, wo man den Schlupf super erkennen kann. Die einwirkende Kraft auf die Express bzw. das Seil nimmt nach dem Maximalwert sofort um ca. 2kN ab. Das ist der besagte &#8220;Schlupf&#8221;.<\/p>\n<figure id=\"attachment_10814\" aria-describedby=\"caption-attachment-10814\" style=\"width: 400px\" class=\"wp-caption alignnone\"><a href=\"https:\/\/bolting.eu\/wp-content\/uploads\/2021\/11\/Schlupf-Diagramm-Camp-Matik.jpg\"><img loading=\"lazy\" decoding=\"async\" class=\"wp-image-10814 size-medium\" src=\"https:\/\/bolting.eu\/wp-content\/uploads\/2021\/11\/Schlupf-Diagramm-Camp-Matik-400x400.jpg\" alt=\"Das Bild zeigt ein Diagramm mit der einwirkenden Kraft auf eine Express. Man sieht das Diagramm, Farbbalken und schematisch ein Sicherungsger\u00e4t.\" width=\"400\" height=\"400\" srcset=\"https:\/\/bolting.eu\/wp-content\/uploads\/2021\/11\/Schlupf-Diagramm-Camp-Matik-400x400.jpg 400w, https:\/\/bolting.eu\/wp-content\/uploads\/2021\/11\/Schlupf-Diagramm-Camp-Matik-100x100.jpg 100w, https:\/\/bolting.eu\/wp-content\/uploads\/2021\/11\/Schlupf-Diagramm-Camp-Matik-510x510.jpg 510w, https:\/\/bolting.eu\/wp-content\/uploads\/2021\/11\/Schlupf-Diagramm-Camp-Matik-280x280.jpg 280w, https:\/\/bolting.eu\/wp-content\/uploads\/2021\/11\/Schlupf-Diagramm-Camp-Matik-300x300.jpg 300w, https:\/\/bolting.eu\/wp-content\/uploads\/2021\/11\/Schlupf-Diagramm-Camp-Matik-600x600.jpg 600w, https:\/\/bolting.eu\/wp-content\/uploads\/2021\/11\/Schlupf-Diagramm-Camp-Matik.jpg 700w\" sizes=\"auto, (max-width: 400px) 100vw, 400px\" \/><\/a><figcaption id=\"caption-attachment-10814\" class=\"wp-caption-text\">Beachtet die sofortige Abnahme nach dem Spitzenwert, das Matik verringert den Fangsto\u00df um fast 2kN!<\/figcaption><\/figure>\n<p>Zweitens ist das Matik auch eine lohnende Alternative f\u00fcr alle, die mit dem Handling eines GriGri nicht zurecht kommen. Denn vor allem das langsame Seilausgeben funktioniert hier ohne eine eigens zu lernende Methode.<\/p>\n<h3>Sicher Abseilen<\/h3>\n<p>Mit diesem Sicherungsger\u00e4t gestaltet sich das Abseilen als eine safe Sache. Denn das Camp Matik hat eine Anti-Funktion!<\/p>\n<p>D.h. man kann den Ablasshebel nicht unabsichtlich durchdr\u00fccken und abst\u00fcrzen. Wer panikartig am Hebel zieht, dr\u00fcckt diesen einfach ins Leere.<\/p>\n<p>Eine feine Sache, besonders f\u00fcr Anf\u00e4nger. Und wenn man mit Einfachseilen im alpinen unterwegs ist oder bei Big Walls.<\/p>\n<figure id=\"attachment_10815\" aria-describedby=\"caption-attachment-10815\" style=\"width: 400px\" class=\"wp-caption alignnone\"><a href=\"https:\/\/bolting.eu\/wp-content\/uploads\/2021\/11\/Camp-MAtik-Ablasshebel-Modi.jpg\"><img loading=\"lazy\" decoding=\"async\" class=\"wp-image-10815 size-medium\" src=\"https:\/\/bolting.eu\/wp-content\/uploads\/2021\/11\/Camp-MAtik-Ablasshebel-Modi-400x400.jpg\" alt=\"Das Bild zeigt eine schematische Darstellung des Camp Matik mit den Widerstandsbereichen des Ablasshebels.\" width=\"400\" height=\"400\" srcset=\"https:\/\/bolting.eu\/wp-content\/uploads\/2021\/11\/Camp-MAtik-Ablasshebel-Modi-400x400.jpg 400w, https:\/\/bolting.eu\/wp-content\/uploads\/2021\/11\/Camp-MAtik-Ablasshebel-Modi-100x100.jpg 100w, https:\/\/bolting.eu\/wp-content\/uploads\/2021\/11\/Camp-MAtik-Ablasshebel-Modi-510x510.jpg 510w, https:\/\/bolting.eu\/wp-content\/uploads\/2021\/11\/Camp-MAtik-Ablasshebel-Modi-280x280.jpg 280w, https:\/\/bolting.eu\/wp-content\/uploads\/2021\/11\/Camp-MAtik-Ablasshebel-Modi-300x300.jpg 300w, https:\/\/bolting.eu\/wp-content\/uploads\/2021\/11\/Camp-MAtik-Ablasshebel-Modi-600x600.jpg 600w, https:\/\/bolting.eu\/wp-content\/uploads\/2021\/11\/Camp-MAtik-Ablasshebel-Modi.jpg 700w\" sizes=\"auto, (max-width: 400px) 100vw, 400px\" \/><\/a><figcaption id=\"caption-attachment-10815\" class=\"wp-caption-text\">Die Widerstandsbereiche des Ablasshebels, beachtet den Bereich wo der Hebel &#8220;leer&#8221; durchl\u00e4uft wenn zu fest gedr\u00fcckt wird!<\/figcaption><\/figure>\n<p>&nbsp;<\/p>\n","protected":false},"excerpt":{"rendered":"<p>Das Camp Matik ist ein weich sichernder Halbautomat f\u00fcr 8,6-10.2mm Seinfachseile. Denn das Ger\u00e4t erlaubt etwas &#8220;Schlupf&#8221; beim Kletterseil. Beim Abseilen bietet die Anti-Panik Funktion erh\u00f6hte Sicherheit.<\/p>\n","protected":false},"featured_media":10812,"comment_status":"open","ping_status":"closed","template":"","meta":[],"product_brand":[],"product_cat":[14447,29,3711,4653],"product_tag":[],"class_list":{"0":"post-10808","1":"product","2":"type-product","3":"status-publish","4":"has-post-thumbnail","6":"product_cat-abseilgeraete","7":"product_cat-kletterausruestung","8":"product_cat-sicherungsgeraete-klettern","9":"product_cat-camp-cassin","11":"first","12":"instock","13":"sale","14":"taxable","15":"shipping-taxable","16":"purchasable","17":"product-type-simple"},"yoast_head":"<!-- This site is optimized with the Yoast SEO Premium plugin v26.9 (Yoast SEO v26.9) - https:\/\/yoast.com\/product\/yoast-seo-premium-wordpress\/ -->\n<title>Camp Matik - Halbautomat f\u00fcr Einfachseile online kaufen| bolting.eu<\/title>\n<meta name=\"description\" content=\"Hier findest Du das CAMP MATIK. Einen Halbautomat inkl. Anti-Panik Funktion zum weichen Sichern mit 8,6 - 10,2mm Einfachseilen.\" \/>\n<meta name=\"robots\" content=\"index, follow, max-snippet:-1, max-image-preview:large, max-video-preview:-1\" \/>\n<link rel=\"canonical\" href=\"https:\/\/bolting.eu\/en\/shop\/camp-matik\/\" \/>\n<meta property=\"og:locale\" content=\"en_US\" \/>\n<meta property=\"og:type\" content=\"article\" \/>\n<meta property=\"og:title\" content=\"Camp Matik\" \/>\n<meta property=\"og:description\" content=\"Hier findest Du das CAMP MATIK. Einen Halbautomat inkl. Anti-Panik Funktion zum weichen Sichern mit 8,6 - 10,2mm Einfachseilen.\" \/>\n<meta property=\"og:url\" content=\"https:\/\/bolting.eu\/en\/shop\/camp-matik\/\" \/>\n<meta property=\"og:site_name\" content=\"bolting.eu\" \/>\n<meta property=\"article:publisher\" content=\"https:\/\/www.facebook.com\/bolting.eu\" \/>\n<meta property=\"article:modified_time\" content=\"2026-03-04T18:42:24+00:00\" \/>\n<meta property=\"og:image\" content=\"https:\/\/bolting.eu\/wp-content\/uploads\/2021\/11\/Camp-Matik-1.jpg\" \/>\n\t<meta property=\"og:image:width\" content=\"700\" \/>\n\t<meta property=\"og:image:height\" content=\"700\" \/>\n\t<meta property=\"og:image:type\" content=\"image\/jpeg\" \/>\n<meta name=\"twitter:card\" content=\"summary_large_image\" \/>\n<meta name=\"twitter:label1\" content=\"Price\" \/>\n\t<meta name=\"twitter:data1\" content=\"&euro;&nbsp;118,75\" \/>\n\t<meta name=\"twitter:label2\" content=\"Availability\" \/>\n\t<meta name=\"twitter:data2\" content=\"In stock\" \/>\n<script type=\"application\/ld+json\" class=\"yoast-schema-graph\">{\"@context\":\"https:\/\/schema.org\",\"@graph\":[{\"@type\":[\"WebPage\",\"ItemPage\"],\"@id\":\"https:\/\/bolting.eu\/en\/shop\/camp-matik\/\",\"url\":\"https:\/\/bolting.eu\/en\/shop\/camp-matik\/\",\"name\":\"Camp Matik - Halbautomat f\u00fcr Einfachseile online kaufen| bolting.eu\",\"isPartOf\":{\"@id\":\"https:\/\/bolting.eu\/en\/#website\"},\"primaryImageOfPage\":{\"@id\":\"https:\/\/bolting.eu\/en\/shop\/camp-matik\/#primaryimage\"},\"image\":{\"@id\":\"https:\/\/bolting.eu\/en\/shop\/camp-matik\/#primaryimage\"},\"thumbnailUrl\":\"https:\/\/bolting.eu\/wp-content\/uploads\/2021\/11\/Camp-Matik-1.jpg\",\"datePublished\":\"2021-11-30T08:26:24+00:00\",\"dateModified\":\"2026-03-04T18:42:24+00:00\",\"description\":\"Hier findest Du das CAMP MATIK. Einen Halbautomat inkl. Anti-Panik Funktion zum weichen Sichern mit 8,6 - 10,2mm Einfachseilen.\",\"breadcrumb\":{\"@id\":\"https:\/\/bolting.eu\/en\/shop\/camp-matik\/#breadcrumb\"},\"inLanguage\":\"en-US\",\"potentialAction\":[{\"@type\":\"ReadAction\",\"target\":[\"https:\/\/bolting.eu\/en\/shop\/camp-matik\/\"]}]},{\"@type\":\"ImageObject\",\"inLanguage\":\"en-US\",\"@id\":\"https:\/\/bolting.eu\/en\/shop\/camp-matik\/#primaryimage\",\"url\":\"https:\/\/bolting.eu\/wp-content\/uploads\/2021\/11\/Camp-Matik-1.jpg\",\"contentUrl\":\"https:\/\/bolting.eu\/wp-content\/uploads\/2021\/11\/Camp-Matik-1.jpg\",\"width\":700,\"height\":700,\"caption\":\"Das Bild zeigt ein blaues Camp Matik Sicherungsger\u00e4t von der Seite.\"},{\"@type\":\"BreadcrumbList\",\"@id\":\"https:\/\/bolting.eu\/en\/shop\/camp-matik\/#breadcrumb\",\"itemListElement\":[{\"@type\":\"ListItem\",\"position\":1,\"name\":\"Shop\",\"item\":\"https:\/\/bolting.eu\/en\/shop\/\"},{\"@type\":\"ListItem\",\"position\":2,\"name\":\"climbing equipment\",\"item\":\"https:\/\/bolting.eu\/en\/produkt-kategorie\/climbing-equipment\/\"},{\"@type\":\"ListItem\",\"position\":3,\"name\":\"Sicherungsger\u00e4te Klettern\",\"item\":\"https:\/\/bolting.eu\/produkt-kategorie\/kletterausruestung\/sicherungsgeraete-klettern\/\"},{\"@type\":\"ListItem\",\"position\":4,\"name\":\"Camp Matik\"}]},{\"@type\":\"WebSite\",\"@id\":\"https:\/\/bolting.eu\/en\/#website\",\"url\":\"https:\/\/bolting.eu\/en\/\",\"name\":\"bolting.eu\",\"description\":\"we make climbs happen\",\"publisher\":{\"@id\":\"https:\/\/bolting.eu\/en\/#organization\"},\"potentialAction\":[{\"@type\":\"SearchAction\",\"target\":{\"@type\":\"EntryPoint\",\"urlTemplate\":\"https:\/\/bolting.eu\/en\/?s={search_term_string}\"},\"query-input\":{\"@type\":\"PropertyValueSpecification\",\"valueRequired\":true,\"valueName\":\"search_term_string\"}}],\"inLanguage\":\"en-US\"},{\"@type\":[\"Organization\",\"Place\",\"SportingGoodsStore\"],\"@id\":\"https:\/\/bolting.eu\/en\/#organization\",\"name\":\"bolting.eu\",\"url\":\"https:\/\/bolting.eu\/en\/\",\"logo\":{\"@id\":\"https:\/\/bolting.eu\/en\/shop\/camp-matik\/#local-main-organization-logo\"},\"image\":{\"@id\":\"https:\/\/bolting.eu\/en\/shop\/camp-matik\/#local-main-organization-logo\"},\"sameAs\":[\"https:\/\/www.facebook.com\/bolting.eu\",\"https:\/\/www.instagram.com\/bolting.eu\/\"],\"address\":{\"@id\":\"https:\/\/bolting.eu\/en\/shop\/camp-matik\/#local-main-place-address\"},\"geo\":{\"@type\":\"GeoCoordinates\",\"latitude\":\"47.264176340396226\",\"longitude\":\"11.380109057672346\"},\"telephone\":[\"+43 699 19083372\"],\"openingHoursSpecification\":[{\"@type\":\"OpeningHoursSpecification\",\"dayOfWeek\":[\"Monday\",\"Wednesday\",\"Friday\"],\"opens\":\"14:00\",\"closes\":\"18:00\"},{\"@type\":\"OpeningHoursSpecification\",\"dayOfWeek\":[\"Tuesday\",\"Thursday\",\"Saturday\",\"Sunday\"],\"opens\":\"00:00\",\"closes\":\"00:00\"}],\"email\":\"office@bolting.eu\",\"vatID\":\"ATU59999728\",\"priceRange\":\"$$\",\"currenciesAccepted\":\"Euro\"},{\"@type\":\"PostalAddress\",\"@id\":\"https:\/\/bolting.eu\/en\/shop\/camp-matik\/#local-main-place-address\",\"streetAddress\":\"Fischnalerstra\u00dfe 4\",\"addressLocality\":\"Innsbruck\",\"postalCode\":\"6020\",\"addressRegion\":\"Tirol\",\"addressCountry\":\"AT\"},{\"@type\":\"ImageObject\",\"inLanguage\":\"en-US\",\"@id\":\"https:\/\/bolting.eu\/en\/shop\/camp-matik\/#local-main-organization-logo\",\"url\":\"https:\/\/bolting.eu\/wp-content\/uploads\/2019\/09\/bolting-logo.png\",\"contentUrl\":\"https:\/\/bolting.eu\/wp-content\/uploads\/2019\/09\/bolting-logo.png\",\"width\":400,\"height\":211,\"caption\":\"bolting.eu\"}]}<\/script>\n<meta property=\"og:video\" content=\"https:\/\/www.youtube.com\/embed\/MIZLCKkHRvU\" \/>\n<meta property=\"og:video:type\" content=\"text\/html\" \/>\n<meta property=\"og:video:duration\" content=\"408\" \/>\n<meta property=\"og:video:width\" content=\"480\" \/>\n<meta property=\"og:video:height\" content=\"270\" \/>\n<meta property=\"ya:ovs:adult\" content=\"false\" \/>\n<meta property=\"ya:ovs:upload_date\" content=\"2021-11-30T08:26:24+00:00\" \/>\n<meta property=\"ya:ovs:allow_embed\" content=\"true\" \/>\n<meta property=\"product:price:amount\" content=\"118.75\" \/>\n<meta property=\"product:price:currency\" content=\"EUR\" \/>\n<meta property=\"og:availability\" content=\"instock\" \/>\n<meta property=\"product:availability\" content=\"instock\" \/>\n<meta property=\"product:retailer_item_id\" content=\"1041\" \/>\n<meta property=\"product:condition\" content=\"new\" \/>\n<meta name=\"geo.placename\" content=\"Innsbruck\" \/>\n<meta name=\"geo.position\" content=\"47.264176340396226;11.380109057672346\" \/>\n<meta name=\"geo.region\" content=\"Austria\" \/>\n<!-- \/ Yoast SEO Premium plugin. -->","yoast_head_json":{"title":"Camp Matik - Halbautomat f\u00fcr Einfachseile online kaufen| bolting.eu","description":"Hier findest Du das CAMP MATIK. Einen Halbautomat inkl. Anti-Panik Funktion zum weichen Sichern mit 8,6 - 10,2mm Einfachseilen.","robots":{"index":"index","follow":"follow","max-snippet":"max-snippet:-1","max-image-preview":"max-image-preview:large","max-video-preview":"max-video-preview:-1"},"canonical":"https:\/\/bolting.eu\/en\/shop\/camp-matik\/","og_locale":"en_US","og_type":"article","og_title":"Camp Matik","og_description":"Hier findest Du das CAMP MATIK. Einen Halbautomat inkl. Anti-Panik Funktion zum weichen Sichern mit 8,6 - 10,2mm Einfachseilen.","og_url":"https:\/\/bolting.eu\/en\/shop\/camp-matik\/","og_site_name":"bolting.eu","article_publisher":"https:\/\/www.facebook.com\/bolting.eu","article_modified_time":"2026-03-04T18:42:24+00:00","og_image":[{"width":700,"height":700,"url":"https:\/\/bolting.eu\/wp-content\/uploads\/2021\/11\/Camp-Matik-1.jpg","type":"image\/jpeg"}],"twitter_card":"summary_large_image","twitter_misc":{"Price":"&euro;&nbsp;118,75","Availability":"In stock"},"schema":{"@context":"https:\/\/schema.org","@graph":[{"@type":["WebPage","ItemPage"],"@id":"https:\/\/bolting.eu\/en\/shop\/camp-matik\/","url":"https:\/\/bolting.eu\/en\/shop\/camp-matik\/","name":"Camp Matik - Halbautomat f\u00fcr Einfachseile online kaufen| bolting.eu","isPartOf":{"@id":"https:\/\/bolting.eu\/en\/#website"},"primaryImageOfPage":{"@id":"https:\/\/bolting.eu\/en\/shop\/camp-matik\/#primaryimage"},"image":{"@id":"https:\/\/bolting.eu\/en\/shop\/camp-matik\/#primaryimage"},"thumbnailUrl":"https:\/\/bolting.eu\/wp-content\/uploads\/2021\/11\/Camp-Matik-1.jpg","datePublished":"2021-11-30T08:26:24+00:00","dateModified":"2026-03-04T18:42:24+00:00","description":"Hier findest Du das CAMP MATIK. Einen Halbautomat inkl. Anti-Panik Funktion zum weichen Sichern mit 8,6 - 10,2mm Einfachseilen.","breadcrumb":{"@id":"https:\/\/bolting.eu\/en\/shop\/camp-matik\/#breadcrumb"},"inLanguage":"en-US","potentialAction":[{"@type":"ReadAction","target":["https:\/\/bolting.eu\/en\/shop\/camp-matik\/"]}]},{"@type":"ImageObject","inLanguage":"en-US","@id":"https:\/\/bolting.eu\/en\/shop\/camp-matik\/#primaryimage","url":"https:\/\/bolting.eu\/wp-content\/uploads\/2021\/11\/Camp-Matik-1.jpg","contentUrl":"https:\/\/bolting.eu\/wp-content\/uploads\/2021\/11\/Camp-Matik-1.jpg","width":700,"height":700,"caption":"Das Bild zeigt ein blaues Camp Matik Sicherungsger\u00e4t von der Seite."},{"@type":"BreadcrumbList","@id":"https:\/\/bolting.eu\/en\/shop\/camp-matik\/#breadcrumb","itemListElement":[{"@type":"ListItem","position":1,"name":"Shop","item":"https:\/\/bolting.eu\/en\/shop\/"},{"@type":"ListItem","position":2,"name":"climbing equipment","item":"https:\/\/bolting.eu\/en\/produkt-kategorie\/climbing-equipment\/"},{"@type":"ListItem","position":3,"name":"Sicherungsger\u00e4te Klettern","item":"https:\/\/bolting.eu\/produkt-kategorie\/kletterausruestung\/sicherungsgeraete-klettern\/"},{"@type":"ListItem","position":4,"name":"Camp Matik"}]},{"@type":"WebSite","@id":"https:\/\/bolting.eu\/en\/#website","url":"https:\/\/bolting.eu\/en\/","name":"bolting.eu","description":"we make climbs happen","publisher":{"@id":"https:\/\/bolting.eu\/en\/#organization"},"potentialAction":[{"@type":"SearchAction","target":{"@type":"EntryPoint","urlTemplate":"https:\/\/bolting.eu\/en\/?s={search_term_string}"},"query-input":{"@type":"PropertyValueSpecification","valueRequired":true,"valueName":"search_term_string"}}],"inLanguage":"en-US"},{"@type":["Organization","Place","SportingGoodsStore"],"@id":"https:\/\/bolting.eu\/en\/#organization","name":"bolting.eu","url":"https:\/\/bolting.eu\/en\/","logo":{"@id":"https:\/\/bolting.eu\/en\/shop\/camp-matik\/#local-main-organization-logo"},"image":{"@id":"https:\/\/bolting.eu\/en\/shop\/camp-matik\/#local-main-organization-logo"},"sameAs":["https:\/\/www.facebook.com\/bolting.eu","https:\/\/www.instagram.com\/bolting.eu\/"],"address":{"@id":"https:\/\/bolting.eu\/en\/shop\/camp-matik\/#local-main-place-address"},"geo":{"@type":"GeoCoordinates","latitude":"47.264176340396226","longitude":"11.380109057672346"},"telephone":["+43 699 19083372"],"openingHoursSpecification":[{"@type":"OpeningHoursSpecification","dayOfWeek":["Monday","Wednesday","Friday"],"opens":"14:00","closes":"18:00"},{"@type":"OpeningHoursSpecification","dayOfWeek":["Tuesday","Thursday","Saturday","Sunday"],"opens":"00:00","closes":"00:00"}],"email":"office@bolting.eu","vatID":"ATU59999728","priceRange":"$$","currenciesAccepted":"Euro"},{"@type":"PostalAddress","@id":"https:\/\/bolting.eu\/en\/shop\/camp-matik\/#local-main-place-address","streetAddress":"Fischnalerstra\u00dfe 4","addressLocality":"Innsbruck","postalCode":"6020","addressRegion":"Tirol","addressCountry":"AT"},{"@type":"ImageObject","inLanguage":"en-US","@id":"https:\/\/bolting.eu\/en\/shop\/camp-matik\/#local-main-organization-logo","url":"https:\/\/bolting.eu\/wp-content\/uploads\/2019\/09\/bolting-logo.png","contentUrl":"https:\/\/bolting.eu\/wp-content\/uploads\/2019\/09\/bolting-logo.png","width":400,"height":211,"caption":"bolting.eu"}]},"og_video":"https:\/\/www.youtube.com\/embed\/MIZLCKkHRvU","og_video_type":"text\/html","og_video_duration":"408","og_video_width":"480","og_video_height":"270","ya_ovs_adult":"false","ya_ovs_upload_date":"2021-11-30T08:26:24+00:00","ya_ovs_allow_embed":"true","product_price_amount":"118.75","product_price_currency":"EUR","og_availability":"instock","product_availability":"instock","product_retailer_item_id":"1041","product_condition":"new","geo.placename":"Innsbruck","geo.position":{"lat":"47.264176340396226","long":"11.380109057672346"},"geo.region":"Austria"},"_links":{"self":[{"href":"https:\/\/bolting.eu\/en\/wp-json\/wp\/v2\/product\/10808","targetHints":{"allow":["GET"]}}],"collection":[{"href":"https:\/\/bolting.eu\/en\/wp-json\/wp\/v2\/product"}],"about":[{"href":"https:\/\/bolting.eu\/en\/wp-json\/wp\/v2\/types\/product"}],"replies":[{"embeddable":true,"href":"https:\/\/bolting.eu\/en\/wp-json\/wp\/v2\/comments?post=10808"}],"wp:featuredmedia":[{"embeddable":true,"href":"https:\/\/bolting.eu\/en\/wp-json\/wp\/v2\/media\/10812"}],"wp:attachment":[{"href":"https:\/\/bolting.eu\/en\/wp-json\/wp\/v2\/media?parent=10808"}],"wp:term":[{"taxonomy":"product_brand","embeddable":true,"href":"https:\/\/bolting.eu\/en\/wp-json\/wp\/v2\/product_brand?post=10808"},{"taxonomy":"product_cat","embeddable":true,"href":"https:\/\/bolting.eu\/en\/wp-json\/wp\/v2\/product_cat?post=10808"},{"taxonomy":"product_tag","embeddable":true,"href":"https:\/\/bolting.eu\/en\/wp-json\/wp\/v2\/product_tag?post=10808"}],"curies":[{"name":"wp","href":"https:\/\/api.w.org\/{rel}","templated":true}]}}