{"id":10783,"date":"2021-11-25T17:29:15","date_gmt":"2021-11-25T16:29:15","guid":{"rendered":"https:\/\/bolting.eu\/?post_type=product&#038;p=10783"},"modified":"2025-10-22T16:42:12","modified_gmt":"2025-10-22T14:42:12","slug":"black-diamond-iron-cruiser-via-ferrata-set","status":"publish","type":"product","link":"https:\/\/bolting.eu\/en\/shop\/black-diamond-iron-cruiser-via-ferrata-set\/","title":{"rendered":"Black Diamond Iron Cruiser Via Ferrata Set"},"content":{"rendered":"<p>Das Black Diamond Iron Cruiser Via Ferrata Set ist ein klassisches Klettersteigset. Den es hat zwei Karabiner mit &#8220;Zwick-Sicherung&#8221;.<\/p>\n<p>D.h. hier wird der <a href=\"https:\/\/bolting.eu\/produkt-kategorie\/kletterausruestung\/kletterkarabiner\/klettersteigkarabiner\/\" target=\"_blank\" rel=\"noopener\">Klettersteigkarabiner<\/a> durch Zwicken mit Daumen und Zeigefinger sowie einem leichten Schieben der Verriegelungsh\u00fclse ge\u00f6ffnet. Klassisch eben.<\/p>\n<p>Was dieses Set noch auszeichnet? Erstens der sehr kleine Bandfalld\u00e4mpfer. Dieser hat ein System zur Energie Absorbtion auf Basis von Dyneema-B\u00e4ndern. Zweitens die elastischen Arme mit einer angenehmen L\u00e4nge von 40cm bis 70cm. Und drittens die farblich markierte Einbindeschlaufe.<\/p>\n<p>Kurzum. Wer ein sch\u00f6n verarbeitetes, klassisches Klettersteigset sucht, der ist hier richtig!<\/p>\n<h2>Eigenschaften Black Diamond Iron Cruiser Via Ferrata Set<\/h2>\n<ul>\n<li>Hersteller:\u00a0<a href=\"https:\/\/bolting.eu\/produkt-kategorie\/black-diamond\/\">Black Diamond<\/a><\/li>\n<li>Iron Cruiser Klettersteigkarabiner mit Zwick-Sicherung<\/li>\n<li>dehnbare Arme mit 40cm \u2013 70cm L\u00e4nge<\/li>\n<li>Gesamtl\u00e4nge 90cm \u2013 120cm<\/li>\n<li>Gewicht: 462 Gramm<\/li>\n<li>f\u00fcr Personen 40kg \u2013 120kg<\/li>\n<li>Normen: EN 958:2017<\/li>\n<li>Schlaufe f\u00fcr Rastkarabiner<\/li>\n<li>kleiner Bandfalld\u00e4mpfer<\/li>\n<li>gro\u00dfz\u00fcgige Ankerstich \u2013 Einbindeschlaufe farblich markiert<\/li>\n<li><a href=\"https:\/\/blackdiamond-web.cdn.prismic.io\/blackdiamond-web\/876e928c-af5c-4729-84e4-3b5d499a9be3_M12425_C+Via+Ferrata+IS-WEB.pdf\" target=\"_blank\" rel=\"noopener\">Bedienungsanleitung<\/a><\/li>\n<\/ul>\n<h3>Klassischer Klettersteigkarabiner<\/h3>\n<p>Das Black Diamond Iron Cruiser Via Ferrata Set hat also einen klassischen Karabiner. Es ist eben f\u00fcr alle gedacht, welche sich mit der Handballensicherung nicht wohl f\u00fchlen. Wie z.B. Personen mit kleinen H\u00e4nden.<\/p>\n<p>Hier kann die klassische Form von Vorteil beim Handling sein.<\/p>\n<h4><strong>Pflegetipps<\/strong><\/h4>\n<p>Achtet bei eurem Iron Cruiser Via Ferrata Set auf diese Dinge und ihr werdet lange eine Freude haben.<\/p>\n<ul>\n<li>rastet nicht direkt in den dehnbaren Armen<\/li>\n<li>niemals mit Putzmitteln reinigen<\/li>\n<li>direkte Sonneneinstrahlung vermeiden, v.a. bei der Lagerung<\/li>\n<li>haltet spitze und scharfe Gegenst\u00e4nde fern<\/li>\n<li>Karabiner mit lauwarmem Wasser aussp\u00fclen und mit zwei Tropfen <a href=\"https:\/\/bolting.eu\/shop\/kong-kletterausruestung-pflegeoel\/\">Karabiner Pflege\u00f6l<\/a> warten<\/li>\n<\/ul>\n","protected":false},"excerpt":{"rendered":"<p>Klassisches Klettersteigset mit &#8220;Zwick-Sicherung&#8221;, also verschiebbarer Verriegelungsh\u00fcle. Ein kleiner Bandfalld\u00e4mpfer, 40cm-70cm lange Arme und die farblich markierte Einbindeschlaufe runden das Set ab.<\/p>\n<p>En 958:2017 zertifiziert, f\u00fcr 40kg &#8211; 120kg schwere Personen.<\/p>\n","protected":false},"featured_media":10785,"comment_status":"open","ping_status":"closed","template":"","meta":[],"product_brand":[],"product_cat":[4658,14744],"product_tag":[],"class_list":{"0":"post-10783","1":"product","2":"type-product","3":"status-publish","4":"has-post-thumbnail","6":"product_cat-black-diamond","7":"product_cat-klettersteigsets","9":"first","10":"instock","11":"sale","12":"taxable","13":"shipping-taxable","14":"purchasable","15":"product-type-simple"},"yoast_head":"<!-- This site is optimized with the Yoast SEO Premium plugin v26.9 (Yoast SEO v26.9) - https:\/\/yoast.com\/product\/yoast-seo-premium-wordpress\/ -->\n<title>Black Diamond Iron Cruiser Via Ferrata Set - online kaufen | bolting.eu<\/title>\n<meta name=\"description\" content=\"Hier findest Du das BLACK DIAMOND IRON CRUISER VIA FERRATA SET. Ein klassisches Klettersteigset mit Daumen-Zeigefinger &quot;Zwick-Sicherung&quot;!\" \/>\n<meta name=\"robots\" content=\"index, follow, max-snippet:-1, max-image-preview:large, max-video-preview:-1\" \/>\n<link rel=\"canonical\" href=\"https:\/\/bolting.eu\/en\/shop\/black-diamond-iron-cruiser-via-ferrata-set\/\" \/>\n<meta property=\"og:locale\" content=\"en_US\" \/>\n<meta property=\"og:type\" content=\"article\" \/>\n<meta property=\"og:title\" content=\"Black Diamond Iron Cruiser Via Ferrata Set\" \/>\n<meta property=\"og:description\" content=\"Hier findest Du das BLACK DIAMOND IRON CRUISER VIA FERRATA SET. Ein klassisches Klettersteigset mit Daumen-Zeigefinger &quot;Zwick-Sicherung&quot;!\" \/>\n<meta property=\"og:url\" content=\"https:\/\/bolting.eu\/en\/shop\/black-diamond-iron-cruiser-via-ferrata-set\/\" \/>\n<meta property=\"og:site_name\" content=\"bolting.eu\" \/>\n<meta property=\"article:publisher\" content=\"https:\/\/www.facebook.com\/bolting.eu\" \/>\n<meta property=\"article:modified_time\" content=\"2025-10-22T14:42:12+00:00\" \/>\n<meta property=\"og:image\" content=\"https:\/\/bolting.eu\/wp-content\/uploads\/2021\/11\/BD-Iron-Cruiser-Via-Ferrata-Set-1.jpg\" \/>\n\t<meta property=\"og:image:width\" content=\"700\" \/>\n\t<meta property=\"og:image:height\" content=\"700\" \/>\n\t<meta property=\"og:image:type\" content=\"image\/jpeg\" \/>\n<meta name=\"twitter:card\" content=\"summary_large_image\" \/>\n<meta name=\"twitter:label1\" content=\"Price\" \/>\n\t<meta name=\"twitter:data1\" content=\"&euro;&nbsp;120,00\" \/>\n\t<meta name=\"twitter:label2\" content=\"Availability\" \/>\n\t<meta name=\"twitter:data2\" content=\"In stock\" \/>\n<script type=\"application\/ld+json\" class=\"yoast-schema-graph\">{\"@context\":\"https:\/\/schema.org\",\"@graph\":[{\"@type\":[\"WebPage\",\"ItemPage\"],\"@id\":\"https:\/\/bolting.eu\/en\/shop\/black-diamond-iron-cruiser-via-ferrata-set\/\",\"url\":\"https:\/\/bolting.eu\/en\/shop\/black-diamond-iron-cruiser-via-ferrata-set\/\",\"name\":\"Black Diamond Iron Cruiser Via Ferrata Set - online kaufen | bolting.eu\",\"isPartOf\":{\"@id\":\"https:\/\/bolting.eu\/en\/#website\"},\"primaryImageOfPage\":{\"@id\":\"https:\/\/bolting.eu\/en\/shop\/black-diamond-iron-cruiser-via-ferrata-set\/#primaryimage\"},\"image\":{\"@id\":\"https:\/\/bolting.eu\/en\/shop\/black-diamond-iron-cruiser-via-ferrata-set\/#primaryimage\"},\"thumbnailUrl\":\"https:\/\/bolting.eu\/wp-content\/uploads\/2021\/11\/BD-Iron-Cruiser-Via-Ferrata-Set-1.jpg\",\"datePublished\":\"2021-11-25T16:29:15+00:00\",\"dateModified\":\"2025-10-22T14:42:12+00:00\",\"description\":\"Hier findest Du das BLACK DIAMOND IRON CRUISER VIA FERRATA SET. Ein klassisches Klettersteigset mit Daumen-Zeigefinger \\\"Zwick-Sicherung\\\"!\",\"breadcrumb\":{\"@id\":\"https:\/\/bolting.eu\/en\/shop\/black-diamond-iron-cruiser-via-ferrata-set\/#breadcrumb\"},\"inLanguage\":\"en-US\",\"potentialAction\":[{\"@type\":\"ReadAction\",\"target\":[\"https:\/\/bolting.eu\/en\/shop\/black-diamond-iron-cruiser-via-ferrata-set\/\"]}]},{\"@type\":\"ImageObject\",\"inLanguage\":\"en-US\",\"@id\":\"https:\/\/bolting.eu\/en\/shop\/black-diamond-iron-cruiser-via-ferrata-set\/#primaryimage\",\"url\":\"https:\/\/bolting.eu\/wp-content\/uploads\/2021\/11\/BD-Iron-Cruiser-Via-Ferrata-Set-1.jpg\",\"contentUrl\":\"https:\/\/bolting.eu\/wp-content\/uploads\/2021\/11\/BD-Iron-Cruiser-Via-Ferrata-Set-1.jpg\",\"width\":700,\"height\":700,\"caption\":\"Das Bild zeigt das Black Diamond Iron Cruiser Via Ferrata Set. Man sieht die orange Anbindeschlaufe, schwarzen BAndfalld\u00e4mpfer und Arme, sowie die zwei Karabiner.\"},{\"@type\":\"BreadcrumbList\",\"@id\":\"https:\/\/bolting.eu\/en\/shop\/black-diamond-iron-cruiser-via-ferrata-set\/#breadcrumb\",\"itemListElement\":[{\"@type\":\"ListItem\",\"position\":1,\"name\":\"Shop\",\"item\":\"https:\/\/bolting.eu\/en\/shop\/\"},{\"@type\":\"ListItem\",\"position\":2,\"name\":\"climbing equipment\",\"item\":\"https:\/\/bolting.eu\/en\/produkt-kategorie\/climbing-equipment\/\"},{\"@type\":\"ListItem\",\"position\":3,\"name\":\"Klettersteigsets\",\"item\":\"https:\/\/bolting.eu\/produkt-kategorie\/kletterausruestung\/klettersteigsets\/\"},{\"@type\":\"ListItem\",\"position\":4,\"name\":\"Black Diamond Iron Cruiser Via Ferrata Set\"}]},{\"@type\":\"WebSite\",\"@id\":\"https:\/\/bolting.eu\/en\/#website\",\"url\":\"https:\/\/bolting.eu\/en\/\",\"name\":\"bolting.eu\",\"description\":\"we make climbs happen\",\"publisher\":{\"@id\":\"https:\/\/bolting.eu\/en\/#organization\"},\"potentialAction\":[{\"@type\":\"SearchAction\",\"target\":{\"@type\":\"EntryPoint\",\"urlTemplate\":\"https:\/\/bolting.eu\/en\/?s={search_term_string}\"},\"query-input\":{\"@type\":\"PropertyValueSpecification\",\"valueRequired\":true,\"valueName\":\"search_term_string\"}}],\"inLanguage\":\"en-US\"},{\"@type\":[\"Organization\",\"Place\",\"SportingGoodsStore\"],\"@id\":\"https:\/\/bolting.eu\/en\/#organization\",\"name\":\"bolting.eu\",\"url\":\"https:\/\/bolting.eu\/en\/\",\"logo\":{\"@id\":\"https:\/\/bolting.eu\/en\/shop\/black-diamond-iron-cruiser-via-ferrata-set\/#local-main-organization-logo\"},\"image\":{\"@id\":\"https:\/\/bolting.eu\/en\/shop\/black-diamond-iron-cruiser-via-ferrata-set\/#local-main-organization-logo\"},\"sameAs\":[\"https:\/\/www.facebook.com\/bolting.eu\",\"https:\/\/www.instagram.com\/bolting.eu\/\"],\"address\":{\"@id\":\"https:\/\/bolting.eu\/en\/shop\/black-diamond-iron-cruiser-via-ferrata-set\/#local-main-place-address\"},\"geo\":{\"@type\":\"GeoCoordinates\",\"latitude\":\"47.264176340396226\",\"longitude\":\"11.380109057672346\"},\"telephone\":[\"+43 699 19083372\"],\"openingHoursSpecification\":[{\"@type\":\"OpeningHoursSpecification\",\"dayOfWeek\":[\"Monday\",\"Wednesday\",\"Friday\"],\"opens\":\"14:00\",\"closes\":\"18:00\"},{\"@type\":\"OpeningHoursSpecification\",\"dayOfWeek\":[\"Tuesday\",\"Thursday\",\"Saturday\",\"Sunday\"],\"opens\":\"00:00\",\"closes\":\"00:00\"}],\"email\":\"office@bolting.eu\",\"vatID\":\"ATU59999728\",\"priceRange\":\"$$\",\"currenciesAccepted\":\"Euro\"},{\"@type\":\"PostalAddress\",\"@id\":\"https:\/\/bolting.eu\/en\/shop\/black-diamond-iron-cruiser-via-ferrata-set\/#local-main-place-address\",\"streetAddress\":\"Fischnalerstra\u00dfe 4\",\"addressLocality\":\"Innsbruck\",\"postalCode\":\"6020\",\"addressRegion\":\"Tirol\",\"addressCountry\":\"AT\"},{\"@type\":\"ImageObject\",\"inLanguage\":\"en-US\",\"@id\":\"https:\/\/bolting.eu\/en\/shop\/black-diamond-iron-cruiser-via-ferrata-set\/#local-main-organization-logo\",\"url\":\"https:\/\/bolting.eu\/wp-content\/uploads\/2019\/09\/bolting-logo.png\",\"contentUrl\":\"https:\/\/bolting.eu\/wp-content\/uploads\/2019\/09\/bolting-logo.png\",\"width\":400,\"height\":211,\"caption\":\"bolting.eu\"}]}<\/script>\n<meta property=\"product:price:amount\" content=\"120.00\" \/>\n<meta property=\"product:price:currency\" content=\"EUR\" \/>\n<meta property=\"og:availability\" content=\"instock\" \/>\n<meta property=\"product:availability\" content=\"instock\" \/>\n<meta property=\"product:retailer_item_id\" content=\"620112\" \/>\n<meta property=\"product:condition\" content=\"new\" \/>\n<meta name=\"geo.placename\" content=\"Innsbruck\" \/>\n<meta name=\"geo.position\" content=\"47.264176340396226;11.380109057672346\" \/>\n<meta name=\"geo.region\" content=\"Austria\" \/>\n<!-- \/ Yoast SEO Premium plugin. -->","yoast_head_json":{"title":"Black Diamond Iron Cruiser Via Ferrata Set - online kaufen | bolting.eu","description":"Hier findest Du das BLACK DIAMOND IRON CRUISER VIA FERRATA SET. Ein klassisches Klettersteigset mit Daumen-Zeigefinger \"Zwick-Sicherung\"!","robots":{"index":"index","follow":"follow","max-snippet":"max-snippet:-1","max-image-preview":"max-image-preview:large","max-video-preview":"max-video-preview:-1"},"canonical":"https:\/\/bolting.eu\/en\/shop\/black-diamond-iron-cruiser-via-ferrata-set\/","og_locale":"en_US","og_type":"article","og_title":"Black Diamond Iron Cruiser Via Ferrata Set","og_description":"Hier findest Du das BLACK DIAMOND IRON CRUISER VIA FERRATA SET. Ein klassisches Klettersteigset mit Daumen-Zeigefinger \"Zwick-Sicherung\"!","og_url":"https:\/\/bolting.eu\/en\/shop\/black-diamond-iron-cruiser-via-ferrata-set\/","og_site_name":"bolting.eu","article_publisher":"https:\/\/www.facebook.com\/bolting.eu","article_modified_time":"2025-10-22T14:42:12+00:00","og_image":[{"width":700,"height":700,"url":"https:\/\/bolting.eu\/wp-content\/uploads\/2021\/11\/BD-Iron-Cruiser-Via-Ferrata-Set-1.jpg","type":"image\/jpeg"}],"twitter_card":"summary_large_image","twitter_misc":{"Price":"&euro;&nbsp;120,00","Availability":"In stock"},"schema":{"@context":"https:\/\/schema.org","@graph":[{"@type":["WebPage","ItemPage"],"@id":"https:\/\/bolting.eu\/en\/shop\/black-diamond-iron-cruiser-via-ferrata-set\/","url":"https:\/\/bolting.eu\/en\/shop\/black-diamond-iron-cruiser-via-ferrata-set\/","name":"Black Diamond Iron Cruiser Via Ferrata Set - online kaufen | bolting.eu","isPartOf":{"@id":"https:\/\/bolting.eu\/en\/#website"},"primaryImageOfPage":{"@id":"https:\/\/bolting.eu\/en\/shop\/black-diamond-iron-cruiser-via-ferrata-set\/#primaryimage"},"image":{"@id":"https:\/\/bolting.eu\/en\/shop\/black-diamond-iron-cruiser-via-ferrata-set\/#primaryimage"},"thumbnailUrl":"https:\/\/bolting.eu\/wp-content\/uploads\/2021\/11\/BD-Iron-Cruiser-Via-Ferrata-Set-1.jpg","datePublished":"2021-11-25T16:29:15+00:00","dateModified":"2025-10-22T14:42:12+00:00","description":"Hier findest Du das BLACK DIAMOND IRON CRUISER VIA FERRATA SET. Ein klassisches Klettersteigset mit Daumen-Zeigefinger \"Zwick-Sicherung\"!","breadcrumb":{"@id":"https:\/\/bolting.eu\/en\/shop\/black-diamond-iron-cruiser-via-ferrata-set\/#breadcrumb"},"inLanguage":"en-US","potentialAction":[{"@type":"ReadAction","target":["https:\/\/bolting.eu\/en\/shop\/black-diamond-iron-cruiser-via-ferrata-set\/"]}]},{"@type":"ImageObject","inLanguage":"en-US","@id":"https:\/\/bolting.eu\/en\/shop\/black-diamond-iron-cruiser-via-ferrata-set\/#primaryimage","url":"https:\/\/bolting.eu\/wp-content\/uploads\/2021\/11\/BD-Iron-Cruiser-Via-Ferrata-Set-1.jpg","contentUrl":"https:\/\/bolting.eu\/wp-content\/uploads\/2021\/11\/BD-Iron-Cruiser-Via-Ferrata-Set-1.jpg","width":700,"height":700,"caption":"Das Bild zeigt das Black Diamond Iron Cruiser Via Ferrata Set. Man sieht die orange Anbindeschlaufe, schwarzen BAndfalld\u00e4mpfer und Arme, sowie die zwei Karabiner."},{"@type":"BreadcrumbList","@id":"https:\/\/bolting.eu\/en\/shop\/black-diamond-iron-cruiser-via-ferrata-set\/#breadcrumb","itemListElement":[{"@type":"ListItem","position":1,"name":"Shop","item":"https:\/\/bolting.eu\/en\/shop\/"},{"@type":"ListItem","position":2,"name":"climbing equipment","item":"https:\/\/bolting.eu\/en\/produkt-kategorie\/climbing-equipment\/"},{"@type":"ListItem","position":3,"name":"Klettersteigsets","item":"https:\/\/bolting.eu\/produkt-kategorie\/kletterausruestung\/klettersteigsets\/"},{"@type":"ListItem","position":4,"name":"Black Diamond Iron Cruiser Via Ferrata Set"}]},{"@type":"WebSite","@id":"https:\/\/bolting.eu\/en\/#website","url":"https:\/\/bolting.eu\/en\/","name":"bolting.eu","description":"we make climbs happen","publisher":{"@id":"https:\/\/bolting.eu\/en\/#organization"},"potentialAction":[{"@type":"SearchAction","target":{"@type":"EntryPoint","urlTemplate":"https:\/\/bolting.eu\/en\/?s={search_term_string}"},"query-input":{"@type":"PropertyValueSpecification","valueRequired":true,"valueName":"search_term_string"}}],"inLanguage":"en-US"},{"@type":["Organization","Place","SportingGoodsStore"],"@id":"https:\/\/bolting.eu\/en\/#organization","name":"bolting.eu","url":"https:\/\/bolting.eu\/en\/","logo":{"@id":"https:\/\/bolting.eu\/en\/shop\/black-diamond-iron-cruiser-via-ferrata-set\/#local-main-organization-logo"},"image":{"@id":"https:\/\/bolting.eu\/en\/shop\/black-diamond-iron-cruiser-via-ferrata-set\/#local-main-organization-logo"},"sameAs":["https:\/\/www.facebook.com\/bolting.eu","https:\/\/www.instagram.com\/bolting.eu\/"],"address":{"@id":"https:\/\/bolting.eu\/en\/shop\/black-diamond-iron-cruiser-via-ferrata-set\/#local-main-place-address"},"geo":{"@type":"GeoCoordinates","latitude":"47.264176340396226","longitude":"11.380109057672346"},"telephone":["+43 699 19083372"],"openingHoursSpecification":[{"@type":"OpeningHoursSpecification","dayOfWeek":["Monday","Wednesday","Friday"],"opens":"14:00","closes":"18:00"},{"@type":"OpeningHoursSpecification","dayOfWeek":["Tuesday","Thursday","Saturday","Sunday"],"opens":"00:00","closes":"00:00"}],"email":"office@bolting.eu","vatID":"ATU59999728","priceRange":"$$","currenciesAccepted":"Euro"},{"@type":"PostalAddress","@id":"https:\/\/bolting.eu\/en\/shop\/black-diamond-iron-cruiser-via-ferrata-set\/#local-main-place-address","streetAddress":"Fischnalerstra\u00dfe 4","addressLocality":"Innsbruck","postalCode":"6020","addressRegion":"Tirol","addressCountry":"AT"},{"@type":"ImageObject","inLanguage":"en-US","@id":"https:\/\/bolting.eu\/en\/shop\/black-diamond-iron-cruiser-via-ferrata-set\/#local-main-organization-logo","url":"https:\/\/bolting.eu\/wp-content\/uploads\/2019\/09\/bolting-logo.png","contentUrl":"https:\/\/bolting.eu\/wp-content\/uploads\/2019\/09\/bolting-logo.png","width":400,"height":211,"caption":"bolting.eu"}]},"product_price_amount":"120.00","product_price_currency":"EUR","og_availability":"instock","product_availability":"instock","product_retailer_item_id":"620112","product_condition":"new","geo.placename":"Innsbruck","geo.position":{"lat":"47.264176340396226","long":"11.380109057672346"},"geo.region":"Austria"},"_links":{"self":[{"href":"https:\/\/bolting.eu\/en\/wp-json\/wp\/v2\/product\/10783","targetHints":{"allow":["GET"]}}],"collection":[{"href":"https:\/\/bolting.eu\/en\/wp-json\/wp\/v2\/product"}],"about":[{"href":"https:\/\/bolting.eu\/en\/wp-json\/wp\/v2\/types\/product"}],"replies":[{"embeddable":true,"href":"https:\/\/bolting.eu\/en\/wp-json\/wp\/v2\/comments?post=10783"}],"wp:featuredmedia":[{"embeddable":true,"href":"https:\/\/bolting.eu\/en\/wp-json\/wp\/v2\/media\/10785"}],"wp:attachment":[{"href":"https:\/\/bolting.eu\/en\/wp-json\/wp\/v2\/media?parent=10783"}],"wp:term":[{"taxonomy":"product_brand","embeddable":true,"href":"https:\/\/bolting.eu\/en\/wp-json\/wp\/v2\/product_brand?post=10783"},{"taxonomy":"product_cat","embeddable":true,"href":"https:\/\/bolting.eu\/en\/wp-json\/wp\/v2\/product_cat?post=10783"},{"taxonomy":"product_tag","embeddable":true,"href":"https:\/\/bolting.eu\/en\/wp-json\/wp\/v2\/product_tag?post=10783"}],"curies":[{"name":"wp","href":"https:\/\/api.w.org\/{rel}","templated":true}]}}