{"id":10726,"date":"2021-11-23T12:35:32","date_gmt":"2021-11-23T11:35:32","guid":{"rendered":"https:\/\/bolting.eu\/?post_type=product&#038;p=10726"},"modified":"2023-04-21T00:49:18","modified_gmt":"2023-04-20T22:49:18","slug":"moon-warrior-crash-pad","status":"publish","type":"product","link":"https:\/\/bolting.eu\/en\/shop\/moon-warrior-crash-pad\/","title":{"rendered":"Moon Warrior Crash Pad"},"content":{"rendered":"<p>Das Moon Warrior Crash Pad ist das mittelgro\u00dfe Modell des Herstellers aus Sheffield. Seine Dimensionen aufgebreitet sind 130 x 100 x 11cm. Dieses Taco &#8211; Style Pad hat eine durchgehende Landefl\u00e4che, also keinen Spalt! Es ist deshalb ein sehr gutes Einsteiger Modell sowie perfektes Zweit-Pad.<\/p>\n<p>Wie alle Moon <a href=\"https:\/\/bolting.eu\/produkt-kategorie\/boulder-ausruestung\/bouldermatte\/\">Bouldermatten<\/a> zeichnet sich dieses Pad durch die hohe Qualit\u00e4t der Materialien, die saubere Verarbeitung aber vor allem durch die hochwertigen Schaumstoffe aus. Diese bestehen aus hartem, geschlossenzelligen Schaumstoff zur Verteilung der Aufprallenergie. Und aus offenzelligem Schaumstoff zur Schock Absorbtion.<\/p>\n<p>Das komfortable Tragesystem mit H\u00fcft- und Brustgurt garantiert sehr angenehmen Transport.<\/p>\n<p>Kurzum. Wer ein hochwertiges Mid-Size Pad sucht, der ist hier richtig!<\/p>\n<p><a href=\"https:\/\/bolting.eu\/wp-content\/uploads\/2021\/11\/moon-climbing-warrior-01-min.jpeg\"><img loading=\"lazy\" decoding=\"async\" class=\"alignnone wp-image-10730 size-medium\" src=\"https:\/\/bolting.eu\/wp-content\/uploads\/2021\/11\/moon-climbing-warrior-01-min-400x400.jpeg\" alt=\"Das Bild zeigt Ben Moon mit einer roten Bouldermatte am R\u00fccken auf einer Wiese. Im Hintergrund ein Steinhaus.\" width=\"400\" height=\"400\" srcset=\"https:\/\/bolting.eu\/wp-content\/uploads\/2021\/11\/moon-climbing-warrior-01-min-400x400.jpeg 400w, https:\/\/bolting.eu\/wp-content\/uploads\/2021\/11\/moon-climbing-warrior-01-min-100x100.jpeg 100w, https:\/\/bolting.eu\/wp-content\/uploads\/2021\/11\/moon-climbing-warrior-01-min-510x510.jpeg 510w, https:\/\/bolting.eu\/wp-content\/uploads\/2021\/11\/moon-climbing-warrior-01-min-280x280.jpeg 280w, https:\/\/bolting.eu\/wp-content\/uploads\/2021\/11\/moon-climbing-warrior-01-min-768x768.jpeg 768w, https:\/\/bolting.eu\/wp-content\/uploads\/2021\/11\/moon-climbing-warrior-01-min-300x300.jpeg 300w, https:\/\/bolting.eu\/wp-content\/uploads\/2021\/11\/moon-climbing-warrior-01-min-600x600.jpeg 600w, https:\/\/bolting.eu\/wp-content\/uploads\/2021\/11\/moon-climbing-warrior-01-min.jpeg 800w\" sizes=\"auto, (max-width: 400px) 100vw, 400px\" \/><\/a><\/p>\n<h2>Eigenschaften Moon Warrior Crash Pad<\/h2>\n<ul>\n<li>Hersteller: Moon<\/li>\n<li>Ma\u00dfe: 130 x 100 x 11cm<\/li>\n<li>Material au\u00dfen: P600D Ripstop Nylon PU beschichtet<\/li>\n<li>25mm harter, geschlossenzelliger Schaumstoff an Oberseite<\/li>\n<li>95mm weicher, offenzelliger Schaumstoff auf Unterseite<\/li>\n<li>Gewicht. 6,5kg<\/li>\n<li>Taco &#8211; Style Pad = keinen Spalt<\/li>\n<li>zusammengerollt hat man &#8220;Rucksack&#8221; f\u00fcr <a href=\"https:\/\/bolting.eu\/boulderausruestung\/\">Boulderausr\u00fcstung<\/a><\/li>\n<li>integrierter Fu\u00dfabstreifer<\/li>\n<li>Top und Seiten Trageriemen<\/li>\n<li>unzerbrechliche Aluminium Schnallen<\/li>\n<li>Tragesystem mit Brust- und H\u00fcftgurt<\/li>\n<\/ul>\n<h3>Video &#8211; Produktreview Moon Warrior Crash Pad<\/h3>\n<p>Das folgende Video, in liebevollen englischen Slang gehalten, beschreibt dieses Pad nochmals etwas ausf\u00fchrlicher.<\/p>\n<p><iframe loading=\"lazy\" title=\"YouTube video player\" src=\"https:\/\/www.youtube.com\/embed\/OYwL6RKQ8BY\" width=\"75%\" height=\"420\" frameborder=\"0\" allowfullscreen=\"allowfullscreen\"><span data-mce-type=\"bookmark\" style=\"display: inline-block; width: 0px; overflow: hidden; line-height: 0;\" class=\"mce_SELRES_start\">\ufeff<\/span><\/iframe><\/p>\n<h3>Hochwertige Materialien<\/h3>\n<p>Dieses Pad ist zur G\u00e4nze aus hochwertigen Materialien hergestellt. Das macht sich einerseits zwar im Preis, andererseits aber auch in der langen Lebensdauer bemerkbar.<\/p>\n<p>Wie bei allen seinen Pads hat der Hersteller auch beim Moon Warrior Crash Pad nur das Beste verwendet. Wie den P600D Ripstop Nylon und eine satte PU Beschichtung. Diese chemische Behandlung gibt dem Au\u00dfenstoff wesentlich bessere Abrieb-Resistenz sowie einen Schutz gegen Feuchtigkeit.<\/p>\n<p>Somit bleiben die hochwertigen Schaumstoffschichten innen lange in Takt. Und hier ist Moon ohnehin sehr bekannt daf\u00fcr, dass diese sehr gut sind und lange halten. Entgegen Billigmodellen absorbiert diese Bouldermatte die Aufprallenergie sehr lange und sehr konstant.<\/p>\n<h3>F\u00fcr wen ist dieses Pad gedacht?<\/h3>\n<p>Diese Matte ist ein hochwertiges Einsteigermodell. Folglich kann das Moon Warrior Crash Pad von allen gekauft werden, die auf Qualit\u00e4t setzen. Zudem macht diese Matte ein formidables Zweit-Pad.<\/p>\n<p>Kombiniert mit z.B. dem Saturn Pad stehen einem alle Boulder dieser Welt offen.<\/p>\n<p>Deshalb richtet sich dieses Modell eben auch an Boulder Enthusiasten, die sich nach einer erg\u00e4nzenden Matte umsehen. Wer gleich die gr\u00f6\u00dfte Moon Bouldermatte kaufen will, kommt hier zum <a href=\"https:\/\/bolting.eu\/shop\/moon-saturn-crashpad\/\">Moon Saturn<\/a>.<\/p>\n<h4><strong>Moon Warrior Crash Pad &#8211; <\/strong><strong>bolting.eu <\/strong><strong>Praxistipps<\/strong><\/h4>\n<p>Es gibt einige Dinge, die man <strong>NIEMALS<\/strong> mit seiner Bouldermatte machen sollte. Wenn ihr lange viel Spass damit haben wollt, dann vermeidet diese Sachen:<\/p>\n<ul>\n<li>feucht einlagern (stinkt und macht Au\u00dfenstoff und den Schaumstoff kaputt)<\/li>\n<li>auf spitze Steine und ausgetrocknete \u00c4ste legen<\/li>\n<li>mit dem Pad am Lagerfeuer sitzen<\/li>\n<li>das Pad auf einer Heizung trocknen<\/li>\n<li>mit Putzmitteln reinigen (Wasser und ggf. <a href=\"https:\/\/bolting.eu\/shop\/beal-seilwaschmittel-rope-cleaner\/\">Seilwaschmittel<\/a> verwenden)<\/li>\n<\/ul>\n<p>Was man immer machen sollte wenn m\u00f6glich! Ein altes Pad unter eure neueste Matte legen. Das hilft ganz enorm, die guten D\u00e4mpfungseigenschaften des Schaumstoffs lange aufrecht zu erhalten.<\/p>\n<p>Unser Tipp zum Abschluss. Besorgt euch den <a href=\"https:\/\/bolting.eu\/shop\/maltatal-kletterfuehrer\/\">Maltatal Kletterf\u00fchrer<\/a> und nichts wie ab auf die Sonnenseite der Alpen zum <a href=\"https:\/\/maltatal.rocks\/bouldergebiete-maltatal\/\" target=\"_blank\" rel=\"noopener\">Bouldern im Maltatal<\/a>!<\/p>\n","protected":false},"excerpt":{"rendered":"<p>Das Moon Warrior Crash Pad ist ein mittelgro\u00dfes Taco-Style Modell mit 130 x 100 x 11cm Gr\u00f6\u00dfe. Dieses hochwertige Einsteigermodell bzw. tolle Zweit-Pad ist etwas f\u00fcr alle, die auf Qualit\u00e4t stehen.<\/p>\n<p>Nat\u00fcrlich mit den legend\u00e4r guten Moon Schaumstoffen f\u00fcr beste D\u00e4mpfung.<\/p>\n","protected":false},"featured_media":10732,"comment_status":"open","ping_status":"closed","template":"","meta":[],"product_brand":[],"product_cat":[8333,5284,6358],"product_tag":[],"class_list":{"0":"post-10726","1":"product","2":"type-product","3":"status-publish","4":"has-post-thumbnail","6":"product_cat-moon","7":"product_cat-boulder-ausruestung","8":"product_cat-bouldermatte","10":"first","11":"outofstock","12":"sale","13":"taxable","14":"shipping-taxable","15":"purchasable","16":"product-type-variable"},"yoast_head":"<!-- This site is optimized with the Yoast SEO Premium plugin v26.9 (Yoast SEO v26.9) - https:\/\/yoast.com\/product\/yoast-seo-premium-wordpress\/ -->\n<title>Moon Warrior Crash Pad - hochwertige Bouldermatte | bolting.eu<\/title>\n<meta name=\"description\" content=\"Hier findest Du das MOON WARRIOR CRASH PAD. Eine hochwertige Bouldermatte in Taco Bauweise 130 x 100 x 11cm mit langlebigen Schaumstoffen!\" \/>\n<meta name=\"robots\" content=\"index, follow, max-snippet:-1, max-image-preview:large, max-video-preview:-1\" \/>\n<link rel=\"canonical\" href=\"https:\/\/bolting.eu\/en\/shop\/moon-warrior-crash-pad\/\" \/>\n<meta property=\"og:locale\" content=\"en_US\" \/>\n<meta property=\"og:type\" content=\"article\" \/>\n<meta property=\"og:title\" content=\"Moon Warrior Crash Pad\" \/>\n<meta property=\"og:description\" content=\"Hier findest Du das MOON WARRIOR CRASH PAD. Eine hochwertige Bouldermatte in Taco Bauweise 130 x 100 x 11cm mit langlebigen Schaumstoffen!\" \/>\n<meta property=\"og:url\" content=\"https:\/\/bolting.eu\/en\/shop\/moon-warrior-crash-pad\/\" \/>\n<meta property=\"og:site_name\" content=\"bolting.eu\" \/>\n<meta property=\"article:publisher\" content=\"https:\/\/www.facebook.com\/bolting.eu\" \/>\n<meta property=\"article:modified_time\" content=\"2023-04-20T22:49:18+00:00\" \/>\n<meta property=\"og:image\" content=\"https:\/\/bolting.eu\/wp-content\/uploads\/2021\/11\/crash-pad-warrior-retro-green-01.jpg\" \/>\n\t<meta property=\"og:image:width\" content=\"700\" \/>\n\t<meta property=\"og:image:height\" content=\"700\" \/>\n\t<meta property=\"og:image:type\" content=\"image\/jpeg\" \/>\n<meta name=\"twitter:card\" content=\"summary_large_image\" \/>\n<meta name=\"twitter:label1\" content=\"Availability\" \/>\n\t<meta name=\"twitter:data1\" content=\"Out of stock\" \/>\n<script type=\"application\/ld+json\" class=\"yoast-schema-graph\">{\"@context\":\"https:\/\/schema.org\",\"@graph\":[{\"@type\":[\"WebPage\",\"ItemPage\"],\"@id\":\"https:\/\/bolting.eu\/en\/shop\/moon-warrior-crash-pad\/\",\"url\":\"https:\/\/bolting.eu\/en\/shop\/moon-warrior-crash-pad\/\",\"name\":\"Moon Warrior Crash Pad - hochwertige Bouldermatte | bolting.eu\",\"isPartOf\":{\"@id\":\"https:\/\/bolting.eu\/en\/#website\"},\"primaryImageOfPage\":{\"@id\":\"https:\/\/bolting.eu\/en\/shop\/moon-warrior-crash-pad\/#primaryimage\"},\"image\":{\"@id\":\"https:\/\/bolting.eu\/en\/shop\/moon-warrior-crash-pad\/#primaryimage\"},\"thumbnailUrl\":\"https:\/\/bolting.eu\/wp-content\/uploads\/2021\/11\/crash-pad-warrior-retro-green-01.jpg\",\"datePublished\":\"2021-11-23T11:35:32+00:00\",\"dateModified\":\"2023-04-20T22:49:18+00:00\",\"description\":\"Hier findest Du das MOON WARRIOR CRASH PAD. Eine hochwertige Bouldermatte in Taco Bauweise 130 x 100 x 11cm mit langlebigen Schaumstoffen!\",\"breadcrumb\":{\"@id\":\"https:\/\/bolting.eu\/en\/shop\/moon-warrior-crash-pad\/#breadcrumb\"},\"inLanguage\":\"en-US\",\"potentialAction\":[{\"@type\":\"ReadAction\",\"target\":[\"https:\/\/bolting.eu\/en\/shop\/moon-warrior-crash-pad\/\"]}]},{\"@type\":\"ImageObject\",\"inLanguage\":\"en-US\",\"@id\":\"https:\/\/bolting.eu\/en\/shop\/moon-warrior-crash-pad\/#primaryimage\",\"url\":\"https:\/\/bolting.eu\/wp-content\/uploads\/2021\/11\/crash-pad-warrior-retro-green-01.jpg\",\"contentUrl\":\"https:\/\/bolting.eu\/wp-content\/uploads\/2021\/11\/crash-pad-warrior-retro-green-01.jpg\",\"width\":700,\"height\":700,\"caption\":\"Das Bild zeigt das gr\u00fcne Moon Warrior Crash Pad aufgelegt in einem wei\u00dfem Quadrat.\"},{\"@type\":\"BreadcrumbList\",\"@id\":\"https:\/\/bolting.eu\/en\/shop\/moon-warrior-crash-pad\/#breadcrumb\",\"itemListElement\":[{\"@type\":\"ListItem\",\"position\":1,\"name\":\"Shop\",\"item\":\"https:\/\/bolting.eu\/en\/shop\/\"},{\"@type\":\"ListItem\",\"position\":2,\"name\":\"Boulder Ausr\u00fcstung\",\"item\":\"https:\/\/bolting.eu\/produkt-kategorie\/boulder-ausruestung\/\"},{\"@type\":\"ListItem\",\"position\":3,\"name\":\"Bouldermatten\",\"item\":\"https:\/\/bolting.eu\/produkt-kategorie\/boulder-ausruestung\/bouldermatte\/\"},{\"@type\":\"ListItem\",\"position\":4,\"name\":\"Moon Warrior Crash Pad\"}]},{\"@type\":\"WebSite\",\"@id\":\"https:\/\/bolting.eu\/en\/#website\",\"url\":\"https:\/\/bolting.eu\/en\/\",\"name\":\"bolting.eu\",\"description\":\"we make climbs happen\",\"publisher\":{\"@id\":\"https:\/\/bolting.eu\/en\/#organization\"},\"potentialAction\":[{\"@type\":\"SearchAction\",\"target\":{\"@type\":\"EntryPoint\",\"urlTemplate\":\"https:\/\/bolting.eu\/en\/?s={search_term_string}\"},\"query-input\":{\"@type\":\"PropertyValueSpecification\",\"valueRequired\":true,\"valueName\":\"search_term_string\"}}],\"inLanguage\":\"en-US\"},{\"@type\":[\"Organization\",\"Place\",\"SportingGoodsStore\"],\"@id\":\"https:\/\/bolting.eu\/en\/#organization\",\"name\":\"bolting.eu\",\"url\":\"https:\/\/bolting.eu\/en\/\",\"logo\":{\"@id\":\"https:\/\/bolting.eu\/en\/shop\/moon-warrior-crash-pad\/#local-main-organization-logo\"},\"image\":{\"@id\":\"https:\/\/bolting.eu\/en\/shop\/moon-warrior-crash-pad\/#local-main-organization-logo\"},\"sameAs\":[\"https:\/\/www.facebook.com\/bolting.eu\",\"https:\/\/www.instagram.com\/bolting.eu\/\"],\"address\":{\"@id\":\"https:\/\/bolting.eu\/en\/shop\/moon-warrior-crash-pad\/#local-main-place-address\"},\"geo\":{\"@type\":\"GeoCoordinates\",\"latitude\":\"47.264176340396226\",\"longitude\":\"11.380109057672346\"},\"telephone\":[\"+43 699 19083372\"],\"openingHoursSpecification\":[{\"@type\":\"OpeningHoursSpecification\",\"dayOfWeek\":[\"Monday\",\"Wednesday\",\"Friday\"],\"opens\":\"14:00\",\"closes\":\"18:00\"},{\"@type\":\"OpeningHoursSpecification\",\"dayOfWeek\":[\"Tuesday\",\"Thursday\",\"Saturday\",\"Sunday\"],\"opens\":\"00:00\",\"closes\":\"00:00\"}],\"email\":\"office@bolting.eu\",\"vatID\":\"ATU59999728\",\"priceRange\":\"$$\",\"currenciesAccepted\":\"Euro\"},{\"@type\":\"PostalAddress\",\"@id\":\"https:\/\/bolting.eu\/en\/shop\/moon-warrior-crash-pad\/#local-main-place-address\",\"streetAddress\":\"Fischnalerstra\u00dfe 4\",\"addressLocality\":\"Innsbruck\",\"postalCode\":\"6020\",\"addressRegion\":\"Tirol\",\"addressCountry\":\"AT\"},{\"@type\":\"ImageObject\",\"inLanguage\":\"en-US\",\"@id\":\"https:\/\/bolting.eu\/en\/shop\/moon-warrior-crash-pad\/#local-main-organization-logo\",\"url\":\"https:\/\/bolting.eu\/wp-content\/uploads\/2019\/09\/bolting-logo.png\",\"contentUrl\":\"https:\/\/bolting.eu\/wp-content\/uploads\/2019\/09\/bolting-logo.png\",\"width\":400,\"height\":211,\"caption\":\"bolting.eu\"}]}<\/script>\n<meta property=\"og:availability\" content=\"out of stock\" \/>\n<meta property=\"product:availability\" content=\"out of stock\" \/>\n<meta property=\"product:condition\" content=\"new\" \/>\n<meta name=\"geo.placename\" content=\"Innsbruck\" \/>\n<meta name=\"geo.position\" content=\"47.264176340396226;11.380109057672346\" \/>\n<meta name=\"geo.region\" content=\"Austria\" \/>\n<!-- \/ Yoast SEO Premium plugin. -->","yoast_head_json":{"title":"Moon Warrior Crash Pad - hochwertige Bouldermatte | bolting.eu","description":"Hier findest Du das MOON WARRIOR CRASH PAD. Eine hochwertige Bouldermatte in Taco Bauweise 130 x 100 x 11cm mit langlebigen Schaumstoffen!","robots":{"index":"index","follow":"follow","max-snippet":"max-snippet:-1","max-image-preview":"max-image-preview:large","max-video-preview":"max-video-preview:-1"},"canonical":"https:\/\/bolting.eu\/en\/shop\/moon-warrior-crash-pad\/","og_locale":"en_US","og_type":"article","og_title":"Moon Warrior Crash Pad","og_description":"Hier findest Du das MOON WARRIOR CRASH PAD. Eine hochwertige Bouldermatte in Taco Bauweise 130 x 100 x 11cm mit langlebigen Schaumstoffen!","og_url":"https:\/\/bolting.eu\/en\/shop\/moon-warrior-crash-pad\/","og_site_name":"bolting.eu","article_publisher":"https:\/\/www.facebook.com\/bolting.eu","article_modified_time":"2023-04-20T22:49:18+00:00","og_image":[{"width":700,"height":700,"url":"https:\/\/bolting.eu\/wp-content\/uploads\/2021\/11\/crash-pad-warrior-retro-green-01.jpg","type":"image\/jpeg"}],"twitter_card":"summary_large_image","twitter_misc":{"Availability":"Out of stock"},"schema":{"@context":"https:\/\/schema.org","@graph":[{"@type":["WebPage","ItemPage"],"@id":"https:\/\/bolting.eu\/en\/shop\/moon-warrior-crash-pad\/","url":"https:\/\/bolting.eu\/en\/shop\/moon-warrior-crash-pad\/","name":"Moon Warrior Crash Pad - hochwertige Bouldermatte | bolting.eu","isPartOf":{"@id":"https:\/\/bolting.eu\/en\/#website"},"primaryImageOfPage":{"@id":"https:\/\/bolting.eu\/en\/shop\/moon-warrior-crash-pad\/#primaryimage"},"image":{"@id":"https:\/\/bolting.eu\/en\/shop\/moon-warrior-crash-pad\/#primaryimage"},"thumbnailUrl":"https:\/\/bolting.eu\/wp-content\/uploads\/2021\/11\/crash-pad-warrior-retro-green-01.jpg","datePublished":"2021-11-23T11:35:32+00:00","dateModified":"2023-04-20T22:49:18+00:00","description":"Hier findest Du das MOON WARRIOR CRASH PAD. Eine hochwertige Bouldermatte in Taco Bauweise 130 x 100 x 11cm mit langlebigen Schaumstoffen!","breadcrumb":{"@id":"https:\/\/bolting.eu\/en\/shop\/moon-warrior-crash-pad\/#breadcrumb"},"inLanguage":"en-US","potentialAction":[{"@type":"ReadAction","target":["https:\/\/bolting.eu\/en\/shop\/moon-warrior-crash-pad\/"]}]},{"@type":"ImageObject","inLanguage":"en-US","@id":"https:\/\/bolting.eu\/en\/shop\/moon-warrior-crash-pad\/#primaryimage","url":"https:\/\/bolting.eu\/wp-content\/uploads\/2021\/11\/crash-pad-warrior-retro-green-01.jpg","contentUrl":"https:\/\/bolting.eu\/wp-content\/uploads\/2021\/11\/crash-pad-warrior-retro-green-01.jpg","width":700,"height":700,"caption":"Das Bild zeigt das gr\u00fcne Moon Warrior Crash Pad aufgelegt in einem wei\u00dfem Quadrat."},{"@type":"BreadcrumbList","@id":"https:\/\/bolting.eu\/en\/shop\/moon-warrior-crash-pad\/#breadcrumb","itemListElement":[{"@type":"ListItem","position":1,"name":"Shop","item":"https:\/\/bolting.eu\/en\/shop\/"},{"@type":"ListItem","position":2,"name":"Boulder Ausr\u00fcstung","item":"https:\/\/bolting.eu\/produkt-kategorie\/boulder-ausruestung\/"},{"@type":"ListItem","position":3,"name":"Bouldermatten","item":"https:\/\/bolting.eu\/produkt-kategorie\/boulder-ausruestung\/bouldermatte\/"},{"@type":"ListItem","position":4,"name":"Moon Warrior Crash Pad"}]},{"@type":"WebSite","@id":"https:\/\/bolting.eu\/en\/#website","url":"https:\/\/bolting.eu\/en\/","name":"bolting.eu","description":"we make climbs happen","publisher":{"@id":"https:\/\/bolting.eu\/en\/#organization"},"potentialAction":[{"@type":"SearchAction","target":{"@type":"EntryPoint","urlTemplate":"https:\/\/bolting.eu\/en\/?s={search_term_string}"},"query-input":{"@type":"PropertyValueSpecification","valueRequired":true,"valueName":"search_term_string"}}],"inLanguage":"en-US"},{"@type":["Organization","Place","SportingGoodsStore"],"@id":"https:\/\/bolting.eu\/en\/#organization","name":"bolting.eu","url":"https:\/\/bolting.eu\/en\/","logo":{"@id":"https:\/\/bolting.eu\/en\/shop\/moon-warrior-crash-pad\/#local-main-organization-logo"},"image":{"@id":"https:\/\/bolting.eu\/en\/shop\/moon-warrior-crash-pad\/#local-main-organization-logo"},"sameAs":["https:\/\/www.facebook.com\/bolting.eu","https:\/\/www.instagram.com\/bolting.eu\/"],"address":{"@id":"https:\/\/bolting.eu\/en\/shop\/moon-warrior-crash-pad\/#local-main-place-address"},"geo":{"@type":"GeoCoordinates","latitude":"47.264176340396226","longitude":"11.380109057672346"},"telephone":["+43 699 19083372"],"openingHoursSpecification":[{"@type":"OpeningHoursSpecification","dayOfWeek":["Monday","Wednesday","Friday"],"opens":"14:00","closes":"18:00"},{"@type":"OpeningHoursSpecification","dayOfWeek":["Tuesday","Thursday","Saturday","Sunday"],"opens":"00:00","closes":"00:00"}],"email":"office@bolting.eu","vatID":"ATU59999728","priceRange":"$$","currenciesAccepted":"Euro"},{"@type":"PostalAddress","@id":"https:\/\/bolting.eu\/en\/shop\/moon-warrior-crash-pad\/#local-main-place-address","streetAddress":"Fischnalerstra\u00dfe 4","addressLocality":"Innsbruck","postalCode":"6020","addressRegion":"Tirol","addressCountry":"AT"},{"@type":"ImageObject","inLanguage":"en-US","@id":"https:\/\/bolting.eu\/en\/shop\/moon-warrior-crash-pad\/#local-main-organization-logo","url":"https:\/\/bolting.eu\/wp-content\/uploads\/2019\/09\/bolting-logo.png","contentUrl":"https:\/\/bolting.eu\/wp-content\/uploads\/2019\/09\/bolting-logo.png","width":400,"height":211,"caption":"bolting.eu"}]},"og_availability":"out of stock","product_availability":"out of stock","product_condition":"new","geo.placename":"Innsbruck","geo.position":{"lat":"47.264176340396226","long":"11.380109057672346"},"geo.region":"Austria"},"_links":{"self":[{"href":"https:\/\/bolting.eu\/en\/wp-json\/wp\/v2\/product\/10726","targetHints":{"allow":["GET"]}}],"collection":[{"href":"https:\/\/bolting.eu\/en\/wp-json\/wp\/v2\/product"}],"about":[{"href":"https:\/\/bolting.eu\/en\/wp-json\/wp\/v2\/types\/product"}],"replies":[{"embeddable":true,"href":"https:\/\/bolting.eu\/en\/wp-json\/wp\/v2\/comments?post=10726"}],"wp:featuredmedia":[{"embeddable":true,"href":"https:\/\/bolting.eu\/en\/wp-json\/wp\/v2\/media\/10732"}],"wp:attachment":[{"href":"https:\/\/bolting.eu\/en\/wp-json\/wp\/v2\/media?parent=10726"}],"wp:term":[{"taxonomy":"product_brand","embeddable":true,"href":"https:\/\/bolting.eu\/en\/wp-json\/wp\/v2\/product_brand?post=10726"},{"taxonomy":"product_cat","embeddable":true,"href":"https:\/\/bolting.eu\/en\/wp-json\/wp\/v2\/product_cat?post=10726"},{"taxonomy":"product_tag","embeddable":true,"href":"https:\/\/bolting.eu\/en\/wp-json\/wp\/v2\/product_tag?post=10726"}],"curies":[{"name":"wp","href":"https:\/\/api.w.org\/{rel}","templated":true}]}}