{"id":10707,"date":"2021-11-23T09:46:23","date_gmt":"2021-11-23T08:46:23","guid":{"rendered":"https:\/\/bolting.eu\/?post_type=product&#038;p=10707"},"modified":"2025-04-19T14:13:41","modified_gmt":"2025-04-19T12:13:41","slug":"black-diamond-mondo","status":"publish","type":"product","link":"https:\/\/bolting.eu\/en\/shop\/black-diamond-mondo\/","title":{"rendered":"Black Diamond Mondo"},"content":{"rendered":"<p>Die Black Diamond Mondo Bouldermatte ist ein typisches Highball Modell. D.h. es hat besonders gro\u00dfe Dimensionen. Einerseits um eine gro\u00dfe Landefl\u00e4che abzudecken. Und andererseits um die Aufprallenergie aus gro\u00dfen H\u00f6hen aufzunehmen.<\/p>\n<p>Folglich \u00fcberraschen die Ma\u00dfe 165 x 112 x 12,5cm wenig. Ebenso die weiteren hochwertigen Features dieses Burito Style Crashpads.<\/p>\n<p>Erstens die zwei hochwertigen Schaumstoff Lagen. Oben geschlossener PE-Schaum, unterhalb hoch-absorbierender PU Schaum. Zweitens sind alle Schnallen des Mondo aus Stahl, sodass nichts brechen kann.<\/p>\n<p>Drittens sind die Ecken verst\u00e4rkt und eckig. Hiermit kann man die Pads sch\u00f6n aneinander legen, ohne dass L\u00f6cher entstehen. Und viertens ist das Tragesystem neu \u00fcberarbeitet worden und bieten einen sehr guten Komfort.<\/p>\n<h3>Eigenschaften Black Diamond Mondo<\/h3>\n<ul>\n<li>Hersteller: <a href=\"https:\/\/bolting.eu\/produkt-kategorie\/black-diamond\/\">Black Diamond<\/a><\/li>\n<li>hochwertige Bouldermatte mittlerer Gr\u00f6\u00dfe<\/li>\n<li>Ma\u00dfe offen: 165 x 112 x 12,5cm<\/li>\n<li>Ma\u00dfe geschlossen: 112 x 82,5 x 25cm<\/li>\n<li>geschlossener PE Schaum oben, hoch-komprimierbarer PU Schaum unten<\/li>\n<li>Schnallen aus Stahl<\/li>\n<li>1000d Nylon mit PU Laminat an Oberseite und Kanten<\/li>\n<li>Gummi-\u00dcberzug an der Pad Unterseite als Schutz gegen Feuchtigkeit<\/li>\n<li>elastischer \u201eLatz\u201c zum Fixieren in geschlossenem Zustand<\/li>\n<li>Burito-Style \u2013 zum Zusammenklappen (= 1 Spalt)<\/li>\n<li>angenehmes Tragesystem mit gepolsterten Riemen<\/li>\n<li><a href=\"https:\/\/www.blackdiamondequipment.com\/en_US\/product\/mondo-crash-pad\/#:~:text=Product%20Instructions%20%2D%20Cleaning\" target=\"_blank\" rel=\"noopener\">Pflegeanleitung<\/a><\/li>\n<\/ul>\n<h3>Video<\/h3>\n<p>Gewinnt selber einen Eindruck vom Black Diamond Mondo im folgenden Video. Es zeigt euch die wichtigsten Produkt Features und St\u00e4rken.<\/p>\n<p><iframe loading=\"lazy\" title=\"YouTube video player\" src=\"https:\/\/www.youtube.com\/embed\/WG0CgUw3t9o\" width=\"75%\" height=\"420\" frameborder=\"0\" allowfullscreen=\"allowfullscreen\"><span data-mce-type=\"bookmark\" style=\"display: inline-block; width: 0px; overflow: hidden; line-height: 0;\" class=\"mce_SELRES_start\">\ufeff<\/span><\/iframe><\/p>\n<p>&nbsp;<\/p>\n<h3>F\u00fcr wen ist das Black Diamond Mondo gedacht?<\/h3>\n<p>Dieses Crashpad ist etwas f\u00fcr Boulder Enthusiasten. Denn die Matte ist zum einen sehr gro\u00df und hat zum anderen einen stolzen Preis. Da sollte man der passende Anwender daf\u00fcr sein.<\/p>\n<p>Wie z.B. jemand der sehr viel bouldert und oft eine gro\u00dfe Landefl\u00e4che braucht bzw. eine richtig &#8220;fette&#8221; Matte. Wenn ihr euch da angesprochen f\u00fchlt, dann ist das Mondo definitiv eine gute Option f\u00fcr euch. Meistens erg\u00e4nzen Boulderer dieses Highball Matte auch mit einem vern\u00fcnftigen Zeit-Pad, wie z.B. dem <a href=\"https:\/\/bolting.eu\/shop\/black-diamond-drop-zone\/\">Drop Zone<\/a>.<\/p>\n<h3>Schutz Laminate f\u00fcr lange Lebensdauer<\/h3>\n<p>Diese Bouldermatte hat zwei unterschiedliche Laminate, um f\u00fcr eine besonders lange Lebensdauer zu sorgen.<\/p>\n<p>Auf der Oberseite ist das Black Diamond Mondo bzw. das 1000d Nylon n\u00e4mlich mit einer Polyurethane Schutzschichte \u00fcberzogen. Das hilft Schmutz und vor allem Feuchtigkeit drau\u00dfen zu halten.<\/p>\n<p>Auf der Unterseite sorgt eine Gummibeschichtung f\u00fcr zwei Dinge. Erstens mehr Halt auf rutschigen Untergr\u00fcnden. Und zweitens f\u00fcr Schutz gegen eindringende Feuchtigkeit.<\/p>\n<figure id=\"attachment_10714\" aria-describedby=\"caption-attachment-10714\" style=\"width: 400px\" class=\"wp-caption alignnone\"><a href=\"https:\/\/bolting.eu\/wp-content\/uploads\/2021\/11\/Black-Diamond-Mondo-5.jpg\"><img loading=\"lazy\" decoding=\"async\" class=\"wp-image-10714 size-medium\" src=\"https:\/\/bolting.eu\/wp-content\/uploads\/2021\/11\/Black-Diamond-Mondo-5-400x400.jpg\" alt=\"Das Bild zeigt die Unterseite einer Bouldermatte mit einem schwarzen Gummi Laminat f\u00fcr besseren Halt.\" width=\"400\" height=\"400\" srcset=\"https:\/\/bolting.eu\/wp-content\/uploads\/2021\/11\/Black-Diamond-Mondo-5-400x400.jpg 400w, https:\/\/bolting.eu\/wp-content\/uploads\/2021\/11\/Black-Diamond-Mondo-5-100x100.jpg 100w, https:\/\/bolting.eu\/wp-content\/uploads\/2021\/11\/Black-Diamond-Mondo-5-510x510.jpg 510w, https:\/\/bolting.eu\/wp-content\/uploads\/2021\/11\/Black-Diamond-Mondo-5-280x280.jpg 280w, https:\/\/bolting.eu\/wp-content\/uploads\/2021\/11\/Black-Diamond-Mondo-5-300x300.jpg 300w, https:\/\/bolting.eu\/wp-content\/uploads\/2021\/11\/Black-Diamond-Mondo-5-600x600.jpg 600w, https:\/\/bolting.eu\/wp-content\/uploads\/2021\/11\/Black-Diamond-Mondo-5.jpg 700w\" sizes=\"auto, (max-width: 400px) 100vw, 400px\" \/><\/a><figcaption id=\"caption-attachment-10714\" class=\"wp-caption-text\">Die Unterseite des Mondo ist mit einem Gummi Laminat versehen, als Schutz gegen Feuchtigkeit und zum besseren Halt am Fels.<\/figcaption><\/figure>\n<h3>Leicht zum Ziehen und Tragen<\/h3>\n<p>Die Mondo Bouldermatte von Black Diamond ist nicht umsonst eine der beliebtesten Highball Matten in der Community. Denn dieses Modell ist an allen vier Ecken mit einer Trageschleife ausgestattet, sowie mit zwei zentralen Schulterriemen.<\/p>\n<p>So mit kann man dieses gro\u00dfe und schwere Pad &#8211; einmal ausgepackt &#8211; leicht hin und her schleifen. Alle Schlaufen k\u00f6nnen \u00fcbrigens mit einem Klettverschluss super verstaut werden.<\/p>\n<p>2020 hat Black Diamond dann auch nochmals das Tragesystem \u00fcberarbeitet. Die Schulterriemen sind dabei etwas breiter geworden und haben eine Polsterung erhalten. Der H\u00fcftgurt wurde ebenfalls mit gepolsterten B\u00e4ndern ausgestattet.<\/p>\n<figure id=\"attachment_10713\" aria-describedby=\"caption-attachment-10713\" style=\"width: 400px\" class=\"wp-caption alignnone\"><a href=\"https:\/\/bolting.eu\/wp-content\/uploads\/2021\/11\/Black-Diamond-Mondo-4.jpg\"><img loading=\"lazy\" decoding=\"async\" class=\"wp-image-10713 size-medium\" src=\"https:\/\/bolting.eu\/wp-content\/uploads\/2021\/11\/Black-Diamond-Mondo-4-400x400.jpg\" alt=\"Das Bild zeigt einen Kletterer mit roter Jacke der eine Bouldermatte mit einem Tragegurt bzw. H\u00fcftgurt am R\u00fccken hat.\" width=\"400\" height=\"400\" srcset=\"https:\/\/bolting.eu\/wp-content\/uploads\/2021\/11\/Black-Diamond-Mondo-4-400x400.jpg 400w, https:\/\/bolting.eu\/wp-content\/uploads\/2021\/11\/Black-Diamond-Mondo-4-100x100.jpg 100w, https:\/\/bolting.eu\/wp-content\/uploads\/2021\/11\/Black-Diamond-Mondo-4-510x510.jpg 510w, https:\/\/bolting.eu\/wp-content\/uploads\/2021\/11\/Black-Diamond-Mondo-4-280x280.jpg 280w, https:\/\/bolting.eu\/wp-content\/uploads\/2021\/11\/Black-Diamond-Mondo-4-300x300.jpg 300w, https:\/\/bolting.eu\/wp-content\/uploads\/2021\/11\/Black-Diamond-Mondo-4-600x600.jpg 600w, https:\/\/bolting.eu\/wp-content\/uploads\/2021\/11\/Black-Diamond-Mondo-4.jpg 700w\" sizes=\"auto, (max-width: 400px) 100vw, 400px\" \/><\/a><figcaption id=\"caption-attachment-10713\" class=\"wp-caption-text\">Um das gro\u00dfe Mondo Pad effektiv tragen zu k\u00f6nnen, wurde das Tragesystem upgegraded!<\/figcaption><\/figure>\n<h4><strong>Das solltest du niemals machen&#8230;<\/strong><\/h4>\n<p>Damit du lange an deinem Mondo Crashpad eine Freude hast, solltest du ein paar wenige Dinge tunlichst vermeiden. Wie z.B.:<\/p>\n<ul>\n<li>dein Pad schmutzig und feucht im Keller lagern<\/li>\n<li>die Matte lange im Auto am R\u00fccksitz liegen lassen<\/li>\n<li>auf einer Heizung trocknen<\/li>\n<li>auf spitze Steine und \u00c4ste legen<\/li>\n<li>nah ans Lagerfeuer legen<\/li>\n<li>in der Garage neben dem Benzinkanister liegen lassen<\/li>\n<\/ul>\n","protected":false},"excerpt":{"rendered":"<p>Die Black Diamond Mondo Bouldermatte ist ein gro\u00dfes 165 x 112 x 12,5cm Pad f\u00fcr Boulder Enthusiasten und Highball Liebhaber.<\/p>\n<p>Dieses &#8220;fette&#8221; Pad sichert eine gro\u00dfe Landefl\u00e4che ab und sch\u00fctzt bei Aufprall aus gro\u00dfer H\u00f6he. Eine der beliebtesten Pads in der Boulder Community!<\/p>\n","protected":false},"featured_media":10716,"comment_status":"open","ping_status":"closed","template":"","meta":[],"product_brand":[],"product_cat":[13906,4658,5284,6358],"product_tag":[],"class_list":{"0":"post-10707","1":"product","2":"type-product","3":"status-publish","4":"has-post-thumbnail","6":"product_cat-sperrgut-gross","7":"product_cat-black-diamond","8":"product_cat-boulder-ausruestung","9":"product_cat-bouldermatte","11":"first","12":"outofstock","13":"sale","14":"taxable","15":"shipping-taxable","16":"purchasable","17":"product-type-simple"},"yoast_head":"<!-- This site is optimized with the Yoast SEO Premium plugin v26.9 (Yoast SEO v26.9) - https:\/\/yoast.com\/product\/yoast-seo-premium-wordpress\/ -->\n<title>Black Diamond Mondo - Highball Bouldermatte | bolting.eu<\/title>\n<meta name=\"description\" content=\"Hier findest Du die BLACK DIAMOND MONDO Bouldermatte. Ein Highball Crasjh Pad mit 165 x 82 x 12,5cm f\u00fcr Boulder Enthusiasten!\" \/>\n<meta name=\"robots\" content=\"index, follow, max-snippet:-1, max-image-preview:large, max-video-preview:-1\" \/>\n<link rel=\"canonical\" href=\"https:\/\/bolting.eu\/en\/shop\/black-diamond-mondo\/\" \/>\n<meta property=\"og:locale\" content=\"en_US\" \/>\n<meta property=\"og:type\" content=\"article\" \/>\n<meta property=\"og:title\" content=\"Black Diamond Mondo\" \/>\n<meta property=\"og:description\" content=\"Hier findest Du die BLACK DIAMOND MONDO Bouldermatte. Ein Highball Crasjh Pad mit 165 x 82 x 12,5cm f\u00fcr Boulder Enthusiasten!\" \/>\n<meta property=\"og:url\" content=\"https:\/\/bolting.eu\/en\/shop\/black-diamond-mondo\/\" \/>\n<meta property=\"og:site_name\" content=\"bolting.eu\" \/>\n<meta property=\"article:publisher\" content=\"https:\/\/www.facebook.com\/bolting.eu\" \/>\n<meta property=\"article:modified_time\" content=\"2025-04-19T12:13:41+00:00\" \/>\n<meta property=\"og:image\" content=\"https:\/\/bolting.eu\/wp-content\/uploads\/2021\/11\/Black-Diamond-Mondo-7.jpg\" \/>\n\t<meta property=\"og:image:width\" content=\"700\" \/>\n\t<meta property=\"og:image:height\" content=\"700\" \/>\n\t<meta property=\"og:image:type\" content=\"image\/jpeg\" \/>\n<meta name=\"twitter:card\" content=\"summary_large_image\" \/>\n<meta name=\"twitter:label1\" content=\"Price\" \/>\n\t<meta name=\"twitter:data1\" content=\"&euro;&nbsp;360,00\" \/>\n\t<meta name=\"twitter:label2\" content=\"Availability\" \/>\n\t<meta name=\"twitter:data2\" content=\"Out of stock\" \/>\n<script type=\"application\/ld+json\" class=\"yoast-schema-graph\">{\"@context\":\"https:\/\/schema.org\",\"@graph\":[{\"@type\":[\"WebPage\",\"ItemPage\"],\"@id\":\"https:\/\/bolting.eu\/en\/shop\/black-diamond-mondo\/\",\"url\":\"https:\/\/bolting.eu\/en\/shop\/black-diamond-mondo\/\",\"name\":\"Black Diamond Mondo - Highball Bouldermatte | bolting.eu\",\"isPartOf\":{\"@id\":\"https:\/\/bolting.eu\/en\/#website\"},\"primaryImageOfPage\":{\"@id\":\"https:\/\/bolting.eu\/en\/shop\/black-diamond-mondo\/#primaryimage\"},\"image\":{\"@id\":\"https:\/\/bolting.eu\/en\/shop\/black-diamond-mondo\/#primaryimage\"},\"thumbnailUrl\":\"https:\/\/bolting.eu\/wp-content\/uploads\/2021\/11\/Black-Diamond-Mondo-7.jpg\",\"datePublished\":\"2021-11-23T08:46:23+00:00\",\"dateModified\":\"2025-04-19T12:13:41+00:00\",\"description\":\"Hier findest Du die BLACK DIAMOND MONDO Bouldermatte. Ein Highball Crasjh Pad mit 165 x 82 x 12,5cm f\u00fcr Boulder Enthusiasten!\",\"breadcrumb\":{\"@id\":\"https:\/\/bolting.eu\/en\/shop\/black-diamond-mondo\/#breadcrumb\"},\"inLanguage\":\"en-US\",\"potentialAction\":[{\"@type\":\"ReadAction\",\"target\":[\"https:\/\/bolting.eu\/en\/shop\/black-diamond-mondo\/\"]}]},{\"@type\":\"ImageObject\",\"inLanguage\":\"en-US\",\"@id\":\"https:\/\/bolting.eu\/en\/shop\/black-diamond-mondo\/#primaryimage\",\"url\":\"https:\/\/bolting.eu\/wp-content\/uploads\/2021\/11\/Black-Diamond-Mondo-7.jpg\",\"contentUrl\":\"https:\/\/bolting.eu\/wp-content\/uploads\/2021\/11\/Black-Diamond-Mondo-7.jpg\",\"width\":700,\"height\":700,\"caption\":\"Das Bild zeigt die Black Diamond Mondo Bouldermatte ausgebreitet auf einem wei\u00dfem Quadrat. Man sieht die LAndefl\u00e4che mit den drei Rot-T\u00f6nen und dem Logo.\"},{\"@type\":\"BreadcrumbList\",\"@id\":\"https:\/\/bolting.eu\/en\/shop\/black-diamond-mondo\/#breadcrumb\",\"itemListElement\":[{\"@type\":\"ListItem\",\"position\":1,\"name\":\"Shop\",\"item\":\"https:\/\/bolting.eu\/en\/shop\/\"},{\"@type\":\"ListItem\",\"position\":2,\"name\":\"Boulder Ausr\u00fcstung\",\"item\":\"https:\/\/bolting.eu\/produkt-kategorie\/boulder-ausruestung\/\"},{\"@type\":\"ListItem\",\"position\":3,\"name\":\"Bouldermatten\",\"item\":\"https:\/\/bolting.eu\/produkt-kategorie\/boulder-ausruestung\/bouldermatte\/\"},{\"@type\":\"ListItem\",\"position\":4,\"name\":\"Black Diamond Mondo\"}]},{\"@type\":\"WebSite\",\"@id\":\"https:\/\/bolting.eu\/en\/#website\",\"url\":\"https:\/\/bolting.eu\/en\/\",\"name\":\"bolting.eu\",\"description\":\"we make climbs happen\",\"publisher\":{\"@id\":\"https:\/\/bolting.eu\/en\/#organization\"},\"potentialAction\":[{\"@type\":\"SearchAction\",\"target\":{\"@type\":\"EntryPoint\",\"urlTemplate\":\"https:\/\/bolting.eu\/en\/?s={search_term_string}\"},\"query-input\":{\"@type\":\"PropertyValueSpecification\",\"valueRequired\":true,\"valueName\":\"search_term_string\"}}],\"inLanguage\":\"en-US\"},{\"@type\":[\"Organization\",\"Place\",\"SportingGoodsStore\"],\"@id\":\"https:\/\/bolting.eu\/en\/#organization\",\"name\":\"bolting.eu\",\"url\":\"https:\/\/bolting.eu\/en\/\",\"logo\":{\"@id\":\"https:\/\/bolting.eu\/en\/shop\/black-diamond-mondo\/#local-main-organization-logo\"},\"image\":{\"@id\":\"https:\/\/bolting.eu\/en\/shop\/black-diamond-mondo\/#local-main-organization-logo\"},\"sameAs\":[\"https:\/\/www.facebook.com\/bolting.eu\",\"https:\/\/www.instagram.com\/bolting.eu\/\"],\"address\":{\"@id\":\"https:\/\/bolting.eu\/en\/shop\/black-diamond-mondo\/#local-main-place-address\"},\"geo\":{\"@type\":\"GeoCoordinates\",\"latitude\":\"47.264176340396226\",\"longitude\":\"11.380109057672346\"},\"telephone\":[\"+43 699 19083372\"],\"openingHoursSpecification\":[{\"@type\":\"OpeningHoursSpecification\",\"dayOfWeek\":[\"Monday\",\"Wednesday\",\"Friday\"],\"opens\":\"14:00\",\"closes\":\"18:00\"},{\"@type\":\"OpeningHoursSpecification\",\"dayOfWeek\":[\"Tuesday\",\"Thursday\",\"Saturday\",\"Sunday\"],\"opens\":\"00:00\",\"closes\":\"00:00\"}],\"email\":\"office@bolting.eu\",\"vatID\":\"ATU59999728\",\"priceRange\":\"$$\",\"currenciesAccepted\":\"Euro\"},{\"@type\":\"PostalAddress\",\"@id\":\"https:\/\/bolting.eu\/en\/shop\/black-diamond-mondo\/#local-main-place-address\",\"streetAddress\":\"Fischnalerstra\u00dfe 4\",\"addressLocality\":\"Innsbruck\",\"postalCode\":\"6020\",\"addressRegion\":\"Tirol\",\"addressCountry\":\"AT\"},{\"@type\":\"ImageObject\",\"inLanguage\":\"en-US\",\"@id\":\"https:\/\/bolting.eu\/en\/shop\/black-diamond-mondo\/#local-main-organization-logo\",\"url\":\"https:\/\/bolting.eu\/wp-content\/uploads\/2019\/09\/bolting-logo.png\",\"contentUrl\":\"https:\/\/bolting.eu\/wp-content\/uploads\/2019\/09\/bolting-logo.png\",\"width\":400,\"height\":211,\"caption\":\"bolting.eu\"}]}<\/script>\n<meta property=\"og:video\" content=\"https:\/\/www.youtube.com\/embed\/WG0CgUw3t9o\" \/>\n<meta property=\"og:video:type\" content=\"text\/html\" \/>\n<meta property=\"og:video:duration\" content=\"60\" \/>\n<meta property=\"og:video:width\" content=\"480\" \/>\n<meta property=\"og:video:height\" content=\"270\" \/>\n<meta property=\"ya:ovs:adult\" content=\"false\" \/>\n<meta property=\"ya:ovs:upload_date\" content=\"2021-11-23T08:46:23+00:00\" \/>\n<meta property=\"ya:ovs:allow_embed\" content=\"true\" \/>\n<meta property=\"product:price:amount\" content=\"360.00\" \/>\n<meta property=\"product:price:currency\" content=\"EUR\" \/>\n<meta property=\"og:availability\" content=\"out of stock\" \/>\n<meta property=\"product:availability\" content=\"out of stock\" \/>\n<meta property=\"product:retailer_item_id\" content=\"550803\" \/>\n<meta property=\"product:condition\" content=\"new\" \/>\n<meta name=\"geo.placename\" content=\"Innsbruck\" \/>\n<meta name=\"geo.position\" content=\"47.264176340396226;11.380109057672346\" \/>\n<meta name=\"geo.region\" content=\"Austria\" \/>\n<!-- \/ Yoast SEO Premium plugin. -->","yoast_head_json":{"title":"Black Diamond Mondo - Highball Bouldermatte | bolting.eu","description":"Hier findest Du die BLACK DIAMOND MONDO Bouldermatte. Ein Highball Crasjh Pad mit 165 x 82 x 12,5cm f\u00fcr Boulder Enthusiasten!","robots":{"index":"index","follow":"follow","max-snippet":"max-snippet:-1","max-image-preview":"max-image-preview:large","max-video-preview":"max-video-preview:-1"},"canonical":"https:\/\/bolting.eu\/en\/shop\/black-diamond-mondo\/","og_locale":"en_US","og_type":"article","og_title":"Black Diamond Mondo","og_description":"Hier findest Du die BLACK DIAMOND MONDO Bouldermatte. Ein Highball Crasjh Pad mit 165 x 82 x 12,5cm f\u00fcr Boulder Enthusiasten!","og_url":"https:\/\/bolting.eu\/en\/shop\/black-diamond-mondo\/","og_site_name":"bolting.eu","article_publisher":"https:\/\/www.facebook.com\/bolting.eu","article_modified_time":"2025-04-19T12:13:41+00:00","og_image":[{"width":700,"height":700,"url":"https:\/\/bolting.eu\/wp-content\/uploads\/2021\/11\/Black-Diamond-Mondo-7.jpg","type":"image\/jpeg"}],"twitter_card":"summary_large_image","twitter_misc":{"Price":"&euro;&nbsp;360,00","Availability":"Out of stock"},"schema":{"@context":"https:\/\/schema.org","@graph":[{"@type":["WebPage","ItemPage"],"@id":"https:\/\/bolting.eu\/en\/shop\/black-diamond-mondo\/","url":"https:\/\/bolting.eu\/en\/shop\/black-diamond-mondo\/","name":"Black Diamond Mondo - Highball Bouldermatte | bolting.eu","isPartOf":{"@id":"https:\/\/bolting.eu\/en\/#website"},"primaryImageOfPage":{"@id":"https:\/\/bolting.eu\/en\/shop\/black-diamond-mondo\/#primaryimage"},"image":{"@id":"https:\/\/bolting.eu\/en\/shop\/black-diamond-mondo\/#primaryimage"},"thumbnailUrl":"https:\/\/bolting.eu\/wp-content\/uploads\/2021\/11\/Black-Diamond-Mondo-7.jpg","datePublished":"2021-11-23T08:46:23+00:00","dateModified":"2025-04-19T12:13:41+00:00","description":"Hier findest Du die BLACK DIAMOND MONDO Bouldermatte. Ein Highball Crasjh Pad mit 165 x 82 x 12,5cm f\u00fcr Boulder Enthusiasten!","breadcrumb":{"@id":"https:\/\/bolting.eu\/en\/shop\/black-diamond-mondo\/#breadcrumb"},"inLanguage":"en-US","potentialAction":[{"@type":"ReadAction","target":["https:\/\/bolting.eu\/en\/shop\/black-diamond-mondo\/"]}]},{"@type":"ImageObject","inLanguage":"en-US","@id":"https:\/\/bolting.eu\/en\/shop\/black-diamond-mondo\/#primaryimage","url":"https:\/\/bolting.eu\/wp-content\/uploads\/2021\/11\/Black-Diamond-Mondo-7.jpg","contentUrl":"https:\/\/bolting.eu\/wp-content\/uploads\/2021\/11\/Black-Diamond-Mondo-7.jpg","width":700,"height":700,"caption":"Das Bild zeigt die Black Diamond Mondo Bouldermatte ausgebreitet auf einem wei\u00dfem Quadrat. Man sieht die LAndefl\u00e4che mit den drei Rot-T\u00f6nen und dem Logo."},{"@type":"BreadcrumbList","@id":"https:\/\/bolting.eu\/en\/shop\/black-diamond-mondo\/#breadcrumb","itemListElement":[{"@type":"ListItem","position":1,"name":"Shop","item":"https:\/\/bolting.eu\/en\/shop\/"},{"@type":"ListItem","position":2,"name":"Boulder Ausr\u00fcstung","item":"https:\/\/bolting.eu\/produkt-kategorie\/boulder-ausruestung\/"},{"@type":"ListItem","position":3,"name":"Bouldermatten","item":"https:\/\/bolting.eu\/produkt-kategorie\/boulder-ausruestung\/bouldermatte\/"},{"@type":"ListItem","position":4,"name":"Black Diamond Mondo"}]},{"@type":"WebSite","@id":"https:\/\/bolting.eu\/en\/#website","url":"https:\/\/bolting.eu\/en\/","name":"bolting.eu","description":"we make climbs happen","publisher":{"@id":"https:\/\/bolting.eu\/en\/#organization"},"potentialAction":[{"@type":"SearchAction","target":{"@type":"EntryPoint","urlTemplate":"https:\/\/bolting.eu\/en\/?s={search_term_string}"},"query-input":{"@type":"PropertyValueSpecification","valueRequired":true,"valueName":"search_term_string"}}],"inLanguage":"en-US"},{"@type":["Organization","Place","SportingGoodsStore"],"@id":"https:\/\/bolting.eu\/en\/#organization","name":"bolting.eu","url":"https:\/\/bolting.eu\/en\/","logo":{"@id":"https:\/\/bolting.eu\/en\/shop\/black-diamond-mondo\/#local-main-organization-logo"},"image":{"@id":"https:\/\/bolting.eu\/en\/shop\/black-diamond-mondo\/#local-main-organization-logo"},"sameAs":["https:\/\/www.facebook.com\/bolting.eu","https:\/\/www.instagram.com\/bolting.eu\/"],"address":{"@id":"https:\/\/bolting.eu\/en\/shop\/black-diamond-mondo\/#local-main-place-address"},"geo":{"@type":"GeoCoordinates","latitude":"47.264176340396226","longitude":"11.380109057672346"},"telephone":["+43 699 19083372"],"openingHoursSpecification":[{"@type":"OpeningHoursSpecification","dayOfWeek":["Monday","Wednesday","Friday"],"opens":"14:00","closes":"18:00"},{"@type":"OpeningHoursSpecification","dayOfWeek":["Tuesday","Thursday","Saturday","Sunday"],"opens":"00:00","closes":"00:00"}],"email":"office@bolting.eu","vatID":"ATU59999728","priceRange":"$$","currenciesAccepted":"Euro"},{"@type":"PostalAddress","@id":"https:\/\/bolting.eu\/en\/shop\/black-diamond-mondo\/#local-main-place-address","streetAddress":"Fischnalerstra\u00dfe 4","addressLocality":"Innsbruck","postalCode":"6020","addressRegion":"Tirol","addressCountry":"AT"},{"@type":"ImageObject","inLanguage":"en-US","@id":"https:\/\/bolting.eu\/en\/shop\/black-diamond-mondo\/#local-main-organization-logo","url":"https:\/\/bolting.eu\/wp-content\/uploads\/2019\/09\/bolting-logo.png","contentUrl":"https:\/\/bolting.eu\/wp-content\/uploads\/2019\/09\/bolting-logo.png","width":400,"height":211,"caption":"bolting.eu"}]},"og_video":"https:\/\/www.youtube.com\/embed\/WG0CgUw3t9o","og_video_type":"text\/html","og_video_duration":"60","og_video_width":"480","og_video_height":"270","ya_ovs_adult":"false","ya_ovs_upload_date":"2021-11-23T08:46:23+00:00","ya_ovs_allow_embed":"true","product_price_amount":"360.00","product_price_currency":"EUR","og_availability":"out of stock","product_availability":"out of stock","product_retailer_item_id":"550803","product_condition":"new","geo.placename":"Innsbruck","geo.position":{"lat":"47.264176340396226","long":"11.380109057672346"},"geo.region":"Austria"},"_links":{"self":[{"href":"https:\/\/bolting.eu\/en\/wp-json\/wp\/v2\/product\/10707","targetHints":{"allow":["GET"]}}],"collection":[{"href":"https:\/\/bolting.eu\/en\/wp-json\/wp\/v2\/product"}],"about":[{"href":"https:\/\/bolting.eu\/en\/wp-json\/wp\/v2\/types\/product"}],"replies":[{"embeddable":true,"href":"https:\/\/bolting.eu\/en\/wp-json\/wp\/v2\/comments?post=10707"}],"wp:featuredmedia":[{"embeddable":true,"href":"https:\/\/bolting.eu\/en\/wp-json\/wp\/v2\/media\/10716"}],"wp:attachment":[{"href":"https:\/\/bolting.eu\/en\/wp-json\/wp\/v2\/media?parent=10707"}],"wp:term":[{"taxonomy":"product_brand","embeddable":true,"href":"https:\/\/bolting.eu\/en\/wp-json\/wp\/v2\/product_brand?post=10707"},{"taxonomy":"product_cat","embeddable":true,"href":"https:\/\/bolting.eu\/en\/wp-json\/wp\/v2\/product_cat?post=10707"},{"taxonomy":"product_tag","embeddable":true,"href":"https:\/\/bolting.eu\/en\/wp-json\/wp\/v2\/product_tag?post=10707"}],"curies":[{"name":"wp","href":"https:\/\/api.w.org\/{rel}","templated":true}]}}