{"id":10699,"date":"2021-11-22T15:21:21","date_gmt":"2021-11-22T14:21:21","guid":{"rendered":"https:\/\/bolting.eu\/?post_type=product&#038;p=10699"},"modified":"2023-03-15T15:32:23","modified_gmt":"2023-03-15T14:32:23","slug":"black-diamond-drop-zone","status":"publish","type":"product","link":"https:\/\/bolting.eu\/en\/shop\/black-diamond-drop-zone\/","title":{"rendered":"Black Diamond Drop Zone"},"content":{"rendered":"<p>Die Black Diamond Drop Zone ist eine mittelgro\u00dfe, hochwertige Bouldermatte. Mit einer Fl\u00e4che ausgebreitet von 122 x 104 x 9 cm und 4,75kg Gewicht ist sie ideal als Einsteiger Pad oder Zweit-Pad.<\/p>\n<p>Es handelt sich um eine Taco-Style Matte. D.h. sie wird zusammengerollt und wei\u00dft keine L\u00fccke im &#8220;Scharnier&#8221; auf. Den entstehenden Hohlraum im Tragemodus kann man dank des elastischen Schnellverschluss Systems ideal f\u00fcr Boulderausr\u00fcstung wie z.B. Schuhe und <a href=\"https:\/\/bolting.eu\/produkt-kategorie\/kletterausruestung\/chalkbag\/\">Chalkbag<\/a> nutzen.<\/p>\n<p>Die metallenen Schnallen sowie das verbesserte Tragesystem runden diese Matte ordentlich ab.<\/p>\n<figure id=\"attachment_10700\" aria-describedby=\"caption-attachment-10700\" style=\"width: 800px\" class=\"wp-caption alignnone\"><a href=\"https:\/\/bolting.eu\/wp-content\/uploads\/2021\/11\/Black-Diamond-Drop-Zone-6.jpg\"><img loading=\"lazy\" decoding=\"async\" class=\"size-full wp-image-10700\" src=\"https:\/\/bolting.eu\/wp-content\/uploads\/2021\/11\/Black-Diamond-Drop-Zone-6.jpg\" alt=\"Das Bild zeigt einen Boulderer zwischen Felsbl\u00f6cken mit zwei Bouldermatten. Eine am R\u00fccken, eine in der Hand.\" width=\"800\" height=\"533\" srcset=\"https:\/\/bolting.eu\/wp-content\/uploads\/2021\/11\/Black-Diamond-Drop-Zone-6.jpg 800w, https:\/\/bolting.eu\/wp-content\/uploads\/2021\/11\/Black-Diamond-Drop-Zone-6-510x340.jpg 510w, https:\/\/bolting.eu\/wp-content\/uploads\/2021\/11\/Black-Diamond-Drop-Zone-6-600x400.jpg 600w, https:\/\/bolting.eu\/wp-content\/uploads\/2021\/11\/Black-Diamond-Drop-Zone-6-768x512.jpg 768w\" sizes=\"auto, (max-width: 800px) 100vw, 800px\" \/><\/a><figcaption id=\"caption-attachment-10700\" class=\"wp-caption-text\">Das Drop Zone ist ein klassisches Einsteiger Pad bzw. Zweit-Pad.<\/figcaption><\/figure>\n<h2>Eigenschaften Black Diamond Drop Zone<\/h2>\n<ul>\n<li>Hersteller: <a href=\"https:\/\/bolting.eu\/produkt-kategorie\/black-diamond\/\">Black Diamond<\/a><\/li>\n<li>hochwertige Bouldermatte mittlerer Gr\u00f6\u00dfe<\/li>\n<li>Ma\u00dfe offen: 120 x 104 x 9cm<\/li>\n<li>Ma\u00dfe geschlossen: 104 x 66 x 18cm<\/li>\n<li>geschlossener PE Schaum oben, hoch-komprimierbarer PU Schaum unten<\/li>\n<li>Schnallen aus Stahl<\/li>\n<li>starkes 1000d Nylon mit PU Schutzlaminat<\/li>\n<li>elastischer &#8220;Latz&#8221; zum Fixieren in geschlossenem Zustand<\/li>\n<li>Taco-Style &#8211; Hohlraum ideal f\u00fcr <a href=\"https:\/\/bolting.eu\/boulderausruestung\/\">Boulderausr\u00fcstung<\/a><\/li>\n<li>angenehmes Tragesystem mit gepolsterten Riemen<\/li>\n<li><a href=\"https:\/\/www.blackdiamondequipment.com\/en_US\/product\/drop-zone-crash-pad\/#:~:text=Product%20Instructions%20%2D%20Cleaning\" target=\"_blank\" rel=\"noopener\">Pflegeanleitung<\/a><\/li>\n<\/ul>\n<h3>Video BD Crashpads<\/h3>\n<p>Macht auch selber einen Eindruck zu den Features der Pads wie dem Black Diamond Drop Zone im folgenden Video:<\/p>\n<p><iframe loading=\"lazy\" title=\"YouTube video player\" src=\"https:\/\/www.youtube.com\/embed\/q7UC0IOFza8\" width=\"75%\" height=\"420\" frameborder=\"0\" allowfullscreen=\"allowfullscreen\"><span data-mce-type=\"bookmark\" style=\"display: inline-block; width: 0px; overflow: hidden; line-height: 0;\" class=\"mce_SELRES_start\">\ufeff<\/span><\/iframe><\/p>\n<p>&nbsp;<\/p>\n<h3>Mid-Size Taco Modell<\/h3>\n<p>BD hat sich bei seinen Pads nat\u00fcrlich viele Gedanken gemacht. Deshalb gibt es eine klare Abstufung bei den Gr\u00f6\u00dfen bzw. Zielgruppen.<\/p>\n<p>Das Black Diamond Drop Zone ist als mittelgro\u00dfes Pad dabei f\u00fcr zwei Zielgruppen gedacht. Zum einen f\u00fcr motivierte Einsteiger, welche gleich einmal eine solide Matte haben wollen. Und andererseits f\u00fcr Profis, welche ein Taco-Style Zweit-Pad haben wollen.<\/p>\n<p>Das kleinste Pad w\u00e4re \u00fcbrigens das Circuit, das 2. kleinste das Impact und das gr\u00f6\u00dfte das <a href=\"https:\/\/bolting.eu\/shop\/black-diamond-mondo\/\">Mondo<\/a>.<\/p>\n<figure id=\"attachment_10704\" aria-describedby=\"caption-attachment-10704\" style=\"width: 700px\" class=\"wp-caption alignnone\"><a href=\"https:\/\/bolting.eu\/wp-content\/uploads\/2021\/11\/Black-Diamond-Drop-Zone-2.jpg\"><img loading=\"lazy\" decoding=\"async\" class=\"wp-image-10704 size-full\" src=\"https:\/\/bolting.eu\/wp-content\/uploads\/2021\/11\/Black-Diamond-Drop-Zone-2.jpg\" alt=\"Das Bild zeigt die die Black Diamond Drop Zone Bouldermatte in geschlossenem Zustand. MAn erkennt den Taco-Style Bautyp und das blaue Logo.\" width=\"700\" height=\"700\" srcset=\"https:\/\/bolting.eu\/wp-content\/uploads\/2021\/11\/Black-Diamond-Drop-Zone-2.jpg 700w, https:\/\/bolting.eu\/wp-content\/uploads\/2021\/11\/Black-Diamond-Drop-Zone-2-100x100.jpg 100w, https:\/\/bolting.eu\/wp-content\/uploads\/2021\/11\/Black-Diamond-Drop-Zone-2-510x510.jpg 510w, https:\/\/bolting.eu\/wp-content\/uploads\/2021\/11\/Black-Diamond-Drop-Zone-2-400x400.jpg 400w, https:\/\/bolting.eu\/wp-content\/uploads\/2021\/11\/Black-Diamond-Drop-Zone-2-280x280.jpg 280w, https:\/\/bolting.eu\/wp-content\/uploads\/2021\/11\/Black-Diamond-Drop-Zone-2-300x300.jpg 300w, https:\/\/bolting.eu\/wp-content\/uploads\/2021\/11\/Black-Diamond-Drop-Zone-2-600x600.jpg 600w\" sizes=\"auto, (max-width: 700px) 100vw, 700px\" \/><\/a><figcaption id=\"caption-attachment-10704\" class=\"wp-caption-text\">Dieses Modell wird wird wie ein Taco zusammengerollt, d.h. kein &#8220;Scharnier&#8221; bzw. &#8220;Spalt&#8221; und folglich eine durchgehende Absprungfl\u00e4che!<\/figcaption><\/figure>\n<h3>Black Diamond Drop Zone &#8211; Schaumstoffe<\/h3>\n<p>Die konsequente Verwendung hochwertiger Schaumstoffe hat zu einem sehr guten Ruf von BD in der Boulderszene gef\u00fchrt. Oder anders ausgedr\u00fcckt. Diese Pads sind auch absolut ihr Geld wert.<\/p>\n<p>Denn an der Oberseite sorgt ein geschlossener PE Schaum f\u00fcr eine solide Verteilung der Aufprallenergie. Der weichere PU Schaum an der Unterseite nimmt sie dann auf und leitet sie durch enorme Komprimierbarkeit weiter.<\/p>\n<p>Diese Eigenschaften behalten die Schaumstoffe \u00fcber eine lange Zeit bei. Entgegen g\u00fcnstigen Fabrikaten darf man hier also langfristig mit sehr guter D\u00e4mpfung rechnen.<\/p>\n<h3>H\u00fclle aus 1000d Nylon<\/h3>\n<p>Diese Bouldermatte wurde aus hochwertigen Materialien hergestellt Und das ist auch gut so. Denn wer seine Matte intensiv nutzt, setzt sie einem ordentlich Stress aus.<\/p>\n<p>Deshalb ist das Drop Zone Pad mit starkem 1000d Nylon umh\u00fcllt. An den Ecken wurde dieser sogar doppelt verst\u00e4rkt. Zudem ist die gesamte Oberseite mit einem PU Laminat \u00fcberzogen. D.h. weniger Feuchtigkeit im Schaumstoff und wesentlich besserer Schutz gegen Abrieb.<\/p>\n<h3>Black Diamond Drop Zone Tragesystem<\/h3>\n<p>Dieses Pad l\u00e4sst sich sehr gut am R\u00fccken tragen bzw. am Fels hin und her ziehen. Denn alle BD Modelle wurden 2020 mit einem neuen Tragesystem ausgestattet.<\/p>\n<p>Die Schulterriemen wurden dabei breiter und gepolstert. Und die Pads haben seitliche Trageschlaufen erhalten, mit welchen man die Matten am Boden liegend ziehen kann. Das Drop Zone beispielsweise hat zwei dieser Schlaufen.<\/p>\n<figure id=\"attachment_10703\" aria-describedby=\"caption-attachment-10703\" style=\"width: 400px\" class=\"wp-caption alignnone\"><a href=\"https:\/\/bolting.eu\/wp-content\/uploads\/2021\/11\/Black-Diamond-Drop-Zone-3.jpg\"><img loading=\"lazy\" decoding=\"async\" class=\"wp-image-10703 size-medium\" src=\"https:\/\/bolting.eu\/wp-content\/uploads\/2021\/11\/Black-Diamond-Drop-Zone-3-400x400.jpg\" alt=\"Das Bild zeigt einen Boulderer stehend it dunkelblauer Jacke, am R\u00fccken tr\u00e4gt er ein Black Diamond Drop Zone Crashpad.\" width=\"400\" height=\"400\" srcset=\"https:\/\/bolting.eu\/wp-content\/uploads\/2021\/11\/Black-Diamond-Drop-Zone-3-400x400.jpg 400w, https:\/\/bolting.eu\/wp-content\/uploads\/2021\/11\/Black-Diamond-Drop-Zone-3-100x100.jpg 100w, https:\/\/bolting.eu\/wp-content\/uploads\/2021\/11\/Black-Diamond-Drop-Zone-3-510x510.jpg 510w, https:\/\/bolting.eu\/wp-content\/uploads\/2021\/11\/Black-Diamond-Drop-Zone-3-280x280.jpg 280w, https:\/\/bolting.eu\/wp-content\/uploads\/2021\/11\/Black-Diamond-Drop-Zone-3-300x300.jpg 300w, https:\/\/bolting.eu\/wp-content\/uploads\/2021\/11\/Black-Diamond-Drop-Zone-3-600x600.jpg 600w, https:\/\/bolting.eu\/wp-content\/uploads\/2021\/11\/Black-Diamond-Drop-Zone-3.jpg 700w\" sizes=\"auto, (max-width: 400px) 100vw, 400px\" \/><\/a><figcaption id=\"caption-attachment-10703\" class=\"wp-caption-text\">Das neue, noch angenehmere Tragesystem des Drop Zone mit breiten Schulterriemen und H\u00fcftgurt.<\/figcaption><\/figure>\n<h4><strong>Unsere Praxis Tipps<\/strong><\/h4>\n<p>Damit ihr mit eurem Drop Zone lange viel Freude habt, geben wir euch diese Tipps:<\/p>\n<ul>\n<li>lagert euer Pad nur in sauberem und trockenem Zustand ein<\/li>\n<li>es zahlt sich aus den Landebereich von spitzen \u00c4sten und Steinen zu s\u00e4ubern (Gefahr Durchbohren der Au\u00dfenh\u00fclle!)<\/li>\n<li>hinsichtlich Haltbarkeit ist das lange Deponieren unter Felsbl\u00f6cken kontraproduktiv<\/li>\n<li>gro\u00dfe Hitze schadet den Schaumstoffen, deswegen niemals am Auto R\u00fccksitz oder bei Heizung lagern<\/li>\n<li>\u00fcberall wo m\u00f6glich, alte, &#8220;zusammengesprungene&#8221; Matten unter ein neues Pad legen<\/li>\n<\/ul>\n<figure id=\"attachment_10701\" aria-describedby=\"caption-attachment-10701\" style=\"width: 800px\" class=\"wp-caption alignnone\"><a href=\"https:\/\/bolting.eu\/wp-content\/uploads\/2021\/11\/Black-Diamond-Drop-Zone-5.jpg\"><img loading=\"lazy\" decoding=\"async\" class=\"wp-image-10701 size-full\" src=\"https:\/\/bolting.eu\/wp-content\/uploads\/2021\/11\/Black-Diamond-Drop-Zone-5.jpg\" alt=\"Das Bild zeigt einen Boulderer in Action \u00fcber drei Crash Pads in den Farben violett und blau.\" width=\"800\" height=\"533\" srcset=\"https:\/\/bolting.eu\/wp-content\/uploads\/2021\/11\/Black-Diamond-Drop-Zone-5.jpg 800w, https:\/\/bolting.eu\/wp-content\/uploads\/2021\/11\/Black-Diamond-Drop-Zone-5-510x340.jpg 510w, https:\/\/bolting.eu\/wp-content\/uploads\/2021\/11\/Black-Diamond-Drop-Zone-5-600x400.jpg 600w, https:\/\/bolting.eu\/wp-content\/uploads\/2021\/11\/Black-Diamond-Drop-Zone-5-768x512.jpg 768w\" sizes=\"auto, (max-width: 800px) 100vw, 800px\" \/><\/a><figcaption id=\"caption-attachment-10701\" class=\"wp-caption-text\">Beachtet unsere Praxis Tipps, damit ihr lange Freude an eurem Crashpad habt!<\/figcaption><\/figure>\n","protected":false},"excerpt":{"rendered":"<p>Die Black Diamond Drop Zone Bouldermatte ist ein klassisches Einsteigermodell bzw. sehr gutes Zweit-Pad.<\/p>\n<p>Eine ordentliche Gr\u00f6\u00dfe, hochwertiger Schaumstoff und die Taco Bauweise (durchgehende Landefl\u00e4che) zeichnen dieses Mid-Size Pad aus!<\/p>\n","protected":false},"featured_media":10702,"comment_status":"open","ping_status":"closed","template":"","meta":[],"product_brand":[],"product_cat":[4658,5284,6358,13906],"product_tag":[],"class_list":{"0":"post-10699","1":"product","2":"type-product","3":"status-publish","4":"has-post-thumbnail","6":"product_cat-black-diamond","7":"product_cat-boulder-ausruestung","8":"product_cat-bouldermatte","9":"product_cat-sperrgut-gross","11":"first","12":"instock","13":"sale","14":"taxable","15":"shipping-taxable","16":"purchasable","17":"product-type-simple"},"yoast_head":"<!-- This site is optimized with the Yoast SEO Premium plugin v26.9 (Yoast SEO v26.9) - https:\/\/yoast.com\/product\/yoast-seo-premium-wordpress\/ -->\n<title>Black Diamond Drop Zone - Taco Style Bouldermatte | bolting.eu<\/title>\n<meta name=\"description\" content=\"Hier findest Du die BLACK DIAMOND DROP ZONE Bouldermatte. Ein 122 x 104 x 9cm Taco-Style Crashpad mit durchgehender Landefl\u00e4che!\" \/>\n<meta name=\"robots\" content=\"index, follow, max-snippet:-1, max-image-preview:large, max-video-preview:-1\" \/>\n<link rel=\"canonical\" href=\"https:\/\/bolting.eu\/en\/shop\/black-diamond-drop-zone\/\" \/>\n<meta property=\"og:locale\" content=\"en_US\" \/>\n<meta property=\"og:type\" content=\"article\" \/>\n<meta property=\"og:title\" content=\"Black Diamond Drop Zone\" \/>\n<meta property=\"og:description\" content=\"Hier findest Du die BLACK DIAMOND DROP ZONE Bouldermatte. Ein 122 x 104 x 9cm Taco-Style Crashpad mit durchgehender Landefl\u00e4che!\" \/>\n<meta property=\"og:url\" content=\"https:\/\/bolting.eu\/en\/shop\/black-diamond-drop-zone\/\" \/>\n<meta property=\"og:site_name\" content=\"bolting.eu\" \/>\n<meta property=\"article:publisher\" content=\"https:\/\/www.facebook.com\/bolting.eu\" \/>\n<meta property=\"article:modified_time\" content=\"2023-03-15T14:32:23+00:00\" \/>\n<meta property=\"og:image\" content=\"https:\/\/bolting.eu\/wp-content\/uploads\/2021\/11\/Black-Diamond-Drop-Zone-4.jpg\" \/>\n\t<meta property=\"og:image:width\" content=\"700\" \/>\n\t<meta property=\"og:image:height\" content=\"700\" \/>\n\t<meta property=\"og:image:type\" content=\"image\/jpeg\" \/>\n<meta name=\"twitter:card\" content=\"summary_large_image\" \/>\n<meta name=\"twitter:label1\" content=\"Price\" \/>\n\t<meta name=\"twitter:data1\" content=\"&euro;&nbsp;260,00\" \/>\n\t<meta name=\"twitter:label2\" content=\"Availability\" \/>\n\t<meta name=\"twitter:data2\" content=\"In stock\" \/>\n<script type=\"application\/ld+json\" class=\"yoast-schema-graph\">{\"@context\":\"https:\/\/schema.org\",\"@graph\":[{\"@type\":[\"WebPage\",\"ItemPage\"],\"@id\":\"https:\/\/bolting.eu\/en\/shop\/black-diamond-drop-zone\/\",\"url\":\"https:\/\/bolting.eu\/en\/shop\/black-diamond-drop-zone\/\",\"name\":\"Black Diamond Drop Zone - Taco Style Bouldermatte | bolting.eu\",\"isPartOf\":{\"@id\":\"https:\/\/bolting.eu\/en\/#website\"},\"primaryImageOfPage\":{\"@id\":\"https:\/\/bolting.eu\/en\/shop\/black-diamond-drop-zone\/#primaryimage\"},\"image\":{\"@id\":\"https:\/\/bolting.eu\/en\/shop\/black-diamond-drop-zone\/#primaryimage\"},\"thumbnailUrl\":\"https:\/\/bolting.eu\/wp-content\/uploads\/2021\/11\/Black-Diamond-Drop-Zone-4.jpg\",\"datePublished\":\"2021-11-22T14:21:21+00:00\",\"dateModified\":\"2023-03-15T14:32:23+00:00\",\"description\":\"Hier findest Du die BLACK DIAMOND DROP ZONE Bouldermatte. Ein 122 x 104 x 9cm Taco-Style Crashpad mit durchgehender Landefl\u00e4che!\",\"breadcrumb\":{\"@id\":\"https:\/\/bolting.eu\/en\/shop\/black-diamond-drop-zone\/#breadcrumb\"},\"inLanguage\":\"en-US\",\"potentialAction\":[{\"@type\":\"ReadAction\",\"target\":[\"https:\/\/bolting.eu\/en\/shop\/black-diamond-drop-zone\/\"]}]},{\"@type\":\"ImageObject\",\"inLanguage\":\"en-US\",\"@id\":\"https:\/\/bolting.eu\/en\/shop\/black-diamond-drop-zone\/#primaryimage\",\"url\":\"https:\/\/bolting.eu\/wp-content\/uploads\/2021\/11\/Black-Diamond-Drop-Zone-4.jpg\",\"contentUrl\":\"https:\/\/bolting.eu\/wp-content\/uploads\/2021\/11\/Black-Diamond-Drop-Zone-4.jpg\",\"width\":700,\"height\":700,\"caption\":\"Das Bild zeigt die Black Diamond Drop Zone Bouldermatte in aufgelegtem Zustand in ihren drei Blaut\u00f6nen auf einem wei\u00dfem Quadrat.\"},{\"@type\":\"BreadcrumbList\",\"@id\":\"https:\/\/bolting.eu\/en\/shop\/black-diamond-drop-zone\/#breadcrumb\",\"itemListElement\":[{\"@type\":\"ListItem\",\"position\":1,\"name\":\"Shop\",\"item\":\"https:\/\/bolting.eu\/en\/shop\/\"},{\"@type\":\"ListItem\",\"position\":2,\"name\":\"Boulder Ausr\u00fcstung\",\"item\":\"https:\/\/bolting.eu\/produkt-kategorie\/boulder-ausruestung\/\"},{\"@type\":\"ListItem\",\"position\":3,\"name\":\"Bouldermatten\",\"item\":\"https:\/\/bolting.eu\/produkt-kategorie\/boulder-ausruestung\/bouldermatte\/\"},{\"@type\":\"ListItem\",\"position\":4,\"name\":\"Black Diamond Drop Zone\"}]},{\"@type\":\"WebSite\",\"@id\":\"https:\/\/bolting.eu\/en\/#website\",\"url\":\"https:\/\/bolting.eu\/en\/\",\"name\":\"bolting.eu\",\"description\":\"we make climbs happen\",\"publisher\":{\"@id\":\"https:\/\/bolting.eu\/en\/#organization\"},\"potentialAction\":[{\"@type\":\"SearchAction\",\"target\":{\"@type\":\"EntryPoint\",\"urlTemplate\":\"https:\/\/bolting.eu\/en\/?s={search_term_string}\"},\"query-input\":{\"@type\":\"PropertyValueSpecification\",\"valueRequired\":true,\"valueName\":\"search_term_string\"}}],\"inLanguage\":\"en-US\"},{\"@type\":[\"Organization\",\"Place\",\"SportingGoodsStore\"],\"@id\":\"https:\/\/bolting.eu\/en\/#organization\",\"name\":\"bolting.eu\",\"url\":\"https:\/\/bolting.eu\/en\/\",\"logo\":{\"@id\":\"https:\/\/bolting.eu\/en\/shop\/black-diamond-drop-zone\/#local-main-organization-logo\"},\"image\":{\"@id\":\"https:\/\/bolting.eu\/en\/shop\/black-diamond-drop-zone\/#local-main-organization-logo\"},\"sameAs\":[\"https:\/\/www.facebook.com\/bolting.eu\",\"https:\/\/www.instagram.com\/bolting.eu\/\"],\"address\":{\"@id\":\"https:\/\/bolting.eu\/en\/shop\/black-diamond-drop-zone\/#local-main-place-address\"},\"geo\":{\"@type\":\"GeoCoordinates\",\"latitude\":\"47.264176340396226\",\"longitude\":\"11.380109057672346\"},\"telephone\":[\"+43 699 19083372\"],\"openingHoursSpecification\":[{\"@type\":\"OpeningHoursSpecification\",\"dayOfWeek\":[\"Monday\",\"Wednesday\",\"Friday\"],\"opens\":\"14:00\",\"closes\":\"18:00\"},{\"@type\":\"OpeningHoursSpecification\",\"dayOfWeek\":[\"Tuesday\",\"Thursday\",\"Saturday\",\"Sunday\"],\"opens\":\"00:00\",\"closes\":\"00:00\"}],\"email\":\"office@bolting.eu\",\"vatID\":\"ATU59999728\",\"priceRange\":\"$$\",\"currenciesAccepted\":\"Euro\"},{\"@type\":\"PostalAddress\",\"@id\":\"https:\/\/bolting.eu\/en\/shop\/black-diamond-drop-zone\/#local-main-place-address\",\"streetAddress\":\"Fischnalerstra\u00dfe 4\",\"addressLocality\":\"Innsbruck\",\"postalCode\":\"6020\",\"addressRegion\":\"Tirol\",\"addressCountry\":\"AT\"},{\"@type\":\"ImageObject\",\"inLanguage\":\"en-US\",\"@id\":\"https:\/\/bolting.eu\/en\/shop\/black-diamond-drop-zone\/#local-main-organization-logo\",\"url\":\"https:\/\/bolting.eu\/wp-content\/uploads\/2019\/09\/bolting-logo.png\",\"contentUrl\":\"https:\/\/bolting.eu\/wp-content\/uploads\/2019\/09\/bolting-logo.png\",\"width\":400,\"height\":211,\"caption\":\"bolting.eu\"}]}<\/script>\n<meta property=\"product:price:amount\" content=\"260.00\" \/>\n<meta property=\"product:price:currency\" content=\"EUR\" \/>\n<meta property=\"og:availability\" content=\"instock\" \/>\n<meta property=\"product:availability\" content=\"instock\" \/>\n<meta property=\"product:retailer_item_id\" content=\"550808\" \/>\n<meta property=\"product:condition\" content=\"new\" \/>\n<meta name=\"geo.placename\" content=\"Innsbruck\" \/>\n<meta name=\"geo.position\" content=\"47.264176340396226;11.380109057672346\" \/>\n<meta name=\"geo.region\" content=\"Austria\" \/>\n<!-- \/ Yoast SEO Premium plugin. -->","yoast_head_json":{"title":"Black Diamond Drop Zone - Taco Style Bouldermatte | bolting.eu","description":"Hier findest Du die BLACK DIAMOND DROP ZONE Bouldermatte. Ein 122 x 104 x 9cm Taco-Style Crashpad mit durchgehender Landefl\u00e4che!","robots":{"index":"index","follow":"follow","max-snippet":"max-snippet:-1","max-image-preview":"max-image-preview:large","max-video-preview":"max-video-preview:-1"},"canonical":"https:\/\/bolting.eu\/en\/shop\/black-diamond-drop-zone\/","og_locale":"en_US","og_type":"article","og_title":"Black Diamond Drop Zone","og_description":"Hier findest Du die BLACK DIAMOND DROP ZONE Bouldermatte. Ein 122 x 104 x 9cm Taco-Style Crashpad mit durchgehender Landefl\u00e4che!","og_url":"https:\/\/bolting.eu\/en\/shop\/black-diamond-drop-zone\/","og_site_name":"bolting.eu","article_publisher":"https:\/\/www.facebook.com\/bolting.eu","article_modified_time":"2023-03-15T14:32:23+00:00","og_image":[{"width":700,"height":700,"url":"https:\/\/bolting.eu\/wp-content\/uploads\/2021\/11\/Black-Diamond-Drop-Zone-4.jpg","type":"image\/jpeg"}],"twitter_card":"summary_large_image","twitter_misc":{"Price":"&euro;&nbsp;260,00","Availability":"In stock"},"schema":{"@context":"https:\/\/schema.org","@graph":[{"@type":["WebPage","ItemPage"],"@id":"https:\/\/bolting.eu\/en\/shop\/black-diamond-drop-zone\/","url":"https:\/\/bolting.eu\/en\/shop\/black-diamond-drop-zone\/","name":"Black Diamond Drop Zone - Taco Style Bouldermatte | bolting.eu","isPartOf":{"@id":"https:\/\/bolting.eu\/en\/#website"},"primaryImageOfPage":{"@id":"https:\/\/bolting.eu\/en\/shop\/black-diamond-drop-zone\/#primaryimage"},"image":{"@id":"https:\/\/bolting.eu\/en\/shop\/black-diamond-drop-zone\/#primaryimage"},"thumbnailUrl":"https:\/\/bolting.eu\/wp-content\/uploads\/2021\/11\/Black-Diamond-Drop-Zone-4.jpg","datePublished":"2021-11-22T14:21:21+00:00","dateModified":"2023-03-15T14:32:23+00:00","description":"Hier findest Du die BLACK DIAMOND DROP ZONE Bouldermatte. Ein 122 x 104 x 9cm Taco-Style Crashpad mit durchgehender Landefl\u00e4che!","breadcrumb":{"@id":"https:\/\/bolting.eu\/en\/shop\/black-diamond-drop-zone\/#breadcrumb"},"inLanguage":"en-US","potentialAction":[{"@type":"ReadAction","target":["https:\/\/bolting.eu\/en\/shop\/black-diamond-drop-zone\/"]}]},{"@type":"ImageObject","inLanguage":"en-US","@id":"https:\/\/bolting.eu\/en\/shop\/black-diamond-drop-zone\/#primaryimage","url":"https:\/\/bolting.eu\/wp-content\/uploads\/2021\/11\/Black-Diamond-Drop-Zone-4.jpg","contentUrl":"https:\/\/bolting.eu\/wp-content\/uploads\/2021\/11\/Black-Diamond-Drop-Zone-4.jpg","width":700,"height":700,"caption":"Das Bild zeigt die Black Diamond Drop Zone Bouldermatte in aufgelegtem Zustand in ihren drei Blaut\u00f6nen auf einem wei\u00dfem Quadrat."},{"@type":"BreadcrumbList","@id":"https:\/\/bolting.eu\/en\/shop\/black-diamond-drop-zone\/#breadcrumb","itemListElement":[{"@type":"ListItem","position":1,"name":"Shop","item":"https:\/\/bolting.eu\/en\/shop\/"},{"@type":"ListItem","position":2,"name":"Boulder Ausr\u00fcstung","item":"https:\/\/bolting.eu\/produkt-kategorie\/boulder-ausruestung\/"},{"@type":"ListItem","position":3,"name":"Bouldermatten","item":"https:\/\/bolting.eu\/produkt-kategorie\/boulder-ausruestung\/bouldermatte\/"},{"@type":"ListItem","position":4,"name":"Black Diamond Drop Zone"}]},{"@type":"WebSite","@id":"https:\/\/bolting.eu\/en\/#website","url":"https:\/\/bolting.eu\/en\/","name":"bolting.eu","description":"we make climbs happen","publisher":{"@id":"https:\/\/bolting.eu\/en\/#organization"},"potentialAction":[{"@type":"SearchAction","target":{"@type":"EntryPoint","urlTemplate":"https:\/\/bolting.eu\/en\/?s={search_term_string}"},"query-input":{"@type":"PropertyValueSpecification","valueRequired":true,"valueName":"search_term_string"}}],"inLanguage":"en-US"},{"@type":["Organization","Place","SportingGoodsStore"],"@id":"https:\/\/bolting.eu\/en\/#organization","name":"bolting.eu","url":"https:\/\/bolting.eu\/en\/","logo":{"@id":"https:\/\/bolting.eu\/en\/shop\/black-diamond-drop-zone\/#local-main-organization-logo"},"image":{"@id":"https:\/\/bolting.eu\/en\/shop\/black-diamond-drop-zone\/#local-main-organization-logo"},"sameAs":["https:\/\/www.facebook.com\/bolting.eu","https:\/\/www.instagram.com\/bolting.eu\/"],"address":{"@id":"https:\/\/bolting.eu\/en\/shop\/black-diamond-drop-zone\/#local-main-place-address"},"geo":{"@type":"GeoCoordinates","latitude":"47.264176340396226","longitude":"11.380109057672346"},"telephone":["+43 699 19083372"],"openingHoursSpecification":[{"@type":"OpeningHoursSpecification","dayOfWeek":["Monday","Wednesday","Friday"],"opens":"14:00","closes":"18:00"},{"@type":"OpeningHoursSpecification","dayOfWeek":["Tuesday","Thursday","Saturday","Sunday"],"opens":"00:00","closes":"00:00"}],"email":"office@bolting.eu","vatID":"ATU59999728","priceRange":"$$","currenciesAccepted":"Euro"},{"@type":"PostalAddress","@id":"https:\/\/bolting.eu\/en\/shop\/black-diamond-drop-zone\/#local-main-place-address","streetAddress":"Fischnalerstra\u00dfe 4","addressLocality":"Innsbruck","postalCode":"6020","addressRegion":"Tirol","addressCountry":"AT"},{"@type":"ImageObject","inLanguage":"en-US","@id":"https:\/\/bolting.eu\/en\/shop\/black-diamond-drop-zone\/#local-main-organization-logo","url":"https:\/\/bolting.eu\/wp-content\/uploads\/2019\/09\/bolting-logo.png","contentUrl":"https:\/\/bolting.eu\/wp-content\/uploads\/2019\/09\/bolting-logo.png","width":400,"height":211,"caption":"bolting.eu"}]},"product_price_amount":"260.00","product_price_currency":"EUR","og_availability":"instock","product_availability":"instock","product_retailer_item_id":"550808","product_condition":"new","geo.placename":"Innsbruck","geo.position":{"lat":"47.264176340396226","long":"11.380109057672346"},"geo.region":"Austria"},"_links":{"self":[{"href":"https:\/\/bolting.eu\/en\/wp-json\/wp\/v2\/product\/10699","targetHints":{"allow":["GET"]}}],"collection":[{"href":"https:\/\/bolting.eu\/en\/wp-json\/wp\/v2\/product"}],"about":[{"href":"https:\/\/bolting.eu\/en\/wp-json\/wp\/v2\/types\/product"}],"replies":[{"embeddable":true,"href":"https:\/\/bolting.eu\/en\/wp-json\/wp\/v2\/comments?post=10699"}],"wp:featuredmedia":[{"embeddable":true,"href":"https:\/\/bolting.eu\/en\/wp-json\/wp\/v2\/media\/10702"}],"wp:attachment":[{"href":"https:\/\/bolting.eu\/en\/wp-json\/wp\/v2\/media?parent=10699"}],"wp:term":[{"taxonomy":"product_brand","embeddable":true,"href":"https:\/\/bolting.eu\/en\/wp-json\/wp\/v2\/product_brand?post=10699"},{"taxonomy":"product_cat","embeddable":true,"href":"https:\/\/bolting.eu\/en\/wp-json\/wp\/v2\/product_cat?post=10699"},{"taxonomy":"product_tag","embeddable":true,"href":"https:\/\/bolting.eu\/en\/wp-json\/wp\/v2\/product_tag?post=10699"}],"curies":[{"name":"wp","href":"https:\/\/api.w.org\/{rel}","templated":true}]}}