{"id":10694,"date":"2021-11-22T13:35:56","date_gmt":"2021-11-22T12:35:56","guid":{"rendered":"https:\/\/bolting.eu\/?post_type=product&#038;p=10694"},"modified":"2025-09-10T15:25:28","modified_gmt":"2025-09-10T13:25:28","slug":"black-diamond-stopper-set-classic","status":"publish","type":"product","link":"https:\/\/bolting.eu\/en\/shop\/black-diamond-stopper-set-classic\/","title":{"rendered":"Black Diamond Stopper Set Classic"},"content":{"rendered":"<p>Das Black Diamond Stopper Set Classic ist ein <a href=\"https:\/\/bolting.eu\/produkt-kategorie\/klemmkeile\/\">Klemmkeil<\/a>-Set f\u00fcr Allround Kletterer. Es besteht aus den Gr\u00f6\u00dfen #5 &#8211; #11, hat also <strong>sieben verschiedene Keil Gr\u00f6\u00dfen<\/strong>.<\/p>\n<p>Dieses Klemmkeile Set deckt somit sehr viele Placements ab. Es sollte in der Regel f\u00fcr alle normalen <strong>Allround Anwendungen beim Alpinklettern oder Trad Klettern ausreichen<\/strong>.<\/p>\n<p>Die nicht im Set enthaltenen Gr\u00f6\u00dfen sind zum einen #1 &#8211; #4. Das sind sehr kleine Keile und etwas f\u00fcr Techno Kletterer. D.h. diese sollte niemand so schnell vermissen. Die Gr\u00f6\u00dfen #12 und #13 sind sehr gro\u00dfe Keile. Wer diese unbedingt haben will muss zum &#8220;Stopper Set #4 &#8211; #13&#8221; greifen.<\/p>\n<figure id=\"attachment_10698\" aria-describedby=\"caption-attachment-10698\" style=\"width: 467px\" class=\"wp-caption alignnone\"><a href=\"https:\/\/bolting.eu\/wp-content\/uploads\/2021\/11\/Maltatal_Kletterfu\u0308hrer_GerhardSchaar_Kreuzwand_SuperGau6ctrad_by_PhilippReindl_2.jpg\"><img loading=\"lazy\" decoding=\"async\" class=\"wp-image-10698 size-full\" src=\"https:\/\/bolting.eu\/wp-content\/uploads\/2021\/11\/Maltatal_Kletterfu\u0308hrer_GerhardSchaar_Kreuzwand_SuperGau6ctrad_by_PhilippReindl_2.jpg\" alt=\"Das Bild zeigt einen Kletterer in einerFelswand mit markanten Riss wo er einen Klemmkeil legt.\" width=\"467\" height=\"700\" srcset=\"https:\/\/bolting.eu\/wp-content\/uploads\/2021\/11\/Maltatal_Kletterfu\u0308hrer_GerhardSchaar_Kreuzwand_SuperGau6ctrad_by_PhilippReindl_2.jpg 467w, https:\/\/bolting.eu\/wp-content\/uploads\/2021\/11\/Maltatal_Kletterfu\u0308hrer_GerhardSchaar_Kreuzwand_SuperGau6ctrad_by_PhilippReindl_2-267x400.jpg 267w\" sizes=\"auto, (max-width: 467px) 100vw, 467px\" \/><\/a><figcaption id=\"caption-attachment-10698\" class=\"wp-caption-text\">F\u00fcr leichte Trad und Alpinrouten ist das Set perfekt geeignet! bolting.eu Mastermind Gerhard Schaar im &#8220;Supergau&#8221; 8- im Maltatal. Foto: Phillip Reindl<\/figcaption><\/figure>\n<h2>Eigenschaften Black Diamond Stopper Set Classic<\/h2>\n<ul>\n<li>Hersteller: <a href=\"https:\/\/bolting.eu\/produkt-kategorie\/black-diamond\/\">Black Diamond<\/a><\/li>\n<li>Gr\u00f6\u00dfen: #5 &#8211; #11<\/li>\n<li>Gewicht: 281 Gramm<\/li>\n<li>Material Kopf: Alu-Legierung<\/li>\n<li>Material Drahtschlinge: verzinktes, gesenkgeschmiedetes Stahlkabel<\/li>\n<li>abgerundete Kanten erleichtert Abbau<\/li>\n<li>querverlaufende Delle f\u00fcr multidirektionale Placements<\/li>\n<li>anodisiert<\/li>\n<li>farblich markiert<\/li>\n<li>Stahldraht Kabel<\/li>\n<li>Lieferumfang inkl. LiteWire <a href=\"https:\/\/bolting.eu\/produkt-kategorie\/kletterausruestung\/kletterkarabiner\/\">Kletterkarabiner<\/a><br \/>\nzum Anh\u00e4ngen am <a href=\"https:\/\/bolting.eu\/produkt-kategorie\/kletterausruestung\/klettergurte\/\">Kettergurt<\/a><\/li>\n<li>f\u00fcr sicheren Halt lange <a href=\"https:\/\/bolting.eu\/produkt-kategorie\/kletterausruestung\/expressschlingen\/\">Expressschlinge<\/a> einh\u00e4ngen<\/li>\n<li><a href=\"https:\/\/blackdiamond-web.cdn.prismic.io\/blackdiamond-web\/ccc37efb-9411-4815-a92c-f9ccad3140a7_M10587_D+Passive+Pro+IS-WEB.pdf\" target=\"_blank\" rel=\"noopener\">Bedienungsanleitung<\/a><\/li>\n<\/ul>\n<h3>Gr\u00f6\u00dfen\u00fcbersicht<\/h3>\n<p>Hier bekommst du eine \u00dcbersicht zu den einzelnen Gr\u00f6\u00dfen des Black Diamond Stopper Set Classic.<\/p>\n<table width=\"349\">\n<tbody>\n<tr>\n<td style=\"text-align: center;\" colspan=\"4\" width=\"349\"><strong>Gr\u00f6\u00dfen\u00fcbersicht Black Diamond Klemmkeile<\/strong><\/td>\n<\/tr>\n<tr>\n<td style=\"text-align: center;\">Gr\u00f6\u00dfe<\/td>\n<td style=\"text-align: center;\">Dimensionen<\/td>\n<td style=\"text-align: center;\">Gewicht<\/td>\n<td style=\"text-align: center;\">Bruchlast<\/td>\n<\/tr>\n<tr>\n<td style=\"text-align: center;\">#5<\/td>\n<td style=\"text-align: center;\">6,9 &#8211; 12,4mm<\/td>\n<td style=\"text-align: center;\">18 Gramm<\/td>\n<td style=\"text-align: center;\">6kN<\/td>\n<\/tr>\n<tr>\n<td style=\"text-align: center;\">#6<\/td>\n<td style=\"text-align: center;\">8,4 &#8211; 13,5mm<\/td>\n<td style=\"text-align: center;\">32 Gramm<\/td>\n<td style=\"text-align: center;\">6kN<\/td>\n<\/tr>\n<tr>\n<td style=\"text-align: center;\">#7<\/td>\n<td style=\"text-align: center;\">10,2 &#8211; 15,5mm<\/td>\n<td style=\"text-align: center;\">34 Gramm<\/td>\n<td style=\"text-align: center;\">10kN<\/td>\n<\/tr>\n<tr>\n<td style=\"text-align: center;\">#8<\/td>\n<td style=\"text-align: center;\">11,7 &#8211; 16,3mm<\/td>\n<td style=\"text-align: center;\">37 Gramm<\/td>\n<td style=\"text-align: center;\">10kN<\/td>\n<\/tr>\n<tr>\n<td style=\"text-align: center;\">#9<\/td>\n<td style=\"text-align: center;\">13,5 &#8211; 18,3mm<\/td>\n<td style=\"text-align: center;\">39 Gramm<\/td>\n<td style=\"text-align: center;\">10kN<\/td>\n<\/tr>\n<tr>\n<td style=\"text-align: center;\">#10<\/td>\n<td style=\"text-align: center;\">15,2 &#8211; 20,8mm<\/td>\n<td style=\"text-align: center;\">43 Gramm<\/td>\n<td style=\"text-align: center;\">10kN<\/td>\n<\/tr>\n<tr>\n<td style=\"text-align: center;\">#11<\/td>\n<td style=\"text-align: center;\">17,3 &#8211; 23,4mm<\/td>\n<td style=\"text-align: center;\">51 Gramm<\/td>\n<td style=\"text-align: center;\">10kN<\/td>\n<\/tr>\n<\/tbody>\n<\/table>\n<p>&nbsp;<\/p>\n<h3>Ausscheiden Klemmkeile<\/h3>\n<p>Die Keile haben wie alle &#8220;Nuts&#8221; eine begrenzte Lebensdauer. Je nach H\u00e4ufigkeit bzw. Intensit\u00e4t der Verwendung, muss man sie irgendwann mal ausscheiden.<\/p>\n<p>Beachtet dabei! Nur weil sie noch halbwegs ausschauen, hei\u00dft es nicht dass sie den Normanforderungen noch entsprechen. Beispielsweise kann man sich noch problemlos in einen ganz alten Keil setzen, um darin zu rasten. Aber einen harten Sturz kann er z.B. schon nicht mehr aushalten.<\/p>\n<p>Deswegen unsere Empfehlungen f\u00fcr das Black Diamond Stopper Set Classic:<\/p>\n<ul>\n<li>automatischer Austausch nach 10 Jahren bei seltener Verwendung<\/li>\n<li>immer sofort ausscheiden wenn Stahlkabel geknickt ist!<\/li>\n<li>bei Rissen in den K\u00f6pfen ebenso sofort wegwerfen<\/li>\n<li>bei abstehenden Dr\u00e4hten des Stahlkabels ist der Keil unbrauchbar<\/li>\n<li>starke Deformierungen des Alu Kopfes sind Alarmzeichen --> austauschen!<\/li>\n<li>bei Verwendung des <a href=\"https:\/\/bolting.eu\/produkt-kategorie\/klemmkeile\/klemmkeilentferner\/\">Klemmkeilentferners<\/a> vorsichtig vorgehen<\/li>\n<\/ul>\n<figure id=\"attachment_10697\" aria-describedby=\"caption-attachment-10697\" style=\"width: 800px\" class=\"wp-caption alignnone\"><a href=\"https:\/\/bolting.eu\/wp-content\/uploads\/2021\/11\/black-diamond-stopper-set-classic-3.jpg\"><img loading=\"lazy\" decoding=\"async\" class=\"wp-image-10697 size-full\" src=\"https:\/\/bolting.eu\/wp-content\/uploads\/2021\/11\/black-diamond-stopper-set-classic-3.jpg\" alt=\"Das Bild zeigt eine Grafik von Sch\u00e4den an Klemmkeilen des Black Diamond Stopper Set Classic, bei denen sie sofort auszuscheiden sind.\" width=\"800\" height=\"292\" srcset=\"https:\/\/bolting.eu\/wp-content\/uploads\/2021\/11\/black-diamond-stopper-set-classic-3.jpg 800w, https:\/\/bolting.eu\/wp-content\/uploads\/2021\/11\/black-diamond-stopper-set-classic-3-510x186.jpg 510w, https:\/\/bolting.eu\/wp-content\/uploads\/2021\/11\/black-diamond-stopper-set-classic-3-768x280.jpg 768w, https:\/\/bolting.eu\/wp-content\/uploads\/2021\/11\/black-diamond-stopper-set-classic-3-600x219.jpg 600w\" sizes=\"auto, (max-width: 800px) 100vw, 800px\" \/><\/a><figcaption id=\"caption-attachment-10697\" class=\"wp-caption-text\">Bei diesen Sch\u00e4den sind Klemmkeile auszusondern!<\/figcaption><\/figure>\n","protected":false},"excerpt":{"rendered":"<p>Klassisches Klemmkeile Set mit <strong>7 mittleren Gr\u00f6\u00dfen inkl. Karabiner<\/strong>. Ideal als <strong>Allround Set f\u00fcr sporadisches Trad- und Alpinklettern<\/strong>.<\/p>\n<p>Anodisiert mit eigenen Farben f\u00fcr jede Gr\u00f6\u00dfe, ein echter &#8220;Klassiker&#8221;!<\/p>\n","protected":false},"featured_media":10696,"comment_status":"open","ping_status":"closed","template":"","meta":[],"product_brand":[],"product_cat":[29,3712,4658],"product_tag":[],"class_list":{"0":"post-10694","1":"product","2":"type-product","3":"status-publish","4":"has-post-thumbnail","6":"product_cat-kletterausruestung","7":"product_cat-klemmkeile","8":"product_cat-black-diamond","10":"first","11":"instock","12":"sale","13":"taxable","14":"shipping-taxable","15":"purchasable","16":"product-type-simple"},"yoast_head":"<!-- This site is optimized with the Yoast SEO Premium plugin v26.9 (Yoast SEO v26.9) - https:\/\/yoast.com\/product\/yoast-seo-premium-wordpress\/ -->\n<title>Black Diamond Stopper Set Classic #5 - #11 - Klemmkeil Set | bolting.eu<\/title>\n<meta name=\"description\" content=\"Hier findest Du das BLACK DIAMOND STOPPER SET CLASSIC. Ein klassisches Klemmkeil Set #5 - #11 f\u00fcr Allround Trad- und Alpinkletterer.\" \/>\n<meta name=\"robots\" content=\"index, follow, max-snippet:-1, max-image-preview:large, max-video-preview:-1\" \/>\n<link rel=\"canonical\" href=\"https:\/\/bolting.eu\/en\/shop\/black-diamond-stopper-set-classic\/\" \/>\n<meta property=\"og:locale\" content=\"en_US\" \/>\n<meta property=\"og:type\" content=\"article\" \/>\n<meta property=\"og:title\" content=\"Black Diamond Stopper Set Classic\" \/>\n<meta property=\"og:description\" content=\"Hier findest Du das BLACK DIAMOND STOPPER SET CLASSIC. Ein klassisches Klemmkeil Set #5 - #11 f\u00fcr Allround Trad- und Alpinkletterer.\" \/>\n<meta property=\"og:url\" content=\"https:\/\/bolting.eu\/en\/shop\/black-diamond-stopper-set-classic\/\" \/>\n<meta property=\"og:site_name\" content=\"bolting.eu\" \/>\n<meta property=\"article:publisher\" content=\"https:\/\/www.facebook.com\/bolting.eu\" \/>\n<meta property=\"article:modified_time\" content=\"2025-09-10T13:25:28+00:00\" \/>\n<meta property=\"og:image\" content=\"https:\/\/bolting.eu\/wp-content\/uploads\/2021\/11\/black-diamond-stopper-set-classic-5-11.jpg\" \/>\n\t<meta property=\"og:image:width\" content=\"700\" \/>\n\t<meta property=\"og:image:height\" content=\"700\" \/>\n\t<meta property=\"og:image:type\" content=\"image\/jpeg\" \/>\n<meta name=\"twitter:card\" content=\"summary_large_image\" \/>\n<meta name=\"twitter:label1\" content=\"Price\" \/>\n\t<meta name=\"twitter:data1\" content=\"&euro;&nbsp;80,00\" \/>\n\t<meta name=\"twitter:label2\" content=\"Availability\" \/>\n\t<meta name=\"twitter:data2\" content=\"In stock\" \/>\n<script type=\"application\/ld+json\" class=\"yoast-schema-graph\">{\"@context\":\"https:\/\/schema.org\",\"@graph\":[{\"@type\":[\"WebPage\",\"ItemPage\"],\"@id\":\"https:\/\/bolting.eu\/en\/shop\/black-diamond-stopper-set-classic\/\",\"url\":\"https:\/\/bolting.eu\/en\/shop\/black-diamond-stopper-set-classic\/\",\"name\":\"Black Diamond Stopper Set Classic #5 - #11 - Klemmkeil Set | bolting.eu\",\"isPartOf\":{\"@id\":\"https:\/\/bolting.eu\/en\/#website\"},\"primaryImageOfPage\":{\"@id\":\"https:\/\/bolting.eu\/en\/shop\/black-diamond-stopper-set-classic\/#primaryimage\"},\"image\":{\"@id\":\"https:\/\/bolting.eu\/en\/shop\/black-diamond-stopper-set-classic\/#primaryimage\"},\"thumbnailUrl\":\"https:\/\/bolting.eu\/wp-content\/uploads\/2021\/11\/black-diamond-stopper-set-classic-5-11.jpg\",\"datePublished\":\"2021-11-22T12:35:56+00:00\",\"dateModified\":\"2025-09-10T13:25:28+00:00\",\"description\":\"Hier findest Du das BLACK DIAMOND STOPPER SET CLASSIC. Ein klassisches Klemmkeil Set #5 - #11 f\u00fcr Allround Trad- und Alpinkletterer.\",\"breadcrumb\":{\"@id\":\"https:\/\/bolting.eu\/en\/shop\/black-diamond-stopper-set-classic\/#breadcrumb\"},\"inLanguage\":\"en-US\",\"potentialAction\":[{\"@type\":\"ReadAction\",\"target\":[\"https:\/\/bolting.eu\/en\/shop\/black-diamond-stopper-set-classic\/\"]}]},{\"@type\":\"ImageObject\",\"inLanguage\":\"en-US\",\"@id\":\"https:\/\/bolting.eu\/en\/shop\/black-diamond-stopper-set-classic\/#primaryimage\",\"url\":\"https:\/\/bolting.eu\/wp-content\/uploads\/2021\/11\/black-diamond-stopper-set-classic-5-11.jpg\",\"contentUrl\":\"https:\/\/bolting.eu\/wp-content\/uploads\/2021\/11\/black-diamond-stopper-set-classic-5-11.jpg\",\"width\":700,\"height\":700,\"caption\":\"Das Bild zeigt ein Black Diamond Stopper Set Classic mit sieben Keilen in einzelnen FArben und einen schwarzen Karabiner.\"},{\"@type\":\"BreadcrumbList\",\"@id\":\"https:\/\/bolting.eu\/en\/shop\/black-diamond-stopper-set-classic\/#breadcrumb\",\"itemListElement\":[{\"@type\":\"ListItem\",\"position\":1,\"name\":\"Shop\",\"item\":\"https:\/\/bolting.eu\/en\/shop\/\"},{\"@type\":\"ListItem\",\"position\":2,\"name\":\"Klemmkeile\",\"item\":\"https:\/\/bolting.eu\/produkt-kategorie\/klemmkeile\/\"},{\"@type\":\"ListItem\",\"position\":3,\"name\":\"Black Diamond Stopper Set Classic\"}]},{\"@type\":\"WebSite\",\"@id\":\"https:\/\/bolting.eu\/en\/#website\",\"url\":\"https:\/\/bolting.eu\/en\/\",\"name\":\"bolting.eu\",\"description\":\"we make climbs happen\",\"publisher\":{\"@id\":\"https:\/\/bolting.eu\/en\/#organization\"},\"potentialAction\":[{\"@type\":\"SearchAction\",\"target\":{\"@type\":\"EntryPoint\",\"urlTemplate\":\"https:\/\/bolting.eu\/en\/?s={search_term_string}\"},\"query-input\":{\"@type\":\"PropertyValueSpecification\",\"valueRequired\":true,\"valueName\":\"search_term_string\"}}],\"inLanguage\":\"en-US\"},{\"@type\":[\"Organization\",\"Place\",\"SportingGoodsStore\"],\"@id\":\"https:\/\/bolting.eu\/en\/#organization\",\"name\":\"bolting.eu\",\"url\":\"https:\/\/bolting.eu\/en\/\",\"logo\":{\"@id\":\"https:\/\/bolting.eu\/en\/shop\/black-diamond-stopper-set-classic\/#local-main-organization-logo\"},\"image\":{\"@id\":\"https:\/\/bolting.eu\/en\/shop\/black-diamond-stopper-set-classic\/#local-main-organization-logo\"},\"sameAs\":[\"https:\/\/www.facebook.com\/bolting.eu\",\"https:\/\/www.instagram.com\/bolting.eu\/\"],\"address\":{\"@id\":\"https:\/\/bolting.eu\/en\/shop\/black-diamond-stopper-set-classic\/#local-main-place-address\"},\"geo\":{\"@type\":\"GeoCoordinates\",\"latitude\":\"47.264176340396226\",\"longitude\":\"11.380109057672346\"},\"telephone\":[\"+43 699 19083372\"],\"openingHoursSpecification\":[{\"@type\":\"OpeningHoursSpecification\",\"dayOfWeek\":[\"Monday\",\"Wednesday\",\"Friday\"],\"opens\":\"14:00\",\"closes\":\"18:00\"},{\"@type\":\"OpeningHoursSpecification\",\"dayOfWeek\":[\"Tuesday\",\"Thursday\",\"Saturday\",\"Sunday\"],\"opens\":\"00:00\",\"closes\":\"00:00\"}],\"email\":\"office@bolting.eu\",\"vatID\":\"ATU59999728\",\"priceRange\":\"$$\",\"currenciesAccepted\":\"Euro\"},{\"@type\":\"PostalAddress\",\"@id\":\"https:\/\/bolting.eu\/en\/shop\/black-diamond-stopper-set-classic\/#local-main-place-address\",\"streetAddress\":\"Fischnalerstra\u00dfe 4\",\"addressLocality\":\"Innsbruck\",\"postalCode\":\"6020\",\"addressRegion\":\"Tirol\",\"addressCountry\":\"AT\"},{\"@type\":\"ImageObject\",\"inLanguage\":\"en-US\",\"@id\":\"https:\/\/bolting.eu\/en\/shop\/black-diamond-stopper-set-classic\/#local-main-organization-logo\",\"url\":\"https:\/\/bolting.eu\/wp-content\/uploads\/2019\/09\/bolting-logo.png\",\"contentUrl\":\"https:\/\/bolting.eu\/wp-content\/uploads\/2019\/09\/bolting-logo.png\",\"width\":400,\"height\":211,\"caption\":\"bolting.eu\"}]}<\/script>\n<meta property=\"product:price:amount\" content=\"80.00\" \/>\n<meta property=\"product:price:currency\" content=\"EUR\" \/>\n<meta property=\"og:availability\" content=\"instock\" \/>\n<meta property=\"product:availability\" content=\"instock\" \/>\n<meta property=\"product:retailer_item_id\" content=\"225123\" \/>\n<meta property=\"product:condition\" content=\"new\" \/>\n<meta name=\"geo.placename\" content=\"Innsbruck\" \/>\n<meta name=\"geo.position\" content=\"47.264176340396226;11.380109057672346\" \/>\n<meta name=\"geo.region\" content=\"Austria\" \/>\n<!-- \/ Yoast SEO Premium plugin. -->","yoast_head_json":{"title":"Black Diamond Stopper Set Classic #5 - #11 - Klemmkeil Set | bolting.eu","description":"Hier findest Du das BLACK DIAMOND STOPPER SET CLASSIC. Ein klassisches Klemmkeil Set #5 - #11 f\u00fcr Allround Trad- und Alpinkletterer.","robots":{"index":"index","follow":"follow","max-snippet":"max-snippet:-1","max-image-preview":"max-image-preview:large","max-video-preview":"max-video-preview:-1"},"canonical":"https:\/\/bolting.eu\/en\/shop\/black-diamond-stopper-set-classic\/","og_locale":"en_US","og_type":"article","og_title":"Black Diamond Stopper Set Classic","og_description":"Hier findest Du das BLACK DIAMOND STOPPER SET CLASSIC. Ein klassisches Klemmkeil Set #5 - #11 f\u00fcr Allround Trad- und Alpinkletterer.","og_url":"https:\/\/bolting.eu\/en\/shop\/black-diamond-stopper-set-classic\/","og_site_name":"bolting.eu","article_publisher":"https:\/\/www.facebook.com\/bolting.eu","article_modified_time":"2025-09-10T13:25:28+00:00","og_image":[{"width":700,"height":700,"url":"https:\/\/bolting.eu\/wp-content\/uploads\/2021\/11\/black-diamond-stopper-set-classic-5-11.jpg","type":"image\/jpeg"}],"twitter_card":"summary_large_image","twitter_misc":{"Price":"&euro;&nbsp;80,00","Availability":"In stock"},"schema":{"@context":"https:\/\/schema.org","@graph":[{"@type":["WebPage","ItemPage"],"@id":"https:\/\/bolting.eu\/en\/shop\/black-diamond-stopper-set-classic\/","url":"https:\/\/bolting.eu\/en\/shop\/black-diamond-stopper-set-classic\/","name":"Black Diamond Stopper Set Classic #5 - #11 - Klemmkeil Set | bolting.eu","isPartOf":{"@id":"https:\/\/bolting.eu\/en\/#website"},"primaryImageOfPage":{"@id":"https:\/\/bolting.eu\/en\/shop\/black-diamond-stopper-set-classic\/#primaryimage"},"image":{"@id":"https:\/\/bolting.eu\/en\/shop\/black-diamond-stopper-set-classic\/#primaryimage"},"thumbnailUrl":"https:\/\/bolting.eu\/wp-content\/uploads\/2021\/11\/black-diamond-stopper-set-classic-5-11.jpg","datePublished":"2021-11-22T12:35:56+00:00","dateModified":"2025-09-10T13:25:28+00:00","description":"Hier findest Du das BLACK DIAMOND STOPPER SET CLASSIC. Ein klassisches Klemmkeil Set #5 - #11 f\u00fcr Allround Trad- und Alpinkletterer.","breadcrumb":{"@id":"https:\/\/bolting.eu\/en\/shop\/black-diamond-stopper-set-classic\/#breadcrumb"},"inLanguage":"en-US","potentialAction":[{"@type":"ReadAction","target":["https:\/\/bolting.eu\/en\/shop\/black-diamond-stopper-set-classic\/"]}]},{"@type":"ImageObject","inLanguage":"en-US","@id":"https:\/\/bolting.eu\/en\/shop\/black-diamond-stopper-set-classic\/#primaryimage","url":"https:\/\/bolting.eu\/wp-content\/uploads\/2021\/11\/black-diamond-stopper-set-classic-5-11.jpg","contentUrl":"https:\/\/bolting.eu\/wp-content\/uploads\/2021\/11\/black-diamond-stopper-set-classic-5-11.jpg","width":700,"height":700,"caption":"Das Bild zeigt ein Black Diamond Stopper Set Classic mit sieben Keilen in einzelnen FArben und einen schwarzen Karabiner."},{"@type":"BreadcrumbList","@id":"https:\/\/bolting.eu\/en\/shop\/black-diamond-stopper-set-classic\/#breadcrumb","itemListElement":[{"@type":"ListItem","position":1,"name":"Shop","item":"https:\/\/bolting.eu\/en\/shop\/"},{"@type":"ListItem","position":2,"name":"Klemmkeile","item":"https:\/\/bolting.eu\/produkt-kategorie\/klemmkeile\/"},{"@type":"ListItem","position":3,"name":"Black Diamond Stopper Set Classic"}]},{"@type":"WebSite","@id":"https:\/\/bolting.eu\/en\/#website","url":"https:\/\/bolting.eu\/en\/","name":"bolting.eu","description":"we make climbs happen","publisher":{"@id":"https:\/\/bolting.eu\/en\/#organization"},"potentialAction":[{"@type":"SearchAction","target":{"@type":"EntryPoint","urlTemplate":"https:\/\/bolting.eu\/en\/?s={search_term_string}"},"query-input":{"@type":"PropertyValueSpecification","valueRequired":true,"valueName":"search_term_string"}}],"inLanguage":"en-US"},{"@type":["Organization","Place","SportingGoodsStore"],"@id":"https:\/\/bolting.eu\/en\/#organization","name":"bolting.eu","url":"https:\/\/bolting.eu\/en\/","logo":{"@id":"https:\/\/bolting.eu\/en\/shop\/black-diamond-stopper-set-classic\/#local-main-organization-logo"},"image":{"@id":"https:\/\/bolting.eu\/en\/shop\/black-diamond-stopper-set-classic\/#local-main-organization-logo"},"sameAs":["https:\/\/www.facebook.com\/bolting.eu","https:\/\/www.instagram.com\/bolting.eu\/"],"address":{"@id":"https:\/\/bolting.eu\/en\/shop\/black-diamond-stopper-set-classic\/#local-main-place-address"},"geo":{"@type":"GeoCoordinates","latitude":"47.264176340396226","longitude":"11.380109057672346"},"telephone":["+43 699 19083372"],"openingHoursSpecification":[{"@type":"OpeningHoursSpecification","dayOfWeek":["Monday","Wednesday","Friday"],"opens":"14:00","closes":"18:00"},{"@type":"OpeningHoursSpecification","dayOfWeek":["Tuesday","Thursday","Saturday","Sunday"],"opens":"00:00","closes":"00:00"}],"email":"office@bolting.eu","vatID":"ATU59999728","priceRange":"$$","currenciesAccepted":"Euro"},{"@type":"PostalAddress","@id":"https:\/\/bolting.eu\/en\/shop\/black-diamond-stopper-set-classic\/#local-main-place-address","streetAddress":"Fischnalerstra\u00dfe 4","addressLocality":"Innsbruck","postalCode":"6020","addressRegion":"Tirol","addressCountry":"AT"},{"@type":"ImageObject","inLanguage":"en-US","@id":"https:\/\/bolting.eu\/en\/shop\/black-diamond-stopper-set-classic\/#local-main-organization-logo","url":"https:\/\/bolting.eu\/wp-content\/uploads\/2019\/09\/bolting-logo.png","contentUrl":"https:\/\/bolting.eu\/wp-content\/uploads\/2019\/09\/bolting-logo.png","width":400,"height":211,"caption":"bolting.eu"}]},"product_price_amount":"80.00","product_price_currency":"EUR","og_availability":"instock","product_availability":"instock","product_retailer_item_id":"225123","product_condition":"new","geo.placename":"Innsbruck","geo.position":{"lat":"47.264176340396226","long":"11.380109057672346"},"geo.region":"Austria"},"_links":{"self":[{"href":"https:\/\/bolting.eu\/en\/wp-json\/wp\/v2\/product\/10694","targetHints":{"allow":["GET"]}}],"collection":[{"href":"https:\/\/bolting.eu\/en\/wp-json\/wp\/v2\/product"}],"about":[{"href":"https:\/\/bolting.eu\/en\/wp-json\/wp\/v2\/types\/product"}],"replies":[{"embeddable":true,"href":"https:\/\/bolting.eu\/en\/wp-json\/wp\/v2\/comments?post=10694"}],"wp:featuredmedia":[{"embeddable":true,"href":"https:\/\/bolting.eu\/en\/wp-json\/wp\/v2\/media\/10696"}],"wp:attachment":[{"href":"https:\/\/bolting.eu\/en\/wp-json\/wp\/v2\/media?parent=10694"}],"wp:term":[{"taxonomy":"product_brand","embeddable":true,"href":"https:\/\/bolting.eu\/en\/wp-json\/wp\/v2\/product_brand?post=10694"},{"taxonomy":"product_cat","embeddable":true,"href":"https:\/\/bolting.eu\/en\/wp-json\/wp\/v2\/product_cat?post=10694"},{"taxonomy":"product_tag","embeddable":true,"href":"https:\/\/bolting.eu\/en\/wp-json\/wp\/v2\/product_tag?post=10694"}],"curies":[{"name":"wp","href":"https:\/\/api.w.org\/{rel}","templated":true}]}}